{"id":9999,"date":"2022-05-30T13:30:50","date_gmt":"2022-05-30T11:30:50","guid":{"rendered":"https:\/\/strangercam.com\/?page_id=9999"},"modified":"2023-08-21T12:24:41","modified_gmt":"2023-08-21T10:24:41","slug":"chatplanet","status":"publish","type":"page","link":"https:\/\/strangercam.com\/tr\/chatplanet\/","title":{"rendered":"Chatplanet"},"content":{"rendered":"<p>Chatplanet arkada\u015fl\u0131k uygulamas\u0131, \u00e7evrimi\u00e7i en \u00fcnl\u00fc arkada\u015fl\u0131k uygulamalar\u0131ndan biridir. Bu, d\u00fcnyan\u0131n her yerinden rastgele ki\u015filerle sohbet etmek i\u00e7in kullan\u0131m\u0131 kolay bir ara\u00e7t\u0131r. \"Ba\u015flat\" d\u00fc\u011fmesine bast\u0131\u011f\u0131n\u0131zda, y\u00fczlerce ki\u015fi taraf\u0131ndan kar\u015f\u0131lanacaks\u0131n\u0131z. <a href=\"https:\/\/strangercam.com\/tr\/chathub\/\">sohbet<\/a>. Bir s\u00fcr\u00fc g\u00fczel k\u0131z ve sohbet eden iyi insanlar var.<\/p>\n<h3>\u0130nternette \u0130yi ve Ak\u0131ll\u0131 Arkada\u015f Bulan Ki\u015filer i\u00e7in G\u00fcvenli ve Emniyetli Bir Sistem<\/h3>\n<p>Bu, di\u011fer insanlar\u0131n zamanlar\u0131n\u0131n tad\u0131n\u0131 tam olarak \u00e7\u0131karmas\u0131na izin veren en g\u00fcvenli arkada\u015fl\u0131k uygulamalar\u0131ndan biridir. Yabanc\u0131n\u0131n davran\u0131\u015f\u0131 sizi rahats\u0131z ediyorsa, konu\u015fmak \u00fczere ba\u015fka bir ki\u015fiye gitmek i\u00e7in \"\u0130leri\" d\u00fc\u011fmesine basman\u0131z yeterlidir. Uygulamaya bir \u015fikayet d\u00fc\u011fmesi dahildir. Muhatab\u0131n\u0131z sizi taciz ederse veya g\u00f6r\u00fcnt\u00fcl\u00fc sohbet kurallar\u0131n\u0131 ihlal etti\u011fini d\u00fc\u015f\u00fcn\u00fcyorsan\u0131z \u015fikayet edebilirsiniz. \u015eikayetiniz y\u00f6neticiler taraf\u0131ndan hemen dikkate al\u0131nacakt\u0131r.<\/p>\n<h3>Chatplanet'de Sohbet Eden ve Keyifli Vakit Ge\u00e7iren Kullan\u0131c\u0131lara Gizlilik ve G\u00fcvenlik Sa\u011flamak<\/h3>\n<p>Chatplanet sadece kullan\u0131c\u0131lar i\u00e7in de\u011fil, ayn\u0131 zamanda kendi sistemine kar\u015f\u0131 da g\u00fcvenlik sa\u011flar. Web sitesi ayr\u0131ca sunuculardaki kullan\u0131c\u0131lar\u0131n g\u00fcvenli\u011fini de sa\u011flar. Geli\u015ftiricilerin verilerinizi nas\u0131l elde etti\u011fini ve kulland\u0131\u011f\u0131n\u0131 anlamak, g\u00fcvenli\u011fe do\u011fru at\u0131lan ilk ad\u0131md\u0131r. Veri bilgi g\u00fcvenli\u011fi ve gizlilik uygulamalar\u0131n\u0131z, siteyi nas\u0131l kulland\u0131\u011f\u0131n\u0131za, nerede ya\u015fad\u0131\u011f\u0131n\u0131za ve ka\u00e7 ya\u015f\u0131nda oldu\u011funuza ba\u011fl\u0131 olarak farkl\u0131l\u0131k g\u00f6sterebilir. Bu bilgiler, gelecekte g\u00fcncelleyebilecek olan geli\u015ftirici taraf\u0131ndan sa\u011flanm\u0131\u015ft\u0131r.<\/p>\n<ul>\n<li>\u00dc\u00e7\u00fcnc\u00fc taraflarla veri payla\u015f\u0131m\u0131 yap\u0131lmayacakt\u0131r. Geli\u015ftiriciler taraf\u0131ndan yap\u0131lan payla\u015f\u0131m beyanlar\u0131 hakk\u0131nda daha fazla bilgi edinebilirsiniz.<\/li>\n<li>Hi\u00e7bir bilgi toplanmad\u0131. Programc\u0131lar\u0131n koleksiyonlar\u0131 nas\u0131l beyan etti\u011fi hakk\u0131nda daha fazla bilgi edinin.<\/li>\n<\/ul>\n<h3>T\u00fcm Pop\u00fcler Arkada\u015fl\u0131k Sitesi \u0130\u00e7in En \u0130yi Alternatif Web Sitesiyiz.<\/h3>\n<p>Chatplanet Sistemi, kullan\u0131c\u0131lar\u0131na m\u00fckemmel kalitede ve son derece g\u00fcvenilir arkada\u015fl\u0131k hizmetleri sunar. <a href=\"https:\/\/strangercam.com\/tr\/coomeet\/\">G\u00f6r\u00fcnt\u00fcl\u00fc Sohbet<\/a> at Random ChatPlanet, yak\u0131n tan\u0131d\u0131klar edinmek i\u00e7in harika bir yerdir ve ba\u015flaman\u0131za yard\u0131mc\u0131 olmak i\u00e7in rastgele birini se\u00e7ece\u011fiz. Kimli\u011finizi if\u015fa edene kadar sohbetler anonimdir. Alternatifler <a href=\"https:\/\/strangercam.com\/tr\/omegle\/\">Omegle<\/a>, <a href=\"https:\/\/strangercam.com\/tr\/chatroulette\/\">ChatRoulette<\/a>, ve Chatruletka, Omegle, ChatRoulette ve Chatruletka'dir. Chatplanet, yeni insanlarla tan\u0131\u015fmak i\u00e7in en b\u00fcy\u00fck rastgele g\u00f6r\u00fcnt\u00fcl\u00fc sohbet sitesidir. Rastgele yabanc\u0131larla k\u00fc\u00e7\u00fck konu\u015fmalar yap\u0131n.<\/p>\n<h3>Zihinsel Kapasiteniz ve Ge\u00e7mi\u015finiz Hakk\u0131nda Ki\u015fiyle \u0130leti\u015fim Kurun<\/h3>\n<p>Chatplanet'de, do\u011fru ki\u015fiyi bulman\u0131z\u0131 sa\u011flayan ak\u0131ll\u0131 filtreleri tan\u0131tt\u0131k. Sizin i\u00e7in en iyi sonucu almak i\u00e7in mesle\u011fi, fiziksel \u00f6zellikleri ve di\u011fer konum bilgilerini verebilirsiniz. B\u00f6ylece do\u011fru insanlarla ileti\u015fim kurabilir ve hayat\u0131n\u0131z\u0131n en g\u00fczel zaman\u0131n\u0131 ge\u00e7irebilirsiniz.<\/p>\n<h3>Sonu\u00e7<\/h3>\n<p>Kalibrenizdeki insanlarla ileti\u015fim kurmak istiyorsan\u0131z, bug\u00fcn Chatplanet arkada\u015fl\u0131k uygulamas\u0131na kat\u0131l\u0131n.<\/p>","protected":false},"excerpt":{"rendered":"<p>Chatplanet dating app is one of the most famous dating apps online. This is an easy-to-use tool for conversing with random individuals from all over the world. When you press the &#8220;Start&#8221; button, you&#8217;ll be greeted by hundreds of folks eager to chat. There are a lot of lovely girls and good people conversing. A [&hellip;]<\/p>\n","protected":false},"author":6,"featured_media":559,"parent":0,"menu_order":0,"comment_status":"closed","ping_status":"closed","template":"","meta":{"footnotes":""},"class_list":["post-9999","page","type-page","status-publish","has-post-thumbnail","hentry"],"yoast_head":"<!-- This site is optimized with the Yoast SEO plugin v26.9 - https:\/\/yoast.com\/product\/yoast-seo-wordpress\/ -->\n<title>Chatplanet - Random Video Chat - Cam on StrangerCam.com<\/title>\n<meta name=\"description\" content=\"Like Chatplanet? Come chat with more than 5.000.000 strangers on Stranger Cam for Free! Turn on your cam and find new friends &amp; maby a match!\" \/>\n<meta name=\"robots\" content=\"index, follow, max-snippet:-1, max-image-preview:large, max-video-preview:-1\" \/>\n<link rel=\"canonical\" href=\"https:\/\/strangercam.com\/tr\/chatplanet\/\" \/>\n<meta property=\"og:locale\" content=\"tr_TR\" \/>\n<meta property=\"og:type\" content=\"article\" \/>\n<meta property=\"og:title\" content=\"Chatplanet - Random Video Chat - Cam on StrangerCam.com\" \/>\n<meta property=\"og:description\" content=\"Like Chatplanet? Come chat with more than 5.000.000 strangers on Stranger Cam for Free! Turn on your cam and find new friends &amp; maby a match!\" \/>\n<meta property=\"og:url\" content=\"https:\/\/strangercam.com\/tr\/chatplanet\/\" \/>\n<meta property=\"og:site_name\" content=\"Strangercam\" \/>\n<meta property=\"article:publisher\" content=\"https:\/\/www.facebook.com\/strangercam\" \/>\n<meta property=\"article:modified_time\" content=\"2023-08-21T10:24:41+00:00\" \/>\n<meta property=\"og:image\" content=\"https:\/\/strangercam.com\/wp-content\/uploads\/2020\/11\/stranger-cam-1.png\" \/>\n\t<meta property=\"og:image:width\" content=\"800\" \/>\n\t<meta property=\"og:image:height\" content=\"800\" \/>\n\t<meta property=\"og:image:type\" content=\"image\/png\" \/>\n<meta name=\"twitter:card\" content=\"summary_large_image\" \/>\n<meta name=\"twitter:site\" content=\"@strangercamapp\" \/>\n<meta name=\"twitter:label1\" content=\"Tahmini okuma s\u00fcresi\" \/>\n\t<meta name=\"twitter:data1\" content=\"2 dakika\" \/>\n<script type=\"application\/ld+json\" class=\"yoast-schema-graph\">{\"@context\":\"https:\/\/schema.org\",\"@graph\":[{\"@type\":\"WebPage\",\"@id\":\"https:\/\/strangercam.com\/chatplanet\/\",\"url\":\"https:\/\/strangercam.com\/chatplanet\/\",\"name\":\"Chatplanet - Random Video Chat - Cam on StrangerCam.com\",\"isPartOf\":{\"@id\":\"https:\/\/strangercam.com\/#website\"},\"primaryImageOfPage\":{\"@id\":\"https:\/\/strangercam.com\/chatplanet\/#primaryimage\"},\"image\":{\"@id\":\"https:\/\/strangercam.com\/chatplanet\/#primaryimage\"},\"thumbnailUrl\":\"https:\/\/strangercam.com\/wp-content\/uploads\/2020\/11\/stranger-cam-1.png\",\"datePublished\":\"2022-05-30T11:30:50+00:00\",\"dateModified\":\"2023-08-21T10:24:41+00:00\",\"description\":\"Like Chatplanet? Come chat with more than 5.000.000 strangers on Stranger Cam for Free! Turn on your cam and find new friends & maby a match!\",\"breadcrumb\":{\"@id\":\"https:\/\/strangercam.com\/chatplanet\/#breadcrumb\"},\"inLanguage\":\"tr\",\"potentialAction\":[{\"@type\":\"ReadAction\",\"target\":[\"https:\/\/strangercam.com\/chatplanet\/\"]}]},{\"@type\":\"ImageObject\",\"inLanguage\":\"tr\",\"@id\":\"https:\/\/strangercam.com\/chatplanet\/#primaryimage\",\"url\":\"https:\/\/strangercam.com\/wp-content\/uploads\/2020\/11\/stranger-cam-1.png\",\"contentUrl\":\"https:\/\/strangercam.com\/wp-content\/uploads\/2020\/11\/stranger-cam-1.png\",\"width\":800,\"height\":800,\"caption\":\"stranger cam random video chat\"},{\"@type\":\"BreadcrumbList\",\"@id\":\"https:\/\/strangercam.com\/chatplanet\/#breadcrumb\",\"itemListElement\":[{\"@type\":\"ListItem\",\"position\":1,\"name\":\"Home\",\"item\":\"https:\/\/strangercam.com\/\"},{\"@type\":\"ListItem\",\"position\":2,\"name\":\"Chatplanet\"}]},{\"@type\":\"WebSite\",\"@id\":\"https:\/\/strangercam.com\/#website\",\"url\":\"https:\/\/strangercam.com\/\",\"name\":\"Strangercam\",\"description\":\"Random Video Chat with Strangers\",\"publisher\":{\"@id\":\"https:\/\/strangercam.com\/#organization\"},\"alternateName\":\"Strangercam.com\",\"potentialAction\":[{\"@type\":\"SearchAction\",\"target\":{\"@type\":\"EntryPoint\",\"urlTemplate\":\"https:\/\/strangercam.com\/?s={search_term_string}\"},\"query-input\":{\"@type\":\"PropertyValueSpecification\",\"valueRequired\":true,\"valueName\":\"search_term_string\"}}],\"inLanguage\":\"tr\"},{\"@type\":\"Organization\",\"@id\":\"https:\/\/strangercam.com\/#organization\",\"name\":\"Strangercam\",\"alternateName\":\"Strangercam.com\",\"url\":\"https:\/\/strangercam.com\/\",\"logo\":{\"@type\":\"ImageObject\",\"inLanguage\":\"tr\",\"@id\":\"https:\/\/strangercam.com\/#\/schema\/logo\/image\/\",\"url\":\"https:\/\/strangercam.com\/wp-content\/uploads\/2020\/11\/cropped-new-favicon-black.png\",\"contentUrl\":\"https:\/\/strangercam.com\/wp-content\/uploads\/2020\/11\/cropped-new-favicon-black.png\",\"width\":512,\"height\":512,\"caption\":\"Strangercam\"},\"image\":{\"@id\":\"https:\/\/strangercam.com\/#\/schema\/logo\/image\/\"},\"sameAs\":[\"https:\/\/www.facebook.com\/strangercam\",\"https:\/\/x.com\/strangercamapp\"]}]}<\/script>\n<!-- \/ Yoast SEO plugin. -->","yoast_head_json":{"title":"Chatplanet - Rastgele G\u00f6r\u00fcnt\u00fcl\u00fc Sohbet - StrangerCam.com'da Kamera","description":"Chatplanet'yi be\u011fendiniz mi? Gelin Stranger Cam'de 5.000.000'dan fazla yabanc\u0131yla \u00dccretsiz sohbet edin! Kameran\u0131z\u0131 a\u00e7\u0131n ve yeni arkada\u015flar ve belki bir e\u015fle\u015fme bulun!","robots":{"index":"index","follow":"follow","max-snippet":"max-snippet:-1","max-image-preview":"max-image-preview:large","max-video-preview":"max-video-preview:-1"},"canonical":"https:\/\/strangercam.com\/tr\/chatplanet\/","og_locale":"tr_TR","og_type":"article","og_title":"Chatplanet - Random Video Chat - Cam on StrangerCam.com","og_description":"Like Chatplanet? Come chat with more than 5.000.000 strangers on Stranger Cam for Free! Turn on your cam and find new friends & maby a match!","og_url":"https:\/\/strangercam.com\/tr\/chatplanet\/","og_site_name":"Strangercam","article_publisher":"https:\/\/www.facebook.com\/strangercam","article_modified_time":"2023-08-21T10:24:41+00:00","og_image":[{"width":800,"height":800,"url":"https:\/\/strangercam.com\/wp-content\/uploads\/2020\/11\/stranger-cam-1.png","type":"image\/png"}],"twitter_card":"summary_large_image","twitter_site":"@strangercamapp","twitter_misc":{"Tahmini okuma s\u00fcresi":"2 dakika"},"schema":{"@context":"https:\/\/schema.org","@graph":[{"@type":"WebPage","@id":"https:\/\/strangercam.com\/chatplanet\/","url":"https:\/\/strangercam.com\/chatplanet\/","name":"Chatplanet - Rastgele G\u00f6r\u00fcnt\u00fcl\u00fc Sohbet - StrangerCam.com'da Kamera","isPartOf":{"@id":"https:\/\/strangercam.com\/#website"},"primaryImageOfPage":{"@id":"https:\/\/strangercam.com\/chatplanet\/#primaryimage"},"image":{"@id":"https:\/\/strangercam.com\/chatplanet\/#primaryimage"},"thumbnailUrl":"https:\/\/strangercam.com\/wp-content\/uploads\/2020\/11\/stranger-cam-1.png","datePublished":"2022-05-30T11:30:50+00:00","dateModified":"2023-08-21T10:24:41+00:00","description":"Chatplanet'yi be\u011fendiniz mi? Gelin Stranger Cam'de 5.000.000'dan fazla yabanc\u0131yla \u00dccretsiz sohbet edin! Kameran\u0131z\u0131 a\u00e7\u0131n ve yeni arkada\u015flar ve belki bir e\u015fle\u015fme bulun!","breadcrumb":{"@id":"https:\/\/strangercam.com\/chatplanet\/#breadcrumb"},"inLanguage":"tr","potentialAction":[{"@type":"ReadAction","target":["https:\/\/strangercam.com\/chatplanet\/"]}]},{"@type":"ImageObject","inLanguage":"tr","@id":"https:\/\/strangercam.com\/chatplanet\/#primaryimage","url":"https:\/\/strangercam.com\/wp-content\/uploads\/2020\/11\/stranger-cam-1.png","contentUrl":"https:\/\/strangercam.com\/wp-content\/uploads\/2020\/11\/stranger-cam-1.png","width":800,"height":800,"caption":"stranger cam random video chat"},{"@type":"BreadcrumbList","@id":"https:\/\/strangercam.com\/chatplanet\/#breadcrumb","itemListElement":[{"@type":"ListItem","position":1,"name":"Home","item":"https:\/\/strangercam.com\/"},{"@type":"ListItem","position":2,"name":"Chatplanet"}]},{"@type":"WebSite","@id":"https:\/\/strangercam.com\/#website","url":"https:\/\/strangercam.com\/","name":"Strangercam","description":"Yabanc\u0131larla Rastgele G\u00f6r\u00fcnt\u00fcl\u00fc Sohbet","publisher":{"@id":"https:\/\/strangercam.com\/#organization"},"alternateName":"Strangercam.com","potentialAction":[{"@type":"SearchAction","target":{"@type":"EntryPoint","urlTemplate":"https:\/\/strangercam.com\/?s={search_term_string}"},"query-input":{"@type":"PropertyValueSpecification","valueRequired":true,"valueName":"search_term_string"}}],"inLanguage":"tr"},{"@type":"Organization","@id":"https:\/\/strangercam.com\/#organization","name":"Strangercam","alternateName":"Strangercam.com","url":"https:\/\/strangercam.com\/","logo":{"@type":"ImageObject","inLanguage":"tr","@id":"https:\/\/strangercam.com\/#\/schema\/logo\/image\/","url":"https:\/\/strangercam.com\/wp-content\/uploads\/2020\/11\/cropped-new-favicon-black.png","contentUrl":"https:\/\/strangercam.com\/wp-content\/uploads\/2020\/11\/cropped-new-favicon-black.png","width":512,"height":512,"caption":"Strangercam"},"image":{"@id":"https:\/\/strangercam.com\/#\/schema\/logo\/image\/"},"sameAs":["https:\/\/www.facebook.com\/strangercam","https:\/\/x.com\/strangercamapp"]}]}},"_links":{"self":[{"href":"https:\/\/strangercam.com\/tr\/wp-json\/wp\/v2\/pages\/9999","targetHints":{"allow":["GET"]}}],"collection":[{"href":"https:\/\/strangercam.com\/tr\/wp-json\/wp\/v2\/pages"}],"about":[{"href":"https:\/\/strangercam.com\/tr\/wp-json\/wp\/v2\/types\/page"}],"author":[{"embeddable":true,"href":"https:\/\/strangercam.com\/tr\/wp-json\/wp\/v2\/users\/6"}],"replies":[{"embeddable":true,"href":"https:\/\/strangercam.com\/tr\/wp-json\/wp\/v2\/comments?post=9999"}],"version-history":[{"count":0,"href":"https:\/\/strangercam.com\/tr\/wp-json\/wp\/v2\/pages\/9999\/revisions"}],"wp:featuredmedia":[{"embeddable":true,"href":"https:\/\/strangercam.com\/tr\/wp-json\/wp\/v2\/media\/559"}],"wp:attachment":[{"href":"https:\/\/strangercam.com\/tr\/wp-json\/wp\/v2\/media?parent=9999"}],"curies":[{"name":"wp","href":"https:\/\/api.w.org\/{rel}","templated":true}]}}