{"id":9827,"date":"2022-03-01T17:29:57","date_gmt":"2022-03-01T15:29:57","guid":{"rendered":"https:\/\/strangercam.com\/?page_id=9827"},"modified":"2025-06-16T14:18:35","modified_gmt":"2025-06-16T12:18:35","slug":"2257-uygunluk-beyani","status":"publish","type":"page","link":"https:\/\/strangercam.com\/tr\/2257-compliance-statement\/","title":{"rendered":"2257 Uyumluluk Beyan\u0131"},"content":{"rendered":"<p data-start=\"274\" data-end=\"560\">ABD yasalar\u0131 18 U.S.C. B\u00f6l\u00fcm 2257 (1988 tarihli \u00c7ocuk Koruma ve M\u00fcstehcenlik Uygulama Yasas\u0131) ve di\u011fer uluslararas\u0131 yasalar uyar\u0131nca, a\u015fa\u011f\u0131dakiler taraf\u0131ndan ba\u011flant\u0131l\u0131 veya referans verilen hizmetlerde veya platformlarda g\u00f6r\u00fcnen t\u00fcm modeller <a href=\"https:\/\/strangercam.com\/tr\/\">Strangercam<\/a>.com'a \u00fcye olan ki\u015filer, bildi\u011fimiz kadar\u0131yla 18 ya\u015f\u0131na ula\u015fm\u0131\u015flard\u0131r.<\/p>\n<h2 data-start=\"562\" data-end=\"1047\">Ortakl\u0131k Feragatnamesi<\/h2>\n<p data-start=\"562\" data-end=\"1047\">Strangercam.com herhangi bir web kameras\u0131na sahip de\u011fildir veya i\u015fletmez veya <a href=\"https:\/\/strangercam.com\/tr\/rabbit-video-chat\/\">Video<\/a> <a href=\"https:\/\/strangercam.com\/tr\/chatroulette\/\">sohbet<\/a> Sitemizde yer alan veya ba\u011flant\u0131s\u0131 verilen ara\u00e7lar, platformlar veya hizmetler. Biz bir sat\u0131\u015f ortakl\u0131\u011f\u0131 ve inceleme sitesiyiz <a href=\"https:\/\/strangercam.com\/tr\/only2chat\/\">sadece<\/a>; Bu nedenle, modelleri i\u00e7eren herhangi bir proje veya etkinli\u011fi i\u015fe alm\u0131yor, s\u00f6zle\u015fme yapm\u0131yor, y\u00f6netmiyor veya organize etmiyoruz. T\u00fcm belge saklama ve ya\u015f do\u011frulama gereklilikleri de dahil olmak \u00fczere 18 USC B\u00f6l\u00fcm 2257'ye uygunluk, ba\u011fl\u0131 kurulu\u015f ortaklar\u0131m\u0131z\u0131n ve i\u015flettikleri platformlar\u0131n sorumlulu\u011fundad\u0131r.<\/p>\n<h2 data-start=\"1049\" data-end=\"1350\">\u00dc\u00e7\u00fcnc\u00fc Taraf \u0130\u00e7eri\u011fi<\/h2>\n<p data-start=\"1049\" data-end=\"1350\">Strangercam.com, ba\u011flant\u0131 verdi\u011fimiz \u00fc\u00e7\u00fcnc\u00fc taraf sitelerinde yay\u0131nlanan materyallerin hi\u00e7birini \u00fcretmez, bar\u0131nd\u0131rmaz veya y\u00f6netmez. Bu platformlarda bulunan kullan\u0131c\u0131 taraf\u0131ndan olu\u015fturulan herhangi bir i\u00e7erik veya model i\u00e7erik, Strangercam.com taraf\u0131ndan de\u011fil, ilgili site operat\u00f6rleri taraf\u0131ndan kontrol edilir ve d\u00fczenlenir.<\/p>\n<p data-start=\"1352\" data-end=\"1674\">Rol\u00fcm\u00fcz yaln\u0131zca harici platformlar\u0131 ve hizmetleri incelemek, tavsiye etmek ve bunlara ba\u011fl\u0131 ba\u011flant\u0131lar sa\u011flamakt\u0131r. Strangercam.com'daki ba\u011flant\u0131lar arac\u0131l\u0131\u011f\u0131yla hizmetleri kaydeden veya kullanan herhangi bir ki\u015fi, bunu Strangercam.com veya temsilcilerinin herhangi bir kat\u0131l\u0131m\u0131 veya m\u00fcdahalesi olmadan do\u011frudan ve ba\u011f\u0131ms\u0131z olarak \u00fc\u00e7\u00fcnc\u00fc taraf platformlarda yapar.<\/p>\n<h2 data-start=\"1676\" data-end=\"1946\">\u0130zleme ve \u0130\u00e7erik Standartlar\u0131<\/h2>\n<p data-start=\"1676\" data-end=\"1946\">Strangercam.com m\u00fcstehcen materyallerin olu\u015fturulmas\u0131n\u0131 veya yay\u0131nlanmas\u0131n\u0131 onaylamaz veya desteklemez. Bize g\u00f6re a\u00e7\u0131k\u00e7a m\u00fcstehcen, uygunsuz veya k\u00fc\u00e7\u00fck d\u00fc\u015f\u00fcr\u00fcc\u00fc olan herhangi bir harici i\u00e7eri\u011fe olan ba\u011flant\u0131lar\u0131 veya referanslar\u0131 kald\u0131rma hakk\u0131m\u0131z\u0131 sakl\u0131 tutar\u0131z.<\/p>\n<h2 data-start=\"1948\" data-end=\"2136\">Strangercam.com taraf\u0131ndan i\u00e7erik<\/h2>\n<p data-start=\"1948\" data-end=\"2136\">Strangercam.com veya temsilcileri taraf\u0131ndan \u00fcretilen t\u00fcm i\u00e7erik erotik veya pornografik de\u011fildir ve bu nedenle ABD yasalar\u0131 18 U.S.C. B\u00f6l\u00fcm 2257'ye tabi de\u011fildir.<\/p>\n<h2 data-start=\"2138\" data-end=\"2503\">Belge Saklama ve Uyumluluk<\/h2>\n<p data-start=\"2138\" data-end=\"2503\">ABD yasalar\u0131 18 U.S.C. B\u00f6l\u00fcm 2257 uyar\u0131nca gerekli olan t\u00fcm ya\u015f do\u011frulama kay\u0131tlar\u0131 ve belgeleri, ba\u011fl\u0131 ortaklar\u0131m\u0131z ve ba\u011flant\u0131 verdi\u011fimiz \u00fc\u00e7\u00fcnc\u00fc taraf platformlar\u0131n operat\u00f6rleri taraf\u0131ndan tutulur. Strangercam.com, bu t\u00fcr bir uyumluluk gerektiren herhangi bir i\u00e7eri\u011fi i\u015fletmedi\u011fimiz veya \u00fcretmedi\u011fimiz i\u00e7in herhangi bir 2257 belgesini saklamaz veya muhafaza etmez.<\/p>\n<p data-start=\"2505\" data-end=\"2624\">Uyumlulukla ilgili her t\u00fcrl\u00fc soru veya endi\u015feniz i\u00e7in l\u00fctfen do\u011frudan \u00fc\u00e7\u00fcnc\u00fc taraf platformlar\u0131n operat\u00f6rleriyle ileti\u015fime ge\u00e7in.<\/p>","protected":false},"excerpt":{"rendered":"<p>In accordance with US law 18 U.S.C. Section 2257 (Child Protection and Obscenity Enforcement Act of 1988) and other international acts, all models appearing on services or platforms linked or referenced by Strangercam.com have, to the best of our knowledge, reached the age of 18 years. Affiliate Disclaimer Strangercam.com does not own or operate any [&hellip;]<\/p>\n","protected":false},"author":1,"featured_media":0,"parent":0,"menu_order":0,"comment_status":"closed","ping_status":"closed","template":"","meta":{"footnotes":""},"class_list":["post-9827","page","type-page","status-publish","hentry"],"yoast_head":"<!-- This site is optimized with the Yoast SEO plugin v27.4 - https:\/\/yoast.com\/product\/yoast-seo-wordpress\/ -->\n<title>2257 Compliance Statement - Strangercam<\/title>\n<meta name=\"robots\" content=\"index, follow, max-snippet:-1, max-image-preview:large, max-video-preview:-1\" \/>\n<link rel=\"canonical\" href=\"https:\/\/strangercam.com\/tr\/2257-uygunluk-beyani\/\" \/>\n<meta property=\"og:locale\" content=\"tr_TR\" \/>\n<meta property=\"og:type\" content=\"article\" \/>\n<meta property=\"og:title\" content=\"2257 Compliance Statement - Strangercam\" \/>\n<meta property=\"og:description\" content=\"In accordance with US law 18 U.S.C. Section 2257 (Child Protection and Obscenity Enforcement Act of 1988) and other international acts, all models appearing on services or platforms linked or referenced by Strangercam.com have, to the best of our knowledge, reached the age of 18 years. Affiliate Disclaimer Strangercam.com does not own or operate any [&hellip;]\" \/>\n<meta property=\"og:url\" content=\"https:\/\/strangercam.com\/tr\/2257-uygunluk-beyani\/\" \/>\n<meta property=\"og:site_name\" content=\"Strangercam\" \/>\n<meta property=\"article:publisher\" content=\"https:\/\/www.facebook.com\/strangercam\" \/>\n<meta property=\"article:modified_time\" content=\"2025-06-16T12:18:35+00:00\" \/>\n<meta property=\"og:image\" content=\"https:\/\/strangercam.com\/wp-content\/uploads\/2021\/10\/Untitled-2.png\" \/>\n\t<meta property=\"og:image:width\" content=\"800\" \/>\n\t<meta property=\"og:image:height\" content=\"532\" \/>\n\t<meta property=\"og:image:type\" content=\"image\/png\" \/>\n<meta name=\"twitter:card\" content=\"summary_large_image\" \/>\n<meta name=\"twitter:site\" content=\"@strangercamapp\" \/>\n<meta name=\"twitter:label1\" content=\"Tahmini okuma s\u00fcresi\" \/>\n\t<meta name=\"twitter:data1\" content=\"2 dakika\" \/>\n<script type=\"application\/ld+json\" class=\"yoast-schema-graph\">{\"@context\":\"https:\\\/\\\/schema.org\",\"@graph\":[{\"@type\":\"WebPage\",\"@id\":\"https:\\\/\\\/strangercam.com\\\/2257-compliance-statement\\\/\",\"url\":\"https:\\\/\\\/strangercam.com\\\/2257-compliance-statement\\\/\",\"name\":\"2257 Compliance Statement - Strangercam\",\"isPartOf\":{\"@id\":\"https:\\\/\\\/strangercam.com\\\/#website\"},\"datePublished\":\"2022-03-01T15:29:57+00:00\",\"dateModified\":\"2025-06-16T12:18:35+00:00\",\"breadcrumb\":{\"@id\":\"https:\\\/\\\/strangercam.com\\\/2257-compliance-statement\\\/#breadcrumb\"},\"inLanguage\":\"tr\",\"potentialAction\":[{\"@type\":\"ReadAction\",\"target\":[\"https:\\\/\\\/strangercam.com\\\/2257-compliance-statement\\\/\"]}]},{\"@type\":\"BreadcrumbList\",\"@id\":\"https:\\\/\\\/strangercam.com\\\/2257-compliance-statement\\\/#breadcrumb\",\"itemListElement\":[{\"@type\":\"ListItem\",\"position\":1,\"name\":\"Home\",\"item\":\"https:\\\/\\\/strangercam.com\\\/\"},{\"@type\":\"ListItem\",\"position\":2,\"name\":\"2257 Compliance Statement\"}]},{\"@type\":\"WebSite\",\"@id\":\"https:\\\/\\\/strangercam.com\\\/#website\",\"url\":\"https:\\\/\\\/strangercam.com\\\/\",\"name\":\"Strangercam\",\"description\":\"Random Video Chat with Strangers\",\"publisher\":{\"@id\":\"https:\\\/\\\/strangercam.com\\\/#organization\"},\"alternateName\":\"Strangercam.com\",\"potentialAction\":[{\"@type\":\"SearchAction\",\"target\":{\"@type\":\"EntryPoint\",\"urlTemplate\":\"https:\\\/\\\/strangercam.com\\\/?s={search_term_string}\"},\"query-input\":{\"@type\":\"PropertyValueSpecification\",\"valueRequired\":true,\"valueName\":\"search_term_string\"}}],\"inLanguage\":\"tr\"},{\"@type\":\"Organization\",\"@id\":\"https:\\\/\\\/strangercam.com\\\/#organization\",\"name\":\"Strangercam\",\"alternateName\":\"Strangercam.com\",\"url\":\"https:\\\/\\\/strangercam.com\\\/\",\"logo\":{\"@type\":\"ImageObject\",\"inLanguage\":\"tr\",\"@id\":\"https:\\\/\\\/strangercam.com\\\/#\\\/schema\\\/logo\\\/image\\\/\",\"url\":\"https:\\\/\\\/strangercam.com\\\/wp-content\\\/uploads\\\/2020\\\/11\\\/cropped-new-favicon-black.png\",\"contentUrl\":\"https:\\\/\\\/strangercam.com\\\/wp-content\\\/uploads\\\/2020\\\/11\\\/cropped-new-favicon-black.png\",\"width\":512,\"height\":512,\"caption\":\"Strangercam\"},\"image\":{\"@id\":\"https:\\\/\\\/strangercam.com\\\/#\\\/schema\\\/logo\\\/image\\\/\"},\"sameAs\":[\"https:\\\/\\\/www.facebook.com\\\/strangercam\",\"https:\\\/\\\/x.com\\\/strangercamapp\"]}]}<\/script>\n<!-- \/ Yoast SEO plugin. -->","yoast_head_json":{"title":"2257 Uyumluluk Beyan\u0131 - Strangercam","robots":{"index":"index","follow":"follow","max-snippet":"max-snippet:-1","max-image-preview":"max-image-preview:large","max-video-preview":"max-video-preview:-1"},"canonical":"https:\/\/strangercam.com\/tr\/2257-uygunluk-beyani\/","og_locale":"tr_TR","og_type":"article","og_title":"2257 Compliance Statement - Strangercam","og_description":"In accordance with US law 18 U.S.C. Section 2257 (Child Protection and Obscenity Enforcement Act of 1988) and other international acts, all models appearing on services or platforms linked or referenced by Strangercam.com have, to the best of our knowledge, reached the age of 18 years. Affiliate Disclaimer Strangercam.com does not own or operate any [&hellip;]","og_url":"https:\/\/strangercam.com\/tr\/2257-uygunluk-beyani\/","og_site_name":"Strangercam","article_publisher":"https:\/\/www.facebook.com\/strangercam","article_modified_time":"2025-06-16T12:18:35+00:00","og_image":[{"width":800,"height":532,"url":"https:\/\/strangercam.com\/wp-content\/uploads\/2021\/10\/Untitled-2.png","type":"image\/png"}],"twitter_card":"summary_large_image","twitter_site":"@strangercamapp","twitter_misc":{"Tahmini okuma s\u00fcresi":"2 dakika"},"schema":{"@context":"https:\/\/schema.org","@graph":[{"@type":"WebPage","@id":"https:\/\/strangercam.com\/2257-compliance-statement\/","url":"https:\/\/strangercam.com\/2257-compliance-statement\/","name":"2257 Uyumluluk Beyan\u0131 - Strangercam","isPartOf":{"@id":"https:\/\/strangercam.com\/#website"},"datePublished":"2022-03-01T15:29:57+00:00","dateModified":"2025-06-16T12:18:35+00:00","breadcrumb":{"@id":"https:\/\/strangercam.com\/2257-compliance-statement\/#breadcrumb"},"inLanguage":"tr","potentialAction":[{"@type":"ReadAction","target":["https:\/\/strangercam.com\/2257-compliance-statement\/"]}]},{"@type":"BreadcrumbList","@id":"https:\/\/strangercam.com\/2257-compliance-statement\/#breadcrumb","itemListElement":[{"@type":"ListItem","position":1,"name":"Home","item":"https:\/\/strangercam.com\/"},{"@type":"ListItem","position":2,"name":"2257 Compliance Statement"}]},{"@type":"WebSite","@id":"https:\/\/strangercam.com\/#website","url":"https:\/\/strangercam.com\/","name":"Strangercam","description":"Yabanc\u0131larla Rastgele G\u00f6r\u00fcnt\u00fcl\u00fc Sohbet","publisher":{"@id":"https:\/\/strangercam.com\/#organization"},"alternateName":"Strangercam.com","potentialAction":[{"@type":"SearchAction","target":{"@type":"EntryPoint","urlTemplate":"https:\/\/strangercam.com\/?s={search_term_string}"},"query-input":{"@type":"PropertyValueSpecification","valueRequired":true,"valueName":"search_term_string"}}],"inLanguage":"tr"},{"@type":"Organization","@id":"https:\/\/strangercam.com\/#organization","name":"Strangercam","alternateName":"Strangercam.com","url":"https:\/\/strangercam.com\/","logo":{"@type":"ImageObject","inLanguage":"tr","@id":"https:\/\/strangercam.com\/#\/schema\/logo\/image\/","url":"https:\/\/strangercam.com\/wp-content\/uploads\/2020\/11\/cropped-new-favicon-black.png","contentUrl":"https:\/\/strangercam.com\/wp-content\/uploads\/2020\/11\/cropped-new-favicon-black.png","width":512,"height":512,"caption":"Strangercam"},"image":{"@id":"https:\/\/strangercam.com\/#\/schema\/logo\/image\/"},"sameAs":["https:\/\/www.facebook.com\/strangercam","https:\/\/x.com\/strangercamapp"]}]}},"_links":{"self":[{"href":"https:\/\/strangercam.com\/tr\/wp-json\/wp\/v2\/pages\/9827","targetHints":{"allow":["GET"]}}],"collection":[{"href":"https:\/\/strangercam.com\/tr\/wp-json\/wp\/v2\/pages"}],"about":[{"href":"https:\/\/strangercam.com\/tr\/wp-json\/wp\/v2\/types\/page"}],"author":[{"embeddable":true,"href":"https:\/\/strangercam.com\/tr\/wp-json\/wp\/v2\/users\/1"}],"replies":[{"embeddable":true,"href":"https:\/\/strangercam.com\/tr\/wp-json\/wp\/v2\/comments?post=9827"}],"version-history":[{"count":1,"href":"https:\/\/strangercam.com\/tr\/wp-json\/wp\/v2\/pages\/9827\/revisions"}],"predecessor-version":[{"id":12877,"href":"https:\/\/strangercam.com\/tr\/wp-json\/wp\/v2\/pages\/9827\/revisions\/12877"}],"wp:attachment":[{"href":"https:\/\/strangercam.com\/tr\/wp-json\/wp\/v2\/media?parent=9827"}],"curies":[{"name":"wp","href":"https:\/\/api.w.org\/{rel}","templated":true}]}}