{"id":9038,"date":"2025-09-29T10:37:31","date_gmt":"2025-09-29T08:37:31","guid":{"rendered":"https:\/\/strangercam.com\/?page_id=9038"},"modified":"2025-09-29T12:03:57","modified_gmt":"2025-09-29T10:03:57","slug":"ucretsiz-cevrimici-sohbet","status":"publish","type":"page","link":"https:\/\/strangercam.com\/tr\/free-online-chat\/","title":{"rendered":"\u00dccretsiz Online Sohbet"},"content":{"rendered":"<p>\u00dccretsiz \u00c7evrimi\u00e7i mi ar\u0131yorsunuz <a href=\"https:\/\/strangercam.com\/tr\/chathub\/\">Sohbet<\/a>? Yaln\u0131z de\u011filsiniz. Her ay milyonlarca insan Google'a tam olarak bu kelimeleri yaz\u0131yor, h\u0131zl\u0131, g\u00fcvenli ve \u00fccretsiz bir yol ar\u0131yor <a href=\"https:\/\/strangercam.com\/tr\/coomeet\/\">tan\u0131\u015fmak<\/a> \u00e7evrimi\u00e7i yeni insanlar. Uzun s\u00fcreli kay\u0131tlar gerektiren sosyal a\u011flar\u0131n veya arkada\u015fl\u0131k uygulamalar\u0131n\u0131n aksine, \u00fccretsiz \u00e7evrimi\u00e7i sohbet platformlar\u0131 zahmetsizce an\u0131nda ba\u011flant\u0131 kurman\u0131z\u0131 sa\u011flar.<\/p>\n<p>2025 y\u0131l\u0131nda, StrangerCam gibi platformlar hi\u00e7bir indirme veya gizli maliyet olmadan \u00fccretsiz sohbet etmeye ba\u015flamay\u0131 her zamankinden daha kolay hale getiriyor. \u0130ster g\u00fcndelik sohbetler, ister k\u00fcresel arkada\u015fl\u0131klar veya g\u00f6n\u00fcls\u00fcz fl\u00f6rtler isteyin, \u00fccretsiz \u00e7evrimi\u00e7i sohbet hala \u00e7evrimi\u00e7i ba\u011flant\u0131 kurman\u0131n en heyecan verici yollar\u0131ndan biridir.<\/p>\n<p>Bu k\u0131lavuz bilmeniz gereken her \u015feyi kapsayacakt\u0131r: \u00fccretsiz \u00e7evrimi\u00e7i sohbet nedir, neden bu kadar pop\u00fclerdir, nas\u0131l \u00e7al\u0131\u015f\u0131r, ge\u00e7mi\u015fi, en \u00f6nemli \u00f6zellikleri, en iyi platformlar, g\u00fcvenlik ipu\u00e7lar\u0131 ve StrangerCam'in neden g\u00fcn\u00fcm\u00fcz\u00fcn en iyi se\u00e7eneklerinden biri oldu\u011fu.<\/p>\n<h2>\u00dccretsiz Online Sohbet Nedir?<\/h2>\n<p>\u00dccretsiz \u00e7evrimi\u00e7i sohbet, \u00fccret \u00f6demeden veya uzun profiller olu\u015fturmadan insanlarla metin veya video arac\u0131l\u0131\u011f\u0131yla an\u0131nda konu\u015fabilece\u011finiz dijital platformlar\u0131 ifade eder. Fikir basittir: bir d\u00fc\u011fmeye t\u0131klars\u0131n\u0131z ve her zaman, her yerde yeni biriyle ba\u011flant\u0131 kurars\u0131n\u0131z.<\/p>\n<p>Geleneksel sosyal medya veya fl\u00f6rt uygulamalar\u0131n\u0131n aksine, \u00fccretsiz sohbet platformlar\u0131 spontanl\u0131kla ilgilidir. Kayd\u0131rma, algoritmalar veya d\u00fczenlenmi\u015f profiller gerektirmezler. Bunun yerine, d\u00fcnyan\u0131n her yerinden yabanc\u0131larla ger\u00e7ek zamanl\u0131 etkile\u015fim sa\u011flarlar.<\/p>\n<h2>\u0130nsanlar \u00dccretsiz \u00c7evrimi\u00e7i Sohbeti Neden Seviyor?<\/h2>\n<p>\"\u00dccretsiz \u00e7evrimi\u00e7i sohbet\" ifadesi onlarca y\u0131ld\u0131r pop\u00fclerli\u011fini koruyor \u00e7\u00fcnk\u00fc:<\/p>\n<ul>\n<li>An\u0131nda Ba\u011flant\u0131: E\u015fle\u015fmeler veya yan\u0131tlar i\u00e7in beklemek yok.<\/li>\n<li>K\u00fcresel Arkada\u015fl\u0131klar: 100'den fazla \u00fclkeden insanla tan\u0131\u015f\u0131n.<\/li>\n<li>\u00c7e\u015fitli Sohbetler: S\u0131radan \u015fakala\u015fmalardan daha derin konu\u015fmalara.<\/li>\n<li>Ekonomiklik: Ger\u00e7ekten \u00fccretsiz eri\u015fim, gizli \u00f6deme duvarlar\u0131 yok.<\/li>\n<li>Kendili\u011findenlik: Her sohbet benzersiz ve \u00f6ng\u00f6r\u00fclemezdir.<\/li>\n<li>Esneklik: Metin veya canl\u0131 g\u00f6r\u00fcnt\u00fcl\u00fc sohbet se\u00e7enekleri.<\/li>\n<\/ul>\n<p>E\u011flence, \u00f6zg\u00fcnl\u00fck ve eri\u015filebilirli\u011fin m\u00fckemmel bir kar\u0131\u015f\u0131m\u0131.<\/p>\n<h2>\u00dccretsiz Online Sohbet Nas\u0131l \u00c7al\u0131\u015f\u0131r?<\/h2>\n<p>\u0130\u015flem basittir:<\/p>\n<ol>\n<li>StrangerCam gibi bir sohbet platformu a\u00e7\u0131n.<\/li>\n<li>Sohbet modunu se\u00e7in (metin sohbeti veya video).<\/li>\n<li>Video i\u00e7in kamera\/mikrofon eri\u015fimine izin verin.<\/li>\n<li>\"Sohbeti Ba\u015flat \"a t\u0131klay\u0131n.<\/li>\n<li>D\u00fcnya \u00e7ap\u0131nda biriyle an\u0131nda ba\u011flant\u0131 kurun.<\/li>\n<li>Yeni biriyle tan\u0131\u015fmak i\u00e7in istedi\u011finiz zaman \"\u0130leri \"ye t\u0131klay\u0131n.<\/li>\n<\/ol>\n<p>Baz\u0131 siteler filtreler, grup sohbet odalar\u0131 veya \u00e7eviri ara\u00e7lar\u0131 gibi \u00f6zellikler de ekler.<\/p>\n<h2>Aranacak \u00d6zellikler<\/h2>\n<p>\u00dccretsiz bir \u00e7evrimi\u00e7i sohbet sitesi se\u00e7erken, i\u00e7erdi\u011finden emin olun:<\/p>\n<ul>\n<li>Ger\u00e7ekten \u00dccretsiz Eri\u015fim - \u00d6zellikleri \u00f6deme duvarlar\u0131n\u0131n arkas\u0131na saklayan sitelerden ka\u00e7\u0131n\u0131n.<\/li>\n<li>Kay\u0131t Gerekmez - Anonim kal\u0131n, an\u0131nda ba\u011flan\u0131n.<\/li>\n<li>Video ve Metin Se\u00e7enekleri - Farkl\u0131 ruh halleri i\u00e7in esneklik.<\/li>\n<li>Mobil Uyumlu Tasar\u0131m - Telefonlarda ve tabletlerde sorunsuz.<\/li>\n<li>G\u00fc\u00e7l\u00fc Moderasyon - Eski usul sohbet odalar\u0131ndan daha g\u00fcvenli.<\/li>\n<li>K\u00fcresel Kullan\u0131c\u0131 Taban\u0131 - Daha fazla insan daha fazla e\u011flence demektir.<\/li>\n<\/ul>\n<h2>2025'in En \u0130yi \u00dccretsiz Online Sohbet Platformlar\u0131<\/h2>\n<p>\u0130\u015fte g\u00fcn\u00fcm\u00fcz\u00fcn en iyi \u00fccretsiz sohbet sitelerinin bir kar\u015f\u0131la\u015ft\u0131rmas\u0131:<\/p>\n<table>\n<thead>\n<tr>\n<th>Platform<\/th>\n<th align=\"center\">\u00dccretsiz Eri\u015fim<\/th>\n<th align=\"center\">Kay\u0131t Gerekli<\/th>\n<th align=\"center\">G\u00f6r\u00fcnt\u00fcl\u00fc Sohbet<\/th>\n<th align=\"center\">Mobil Destek<\/th>\n<th align=\"center\">Moderasyon<\/th>\n<th>Notlar<\/th>\n<\/tr>\n<\/thead>\n<tbody>\n<tr>\n<td>StrangerCam<\/td>\n<td align=\"center\">\u2705<\/td>\n<td align=\"center\">\u274c<\/td>\n<td align=\"center\">\u2705<\/td>\n<td align=\"center\">\u2705<\/td>\n<td align=\"center\">\u2705<\/td>\n<td>En iyi se\u00e7im: \u00fccretsiz, an\u0131nda, g\u00fcvenli<\/td>\n<\/tr>\n<tr>\n<td><a href=\"https:\/\/strangercam.com\/tr\/chatroulette\/\">Chatroulette<\/a><\/td>\n<td align=\"center\">\u2705<\/td>\n<td align=\"center\">\u274c<\/td>\n<td align=\"center\">\u2705<\/td>\n<td align=\"center\">\u2705<\/td>\n<td align=\"center\">\u2705<\/td>\n<td>Klasik ama s\u0131n\u0131rl\u0131 \u00f6zellikler<\/td>\n<\/tr>\n<tr>\n<td>Chatrandom<\/td>\n<td align=\"center\">\u2705<\/td>\n<td align=\"center\">\u274c<\/td>\n<td align=\"center\">\u2705<\/td>\n<td align=\"center\">\u2705<\/td>\n<td align=\"center\">\u2705<\/td>\n<td>Geni\u015f kullan\u0131c\u0131 taban\u0131, y\u00fckseltmeleri zorlar<\/td>\n<\/tr>\n<tr>\n<td><a href=\"https:\/\/strangercam.com\/tr\/ometv\/\">OmeTV<\/a><\/td>\n<td align=\"center\">\u2705<\/td>\n<td align=\"center\">\u274c<\/td>\n<td align=\"center\">\u2705<\/td>\n<td align=\"center\">\u2705<\/td>\n<td align=\"center\">\u2705<\/td>\n<td>Rastgele sohbet i\u00e7in mobil \u00f6ncelikli uygulama<\/td>\n<\/tr>\n<tr>\n<td>Shagle<\/td>\n<td align=\"center\">\u2705<\/td>\n<td align=\"center\">\u274c<\/td>\n<td align=\"center\">\u2705<\/td>\n<td align=\"center\">\u2705<\/td>\n<td align=\"center\">\u2705<\/td>\n<td>Giri\u015f \u00fccretsiz, premium filtreler kilitli<\/td>\n<\/tr>\n<tr>\n<td>WireClub<\/td>\n<td align=\"center\">\u2705<\/td>\n<td align=\"center\">\u2705<\/td>\n<td align=\"center\">\u274c<\/td>\n<td align=\"center\">\u2705<\/td>\n<td align=\"center\">\u2705<\/td>\n<td>Daha geleneksel metin sohbet odalar\u0131<\/td>\n<\/tr>\n<\/tbody>\n<\/table>\n<p>StrangerCam, \u00fccretsiz s\u0131n\u0131rs\u0131z eri\u015fim, kay\u0131t yok ve hem video + metin sohbet se\u00e7eneklerini birle\u015ftiren birka\u00e7 platformdan biridir.<\/p>\n<h2>StrangerCam Neden En \u0130yi \u00dccretsiz \u00c7evrimi\u00e7i Sohbet Se\u00e7ene\u011fidir?<\/h2>\n<p>\u0130\u015fte StrangerCam'in 2025'te \u00fccretsiz \u00e7evrimi\u00e7i sohbet i\u00e7in en iyi se\u00e7im olmas\u0131n\u0131n nedeni:<\/p>\n<h3>1. Tamamen \u00dccretsiz<\/h3>\n<p>Gizli maliyetler, denemeler veya kredi sistemleri yok.<\/p>\n<h3>2. Kay\u0131t Gerektirmez<\/h3>\n<p>Anonim kal\u0131n ve an\u0131nda sohbet edin.<\/p>\n<h3>3. Metin + Video Se\u00e7enekleri<\/h3>\n<p>Konfor seviyenize ba\u011fl\u0131 olarak modlar aras\u0131nda ge\u00e7i\u015f yap\u0131n.<\/p>\n<h3>4. G\u00fcvenli ve Moderat\u00f6rl\u00fc<\/h3>\n<p>Eski usul sohbet odalar\u0131ndan daha iyi g\u00fcvenlik ara\u00e7lar\u0131.<\/p>\n<h3>5. Mobil ve Masa\u00fcst\u00fc Haz\u0131r<\/h3>\n<p>T\u00fcm cihazlar i\u00e7in optimize edilmi\u015ftir.<\/p>\n<h3>6. K\u00fcresel Eri\u015fim<\/h3>\n<p>100'den fazla \u00fclkeden insanlarla 7\/24 tan\u0131\u015f\u0131n.<\/p>\n<h2>Ger\u00e7ek Kullan\u0131c\u0131 G\u00f6r\u00fc\u015fleri<\/h2>\n<blockquote><p>\"\u00dccretsiz \u00c7evrimi\u00e7i Sohbet'i arad\u0131m ve StrangerCam'i buldum. An\u0131nda, e\u011flenceliydi ve d\u00fcnyan\u0131n d\u00f6rt bir yan\u0131ndan insanlarla tan\u0131\u015ft\u0131m.\"<br \/>\n- Jake, 25 ya\u015f\u0131nda.<\/p><\/blockquote>\n<blockquote><p>\"Kay\u0131t olmam ya da ki\u015fisel bilgilerimi vermem gerekmemesi ho\u015fuma gidiyor. Ger\u00e7ekten \u00fccretsiz.\"<br \/>\n- Sophia, 22 ya\u015f\u0131nda.<\/p><\/blockquote>\n<blockquote><p>\"G\u00fcvenli ve basit hissettiriyor. Atlama d\u00fc\u011fmesi devam etmeyi kolayla\u015ft\u0131r\u0131yor.\"<br \/>\n- Ryan, 30 ya\u015f\u0131nda.<\/p><\/blockquote>\n<blockquote><p>\"Eski sohbet odalar\u0131n\u0131n aksine, bu modern ve denetlenmi\u015f bir his veriyor. \u00dccretsiz \u00e7evrimi\u00e7i sohbet nihayet i\u015fe yar\u0131yor.\"<br \/>\n- Emma, 20 ya\u015f\u0131nda.<\/p><\/blockquote>\n<h2>\u00dccretsiz \u00c7evrimi\u00e7i Sohbetin Psikolojisi<\/h2>\n<p>\u00dccretsiz \u00e7evrimi\u00e7i sohbet 2025 y\u0131l\u0131nda neden hala bu kadar pop\u00fcler? \u00dc\u00e7 evrensel insan ihtiyac\u0131n\u0131 kar\u015f\u0131l\u0131yor:<\/p>\n<ol>\n<li>Anl\u0131k Tatmin: Beklemeden hemen ba\u011flant\u0131 kurmak istiyoruz.<\/li>\n<li>Yenilik: Her yabanc\u0131 yeni bir sohbet getirir, i\u015fleri heyecanl\u0131 tutar.<\/li>\n<li>Ekonomiklik: \"\u00dccretsiz\" olmas\u0131 onu herkes i\u00e7in, her yerde eri\u015filebilir k\u0131lar.<\/li>\n<\/ol>\n<p>Bu, terimin neden her y\u0131l y\u00fcksek oranda arand\u0131\u011f\u0131n\u0131 a\u00e7\u0131klamaktad\u0131r.<\/p>\n<h2>\u00dccretsiz \u00c7evrimi\u00e7i Sohbet i\u00e7in G\u00fcvenlik \u0130pu\u00e7lar\u0131<\/h2>\n<p>\u00c7evrimi\u00e7i sohbet etmek e\u011flenceli olsa da, g\u00fcvenlik her zaman \u00f6nce gelmelidir:<\/p>\n<ul>\n<li>Asla ki\u015fisel bilgilerinizi (telefon, adres, i\u015f yeri) payla\u015fmay\u0131n.<\/li>\n<li>Yabanc\u0131lardan gelen ba\u011flant\u0131lara t\u0131klamaktan ka\u00e7\u0131n\u0131n.<\/li>\n<li>Biri sizi rahats\u0131z ediyorsa Skip\/Block'u kullan\u0131n.<\/li>\n<li>Canl\u0131 yay\u0131na ge\u00e7meden \u00f6nce kamera arka plan\u0131n\u0131z\u0131 kontrol edin.<\/li>\n<li>Takma isimlerle devam edin, ger\u00e7ek isimlerle de\u011fil.<\/li>\n<li>Ya\u015f s\u0131n\u0131rlar\u0131na sayg\u0131 g\u00f6sterin - 18 ya\u015f\u0131n alt\u0131ndaysan\u0131z yeti\u015fkin sohbetini kullanmay\u0131n.<\/li>\n<\/ul>\n<h2>Nas\u0131l Ba\u015flan\u0131r - Ad\u0131m Ad\u0131m<\/h2>\n<p>\u00dccretsiz \u00e7evrimi\u00e7i sohbete ba\u015flamak sadece saniyeler s\u00fcrer:<\/p>\n<ol>\n<li>Taray\u0131c\u0131n\u0131zda veya cihaz\u0131n\u0131zda StrangerCam'i a\u00e7\u0131n.<\/li>\n<li>Sohbet modunuzu se\u00e7in: metin veya video.<\/li>\n<li>Kamera\/mikrofon eri\u015fimine izin verin (video i\u00e7in).<\/li>\n<li>Sohbeti Ba\u015flat'a t\u0131klay\u0131n.<\/li>\n<li>An\u0131nda yeni insanlarla tan\u0131\u015f\u0131n; ge\u00e7i\u015f yapmak i\u00e7in istedi\u011finiz zaman \u0130leri'ye bas\u0131n.<\/li>\n<\/ol>\n<p>2025 y\u0131l\u0131nda, \u00fccretsiz \u00e7evrimi\u00e7i sohbet, \u00e7evrimi\u00e7i insanlarla tan\u0131\u015fman\u0131n en h\u0131zl\u0131, en basit ve en e\u011flenceli yollar\u0131ndan biri olmaya devam ediyor. Arkada\u015fl\u0131k uygulamalar\u0131n\u0131n veya sosyal medyan\u0131n aksine, anl\u0131k, k\u00fcresel ve spontane.<\/p>\n<p>StrangerCam gibi platformlar bunu her zamankinden daha iyi hale getiriyor: ger\u00e7ekten \u00fccretsiz, g\u00fcvenli ve d\u00fcnyan\u0131n d\u00f6rt bir yan\u0131ndan ger\u00e7ek kullan\u0131c\u0131larla dolu. \u0130ster arkada\u015f, ister g\u00fcndelik e\u011flence ya da sadece can s\u0131k\u0131nt\u0131s\u0131n\u0131 yenmek i\u00e7in bir sohbet ar\u0131yor olun, \u00fccretsiz \u00e7evrimi\u00e7i sohbet her zaman sadece bir t\u0131k uza\u011f\u0131n\u0131zda.<\/p>\n<p>Ba\u011flant\u0131 kurmaya haz\u0131r m\u0131s\u0131n\u0131z? Bug\u00fcn \u00fccretsiz bir \u00e7evrimi\u00e7i sohbet ba\u015flat\u0131n ve s\u0131rada kiminle tan\u0131\u015faca\u011f\u0131n\u0131z\u0131 ke\u015ffedin.<\/p>","protected":false},"excerpt":{"rendered":"<p>Are you searching for Free Online Chat? You\u2019re not alone. Millions of people every month type those exact words into Google, looking for a quick, safe, and free way to meet new people online. Unlike social networks or dating apps that require lengthy signups, free online chat platforms let you connect instantly\u2014without the hassle. In [&hellip;]<\/p>\n","protected":false},"author":8,"featured_media":0,"parent":0,"menu_order":0,"comment_status":"closed","ping_status":"closed","template":"","meta":{"footnotes":""},"class_list":["post-9038","page","type-page","status-publish","hentry"],"yoast_head":"<!-- This site is optimized with the Yoast SEO plugin v27.4 - https:\/\/yoast.com\/product\/yoast-seo-wordpress\/ -->\n<title>Free Online Chat with Video Chat on Strangercam.com<\/title>\n<meta name=\"description\" content=\"Liking Free Online Chat? Join millions on StrangerCam.com! Start a random video chat, turn on your cam, and meet strangers instantly.\" \/>\n<meta name=\"robots\" content=\"index, follow, max-snippet:-1, max-image-preview:large, max-video-preview:-1\" \/>\n<link rel=\"canonical\" href=\"https:\/\/strangercam.com\/tr\/ucretsiz-cevrimici-sohbet\/\" \/>\n<meta property=\"og:locale\" content=\"tr_TR\" \/>\n<meta property=\"og:type\" content=\"article\" \/>\n<meta property=\"og:title\" content=\"Free Online Chat with Video Chat on Strangercam.com\" \/>\n<meta property=\"og:description\" content=\"Liking Free Online Chat? Join millions on StrangerCam.com! Start a random video chat, turn on your cam, and meet strangers instantly.\" \/>\n<meta property=\"og:url\" content=\"https:\/\/strangercam.com\/tr\/ucretsiz-cevrimici-sohbet\/\" \/>\n<meta property=\"og:site_name\" content=\"Strangercam\" \/>\n<meta property=\"article:publisher\" content=\"https:\/\/www.facebook.com\/strangercam\" \/>\n<meta property=\"article:modified_time\" content=\"2025-09-29T10:03:57+00:00\" \/>\n<meta property=\"og:image\" content=\"https:\/\/strangercam.com\/wp-content\/uploads\/2021\/10\/Untitled-2.png\" \/>\n\t<meta property=\"og:image:width\" content=\"800\" \/>\n\t<meta property=\"og:image:height\" content=\"532\" \/>\n\t<meta property=\"og:image:type\" content=\"image\/png\" \/>\n<meta name=\"twitter:card\" content=\"summary_large_image\" \/>\n<meta name=\"twitter:site\" content=\"@strangercamapp\" \/>\n<meta name=\"twitter:label1\" content=\"Tahmini okuma s\u00fcresi\" \/>\n\t<meta name=\"twitter:data1\" content=\"4 dakika\" \/>\n<script type=\"application\/ld+json\" class=\"yoast-schema-graph\">{\"@context\":\"https:\\\/\\\/schema.org\",\"@graph\":[{\"@type\":\"WebPage\",\"@id\":\"https:\\\/\\\/strangercam.com\\\/free-online-chat\\\/\",\"url\":\"https:\\\/\\\/strangercam.com\\\/free-online-chat\\\/\",\"name\":\"Free Online Chat with Video Chat on Strangercam.com\",\"isPartOf\":{\"@id\":\"https:\\\/\\\/strangercam.com\\\/#website\"},\"datePublished\":\"2025-09-29T08:37:31+00:00\",\"dateModified\":\"2025-09-29T10:03:57+00:00\",\"description\":\"Liking Free Online Chat? Join millions on StrangerCam.com! Start a random video chat, turn on your cam, and meet strangers instantly.\",\"breadcrumb\":{\"@id\":\"https:\\\/\\\/strangercam.com\\\/free-online-chat\\\/#breadcrumb\"},\"inLanguage\":\"tr\",\"potentialAction\":[{\"@type\":\"ReadAction\",\"target\":[\"https:\\\/\\\/strangercam.com\\\/free-online-chat\\\/\"]}]},{\"@type\":\"BreadcrumbList\",\"@id\":\"https:\\\/\\\/strangercam.com\\\/free-online-chat\\\/#breadcrumb\",\"itemListElement\":[{\"@type\":\"ListItem\",\"position\":1,\"name\":\"Home\",\"item\":\"https:\\\/\\\/strangercam.com\\\/\"},{\"@type\":\"ListItem\",\"position\":2,\"name\":\"Free Online Chat\"}]},{\"@type\":\"WebSite\",\"@id\":\"https:\\\/\\\/strangercam.com\\\/#website\",\"url\":\"https:\\\/\\\/strangercam.com\\\/\",\"name\":\"Strangercam\",\"description\":\"Random Video Chat with Strangers\",\"publisher\":{\"@id\":\"https:\\\/\\\/strangercam.com\\\/#organization\"},\"alternateName\":\"Strangercam.com\",\"potentialAction\":[{\"@type\":\"SearchAction\",\"target\":{\"@type\":\"EntryPoint\",\"urlTemplate\":\"https:\\\/\\\/strangercam.com\\\/?s={search_term_string}\"},\"query-input\":{\"@type\":\"PropertyValueSpecification\",\"valueRequired\":true,\"valueName\":\"search_term_string\"}}],\"inLanguage\":\"tr\"},{\"@type\":\"Organization\",\"@id\":\"https:\\\/\\\/strangercam.com\\\/#organization\",\"name\":\"Strangercam\",\"alternateName\":\"Strangercam.com\",\"url\":\"https:\\\/\\\/strangercam.com\\\/\",\"logo\":{\"@type\":\"ImageObject\",\"inLanguage\":\"tr\",\"@id\":\"https:\\\/\\\/strangercam.com\\\/#\\\/schema\\\/logo\\\/image\\\/\",\"url\":\"https:\\\/\\\/strangercam.com\\\/wp-content\\\/uploads\\\/2020\\\/11\\\/cropped-new-favicon-black.png\",\"contentUrl\":\"https:\\\/\\\/strangercam.com\\\/wp-content\\\/uploads\\\/2020\\\/11\\\/cropped-new-favicon-black.png\",\"width\":512,\"height\":512,\"caption\":\"Strangercam\"},\"image\":{\"@id\":\"https:\\\/\\\/strangercam.com\\\/#\\\/schema\\\/logo\\\/image\\\/\"},\"sameAs\":[\"https:\\\/\\\/www.facebook.com\\\/strangercam\",\"https:\\\/\\\/x.com\\\/strangercamapp\"]}]}<\/script>\n<!-- \/ Yoast SEO plugin. -->","yoast_head_json":{"title":"Strangercam.com'da G\u00f6r\u00fcnt\u00fcl\u00fc Sohbet ile \u00dccretsiz \u00c7evrimi\u00e7i Sohbet","description":"\u00dccretsiz \u00c7evrimi\u00e7i Sohbeti Seviyor musunuz? StrangerCam.com'da Join milyonlarca! Rastgele bir g\u00f6r\u00fcnt\u00fcl\u00fc sohbet ba\u015flat\u0131n, kameran\u0131z\u0131 a\u00e7\u0131n ve yabanc\u0131larla an\u0131nda tan\u0131\u015f\u0131n.","robots":{"index":"index","follow":"follow","max-snippet":"max-snippet:-1","max-image-preview":"max-image-preview:large","max-video-preview":"max-video-preview:-1"},"canonical":"https:\/\/strangercam.com\/tr\/ucretsiz-cevrimici-sohbet\/","og_locale":"tr_TR","og_type":"article","og_title":"Free Online Chat with Video Chat on Strangercam.com","og_description":"Liking Free Online Chat? Join millions on StrangerCam.com! Start a random video chat, turn on your cam, and meet strangers instantly.","og_url":"https:\/\/strangercam.com\/tr\/ucretsiz-cevrimici-sohbet\/","og_site_name":"Strangercam","article_publisher":"https:\/\/www.facebook.com\/strangercam","article_modified_time":"2025-09-29T10:03:57+00:00","og_image":[{"width":800,"height":532,"url":"https:\/\/strangercam.com\/wp-content\/uploads\/2021\/10\/Untitled-2.png","type":"image\/png"}],"twitter_card":"summary_large_image","twitter_site":"@strangercamapp","twitter_misc":{"Tahmini okuma s\u00fcresi":"4 dakika"},"schema":{"@context":"https:\/\/schema.org","@graph":[{"@type":"WebPage","@id":"https:\/\/strangercam.com\/free-online-chat\/","url":"https:\/\/strangercam.com\/free-online-chat\/","name":"Strangercam.com'da G\u00f6r\u00fcnt\u00fcl\u00fc Sohbet ile \u00dccretsiz \u00c7evrimi\u00e7i Sohbet","isPartOf":{"@id":"https:\/\/strangercam.com\/#website"},"datePublished":"2025-09-29T08:37:31+00:00","dateModified":"2025-09-29T10:03:57+00:00","description":"\u00dccretsiz \u00c7evrimi\u00e7i Sohbeti Seviyor musunuz? StrangerCam.com'da Join milyonlarca! Rastgele bir g\u00f6r\u00fcnt\u00fcl\u00fc sohbet ba\u015flat\u0131n, kameran\u0131z\u0131 a\u00e7\u0131n ve yabanc\u0131larla an\u0131nda tan\u0131\u015f\u0131n.","breadcrumb":{"@id":"https:\/\/strangercam.com\/free-online-chat\/#breadcrumb"},"inLanguage":"tr","potentialAction":[{"@type":"ReadAction","target":["https:\/\/strangercam.com\/free-online-chat\/"]}]},{"@type":"BreadcrumbList","@id":"https:\/\/strangercam.com\/free-online-chat\/#breadcrumb","itemListElement":[{"@type":"ListItem","position":1,"name":"Home","item":"https:\/\/strangercam.com\/"},{"@type":"ListItem","position":2,"name":"Free Online Chat"}]},{"@type":"WebSite","@id":"https:\/\/strangercam.com\/#website","url":"https:\/\/strangercam.com\/","name":"Strangercam","description":"Yabanc\u0131larla Rastgele G\u00f6r\u00fcnt\u00fcl\u00fc Sohbet","publisher":{"@id":"https:\/\/strangercam.com\/#organization"},"alternateName":"Strangercam.com","potentialAction":[{"@type":"SearchAction","target":{"@type":"EntryPoint","urlTemplate":"https:\/\/strangercam.com\/?s={search_term_string}"},"query-input":{"@type":"PropertyValueSpecification","valueRequired":true,"valueName":"search_term_string"}}],"inLanguage":"tr"},{"@type":"Organization","@id":"https:\/\/strangercam.com\/#organization","name":"Strangercam","alternateName":"Strangercam.com","url":"https:\/\/strangercam.com\/","logo":{"@type":"ImageObject","inLanguage":"tr","@id":"https:\/\/strangercam.com\/#\/schema\/logo\/image\/","url":"https:\/\/strangercam.com\/wp-content\/uploads\/2020\/11\/cropped-new-favicon-black.png","contentUrl":"https:\/\/strangercam.com\/wp-content\/uploads\/2020\/11\/cropped-new-favicon-black.png","width":512,"height":512,"caption":"Strangercam"},"image":{"@id":"https:\/\/strangercam.com\/#\/schema\/logo\/image\/"},"sameAs":["https:\/\/www.facebook.com\/strangercam","https:\/\/x.com\/strangercamapp"]}]}},"_links":{"self":[{"href":"https:\/\/strangercam.com\/tr\/wp-json\/wp\/v2\/pages\/9038","targetHints":{"allow":["GET"]}}],"collection":[{"href":"https:\/\/strangercam.com\/tr\/wp-json\/wp\/v2\/pages"}],"about":[{"href":"https:\/\/strangercam.com\/tr\/wp-json\/wp\/v2\/types\/page"}],"author":[{"embeddable":true,"href":"https:\/\/strangercam.com\/tr\/wp-json\/wp\/v2\/users\/8"}],"replies":[{"embeddable":true,"href":"https:\/\/strangercam.com\/tr\/wp-json\/wp\/v2\/comments?post=9038"}],"version-history":[{"count":2,"href":"https:\/\/strangercam.com\/tr\/wp-json\/wp\/v2\/pages\/9038\/revisions"}],"predecessor-version":[{"id":13049,"href":"https:\/\/strangercam.com\/tr\/wp-json\/wp\/v2\/pages\/9038\/revisions\/13049"}],"wp:attachment":[{"href":"https:\/\/strangercam.com\/tr\/wp-json\/wp\/v2\/media?parent=9038"}],"curies":[{"name":"wp","href":"https:\/\/api.w.org\/{rel}","templated":true}]}}