{"id":881,"date":"2020-12-02T19:15:37","date_gmt":"2020-12-02T17:15:37","guid":{"rendered":"https:\/\/strangercam.com\/?page_id=881"},"modified":"2023-08-21T12:34:45","modified_gmt":"2023-08-21T10:34:45","slug":"ometv","status":"publish","type":"page","link":"https:\/\/strangercam.com\/tr\/ometv\/","title":{"rendered":"OmeTV"},"content":{"rendered":"<p>OmeTV bir <a href=\"https:\/\/strangercam.com\/tr\/rabbit-video-chat\/\">Video<\/a> <a href=\"https:\/\/strangercam.com\/tr\/chatroulette\/\">sohbet<\/a> yabanc\u0131larla konu\u015fabilece\u011finiz web sitesi ve uygulama. Bu web sitesi, sadece bir d\u00fc\u011fmeye t\u0131klayarak rastgele herhangi bir yabanc\u0131yla konu\u015fman\u0131za olanak tan\u0131r. Web sitesi bunun en iyi alternatif oldu\u011funu s\u00f6yl\u00fcyor <a href=\"https:\/\/strangercam.com\/tr\/omegle\/\">Omegle<\/a> Tv. OmeTv uygulamas\u0131 android ve iOS i\u00e7in kullan\u0131labilir.<\/p>\n<p>Gece veya g\u00fcnd\u00fcz, sohbet etmek istedi\u011finiz s\u00fcrece fark etmez; OmeTv size bir\u00e7ok f\u0131rsat sunmak i\u00e7in orada. OmeTv'de yakla\u015f\u0131k 10 milyon ki\u015fi kay\u0131tl\u0131. Bu insanlarla \u00f6zg\u00fcrce sohbet edebilirsiniz. Platform ayr\u0131ca milyonlarca insan aras\u0131ndan se\u00e7im yapman\u0131za ve se\u00e7im yapman\u0131za olanak tan\u0131r.<\/p>\n<p>Onlar\u0131n tek amac\u0131 insanlar\u0131 <a href=\"https:\/\/strangercam.com\/tr\/coomeet\/\">tan\u0131\u015fmak<\/a> giderek daha fazla insan; evlerinin rahatl\u0131\u011f\u0131nda sanal olarak kahve i\u00e7ebilir veya duygular\u0131n\u0131 onlarla payla\u015fabilir. Bu uygulamay\u0131 kullanarak asla yaln\u0131z hissetmeyeceksiniz. Size yeni arkada\u015flar edinme \u015fans\u0131 verir.<\/p>\n<h3>OmeTV'de Ya\u015f S\u0131n\u0131r\u0131 - Takip Ediliyor mu, G\u00f6z Ard\u0131 m\u0131 Ediliyor?<\/h3>\n<p>Uygulamayla ilgili en rahats\u0131z edici \u015feylerden biri, kullan\u0131c\u0131n\u0131n 18 ya\u015f\u0131ndan b\u00fcy\u00fck olmas\u0131 gerekti\u011fini bildirmesine ra\u011fmen, bunu do\u011frulamak i\u00e7in herhangi bir do\u011frulama yap\u0131lmamas\u0131d\u0131r. Uygulaman\u0131n 18 ya\u015f\u0131n alt\u0131ndaki bir\u00e7ok gen\u00e7 taraf\u0131ndan kullan\u0131ld\u0131\u011f\u0131 tespit edilmi\u015ftir.<\/p>\n<p>OmeTv'de bir hesaba ihtiyac\u0131n\u0131z yok; sadece Facebook \u00fczerinden oturum a\u00e7\u0131n ve rastgele bir yabanc\u0131yla sohbet etmeye haz\u0131rs\u0131n\u0131z.<\/p>\n<h3>Sizi Ne Yasaklatabilir?<\/h3>\n<p>Uygulama \u00e7e\u015fitli k\u0131s\u0131tlamalarla birlikte gelir. A\u015fa\u011f\u0131da belirtilen eylemleri ger\u00e7ekle\u015ftirdi\u011finiz i\u00e7in yasaklanabilirsiniz.<\/p>\n<ul>\n<li style=\"font-weight: 400;\" aria-level=\"1\">Sanal i\u00e7in talepte bulunma <a href=\"https:\/\/strangercam.com\/tr\/shagle\/\">seks<\/a> ya da \u00e7\u0131plakl\u0131k.<\/li>\n<li style=\"font-weight: 400;\" aria-level=\"1\">Sak\u0131ncal\u0131 g\u00f6r\u00fcnt\u00fc ve videolar\u0131n g\u00f6sterilmesi.<\/li>\n<li style=\"font-weight: 400;\" aria-level=\"1\">Kabal\u0131k, din veya \u0131rka y\u00f6nelik hakaretler, depresif yorumlar vb. gibi sayg\u0131s\u0131z faaliyetler.<\/li>\n<li style=\"font-weight: 400;\" aria-level=\"1\">Spam yapmaya izin verilmez. Uygulama, di\u011fer web sitelerine ba\u011flant\u0131 payla\u015fman\u0131z\u0131 yasaklar.<\/li>\n<\/ul>\n<h3>\u015eartlar ve Ko\u015fullar<\/h3>\n<p>OmeTv, videonuzu her yerde kullanabileceklerini a\u00e7\u0131k\u00e7a belirtmi\u015ftir. H\u00fck\u00fcm ve ko\u015fullar\u0131na g\u00f6re, telif hakk\u0131n\u0131 koruyabilirsiniz, ancak videolar\u0131n\u0131z\u0131n i\u00e7eri\u011finin ne ve nerede yay\u0131nlanaca\u011f\u0131 konusunda s\u00f6z hakk\u0131n\u0131z yoktur.<\/p>\n<p>OmeTv kendi \u00fczerine herhangi bir sorumluluk almaya haz\u0131r de\u011fil. Yanl\u0131\u015f gidebilecek herhangi bir \u015feyden yaln\u0131zca kullan\u0131c\u0131lar\u0131n sorumlu oldu\u011funu s\u00f6yl\u00fcyor.<\/p>\n<h3>Gizlilik Politikas\u0131<\/h3>\n<p>\u015eirket, ki\u015fisel bilgilerinizi korumay\u0131 ve gizlilik haklar\u0131n\u0131 g\u00f6zetmeyi taahh\u00fct eder. Gizlilik her insan\u0131n temel bir hakk\u0131d\u0131r. Bu hakk\u0131n ihlali bir\u00e7ok komplikasyona yol a\u00e7ar. Bu t\u00fcr zorluklardan ka\u00e7\u0131nmak i\u00e7in, ilk g\u00fcnden itibaren OmeTv bu kat\u0131 stratejiyi geli\u015ftirdi.<\/p>\n<p>Web sitesi, veri denetleyicisi olarak hareket etti\u011fi s\u00fcrece verilerinizi i\u015fleme sorumlulu\u011funu \u00fcstlenir. Bir sosyal medya hesab\u0131ndan profil olu\u015ftururken profil resminiz, ad\u0131n\u0131z, telefon numaran\u0131z, adresiniz ve saat diliminiz gibi temel bilgilere ihtiya\u00e7 duyabilirler.<\/p>\n<p>Web sitesi bunun d\u0131\u015f\u0131nda herhangi bir bilgi almak veya verilerinize eri\u015fmek niyetinde de\u011fildir. Hatta web sitesindeki deneyiminizi daha sorunsuz hale getirmek i\u00e7in yap\u0131lmaktad\u0131r.<\/p>\n<p>Ki\u015fisel bilgileriniz a\u015fa\u011f\u0131dakilerle payla\u015f\u0131labilir;<\/p>\n<ul>\n<li style=\"font-weight: 400;\" aria-level=\"1\">Bir tan\u0131\u015fma uygulamas\u0131 oldu\u011fu i\u00e7in ad\u0131n\u0131z, ya\u015f\u0131n\u0131z, cinsiyetiniz, konumunuz, herkese a\u00e7\u0131k resimleriniz gibi ki\u015fisel bilgileriniz di\u011fer kullan\u0131c\u0131lar taraf\u0131ndan g\u00f6r\u00fclebilir.<\/li>\n<li style=\"font-weight: 400;\" aria-level=\"1\">Web sitesi ki\u015fisel bilgilerinizi ve verilerinizi sigortac\u0131larla payla\u015fabilir. Bu veriler, sigorta tutarlar\u0131n\u0131n kar\u015f\u0131lanmas\u0131 ve maliyetlerin y\u00f6netilmesi i\u00e7in bankalar ve profesyonel dan\u0131\u015fmanlarla da payla\u015f\u0131labilir.<\/li>\n<li style=\"font-weight: 400;\" aria-level=\"1\">\u0130\u015flem verileriniz web sitesinin Google, PayPal, Interkassa, SecurionPay, Apple ve SMSBILL gibi \u00f6deme sa\u011flay\u0131c\u0131lar\u0131 ile payla\u015f\u0131lacakt\u0131r.<\/li>\n<\/ul>\n<h3>Di\u011fer Sorunlar<\/h3>\n<p>Uygulamada sorunlu olan baz\u0131 \u00f6zellikler var. \u00dc\u00e7\u00fcnc\u00fc bir ki\u015finin \u00f6zel bir sohbeti dinleyebilece\u011fi bir casus modu vard\u0131r. Spycam, herhangi bir bireyin mahremiyeti i\u00e7in \u00f6nemli bir risktir. Anonim oldu\u011fu i\u00e7in insanlar\u0131n i\u00e7indeki k\u00f6t\u00fcl\u00fc\u011f\u00fc ortaya \u00e7\u0131karabilir. \u015eantaj i\u00e7in bile kullan\u0131labilir.<\/p>\n<p>\u00dcstelik i\u00e7eri\u011fi sadece birka\u00e7 d\u00fczine moderat\u00f6r kontrol ediyor. Bunlar 10 milyonluk devasa trafi\u011fin g\u00fcvenli olup olmad\u0131\u011f\u0131n\u0131 tespit etmek i\u00e7in yeterli de\u011fil. Arkada\u015fl\u0131k siteleri i\u00e7in daha yo\u011fun trafi\u011fin daha iyi oldu\u011fu s\u0131k s\u0131k s\u00f6ylenir. Ancak bu trafi\u011fi y\u00f6netmek de zordur. \u00c7ok az kontrol ve denge nedeniyle bir\u00e7ok bilgisayar korsan\u0131 ve su\u00e7lu da platforma kat\u0131labilir.<\/p>\n<p>18+ k\u0131s\u0131tlamalar\u0131 web sitesinde yok gibi g\u00f6r\u00fcn\u00fcyor. On sekiz ya\u015f\u0131n alt\u0131ndaki bir\u00e7ok gen\u00e7 web sitesine kat\u0131ld\u0131. Hepsi d\u0131\u015f d\u00fcnyaya maruz kal\u0131yor. Bu ya\u015ftaki \u00e7ocuklar\u0131 manip\u00fcle etmek kolay oldu\u011fu i\u00e7in onlar i\u00e7in tehlikeli olabilir.<\/p>\n<h3>Trustpilot Yorumlar\u0131<\/h3>\n<p>Trustpilot'taki bir\u00e7ok ki\u015fi, ba\u015fkalar\u0131n\u0131n eylemleri nedeniyle yasakland\u0131klar\u0131ndan \u015fikayet etti. Ayr\u0131ca, yasa\u011f\u0131n\u0131z\u0131 kald\u0131rmak i\u00e7in ba\u011f\u0131\u015f istiyorlar. Bu, \u015firketin g\u00f6lgeli do\u011fas\u0131n\u0131 g\u00f6sterir.<\/p>\n<p>Ancak hikayenin her zaman ba\u015fka bir taraf\u0131 vard\u0131r. O taraf\u0131 kendiniz bulmak i\u00e7in web sitesini kullanabilirsiniz!<\/p>\n<h3>\u015eik\u00e2yet Prosed\u00fcr\u00fc<\/h3>\n<p>Tek ba\u015f\u0131n\u0131za de\u011filsiniz!<\/p>\n<p>OmeTv herkes i\u00e7in g\u00fcvenli bir yerdir. Bir \u015fey veya biri sizi rahats\u0131z ederse, onlar\u0131 yetkililere \u015fikayet edebilirsiniz. Bu \u00f6zellik, insanlar\u0131n OmeTv'yi kullan\u0131rken kendilerini g\u00fcvende hissetmelerini sa\u011flamak i\u00e7in tan\u0131t\u0131ld\u0131.<\/p>\n<p>Platformun rollerini ihlal etti\u011fini d\u00fc\u015f\u00fcnd\u00fc\u011f\u00fcn\u00fcz herhangi bir kullan\u0131c\u0131ya kar\u015f\u0131 \u015fikayette bulunabilirsiniz. \u015eikayetinizi daha etkili hale getirmek i\u00e7in, yetkililerin sorunu bulmas\u0131n\u0131, tan\u0131mlamas\u0131n\u0131 ve \u00e7\u00f6zmesini kolayla\u015ft\u0131rmak i\u00e7in sohbetin ekran g\u00f6r\u00fcnt\u00fclerini ve di\u011fer ilgili bilgileri ekleyebilirsiniz.<\/p>\n<p>Herhangi bir kullan\u0131c\u0131ya kar\u015f\u0131 \u00e7ok fazla \u015fikayet al\u0131n\u0131rsa, web sitesi otomatik olarak hizmetlerini kullanmas\u0131n\u0131 yasaklayacakt\u0131r. Bu, di\u011fer kullan\u0131c\u0131lar\u0131n g\u00fcvenli\u011fini sa\u011flamak i\u00e7in yap\u0131l\u0131r. Ancak herhangi bir ciddi i\u015flem yapmadan \u00f6nce her \u015fey dikkatlice analiz edilir.<\/p>\n<h3>Kullanay\u0131m m\u0131 kullanmayay\u0131m m\u0131?<\/h3>\n<p>Kullan\u0131c\u0131lar\u0131n gizlili\u011fine \u00f6ncelik verilmesi gerekti\u011fine inan\u0131yoruz. Verilmiyorsa bile en az\u0131ndan sayg\u0131 duyulmal\u0131d\u0131r!<\/p>\n<p>Ancak g\u00f6r\u00fcnen o ki OmeTv bunu yapmaya istekli de\u011fil. Gizlilik politikalar\u0131nda verilerinizi \u00fc\u00e7\u00fcnc\u00fc taraflarla payla\u015fabilecekleri belirtiliyor. Verilerinizi tehlikeye atmak bir se\u00e7enek de\u011fildir. Bu y\u00fczden bundan ka\u00e7\u0131nmak daha iyidir.<\/p>\n<p>Bunun yerine, \u015funlar\u0131 kullanabilirsiniz <a href=\"https:\/\/strangercam.com\/tr\/\">Strangercam<\/a>. Daha iyi ve daha g\u00fcvenilir bir \u00e7evrimi\u00e7i g\u00f6r\u00fcnt\u00fcl\u00fc sohbet odas\u0131d\u0131r. Yeni insanlarla tan\u0131\u015fabilir ve onlarla sohbet edebilirsiniz. Verileriniz ve gizlili\u011finiz hakk\u0131nda endi\u015felenmenize gerek yok \u00e7\u00fcnk\u00fc stangercam maksimum g\u00fcvenlik sa\u011flar ve verilerinizi korur.<\/p>\n<h3>Sonu\u00e7<\/h3>\n<p>Bu web sitesi ile ilgili bir\u00e7ok endi\u015fe verici konu bulunmaktad\u0131r. S\u00f6ylendi\u011fine g\u00f6re <a href=\"https:\/\/play.google.com\/\">Google Play<\/a>\u00a0ve App Store bu t\u00fcr uygulamalar\u0131 taramal\u0131d\u0131r. Ya\u015f\u0131 d\u00fczg\u00fcn bir \u015fekilde do\u011frulamayan ve ebeveyn kontrol\u00fc olmayan uygulamalar\u0131n platformlar\u0131na eklenmesine izin vermemelidirler.<\/p>\n<p>Gizlilik politikalar\u0131n\u0131 iyile\u015ftirmek g\u00fcvenilirliklerini art\u0131rabilir. Ancak \u015fu an i\u00e7in piyasada aralar\u0131ndan se\u00e7im yapabilece\u011finiz daha g\u00fcvenli ba\u015fka se\u00e7enekler de var.<\/p>","protected":false},"excerpt":{"rendered":"<p>OmeTV is a video chat website and app using which you can talk to strangers. This website allows you to talk to any random stranger with just a click of a button. The website says that it is the best alternative to Omegle Tv. The app for OmeTv is available for android and iOS. Day [&hellip;]<\/p>\n","protected":false},"author":6,"featured_media":559,"parent":0,"menu_order":0,"comment_status":"closed","ping_status":"closed","template":"","meta":{"footnotes":""},"class_list":["post-881","page","type-page","status-publish","has-post-thumbnail","hentry"],"yoast_head":"<!-- This site is optimized with the Yoast SEO plugin v26.9 - https:\/\/yoast.com\/product\/yoast-seo-wordpress\/ -->\n<title>OmeTV - Omegle Random Chat Alternative on StrangerCam.com<\/title>\n<meta name=\"description\" content=\"Like OmeTV? Come chat with more than 5.000.000 strangers on Stranger Cam for Free! Turn on your cam and find new friends &amp; maby a match!\" \/>\n<meta name=\"robots\" content=\"index, follow, max-snippet:-1, max-image-preview:large, max-video-preview:-1\" \/>\n<link rel=\"canonical\" href=\"https:\/\/strangercam.com\/tr\/ometv\/\" \/>\n<meta property=\"og:locale\" content=\"tr_TR\" \/>\n<meta property=\"og:type\" content=\"article\" \/>\n<meta property=\"og:title\" content=\"OmeTV - Omegle Random Chat Alternative on StrangerCam.com\" \/>\n<meta property=\"og:description\" content=\"Like OmeTV? Come chat with more than 5.000.000 strangers on Stranger Cam for Free! Turn on your cam and find new friends &amp; maby a match!\" \/>\n<meta property=\"og:url\" content=\"https:\/\/strangercam.com\/tr\/ometv\/\" \/>\n<meta property=\"og:site_name\" content=\"Strangercam\" \/>\n<meta property=\"article:publisher\" content=\"https:\/\/www.facebook.com\/strangercam\" \/>\n<meta property=\"article:modified_time\" content=\"2023-08-21T10:34:45+00:00\" \/>\n<meta property=\"og:image\" content=\"https:\/\/strangercam.com\/wp-content\/uploads\/2020\/11\/stranger-cam-1.png\" \/>\n\t<meta property=\"og:image:width\" content=\"800\" \/>\n\t<meta property=\"og:image:height\" content=\"800\" \/>\n\t<meta property=\"og:image:type\" content=\"image\/png\" \/>\n<meta name=\"twitter:card\" content=\"summary_large_image\" \/>\n<meta name=\"twitter:site\" content=\"@strangercamapp\" \/>\n<meta name=\"twitter:label1\" content=\"Tahmini okuma s\u00fcresi\" \/>\n\t<meta name=\"twitter:data1\" content=\"5 dakika\" \/>\n<script type=\"application\/ld+json\" class=\"yoast-schema-graph\">{\"@context\":\"https:\/\/schema.org\",\"@graph\":[{\"@type\":\"WebPage\",\"@id\":\"https:\/\/strangercam.com\/ometv\/\",\"url\":\"https:\/\/strangercam.com\/ometv\/\",\"name\":\"OmeTV - Omegle Random Chat Alternative on StrangerCam.com\",\"isPartOf\":{\"@id\":\"https:\/\/strangercam.com\/#website\"},\"primaryImageOfPage\":{\"@id\":\"https:\/\/strangercam.com\/ometv\/#primaryimage\"},\"image\":{\"@id\":\"https:\/\/strangercam.com\/ometv\/#primaryimage\"},\"thumbnailUrl\":\"https:\/\/strangercam.com\/wp-content\/uploads\/2020\/11\/stranger-cam-1.png\",\"datePublished\":\"2020-12-02T17:15:37+00:00\",\"dateModified\":\"2023-08-21T10:34:45+00:00\",\"description\":\"Like OmeTV? Come chat with more than 5.000.000 strangers on Stranger Cam for Free! Turn on your cam and find new friends & maby a match!\",\"breadcrumb\":{\"@id\":\"https:\/\/strangercam.com\/ometv\/#breadcrumb\"},\"inLanguage\":\"tr\",\"potentialAction\":[{\"@type\":\"ReadAction\",\"target\":[\"https:\/\/strangercam.com\/ometv\/\"]}]},{\"@type\":\"ImageObject\",\"inLanguage\":\"tr\",\"@id\":\"https:\/\/strangercam.com\/ometv\/#primaryimage\",\"url\":\"https:\/\/strangercam.com\/wp-content\/uploads\/2020\/11\/stranger-cam-1.png\",\"contentUrl\":\"https:\/\/strangercam.com\/wp-content\/uploads\/2020\/11\/stranger-cam-1.png\",\"width\":800,\"height\":800,\"caption\":\"stranger cam random video chat\"},{\"@type\":\"BreadcrumbList\",\"@id\":\"https:\/\/strangercam.com\/ometv\/#breadcrumb\",\"itemListElement\":[{\"@type\":\"ListItem\",\"position\":1,\"name\":\"Home\",\"item\":\"https:\/\/strangercam.com\/\"},{\"@type\":\"ListItem\",\"position\":2,\"name\":\"OmeTV\"}]},{\"@type\":\"WebSite\",\"@id\":\"https:\/\/strangercam.com\/#website\",\"url\":\"https:\/\/strangercam.com\/\",\"name\":\"Strangercam\",\"description\":\"Random Video Chat with Strangers\",\"publisher\":{\"@id\":\"https:\/\/strangercam.com\/#organization\"},\"alternateName\":\"Strangercam.com\",\"potentialAction\":[{\"@type\":\"SearchAction\",\"target\":{\"@type\":\"EntryPoint\",\"urlTemplate\":\"https:\/\/strangercam.com\/?s={search_term_string}\"},\"query-input\":{\"@type\":\"PropertyValueSpecification\",\"valueRequired\":true,\"valueName\":\"search_term_string\"}}],\"inLanguage\":\"tr\"},{\"@type\":\"Organization\",\"@id\":\"https:\/\/strangercam.com\/#organization\",\"name\":\"Strangercam\",\"alternateName\":\"Strangercam.com\",\"url\":\"https:\/\/strangercam.com\/\",\"logo\":{\"@type\":\"ImageObject\",\"inLanguage\":\"tr\",\"@id\":\"https:\/\/strangercam.com\/#\/schema\/logo\/image\/\",\"url\":\"https:\/\/strangercam.com\/wp-content\/uploads\/2020\/11\/cropped-new-favicon-black.png\",\"contentUrl\":\"https:\/\/strangercam.com\/wp-content\/uploads\/2020\/11\/cropped-new-favicon-black.png\",\"width\":512,\"height\":512,\"caption\":\"Strangercam\"},\"image\":{\"@id\":\"https:\/\/strangercam.com\/#\/schema\/logo\/image\/\"},\"sameAs\":[\"https:\/\/www.facebook.com\/strangercam\",\"https:\/\/x.com\/strangercamapp\"]}]}<\/script>\n<!-- \/ Yoast SEO plugin. -->","yoast_head_json":{"title":"OmeTV - Omegle StrangerCam.com'da Rastgele Chat Alternative","description":"OmeTV'yi be\u011fendiniz mi? Gelin Stranger Cam'de 5.000.000'dan fazla yabanc\u0131yla \u00dccretsiz sohbet edin! Kameran\u0131z\u0131 a\u00e7\u0131n ve yeni arkada\u015flar ve belki bir e\u015fle\u015fme bulun!","robots":{"index":"index","follow":"follow","max-snippet":"max-snippet:-1","max-image-preview":"max-image-preview:large","max-video-preview":"max-video-preview:-1"},"canonical":"https:\/\/strangercam.com\/tr\/ometv\/","og_locale":"tr_TR","og_type":"article","og_title":"OmeTV - Omegle Random Chat Alternative on StrangerCam.com","og_description":"Like OmeTV? Come chat with more than 5.000.000 strangers on Stranger Cam for Free! Turn on your cam and find new friends & maby a match!","og_url":"https:\/\/strangercam.com\/tr\/ometv\/","og_site_name":"Strangercam","article_publisher":"https:\/\/www.facebook.com\/strangercam","article_modified_time":"2023-08-21T10:34:45+00:00","og_image":[{"width":800,"height":800,"url":"https:\/\/strangercam.com\/wp-content\/uploads\/2020\/11\/stranger-cam-1.png","type":"image\/png"}],"twitter_card":"summary_large_image","twitter_site":"@strangercamapp","twitter_misc":{"Tahmini okuma s\u00fcresi":"5 dakika"},"schema":{"@context":"https:\/\/schema.org","@graph":[{"@type":"WebPage","@id":"https:\/\/strangercam.com\/ometv\/","url":"https:\/\/strangercam.com\/ometv\/","name":"OmeTV - Omegle StrangerCam.com'da Rastgele Chat Alternative","isPartOf":{"@id":"https:\/\/strangercam.com\/#website"},"primaryImageOfPage":{"@id":"https:\/\/strangercam.com\/ometv\/#primaryimage"},"image":{"@id":"https:\/\/strangercam.com\/ometv\/#primaryimage"},"thumbnailUrl":"https:\/\/strangercam.com\/wp-content\/uploads\/2020\/11\/stranger-cam-1.png","datePublished":"2020-12-02T17:15:37+00:00","dateModified":"2023-08-21T10:34:45+00:00","description":"OmeTV'yi be\u011fendiniz mi? Gelin Stranger Cam'de 5.000.000'dan fazla yabanc\u0131yla \u00dccretsiz sohbet edin! Kameran\u0131z\u0131 a\u00e7\u0131n ve yeni arkada\u015flar ve belki bir e\u015fle\u015fme bulun!","breadcrumb":{"@id":"https:\/\/strangercam.com\/ometv\/#breadcrumb"},"inLanguage":"tr","potentialAction":[{"@type":"ReadAction","target":["https:\/\/strangercam.com\/ometv\/"]}]},{"@type":"ImageObject","inLanguage":"tr","@id":"https:\/\/strangercam.com\/ometv\/#primaryimage","url":"https:\/\/strangercam.com\/wp-content\/uploads\/2020\/11\/stranger-cam-1.png","contentUrl":"https:\/\/strangercam.com\/wp-content\/uploads\/2020\/11\/stranger-cam-1.png","width":800,"height":800,"caption":"stranger cam random video chat"},{"@type":"BreadcrumbList","@id":"https:\/\/strangercam.com\/ometv\/#breadcrumb","itemListElement":[{"@type":"ListItem","position":1,"name":"Home","item":"https:\/\/strangercam.com\/"},{"@type":"ListItem","position":2,"name":"OmeTV"}]},{"@type":"WebSite","@id":"https:\/\/strangercam.com\/#website","url":"https:\/\/strangercam.com\/","name":"Strangercam","description":"Yabanc\u0131larla Rastgele G\u00f6r\u00fcnt\u00fcl\u00fc Sohbet","publisher":{"@id":"https:\/\/strangercam.com\/#organization"},"alternateName":"Strangercam.com","potentialAction":[{"@type":"SearchAction","target":{"@type":"EntryPoint","urlTemplate":"https:\/\/strangercam.com\/?s={search_term_string}"},"query-input":{"@type":"PropertyValueSpecification","valueRequired":true,"valueName":"search_term_string"}}],"inLanguage":"tr"},{"@type":"Organization","@id":"https:\/\/strangercam.com\/#organization","name":"Strangercam","alternateName":"Strangercam.com","url":"https:\/\/strangercam.com\/","logo":{"@type":"ImageObject","inLanguage":"tr","@id":"https:\/\/strangercam.com\/#\/schema\/logo\/image\/","url":"https:\/\/strangercam.com\/wp-content\/uploads\/2020\/11\/cropped-new-favicon-black.png","contentUrl":"https:\/\/strangercam.com\/wp-content\/uploads\/2020\/11\/cropped-new-favicon-black.png","width":512,"height":512,"caption":"Strangercam"},"image":{"@id":"https:\/\/strangercam.com\/#\/schema\/logo\/image\/"},"sameAs":["https:\/\/www.facebook.com\/strangercam","https:\/\/x.com\/strangercamapp"]}]}},"_links":{"self":[{"href":"https:\/\/strangercam.com\/tr\/wp-json\/wp\/v2\/pages\/881","targetHints":{"allow":["GET"]}}],"collection":[{"href":"https:\/\/strangercam.com\/tr\/wp-json\/wp\/v2\/pages"}],"about":[{"href":"https:\/\/strangercam.com\/tr\/wp-json\/wp\/v2\/types\/page"}],"author":[{"embeddable":true,"href":"https:\/\/strangercam.com\/tr\/wp-json\/wp\/v2\/users\/6"}],"replies":[{"embeddable":true,"href":"https:\/\/strangercam.com\/tr\/wp-json\/wp\/v2\/comments?post=881"}],"version-history":[{"count":0,"href":"https:\/\/strangercam.com\/tr\/wp-json\/wp\/v2\/pages\/881\/revisions"}],"wp:featuredmedia":[{"embeddable":true,"href":"https:\/\/strangercam.com\/tr\/wp-json\/wp\/v2\/media\/559"}],"wp:attachment":[{"href":"https:\/\/strangercam.com\/tr\/wp-json\/wp\/v2\/media?parent=881"}],"curies":[{"name":"wp","href":"https:\/\/api.w.org\/{rel}","templated":true}]}}