{"id":8689,"date":"2021-10-27T09:18:47","date_gmt":"2021-10-27T07:18:47","guid":{"rendered":"https:\/\/strangercam.com\/?page_id=8689"},"modified":"2023-08-21T11:40:39","modified_gmt":"2023-08-21T09:40:39","slug":"chat-hour","status":"publish","type":"page","link":"https:\/\/strangercam.com\/tr\/chat-hour\/","title":{"rendered":"Chat Hour"},"content":{"rendered":"<p>Y\u00fcksek h\u0131zl\u0131 internetin ve diz\u00fcst\u00fc bilgisayar ve ak\u0131ll\u0131 telefonlar gibi modern cihazlar\u0131n ortaya \u00e7\u0131k\u0131\u015f\u0131, ileti\u015fim ve bilgi payla\u015f\u0131m\u0131nda tamamen devrim yaratt\u0131. Web, hem bilgili hem de e\u011flenceli pek \u00e7ok olanak sunuyor. Bug\u00fcnlerde hayat sadece daha rahat ve daha kolay hale geldi. Art\u0131k hi\u00e7bir yere gitmeden d\u00fcnyan\u0131n her yerinden tan\u0131d\u0131k insanlarla ve hatta yabanc\u0131larla ba\u011flant\u0131da kalmak \u00e7ok kolay. <a href=\"https:\/\/strangercam.com\/tr\/chatroulette\/\">Sohbet<\/a> Saat, olmak i\u00e7in en iyi yerdir <a href=\"https:\/\/strangercam.com\/tr\/coomeet\/\">tan\u0131\u015fmak<\/a> yeni insanlar ve yeni arkada\u015flar edinmek.<\/p>\n<p><strong><a href=\"https:\/\/strangercam.com\/tr\/mili\/\">Canl\u0131<\/a> g\u00f6r\u00fcnt\u00fcl\u00fc sohbet<\/strong><\/p>\n<p>Web'deki en son moda olarak kabul edilir. Her ya\u015ftan insan, Chat Hour gibi sohbet portallar\u0131n\u0131 kullanarak ba\u015fkalar\u0131yla ba\u011flant\u0131 kurmak i\u00e7in web'i alm\u0131\u015f gibi g\u00f6r\u00fcn\u00fcyor. Bu t\u00fcr hizmetler \u00e7ok say\u0131da metin mesajla\u015fma arac\u0131 sunarken <a href=\"https:\/\/strangercam.com\/tr\/chat4free\/\">\u00fccretsiz<\/a> kay\u0131t olmak ve kullanmak i\u00e7in. Art\u0131k arkada\u015flar\u0131n\u0131zla, tan\u0131d\u0131klar\u0131n\u0131zla ve tamamen yabanc\u0131larla g\u00f6r\u00fcnt\u00fcl\u00fc sohbet etmeye ba\u015flamak i\u00e7in \u00e7evrimi\u00e7i olabilirsiniz. Onlarla etkile\u015fim kurmak sadece bir d\u00fc\u011fmeye dokunmay\u0131 ve web kameran\u0131z\u0131 veya ak\u0131ll\u0131 telefon kameran\u0131z\u0131 kullanmay\u0131 gerektirir.<\/p>\n<p>Chat Hour gibi tan\u0131nm\u0131\u015f siteler, insanlar\u0131n \u2018sanal d\u00fcnyadan\u2019 yabanc\u0131larla tan\u0131\u015fmas\u0131na izin verir. Mesajla\u015fman\u0131n yan\u0131 s\u0131ra, di\u011fer ki\u015finin ne s\u00f6yleyece\u011fini ve bunu da ger\u00e7ek zamanl\u0131 olarak g\u00f6rebilir ve duyabilirsiniz. \u0130kiniz de ayr\u0131 \u00fclkelerde olabilirsiniz. Ancak \u00e7evrimi\u00e7i sohbet portallar\u0131nda mesafe art\u0131k bir sorun de\u011fil. Ayr\u0131ca \u015funlar\u0131 yapman\u0131za da olanak tan\u0131r <a href=\"https:\/\/strangercam.com\/tr\/rabbit-video-chat\/\">g\u00f6r\u00fcnt\u00fcl\u00fc sohbet<\/a> hareket halindeyken bile.<\/p>\n<p><strong>Pop\u00fclerlik<\/strong><\/p>\n<p>Ger\u00e7ek \u015fu ki, hem gen\u00e7ler hem de yeti\u015fkinler canl\u0131 g\u00f6r\u00fcnt\u00fcl\u00fc sohbetleri kullan\u0131yor ve bu say\u0131 her ge\u00e7en g\u00fcn art\u0131yor gibi g\u00f6r\u00fcn\u00fcyor. Artan pop\u00fclaritesi i\u00e7in belirtilen bir di\u011fer neden de geli\u015fmekte olan \u00fclkelerde bile y\u00fcksek verimli, kesintisiz, h\u0131zl\u0131 geni\u015f bant hizmetlerinin sunulmas\u0131d\u0131r. Ger\u00e7ekten ucuz olmalar\u0131n\u0131n yan\u0131 s\u0131ra s\u0131n\u0131rs\u0131z indirme ve b\u00fcy\u00fck miktarlarda veri iletimine olanak sa\u011fl\u0131yorlar. Herhangi bir g\u00fc\u00e7l\u00fckle kar\u015f\u0131la\u015fmak zorunda kalmadan istedi\u011finiz herhangi bir cihaz\u0131 kullanarak Chat Hour'ye ba\u011flanabilirsiniz.<\/p>\n<p><strong>\u00c7e\u015fitli ama\u00e7lara hizmet etmek<\/strong><\/p>\n<p>G\u00f6r\u00fcnt\u00fcl\u00fc sohbeti sadece e\u011flence amac\u0131yla, yeni arkada\u015flar edinmek i\u00e7in veya bilinen arkada\u015flar\u0131n\u0131zla sohbet etmek i\u00e7in kullanabilirsiniz. Ger\u00e7ekten de istedi\u011finiz zaman sosyalle\u015fmenizi sa\u011flayan harika bir ara\u00e7t\u0131r. Chat Hour'yi kullanarak, uzakta, belki ba\u015fka bir \u015fehirde veya \u00fclkede kalan arkada\u015flar\u0131n\u0131z ve ailenizle ba\u011flant\u0131 kurabilirsiniz. Bu t\u00fcr hizmetlerin video konferanslar ger\u00e7ekle\u015ftirmek i\u00e7in de yararl\u0131 oldu\u011fu g\u00f6r\u00fclm\u00fc\u015ft\u00fcr. \u0130nternet, mikrofon ve web kameras\u0131 gibi ek olanaklarla mesafeyi azaltmay\u0131 ba\u015fard\u0131. Herkesle g\u00f6r\u00fcnt\u00fcl\u00fc sohbetin tad\u0131n\u0131 \u00e7\u0131karmak i\u00e7in bu t\u00fcr portallardan ve ileri teknolojiden tam olarak yararlanmal\u0131s\u0131n\u0131z.<\/p>","protected":false},"excerpt":{"rendered":"<p>The advent of high-speed internet and modern devices like laptop and smartphones has completely revolutionized communication and information sharing. The web does offer plenty of facilities, both knowledgeable and entertaining. Life these days has only become more comfortable and easier. It is now easy to stay connected with known people and even strangers from all [&hellip;]<\/p>\n","protected":false},"author":6,"featured_media":559,"parent":0,"menu_order":0,"comment_status":"closed","ping_status":"closed","template":"","meta":{"footnotes":""},"class_list":["post-8689","page","type-page","status-publish","has-post-thumbnail","hentry"],"yoast_head":"<!-- This site is optimized with the Yoast SEO plugin v27.4 - https:\/\/yoast.com\/product\/yoast-seo-wordpress\/ -->\n<title>Chat Hour - Anonymous Chat For Two - Cam on StrangerCam.com<\/title>\n<meta name=\"description\" content=\"Like Chat Hour? Come chat with more than 5.000.000 strangers on Stranger Cam for Free! Turn on your cam and find new friends &amp; maby a match!\" \/>\n<meta name=\"robots\" content=\"index, follow, max-snippet:-1, max-image-preview:large, max-video-preview:-1\" \/>\n<link rel=\"canonical\" href=\"https:\/\/strangercam.com\/tr\/chat-hour\/\" \/>\n<meta property=\"og:locale\" content=\"tr_TR\" \/>\n<meta property=\"og:type\" content=\"article\" \/>\n<meta property=\"og:title\" content=\"Chat Hour - Anonymous Chat For Two - Cam on StrangerCam.com\" \/>\n<meta property=\"og:description\" content=\"Like Chat Hour? Come chat with more than 5.000.000 strangers on Stranger Cam for Free! Turn on your cam and find new friends &amp; maby a match!\" \/>\n<meta property=\"og:url\" content=\"https:\/\/strangercam.com\/tr\/chat-hour\/\" \/>\n<meta property=\"og:site_name\" content=\"Strangercam\" \/>\n<meta property=\"article:publisher\" content=\"https:\/\/www.facebook.com\/strangercam\" \/>\n<meta property=\"article:modified_time\" content=\"2023-08-21T09:40:39+00:00\" \/>\n<meta property=\"og:image\" content=\"https:\/\/strangercam.com\/wp-content\/uploads\/2020\/11\/stranger-cam-1.png\" \/>\n\t<meta property=\"og:image:width\" content=\"800\" \/>\n\t<meta property=\"og:image:height\" content=\"800\" \/>\n\t<meta property=\"og:image:type\" content=\"image\/png\" \/>\n<meta name=\"twitter:card\" content=\"summary_large_image\" \/>\n<meta name=\"twitter:site\" content=\"@strangercamapp\" \/>\n<meta name=\"twitter:label1\" content=\"Tahmini okuma s\u00fcresi\" \/>\n\t<meta name=\"twitter:data1\" content=\"2 dakika\" \/>\n<script type=\"application\/ld+json\" class=\"yoast-schema-graph\">{\"@context\":\"https:\\\/\\\/schema.org\",\"@graph\":[{\"@type\":\"WebPage\",\"@id\":\"https:\\\/\\\/strangercam.com\\\/chat-hour\\\/\",\"url\":\"https:\\\/\\\/strangercam.com\\\/chat-hour\\\/\",\"name\":\"Chat Hour - Anonymous Chat For Two - Cam on StrangerCam.com\",\"isPartOf\":{\"@id\":\"https:\\\/\\\/strangercam.com\\\/#website\"},\"primaryImageOfPage\":{\"@id\":\"https:\\\/\\\/strangercam.com\\\/chat-hour\\\/#primaryimage\"},\"image\":{\"@id\":\"https:\\\/\\\/strangercam.com\\\/chat-hour\\\/#primaryimage\"},\"thumbnailUrl\":\"https:\\\/\\\/strangercam.com\\\/wp-content\\\/uploads\\\/2020\\\/11\\\/stranger-cam-1.png\",\"datePublished\":\"2021-10-27T07:18:47+00:00\",\"dateModified\":\"2023-08-21T09:40:39+00:00\",\"description\":\"Like Chat Hour? Come chat with more than 5.000.000 strangers on Stranger Cam for Free! Turn on your cam and find new friends & maby a match!\",\"breadcrumb\":{\"@id\":\"https:\\\/\\\/strangercam.com\\\/chat-hour\\\/#breadcrumb\"},\"inLanguage\":\"tr\",\"potentialAction\":[{\"@type\":\"ReadAction\",\"target\":[\"https:\\\/\\\/strangercam.com\\\/chat-hour\\\/\"]}]},{\"@type\":\"ImageObject\",\"inLanguage\":\"tr\",\"@id\":\"https:\\\/\\\/strangercam.com\\\/chat-hour\\\/#primaryimage\",\"url\":\"https:\\\/\\\/strangercam.com\\\/wp-content\\\/uploads\\\/2020\\\/11\\\/stranger-cam-1.png\",\"contentUrl\":\"https:\\\/\\\/strangercam.com\\\/wp-content\\\/uploads\\\/2020\\\/11\\\/stranger-cam-1.png\",\"width\":800,\"height\":800,\"caption\":\"stranger cam random video chat\"},{\"@type\":\"BreadcrumbList\",\"@id\":\"https:\\\/\\\/strangercam.com\\\/chat-hour\\\/#breadcrumb\",\"itemListElement\":[{\"@type\":\"ListItem\",\"position\":1,\"name\":\"Home\",\"item\":\"https:\\\/\\\/strangercam.com\\\/\"},{\"@type\":\"ListItem\",\"position\":2,\"name\":\"Chat Hour\"}]},{\"@type\":\"WebSite\",\"@id\":\"https:\\\/\\\/strangercam.com\\\/#website\",\"url\":\"https:\\\/\\\/strangercam.com\\\/\",\"name\":\"Strangercam\",\"description\":\"Random Video Chat with Strangers\",\"publisher\":{\"@id\":\"https:\\\/\\\/strangercam.com\\\/#organization\"},\"alternateName\":\"Strangercam.com\",\"potentialAction\":[{\"@type\":\"SearchAction\",\"target\":{\"@type\":\"EntryPoint\",\"urlTemplate\":\"https:\\\/\\\/strangercam.com\\\/?s={search_term_string}\"},\"query-input\":{\"@type\":\"PropertyValueSpecification\",\"valueRequired\":true,\"valueName\":\"search_term_string\"}}],\"inLanguage\":\"tr\"},{\"@type\":\"Organization\",\"@id\":\"https:\\\/\\\/strangercam.com\\\/#organization\",\"name\":\"Strangercam\",\"alternateName\":\"Strangercam.com\",\"url\":\"https:\\\/\\\/strangercam.com\\\/\",\"logo\":{\"@type\":\"ImageObject\",\"inLanguage\":\"tr\",\"@id\":\"https:\\\/\\\/strangercam.com\\\/#\\\/schema\\\/logo\\\/image\\\/\",\"url\":\"https:\\\/\\\/strangercam.com\\\/wp-content\\\/uploads\\\/2020\\\/11\\\/cropped-new-favicon-black.png\",\"contentUrl\":\"https:\\\/\\\/strangercam.com\\\/wp-content\\\/uploads\\\/2020\\\/11\\\/cropped-new-favicon-black.png\",\"width\":512,\"height\":512,\"caption\":\"Strangercam\"},\"image\":{\"@id\":\"https:\\\/\\\/strangercam.com\\\/#\\\/schema\\\/logo\\\/image\\\/\"},\"sameAs\":[\"https:\\\/\\\/www.facebook.com\\\/strangercam\",\"https:\\\/\\\/x.com\\\/strangercamapp\"]}]}<\/script>\n<!-- \/ Yoast SEO plugin. -->","yoast_head_json":{"title":"Chat Hour - \u0130ki Ki\u015filik Anonim Sohbet - StrangerCam.com'da Kamera","description":"Chat Hour'yi be\u011fendiniz mi? Gelin Stranger Cam'de 5.000.000'dan fazla yabanc\u0131yla \u00dccretsiz sohbet edin! Kameran\u0131z\u0131 a\u00e7\u0131n ve yeni arkada\u015flar ve belki bir e\u015fle\u015fme bulun!","robots":{"index":"index","follow":"follow","max-snippet":"max-snippet:-1","max-image-preview":"max-image-preview:large","max-video-preview":"max-video-preview:-1"},"canonical":"https:\/\/strangercam.com\/tr\/chat-hour\/","og_locale":"tr_TR","og_type":"article","og_title":"Chat Hour - Anonymous Chat For Two - Cam on StrangerCam.com","og_description":"Like Chat Hour? Come chat with more than 5.000.000 strangers on Stranger Cam for Free! Turn on your cam and find new friends & maby a match!","og_url":"https:\/\/strangercam.com\/tr\/chat-hour\/","og_site_name":"Strangercam","article_publisher":"https:\/\/www.facebook.com\/strangercam","article_modified_time":"2023-08-21T09:40:39+00:00","og_image":[{"width":800,"height":800,"url":"https:\/\/strangercam.com\/wp-content\/uploads\/2020\/11\/stranger-cam-1.png","type":"image\/png"}],"twitter_card":"summary_large_image","twitter_site":"@strangercamapp","twitter_misc":{"Tahmini okuma s\u00fcresi":"2 dakika"},"schema":{"@context":"https:\/\/schema.org","@graph":[{"@type":"WebPage","@id":"https:\/\/strangercam.com\/chat-hour\/","url":"https:\/\/strangercam.com\/chat-hour\/","name":"Chat Hour - \u0130ki Ki\u015filik Anonim Sohbet - StrangerCam.com'da Kamera","isPartOf":{"@id":"https:\/\/strangercam.com\/#website"},"primaryImageOfPage":{"@id":"https:\/\/strangercam.com\/chat-hour\/#primaryimage"},"image":{"@id":"https:\/\/strangercam.com\/chat-hour\/#primaryimage"},"thumbnailUrl":"https:\/\/strangercam.com\/wp-content\/uploads\/2020\/11\/stranger-cam-1.png","datePublished":"2021-10-27T07:18:47+00:00","dateModified":"2023-08-21T09:40:39+00:00","description":"Chat Hour'yi be\u011fendiniz mi? Gelin Stranger Cam'de 5.000.000'dan fazla yabanc\u0131yla \u00dccretsiz sohbet edin! Kameran\u0131z\u0131 a\u00e7\u0131n ve yeni arkada\u015flar ve belki bir e\u015fle\u015fme bulun!","breadcrumb":{"@id":"https:\/\/strangercam.com\/chat-hour\/#breadcrumb"},"inLanguage":"tr","potentialAction":[{"@type":"ReadAction","target":["https:\/\/strangercam.com\/chat-hour\/"]}]},{"@type":"ImageObject","inLanguage":"tr","@id":"https:\/\/strangercam.com\/chat-hour\/#primaryimage","url":"https:\/\/strangercam.com\/wp-content\/uploads\/2020\/11\/stranger-cam-1.png","contentUrl":"https:\/\/strangercam.com\/wp-content\/uploads\/2020\/11\/stranger-cam-1.png","width":800,"height":800,"caption":"stranger cam random video chat"},{"@type":"BreadcrumbList","@id":"https:\/\/strangercam.com\/chat-hour\/#breadcrumb","itemListElement":[{"@type":"ListItem","position":1,"name":"Home","item":"https:\/\/strangercam.com\/"},{"@type":"ListItem","position":2,"name":"Chat Hour"}]},{"@type":"WebSite","@id":"https:\/\/strangercam.com\/#website","url":"https:\/\/strangercam.com\/","name":"Strangercam","description":"Yabanc\u0131larla Rastgele G\u00f6r\u00fcnt\u00fcl\u00fc Sohbet","publisher":{"@id":"https:\/\/strangercam.com\/#organization"},"alternateName":"Strangercam.com","potentialAction":[{"@type":"SearchAction","target":{"@type":"EntryPoint","urlTemplate":"https:\/\/strangercam.com\/?s={search_term_string}"},"query-input":{"@type":"PropertyValueSpecification","valueRequired":true,"valueName":"search_term_string"}}],"inLanguage":"tr"},{"@type":"Organization","@id":"https:\/\/strangercam.com\/#organization","name":"Strangercam","alternateName":"Strangercam.com","url":"https:\/\/strangercam.com\/","logo":{"@type":"ImageObject","inLanguage":"tr","@id":"https:\/\/strangercam.com\/#\/schema\/logo\/image\/","url":"https:\/\/strangercam.com\/wp-content\/uploads\/2020\/11\/cropped-new-favicon-black.png","contentUrl":"https:\/\/strangercam.com\/wp-content\/uploads\/2020\/11\/cropped-new-favicon-black.png","width":512,"height":512,"caption":"Strangercam"},"image":{"@id":"https:\/\/strangercam.com\/#\/schema\/logo\/image\/"},"sameAs":["https:\/\/www.facebook.com\/strangercam","https:\/\/x.com\/strangercamapp"]}]}},"_links":{"self":[{"href":"https:\/\/strangercam.com\/tr\/wp-json\/wp\/v2\/pages\/8689","targetHints":{"allow":["GET"]}}],"collection":[{"href":"https:\/\/strangercam.com\/tr\/wp-json\/wp\/v2\/pages"}],"about":[{"href":"https:\/\/strangercam.com\/tr\/wp-json\/wp\/v2\/types\/page"}],"author":[{"embeddable":true,"href":"https:\/\/strangercam.com\/tr\/wp-json\/wp\/v2\/users\/6"}],"replies":[{"embeddable":true,"href":"https:\/\/strangercam.com\/tr\/wp-json\/wp\/v2\/comments?post=8689"}],"version-history":[{"count":0,"href":"https:\/\/strangercam.com\/tr\/wp-json\/wp\/v2\/pages\/8689\/revisions"}],"wp:featuredmedia":[{"embeddable":true,"href":"https:\/\/strangercam.com\/tr\/wp-json\/wp\/v2\/media\/559"}],"wp:attachment":[{"href":"https:\/\/strangercam.com\/tr\/wp-json\/wp\/v2\/media?parent=8689"}],"curies":[{"name":"wp","href":"https:\/\/api.w.org\/{rel}","templated":true}]}}