{"id":8647,"date":"2021-10-26T09:38:47","date_gmt":"2021-10-26T07:38:47","guid":{"rendered":"https:\/\/strangercam.com\/?page_id=8647"},"modified":"2023-08-21T11:40:39","modified_gmt":"2023-08-21T09:40:39","slug":"chatib","status":"publish","type":"page","link":"https:\/\/strangercam.com\/tr\/chatib\/","title":{"rendered":"Chatib"},"content":{"rendered":"<p>E\u011fer i\u00e7e d\u00f6n\u00fck biriyseniz, hayat olduk\u00e7a zor olabilir. \u00c7ok s\u0131n\u0131rl\u0131 bir arkada\u015f \u00e7evreniz olabilir. G\u00fcn\u00fcm\u00fcz \u00e7a\u011f\u0131nda a\u011f kurmak, \u00f6zellikle i\u015f aramak s\u00f6z konusu oldu\u011funda pek \u00e7ok fayda sa\u011flamaktad\u0131r. \u0130\u00e7e d\u00f6n\u00fcklerin g\u00fc\u00e7 ve inisiyatif g\u00f6stermeleri gerekir. Ba\u015far\u0131ya ula\u015fmak i\u00e7in ki\u015fisel bir ili\u015fki kurman\u0131z gerekir. Bunun i\u00e7in daha fazla sosyalle\u015fme becerisine ihtiyac\u0131n\u0131z olacak. Giri\u015f yapabilirsiniz <a href=\"https:\/\/strangercam.com\/tr\/chatroulette\/\">sohbet<\/a> chatib gibi portallar harika vakit ge\u00e7irmek i\u00e7in.<\/p>\n<p><strong>chatib'de sohbet oturumunuzun tad\u0131n\u0131 \u00e7\u0131karmak i\u00e7in takip etmeniz gereken ipu\u00e7lar\u0131<\/strong><\/p>\n<ul>\n<li style=\"font-weight: 400;\" aria-level=\"1\">Do\u011fay\u0131 kucaklay\u0131n: Genel olarak kad\u0131nlar do\u011falar\u0131 gere\u011fi utanga\u00e7t\u0131r ve bu olduk\u00e7a normaldir. Ancak erkekler i\u00e7in durum tamamen farkl\u0131d\u0131r, \u00f6zellikle de sosyal olmayanlar i\u00e7in. \u00d6nce kendinizle rahat olman\u0131z gerekir. <a href=\"https:\/\/strangercam.com\/tr\/only2chat\/\">Sadece<\/a> o zaman di\u011ferleri kendinize g\u00fcvendi\u011finizi fark edecek ve ilk yakla\u015f\u0131m\u0131 yapacaklard\u0131r.<\/li>\n<li style=\"font-weight: 400;\" aria-level=\"1\">Konu\u015fkan olmak gerekli de\u011fildir: Baz\u0131 i\u00e7e d\u00f6n\u00fckler, \u00f6zellikle yabanc\u0131lar aras\u0131ndayken konu\u015fmaktan ka\u00e7\u0131n\u0131r. Sadece bilinmeyen \u00e7evreye uyum sa\u011flamak i\u00e7in her zaman konu\u015fmak gerekli de\u011fildir. Sadece rahatlay\u0131n ve ak\u0131\u015f\u0131na b\u0131rak\u0131n. Sadece cevap vermekten \u00e7ekinmeyin.<\/li>\n<li style=\"font-weight: 400;\" aria-level=\"1\">Dinleyin ve buna g\u00f6re yan\u0131t verin: D\u0131\u015fa d\u00f6n\u00fck ki\u015filerin kendilerine y\u00f6neltilen t\u00fcm sorulara iyi yan\u0131t verdikleri bilinen bir ger\u00e7ektir. Ancak i\u00e7e d\u00f6n\u00fckler \u00f6nce dinleyip sonra \u00e7ok d\u00fc\u015f\u00fcnme e\u011filiminde olduklar\u0131ndan cevap vermekte zorlan\u0131rlar. Do\u011fru tarafta olmak i\u00e7in a\u015f\u0131r\u0131l\u0131k yanl\u0131s\u0131 olman\u0131za gerek yok. Sadece kar\u015f\u0131n\u0131zdaki ki\u015finin s\u00f6ylediklerini dinleyin ve ona g\u00f6re yan\u0131t verin.<\/li>\n<li style=\"font-weight: 400;\" aria-level=\"1\">Bir yer se\u00e7in: En iyi yer <a href=\"https:\/\/strangercam.com\/tr\/coomeet\/\">tan\u0131\u015fmak<\/a> yeni insanlar \u00e7evrimi\u00e7i <a href=\"https:\/\/strangercam.com\/tr\/chatingly\/\">sohbet<\/a> chatib gibi portallar. Bunlar, t\u00fcm i\u00e7e d\u00f6n\u00fck insanlar i\u00e7in m\u00fckemmel konu\u015fma ba\u015flat\u0131c\u0131lar\u0131 olarak kabul edilir. Benzer d\u00fc\u015f\u00fcnen insanlarla tart\u0131\u015fmak i\u00e7in herhangi bir konu se\u00e7ebilirsiniz.<\/li>\n<li style=\"font-weight: 400;\" aria-level=\"1\">Uygulama: Herhangi bir durumun \u00fcstesinden gelmek i\u00e7in do\u011fru becerileri sergileyen herhangi bir ki\u015fiyi takip edebilirsiniz. Her zaman ilgin\u00e7 sohbetlere dal\u0131n ve arkada\u015f \u00e7evrenizi geni\u015fletmeye \u00e7al\u0131\u015f\u0131n. Zamanla, b\u00fcy\u00fck bir arkada\u015f kitlesine sahip olman\u0131n tad\u0131n\u0131 \u00e7\u0131karaca\u011f\u0131n\u0131zdan emin olabilirsiniz.<\/li>\n<li style=\"font-weight: 400;\" aria-level=\"1\">G\u00fc\u00e7l\u00fc y\u00f6nlerinizi g\u00f6sterin: D\u00fcr\u00fcst ve iyi bir dinleyici misiniz? Ger\u00e7ek \u015fu ki, bir gecede d\u0131\u015fa d\u00f6n\u00fck olmak m\u00fcmk\u00fcn de\u011fildir. Ancak, kim olursan\u0131z olun, ba\u015fkalar\u0131n\u0131n \u00f6n\u00fcnde sahip oldu\u011funuz ger\u00e7ek g\u00fc\u00e7l\u00fc y\u00f6nlerinizle parlayaca\u011f\u0131n\u0131zdan emin olabilirsiniz.<\/li>\n<li style=\"font-weight: 400;\" aria-level=\"1\">Grubun bir \u00fcyesi olun. Birka\u00e7\u0131 insanlar\u0131 e\u011flendirmek i\u00e7in do\u011fru teknikleri biliyor. Kendinizi rahat hissetmiyorsan\u0131z, bu gruptan uzak durun. Benzer ilgi alanlar\u0131n\u0131 payla\u015fan bir grup aray\u0131n. Aksi takdirde, kendinizi her zaman k\u00f6\u015fede bulacak ve ba\u015fkalar\u0131 taraf\u0131ndan kenara itileceksiniz.<\/li>\n<\/ul>\n<p>Chatib ile asla yanl\u0131\u015f yapamazs\u0131n\u0131z!<\/p>","protected":false},"excerpt":{"rendered":"<p>If you are introverted, then life can be quite difficult. You may have a very limited friend circle. In today\u2019s age, networking does offer lots of benefits especially when it comes to seeking jobs. Introverts are required to display strength and initiative. You need to create a personal relationship to achieve success. For this, you [&hellip;]<\/p>\n","protected":false},"author":6,"featured_media":559,"parent":0,"menu_order":0,"comment_status":"closed","ping_status":"closed","template":"","meta":{"footnotes":""},"class_list":["post-8647","page","type-page","status-publish","has-post-thumbnail","hentry"],"yoast_head":"<!-- This site is optimized with the Yoast SEO plugin v27.4 - https:\/\/yoast.com\/product\/yoast-seo-wordpress\/ -->\n<title>Chatib - Anonymous Chat For Two - Cam on StrangerCam.com<\/title>\n<meta name=\"description\" content=\"Like Chatib? Come chat with more than 5.000.000 strangers on Stranger Cam for Free! Turn on your cam and find new friends &amp; maby a match!\" \/>\n<meta name=\"robots\" content=\"index, follow, max-snippet:-1, max-image-preview:large, max-video-preview:-1\" \/>\n<link rel=\"canonical\" href=\"https:\/\/strangercam.com\/tr\/chatib\/\" \/>\n<meta property=\"og:locale\" content=\"tr_TR\" \/>\n<meta property=\"og:type\" content=\"article\" \/>\n<meta property=\"og:title\" content=\"Chatib - Anonymous Chat For Two - Cam on StrangerCam.com\" \/>\n<meta property=\"og:description\" content=\"Like Chatib? Come chat with more than 5.000.000 strangers on Stranger Cam for Free! Turn on your cam and find new friends &amp; maby a match!\" \/>\n<meta property=\"og:url\" content=\"https:\/\/strangercam.com\/tr\/chatib\/\" \/>\n<meta property=\"og:site_name\" content=\"Strangercam\" \/>\n<meta property=\"article:publisher\" content=\"https:\/\/www.facebook.com\/strangercam\" \/>\n<meta property=\"article:modified_time\" content=\"2023-08-21T09:40:39+00:00\" \/>\n<meta property=\"og:image\" content=\"https:\/\/strangercam.com\/wp-content\/uploads\/2020\/11\/stranger-cam-1.png\" \/>\n\t<meta property=\"og:image:width\" content=\"800\" \/>\n\t<meta property=\"og:image:height\" content=\"800\" \/>\n\t<meta property=\"og:image:type\" content=\"image\/png\" \/>\n<meta name=\"twitter:card\" content=\"summary_large_image\" \/>\n<meta name=\"twitter:site\" content=\"@strangercamapp\" \/>\n<meta name=\"twitter:label1\" content=\"Tahmini okuma s\u00fcresi\" \/>\n\t<meta name=\"twitter:data1\" content=\"2 dakika\" \/>\n<script type=\"application\/ld+json\" class=\"yoast-schema-graph\">{\"@context\":\"https:\\\/\\\/schema.org\",\"@graph\":[{\"@type\":\"WebPage\",\"@id\":\"https:\\\/\\\/strangercam.com\\\/chatib\\\/\",\"url\":\"https:\\\/\\\/strangercam.com\\\/chatib\\\/\",\"name\":\"Chatib - Anonymous Chat For Two - Cam on StrangerCam.com\",\"isPartOf\":{\"@id\":\"https:\\\/\\\/strangercam.com\\\/#website\"},\"primaryImageOfPage\":{\"@id\":\"https:\\\/\\\/strangercam.com\\\/chatib\\\/#primaryimage\"},\"image\":{\"@id\":\"https:\\\/\\\/strangercam.com\\\/chatib\\\/#primaryimage\"},\"thumbnailUrl\":\"https:\\\/\\\/strangercam.com\\\/wp-content\\\/uploads\\\/2020\\\/11\\\/stranger-cam-1.png\",\"datePublished\":\"2021-10-26T07:38:47+00:00\",\"dateModified\":\"2023-08-21T09:40:39+00:00\",\"description\":\"Like Chatib? Come chat with more than 5.000.000 strangers on Stranger Cam for Free! Turn on your cam and find new friends & maby a match!\",\"breadcrumb\":{\"@id\":\"https:\\\/\\\/strangercam.com\\\/chatib\\\/#breadcrumb\"},\"inLanguage\":\"tr\",\"potentialAction\":[{\"@type\":\"ReadAction\",\"target\":[\"https:\\\/\\\/strangercam.com\\\/chatib\\\/\"]}]},{\"@type\":\"ImageObject\",\"inLanguage\":\"tr\",\"@id\":\"https:\\\/\\\/strangercam.com\\\/chatib\\\/#primaryimage\",\"url\":\"https:\\\/\\\/strangercam.com\\\/wp-content\\\/uploads\\\/2020\\\/11\\\/stranger-cam-1.png\",\"contentUrl\":\"https:\\\/\\\/strangercam.com\\\/wp-content\\\/uploads\\\/2020\\\/11\\\/stranger-cam-1.png\",\"width\":800,\"height\":800,\"caption\":\"stranger cam random video chat\"},{\"@type\":\"BreadcrumbList\",\"@id\":\"https:\\\/\\\/strangercam.com\\\/chatib\\\/#breadcrumb\",\"itemListElement\":[{\"@type\":\"ListItem\",\"position\":1,\"name\":\"Home\",\"item\":\"https:\\\/\\\/strangercam.com\\\/\"},{\"@type\":\"ListItem\",\"position\":2,\"name\":\"Chatib\"}]},{\"@type\":\"WebSite\",\"@id\":\"https:\\\/\\\/strangercam.com\\\/#website\",\"url\":\"https:\\\/\\\/strangercam.com\\\/\",\"name\":\"Strangercam\",\"description\":\"Random Video Chat with Strangers\",\"publisher\":{\"@id\":\"https:\\\/\\\/strangercam.com\\\/#organization\"},\"alternateName\":\"Strangercam.com\",\"potentialAction\":[{\"@type\":\"SearchAction\",\"target\":{\"@type\":\"EntryPoint\",\"urlTemplate\":\"https:\\\/\\\/strangercam.com\\\/?s={search_term_string}\"},\"query-input\":{\"@type\":\"PropertyValueSpecification\",\"valueRequired\":true,\"valueName\":\"search_term_string\"}}],\"inLanguage\":\"tr\"},{\"@type\":\"Organization\",\"@id\":\"https:\\\/\\\/strangercam.com\\\/#organization\",\"name\":\"Strangercam\",\"alternateName\":\"Strangercam.com\",\"url\":\"https:\\\/\\\/strangercam.com\\\/\",\"logo\":{\"@type\":\"ImageObject\",\"inLanguage\":\"tr\",\"@id\":\"https:\\\/\\\/strangercam.com\\\/#\\\/schema\\\/logo\\\/image\\\/\",\"url\":\"https:\\\/\\\/strangercam.com\\\/wp-content\\\/uploads\\\/2020\\\/11\\\/cropped-new-favicon-black.png\",\"contentUrl\":\"https:\\\/\\\/strangercam.com\\\/wp-content\\\/uploads\\\/2020\\\/11\\\/cropped-new-favicon-black.png\",\"width\":512,\"height\":512,\"caption\":\"Strangercam\"},\"image\":{\"@id\":\"https:\\\/\\\/strangercam.com\\\/#\\\/schema\\\/logo\\\/image\\\/\"},\"sameAs\":[\"https:\\\/\\\/www.facebook.com\\\/strangercam\",\"https:\\\/\\\/x.com\\\/strangercamapp\"]}]}<\/script>\n<!-- \/ Yoast SEO plugin. -->","yoast_head_json":{"title":"Chatib - \u0130ki Ki\u015filik Anonim Sohbet - StrangerCam.com'da Kamera","description":"Chatib'yi be\u011fendiniz mi? Gelin Stranger Cam'de 5.000.000'dan fazla yabanc\u0131yla \u00dccretsiz sohbet edin! Kameran\u0131z\u0131 a\u00e7\u0131n ve yeni arkada\u015flar ve belki bir e\u015fle\u015fme bulun!","robots":{"index":"index","follow":"follow","max-snippet":"max-snippet:-1","max-image-preview":"max-image-preview:large","max-video-preview":"max-video-preview:-1"},"canonical":"https:\/\/strangercam.com\/tr\/chatib\/","og_locale":"tr_TR","og_type":"article","og_title":"Chatib - Anonymous Chat For Two - Cam on StrangerCam.com","og_description":"Like Chatib? Come chat with more than 5.000.000 strangers on Stranger Cam for Free! Turn on your cam and find new friends & maby a match!","og_url":"https:\/\/strangercam.com\/tr\/chatib\/","og_site_name":"Strangercam","article_publisher":"https:\/\/www.facebook.com\/strangercam","article_modified_time":"2023-08-21T09:40:39+00:00","og_image":[{"width":800,"height":800,"url":"https:\/\/strangercam.com\/wp-content\/uploads\/2020\/11\/stranger-cam-1.png","type":"image\/png"}],"twitter_card":"summary_large_image","twitter_site":"@strangercamapp","twitter_misc":{"Tahmini okuma s\u00fcresi":"2 dakika"},"schema":{"@context":"https:\/\/schema.org","@graph":[{"@type":"WebPage","@id":"https:\/\/strangercam.com\/chatib\/","url":"https:\/\/strangercam.com\/chatib\/","name":"Chatib - \u0130ki Ki\u015filik Anonim Sohbet - StrangerCam.com'da Kamera","isPartOf":{"@id":"https:\/\/strangercam.com\/#website"},"primaryImageOfPage":{"@id":"https:\/\/strangercam.com\/chatib\/#primaryimage"},"image":{"@id":"https:\/\/strangercam.com\/chatib\/#primaryimage"},"thumbnailUrl":"https:\/\/strangercam.com\/wp-content\/uploads\/2020\/11\/stranger-cam-1.png","datePublished":"2021-10-26T07:38:47+00:00","dateModified":"2023-08-21T09:40:39+00:00","description":"Chatib'yi be\u011fendiniz mi? Gelin Stranger Cam'de 5.000.000'dan fazla yabanc\u0131yla \u00dccretsiz sohbet edin! Kameran\u0131z\u0131 a\u00e7\u0131n ve yeni arkada\u015flar ve belki bir e\u015fle\u015fme bulun!","breadcrumb":{"@id":"https:\/\/strangercam.com\/chatib\/#breadcrumb"},"inLanguage":"tr","potentialAction":[{"@type":"ReadAction","target":["https:\/\/strangercam.com\/chatib\/"]}]},{"@type":"ImageObject","inLanguage":"tr","@id":"https:\/\/strangercam.com\/chatib\/#primaryimage","url":"https:\/\/strangercam.com\/wp-content\/uploads\/2020\/11\/stranger-cam-1.png","contentUrl":"https:\/\/strangercam.com\/wp-content\/uploads\/2020\/11\/stranger-cam-1.png","width":800,"height":800,"caption":"stranger cam random video chat"},{"@type":"BreadcrumbList","@id":"https:\/\/strangercam.com\/chatib\/#breadcrumb","itemListElement":[{"@type":"ListItem","position":1,"name":"Home","item":"https:\/\/strangercam.com\/"},{"@type":"ListItem","position":2,"name":"Chatib"}]},{"@type":"WebSite","@id":"https:\/\/strangercam.com\/#website","url":"https:\/\/strangercam.com\/","name":"Strangercam","description":"Yabanc\u0131larla Rastgele G\u00f6r\u00fcnt\u00fcl\u00fc Sohbet","publisher":{"@id":"https:\/\/strangercam.com\/#organization"},"alternateName":"Strangercam.com","potentialAction":[{"@type":"SearchAction","target":{"@type":"EntryPoint","urlTemplate":"https:\/\/strangercam.com\/?s={search_term_string}"},"query-input":{"@type":"PropertyValueSpecification","valueRequired":true,"valueName":"search_term_string"}}],"inLanguage":"tr"},{"@type":"Organization","@id":"https:\/\/strangercam.com\/#organization","name":"Strangercam","alternateName":"Strangercam.com","url":"https:\/\/strangercam.com\/","logo":{"@type":"ImageObject","inLanguage":"tr","@id":"https:\/\/strangercam.com\/#\/schema\/logo\/image\/","url":"https:\/\/strangercam.com\/wp-content\/uploads\/2020\/11\/cropped-new-favicon-black.png","contentUrl":"https:\/\/strangercam.com\/wp-content\/uploads\/2020\/11\/cropped-new-favicon-black.png","width":512,"height":512,"caption":"Strangercam"},"image":{"@id":"https:\/\/strangercam.com\/#\/schema\/logo\/image\/"},"sameAs":["https:\/\/www.facebook.com\/strangercam","https:\/\/x.com\/strangercamapp"]}]}},"_links":{"self":[{"href":"https:\/\/strangercam.com\/tr\/wp-json\/wp\/v2\/pages\/8647","targetHints":{"allow":["GET"]}}],"collection":[{"href":"https:\/\/strangercam.com\/tr\/wp-json\/wp\/v2\/pages"}],"about":[{"href":"https:\/\/strangercam.com\/tr\/wp-json\/wp\/v2\/types\/page"}],"author":[{"embeddable":true,"href":"https:\/\/strangercam.com\/tr\/wp-json\/wp\/v2\/users\/6"}],"replies":[{"embeddable":true,"href":"https:\/\/strangercam.com\/tr\/wp-json\/wp\/v2\/comments?post=8647"}],"version-history":[{"count":0,"href":"https:\/\/strangercam.com\/tr\/wp-json\/wp\/v2\/pages\/8647\/revisions"}],"wp:featuredmedia":[{"embeddable":true,"href":"https:\/\/strangercam.com\/tr\/wp-json\/wp\/v2\/media\/559"}],"wp:attachment":[{"href":"https:\/\/strangercam.com\/tr\/wp-json\/wp\/v2\/media?parent=8647"}],"curies":[{"name":"wp","href":"https:\/\/api.w.org\/{rel}","templated":true}]}}