{"id":8588,"date":"2021-10-18T11:30:39","date_gmt":"2021-10-18T09:30:39","guid":{"rendered":"https:\/\/strangercam.com\/?page_id=8588"},"modified":"2023-08-21T12:47:57","modified_gmt":"2023-08-21T10:47:57","slug":"wireclub","status":"publish","type":"page","link":"https:\/\/strangercam.com\/tr\/wireclub\/","title":{"rendered":"Wireclub"},"content":{"rendered":"<p>Arkada\u015flar\u0131n\u0131z\u0131n birka\u00e7 \u00e7evrimi\u00e7i ortama sahip olmakla \u00f6v\u00fcnd\u00fcklerini duymu\u015f olabilirsiniz. <a href=\"https:\/\/strangercam.com\/tr\/chatroulette\/\">sohbet<\/a> hesaplar\u0131 ve yeni arkada\u015flar edinme. Benzer d\u00fc\u015f\u00fcnen insanlarla sohbet etmeye ba\u015flamak i\u00e7in wireclub'da bir hesap a\u00e7may\u0131 denemek sizi cezbedecek kadar iyidir. Yabanc\u0131larla \u00e7evrimi\u00e7i sohbetten elde edece\u011finiz deneyim ve heyecan\u0131n tad\u0131n\u0131 \u00e7\u0131karaca\u011f\u0131n\u0131zdan emin olabilirsiniz. Bu, a\u00e7\u0131klanamayan ancak \u015fahsen hissedilen bir \u015feydir.<\/p>\n<p>Hi\u00e7 d\u00fcnyan\u0131n d\u00f6rt bir yan\u0131nda yeni arkada\u015flar edinmeyi d\u00fc\u015f\u00fcnd\u00fcn\u00fcz m\u00fc? E\u011fer d\u00fc\u015f\u00fcnmediyseniz, bu harika deneyimi d\u00fc\u015f\u00fcnmenin tam zaman\u0131. Herhangi bir \u015feyi korkmadan tart\u0131\u015fabilece\u011finiz bir ki\u015fiye sahip olmay\u0131 d\u00fc\u015f\u00fcnmek bile \u00e7ok g\u00fczel. Wireclub size bu harika f\u0131rsat\u0131 sunuyor.<br \/>\nWireclub y\u00fczlerce \u00fccretsiz sohbet odas\u0131 aras\u0131ndan se\u00e7im yapman\u0131z\u0131 sa\u011flar. Mesajlar\u0131n\u0131za ve sohbet odalar\u0131n\u0131za da ula\u015fabilirsiniz. Di\u011fer insanlar sohbet odan\u0131za kat\u0131lacak ve onlarla konu\u015fabilirsiniz.<\/p>\n<p>Peki, ne bekliyorsunuz? Gidin ve hemen kaydolun!<\/p>\n<h2>Sohbet oturumlar\u0131ndan yararlanma<\/h2>\n<p>Cep telefonlar\u0131 sohbet etmek i\u00e7in mevcut olsa da, a\u011f\u0131n\u0131zda tan\u0131mad\u0131\u011f\u0131n\u0131z biriyle kar\u015f\u0131la\u015fman\u0131z olduk\u00e7a nadir bir durumdur. Dahas\u0131, yurtd\u0131\u015f\u0131ndaki arkada\u015flar\u0131n\u0131z\u0131 aramak b\u00fcy\u00fck bir fatura \u00f6demek zorunda kalman\u0131z anlam\u0131na gelecektir. Ancak \u00e7evrimi\u00e7i sohbet odalar\u0131 ile \u00fccretsiz sohbet edebilirsiniz.<br \/>\nWireclub gibi baz\u0131 portallar ayr\u0131ca <a href=\"https:\/\/strangercam.com\/tr\/rabbit-video-chat\/\">Video<\/a> sohbet. Bu, her ikinizin de birbirinizi ger\u00e7ek zamanl\u0131 olarak g\u00f6rebilece\u011finiz ve herhangi bir rahats\u0131zl\u0131k duymadan sohbet edebilece\u011finiz anlam\u0131na gelir. Ayr\u0131ca, \u015fi\u015firilmi\u015f telefon faturalar\u0131ndan rahats\u0131z olman\u0131za gerek yok. Burada her \u015feye eri\u015filebilir. B\u00fcy\u00fck faturalar konusunda endi\u015felenmeden herkesi arayabilirsiniz.<\/p>\n<h2>Anonim mod<\/h2>\n<p>Tan\u0131d\u0131\u011f\u0131m\u0131z insanlarla sohbet etmek kolayd\u0131r. Ancak, insanlar\u0131n ger\u00e7ek varl\u0131klar\u0131n\u0131 ve d\u00fcr\u00fcst duygular\u0131n\u0131 \u00e7evrelerindeki di\u011fer insanlarla payla\u015fmaya \u00e7al\u0131\u015ft\u0131klar\u0131nda genellikle hayal k\u0131r\u0131kl\u0131\u011f\u0131na u\u011frad\u0131klar\u0131 g\u00f6r\u00fclm\u00fc\u015ft\u00fcr. Bu \u00fcz\u00fcc\u00fc bir ger\u00e7ektir.<\/p>\n<p>Wireclub bu sorunu ortadan kald\u0131rmak i\u00e7in m\u00fckemmel bir \u00e7aba g\u00f6sterdi. Bu t\u00fcr insanlara korkmadan herhangi biriyle konu\u015fmak i\u00e7in m\u00fckemmel bir f\u0131rsat sa\u011flarlar. \u0130lgilendi\u011finiz \u00fclkeyi ve se\u00e7ti\u011finiz cinsiyeti se\u00e7ebilirsiniz. Daha sonra a\u00e7\u0131klad\u0131\u011f\u0131n\u0131z tercihlere g\u00f6re en uygun ki\u015fiye y\u00f6nlendirileceksiniz.<\/p>\n<p>Daha sonra o ki\u015fiyle tamamen anonim bir modda konu\u015fabilirsiniz. Kim oldu\u011funuzu bilmiyorlar ve asla da \u00f6\u011frenemeyecekler. Yani, bu sizin g\u00fcvenli\u011finiz <a href=\"https:\/\/strangercam.com\/tr\/mocospace\/\">uzay<\/a>. Ne s\u00f6ylemek istiyorsan\u0131z s\u00f6yleyin ve ne sormak istiyorsan\u0131z sorun!<\/p>\n<h2>Sunulan olanaklar<\/h2>\n<p>\u00c7evrimi\u00e7i sohbet odalar\u0131 size tan\u0131d\u0131\u011f\u0131n\u0131z ki\u015filerle ve yabanc\u0131larla \u00fccretsiz sohbet etme f\u0131rsat\u0131 verir. Baz\u0131lar\u0131, se\u00e7ti\u011finiz konularda \u00f6zel sohbetin keyfini \u00e7\u0131karmak i\u00e7in k\u00fc\u00e7\u00fck bir miktar \u00f6demenizi gerektirebilir. \u00d6ncelikle, biraz ara\u015ft\u0131rma yapman\u0131z ve wireclub gibi tan\u0131nm\u0131\u015f bir portala kat\u0131lman\u0131z ak\u0131ll\u0131ca olacakt\u0131r. Bu \u015fekilde g\u00fcvende olabilir ve t\u00fcm endi\u015felerden kurtulabilirsiniz.<\/p>\n<h2>\u00dccretsiz canl\u0131 sohbet<\/h2>\n<p>\u00dccretsiz <a href=\"https:\/\/strangercam.com\/tr\/mili\/\">canl\u0131<\/a> Sohbet mi? Bunu sadece Wireclub yapabilir!<\/p>\n<p>Evet, do\u011fru okudunuz! D\u00fcnyan\u0131n her yerinden insanlarla \u00fccretsiz canl\u0131 sohbet. Hesap bakiyeniz hakk\u0131nda endi\u015felenmenize gerek yok. Endi\u015felenmeniz gereken tek \u015fey konu\u015facak do\u011fru ki\u015fiyi bulmak!<\/p>\n<p>Her \u00e7evrimi\u00e7i sohbet platformu benzersiz bir \u015fey sunar ve Wireclub'nin sundu\u011fu benzersiz \u015fey, \u00fccretsiz canl\u0131 sohbet olanaklar\u0131d\u0131r. Her \u015fey \u00fccretsizdir. Sadece bu inan\u0131lmaz f\u0131rsat\u0131 kendi lehinize kullanman\u0131z gerekiyor.<\/p>\n<p>\u00dccretsiz canl\u0131 sohbet, ger\u00e7ek zamanl\u0131 bir sohbet f\u0131rsat\u0131d\u0131r. Sistemimiz sizin i\u00e7in uygun bir e\u015fle\u015fme bulacakt\u0131r. Wireclub, ki\u015fiyle sohbet etmeye karar verdikten sonra sizi di\u011fer u\u00e7ta oturan ki\u015fiye ba\u011flayacakt\u0131r. T\u00fcm bu s\u00fcre\u00e7 i\u00e7in hi\u00e7bir \u00fccret al\u0131nmayacakt\u0131r. T\u00fcm bunlardan \u00fccretsiz olarak yararlanabilirsiniz.<\/p>\n<h2>Yeterli \u00f6nlemlerin al\u0131nmas\u0131<\/h2>\n<p>Bir yabanc\u0131yla ilk kez konu\u015fmak olduk\u00e7a ilgin\u00e7 g\u00f6r\u00fcnebilir. Ancak kendinizi kapt\u0131rmay\u0131n. Yabanc\u0131lara ileti\u015fim numaran\u0131z veya adresiniz gibi bilgilerinizi vererek onlar\u0131 e\u011flendirmeyin. Al\u0131nan yanl\u0131\u015f kararlar nedeniyle birka\u00e7 \u00f6rnek sizi garip durumlara sokabilir. Yeni bir sohbet portal\u0131n\u0131 ilk kez ziyaret ediyorsan\u0131z, yaln\u0131zca tan\u0131d\u0131\u011f\u0131n\u0131z ki\u015filere ba\u011fl\u0131 kalmaya \u00e7al\u0131\u015f\u0131n. Sohbet oturumunu tamamlad\u0131ktan sonra, ak\u0131ll\u0131 telefon veya diz\u00fcst\u00fc bilgisayardan \u00e7erezleri ve oturum ge\u00e7mi\u015fini temizlemeyi unutmay\u0131n. Masum insanlar\u0131 g\u00f6zetleyen gizli dinleyiciler olabilir. Banka hesab\u0131, kredi kart\u0131 bilgileri ve di\u011fer hayati bilgileriniz gibi hayati verilerinizi \u00e7almak i\u00e7in sab\u0131rla bekliyor olabilirler.<\/p>\n<p>Sohbet ederken, g\u00fcvenli olmayaca\u011f\u0131ndan kredi kart\u0131n\u0131za veya banka hesab\u0131n\u0131za eri\u015fmek i\u00e7in ba\u015fka bir taray\u0131c\u0131 kullanmad\u0131\u011f\u0131n\u0131zdan emin olun. Yeni bir arkada\u015f edindiyseniz, onunla sesli sohbet edin veya mesajla\u015f\u0131n. Ka\u00e7\u0131n\u0131n <a href=\"https:\/\/strangercam.com\/tr\/bazoocam\/\">cam<\/a> oturumlar.<\/p>\n<p>Yeterli \u00f6nlemleri almak, g\u00fcvende kalman\u0131z\u0131 ve yeni \u00e7evrimi\u00e7i arkada\u015flar edinmenin keyfini \u00e7\u0131karman\u0131z\u0131 sa\u011flayacakt\u0131r.<\/p>\n<h2>\u00dccretsiz sohbet odalar\u0131<\/h2>\n<p>Arzu etti\u011finiz \u015feyleri bedavaya elde etmekten daha iyi ne olabilir!<\/p>\n<p>Wireclub'yi inan\u0131lmaz ve kullan\u0131c\u0131 odakl\u0131 bir \u00e7evrimi\u00e7i g\u00f6r\u00fcnt\u00fcl\u00fc sohbet platformu yapan \u015fey budur. Odalar i\u00e7inde \u00fccretsiz sohbet edebilirsiniz. Tek ihtiyac\u0131n\u0131z olan oturum a\u00e7mak. Tek bir sohbet odas\u0131nda binlerce insan var. Kalabal\u0131k bir insan de\u011filseniz, kendinizi daha az kalabal\u0131k bir sohbet odas\u0131nda da bulabilirsiniz. \u0130htiya\u00e7lar\u0131n\u0131za ve isteklerinize g\u00f6re se\u00e7im yapabilece\u011finiz bir\u00e7ok se\u00e7enek var.<\/p>\n<p>\u00dccretsiz sohbet odalar\u0131 harika bir rahatlama kayna\u011f\u0131d\u0131r. Herhangi biriyle sohbet edebilir ve yarg\u0131lanma korkusu olmadan duygu ve d\u00fc\u015f\u00fcncelerinizi payla\u015fabilirsiniz. Bu sohbet odalar\u0131, yabanc\u0131larla sohbet etmenin sa\u011fl\u0131kl\u0131 bir deneyimini sa\u011flar.<\/p>","protected":false},"excerpt":{"rendered":"<p>It could be that you have heard your friends boasting of having several online chat accounts and making new friends. It is good enough to lure you to try opening an account with wireclub to initiate chatting with like-minded people. You are sure to enjoy the experience and thrill that you are to derive from [&hellip;]<\/p>\n","protected":false},"author":6,"featured_media":559,"parent":0,"menu_order":0,"comment_status":"closed","ping_status":"closed","template":"","meta":{"footnotes":""},"class_list":["post-8588","page","type-page","status-publish","has-post-thumbnail","hentry"],"yoast_head":"<!-- This site is optimized with the Yoast SEO plugin v27.4 - https:\/\/yoast.com\/product\/yoast-seo-wordpress\/ -->\n<title>Wireclub - Anonymous Chat For Two - Cam on StrangerCam.com<\/title>\n<meta name=\"description\" content=\"Like Wireclub? Come chat with more than 5.000.000 strangers on Stranger Cam for Free! Turn on your cam and find new friends &amp; maby a match!\" \/>\n<meta name=\"robots\" content=\"index, follow, max-snippet:-1, max-image-preview:large, max-video-preview:-1\" \/>\n<link rel=\"canonical\" href=\"https:\/\/strangercam.com\/tr\/wireclub\/\" \/>\n<meta property=\"og:locale\" content=\"tr_TR\" \/>\n<meta property=\"og:type\" content=\"article\" \/>\n<meta property=\"og:title\" content=\"Wireclub - Anonymous Chat For Two - Cam on StrangerCam.com\" \/>\n<meta property=\"og:description\" content=\"Like Wireclub? Come chat with more than 5.000.000 strangers on Stranger Cam for Free! Turn on your cam and find new friends &amp; maby a match!\" \/>\n<meta property=\"og:url\" content=\"https:\/\/strangercam.com\/tr\/wireclub\/\" \/>\n<meta property=\"og:site_name\" content=\"Strangercam\" \/>\n<meta property=\"article:publisher\" content=\"https:\/\/www.facebook.com\/strangercam\" \/>\n<meta property=\"article:modified_time\" content=\"2023-08-21T10:47:57+00:00\" \/>\n<meta property=\"og:image\" content=\"https:\/\/strangercam.com\/wp-content\/uploads\/2020\/11\/stranger-cam-1.png\" \/>\n\t<meta property=\"og:image:width\" content=\"800\" \/>\n\t<meta property=\"og:image:height\" content=\"800\" \/>\n\t<meta property=\"og:image:type\" content=\"image\/png\" \/>\n<meta name=\"twitter:card\" content=\"summary_large_image\" \/>\n<meta name=\"twitter:site\" content=\"@strangercamapp\" \/>\n<meta name=\"twitter:label1\" content=\"Tahmini okuma s\u00fcresi\" \/>\n\t<meta name=\"twitter:data1\" content=\"4 dakika\" \/>\n<script type=\"application\/ld+json\" class=\"yoast-schema-graph\">{\"@context\":\"https:\\\/\\\/schema.org\",\"@graph\":[{\"@type\":\"WebPage\",\"@id\":\"https:\\\/\\\/strangercam.com\\\/wireclub\\\/\",\"url\":\"https:\\\/\\\/strangercam.com\\\/wireclub\\\/\",\"name\":\"Wireclub - Anonymous Chat For Two - Cam on StrangerCam.com\",\"isPartOf\":{\"@id\":\"https:\\\/\\\/strangercam.com\\\/#website\"},\"primaryImageOfPage\":{\"@id\":\"https:\\\/\\\/strangercam.com\\\/wireclub\\\/#primaryimage\"},\"image\":{\"@id\":\"https:\\\/\\\/strangercam.com\\\/wireclub\\\/#primaryimage\"},\"thumbnailUrl\":\"https:\\\/\\\/strangercam.com\\\/wp-content\\\/uploads\\\/2020\\\/11\\\/stranger-cam-1.png\",\"datePublished\":\"2021-10-18T09:30:39+00:00\",\"dateModified\":\"2023-08-21T10:47:57+00:00\",\"description\":\"Like Wireclub? Come chat with more than 5.000.000 strangers on Stranger Cam for Free! Turn on your cam and find new friends & maby a match!\",\"breadcrumb\":{\"@id\":\"https:\\\/\\\/strangercam.com\\\/wireclub\\\/#breadcrumb\"},\"inLanguage\":\"tr\",\"potentialAction\":[{\"@type\":\"ReadAction\",\"target\":[\"https:\\\/\\\/strangercam.com\\\/wireclub\\\/\"]}]},{\"@type\":\"ImageObject\",\"inLanguage\":\"tr\",\"@id\":\"https:\\\/\\\/strangercam.com\\\/wireclub\\\/#primaryimage\",\"url\":\"https:\\\/\\\/strangercam.com\\\/wp-content\\\/uploads\\\/2020\\\/11\\\/stranger-cam-1.png\",\"contentUrl\":\"https:\\\/\\\/strangercam.com\\\/wp-content\\\/uploads\\\/2020\\\/11\\\/stranger-cam-1.png\",\"width\":800,\"height\":800,\"caption\":\"stranger cam random video chat\"},{\"@type\":\"BreadcrumbList\",\"@id\":\"https:\\\/\\\/strangercam.com\\\/wireclub\\\/#breadcrumb\",\"itemListElement\":[{\"@type\":\"ListItem\",\"position\":1,\"name\":\"Home\",\"item\":\"https:\\\/\\\/strangercam.com\\\/\"},{\"@type\":\"ListItem\",\"position\":2,\"name\":\"Wireclub\"}]},{\"@type\":\"WebSite\",\"@id\":\"https:\\\/\\\/strangercam.com\\\/#website\",\"url\":\"https:\\\/\\\/strangercam.com\\\/\",\"name\":\"Strangercam\",\"description\":\"Random Video Chat with Strangers\",\"publisher\":{\"@id\":\"https:\\\/\\\/strangercam.com\\\/#organization\"},\"alternateName\":\"Strangercam.com\",\"potentialAction\":[{\"@type\":\"SearchAction\",\"target\":{\"@type\":\"EntryPoint\",\"urlTemplate\":\"https:\\\/\\\/strangercam.com\\\/?s={search_term_string}\"},\"query-input\":{\"@type\":\"PropertyValueSpecification\",\"valueRequired\":true,\"valueName\":\"search_term_string\"}}],\"inLanguage\":\"tr\"},{\"@type\":\"Organization\",\"@id\":\"https:\\\/\\\/strangercam.com\\\/#organization\",\"name\":\"Strangercam\",\"alternateName\":\"Strangercam.com\",\"url\":\"https:\\\/\\\/strangercam.com\\\/\",\"logo\":{\"@type\":\"ImageObject\",\"inLanguage\":\"tr\",\"@id\":\"https:\\\/\\\/strangercam.com\\\/#\\\/schema\\\/logo\\\/image\\\/\",\"url\":\"https:\\\/\\\/strangercam.com\\\/wp-content\\\/uploads\\\/2020\\\/11\\\/cropped-new-favicon-black.png\",\"contentUrl\":\"https:\\\/\\\/strangercam.com\\\/wp-content\\\/uploads\\\/2020\\\/11\\\/cropped-new-favicon-black.png\",\"width\":512,\"height\":512,\"caption\":\"Strangercam\"},\"image\":{\"@id\":\"https:\\\/\\\/strangercam.com\\\/#\\\/schema\\\/logo\\\/image\\\/\"},\"sameAs\":[\"https:\\\/\\\/www.facebook.com\\\/strangercam\",\"https:\\\/\\\/x.com\\\/strangercamapp\"]}]}<\/script>\n<!-- \/ Yoast SEO plugin. -->","yoast_head_json":{"title":"Wireclub - \u0130ki Ki\u015filik Anonim Sohbet - StrangerCam.com'da Kamera","description":"Wireclub'yi be\u011fendiniz mi? Gelin Stranger Cam'de 5.000.000'dan fazla yabanc\u0131yla \u00dccretsiz sohbet edin! Kameran\u0131z\u0131 a\u00e7\u0131n ve yeni arkada\u015flar ve belki bir e\u015fle\u015fme bulun!","robots":{"index":"index","follow":"follow","max-snippet":"max-snippet:-1","max-image-preview":"max-image-preview:large","max-video-preview":"max-video-preview:-1"},"canonical":"https:\/\/strangercam.com\/tr\/wireclub\/","og_locale":"tr_TR","og_type":"article","og_title":"Wireclub - Anonymous Chat For Two - Cam on StrangerCam.com","og_description":"Like Wireclub? Come chat with more than 5.000.000 strangers on Stranger Cam for Free! Turn on your cam and find new friends & maby a match!","og_url":"https:\/\/strangercam.com\/tr\/wireclub\/","og_site_name":"Strangercam","article_publisher":"https:\/\/www.facebook.com\/strangercam","article_modified_time":"2023-08-21T10:47:57+00:00","og_image":[{"width":800,"height":800,"url":"https:\/\/strangercam.com\/wp-content\/uploads\/2020\/11\/stranger-cam-1.png","type":"image\/png"}],"twitter_card":"summary_large_image","twitter_site":"@strangercamapp","twitter_misc":{"Tahmini okuma s\u00fcresi":"4 dakika"},"schema":{"@context":"https:\/\/schema.org","@graph":[{"@type":"WebPage","@id":"https:\/\/strangercam.com\/wireclub\/","url":"https:\/\/strangercam.com\/wireclub\/","name":"Wireclub - \u0130ki Ki\u015filik Anonim Sohbet - StrangerCam.com'da Kamera","isPartOf":{"@id":"https:\/\/strangercam.com\/#website"},"primaryImageOfPage":{"@id":"https:\/\/strangercam.com\/wireclub\/#primaryimage"},"image":{"@id":"https:\/\/strangercam.com\/wireclub\/#primaryimage"},"thumbnailUrl":"https:\/\/strangercam.com\/wp-content\/uploads\/2020\/11\/stranger-cam-1.png","datePublished":"2021-10-18T09:30:39+00:00","dateModified":"2023-08-21T10:47:57+00:00","description":"Wireclub'yi be\u011fendiniz mi? Gelin Stranger Cam'de 5.000.000'dan fazla yabanc\u0131yla \u00dccretsiz sohbet edin! Kameran\u0131z\u0131 a\u00e7\u0131n ve yeni arkada\u015flar ve belki bir e\u015fle\u015fme bulun!","breadcrumb":{"@id":"https:\/\/strangercam.com\/wireclub\/#breadcrumb"},"inLanguage":"tr","potentialAction":[{"@type":"ReadAction","target":["https:\/\/strangercam.com\/wireclub\/"]}]},{"@type":"ImageObject","inLanguage":"tr","@id":"https:\/\/strangercam.com\/wireclub\/#primaryimage","url":"https:\/\/strangercam.com\/wp-content\/uploads\/2020\/11\/stranger-cam-1.png","contentUrl":"https:\/\/strangercam.com\/wp-content\/uploads\/2020\/11\/stranger-cam-1.png","width":800,"height":800,"caption":"stranger cam random video chat"},{"@type":"BreadcrumbList","@id":"https:\/\/strangercam.com\/wireclub\/#breadcrumb","itemListElement":[{"@type":"ListItem","position":1,"name":"Home","item":"https:\/\/strangercam.com\/"},{"@type":"ListItem","position":2,"name":"Wireclub"}]},{"@type":"WebSite","@id":"https:\/\/strangercam.com\/#website","url":"https:\/\/strangercam.com\/","name":"Strangercam","description":"Yabanc\u0131larla Rastgele G\u00f6r\u00fcnt\u00fcl\u00fc Sohbet","publisher":{"@id":"https:\/\/strangercam.com\/#organization"},"alternateName":"Strangercam.com","potentialAction":[{"@type":"SearchAction","target":{"@type":"EntryPoint","urlTemplate":"https:\/\/strangercam.com\/?s={search_term_string}"},"query-input":{"@type":"PropertyValueSpecification","valueRequired":true,"valueName":"search_term_string"}}],"inLanguage":"tr"},{"@type":"Organization","@id":"https:\/\/strangercam.com\/#organization","name":"Strangercam","alternateName":"Strangercam.com","url":"https:\/\/strangercam.com\/","logo":{"@type":"ImageObject","inLanguage":"tr","@id":"https:\/\/strangercam.com\/#\/schema\/logo\/image\/","url":"https:\/\/strangercam.com\/wp-content\/uploads\/2020\/11\/cropped-new-favicon-black.png","contentUrl":"https:\/\/strangercam.com\/wp-content\/uploads\/2020\/11\/cropped-new-favicon-black.png","width":512,"height":512,"caption":"Strangercam"},"image":{"@id":"https:\/\/strangercam.com\/#\/schema\/logo\/image\/"},"sameAs":["https:\/\/www.facebook.com\/strangercam","https:\/\/x.com\/strangercamapp"]}]}},"_links":{"self":[{"href":"https:\/\/strangercam.com\/tr\/wp-json\/wp\/v2\/pages\/8588","targetHints":{"allow":["GET"]}}],"collection":[{"href":"https:\/\/strangercam.com\/tr\/wp-json\/wp\/v2\/pages"}],"about":[{"href":"https:\/\/strangercam.com\/tr\/wp-json\/wp\/v2\/types\/page"}],"author":[{"embeddable":true,"href":"https:\/\/strangercam.com\/tr\/wp-json\/wp\/v2\/users\/6"}],"replies":[{"embeddable":true,"href":"https:\/\/strangercam.com\/tr\/wp-json\/wp\/v2\/comments?post=8588"}],"version-history":[{"count":0,"href":"https:\/\/strangercam.com\/tr\/wp-json\/wp\/v2\/pages\/8588\/revisions"}],"wp:featuredmedia":[{"embeddable":true,"href":"https:\/\/strangercam.com\/tr\/wp-json\/wp\/v2\/media\/559"}],"wp:attachment":[{"href":"https:\/\/strangercam.com\/tr\/wp-json\/wp\/v2\/media?parent=8588"}],"curies":[{"name":"wp","href":"https:\/\/api.w.org\/{rel}","templated":true}]}}