{"id":8554,"date":"2021-10-18T10:33:50","date_gmt":"2021-10-18T08:33:50","guid":{"rendered":"https:\/\/strangercam.com\/?page_id=8554"},"modified":"2025-01-23T12:08:04","modified_gmt":"2025-01-23T10:08:04","slug":"iade","status":"publish","type":"page","link":"https:\/\/strangercam.com\/tr\/refund\/","title":{"rendered":"Geri \u00d6demeler ve Ters \u0130braz"},"content":{"rendered":"<p>Web sitemizi kulland\u0131\u011f\u0131n\u0131z i\u00e7in te\u015fekk\u00fcr ederiz. Web sitemizdeki ba\u011flant\u0131lar arac\u0131l\u0131\u011f\u0131yla sat\u0131n al\u0131nan hizmetler i\u00e7in t\u00fcm faturaland\u0131rma, ters ibrazlar ve m\u00fc\u015fteri deste\u011finin a\u015fa\u011f\u0131dakiler taraf\u0131ndan ele al\u0131nd\u0131\u011f\u0131n\u0131 l\u00fctfen unutmay\u0131n <a href=\"https:\/\/strangercam.com\/tr\/coomeet\/\">Coomeet<\/a>. Bir ba\u011fl\u0131 kurulu\u015f olarak, bu i\u015flemler i\u00e7in \u00f6demeleri i\u015fleme koymuyor, geri \u00f6deme yapm\u0131yor veya m\u00fc\u015fteri sorgular\u0131n\u0131 y\u00f6netmiyoruz.<\/p>\n<ol>\n<li><strong>Dijital \u00dcr\u00fcnler ve Hizmetler<\/strong><br \/>\nWeb Sitemiz, Coomeet taraf\u0131ndan sunulan maddi olmayan, geri al\u0131namaz dijital \u00fcr\u00fcn ve hizmetleri tan\u0131tabilir. Bir sat\u0131n alma i\u015flemi yapmadan \u00f6nce, beklentilerinizi kar\u015f\u0131lad\u0131\u011f\u0131ndan emin olmak i\u00e7in l\u00fctfen \u00fcr\u00fcn veya hizmet ayr\u0131nt\u0131lar\u0131n\u0131 dikkatlice inceleyin. \u00dcr\u00fcn veya hizmetin niteli\u011fi hakk\u0131nda herhangi bir sorunuz varsa, \u00f6demenize devam etmeden \u00f6nce a\u00e7\u0131klama i\u00e7in l\u00fctfen Coomeet'nin destek ekibiyle ileti\u015fime ge\u00e7in.<\/li>\n<li><strong>Para \u0130adeleri<\/strong><br \/>\nFaturaland\u0131rmay\u0131 Coomeet ger\u00e7ekle\u015ftirdi\u011fi i\u00e7in, politikalar\u0131 kapsam\u0131nda geri \u00f6deme almaya hak kazan\u0131p kazanmad\u0131\u011f\u0131n\u0131z\u0131 onlar belirleyecektir. Para iadeleri belirli durumlarda (\u00f6rne\u011fin, m\u00fckerrer \u00f6demeler veya teknik hatalar) yap\u0131labilir. Para iadesi talep etmek i\u00e7in l\u00fctfen Coomeet'nin belirledi\u011fi s\u00fcreci takip edin ve a\u015fa\u011f\u0131daki bilgilerle destek ekibiyle ileti\u015fime ge\u00e7in:<\/p>\n<ul>\n<li>\u00d6deme tarihi, \u00f6deme tutar\u0131 ve \u00f6deme y\u00f6ntemi<\/li>\n<li>Sipari\u015f\/\u00f6deme\/i\u015flem numaras\u0131 (veya di\u011fer tan\u0131mlay\u0131c\u0131 ayr\u0131nt\u0131lar)<\/li>\n<li>\u0130ade talebinin nedeni<\/li>\n<\/ul>\n<p>Para iadesi onaylan\u0131rsa, kredi kart\u0131 veya banka i\u015flem s\u00fcrelerinin de\u011fi\u015febilece\u011fini ve genellikle 3-10 i\u015f g\u00fcn\u00fc aras\u0131nda de\u011fi\u015fti\u011fini l\u00fctfen unutmay\u0131n. Para iadenizin durumu veya zamanlamas\u0131yla ilgili t\u00fcm sorular\u0131n\u0131z\u0131 Coomeet'nin m\u00fc\u015fteri hizmetlerine y\u00f6neltebilirsiniz.<\/li>\n<li><strong>Ters ibrazlar<\/strong><br \/>\nBir ters ibraz durumunda, Coomeet i\u015flemle ilgili kapsaml\u0131 bir soru\u015fturma y\u00fcr\u00fctecektir. Yanl\u0131\u015f veya hileli bir ters ibraz ba\u015flatman\u0131n hesab\u0131n\u0131zda ve gelecekteki \u00fcyeliklerinizde k\u0131s\u0131tlamalara neden olabilece\u011fini l\u00fctfen unutmay\u0131n. Faturaland\u0131rman\u0131zla ilgili yard\u0131ma veya a\u00e7\u0131klamaya ihtiyac\u0131n\u0131z varsa, ters ibraza ba\u015fvurmadan \u00f6nce l\u00fctfen Coomeet'nin destek ekibiyle ileti\u015fime ge\u00e7in.<\/li>\n<li><strong>\u00dc\u00e7\u00fcnc\u00fc Taraf Ba\u011flant\u0131lar\u0131 ve Hizmetleri<\/strong><br \/>\nWeb sitemiz, \u00fc\u00e7\u00fcnc\u00fc taraflarca (Coomeet dahil) i\u015fletilen harici web sitelerine ve uygulamalara ba\u011flant\u0131 verebilir. Bu sa\u011flay\u0131c\u0131lardan \u00fcr\u00fcn veya hizmet sat\u0131n alan m\u00fc\u015fteriler, ilgili sa\u011flay\u0131c\u0131n\u0131n \u015fartlar\u0131na, ko\u015fullar\u0131na ve geri \u00f6deme prosed\u00fcrlerine tabidir. Herhangi bir sorunla kar\u015f\u0131la\u015f\u0131rsan\u0131z veya endi\u015feleriniz varsa, l\u00fctfen do\u011frudan ilgili \u00fc\u00e7\u00fcnc\u00fc taraf hizmet sa\u011flay\u0131c\u0131s\u0131yla ileti\u015fime ge\u00e7in.<\/li>\n<li><strong>Bize Ula\u015f\u0131n<\/strong><br \/>\nCoomeet ile ba\u011flant\u0131m\u0131z veya Web Sitemizdeki i\u00e7erikle ilgili herhangi bir genel sorunuz varsa <a href=\"https:\/\/strangercam.com\/tr\/chat4free\/\">\u00fccretsiz<\/a> ileti\u015fim sayfam\u0131z arac\u0131l\u0131\u011f\u0131yla bize ula\u015fabilirsiniz. Ancak, t\u00fcm fatura ve iade taleplerinin Coomeet'nin m\u00fc\u015fteri deste\u011fine y\u00f6nlendirilmesi gerekti\u011fini l\u00fctfen unutmay\u0131n.<\/li>\n<\/ol>\n<p>Anlay\u0131\u015f\u0131n\u0131z ve i\u015fbirli\u011finiz i\u00e7in te\u015fekk\u00fcr ederiz. Deste\u011finiz i\u00e7in minnettar\u0131z ve sorunsuz bir deneyim sa\u011flamak i\u00e7in \u00e7al\u0131\u015f\u0131yoruz.<\/p>","protected":false},"excerpt":{"rendered":"<p>Thank you for using our Website. Please note that all billing, chargebacks, and customer support for services purchased through links on our Website are handled by Coomeet. As an affiliate, we do not process payments, issue refunds, or manage customer inquiries for these transactions. Digital Products &amp; Services Our Website may promote non-tangible, irrevocable digital [&hellip;]<\/p>\n","protected":false},"author":1,"featured_media":0,"parent":0,"menu_order":0,"comment_status":"closed","ping_status":"closed","template":"","meta":{"footnotes":""},"class_list":["post-8554","page","type-page","status-publish","hentry"],"yoast_head":"<!-- This site is optimized with the Yoast SEO plugin v27.4 - https:\/\/yoast.com\/product\/yoast-seo-wordpress\/ -->\n<title>Refunds &amp; Chargeback - Strangercam<\/title>\n<meta name=\"robots\" content=\"index, follow, max-snippet:-1, max-image-preview:large, max-video-preview:-1\" \/>\n<link rel=\"canonical\" href=\"https:\/\/strangercam.com\/tr\/iade\/\" \/>\n<meta property=\"og:locale\" content=\"tr_TR\" \/>\n<meta property=\"og:type\" content=\"article\" \/>\n<meta property=\"og:title\" content=\"Refunds &amp; Chargeback - Strangercam\" \/>\n<meta property=\"og:description\" content=\"Thank you for using our Website. Please note that all billing, chargebacks, and customer support for services purchased through links on our Website are handled by Coomeet. As an affiliate, we do not process payments, issue refunds, or manage customer inquiries for these transactions. Digital Products &amp; Services Our Website may promote non-tangible, irrevocable digital [&hellip;]\" \/>\n<meta property=\"og:url\" content=\"https:\/\/strangercam.com\/tr\/iade\/\" \/>\n<meta property=\"og:site_name\" content=\"Strangercam\" \/>\n<meta property=\"article:publisher\" content=\"https:\/\/www.facebook.com\/strangercam\" \/>\n<meta property=\"article:modified_time\" content=\"2025-01-23T10:08:04+00:00\" \/>\n<meta property=\"og:image\" content=\"https:\/\/strangercam.com\/wp-content\/uploads\/2021\/10\/Untitled-2.png\" \/>\n\t<meta property=\"og:image:width\" content=\"800\" \/>\n\t<meta property=\"og:image:height\" content=\"532\" \/>\n\t<meta property=\"og:image:type\" content=\"image\/png\" \/>\n<meta name=\"twitter:card\" content=\"summary_large_image\" \/>\n<meta name=\"twitter:site\" content=\"@strangercamapp\" \/>\n<meta name=\"twitter:label1\" content=\"Tahmini okuma s\u00fcresi\" \/>\n\t<meta name=\"twitter:data1\" content=\"2 dakika\" \/>\n<script type=\"application\/ld+json\" class=\"yoast-schema-graph\">{\"@context\":\"https:\\\/\\\/schema.org\",\"@graph\":[{\"@type\":\"WebPage\",\"@id\":\"https:\\\/\\\/strangercam.com\\\/refund\\\/\",\"url\":\"https:\\\/\\\/strangercam.com\\\/refund\\\/\",\"name\":\"Refunds & Chargeback - Strangercam\",\"isPartOf\":{\"@id\":\"https:\\\/\\\/strangercam.com\\\/#website\"},\"datePublished\":\"2021-10-18T08:33:50+00:00\",\"dateModified\":\"2025-01-23T10:08:04+00:00\",\"breadcrumb\":{\"@id\":\"https:\\\/\\\/strangercam.com\\\/refund\\\/#breadcrumb\"},\"inLanguage\":\"tr\",\"potentialAction\":[{\"@type\":\"ReadAction\",\"target\":[\"https:\\\/\\\/strangercam.com\\\/refund\\\/\"]}]},{\"@type\":\"BreadcrumbList\",\"@id\":\"https:\\\/\\\/strangercam.com\\\/refund\\\/#breadcrumb\",\"itemListElement\":[{\"@type\":\"ListItem\",\"position\":1,\"name\":\"Home\",\"item\":\"https:\\\/\\\/strangercam.com\\\/\"},{\"@type\":\"ListItem\",\"position\":2,\"name\":\"Refunds &#038; Chargeback\"}]},{\"@type\":\"WebSite\",\"@id\":\"https:\\\/\\\/strangercam.com\\\/#website\",\"url\":\"https:\\\/\\\/strangercam.com\\\/\",\"name\":\"Strangercam\",\"description\":\"Random Video Chat with Strangers\",\"publisher\":{\"@id\":\"https:\\\/\\\/strangercam.com\\\/#organization\"},\"alternateName\":\"Strangercam.com\",\"potentialAction\":[{\"@type\":\"SearchAction\",\"target\":{\"@type\":\"EntryPoint\",\"urlTemplate\":\"https:\\\/\\\/strangercam.com\\\/?s={search_term_string}\"},\"query-input\":{\"@type\":\"PropertyValueSpecification\",\"valueRequired\":true,\"valueName\":\"search_term_string\"}}],\"inLanguage\":\"tr\"},{\"@type\":\"Organization\",\"@id\":\"https:\\\/\\\/strangercam.com\\\/#organization\",\"name\":\"Strangercam\",\"alternateName\":\"Strangercam.com\",\"url\":\"https:\\\/\\\/strangercam.com\\\/\",\"logo\":{\"@type\":\"ImageObject\",\"inLanguage\":\"tr\",\"@id\":\"https:\\\/\\\/strangercam.com\\\/#\\\/schema\\\/logo\\\/image\\\/\",\"url\":\"https:\\\/\\\/strangercam.com\\\/wp-content\\\/uploads\\\/2020\\\/11\\\/cropped-new-favicon-black.png\",\"contentUrl\":\"https:\\\/\\\/strangercam.com\\\/wp-content\\\/uploads\\\/2020\\\/11\\\/cropped-new-favicon-black.png\",\"width\":512,\"height\":512,\"caption\":\"Strangercam\"},\"image\":{\"@id\":\"https:\\\/\\\/strangercam.com\\\/#\\\/schema\\\/logo\\\/image\\\/\"},\"sameAs\":[\"https:\\\/\\\/www.facebook.com\\\/strangercam\",\"https:\\\/\\\/x.com\\\/strangercamapp\"]}]}<\/script>\n<!-- \/ Yoast SEO plugin. -->","yoast_head_json":{"title":"\u0130adeler ve Ters \u0130braz - Strangercam","robots":{"index":"index","follow":"follow","max-snippet":"max-snippet:-1","max-image-preview":"max-image-preview:large","max-video-preview":"max-video-preview:-1"},"canonical":"https:\/\/strangercam.com\/tr\/iade\/","og_locale":"tr_TR","og_type":"article","og_title":"Refunds & Chargeback - Strangercam","og_description":"Thank you for using our Website. Please note that all billing, chargebacks, and customer support for services purchased through links on our Website are handled by Coomeet. As an affiliate, we do not process payments, issue refunds, or manage customer inquiries for these transactions. Digital Products &amp; Services Our Website may promote non-tangible, irrevocable digital [&hellip;]","og_url":"https:\/\/strangercam.com\/tr\/iade\/","og_site_name":"Strangercam","article_publisher":"https:\/\/www.facebook.com\/strangercam","article_modified_time":"2025-01-23T10:08:04+00:00","og_image":[{"width":800,"height":532,"url":"https:\/\/strangercam.com\/wp-content\/uploads\/2021\/10\/Untitled-2.png","type":"image\/png"}],"twitter_card":"summary_large_image","twitter_site":"@strangercamapp","twitter_misc":{"Tahmini okuma s\u00fcresi":"2 dakika"},"schema":{"@context":"https:\/\/schema.org","@graph":[{"@type":"WebPage","@id":"https:\/\/strangercam.com\/refund\/","url":"https:\/\/strangercam.com\/refund\/","name":"\u0130adeler ve Ters \u0130braz - Strangercam","isPartOf":{"@id":"https:\/\/strangercam.com\/#website"},"datePublished":"2021-10-18T08:33:50+00:00","dateModified":"2025-01-23T10:08:04+00:00","breadcrumb":{"@id":"https:\/\/strangercam.com\/refund\/#breadcrumb"},"inLanguage":"tr","potentialAction":[{"@type":"ReadAction","target":["https:\/\/strangercam.com\/refund\/"]}]},{"@type":"BreadcrumbList","@id":"https:\/\/strangercam.com\/refund\/#breadcrumb","itemListElement":[{"@type":"ListItem","position":1,"name":"Home","item":"https:\/\/strangercam.com\/"},{"@type":"ListItem","position":2,"name":"Refunds &#038; Chargeback"}]},{"@type":"WebSite","@id":"https:\/\/strangercam.com\/#website","url":"https:\/\/strangercam.com\/","name":"Strangercam","description":"Yabanc\u0131larla Rastgele G\u00f6r\u00fcnt\u00fcl\u00fc Sohbet","publisher":{"@id":"https:\/\/strangercam.com\/#organization"},"alternateName":"Strangercam.com","potentialAction":[{"@type":"SearchAction","target":{"@type":"EntryPoint","urlTemplate":"https:\/\/strangercam.com\/?s={search_term_string}"},"query-input":{"@type":"PropertyValueSpecification","valueRequired":true,"valueName":"search_term_string"}}],"inLanguage":"tr"},{"@type":"Organization","@id":"https:\/\/strangercam.com\/#organization","name":"Strangercam","alternateName":"Strangercam.com","url":"https:\/\/strangercam.com\/","logo":{"@type":"ImageObject","inLanguage":"tr","@id":"https:\/\/strangercam.com\/#\/schema\/logo\/image\/","url":"https:\/\/strangercam.com\/wp-content\/uploads\/2020\/11\/cropped-new-favicon-black.png","contentUrl":"https:\/\/strangercam.com\/wp-content\/uploads\/2020\/11\/cropped-new-favicon-black.png","width":512,"height":512,"caption":"Strangercam"},"image":{"@id":"https:\/\/strangercam.com\/#\/schema\/logo\/image\/"},"sameAs":["https:\/\/www.facebook.com\/strangercam","https:\/\/x.com\/strangercamapp"]}]}},"_links":{"self":[{"href":"https:\/\/strangercam.com\/tr\/wp-json\/wp\/v2\/pages\/8554","targetHints":{"allow":["GET"]}}],"collection":[{"href":"https:\/\/strangercam.com\/tr\/wp-json\/wp\/v2\/pages"}],"about":[{"href":"https:\/\/strangercam.com\/tr\/wp-json\/wp\/v2\/types\/page"}],"author":[{"embeddable":true,"href":"https:\/\/strangercam.com\/tr\/wp-json\/wp\/v2\/users\/1"}],"replies":[{"embeddable":true,"href":"https:\/\/strangercam.com\/tr\/wp-json\/wp\/v2\/comments?post=8554"}],"version-history":[{"count":1,"href":"https:\/\/strangercam.com\/tr\/wp-json\/wp\/v2\/pages\/8554\/revisions"}],"predecessor-version":[{"id":12667,"href":"https:\/\/strangercam.com\/tr\/wp-json\/wp\/v2\/pages\/8554\/revisions\/12667"}],"wp:attachment":[{"href":"https:\/\/strangercam.com\/tr\/wp-json\/wp\/v2\/media?parent=8554"}],"curies":[{"name":"wp","href":"https:\/\/api.w.org\/{rel}","templated":true}]}}