{"id":8446,"date":"2021-10-06T19:55:53","date_gmt":"2021-10-06T17:55:53","guid":{"rendered":"https:\/\/strangercam.com\/?page_id=8446"},"modified":"2023-08-04T11:12:26","modified_gmt":"2023-08-04T09:12:26","slug":"iletisim","status":"publish","type":"page","link":"https:\/\/strangercam.com\/tr\/iletisim\/","title":{"rendered":"Bize Ula\u015f\u0131n"},"content":{"rendered":"<p>Yard\u0131ma ihtiyac\u0131n\u0131z varsa veya hizmetimizle ilgili herhangi bir sorunuz varsa, size yard\u0131mc\u0131 olmak i\u00e7in buraday\u0131z! Ancak bize ula\u015fmadan \u00f6nce, a\u015fa\u011f\u0131da en s\u0131k sorulan sorulara verdi\u011fimiz yan\u0131tlar\u0131 incelemenizi \u00f6neririz. Bir\u00e7ok kullan\u0131c\u0131n\u0131n, ekibimizden yan\u0131t beklemek zorunda kalmadan arad\u0131klar\u0131 \u00e7\u00f6z\u00fcmleri bulduklar\u0131n\u0131 g\u00f6rd\u00fck.<\/p>\n<h2>S\u0131k\u00e7a Sorulan Sorular (SSS)<\/h2>\n<p><strong>1. Sat\u0131n alma i\u015flemim otomatik olarak yenilenecek mi?<\/strong><\/p>\n<p>Evet, bir abonelik ald\u0131ysan\u0131z sat\u0131n alma i\u015fleminiz otomatik olarak yenilenecektir <a href=\"https:\/\/strangercam.com\/tr\/\">Strangercam<\/a> Premium. Aboneli\u011finizi iptal etmek isterseniz, \u015fu adrese gidin <a href=\"http:\/\/cs.segpay.com\/\">\u00f6zel destek sayfas\u0131<\/a> ve \u00f6deme bilgilerinizi girin. Daha sonra aboneli\u011finizin yenilenmesini iptal edebileceksiniz. Bir Diamonds paketi sat\u0131n ald\u0131ysan\u0131z, bunlar bir kerelik sat\u0131n al\u0131mlar oldu\u011fu i\u00e7in tekrar faturaland\u0131r\u0131lmayacaks\u0131n\u0131z.<\/p>\n<p><strong>2. Hesab\u0131m\u0131 silebilir miyim?<\/strong><\/p>\n<p>\u015eu anda hesab\u0131n\u0131z\u0131 silemezsiniz \u00e7\u00fcnk\u00fc herhangi bir ki\u015fisel veriyi saklam\u0131yor veya tutmuyoruz. Sistemlerimizi s\u00fcrekli olarak geli\u015ftiriyoruz ve gelecekte bir profil silme se\u00e7ene\u011fi eklemeyi planl\u0131yoruz.<\/p>\n<p><strong>3. Engelimi kald\u0131rabilir miyim?<\/strong><\/p>\n<p>Strangercam.com'daki inceleme ekibimiz bir kullan\u0131c\u0131y\u0131 engelledi\u011finde, karar nihaidir ve engellemelerin kald\u0131r\u0131lmas\u0131 talep edilemez.<\/p>\n<p><strong>4. Para iadesi alabilir miyim?<\/strong><\/p>\n<p>A\u015fa\u011f\u0131daki belgeye ba\u015fvurman\u0131z\u0131 rica ederiz <a href=\"https:\/\/strangercam.com\/tr\/iade\/\">geri\u0307 \u00f6deme poli\u0307ti\u0307kasi web si\u0307temi\u0307zde mevcuttur<\/a>. Bu politika, bir sat\u0131n alma i\u015fleminden sonra para iadesi yapabilece\u011fimiz durumlar hakk\u0131nda net y\u00f6nergeler sa\u011flar.<\/p>\n<h3>Hala Yard\u0131ma \u0130htiyac\u0131n\u0131z Var m\u0131?<\/h3>\n<p>Sorunuz yukar\u0131da ele al\u0131nmad\u0131ysa, l\u00fctfen a\u015fa\u011f\u0131daki formu kullanarak bizimle ileti\u015fime ge\u00e7mekten \u00e7ekinmeyin. T\u00fcm sorular\u0131 m\u00fcmk\u00fcn olan en k\u0131sa s\u00fcrede yan\u0131tlamaya \u00e7al\u0131\u015f\u0131yoruz, ancak l\u00fctfen yan\u0131t i\u00e7in 24 saate kadar bekleyin. Sabr\u0131n\u0131z i\u00e7in minnettar\u0131z ve size yard\u0131mc\u0131 olmay\u0131 d\u00f6rt g\u00f6zle bekliyoruz!<\/p>","protected":false},"excerpt":{"rendered":"<p>If you need assistance or have any questions about our service, we&#8217;re here to help! But before you reach out, we suggest you review the answers to our most frequently asked questions below. We&#8217;ve found that many users find the solutions they&#8217;re looking for without having to wait for a response from our team. Frequently [&hellip;]<\/p>\n","protected":false},"author":1,"featured_media":0,"parent":0,"menu_order":0,"comment_status":"closed","ping_status":"closed","template":"","meta":{"footnotes":""},"class_list":["post-8446","page","type-page","status-publish","hentry"],"yoast_head":"<!-- This site is optimized with the Yoast SEO plugin v26.9 - https:\/\/yoast.com\/product\/yoast-seo-wordpress\/ -->\n<title>Contact Us - Strangercam<\/title>\n<meta name=\"robots\" content=\"index, follow, max-snippet:-1, max-image-preview:large, max-video-preview:-1\" \/>\n<link rel=\"canonical\" href=\"https:\/\/strangercam.com\/tr\/iletisim\/\" \/>\n<meta property=\"og:locale\" content=\"tr_TR\" \/>\n<meta property=\"og:type\" content=\"article\" \/>\n<meta property=\"og:title\" content=\"Contact Us - Strangercam\" \/>\n<meta property=\"og:description\" content=\"If you need assistance or have any questions about our service, we&#8217;re here to help! But before you reach out, we suggest you review the answers to our most frequently asked questions below. We&#8217;ve found that many users find the solutions they&#8217;re looking for without having to wait for a response from our team. Frequently [&hellip;]\" \/>\n<meta property=\"og:url\" content=\"https:\/\/strangercam.com\/tr\/iletisim\/\" \/>\n<meta property=\"og:site_name\" content=\"Strangercam\" \/>\n<meta property=\"article:publisher\" content=\"https:\/\/www.facebook.com\/strangercam\" \/>\n<meta property=\"article:modified_time\" content=\"2023-08-04T09:12:26+00:00\" \/>\n<meta property=\"og:image\" content=\"https:\/\/strangercam.com\/wp-content\/uploads\/2021\/10\/Untitled-2.png\" \/>\n\t<meta property=\"og:image:width\" content=\"800\" \/>\n\t<meta property=\"og:image:height\" content=\"532\" \/>\n\t<meta property=\"og:image:type\" content=\"image\/png\" \/>\n<meta name=\"twitter:card\" content=\"summary_large_image\" \/>\n<meta name=\"twitter:site\" content=\"@strangercamapp\" \/>\n<meta name=\"twitter:label1\" content=\"Tahmini okuma s\u00fcresi\" \/>\n\t<meta name=\"twitter:data1\" content=\"2 dakika\" \/>\n<script type=\"application\/ld+json\" class=\"yoast-schema-graph\">{\"@context\":\"https:\/\/schema.org\",\"@graph\":[{\"@type\":\"WebPage\",\"@id\":\"https:\/\/strangercam.com\/contact\/\",\"url\":\"https:\/\/strangercam.com\/contact\/\",\"name\":\"Contact Us - Strangercam\",\"isPartOf\":{\"@id\":\"https:\/\/strangercam.com\/#website\"},\"datePublished\":\"2021-10-06T17:55:53+00:00\",\"dateModified\":\"2023-08-04T09:12:26+00:00\",\"breadcrumb\":{\"@id\":\"https:\/\/strangercam.com\/contact\/#breadcrumb\"},\"inLanguage\":\"tr\",\"potentialAction\":[{\"@type\":\"ReadAction\",\"target\":[\"https:\/\/strangercam.com\/contact\/\"]}]},{\"@type\":\"BreadcrumbList\",\"@id\":\"https:\/\/strangercam.com\/contact\/#breadcrumb\",\"itemListElement\":[{\"@type\":\"ListItem\",\"position\":1,\"name\":\"Home\",\"item\":\"https:\/\/strangercam.com\/\"},{\"@type\":\"ListItem\",\"position\":2,\"name\":\"Contact Us\"}]},{\"@type\":\"WebSite\",\"@id\":\"https:\/\/strangercam.com\/#website\",\"url\":\"https:\/\/strangercam.com\/\",\"name\":\"Strangercam\",\"description\":\"Random Video Chat with Strangers\",\"publisher\":{\"@id\":\"https:\/\/strangercam.com\/#organization\"},\"alternateName\":\"Strangercam.com\",\"potentialAction\":[{\"@type\":\"SearchAction\",\"target\":{\"@type\":\"EntryPoint\",\"urlTemplate\":\"https:\/\/strangercam.com\/?s={search_term_string}\"},\"query-input\":{\"@type\":\"PropertyValueSpecification\",\"valueRequired\":true,\"valueName\":\"search_term_string\"}}],\"inLanguage\":\"tr\"},{\"@type\":\"Organization\",\"@id\":\"https:\/\/strangercam.com\/#organization\",\"name\":\"Strangercam\",\"alternateName\":\"Strangercam.com\",\"url\":\"https:\/\/strangercam.com\/\",\"logo\":{\"@type\":\"ImageObject\",\"inLanguage\":\"tr\",\"@id\":\"https:\/\/strangercam.com\/#\/schema\/logo\/image\/\",\"url\":\"https:\/\/strangercam.com\/wp-content\/uploads\/2020\/11\/cropped-new-favicon-black.png\",\"contentUrl\":\"https:\/\/strangercam.com\/wp-content\/uploads\/2020\/11\/cropped-new-favicon-black.png\",\"width\":512,\"height\":512,\"caption\":\"Strangercam\"},\"image\":{\"@id\":\"https:\/\/strangercam.com\/#\/schema\/logo\/image\/\"},\"sameAs\":[\"https:\/\/www.facebook.com\/strangercam\",\"https:\/\/x.com\/strangercamapp\"]}]}<\/script>\n<!-- \/ Yoast SEO plugin. -->","yoast_head_json":{"title":"Bize Ula\u015f\u0131n - Strangercam","robots":{"index":"index","follow":"follow","max-snippet":"max-snippet:-1","max-image-preview":"max-image-preview:large","max-video-preview":"max-video-preview:-1"},"canonical":"https:\/\/strangercam.com\/tr\/iletisim\/","og_locale":"tr_TR","og_type":"article","og_title":"Contact Us - Strangercam","og_description":"If you need assistance or have any questions about our service, we&#8217;re here to help! But before you reach out, we suggest you review the answers to our most frequently asked questions below. We&#8217;ve found that many users find the solutions they&#8217;re looking for without having to wait for a response from our team. Frequently [&hellip;]","og_url":"https:\/\/strangercam.com\/tr\/iletisim\/","og_site_name":"Strangercam","article_publisher":"https:\/\/www.facebook.com\/strangercam","article_modified_time":"2023-08-04T09:12:26+00:00","og_image":[{"width":800,"height":532,"url":"https:\/\/strangercam.com\/wp-content\/uploads\/2021\/10\/Untitled-2.png","type":"image\/png"}],"twitter_card":"summary_large_image","twitter_site":"@strangercamapp","twitter_misc":{"Tahmini okuma s\u00fcresi":"2 dakika"},"schema":{"@context":"https:\/\/schema.org","@graph":[{"@type":"WebPage","@id":"https:\/\/strangercam.com\/contact\/","url":"https:\/\/strangercam.com\/contact\/","name":"Bize Ula\u015f\u0131n - Strangercam","isPartOf":{"@id":"https:\/\/strangercam.com\/#website"},"datePublished":"2021-10-06T17:55:53+00:00","dateModified":"2023-08-04T09:12:26+00:00","breadcrumb":{"@id":"https:\/\/strangercam.com\/contact\/#breadcrumb"},"inLanguage":"tr","potentialAction":[{"@type":"ReadAction","target":["https:\/\/strangercam.com\/contact\/"]}]},{"@type":"BreadcrumbList","@id":"https:\/\/strangercam.com\/contact\/#breadcrumb","itemListElement":[{"@type":"ListItem","position":1,"name":"Home","item":"https:\/\/strangercam.com\/"},{"@type":"ListItem","position":2,"name":"Contact Us"}]},{"@type":"WebSite","@id":"https:\/\/strangercam.com\/#website","url":"https:\/\/strangercam.com\/","name":"Strangercam","description":"Yabanc\u0131larla Rastgele G\u00f6r\u00fcnt\u00fcl\u00fc Sohbet","publisher":{"@id":"https:\/\/strangercam.com\/#organization"},"alternateName":"Strangercam.com","potentialAction":[{"@type":"SearchAction","target":{"@type":"EntryPoint","urlTemplate":"https:\/\/strangercam.com\/?s={search_term_string}"},"query-input":{"@type":"PropertyValueSpecification","valueRequired":true,"valueName":"search_term_string"}}],"inLanguage":"tr"},{"@type":"Organization","@id":"https:\/\/strangercam.com\/#organization","name":"Strangercam","alternateName":"Strangercam.com","url":"https:\/\/strangercam.com\/","logo":{"@type":"ImageObject","inLanguage":"tr","@id":"https:\/\/strangercam.com\/#\/schema\/logo\/image\/","url":"https:\/\/strangercam.com\/wp-content\/uploads\/2020\/11\/cropped-new-favicon-black.png","contentUrl":"https:\/\/strangercam.com\/wp-content\/uploads\/2020\/11\/cropped-new-favicon-black.png","width":512,"height":512,"caption":"Strangercam"},"image":{"@id":"https:\/\/strangercam.com\/#\/schema\/logo\/image\/"},"sameAs":["https:\/\/www.facebook.com\/strangercam","https:\/\/x.com\/strangercamapp"]}]}},"_links":{"self":[{"href":"https:\/\/strangercam.com\/tr\/wp-json\/wp\/v2\/pages\/8446","targetHints":{"allow":["GET"]}}],"collection":[{"href":"https:\/\/strangercam.com\/tr\/wp-json\/wp\/v2\/pages"}],"about":[{"href":"https:\/\/strangercam.com\/tr\/wp-json\/wp\/v2\/types\/page"}],"author":[{"embeddable":true,"href":"https:\/\/strangercam.com\/tr\/wp-json\/wp\/v2\/users\/1"}],"replies":[{"embeddable":true,"href":"https:\/\/strangercam.com\/tr\/wp-json\/wp\/v2\/comments?post=8446"}],"version-history":[{"count":0,"href":"https:\/\/strangercam.com\/tr\/wp-json\/wp\/v2\/pages\/8446\/revisions"}],"wp:attachment":[{"href":"https:\/\/strangercam.com\/tr\/wp-json\/wp\/v2\/media?parent=8446"}],"curies":[{"name":"wp","href":"https:\/\/api.w.org\/{rel}","templated":true}]}}