{"id":8386,"date":"2024-09-19T11:35:24","date_gmt":"2024-09-19T09:35:24","guid":{"rendered":"https:\/\/strangercam.com\/?page_id=8386"},"modified":"2024-09-19T11:37:00","modified_gmt":"2024-09-19T09:37:00","slug":"chat-avenue","status":"publish","type":"page","link":"https:\/\/strangercam.com\/tr\/chat-avenue\/","title":{"rendered":"Chat Avenue"},"content":{"rendered":"<p><a href=\"https:\/\/strangercam.com\/tr\/chatroulette\/\">Sohbet<\/a> Chat Ave olarak da bilinen Avenue, bug\u00fcn mevcut olan en eski ve en pop\u00fcler \u00e7evrimi\u00e7i sohbet platformlar\u0131ndan biridir. 2000 y\u0131l\u0131nda kurulan platform, d\u00fcnyan\u0131n d\u00f6rt bir yan\u0131ndan milyonlarca insan\u0131n sohbet etmek, yeni arkada\u015flar edinmek ve deneyimlerini payla\u015fmak i\u00e7in bir araya geldi\u011fi canl\u0131 bir topluluk haline geldi. Her ay 7 milyondan fazla ziyaret\u00e7isi olan Chat Avenue, hem yeni hem de deneyimli sohbet merakl\u0131lar\u0131 i\u00e7in dinamik bir ortam sunuyor.<\/p>\n<h2>Chat Avenue Nedir?<\/h2>\n<p>Chat Avenue, kullan\u0131c\u0131lara \u00e7ok \u00e7e\u015fitli konular\u0131 ve ilgi alanlar\u0131n\u0131 kapsayan \u00fccretsiz sohbet odalar\u0131na eri\u015fim sa\u011flayan \u00e7evrimi\u00e7i bir platformdur. S\u0131radan sohbetlerden daha odakl\u0131 tart\u0131\u015fmalara kadar, Chat Avenue'de herkes i\u00e7in bir \u015feyler vard\u0131r. Platform, kullan\u0131c\u0131 dostu ve her ya\u015ftan ve ge\u00e7mi\u015ften insan i\u00e7in eri\u015filebilir olacak \u015fekilde tasarlanm\u0131\u015ft\u0131r, bu da herkesin an\u0131nda kat\u0131lmas\u0131n\u0131 ve sohbete ba\u015flamas\u0131n\u0131 kolayla\u015ft\u0131r\u0131r.<\/p>\n<h2>Neden Chat Avenue'yi Se\u00e7melisiniz?<\/h2>\n<p>Chat Avenue'nin \u00f6nde gelen bir \u00e7evrimi\u00e7i sohbet platformu olarak \u00f6ne \u00e7\u0131kmas\u0131n\u0131n birka\u00e7 nedeni vard\u0131r:<\/p>\n<ul>\n<li><strong>Farkl\u0131 Sohbet Odalar\u0131:<\/strong> Aralar\u0131ndan se\u00e7im yapabilece\u011finiz 20 farkl\u0131 sohbet odas\u0131 ile ilgi alanlar\u0131n\u0131za m\u00fckemmel uyumu bulabilirsiniz. \u0130ster m\u00fczik, spor, teknoloji ile ilgileniyor olun, ister ya\u015f\u0131n\u0131za \u00f6zel sohbet odalar\u0131 ar\u0131yor olun <a href=\"https:\/\/strangercam.com\/tr\/mocospace\/\">uzay<\/a> Senin i\u00e7in.<\/li>\n<li><strong>Kullan\u0131c\u0131 Dostu Aray\u00fcz:<\/strong> Platform, ya\u015f\u0131 veya teknolojik uzmanl\u0131\u011f\u0131 ne olursa olsun herkes i\u00e7in tasarlanm\u0131\u015ft\u0131r. Basit d\u00fczeni, gezinmeyi ve herhangi bir g\u00fc\u00e7l\u00fck \u00e7ekmeden sohbete ba\u015flamay\u0131 kolayla\u015ft\u0131r\u0131r.<\/li>\n<li><strong>K\u00fcresel Topluluk:<\/strong> Farkl\u0131 \u00fclkelerden, k\u00fclt\u00fcrlerden ve ge\u00e7mi\u015flerden gelen binlerce insanla ba\u011flant\u0131 kurun. D\u00fcnyan\u0131n d\u00f6rt bir yan\u0131ndan insanlarla sohbet ederek ufkunuzu geni\u015fletin ve yeni bak\u0131\u015f a\u00e7\u0131lar\u0131 \u00f6\u011frenin.<\/li>\n<li><strong>Gizlilik ve Anonimlik:<\/strong> Chat Avenue, \u201cMisafir Kullan\u0131c\u0131\u201d olarak oturum a\u00e7man\u0131za izin vererek kimli\u011finizin gizli kalmas\u0131n\u0131 sa\u011flar. Sohbete ba\u015flamak i\u00e7in bir e-posta adresi, sosyal medya profilleri veya herhangi bir ki\u015fisel bilgi vermeniz gerekmez.<\/li>\n<li><strong>Kullan\u0131m\u0131 \u00dccretsiz:<\/strong> Chat Avenue tamamen \u00fccretsizdir. Herhangi bir \u00fccret veya gizli \u00fccret \u00f6demeden herhangi bir sohbet odas\u0131na kat\u0131labilirsiniz.<\/li>\n<\/ul>\n<h2>Chat Avenue Nas\u0131l Kullan\u0131l\u0131r<\/h2>\n<p>Chat Avenue'yi kullanmak basit ve anla\u015f\u0131l\u0131rd\u0131r. \u0130\u015fte ad\u0131m ad\u0131m bir k\u0131lavuz:<\/p>\n<ol>\n<li><strong>Web sitesini ziyaret edin:<\/strong> Chat Avenue'nin ana sayfas\u0131na gidin.<\/li>\n<li><strong>Bir Sohbet Odas\u0131 se\u00e7in:<\/strong> Mevcut 20 sohbet odas\u0131na g\u00f6z at\u0131n ve ilgi alanlar\u0131n\u0131za uygun olan\u0131 se\u00e7in. Se\u00e7enekler aras\u0131nda Gen\u00e7 Sohbet, Yeti\u015fkin Sohbet, M\u00fczik Sohbet, Spor Sohbet, Teknoloji Sohbet, Arkada\u015fl\u0131k Sohbet, LGBTQ+ Sohbet ve daha fazlas\u0131 bulunur.<\/li>\n<li><strong>Bir Kullan\u0131c\u0131 Ad\u0131 girin:<\/strong> Sadece bir kullan\u0131c\u0131 ad\u0131 se\u00e7erek misafir olarak giri\u015f yapabilirsiniz. Kay\u0131t olman\u0131za veya herhangi bir ki\u015fisel bilgi vermenize gerek yoktur.<\/li>\n<li><strong>Sohbete Ba\u015flay\u0131n:<\/strong> Kullan\u0131c\u0131 ad\u0131n\u0131z\u0131 girdikten sonra, di\u011fer kullan\u0131c\u0131larla hemen etkile\u015fime girmeye ba\u015flayabilece\u011finiz sohbet odas\u0131na y\u00f6nlendirileceksiniz.<\/li>\n<\/ol>\n<h2>Mevcut Sohbet Odalar\u0131<\/h2>\n<p>\u0130deal sohbet odan\u0131z\u0131 bulman\u0131za yard\u0131mc\u0131 olmak i\u00e7in, i\u015fte mevcut se\u00e7eneklerin bir \u00f6zeti:<\/p>\n<ul>\n<li><strong>Gen\u00e7 sohbeti:<\/strong> 13-19 ya\u015f aras\u0131 kullan\u0131c\u0131lar i\u00e7in tasarlanm\u0131\u015ft\u0131r ve akranlar\u0131yla ba\u011flant\u0131 kurmak i\u00e7in g\u00fcvenli bir alan sa\u011flar.<\/li>\n<li><strong>Yeti\u015fkin Sohbet:<\/strong> \u00c7e\u015fitli konularda olgun sohbetler i\u00e7in 18+ kullan\u0131c\u0131lara a\u00e7\u0131kt\u0131r.<\/li>\n<li><strong>M\u00fczik Sohbeti:<\/strong> En sevdi\u011finiz sanat\u00e7\u0131lar\u0131, alb\u00fcmleri ve t\u00fcrleri m\u00fczik tutkunu arkada\u015flar\u0131n\u0131zla tart\u0131\u015f\u0131n.<\/li>\n<li><strong>Spor sohbeti:<\/strong> \u00c7e\u015fitli spor dallar\u0131n\u0131n hayranlar\u0131yla etkile\u015fime ge\u00e7in, ma\u00e7 \u00f6zetlerini payla\u015f\u0131n ve yakla\u015fan etkinlikleri tart\u0131\u015f\u0131n.<\/li>\n<li><strong>Teknoloji Sohbeti:<\/strong> En yeni ara\u00e7lar, yaz\u0131l\u0131mlar ve teknoloji trendleri hakk\u0131nda konu\u015fun.<\/li>\n<li><strong>Fl\u00f6rt Sohbeti:<\/strong> <a href=\"https:\/\/strangercam.com\/tr\/coomeet\/\">Tan\u0131\u015f\u0131n<\/a> ili\u015fki veya arkada\u015fl\u0131k arayan yeni insanlar.<\/li>\n<li><strong>LGBTQ+ Sohbeti:<\/strong> LGBTQ+ toplulu\u011fu \u00fcyeleri i\u00e7in ba\u011flant\u0131 kurabilecekleri ve deneyimlerini payla\u015fabilecekleri destekleyici bir alan.<\/li>\n<li><strong>Genel Sohbet:<\/strong> Farkl\u0131 insanlardan olu\u015fan bir grupla \u00e7e\u015fitli konularda g\u00fcndelik sohbetler i\u00e7in.<\/li>\n<li><strong>Di\u011fer \u0130lgi Alan\u0131na Dayal\u0131 Odalar:<\/strong> Video Oyunlar\u0131 Sohbeti, Anime Sohbeti ve daha fazlas\u0131 dahil ancak bunlarla s\u0131n\u0131rl\u0131 de\u011fil.<\/li>\n<\/ul>\n<h2>Chat Avenue'den En \u0130yi \u015eekilde Yararlanmak i\u00e7in \u0130pu\u00e7lar\u0131<\/h2>\n<p>Chat Avenue'deki deneyiminizi geli\u015ftirmek i\u00e7in a\u015fa\u011f\u0131daki ipu\u00e7lar\u0131n\u0131 g\u00f6z \u00f6n\u00fcnde bulundurun:<\/p>\n<ul>\n<li><strong>G\u00f6r\u00fc\u015fmeler Ba\u015flat\u0131n:<\/strong> Basit bir \u201cMerhaba\u201d veya \u201cMerhaba\u201d ile sohbet ba\u015flatmaktan \u00e7ekinmeyin. \u0130lk ad\u0131m\u0131 atmak, ilgi \u00e7ekici ve anlaml\u0131 tart\u0131\u015fmalara yol a\u00e7abilir.<\/li>\n<li><strong>A\u00e7\u0131k Fikirli Olun:<\/strong> Toplumun \u00e7e\u015fitlili\u011fini kucaklay\u0131n. Farkl\u0131 ge\u00e7mi\u015flerden gelen insanlar zengin ve ayd\u0131nlat\u0131c\u0131 sohbetlere katk\u0131da bulunur.<\/li>\n<li><strong>Ba\u015fkalar\u0131na Sayg\u0131 G\u00f6sterin:<\/strong> Etkile\u015fimlere her zaman nezaket ve anlay\u0131\u015fla yakla\u015f\u0131n. Bu, herkes i\u00e7in olumlu bir ortam\u0131 te\u015fvik eder.<\/li>\n<li><strong>Reddedilmeleri Zarif Bir \u015eekilde Ele Al\u0131n:<\/strong> Herkes yan\u0131t vermeyebilir veya ayn\u0131 ilgi alanlar\u0131n\u0131 payla\u015fmayabilir ve bu sorun de\u011fildir. Bunu ki\u015fisel alg\u0131lamadan yeni ba\u011flant\u0131lara ge\u00e7in.<\/li>\n<li><strong>Pratik M\u00fckemmelle\u015ftirir:<\/strong> Ne kadar \u00e7ok etkile\u015fimde bulunursan\u0131z, o kadar rahat edersiniz. Zamanla sohbet etmek size daha do\u011fal ve keyifli gelecektir.<\/li>\n<\/ul>\n<h2>Yayg\u0131n Korkular\u0131n \u00dcstesinden Gelmek<\/h2>\n<p>Yabanc\u0131larla \u00e7evrimi\u00e7i sohbet ba\u015flatmak g\u00f6z korkutucu olabilir, \u00f6zellikle de bu konuda yeniyseniz. \u0130\u015fte yayg\u0131n korkular\u0131n \u00fcstesinden gelmenin baz\u0131 yollar\u0131:<\/p>\n<ul>\n<li><strong>Anksiyete ile Sava\u015f:<\/strong> Ba\u015flarken gergin hissetmeniz normaldir. Herkesin bir zamanlar acemi oldu\u011funu ve \u00e7o\u011fu kullan\u0131c\u0131n\u0131n arkada\u015f canl\u0131s\u0131 ve sohbete a\u00e7\u0131k oldu\u011funu unutmay\u0131n.<\/li>\n<li><strong>Kendiniz olun:<\/strong> \u00d6zg\u00fcnl\u00fck uzun bir yol kat eder. Ger\u00e7ek etkile\u015fimler genellikle anlaml\u0131 ba\u011flant\u0131lara ve dostluklara yol a\u00e7ar.<\/li>\n<li><strong>Pozitif kal\u0131n:<\/strong> Sonu\u00e7 hakk\u0131nda endi\u015felenmek yerine deneyimin tad\u0131n\u0131 \u00e7\u0131karmaya odaklan\u0131n. Konu\u015fmalar\u0131n\u0131zla e\u011flenin ve k\u00fc\u00e7\u00fck aksakl\u0131klar \u00fczerinde stres yapmay\u0131n.<\/li>\n<li><strong>Reddedilmekten Korkmay\u0131n:<\/strong> Her etkile\u015fim kal\u0131c\u0131 bir ba\u011flant\u0131ya yol a\u00e7mayacakt\u0131r ve bu gayet normaldir. Olumlu bir tutum sergileyin ve ba\u015fkalar\u0131yla etkile\u015fim kurmaya devam edin.<\/li>\n<\/ul>\n<h2>Chat Avenue'de \u00c7e\u015fitlili\u011fi Kucaklay\u0131n<\/h2>\n<p>Chat Avenue \u00e7e\u015fitlili\u011fi ve kapsay\u0131c\u0131l\u0131\u011f\u0131 kutlar. Platform, farkl\u0131 ilgi alanlar\u0131na ve topluluklara hitap eden \u00f6zel sohbet odalar\u0131 sunarak herkesin kendini rahat hissedebilece\u011fi bir yer bulmas\u0131n\u0131 sa\u011flar:<\/p>\n<ul>\n<li><strong>\u0130lgi Alan\u0131na Dayal\u0131 Odalar:<\/strong> M\u00fczik, spor, teknoloji veya oyun gibi hobilerinizi veya tutkular\u0131n\u0131z\u0131 payla\u015fan ki\u015filerle ba\u011flant\u0131 kurun.<\/li>\n<li><strong>Topluluk Odalar\u0131:<\/strong> LGBTQ+ sohbet odalar\u0131 ve di\u011fer az\u0131nl\u0131k gruplar\u0131 da dahil olmak \u00fczere destekleyici bir ortamda belirli gruplar ve topluluklarla etkile\u015fim kurun.<\/li>\n<li><strong>Ya\u015fa \u00d6zel Odalar:<\/strong> \u0130ster gen\u00e7 ister yeti\u015fkin olun, g\u00fcvenlik ve uygunlu\u011fu sa\u011flamak i\u00e7in tasarlanm\u0131\u015f ya\u015fa uygun sohbet odalar\u0131 vard\u0131r.<\/li>\n<\/ul>\n<h2>G\u00fcvenlik ve \u00d6l\u00e7\u00fcl\u00fcl\u00fck<\/h2>\n<p>Chat Avenue'de g\u00fcvenli\u011finiz bir \u00f6nceliktir. Platform, g\u00fcvenli ve keyifli bir deneyim sa\u011flamak i\u00e7in \u00e7e\u015fitli \u00f6zelliklere sahiptir:<\/p>\n<ul>\n<li><strong>Aktif Moderat\u00f6rler:<\/strong> Her sohbet odas\u0131, topluluk kurallar\u0131n\u0131 uygulayarak sayg\u0131l\u0131 bir ortam sa\u011flamak i\u00e7in \u00e7al\u0131\u015fan moderat\u00f6rler taraf\u0131ndan izlenir.<\/li>\n<li><strong>Raporlama Sistemi:<\/strong> Kullan\u0131c\u0131lar uygunsuz davran\u0131\u015flar\u0131, tacizi veya kural ihlallerini bildirebilir ve bunlar moderasyon ekibi taraf\u0131ndan derhal ele al\u0131n\u0131r.<\/li>\n<li><strong>K\u0131lavuz Uyumlulu\u011fu:<\/strong> T\u00fcm kullan\u0131c\u0131lar\u0131n olumlu bir atmosfer olu\u015fturmak i\u00e7in topluluk kurallar\u0131na uymas\u0131 beklenmektedir. Sayg\u0131s\u0131z veya zararl\u0131 davran\u0131\u015flara m\u00fcsamaha g\u00f6sterilmez.<\/li>\n<\/ul>\n<h2>SSS<\/h2>\n<p>\u0130\u015fte Chat Avenue hakk\u0131nda s\u0131k\u00e7a sorulan baz\u0131 sorular:<\/p>\n<p><strong>S: Chat Avenue'yi kullanmak \u00fccretsiz mi?<\/strong><\/p>\n<p>C: Evet, Chat Avenue tamamen \u00fccretsizdir. Herhangi bir \u00fccret veya \u00fccret \u00f6demeden herhangi bir sohbet odas\u0131na kat\u0131labilirsiniz.<\/p>\n<p><strong>S: Bir hesap a\u00e7mam gerekiyor mu?<\/strong><\/p>\n<p>C: Kay\u0131t olman\u0131za gerek yoktur. Anonim kalman\u0131z\u0131 sa\u011flayacak bir kullan\u0131c\u0131 ad\u0131 se\u00e7erek misafir olarak giri\u015f yapabilirsiniz.<\/p>\n<p><strong>S: Chat Avenue'yi mobil cihaz\u0131mda kullanabilir miyim?<\/strong><\/p>\n<p>C: Evet, Chat Avenue'ye hem masa\u00fcst\u00fc hem de mobil taray\u0131c\u0131lardan eri\u015filebilir, bu da nerede olursan\u0131z olun sohbet etmenizi kolayla\u015ft\u0131r\u0131r.<\/p>\n<p><strong>S: Chat Avenue g\u00fcvenli midir?<\/strong><\/p>\n<p>C: Chat Avenue, aktif moderasyon ve raporlama sistemleri de dahil olmak \u00fczere kullan\u0131c\u0131 g\u00fcvenli\u011fini sa\u011flamak i\u00e7in \u00f6nlemler almaktad\u0131r. Ancak, dikkatli olmak ve ki\u015fisel bilgileri \u00e7evrimi\u00e7i ortamda payla\u015fmamak her zaman \u00f6nemlidir.<\/p>\n<p><strong>S: Uygunsuz bir davran\u0131\u015fla kar\u015f\u0131la\u015f\u0131rsam ne yapmal\u0131y\u0131m?<\/strong><\/p>\n<p>C: Kullan\u0131c\u0131y\u0131 moderat\u00f6rlere bildirebilirsiniz, onlar da gerekli i\u015flemleri yapacakt\u0131r. Toplulu\u011fu g\u00fcvenli ve sayg\u0131l\u0131 tutmak \u00f6nemlidir.<\/p>\n<h2>G\u00f6r\u00fc\u015fler<\/h2>\n<p>\u0130\u015fte Chat Avenue kullan\u0131c\u0131lar\u0131 taraf\u0131ndan payla\u015f\u0131lan baz\u0131 deneyimler:<\/p>\n<p><em>\"Ben <a href=\"https:\/\/strangercam.com\/tr\/chamet\/\">met<\/a> Chat Avenue'de o kadar \u00e7ok harika insan var ki. \u0130lgi alanlar\u0131m\u0131 payla\u015fan di\u011fer insanlarla ba\u011flant\u0131 kurman\u0131n bu kadar kolay olmas\u0131 inan\u0131lmaz!\u201d<\/em> - Alex T.<\/p>\n<p><em>\u201cGer\u00e7ek hayatta utanga\u00e7 biri olarak, Chat Ave bana sohbet ba\u015flatmak ve yeni arkada\u015flar edinmek i\u00e7in g\u00fcven verdi.\u201d<\/em> - Maria S.<\/p>\n<p><em>\u201cChat Avenue'deki \u00e7e\u015fitlilik harika. D\u00fcnyan\u0131n d\u00f6rt bir yan\u0131ndaki insanlardan \u00e7ok \u015fey \u00f6\u011frendim.\u201d<\/em> - Jamal K.<\/p>\n<h2>Ek Kaynaklar<\/h2>\n<p>\u00c7evrimi\u00e7i sohbet hakk\u0131nda daha fazla bilgi ve ipucu i\u00e7in bu kaynaklar\u0131 de\u011ferlendirin:<\/p>\n<ul>\n<li><strong>G\u00fcvenli \u00c7evrimi\u00e7i Sohbet i\u00e7in \u0130pu\u00e7lar\u0131:<\/strong> Kendinizi nas\u0131l koruyaca\u011f\u0131n\u0131z\u0131 \u00f6\u011frenin ve g\u00fcvenli bir sohbet deneyiminin keyfini \u00e7\u0131kar\u0131n.<\/li>\n<li><strong>\u0130nternette Nas\u0131l Arkada\u015f Edinilir?<\/strong> \u0130nternet \u00fczerinden anlaml\u0131 ba\u011flant\u0131lar kurmak i\u00e7in stratejileri ke\u015ffedin.<\/li>\n<li><strong>\u00c7evrimi\u00e7i Topluluklar\u0131n Faydalar\u0131:<\/strong> Chat Avenue gibi \u00e7evrimi\u00e7i platformlar\u0131n sosyal hayat\u0131n\u0131z\u0131 nas\u0131l zenginle\u015ftirebilece\u011fini ke\u015ffedin.<\/li>\n<\/ul>\n<h2>Chat Avenue'yi Sosyal Medyada Takip Edin<\/h2>\n<p>Chat Avenue'yi sosyal medyada takip ederek en son haber ve g\u00fcncellemelerden haberdar olun:<\/p>\n<ul>\n<li><strong>Facebook<\/strong><\/li>\n<li><strong>Twitter<\/strong><\/li>\n<li><strong>Instagram<\/strong><\/li>\n<\/ul>\n<h2>Sonu\u00e7<\/h2>\n<p>Chat Avenue, sohbet ve arkada\u015fl\u0131klarla dolu bir d\u00fcnyaya a\u00e7\u0131lan kap\u0131n\u0131zd\u0131r. Kullan\u0131c\u0131 dostu tasar\u0131m\u0131, gizlili\u011fe ba\u011fl\u0131l\u0131\u011f\u0131 ve \u00e7e\u015fitli toplulu\u011fu, onu \u00e7evrimi\u00e7i ba\u011flant\u0131 kurmak isteyen herkes i\u00e7in ideal bir platform haline getirir. \u0130ster s\u0131radan sohbetler, ister anlaml\u0131 tart\u0131\u015fmalar ar\u0131yor olun, ister sadece yeni insanlarla tan\u0131\u015fmak isteyin, Chat Avenue'nin size sunaca\u011f\u0131 bir \u015fey var. \u00d6yleyse neden bekleyesiniz? Bug\u00fcn Chat Avenue toplulu\u011funun bir par\u00e7as\u0131 olun ve sonsuz olas\u0131l\u0131klar\u0131 ke\u015ffetmeye ba\u015flay\u0131n! Sadece birka\u00e7 t\u0131klama ile ilgi \u00e7ekici tart\u0131\u015fmalara dalabilir ve hayat\u0131n her kesiminden b\u00fcy\u00fcleyici insanlarla tan\u0131\u015fabilirsiniz. Chat Avenue sizi ileti\u015fimin s\u0131n\u0131r tan\u0131mad\u0131\u011f\u0131 bir d\u00fcnyaya davet ediyor.<\/p>\n<h2>Chat Avenue'ye Bug\u00fcn Kat\u0131l\u0131n ve D\u00fcnyan\u0131z\u0131 Geni\u015fletin<\/h2>\n<p>Geni\u015f sohbet odalar\u0131 yelpazesi ve k\u00fcresel kullan\u0131c\u0131 taban\u0131 ile Chat Avenue, ufkunuzu geni\u015fletmek i\u00e7in e\u015fsiz bir f\u0131rsat sunar. \u0130ster yeni arkada\u015flar edinmek, ister ilgi alanlar\u0131n\u0131z\u0131 payla\u015fmak ya da sadece s\u0131radan bir sohbetin tad\u0131n\u0131 \u00e7\u0131karmak isteyin, Chat Avenue tam arad\u0131\u011f\u0131n\u0131z yer. Unutmay\u0131n, ileti\u015fim ba\u011flant\u0131 kurman\u0131n anahtar\u0131d\u0131r ve Chat Avenue ba\u015fkalar\u0131na ula\u015fmay\u0131 ve onlarla ba\u011flant\u0131 kurmay\u0131 her zamankinden daha kolay hale getirir. \u00d6yleyse oturum a\u00e7\u0131n, bir sohbet odas\u0131 se\u00e7in ve yolculu\u011funuza bug\u00fcn ba\u015flay\u0131n!<\/p>","protected":false},"excerpt":{"rendered":"<p>Chat Avenue, also known as Chat Ave, is one of the oldest and most popular online chat platforms available today. Established in 2000, it has grown into a vibrant community where millions of people from around the globe come together to converse, make new friends, and share experiences. With over 7 million visitors each month, [&hellip;]<\/p>\n","protected":false},"author":6,"featured_media":0,"parent":0,"menu_order":0,"comment_status":"closed","ping_status":"closed","template":"","meta":{"footnotes":""},"class_list":["post-8386","page","type-page","status-publish","hentry"],"yoast_head":"<!-- This site is optimized with the Yoast SEO plugin v27.4 - https:\/\/yoast.com\/product\/yoast-seo-wordpress\/ -->\n<title>Chat Avenue - Free Video Chat Rooms - StrangerCam.com<\/title>\n<meta name=\"description\" content=\"Discover Chat Avenue, the ultimate online platform connecting you to free chat rooms and a global community. Join Chat Ave today!\" \/>\n<meta name=\"robots\" content=\"index, follow, max-snippet:-1, max-image-preview:large, max-video-preview:-1\" \/>\n<link rel=\"canonical\" href=\"https:\/\/strangercam.com\/tr\/chat-avenue\/\" \/>\n<meta property=\"og:locale\" content=\"tr_TR\" \/>\n<meta property=\"og:type\" content=\"article\" \/>\n<meta property=\"og:title\" content=\"Chat Avenue - Free Video Chat Rooms - StrangerCam.com\" \/>\n<meta property=\"og:description\" content=\"Discover Chat Avenue, the ultimate online platform connecting you to free chat rooms and a global community. Join Chat Ave today!\" \/>\n<meta property=\"og:url\" content=\"https:\/\/strangercam.com\/tr\/chat-avenue\/\" \/>\n<meta property=\"og:site_name\" content=\"Strangercam\" \/>\n<meta property=\"article:publisher\" content=\"https:\/\/www.facebook.com\/strangercam\" \/>\n<meta property=\"article:modified_time\" content=\"2024-09-19T09:37:00+00:00\" \/>\n<meta property=\"og:image\" content=\"https:\/\/strangercam.com\/wp-content\/uploads\/2021\/10\/Untitled-2.png\" \/>\n\t<meta property=\"og:image:width\" content=\"800\" \/>\n\t<meta property=\"og:image:height\" content=\"532\" \/>\n\t<meta property=\"og:image:type\" content=\"image\/png\" \/>\n<meta name=\"twitter:card\" content=\"summary_large_image\" \/>\n<meta name=\"twitter:site\" content=\"@strangercamapp\" \/>\n<meta name=\"twitter:label1\" content=\"Tahmini okuma s\u00fcresi\" \/>\n\t<meta name=\"twitter:data1\" content=\"7 dakika\" \/>\n<script type=\"application\/ld+json\" class=\"yoast-schema-graph\">{\"@context\":\"https:\\\/\\\/schema.org\",\"@graph\":[{\"@type\":\"WebPage\",\"@id\":\"https:\\\/\\\/strangercam.com\\\/chat-avenue\\\/\",\"url\":\"https:\\\/\\\/strangercam.com\\\/chat-avenue\\\/\",\"name\":\"Chat Avenue - Free Video Chat Rooms - StrangerCam.com\",\"isPartOf\":{\"@id\":\"https:\\\/\\\/strangercam.com\\\/#website\"},\"datePublished\":\"2024-09-19T09:35:24+00:00\",\"dateModified\":\"2024-09-19T09:37:00+00:00\",\"description\":\"Discover Chat Avenue, the ultimate online platform connecting you to free chat rooms and a global community. Join Chat Ave today!\",\"breadcrumb\":{\"@id\":\"https:\\\/\\\/strangercam.com\\\/chat-avenue\\\/#breadcrumb\"},\"inLanguage\":\"tr\",\"potentialAction\":[{\"@type\":\"ReadAction\",\"target\":[\"https:\\\/\\\/strangercam.com\\\/chat-avenue\\\/\"]}]},{\"@type\":\"BreadcrumbList\",\"@id\":\"https:\\\/\\\/strangercam.com\\\/chat-avenue\\\/#breadcrumb\",\"itemListElement\":[{\"@type\":\"ListItem\",\"position\":1,\"name\":\"Home\",\"item\":\"https:\\\/\\\/strangercam.com\\\/\"},{\"@type\":\"ListItem\",\"position\":2,\"name\":\"Chat Avenue\"}]},{\"@type\":\"WebSite\",\"@id\":\"https:\\\/\\\/strangercam.com\\\/#website\",\"url\":\"https:\\\/\\\/strangercam.com\\\/\",\"name\":\"Strangercam\",\"description\":\"Random Video Chat with Strangers\",\"publisher\":{\"@id\":\"https:\\\/\\\/strangercam.com\\\/#organization\"},\"alternateName\":\"Strangercam.com\",\"potentialAction\":[{\"@type\":\"SearchAction\",\"target\":{\"@type\":\"EntryPoint\",\"urlTemplate\":\"https:\\\/\\\/strangercam.com\\\/?s={search_term_string}\"},\"query-input\":{\"@type\":\"PropertyValueSpecification\",\"valueRequired\":true,\"valueName\":\"search_term_string\"}}],\"inLanguage\":\"tr\"},{\"@type\":\"Organization\",\"@id\":\"https:\\\/\\\/strangercam.com\\\/#organization\",\"name\":\"Strangercam\",\"alternateName\":\"Strangercam.com\",\"url\":\"https:\\\/\\\/strangercam.com\\\/\",\"logo\":{\"@type\":\"ImageObject\",\"inLanguage\":\"tr\",\"@id\":\"https:\\\/\\\/strangercam.com\\\/#\\\/schema\\\/logo\\\/image\\\/\",\"url\":\"https:\\\/\\\/strangercam.com\\\/wp-content\\\/uploads\\\/2020\\\/11\\\/cropped-new-favicon-black.png\",\"contentUrl\":\"https:\\\/\\\/strangercam.com\\\/wp-content\\\/uploads\\\/2020\\\/11\\\/cropped-new-favicon-black.png\",\"width\":512,\"height\":512,\"caption\":\"Strangercam\"},\"image\":{\"@id\":\"https:\\\/\\\/strangercam.com\\\/#\\\/schema\\\/logo\\\/image\\\/\"},\"sameAs\":[\"https:\\\/\\\/www.facebook.com\\\/strangercam\",\"https:\\\/\\\/x.com\\\/strangercamapp\"]}]}<\/script>\n<!-- \/ Yoast SEO plugin. -->","yoast_head_json":{"title":"Chat Avenue - \u00dccretsiz G\u00f6r\u00fcnt\u00fcl\u00fc Sohbet Odalar\u0131 - StrangerCam.com","description":"Sizi \u00fccretsiz sohbet odalar\u0131na ve k\u00fcresel bir toplulu\u011fa ba\u011flayan nihai \u00e7evrimi\u00e7i platform olan Chat Avenue'yi ke\u015ffedin. Chat Ave'ye bug\u00fcn kat\u0131l\u0131n!","robots":{"index":"index","follow":"follow","max-snippet":"max-snippet:-1","max-image-preview":"max-image-preview:large","max-video-preview":"max-video-preview:-1"},"canonical":"https:\/\/strangercam.com\/tr\/chat-avenue\/","og_locale":"tr_TR","og_type":"article","og_title":"Chat Avenue - Free Video Chat Rooms - StrangerCam.com","og_description":"Discover Chat Avenue, the ultimate online platform connecting you to free chat rooms and a global community. Join Chat Ave today!","og_url":"https:\/\/strangercam.com\/tr\/chat-avenue\/","og_site_name":"Strangercam","article_publisher":"https:\/\/www.facebook.com\/strangercam","article_modified_time":"2024-09-19T09:37:00+00:00","og_image":[{"width":800,"height":532,"url":"https:\/\/strangercam.com\/wp-content\/uploads\/2021\/10\/Untitled-2.png","type":"image\/png"}],"twitter_card":"summary_large_image","twitter_site":"@strangercamapp","twitter_misc":{"Tahmini okuma s\u00fcresi":"7 dakika"},"schema":{"@context":"https:\/\/schema.org","@graph":[{"@type":"WebPage","@id":"https:\/\/strangercam.com\/chat-avenue\/","url":"https:\/\/strangercam.com\/chat-avenue\/","name":"Chat Avenue - \u00dccretsiz G\u00f6r\u00fcnt\u00fcl\u00fc Sohbet Odalar\u0131 - StrangerCam.com","isPartOf":{"@id":"https:\/\/strangercam.com\/#website"},"datePublished":"2024-09-19T09:35:24+00:00","dateModified":"2024-09-19T09:37:00+00:00","description":"Sizi \u00fccretsiz sohbet odalar\u0131na ve k\u00fcresel bir toplulu\u011fa ba\u011flayan nihai \u00e7evrimi\u00e7i platform olan Chat Avenue'yi ke\u015ffedin. Chat Ave'ye bug\u00fcn kat\u0131l\u0131n!","breadcrumb":{"@id":"https:\/\/strangercam.com\/chat-avenue\/#breadcrumb"},"inLanguage":"tr","potentialAction":[{"@type":"ReadAction","target":["https:\/\/strangercam.com\/chat-avenue\/"]}]},{"@type":"BreadcrumbList","@id":"https:\/\/strangercam.com\/chat-avenue\/#breadcrumb","itemListElement":[{"@type":"ListItem","position":1,"name":"Home","item":"https:\/\/strangercam.com\/"},{"@type":"ListItem","position":2,"name":"Chat Avenue"}]},{"@type":"WebSite","@id":"https:\/\/strangercam.com\/#website","url":"https:\/\/strangercam.com\/","name":"Strangercam","description":"Yabanc\u0131larla Rastgele G\u00f6r\u00fcnt\u00fcl\u00fc Sohbet","publisher":{"@id":"https:\/\/strangercam.com\/#organization"},"alternateName":"Strangercam.com","potentialAction":[{"@type":"SearchAction","target":{"@type":"EntryPoint","urlTemplate":"https:\/\/strangercam.com\/?s={search_term_string}"},"query-input":{"@type":"PropertyValueSpecification","valueRequired":true,"valueName":"search_term_string"}}],"inLanguage":"tr"},{"@type":"Organization","@id":"https:\/\/strangercam.com\/#organization","name":"Strangercam","alternateName":"Strangercam.com","url":"https:\/\/strangercam.com\/","logo":{"@type":"ImageObject","inLanguage":"tr","@id":"https:\/\/strangercam.com\/#\/schema\/logo\/image\/","url":"https:\/\/strangercam.com\/wp-content\/uploads\/2020\/11\/cropped-new-favicon-black.png","contentUrl":"https:\/\/strangercam.com\/wp-content\/uploads\/2020\/11\/cropped-new-favicon-black.png","width":512,"height":512,"caption":"Strangercam"},"image":{"@id":"https:\/\/strangercam.com\/#\/schema\/logo\/image\/"},"sameAs":["https:\/\/www.facebook.com\/strangercam","https:\/\/x.com\/strangercamapp"]}]}},"_links":{"self":[{"href":"https:\/\/strangercam.com\/tr\/wp-json\/wp\/v2\/pages\/8386","targetHints":{"allow":["GET"]}}],"collection":[{"href":"https:\/\/strangercam.com\/tr\/wp-json\/wp\/v2\/pages"}],"about":[{"href":"https:\/\/strangercam.com\/tr\/wp-json\/wp\/v2\/types\/page"}],"author":[{"embeddable":true,"href":"https:\/\/strangercam.com\/tr\/wp-json\/wp\/v2\/users\/6"}],"replies":[{"embeddable":true,"href":"https:\/\/strangercam.com\/tr\/wp-json\/wp\/v2\/comments?post=8386"}],"version-history":[{"count":0,"href":"https:\/\/strangercam.com\/tr\/wp-json\/wp\/v2\/pages\/8386\/revisions"}],"wp:attachment":[{"href":"https:\/\/strangercam.com\/tr\/wp-json\/wp\/v2\/media?parent=8386"}],"curies":[{"name":"wp","href":"https:\/\/api.w.org\/{rel}","templated":true}]}}