{"id":8226,"date":"2021-09-23T14:11:49","date_gmt":"2021-09-23T12:11:49","guid":{"rendered":"https:\/\/strangercam.com\/?page_id=8226"},"modified":"2023-08-21T12:24:41","modified_gmt":"2023-08-21T10:24:41","slug":"echat","status":"publish","type":"page","link":"https:\/\/strangercam.com\/tr\/echat\/","title":{"rendered":"eChat"},"content":{"rendered":"<h2>Bir yabanc\u0131yla konu\u015fmaya ba\u015flamal\u0131 m\u0131s\u0131n\u0131z?<\/h2>\n<p>Bu, do\u011fas\u0131 gere\u011fi i\u00e7ine kapan\u0131k olan hemen herkesin sordu\u011fu bir sorudur. D\u0131\u015fa d\u00f6n\u00fck ki\u015filer a\u00e7\u0131k s\u00f6zl\u00fc olduklar\u0131 ve herhangi bir ki\u015fiyle kolayca anla\u015fabildikleri i\u00e7in b\u00f6yle bir sorunla kar\u015f\u0131la\u015fmazlar. Ancak d\u00fcnya doland\u0131r\u0131c\u0131lar, sahtekarlar ve ba\u015fkalar\u0131na zarar vermek isteyenlerle dolu oldu\u011fundan, yeterli \u00f6nlemleri alman\u0131z gerekir. E\u011fer yabanc\u0131larla internet \u00fczerinden konu\u015fmaya \u00e7al\u0131\u015f\u0131yorsan\u0131z bu daha da \u00f6nemli hale gelir. <a href=\"https:\/\/strangercam.com\/tr\/chatroulette\/\">sohbet<\/a> Odalar. At <b>echat<\/b>, Ba\u015fkalar\u0131n\u0131n profillerini g\u00f6rebildi\u011finiz i\u00e7in sa\u011fl\u0131kl\u0131 sohbetler yapabilirsiniz. Benzer ilgi alanlar\u0131na sahip olanlarla da sohbet edebilirsiniz.<\/p>\n<h2>Yabanc\u0131 kim?<\/h2>\n<p>\u0130\u00e7ine kapan\u0131k yap\u0131n\u0131z\u0131 k\u0131rmak i\u00e7in bulunabilece\u011finiz en iyi yer <b>echat<\/b>. Burada, \u00e7e\u015fitli ilgi alanlar\u0131na sahip hem erkek hem de kad\u0131n her ya\u015ftan farkl\u0131 insan t\u00fcrleriyle kar\u015f\u0131la\u015fabilirsiniz. Sohbeti ba\u015flatman\u0131z gerekir veya ba\u015fka biri bunu yapabilir. Olu\u015fturulan profil d\u0131\u015f\u0131nda ki\u015fiyi tan\u0131m\u0131yor olabilirsiniz. Onlar hakk\u0131nda fazla bir \u015fey bilmedi\u011finiz i\u00e7in yabanc\u0131s\u0131n\u0131z. Bu <a href=\"https:\/\/strangercam.com\/tr\/only2chat\/\">sadece<\/a> Onlarla ba\u011flant\u0131 kurduktan ve arkada\u015f olup olamayacaklar\u0131n\u0131 anlaman\u0131za yard\u0131mc\u0131 olabilecek bir s\u00fcre boyunca konu\u015ftuktan sonra.<\/p>\n<h2>Yeni arkada\u015flar edinmek<\/h2>\n<p>Unutmay\u0131n, herkesin arkada\u015fa ihtiyac\u0131 vard\u0131r ve insan sosyal bir hayvand\u0131r. Tan\u0131mad\u0131\u011f\u0131n\u0131z ki\u015filerden uzak durmaya devam etmek m\u00fcmk\u00fcn de\u011fildir. Gibi \u00e7evrimi\u00e7i portallar <b>echat<\/b> konumlar\u0131na veya mesafelerine bak\u0131lmaks\u0131z\u0131n ba\u015fkalar\u0131yla ba\u011flant\u0131 kurma f\u0131rsat\u0131 sa\u011flar. Sadece bir \u2018Merhaba\u2019 veya \u2018Merhaba\u2019 ile sohbeti ba\u015flatman\u0131z yeterlidir, e\u011fer ilgileniyorlarsa, konu\u015fmalar takip edecektir. Saatlerce mi s\u00fcrece\u011fi yoksa bir dakika i\u00e7inde mi tamamlanaca\u011f\u0131 ilginize ve se\u00e7ilen konuya ba\u011fl\u0131d\u0131r. Bu nedenle, konular\u0131n tart\u0131\u015f\u0131ld\u0131\u011f\u0131 kategorileri belirleyin <a href=\"https:\/\/strangercam.com\/tr\/chatmatch\/\">ma\u00e7<\/a> Zihniyetiniz ve bilginiz. Burada kendinizi rahat hissedecek ve kendinizi bir yabanc\u0131 olarak g\u00f6rmeyeceksiniz. Bu t\u00fcr ortamlar g\u00fcvenli ve ilgin\u00e7 olabilir. Ortam\u0131n tehdit edici oldu\u011funu d\u00fc\u015f\u00fcn\u00fcyorsan\u0131z, her zaman daha iyi bir ortama ge\u00e7ebilirsiniz. <a href=\"https:\/\/strangercam.com\/tr\/1v1-chat\/\">bir<\/a> veya basit\u00e7e ba\u015fka bir <a href=\"https:\/\/strangercam.com\/tr\/chatingly\/\">sohbet<\/a> Portal. Yeni insanlara ula\u015fmak, yeni tan\u0131d\u0131klar\u0131n ve arkada\u015flar\u0131n olu\u015fmas\u0131na yard\u0131mc\u0131 olur. Bu zaman al\u0131r ve \u00e7ok\u00e7a beslenmeyi gerektirir. Ancak ilk sohbeti nas\u0131l ba\u015flataca\u011f\u0131n\u0131z\u0131 bilmeniz ko\u015fuluyla sonu\u00e7lar muhte\u015fem olabilir.<\/p>\n<p>Yabanc\u0131larla \u00e7evrimi\u00e7i sohbet etmek kalbinizi hem psikolojik hem de zihinsel olarak en iyi durumda tutar. Hatta kendinizi rahat, g\u00fcvende ve tamamen ba\u011fl\u0131 hissetti\u011finiz ki\u015filerle kalbinizden ge\u00e7enleri konu\u015fabilirsiniz. Muhtemelen mevcut karma\u015fan\u0131zdan ve pek \u00e7ok \u015feyden kurtulman\u0131za yard\u0131mc\u0131 olacak baz\u0131 yararl\u0131 tavsiyeler verebilirler.<\/p>","protected":false},"excerpt":{"rendered":"<p>Should you initiate talk with a stranger? This is a question that is asked by almost all those who are reserved by nature. The extroverts do not face such trouble since they are outspoken and can get along with any person easily. But with the world being full of scammers, fraudsters, and those who intend [&hellip;]<\/p>\n","protected":false},"author":6,"featured_media":559,"parent":0,"menu_order":0,"comment_status":"closed","ping_status":"closed","template":"","meta":{"footnotes":""},"class_list":["post-8226","page","type-page","status-publish","has-post-thumbnail","hentry"],"yoast_head":"<!-- This site is optimized with the Yoast SEO plugin v27.4 - https:\/\/yoast.com\/product\/yoast-seo-wordpress\/ -->\n<title>eChat - Anonymous Chat For Two - Cam on StrangerCam.com<\/title>\n<meta name=\"description\" content=\"Like eChat? Come chat with more than 5.000.000 strangers on Stranger Cam for Free! Turn on your cam and find new friends &amp; maby a match!\" \/>\n<meta name=\"robots\" content=\"index, follow, max-snippet:-1, max-image-preview:large, max-video-preview:-1\" \/>\n<link rel=\"canonical\" href=\"https:\/\/strangercam.com\/tr\/echat\/\" \/>\n<meta property=\"og:locale\" content=\"tr_TR\" \/>\n<meta property=\"og:type\" content=\"article\" \/>\n<meta property=\"og:title\" content=\"eChat - Anonymous Chat For Two - Cam on StrangerCam.com\" \/>\n<meta property=\"og:description\" content=\"Like eChat? Come chat with more than 5.000.000 strangers on Stranger Cam for Free! Turn on your cam and find new friends &amp; maby a match!\" \/>\n<meta property=\"og:url\" content=\"https:\/\/strangercam.com\/tr\/echat\/\" \/>\n<meta property=\"og:site_name\" content=\"Strangercam\" \/>\n<meta property=\"article:publisher\" content=\"https:\/\/www.facebook.com\/strangercam\" \/>\n<meta property=\"article:modified_time\" content=\"2023-08-21T10:24:41+00:00\" \/>\n<meta property=\"og:image\" content=\"https:\/\/strangercam.com\/wp-content\/uploads\/2020\/11\/stranger-cam-1.png\" \/>\n\t<meta property=\"og:image:width\" content=\"800\" \/>\n\t<meta property=\"og:image:height\" content=\"800\" \/>\n\t<meta property=\"og:image:type\" content=\"image\/png\" \/>\n<meta name=\"twitter:card\" content=\"summary_large_image\" \/>\n<meta name=\"twitter:site\" content=\"@strangercamapp\" \/>\n<meta name=\"twitter:label1\" content=\"Tahmini okuma s\u00fcresi\" \/>\n\t<meta name=\"twitter:data1\" content=\"2 dakika\" \/>\n<script type=\"application\/ld+json\" class=\"yoast-schema-graph\">{\"@context\":\"https:\\\/\\\/schema.org\",\"@graph\":[{\"@type\":\"WebPage\",\"@id\":\"https:\\\/\\\/strangercam.com\\\/echat\\\/\",\"url\":\"https:\\\/\\\/strangercam.com\\\/echat\\\/\",\"name\":\"eChat - Anonymous Chat For Two - Cam on StrangerCam.com\",\"isPartOf\":{\"@id\":\"https:\\\/\\\/strangercam.com\\\/#website\"},\"primaryImageOfPage\":{\"@id\":\"https:\\\/\\\/strangercam.com\\\/echat\\\/#primaryimage\"},\"image\":{\"@id\":\"https:\\\/\\\/strangercam.com\\\/echat\\\/#primaryimage\"},\"thumbnailUrl\":\"https:\\\/\\\/strangercam.com\\\/wp-content\\\/uploads\\\/2020\\\/11\\\/stranger-cam-1.png\",\"datePublished\":\"2021-09-23T12:11:49+00:00\",\"dateModified\":\"2023-08-21T10:24:41+00:00\",\"description\":\"Like eChat? Come chat with more than 5.000.000 strangers on Stranger Cam for Free! Turn on your cam and find new friends & maby a match!\",\"breadcrumb\":{\"@id\":\"https:\\\/\\\/strangercam.com\\\/echat\\\/#breadcrumb\"},\"inLanguage\":\"tr\",\"potentialAction\":[{\"@type\":\"ReadAction\",\"target\":[\"https:\\\/\\\/strangercam.com\\\/echat\\\/\"]}]},{\"@type\":\"ImageObject\",\"inLanguage\":\"tr\",\"@id\":\"https:\\\/\\\/strangercam.com\\\/echat\\\/#primaryimage\",\"url\":\"https:\\\/\\\/strangercam.com\\\/wp-content\\\/uploads\\\/2020\\\/11\\\/stranger-cam-1.png\",\"contentUrl\":\"https:\\\/\\\/strangercam.com\\\/wp-content\\\/uploads\\\/2020\\\/11\\\/stranger-cam-1.png\",\"width\":800,\"height\":800,\"caption\":\"stranger cam random video chat\"},{\"@type\":\"BreadcrumbList\",\"@id\":\"https:\\\/\\\/strangercam.com\\\/echat\\\/#breadcrumb\",\"itemListElement\":[{\"@type\":\"ListItem\",\"position\":1,\"name\":\"Home\",\"item\":\"https:\\\/\\\/strangercam.com\\\/\"},{\"@type\":\"ListItem\",\"position\":2,\"name\":\"eChat\"}]},{\"@type\":\"WebSite\",\"@id\":\"https:\\\/\\\/strangercam.com\\\/#website\",\"url\":\"https:\\\/\\\/strangercam.com\\\/\",\"name\":\"Strangercam\",\"description\":\"Random Video Chat with Strangers\",\"publisher\":{\"@id\":\"https:\\\/\\\/strangercam.com\\\/#organization\"},\"alternateName\":\"Strangercam.com\",\"potentialAction\":[{\"@type\":\"SearchAction\",\"target\":{\"@type\":\"EntryPoint\",\"urlTemplate\":\"https:\\\/\\\/strangercam.com\\\/?s={search_term_string}\"},\"query-input\":{\"@type\":\"PropertyValueSpecification\",\"valueRequired\":true,\"valueName\":\"search_term_string\"}}],\"inLanguage\":\"tr\"},{\"@type\":\"Organization\",\"@id\":\"https:\\\/\\\/strangercam.com\\\/#organization\",\"name\":\"Strangercam\",\"alternateName\":\"Strangercam.com\",\"url\":\"https:\\\/\\\/strangercam.com\\\/\",\"logo\":{\"@type\":\"ImageObject\",\"inLanguage\":\"tr\",\"@id\":\"https:\\\/\\\/strangercam.com\\\/#\\\/schema\\\/logo\\\/image\\\/\",\"url\":\"https:\\\/\\\/strangercam.com\\\/wp-content\\\/uploads\\\/2020\\\/11\\\/cropped-new-favicon-black.png\",\"contentUrl\":\"https:\\\/\\\/strangercam.com\\\/wp-content\\\/uploads\\\/2020\\\/11\\\/cropped-new-favicon-black.png\",\"width\":512,\"height\":512,\"caption\":\"Strangercam\"},\"image\":{\"@id\":\"https:\\\/\\\/strangercam.com\\\/#\\\/schema\\\/logo\\\/image\\\/\"},\"sameAs\":[\"https:\\\/\\\/www.facebook.com\\\/strangercam\",\"https:\\\/\\\/x.com\\\/strangercamapp\"]}]}<\/script>\n<!-- \/ Yoast SEO plugin. -->","yoast_head_json":{"title":"eChat - \u0130ki Ki\u015filik Anonim Sohbet - StrangerCam.com'da Kamera","description":"eChat'yi be\u011fendiniz mi? Gelin Stranger Cam'de 5.000.000'dan fazla yabanc\u0131yla \u00dccretsiz sohbet edin! Kameran\u0131z\u0131 a\u00e7\u0131n ve yeni arkada\u015flar ve belki bir e\u015fle\u015fme bulun!","robots":{"index":"index","follow":"follow","max-snippet":"max-snippet:-1","max-image-preview":"max-image-preview:large","max-video-preview":"max-video-preview:-1"},"canonical":"https:\/\/strangercam.com\/tr\/echat\/","og_locale":"tr_TR","og_type":"article","og_title":"eChat - Anonymous Chat For Two - Cam on StrangerCam.com","og_description":"Like eChat? Come chat with more than 5.000.000 strangers on Stranger Cam for Free! Turn on your cam and find new friends & maby a match!","og_url":"https:\/\/strangercam.com\/tr\/echat\/","og_site_name":"Strangercam","article_publisher":"https:\/\/www.facebook.com\/strangercam","article_modified_time":"2023-08-21T10:24:41+00:00","og_image":[{"width":800,"height":800,"url":"https:\/\/strangercam.com\/wp-content\/uploads\/2020\/11\/stranger-cam-1.png","type":"image\/png"}],"twitter_card":"summary_large_image","twitter_site":"@strangercamapp","twitter_misc":{"Tahmini okuma s\u00fcresi":"2 dakika"},"schema":{"@context":"https:\/\/schema.org","@graph":[{"@type":"WebPage","@id":"https:\/\/strangercam.com\/echat\/","url":"https:\/\/strangercam.com\/echat\/","name":"eChat - \u0130ki Ki\u015filik Anonim Sohbet - StrangerCam.com'da Kamera","isPartOf":{"@id":"https:\/\/strangercam.com\/#website"},"primaryImageOfPage":{"@id":"https:\/\/strangercam.com\/echat\/#primaryimage"},"image":{"@id":"https:\/\/strangercam.com\/echat\/#primaryimage"},"thumbnailUrl":"https:\/\/strangercam.com\/wp-content\/uploads\/2020\/11\/stranger-cam-1.png","datePublished":"2021-09-23T12:11:49+00:00","dateModified":"2023-08-21T10:24:41+00:00","description":"eChat'yi be\u011fendiniz mi? Gelin Stranger Cam'de 5.000.000'dan fazla yabanc\u0131yla \u00dccretsiz sohbet edin! Kameran\u0131z\u0131 a\u00e7\u0131n ve yeni arkada\u015flar ve belki bir e\u015fle\u015fme bulun!","breadcrumb":{"@id":"https:\/\/strangercam.com\/echat\/#breadcrumb"},"inLanguage":"tr","potentialAction":[{"@type":"ReadAction","target":["https:\/\/strangercam.com\/echat\/"]}]},{"@type":"ImageObject","inLanguage":"tr","@id":"https:\/\/strangercam.com\/echat\/#primaryimage","url":"https:\/\/strangercam.com\/wp-content\/uploads\/2020\/11\/stranger-cam-1.png","contentUrl":"https:\/\/strangercam.com\/wp-content\/uploads\/2020\/11\/stranger-cam-1.png","width":800,"height":800,"caption":"stranger cam random video chat"},{"@type":"BreadcrumbList","@id":"https:\/\/strangercam.com\/echat\/#breadcrumb","itemListElement":[{"@type":"ListItem","position":1,"name":"Home","item":"https:\/\/strangercam.com\/"},{"@type":"ListItem","position":2,"name":"eChat"}]},{"@type":"WebSite","@id":"https:\/\/strangercam.com\/#website","url":"https:\/\/strangercam.com\/","name":"Strangercam","description":"Yabanc\u0131larla Rastgele G\u00f6r\u00fcnt\u00fcl\u00fc Sohbet","publisher":{"@id":"https:\/\/strangercam.com\/#organization"},"alternateName":"Strangercam.com","potentialAction":[{"@type":"SearchAction","target":{"@type":"EntryPoint","urlTemplate":"https:\/\/strangercam.com\/?s={search_term_string}"},"query-input":{"@type":"PropertyValueSpecification","valueRequired":true,"valueName":"search_term_string"}}],"inLanguage":"tr"},{"@type":"Organization","@id":"https:\/\/strangercam.com\/#organization","name":"Strangercam","alternateName":"Strangercam.com","url":"https:\/\/strangercam.com\/","logo":{"@type":"ImageObject","inLanguage":"tr","@id":"https:\/\/strangercam.com\/#\/schema\/logo\/image\/","url":"https:\/\/strangercam.com\/wp-content\/uploads\/2020\/11\/cropped-new-favicon-black.png","contentUrl":"https:\/\/strangercam.com\/wp-content\/uploads\/2020\/11\/cropped-new-favicon-black.png","width":512,"height":512,"caption":"Strangercam"},"image":{"@id":"https:\/\/strangercam.com\/#\/schema\/logo\/image\/"},"sameAs":["https:\/\/www.facebook.com\/strangercam","https:\/\/x.com\/strangercamapp"]}]}},"_links":{"self":[{"href":"https:\/\/strangercam.com\/tr\/wp-json\/wp\/v2\/pages\/8226","targetHints":{"allow":["GET"]}}],"collection":[{"href":"https:\/\/strangercam.com\/tr\/wp-json\/wp\/v2\/pages"}],"about":[{"href":"https:\/\/strangercam.com\/tr\/wp-json\/wp\/v2\/types\/page"}],"author":[{"embeddable":true,"href":"https:\/\/strangercam.com\/tr\/wp-json\/wp\/v2\/users\/6"}],"replies":[{"embeddable":true,"href":"https:\/\/strangercam.com\/tr\/wp-json\/wp\/v2\/comments?post=8226"}],"version-history":[{"count":0,"href":"https:\/\/strangercam.com\/tr\/wp-json\/wp\/v2\/pages\/8226\/revisions"}],"wp:featuredmedia":[{"embeddable":true,"href":"https:\/\/strangercam.com\/tr\/wp-json\/wp\/v2\/media\/559"}],"wp:attachment":[{"href":"https:\/\/strangercam.com\/tr\/wp-json\/wp\/v2\/media?parent=8226"}],"curies":[{"name":"wp","href":"https:\/\/api.w.org\/{rel}","templated":true}]}}