{"id":8192,"date":"2021-09-23T12:59:14","date_gmt":"2021-09-23T10:59:14","guid":{"rendered":"https:\/\/strangercam.com\/?page_id=8192"},"modified":"2023-08-21T12:48:27","modified_gmt":"2023-08-21T10:48:27","slug":"voojio","status":"publish","type":"page","link":"https:\/\/strangercam.com\/tr\/voojio\/","title":{"rendered":"Voojio"},"content":{"rendered":"<p>Bug\u00fcnlerde, her ya\u015ftan ve cinsiyetten insan \u00e7evrimi\u00e7i bulu\u015fma platformlar\u0131yla ilgileniyor gibi g\u00f6r\u00fcn\u00fcyor. Bu belki de en iyi yer <a href=\"https:\/\/strangercam.com\/tr\/coomeet\/\">tan\u0131\u015fmak<\/a> yabanc\u0131lar ve arkada\u015flar edinin. E\u015finizle ya da ruh e\u015finizle kar\u015f\u0131la\u015fma ihtimaliniz var. <b>voojio<\/b>.<\/p>\n<h2>\u00c7evrimi\u00e7i bulu\u015fman\u0131n faydalar\u0131<\/h2>\n<p>\u0130nternet \u00fczerinden tan\u0131\u015fma <a href=\"https:\/\/strangercam.com\/tr\/chatroom2000\/\">sohbet odas\u0131<\/a> kendi avantajlar\u0131yla birlikte gelir. \u0130lk olarak <a href=\"https:\/\/strangercam.com\/tr\/1v1-chat\/\">bir<\/a> ak\u015fam yeme\u011fi, \u00f6\u011fle yeme\u011fi veya kahve i\u00e7in zaman ve para harcamak zorunda kalmaman\u0131zd\u0131r. Ayr\u0131ca, pahal\u0131 hediyeler vermenize de gerek yoktur. Bunun yerine, tek yapman\u0131z gereken <a href=\"https:\/\/strangercam.com\/tr\/chatroulette\/\">sohbet<\/a> ilgin\u00e7 sohbetlerin tad\u0131n\u0131 \u00e7\u0131karmak i\u00e7in oda. Y\u00fcz y\u00fcze g\u00f6r\u00fc\u015fme olmad\u0131\u011f\u0131ndan, iyi g\u00f6r\u00fcnmek i\u00e7in giyinmeye harcanacak zamandan ka\u00e7\u0131nabilirsiniz. <b>Voojio<\/b> size bir avantaj sa\u011flar. S\u0131k\u0131c\u0131 biriyle kar\u015f\u0131la\u015f\u0131rsan\u0131z, herhangi bir mazeret veya a\u00e7\u0131klama yapmak zorunda kalmadan devam edin. Ayr\u0131ca, utanman\u0131za da yer yoktur.<\/p>\n<h2>Sorunlar\u0131n \u00fcstesinden gelmek<\/h2>\n<p>Ancak unutmay\u0131n, internet ayn\u0131 zamanda fark\u0131nda olman\u0131z gereken doland\u0131r\u0131c\u0131l\u0131k ve sahtekarl\u0131klarla da doludur. \u00c7evrimi\u00e7i <a href=\"https:\/\/strangercam.com\/tr\/chatingly\/\">sohbet<\/a> gibi siteler <b>voojio<\/b> doland\u0131r\u0131c\u0131lar\u0131 ve sahtekarlar\u0131 d\u0131\u015far\u0131da tutmak i\u00e7in b\u00fcy\u00fck \u00f6nlemler al\u0131r. Ancak, g\u00fcvende kalmak ve vicdans\u0131z insanlar taraf\u0131ndan kand\u0131r\u0131lmamak i\u00e7in \u00fczerinize d\u00fc\u015feni yapman\u0131z gerekir. Kolay av haline gelmeyin.<\/p>\n<h2>Herhangi bir sohbet odas\u0131nda arkada\u015f edinmek i\u00e7in izlenecek ad\u0131mlar<\/h2>\n<p>Sohbet odalar\u0131nda herhangi bir \u015fekilde \u00f6zel veya ki\u015fisel bilgi vermekten ka\u00e7\u0131n\u0131n. Kendinizle ilgili ayr\u0131nt\u0131lar\u0131 a\u00e7\u0131klamaktan ka\u00e7\u0131n\u0131n ve yaln\u0131zca g\u00fcndelik sohbetler yap\u0131n. Ki\u015fisel hayat\u0131n\u0131z, i\u015f yeriniz veya kendinizle ilgili herhangi bir \u015fey hakk\u0131nda ayr\u0131nt\u0131l\u0131 konu\u015fmaktan ka\u00e7\u0131n\u0131n. Bu, doland\u0131r\u0131c\u0131lar\u0131n hayat\u0131n\u0131z\u0131 veya finansal y\u00f6nlerinizi etkilemesini \u00f6nlemeye yard\u0131mc\u0131 olacakt\u0131r.<\/p>\n<p>Sohbet odas\u0131 \u00fczerinden biriyle \u00e7\u0131kmaya ba\u015flad\u0131ysan\u0131z, \u00f6zel bir oda kullan\u0131n. Bulabilirsin <b>voojio<\/b> tan\u0131d\u0131\u011f\u0131n\u0131z ki\u015filerle \u00f6zel bir sohbetin keyfini \u00e7\u0131karman\u0131z\u0131 sa\u011flayan \u00f6zel odalar sa\u011flamak i\u00e7in. Ayr\u0131ca g\u00f6r\u00fc\u015fmelerinizi ve ki\u015fisel bilgilerinizi ba\u015fkalar\u0131ndan gizli tutman\u0131za da olanak tan\u0131r. \u00d6zel sohbet odalar\u0131 \u015f\u00fcphesiz bire bir konu\u015fmalar yapmak i\u00e7in g\u00fcvenli bir yerdir. Bu \u015fekilde, ortak sohbet odas\u0131ndaki binlerce ki\u015fi, yaln\u0131zca \u00f6zel olan\u0131n\u0131zla payla\u015fmak istedi\u011finiz ki\u015fisel bilgilerinizi almayacakt\u0131r.<\/p>\n<p>Sohbet odas\u0131 profilinizde sahte de\u011fil ger\u00e7ek resimler bulunmal\u0131d\u0131r. Baz\u0131 insanlar sahte resimlerden korkar. Bu t\u00fcr profillere yakla\u015f\u0131rken ek \u00f6nlemler alma veya sadece onlardan ka\u00e7\u0131nma e\u011filimindedirler.<\/p>\n<p>Yukar\u0131daki ad\u0131mlar\u0131 takip ederek <b>voojio<\/b> ger\u00e7ek bir insan\u0131 arkada\u015f ya da hayat arkada\u015f\u0131 olarak bulman\u0131z\u0131 sa\u011flayacakt\u0131r.<\/p>","protected":false},"excerpt":{"rendered":"<p>These days, people of all ages and gender seem to be interested in online dating platforms. This is perhaps the best place to meet strangers and make friends. Chances are you may come across your partner or soul mate through voojio. Benefits of online dating Dating through the online chatroom does come with its own [&hellip;]<\/p>\n","protected":false},"author":6,"featured_media":559,"parent":0,"menu_order":0,"comment_status":"closed","ping_status":"closed","template":"","meta":{"footnotes":""},"class_list":["post-8192","page","type-page","status-publish","has-post-thumbnail","hentry"],"yoast_head":"<!-- This site is optimized with the Yoast SEO plugin v27.4 - https:\/\/yoast.com\/product\/yoast-seo-wordpress\/ -->\n<title>Voojio - Anonymous Chat For Two - Cam on StrangerCam.com<\/title>\n<meta name=\"description\" content=\"Like Voojio? Come chat with more than 5.000.000 strangers on Stranger Cam for Free! Turn on your cam and find new friends &amp; maby a match!\" \/>\n<meta name=\"robots\" content=\"index, follow, max-snippet:-1, max-image-preview:large, max-video-preview:-1\" \/>\n<link rel=\"canonical\" href=\"https:\/\/strangercam.com\/tr\/voojio\/\" \/>\n<meta property=\"og:locale\" content=\"tr_TR\" \/>\n<meta property=\"og:type\" content=\"article\" \/>\n<meta property=\"og:title\" content=\"Voojio - Anonymous Chat For Two - Cam on StrangerCam.com\" \/>\n<meta property=\"og:description\" content=\"Like Voojio? Come chat with more than 5.000.000 strangers on Stranger Cam for Free! Turn on your cam and find new friends &amp; maby a match!\" \/>\n<meta property=\"og:url\" content=\"https:\/\/strangercam.com\/tr\/voojio\/\" \/>\n<meta property=\"og:site_name\" content=\"Strangercam\" \/>\n<meta property=\"article:publisher\" content=\"https:\/\/www.facebook.com\/strangercam\" \/>\n<meta property=\"article:modified_time\" content=\"2023-08-21T10:48:27+00:00\" \/>\n<meta property=\"og:image\" content=\"https:\/\/strangercam.com\/wp-content\/uploads\/2020\/11\/stranger-cam-1.png\" \/>\n\t<meta property=\"og:image:width\" content=\"800\" \/>\n\t<meta property=\"og:image:height\" content=\"800\" \/>\n\t<meta property=\"og:image:type\" content=\"image\/png\" \/>\n<meta name=\"twitter:card\" content=\"summary_large_image\" \/>\n<meta name=\"twitter:site\" content=\"@strangercamapp\" \/>\n<meta name=\"twitter:label1\" content=\"Tahmini okuma s\u00fcresi\" \/>\n\t<meta name=\"twitter:data1\" content=\"2 dakika\" \/>\n<script type=\"application\/ld+json\" class=\"yoast-schema-graph\">{\"@context\":\"https:\\\/\\\/schema.org\",\"@graph\":[{\"@type\":\"WebPage\",\"@id\":\"https:\\\/\\\/strangercam.com\\\/voojio\\\/\",\"url\":\"https:\\\/\\\/strangercam.com\\\/voojio\\\/\",\"name\":\"Voojio - Anonymous Chat For Two - Cam on StrangerCam.com\",\"isPartOf\":{\"@id\":\"https:\\\/\\\/strangercam.com\\\/#website\"},\"primaryImageOfPage\":{\"@id\":\"https:\\\/\\\/strangercam.com\\\/voojio\\\/#primaryimage\"},\"image\":{\"@id\":\"https:\\\/\\\/strangercam.com\\\/voojio\\\/#primaryimage\"},\"thumbnailUrl\":\"https:\\\/\\\/strangercam.com\\\/wp-content\\\/uploads\\\/2020\\\/11\\\/stranger-cam-1.png\",\"datePublished\":\"2021-09-23T10:59:14+00:00\",\"dateModified\":\"2023-08-21T10:48:27+00:00\",\"description\":\"Like Voojio? Come chat with more than 5.000.000 strangers on Stranger Cam for Free! Turn on your cam and find new friends & maby a match!\",\"breadcrumb\":{\"@id\":\"https:\\\/\\\/strangercam.com\\\/voojio\\\/#breadcrumb\"},\"inLanguage\":\"tr\",\"potentialAction\":[{\"@type\":\"ReadAction\",\"target\":[\"https:\\\/\\\/strangercam.com\\\/voojio\\\/\"]}]},{\"@type\":\"ImageObject\",\"inLanguage\":\"tr\",\"@id\":\"https:\\\/\\\/strangercam.com\\\/voojio\\\/#primaryimage\",\"url\":\"https:\\\/\\\/strangercam.com\\\/wp-content\\\/uploads\\\/2020\\\/11\\\/stranger-cam-1.png\",\"contentUrl\":\"https:\\\/\\\/strangercam.com\\\/wp-content\\\/uploads\\\/2020\\\/11\\\/stranger-cam-1.png\",\"width\":800,\"height\":800,\"caption\":\"stranger cam random video chat\"},{\"@type\":\"BreadcrumbList\",\"@id\":\"https:\\\/\\\/strangercam.com\\\/voojio\\\/#breadcrumb\",\"itemListElement\":[{\"@type\":\"ListItem\",\"position\":1,\"name\":\"Home\",\"item\":\"https:\\\/\\\/strangercam.com\\\/\"},{\"@type\":\"ListItem\",\"position\":2,\"name\":\"Voojio\"}]},{\"@type\":\"WebSite\",\"@id\":\"https:\\\/\\\/strangercam.com\\\/#website\",\"url\":\"https:\\\/\\\/strangercam.com\\\/\",\"name\":\"Strangercam\",\"description\":\"Random Video Chat with Strangers\",\"publisher\":{\"@id\":\"https:\\\/\\\/strangercam.com\\\/#organization\"},\"alternateName\":\"Strangercam.com\",\"potentialAction\":[{\"@type\":\"SearchAction\",\"target\":{\"@type\":\"EntryPoint\",\"urlTemplate\":\"https:\\\/\\\/strangercam.com\\\/?s={search_term_string}\"},\"query-input\":{\"@type\":\"PropertyValueSpecification\",\"valueRequired\":true,\"valueName\":\"search_term_string\"}}],\"inLanguage\":\"tr\"},{\"@type\":\"Organization\",\"@id\":\"https:\\\/\\\/strangercam.com\\\/#organization\",\"name\":\"Strangercam\",\"alternateName\":\"Strangercam.com\",\"url\":\"https:\\\/\\\/strangercam.com\\\/\",\"logo\":{\"@type\":\"ImageObject\",\"inLanguage\":\"tr\",\"@id\":\"https:\\\/\\\/strangercam.com\\\/#\\\/schema\\\/logo\\\/image\\\/\",\"url\":\"https:\\\/\\\/strangercam.com\\\/wp-content\\\/uploads\\\/2020\\\/11\\\/cropped-new-favicon-black.png\",\"contentUrl\":\"https:\\\/\\\/strangercam.com\\\/wp-content\\\/uploads\\\/2020\\\/11\\\/cropped-new-favicon-black.png\",\"width\":512,\"height\":512,\"caption\":\"Strangercam\"},\"image\":{\"@id\":\"https:\\\/\\\/strangercam.com\\\/#\\\/schema\\\/logo\\\/image\\\/\"},\"sameAs\":[\"https:\\\/\\\/www.facebook.com\\\/strangercam\",\"https:\\\/\\\/x.com\\\/strangercamapp\"]}]}<\/script>\n<!-- \/ Yoast SEO plugin. -->","yoast_head_json":{"title":"Voojio - \u0130ki Ki\u015filik Anonim Sohbet - StrangerCam.com'da Kamera","description":"Voojio'yi be\u011fendiniz mi? Gelin Stranger Cam'de 5.000.000'dan fazla yabanc\u0131yla \u00dccretsiz sohbet edin! Kameran\u0131z\u0131 a\u00e7\u0131n ve yeni arkada\u015flar ve belki bir e\u015fle\u015fme bulun!","robots":{"index":"index","follow":"follow","max-snippet":"max-snippet:-1","max-image-preview":"max-image-preview:large","max-video-preview":"max-video-preview:-1"},"canonical":"https:\/\/strangercam.com\/tr\/voojio\/","og_locale":"tr_TR","og_type":"article","og_title":"Voojio - Anonymous Chat For Two - Cam on StrangerCam.com","og_description":"Like Voojio? Come chat with more than 5.000.000 strangers on Stranger Cam for Free! Turn on your cam and find new friends & maby a match!","og_url":"https:\/\/strangercam.com\/tr\/voojio\/","og_site_name":"Strangercam","article_publisher":"https:\/\/www.facebook.com\/strangercam","article_modified_time":"2023-08-21T10:48:27+00:00","og_image":[{"width":800,"height":800,"url":"https:\/\/strangercam.com\/wp-content\/uploads\/2020\/11\/stranger-cam-1.png","type":"image\/png"}],"twitter_card":"summary_large_image","twitter_site":"@strangercamapp","twitter_misc":{"Tahmini okuma s\u00fcresi":"2 dakika"},"schema":{"@context":"https:\/\/schema.org","@graph":[{"@type":"WebPage","@id":"https:\/\/strangercam.com\/voojio\/","url":"https:\/\/strangercam.com\/voojio\/","name":"Voojio - \u0130ki Ki\u015filik Anonim Sohbet - StrangerCam.com'da Kamera","isPartOf":{"@id":"https:\/\/strangercam.com\/#website"},"primaryImageOfPage":{"@id":"https:\/\/strangercam.com\/voojio\/#primaryimage"},"image":{"@id":"https:\/\/strangercam.com\/voojio\/#primaryimage"},"thumbnailUrl":"https:\/\/strangercam.com\/wp-content\/uploads\/2020\/11\/stranger-cam-1.png","datePublished":"2021-09-23T10:59:14+00:00","dateModified":"2023-08-21T10:48:27+00:00","description":"Voojio'yi be\u011fendiniz mi? Gelin Stranger Cam'de 5.000.000'dan fazla yabanc\u0131yla \u00dccretsiz sohbet edin! Kameran\u0131z\u0131 a\u00e7\u0131n ve yeni arkada\u015flar ve belki bir e\u015fle\u015fme bulun!","breadcrumb":{"@id":"https:\/\/strangercam.com\/voojio\/#breadcrumb"},"inLanguage":"tr","potentialAction":[{"@type":"ReadAction","target":["https:\/\/strangercam.com\/voojio\/"]}]},{"@type":"ImageObject","inLanguage":"tr","@id":"https:\/\/strangercam.com\/voojio\/#primaryimage","url":"https:\/\/strangercam.com\/wp-content\/uploads\/2020\/11\/stranger-cam-1.png","contentUrl":"https:\/\/strangercam.com\/wp-content\/uploads\/2020\/11\/stranger-cam-1.png","width":800,"height":800,"caption":"stranger cam random video chat"},{"@type":"BreadcrumbList","@id":"https:\/\/strangercam.com\/voojio\/#breadcrumb","itemListElement":[{"@type":"ListItem","position":1,"name":"Home","item":"https:\/\/strangercam.com\/"},{"@type":"ListItem","position":2,"name":"Voojio"}]},{"@type":"WebSite","@id":"https:\/\/strangercam.com\/#website","url":"https:\/\/strangercam.com\/","name":"Strangercam","description":"Yabanc\u0131larla Rastgele G\u00f6r\u00fcnt\u00fcl\u00fc Sohbet","publisher":{"@id":"https:\/\/strangercam.com\/#organization"},"alternateName":"Strangercam.com","potentialAction":[{"@type":"SearchAction","target":{"@type":"EntryPoint","urlTemplate":"https:\/\/strangercam.com\/?s={search_term_string}"},"query-input":{"@type":"PropertyValueSpecification","valueRequired":true,"valueName":"search_term_string"}}],"inLanguage":"tr"},{"@type":"Organization","@id":"https:\/\/strangercam.com\/#organization","name":"Strangercam","alternateName":"Strangercam.com","url":"https:\/\/strangercam.com\/","logo":{"@type":"ImageObject","inLanguage":"tr","@id":"https:\/\/strangercam.com\/#\/schema\/logo\/image\/","url":"https:\/\/strangercam.com\/wp-content\/uploads\/2020\/11\/cropped-new-favicon-black.png","contentUrl":"https:\/\/strangercam.com\/wp-content\/uploads\/2020\/11\/cropped-new-favicon-black.png","width":512,"height":512,"caption":"Strangercam"},"image":{"@id":"https:\/\/strangercam.com\/#\/schema\/logo\/image\/"},"sameAs":["https:\/\/www.facebook.com\/strangercam","https:\/\/x.com\/strangercamapp"]}]}},"_links":{"self":[{"href":"https:\/\/strangercam.com\/tr\/wp-json\/wp\/v2\/pages\/8192","targetHints":{"allow":["GET"]}}],"collection":[{"href":"https:\/\/strangercam.com\/tr\/wp-json\/wp\/v2\/pages"}],"about":[{"href":"https:\/\/strangercam.com\/tr\/wp-json\/wp\/v2\/types\/page"}],"author":[{"embeddable":true,"href":"https:\/\/strangercam.com\/tr\/wp-json\/wp\/v2\/users\/6"}],"replies":[{"embeddable":true,"href":"https:\/\/strangercam.com\/tr\/wp-json\/wp\/v2\/comments?post=8192"}],"version-history":[{"count":0,"href":"https:\/\/strangercam.com\/tr\/wp-json\/wp\/v2\/pages\/8192\/revisions"}],"wp:featuredmedia":[{"embeddable":true,"href":"https:\/\/strangercam.com\/tr\/wp-json\/wp\/v2\/media\/559"}],"wp:attachment":[{"href":"https:\/\/strangercam.com\/tr\/wp-json\/wp\/v2\/media?parent=8192"}],"curies":[{"name":"wp","href":"https:\/\/api.w.org\/{rel}","templated":true}]}}