{"id":80,"date":"2020-04-09T18:35:29","date_gmt":"2020-04-09T16:35:29","guid":{"rendered":"https:\/\/strangercam.com\/?page_id=80"},"modified":"2023-08-21T11:40:39","modified_gmt":"2023-08-21T09:40:39","slug":"chat-alternative","status":"publish","type":"page","link":"https:\/\/strangercam.com\/tr\/chat-alternative\/","title":{"rendered":"Chat Alternative"},"content":{"rendered":"<p><a href=\"https:\/\/strangercam.com\/tr\/chatroulette\/\">Sohbet<\/a> Alternatif mobil uygulama a\u015fa\u011f\u0131dakileri yapmak isteyenler i\u00e7in idealdir <a href=\"https:\/\/strangercam.com\/tr\/coomeet\/\">tan\u0131\u015fmak<\/a> D\u00fcnyan\u0131n \u00e7e\u015fitli yerlerinde rastgele yabanc\u0131larla kolayl\u0131kla. Kullan\u0131c\u0131lar\u0131n bir <a href=\"https:\/\/strangercam.com\/tr\/rabbit-video-chat\/\">g\u00f6r\u00fcnt\u00fcl\u00fc sohbet<\/a> evlerinden ba\u015fkalar\u0131yla. Dahas\u0131, uygulama en iyi deneyimi sa\u011flamak i\u00e7in her g\u00fcn binlerce yeni insan buluyor. Ba\u015fka bir \u015fey de, uygulaman\u0131n bir yerden kilometrelerce uzakta ya\u015fayan ba\u015fkalar\u0131yla y\u00fcz y\u00fcze sohbet etmenin yollar\u0131n\u0131 g\u00f6stermesidir.<\/p>\n<p>Ayr\u0131ca uygulama, herhangi biri se\u00e7ilen yabanc\u0131larla sohbet etmek istedi\u011finde sonu\u00e7lar\u0131 daraltmak i\u00e7in y\u00f6ntemler sunar<a href=\"https:\/\/cashpotresulttoday.com\/\">.<\/a> \u0130stedi\u011finiz cinsiyeti ve yeri se\u00e7ebilirsiniz. Cinsiyet ve konum se\u00e7menin bir\u00e7ok faydas\u0131 vard\u0131r. Bazen, belirli bir \u00fclkeden ve k\u00f6kenden yabanc\u0131larla konu\u015fmak isteyebilirsiniz. Se\u00e7ti\u011finiz \u00fclkeyi se\u00e7mek, istedi\u011finiz insanlarla konu\u015fman\u0131za olanak tan\u0131r.<\/p>\n<h2>Chat Alternative uygulamas\u0131n\u0131 kullanmak i\u00e7in nedenler<\/h2>\n<h3>1. Kullan\u0131c\u0131lar\u0131n ba\u015fkalar\u0131yla anonim olarak sohbet etmesini sa\u011flar<\/h3>\n<p>Chat Alternative uygulamas\u0131n\u0131n birincil avantaj\u0131, kullan\u0131c\u0131lar\u0131n bir hesap olu\u015fturmadan ba\u015fkalar\u0131yla anonim olarak sohbet etmelerine olanak sa\u011flamas\u0131d\u0131r<a href=\"https:\/\/nlcbplaywheresults.com\/\">.<\/a> Ger\u00e7ekten de, uygulama, bir ki\u015finin \u00e7evrimi\u00e7i kullan\u0131c\u0131lara kolayl\u0131kla g\u00f6z atmaya ba\u015flamas\u0131na izin veren d\u00fc\u011fmeye basman\u0131n yollar\u0131n\u0131 sunar. Di\u011fer ki\u015finin kim oldu\u011funuzu asla bulamayaca\u011f\u0131na g\u00fcvendi\u011finizde, \u00e7evrimi\u00e7i g\u00f6r\u00fcnt\u00fcl\u00fc sohbetin tad\u0131n\u0131 \u00e7\u0131karmaya ba\u015flad\u0131\u011f\u0131n\u0131z and\u0131r.<\/p>\n<h3>2. Chat Alternative en iyi kalitede en h\u0131zl\u0131 y\u00fckleme kameralar\u0131na sahiptir<\/h3>\n<p>Chat Alternative uygulamas\u0131 en h\u0131zl\u0131 y\u00fckleme ile geliyor <a href=\"https:\/\/strangercam.com\/tr\/camzey\/\">kameralar<\/a> kullan\u0131c\u0131lar\u0131n h\u0131zl\u0131 bir geri d\u00f6n\u00fc\u015f s\u00fcresinde daha fazla insanla tan\u0131\u015fmas\u0131na olanak tan\u0131r. Asl\u0131nda, hedeflere ula\u015fmaya yard\u0131mc\u0131 olabilecek bir\u00e7ok yabanc\u0131yla tan\u0131\u015fma f\u0131rsat\u0131 sa\u011flar.<\/p>\n<p>\u0130nsanlar kalitenin \u00f6nemli olmad\u0131\u011f\u0131n\u0131 s\u00f6yl\u00fcyor ama bu do\u011fru de\u011fil. Etkili ileti\u015fim kurmak i\u00e7in iyi kalitede bir video gereklidir. Uygun video kalitesi olmadan di\u011fer u\u00e7ta oturan ki\u015fiyle daha iyi ileti\u015fim kuramazs\u0131n\u0131z.<\/p>\n<h4>\u0130stedi\u011finiz \u00fclkeyi se\u00e7in<\/h4>\n<p>Se\u00e7ti\u011finiz \u00fclkeyi se\u00e7mek, bu sohbet uygulamas\u0131n\u0131n en b\u00fcy\u00fck esnekli\u011fidir. Bir g\u00f6r\u00fcnt\u00fcl\u00fc sohbete ba\u015flamadan \u00f6nce, istedi\u011finiz \u00fclkeyi se\u00e7ebilirsiniz. \u00dclkeyi se\u00e7ti\u011finizde, uygulaman\u0131n ak\u0131ll\u0131 sistemi sizi o \u00fclkenin trafi\u011fine y\u00f6nlendirir. Ekran\u0131n\u0131z sonunda o hedef \u00fclkenin insanlar\u0131n\u0131 g\u00f6stermeye ba\u015flar. O \u00fclkenin yabanc\u0131lar\u0131yla konu\u015fabilirsiniz.<\/p>\n<p>Sonra en \u00e7ok sevdi\u011finiz ki\u015fileri se\u00e7ebilirsiniz. Onlarla istedi\u011finiz \u015fekilde konu\u015fun. Sohbetinizi g\u00fc\u00e7lendirmek i\u00e7in size \u00f6zellikler sunuyoruz. \u0130lgin\u00e7 bulursan\u0131z, sohbete devam edebilirsiniz; bulmazsan\u0131z, bir sonrakine atlay\u0131n!<\/p>\n<h4>Herhangi bir sorunla kar\u015f\u0131la\u015f\u0131rsan\u0131z bildirin<\/h4>\n<p>\u00c7evrimi\u00e7i sohbet platformlar\u0131n\u0131 kullanan ki\u015filerin birincil endi\u015fesi gizlilik ve herhangi birinin uygunsuz bir \u015fey yapmas\u0131 durumunda ortaya \u00e7\u0131kacak sorunlard\u0131r. Her \u015feyden \u00f6nce, bunlar \u00f6ncelikle \u00e7evrimi\u00e7i sohbet platformlar\u0131 hakk\u0131ndaki yanl\u0131\u015f kan\u0131lard\u0131r. \u00c7evrimi\u00e7i Chat Alternative mobil uygulamas\u0131n\u0131 kullan\u0131rken ger\u00e7ek hayatta b\u00f6yle bir \u015fey olursa, bunu do\u011frudan yetkililere bildirebilirsiniz.<\/p>\n<p>\u0130nsanlar\u0131 s\u0131n\u0131rlar i\u00e7inde tutman\u0131n etkili bir yoludur \u00e7\u00fcnk\u00fc bir kez rapor edildi\u011finde, platformu bir daha asla kullanamazs\u0131n\u0131z. Sonsuza kadar engellenirsiniz.<\/p>\n<h3>3. Chat Alternative tamamen \u00fccretsizdir<\/h3>\n<p>Uygulama, kullan\u0131c\u0131lar\u0131n sosyal ya\u015famlar\u0131n\u0131 getirmelerini sa\u011flamak i\u00e7in tamamen \u00fccretsizdir. Dahas\u0131, ilgi alanlar\u0131na g\u00f6re \u00e7e\u015fitli konularda ba\u015fkalar\u0131yla sohbet etmeye daha fazla katk\u0131da bulunur. \u00dccretsiz g\u00f6r\u00fcnt\u00fcl\u00fc sohbet hizmeti, kullan\u0131c\u0131lar\u0131n k\u0131s\u0131tlama olmaks\u0131z\u0131n uzun s\u00fcre sohbet etmelerini sa\u011flar.<\/p>\n<p>Beceriksiz s\u00f6zle\u015fmeler ve uygulama i\u00e7i sat\u0131n al\u0131mlar yoktur. Herkes i\u00e7in ve her yerde kullan\u0131m\u0131 \u00fccretsizdir!<\/p>\n<h3>4. Chat Alternative e\u011flencelidir<\/h3>\n<p>Covid-19 salg\u0131n\u0131 ve karantina sonras\u0131 artan depresyon vakalar\u0131 var. Herkesin bir ka\u00e7\u0131\u015fa ihtiyac\u0131 var. Kaybedilen enerjiyi yeniden canland\u0131rmak ve yeni bir ya\u015fam rotas\u0131 bulmak \u00e7ok \u00f6nemlidir. Herhangi bir endi\u015fe duymadan yabanc\u0131larla konu\u015fmaktan \u00e7ekinmeyin.<\/p>\n<p>Alternatif sohbet uygulamas\u0131 size zihninizi rahatlatmak i\u00e7in harika bir f\u0131rsat sunar. Y\u00fcklerinizden kurtulmak i\u00e7in yabanc\u0131larla sohbet edebilirsiniz. Yabanc\u0131larla konu\u015fun ve deneyimlerinizi onlarla payla\u015f\u0131n. Ayr\u0131ca onlar\u0131n deneyimlerini dinleyebilir ve onlardan bir \u015feyler \u00f6\u011frenebilirsiniz. Ba\u015fka bir \u015fey yoksa, en son Netflix sezonu hakk\u0131nda konu\u015fun.<\/p>\n<h3>5. Daha fazla g\u00fcvenlik sa\u011flar<\/h3>\n<p>ChatAlternative uygulamas\u0131, ba\u015fkalar\u0131yla etkile\u015fim kurmak istediklerinde kullan\u0131c\u0131lar i\u00e7in g\u00fcvenlik \u00f6zellikleri sa\u011flayan tek uygulamad\u0131r. En pop\u00fcler G derecelendirmesidir\u00a0<a href=\"https:\/\/strangercam.com\/tr\/bazoocam\/\">cam<\/a> grafiklerle u\u011fra\u015fmayan pazarlarda bulunan sohbet hizmeti. Dahas\u0131, uygulama insanlar\u0131n daha fazla koruma ile bir sohbet odas\u0131na girmelerini sa\u011flar. Bir\u00e7ok gen\u00e7 de bu hizmeti kullanmaktan keyif al\u0131yor ve daha iyi bir sohbet deneyimi ya\u015famalar\u0131n\u0131 sa\u011fl\u0131yor.<\/p>\n<h2>Uygulama nas\u0131l indirilir?<\/h2>\n<p>Kullan\u0131c\u0131lar Chat Alternative uygulamas\u0131n\u0131 do\u011frudan Google Play ma\u011fazas\u0131ndan indirebilir ve basit ad\u0131mlarla ak\u0131ll\u0131 telefonlar\u0131na veya di\u011fer cihazlar\u0131na y\u00fckleyebilirler. Uygulama, kullan\u0131c\u0131lar\u0131n basit\u00e7e ba\u015flat d\u00fc\u011fmesine dokunmas\u0131na ve se\u00e7eneklere g\u00f6re potansiyel yabanc\u0131lar\u0131 se\u00e7mesine olanak tan\u0131r. Ayr\u0131ca uygulama, ihtiya\u00e7lara g\u00f6re arkada\u015f edinmek i\u00e7in uzaktan \u00e7al\u0131\u015f\u0131yor. Uygulamay\u0131 y\u00fckledikten sonra ba\u015fkalar\u0131yla daha h\u0131zl\u0131 ileti\u015fim kurmak m\u00fcmk\u00fcn. Uygulamay\u0131 y\u00fcklemek isteyenler, gereksinimler hakk\u0131nda ayr\u0131nt\u0131l\u0131 olarak daha fazla bilgi sahibi olmal\u0131d\u0131r.<\/p>\n<h2>Sonu\u00e7<\/h2>\n<p>Chat Alternative mobil uygulamas\u0131 yabanc\u0131larla konu\u015fmak i\u00e7in iyi bir se\u00e7enektir. Herkes i\u00e7in tamamen \u00fccretsizdir. Tek ihtiyac\u0131n\u0131z olan aktif bir internet ba\u011flant\u0131s\u0131. Dili se\u00e7in, b\u00f6lgeyi se\u00e7in ve ilgilendi\u011finiz cinsiyeti se\u00e7in ve ba\u015flay\u0131n, ba\u015flay\u0131n...! Kullan\u0131c\u0131 dostu bir aray\u00fcz ile birlikte sa\u011flam bir gizlilik politikas\u0131 bu uygulamay\u0131 harika k\u0131l\u0131yor!<\/p>","protected":false},"excerpt":{"rendered":"<p>Chat Alternative mobile app is ideal for those who want to meet random strangers in various parts of the world with ease. It allows users to have a video chat with others from their homes. Moreover, the app finds thousands of new people daily to ensure the best experience. Another thing is that the app [&hellip;]<\/p>\n","protected":false},"author":6,"featured_media":559,"parent":0,"menu_order":0,"comment_status":"closed","ping_status":"closed","template":"","meta":{"footnotes":""},"class_list":["post-80","page","type-page","status-publish","has-post-thumbnail","hentry"],"yoast_head":"<!-- This site is optimized with the Yoast SEO plugin v26.9 - https:\/\/yoast.com\/product\/yoast-seo-wordpress\/ -->\n<title>Chat Alternative - Cam with Strangers on StrangerCam.com<\/title>\n<meta name=\"description\" content=\"Like Chat Alternative? Come chat with more than 5.000.000 strangers on Stranger Cam for Free! Turn on your cam and find new friends!\" \/>\n<meta name=\"robots\" content=\"index, follow, max-snippet:-1, max-image-preview:large, max-video-preview:-1\" \/>\n<link rel=\"canonical\" href=\"https:\/\/strangercam.com\/tr\/chat-alternative\/\" \/>\n<meta property=\"og:locale\" content=\"tr_TR\" \/>\n<meta property=\"og:type\" content=\"article\" \/>\n<meta property=\"og:title\" content=\"Chat Alternative - Cam with Strangers on StrangerCam.com\" \/>\n<meta property=\"og:description\" content=\"Like Chat Alternative? Come chat with more than 5.000.000 strangers on Stranger Cam for Free! Turn on your cam and find new friends!\" \/>\n<meta property=\"og:url\" content=\"https:\/\/strangercam.com\/tr\/chat-alternative\/\" \/>\n<meta property=\"og:site_name\" content=\"Strangercam\" \/>\n<meta property=\"article:publisher\" content=\"https:\/\/www.facebook.com\/strangercam\" \/>\n<meta property=\"article:modified_time\" content=\"2023-08-21T09:40:39+00:00\" \/>\n<meta property=\"og:image\" content=\"https:\/\/strangercam.com\/wp-content\/uploads\/2020\/11\/stranger-cam-1.png\" \/>\n\t<meta property=\"og:image:width\" content=\"800\" \/>\n\t<meta property=\"og:image:height\" content=\"800\" \/>\n\t<meta property=\"og:image:type\" content=\"image\/png\" \/>\n<meta name=\"twitter:card\" content=\"summary_large_image\" \/>\n<meta name=\"twitter:site\" content=\"@strangercamapp\" \/>\n<meta name=\"twitter:label1\" content=\"Tahmini okuma s\u00fcresi\" \/>\n\t<meta name=\"twitter:data1\" content=\"4 dakika\" \/>\n<script type=\"application\/ld+json\" class=\"yoast-schema-graph\">{\"@context\":\"https:\/\/schema.org\",\"@graph\":[{\"@type\":\"WebPage\",\"@id\":\"https:\/\/strangercam.com\/chat-alternative\/\",\"url\":\"https:\/\/strangercam.com\/chat-alternative\/\",\"name\":\"Chat Alternative - Cam with Strangers on StrangerCam.com\",\"isPartOf\":{\"@id\":\"https:\/\/strangercam.com\/#website\"},\"primaryImageOfPage\":{\"@id\":\"https:\/\/strangercam.com\/chat-alternative\/#primaryimage\"},\"image\":{\"@id\":\"https:\/\/strangercam.com\/chat-alternative\/#primaryimage\"},\"thumbnailUrl\":\"https:\/\/strangercam.com\/wp-content\/uploads\/2020\/11\/stranger-cam-1.png\",\"datePublished\":\"2020-04-09T16:35:29+00:00\",\"dateModified\":\"2023-08-21T09:40:39+00:00\",\"description\":\"Like Chat Alternative? Come chat with more than 5.000.000 strangers on Stranger Cam for Free! Turn on your cam and find new friends!\",\"breadcrumb\":{\"@id\":\"https:\/\/strangercam.com\/chat-alternative\/#breadcrumb\"},\"inLanguage\":\"tr\",\"potentialAction\":[{\"@type\":\"ReadAction\",\"target\":[\"https:\/\/strangercam.com\/chat-alternative\/\"]}]},{\"@type\":\"ImageObject\",\"inLanguage\":\"tr\",\"@id\":\"https:\/\/strangercam.com\/chat-alternative\/#primaryimage\",\"url\":\"https:\/\/strangercam.com\/wp-content\/uploads\/2020\/11\/stranger-cam-1.png\",\"contentUrl\":\"https:\/\/strangercam.com\/wp-content\/uploads\/2020\/11\/stranger-cam-1.png\",\"width\":800,\"height\":800,\"caption\":\"stranger cam random video chat\"},{\"@type\":\"BreadcrumbList\",\"@id\":\"https:\/\/strangercam.com\/chat-alternative\/#breadcrumb\",\"itemListElement\":[{\"@type\":\"ListItem\",\"position\":1,\"name\":\"Home\",\"item\":\"https:\/\/strangercam.com\/\"},{\"@type\":\"ListItem\",\"position\":2,\"name\":\"Chat Alternative\"}]},{\"@type\":\"WebSite\",\"@id\":\"https:\/\/strangercam.com\/#website\",\"url\":\"https:\/\/strangercam.com\/\",\"name\":\"Strangercam\",\"description\":\"Random Video Chat with Strangers\",\"publisher\":{\"@id\":\"https:\/\/strangercam.com\/#organization\"},\"alternateName\":\"Strangercam.com\",\"potentialAction\":[{\"@type\":\"SearchAction\",\"target\":{\"@type\":\"EntryPoint\",\"urlTemplate\":\"https:\/\/strangercam.com\/?s={search_term_string}\"},\"query-input\":{\"@type\":\"PropertyValueSpecification\",\"valueRequired\":true,\"valueName\":\"search_term_string\"}}],\"inLanguage\":\"tr\"},{\"@type\":\"Organization\",\"@id\":\"https:\/\/strangercam.com\/#organization\",\"name\":\"Strangercam\",\"alternateName\":\"Strangercam.com\",\"url\":\"https:\/\/strangercam.com\/\",\"logo\":{\"@type\":\"ImageObject\",\"inLanguage\":\"tr\",\"@id\":\"https:\/\/strangercam.com\/#\/schema\/logo\/image\/\",\"url\":\"https:\/\/strangercam.com\/wp-content\/uploads\/2020\/11\/cropped-new-favicon-black.png\",\"contentUrl\":\"https:\/\/strangercam.com\/wp-content\/uploads\/2020\/11\/cropped-new-favicon-black.png\",\"width\":512,\"height\":512,\"caption\":\"Strangercam\"},\"image\":{\"@id\":\"https:\/\/strangercam.com\/#\/schema\/logo\/image\/\"},\"sameAs\":[\"https:\/\/www.facebook.com\/strangercam\",\"https:\/\/x.com\/strangercamapp\"]}]}<\/script>\n<!-- \/ Yoast SEO plugin. -->","yoast_head_json":{"title":"Chat Alternative - StrangerCam.com'da Yabanc\u0131larla Kamera","description":"Chat Alternative'yi be\u011fendiniz mi? Gelin Stranger Cam'de 5.000.000'dan fazla yabanc\u0131yla \u00dccretsiz sohbet edin! Kameran\u0131z\u0131 a\u00e7\u0131n ve yeni arkada\u015flar bulun!","robots":{"index":"index","follow":"follow","max-snippet":"max-snippet:-1","max-image-preview":"max-image-preview:large","max-video-preview":"max-video-preview:-1"},"canonical":"https:\/\/strangercam.com\/tr\/chat-alternative\/","og_locale":"tr_TR","og_type":"article","og_title":"Chat Alternative - Cam with Strangers on StrangerCam.com","og_description":"Like Chat Alternative? Come chat with more than 5.000.000 strangers on Stranger Cam for Free! Turn on your cam and find new friends!","og_url":"https:\/\/strangercam.com\/tr\/chat-alternative\/","og_site_name":"Strangercam","article_publisher":"https:\/\/www.facebook.com\/strangercam","article_modified_time":"2023-08-21T09:40:39+00:00","og_image":[{"width":800,"height":800,"url":"https:\/\/strangercam.com\/wp-content\/uploads\/2020\/11\/stranger-cam-1.png","type":"image\/png"}],"twitter_card":"summary_large_image","twitter_site":"@strangercamapp","twitter_misc":{"Tahmini okuma s\u00fcresi":"4 dakika"},"schema":{"@context":"https:\/\/schema.org","@graph":[{"@type":"WebPage","@id":"https:\/\/strangercam.com\/chat-alternative\/","url":"https:\/\/strangercam.com\/chat-alternative\/","name":"Chat Alternative - StrangerCam.com'da Yabanc\u0131larla Kamera","isPartOf":{"@id":"https:\/\/strangercam.com\/#website"},"primaryImageOfPage":{"@id":"https:\/\/strangercam.com\/chat-alternative\/#primaryimage"},"image":{"@id":"https:\/\/strangercam.com\/chat-alternative\/#primaryimage"},"thumbnailUrl":"https:\/\/strangercam.com\/wp-content\/uploads\/2020\/11\/stranger-cam-1.png","datePublished":"2020-04-09T16:35:29+00:00","dateModified":"2023-08-21T09:40:39+00:00","description":"Chat Alternative'yi be\u011fendiniz mi? Gelin Stranger Cam'de 5.000.000'dan fazla yabanc\u0131yla \u00dccretsiz sohbet edin! Kameran\u0131z\u0131 a\u00e7\u0131n ve yeni arkada\u015flar bulun!","breadcrumb":{"@id":"https:\/\/strangercam.com\/chat-alternative\/#breadcrumb"},"inLanguage":"tr","potentialAction":[{"@type":"ReadAction","target":["https:\/\/strangercam.com\/chat-alternative\/"]}]},{"@type":"ImageObject","inLanguage":"tr","@id":"https:\/\/strangercam.com\/chat-alternative\/#primaryimage","url":"https:\/\/strangercam.com\/wp-content\/uploads\/2020\/11\/stranger-cam-1.png","contentUrl":"https:\/\/strangercam.com\/wp-content\/uploads\/2020\/11\/stranger-cam-1.png","width":800,"height":800,"caption":"stranger cam random video chat"},{"@type":"BreadcrumbList","@id":"https:\/\/strangercam.com\/chat-alternative\/#breadcrumb","itemListElement":[{"@type":"ListItem","position":1,"name":"Home","item":"https:\/\/strangercam.com\/"},{"@type":"ListItem","position":2,"name":"Chat Alternative"}]},{"@type":"WebSite","@id":"https:\/\/strangercam.com\/#website","url":"https:\/\/strangercam.com\/","name":"Strangercam","description":"Yabanc\u0131larla Rastgele G\u00f6r\u00fcnt\u00fcl\u00fc Sohbet","publisher":{"@id":"https:\/\/strangercam.com\/#organization"},"alternateName":"Strangercam.com","potentialAction":[{"@type":"SearchAction","target":{"@type":"EntryPoint","urlTemplate":"https:\/\/strangercam.com\/?s={search_term_string}"},"query-input":{"@type":"PropertyValueSpecification","valueRequired":true,"valueName":"search_term_string"}}],"inLanguage":"tr"},{"@type":"Organization","@id":"https:\/\/strangercam.com\/#organization","name":"Strangercam","alternateName":"Strangercam.com","url":"https:\/\/strangercam.com\/","logo":{"@type":"ImageObject","inLanguage":"tr","@id":"https:\/\/strangercam.com\/#\/schema\/logo\/image\/","url":"https:\/\/strangercam.com\/wp-content\/uploads\/2020\/11\/cropped-new-favicon-black.png","contentUrl":"https:\/\/strangercam.com\/wp-content\/uploads\/2020\/11\/cropped-new-favicon-black.png","width":512,"height":512,"caption":"Strangercam"},"image":{"@id":"https:\/\/strangercam.com\/#\/schema\/logo\/image\/"},"sameAs":["https:\/\/www.facebook.com\/strangercam","https:\/\/x.com\/strangercamapp"]}]}},"_links":{"self":[{"href":"https:\/\/strangercam.com\/tr\/wp-json\/wp\/v2\/pages\/80","targetHints":{"allow":["GET"]}}],"collection":[{"href":"https:\/\/strangercam.com\/tr\/wp-json\/wp\/v2\/pages"}],"about":[{"href":"https:\/\/strangercam.com\/tr\/wp-json\/wp\/v2\/types\/page"}],"author":[{"embeddable":true,"href":"https:\/\/strangercam.com\/tr\/wp-json\/wp\/v2\/users\/6"}],"replies":[{"embeddable":true,"href":"https:\/\/strangercam.com\/tr\/wp-json\/wp\/v2\/comments?post=80"}],"version-history":[{"count":0,"href":"https:\/\/strangercam.com\/tr\/wp-json\/wp\/v2\/pages\/80\/revisions"}],"wp:featuredmedia":[{"embeddable":true,"href":"https:\/\/strangercam.com\/tr\/wp-json\/wp\/v2\/media\/559"}],"wp:attachment":[{"href":"https:\/\/strangercam.com\/tr\/wp-json\/wp\/v2\/media?parent=80"}],"curies":[{"name":"wp","href":"https:\/\/api.w.org\/{rel}","templated":true}]}}