{"id":7627,"date":"2021-09-09T14:07:26","date_gmt":"2021-09-09T12:07:26","guid":{"rendered":"https:\/\/strangercam.com\/?page_id=7627"},"modified":"2023-08-21T11:40:39","modified_gmt":"2023-08-21T09:40:39","slug":"chateasy","status":"publish","type":"page","link":"https:\/\/strangercam.com\/tr\/chateasy\/","title":{"rendered":"Chateasy"},"content":{"rendered":"<h2>Chateasy'nin faydalar\u0131 ve \u00f6zellikleri nelerdir?<\/h2>\n<p>Y\u00fcksek h\u0131zl\u0131 internetin ortaya \u00e7\u0131k\u0131\u015f\u0131 ve \u00e7ok say\u0131da <a href=\"https:\/\/strangercam.com\/tr\/chatingly\/\">sohbet<\/a> portallar, insanlar\u0131n birbirleriyle etkile\u015fim kurma \u015feklini tamamen de\u011fi\u015ftirdi. <a href=\"https:\/\/strangercam.com\/tr\/1v1-chat\/\">bir<\/a> ba\u015fka bir \u015fey. Bu g\u00fcnlerde, insanlar\u0131n ak\u0131ll\u0131 telefonlar\u0131yla ba\u015fkalar\u0131yla daha me\u015fgul olduklar\u0131 g\u00f6r\u00fclebilir. \u00c7evrimi\u00e7i sohbet \u00e7ok say\u0131da fayda sunar. Benzer ilgi alanlar\u0131na sahip insanlarla kar\u015f\u0131la\u015fman\u0131z\u0131 sa\u011flar, \u00f6zg\u00fcveninizi art\u0131r\u0131r ve yak\u0131nlar\u0131n\u0131zla ve sevdiklerinizle birlikte kalman\u0131za olanak tan\u0131r. Uygun ya\u015ftaki gen\u00e7ler ve yeti\u015fkinler a\u015fa\u011f\u0131dakilerin sundu\u011fu avantajlardan yararlanabilir <b>chateasy<\/b>. Ancak g\u00fcvende kalmak i\u00e7in yeterli \u00f6nlemleri alman\u0131z gerekir.<\/p>\n<p><i>\u00c7evrimi\u00e7i sohbetin sundu\u011fu avantajlar<\/i><\/p>\n<ul>\n<li style=\"font-weight: 400;\" aria-level=\"1\"><a href=\"https:\/\/strangercam.com\/tr\/coomeet\/\">Tan\u0131\u015f\u0131n<\/a> yeni insanlar: Bu, \u00e7evrimi\u00e7i sohbet portallar\u0131n\u0131n sundu\u011fu en belirgin avantajlardan biridir. Onlarla istedi\u011finiz zaman ve g\u00fcn\u00fcn veya gecenin herhangi bir saatinde \u00e7evrimi\u00e7i olarak tan\u0131\u015fabilirsiniz. Ayr\u0131ca se\u00e7ti\u011finiz herhangi bir portal\u0131 ve ilgi grubunu da se\u00e7ebilirsiniz. \u0130\u015fin en iyi yan\u0131, bu hedefe evinizden \u00e7\u0131kmak zorunda kalmadan ula\u015fabilmenizdir. Ba\u015fkalar\u0131yla ba\u011flant\u0131 kurmak i\u00e7in diz\u00fcst\u00fc bilgisayar veya telefon kullanman\u0131z yeterlidir <b>chateasy<\/b>.<\/li>\n<li style=\"font-weight: 400;\" aria-level=\"1\">\u00d6zsayg\u0131 ve g\u00fcven: Yabanc\u0131larla \u00e7evrimi\u00e7i sohbet etmek \u00f6zsayg\u0131n\u0131z\u0131 ve g\u00fcveninizi art\u0131r\u0131r. Kalbiniz k\u0131r\u0131ksa ve kendinizi yaln\u0131z hissediyorsan\u0131z bu daha da \u00f6nemlidir. Baz\u0131lar\u0131n\u0131n \u00e7evrimi\u00e7i sohbeti yara band\u0131 \u00e7\u00f6z\u00fcm\u00fc olarak g\u00f6rd\u00fc\u011f\u00fc g\u00f6r\u00fclm\u00fc\u015ft\u00fcr. Baz\u0131 yabanc\u0131lar, bo\u015fanma veya sevdi\u011finiz birinin \u00f6l\u00fcm\u00fcnden sonra kaybetmi\u015f olabilece\u011finiz o harika g\u00fcl\u00fcmsemeyi elde etmenize yard\u0131mc\u0131 olabilir.<\/li>\n<li style=\"font-weight: 400;\" aria-level=\"1\">\u0130leti\u015fimde kal\u0131n: \u015eu yollarla iyi ili\u015fkiler geli\u015ftirme \u015fans\u0131n\u0131z \u00e7ok y\u00fcksektir <b>chateasy<\/b>. Bu, d\u00fcnyan\u0131n herhangi bir yerinden herhangi bir ya\u015f ve cinsiyetten herhangi bir ki\u015fiyle arkada\u015f olabilece\u011finiz anlam\u0131na gelir. \u00c7evrimi\u00e7i portallar, evinizin rahatl\u0131\u011f\u0131nda veya hareket halindeyken bile ba\u011flant\u0131da kalman\u0131za olanak tan\u0131r. \u00c7evrimi\u00e7i portaldaki hesab\u0131n\u0131za eri\u015fmek i\u00e7in ge\u00e7erli bir kimlikle birlikte ak\u0131ll\u0131 telefona ve internet ba\u011flant\u0131s\u0131na eri\u015fiminizin olmas\u0131 yeterlidir. Yapabilirsin <a href=\"https:\/\/strangercam.com\/tr\/chatroulette\/\">sohbet<\/a> uzun faturalarla u\u011fra\u015fmak zorunda kalmadan birka\u00e7 saat boyunca. Ger\u00e7ek \u015fu ki, modern teknoloji mesafeleri k\u0131saltt\u0131.<\/li>\n<li style=\"font-weight: 400;\" aria-level=\"1\">Benzer ilgi alanlar\u0131na sahip ki\u015filerle ba\u011flant\u0131 kurun: Biraz arama yapt\u0131\u011f\u0131n\u0131zda, farkl\u0131 kategorilere sahip \u00e7ok say\u0131da sosyal a\u011f sitesiyle kar\u015f\u0131la\u015faca\u011f\u0131n\u0131zdan emin olabilirsiniz. Size izin veriyorlar <a href=\"https:\/\/strangercam.com\/tr\/only2chat\/\">sohbet etmek<\/a> \u00f6zel ilgi alanlar\u0131n\u0131za ba\u011fl\u0131 olarak. Ayr\u0131ca spor forumlar\u0131, koleksiyon forumlar\u0131, DIY forumlar\u0131, i\u015f forumlar\u0131 vb. Liste sonsuzdur ve se\u00e7enekler de \u00f6yle. Mevcut ruh halinize g\u00f6re herhangi birini se\u00e7ebilirsiniz.<\/li>\n<\/ul>\n<p>Ba\u011flanmak <b>chateasy<\/b> ilginizi \u00e7eken yeni bilgiler, teknikler ve bilgiler edinmenizi sa\u011flar.<\/p>","protected":false},"excerpt":{"rendered":"<p>What benefits are the benefits and features of Chateasy? The advent of high speed internet and numerous chatting portals have completely changed how people interact with one another. These days, people can be seen to be busier with their smartphones charting with others. Online chatting does offer numerous benefits. It allows you to come across [&hellip;]<\/p>\n","protected":false},"author":6,"featured_media":559,"parent":0,"menu_order":0,"comment_status":"closed","ping_status":"closed","template":"","meta":{"footnotes":""},"class_list":["post-7627","page","type-page","status-publish","has-post-thumbnail","hentry"],"yoast_head":"<!-- This site is optimized with the Yoast SEO plugin v26.9 - https:\/\/yoast.com\/product\/yoast-seo-wordpress\/ -->\n<title>Chateasy - Anonymous Chat For Two - Cam on StrangerCam.com<\/title>\n<meta name=\"description\" content=\"Like Chateasy? Come chat with more than 5.000.000 strangers on Stranger Cam for Free! Turn on your cam and find new friends &amp; maby a match!\" \/>\n<meta name=\"robots\" content=\"index, follow, max-snippet:-1, max-image-preview:large, max-video-preview:-1\" \/>\n<link rel=\"canonical\" href=\"https:\/\/strangercam.com\/tr\/chateasy\/\" \/>\n<meta property=\"og:locale\" content=\"tr_TR\" \/>\n<meta property=\"og:type\" content=\"article\" \/>\n<meta property=\"og:title\" content=\"Chateasy - Anonymous Chat For Two - Cam on StrangerCam.com\" \/>\n<meta property=\"og:description\" content=\"Like Chateasy? Come chat with more than 5.000.000 strangers on Stranger Cam for Free! Turn on your cam and find new friends &amp; maby a match!\" \/>\n<meta property=\"og:url\" content=\"https:\/\/strangercam.com\/tr\/chateasy\/\" \/>\n<meta property=\"og:site_name\" content=\"Strangercam\" \/>\n<meta property=\"article:publisher\" content=\"https:\/\/www.facebook.com\/strangercam\" \/>\n<meta property=\"article:modified_time\" content=\"2023-08-21T09:40:39+00:00\" \/>\n<meta property=\"og:image\" content=\"https:\/\/strangercam.com\/wp-content\/uploads\/2020\/11\/stranger-cam-1.png\" \/>\n\t<meta property=\"og:image:width\" content=\"800\" \/>\n\t<meta property=\"og:image:height\" content=\"800\" \/>\n\t<meta property=\"og:image:type\" content=\"image\/png\" \/>\n<meta name=\"twitter:card\" content=\"summary_large_image\" \/>\n<meta name=\"twitter:site\" content=\"@strangercamapp\" \/>\n<meta name=\"twitter:label1\" content=\"Tahmini okuma s\u00fcresi\" \/>\n\t<meta name=\"twitter:data1\" content=\"2 dakika\" \/>\n<script type=\"application\/ld+json\" class=\"yoast-schema-graph\">{\"@context\":\"https:\/\/schema.org\",\"@graph\":[{\"@type\":\"WebPage\",\"@id\":\"https:\/\/strangercam.com\/chateasy\/\",\"url\":\"https:\/\/strangercam.com\/chateasy\/\",\"name\":\"Chateasy - Anonymous Chat For Two - Cam on StrangerCam.com\",\"isPartOf\":{\"@id\":\"https:\/\/strangercam.com\/#website\"},\"primaryImageOfPage\":{\"@id\":\"https:\/\/strangercam.com\/chateasy\/#primaryimage\"},\"image\":{\"@id\":\"https:\/\/strangercam.com\/chateasy\/#primaryimage\"},\"thumbnailUrl\":\"https:\/\/strangercam.com\/wp-content\/uploads\/2020\/11\/stranger-cam-1.png\",\"datePublished\":\"2021-09-09T12:07:26+00:00\",\"dateModified\":\"2023-08-21T09:40:39+00:00\",\"description\":\"Like Chateasy? Come chat with more than 5.000.000 strangers on Stranger Cam for Free! Turn on your cam and find new friends & maby a match!\",\"breadcrumb\":{\"@id\":\"https:\/\/strangercam.com\/chateasy\/#breadcrumb\"},\"inLanguage\":\"tr\",\"potentialAction\":[{\"@type\":\"ReadAction\",\"target\":[\"https:\/\/strangercam.com\/chateasy\/\"]}]},{\"@type\":\"ImageObject\",\"inLanguage\":\"tr\",\"@id\":\"https:\/\/strangercam.com\/chateasy\/#primaryimage\",\"url\":\"https:\/\/strangercam.com\/wp-content\/uploads\/2020\/11\/stranger-cam-1.png\",\"contentUrl\":\"https:\/\/strangercam.com\/wp-content\/uploads\/2020\/11\/stranger-cam-1.png\",\"width\":800,\"height\":800,\"caption\":\"stranger cam random video chat\"},{\"@type\":\"BreadcrumbList\",\"@id\":\"https:\/\/strangercam.com\/chateasy\/#breadcrumb\",\"itemListElement\":[{\"@type\":\"ListItem\",\"position\":1,\"name\":\"Home\",\"item\":\"https:\/\/strangercam.com\/\"},{\"@type\":\"ListItem\",\"position\":2,\"name\":\"Chateasy\"}]},{\"@type\":\"WebSite\",\"@id\":\"https:\/\/strangercam.com\/#website\",\"url\":\"https:\/\/strangercam.com\/\",\"name\":\"Strangercam\",\"description\":\"Random Video Chat with Strangers\",\"publisher\":{\"@id\":\"https:\/\/strangercam.com\/#organization\"},\"alternateName\":\"Strangercam.com\",\"potentialAction\":[{\"@type\":\"SearchAction\",\"target\":{\"@type\":\"EntryPoint\",\"urlTemplate\":\"https:\/\/strangercam.com\/?s={search_term_string}\"},\"query-input\":{\"@type\":\"PropertyValueSpecification\",\"valueRequired\":true,\"valueName\":\"search_term_string\"}}],\"inLanguage\":\"tr\"},{\"@type\":\"Organization\",\"@id\":\"https:\/\/strangercam.com\/#organization\",\"name\":\"Strangercam\",\"alternateName\":\"Strangercam.com\",\"url\":\"https:\/\/strangercam.com\/\",\"logo\":{\"@type\":\"ImageObject\",\"inLanguage\":\"tr\",\"@id\":\"https:\/\/strangercam.com\/#\/schema\/logo\/image\/\",\"url\":\"https:\/\/strangercam.com\/wp-content\/uploads\/2020\/11\/cropped-new-favicon-black.png\",\"contentUrl\":\"https:\/\/strangercam.com\/wp-content\/uploads\/2020\/11\/cropped-new-favicon-black.png\",\"width\":512,\"height\":512,\"caption\":\"Strangercam\"},\"image\":{\"@id\":\"https:\/\/strangercam.com\/#\/schema\/logo\/image\/\"},\"sameAs\":[\"https:\/\/www.facebook.com\/strangercam\",\"https:\/\/x.com\/strangercamapp\"]}]}<\/script>\n<!-- \/ Yoast SEO plugin. -->","yoast_head_json":{"title":"Chateasy - \u0130ki Ki\u015filik Anonim Sohbet - StrangerCam.com'da Kamera","description":"Chateasy'yi be\u011fendiniz mi? Gelin Stranger Cam'de 5.000.000'dan fazla yabanc\u0131yla \u00dccretsiz sohbet edin! Kameran\u0131z\u0131 a\u00e7\u0131n ve yeni arkada\u015flar ve belki bir e\u015fle\u015fme bulun!","robots":{"index":"index","follow":"follow","max-snippet":"max-snippet:-1","max-image-preview":"max-image-preview:large","max-video-preview":"max-video-preview:-1"},"canonical":"https:\/\/strangercam.com\/tr\/chateasy\/","og_locale":"tr_TR","og_type":"article","og_title":"Chateasy - Anonymous Chat For Two - Cam on StrangerCam.com","og_description":"Like Chateasy? Come chat with more than 5.000.000 strangers on Stranger Cam for Free! Turn on your cam and find new friends & maby a match!","og_url":"https:\/\/strangercam.com\/tr\/chateasy\/","og_site_name":"Strangercam","article_publisher":"https:\/\/www.facebook.com\/strangercam","article_modified_time":"2023-08-21T09:40:39+00:00","og_image":[{"width":800,"height":800,"url":"https:\/\/strangercam.com\/wp-content\/uploads\/2020\/11\/stranger-cam-1.png","type":"image\/png"}],"twitter_card":"summary_large_image","twitter_site":"@strangercamapp","twitter_misc":{"Tahmini okuma s\u00fcresi":"2 dakika"},"schema":{"@context":"https:\/\/schema.org","@graph":[{"@type":"WebPage","@id":"https:\/\/strangercam.com\/chateasy\/","url":"https:\/\/strangercam.com\/chateasy\/","name":"Chateasy - \u0130ki Ki\u015filik Anonim Sohbet - StrangerCam.com'da Kamera","isPartOf":{"@id":"https:\/\/strangercam.com\/#website"},"primaryImageOfPage":{"@id":"https:\/\/strangercam.com\/chateasy\/#primaryimage"},"image":{"@id":"https:\/\/strangercam.com\/chateasy\/#primaryimage"},"thumbnailUrl":"https:\/\/strangercam.com\/wp-content\/uploads\/2020\/11\/stranger-cam-1.png","datePublished":"2021-09-09T12:07:26+00:00","dateModified":"2023-08-21T09:40:39+00:00","description":"Chateasy'yi be\u011fendiniz mi? Gelin Stranger Cam'de 5.000.000'dan fazla yabanc\u0131yla \u00dccretsiz sohbet edin! Kameran\u0131z\u0131 a\u00e7\u0131n ve yeni arkada\u015flar ve belki bir e\u015fle\u015fme bulun!","breadcrumb":{"@id":"https:\/\/strangercam.com\/chateasy\/#breadcrumb"},"inLanguage":"tr","potentialAction":[{"@type":"ReadAction","target":["https:\/\/strangercam.com\/chateasy\/"]}]},{"@type":"ImageObject","inLanguage":"tr","@id":"https:\/\/strangercam.com\/chateasy\/#primaryimage","url":"https:\/\/strangercam.com\/wp-content\/uploads\/2020\/11\/stranger-cam-1.png","contentUrl":"https:\/\/strangercam.com\/wp-content\/uploads\/2020\/11\/stranger-cam-1.png","width":800,"height":800,"caption":"stranger cam random video chat"},{"@type":"BreadcrumbList","@id":"https:\/\/strangercam.com\/chateasy\/#breadcrumb","itemListElement":[{"@type":"ListItem","position":1,"name":"Home","item":"https:\/\/strangercam.com\/"},{"@type":"ListItem","position":2,"name":"Chateasy"}]},{"@type":"WebSite","@id":"https:\/\/strangercam.com\/#website","url":"https:\/\/strangercam.com\/","name":"Strangercam","description":"Yabanc\u0131larla Rastgele G\u00f6r\u00fcnt\u00fcl\u00fc Sohbet","publisher":{"@id":"https:\/\/strangercam.com\/#organization"},"alternateName":"Strangercam.com","potentialAction":[{"@type":"SearchAction","target":{"@type":"EntryPoint","urlTemplate":"https:\/\/strangercam.com\/?s={search_term_string}"},"query-input":{"@type":"PropertyValueSpecification","valueRequired":true,"valueName":"search_term_string"}}],"inLanguage":"tr"},{"@type":"Organization","@id":"https:\/\/strangercam.com\/#organization","name":"Strangercam","alternateName":"Strangercam.com","url":"https:\/\/strangercam.com\/","logo":{"@type":"ImageObject","inLanguage":"tr","@id":"https:\/\/strangercam.com\/#\/schema\/logo\/image\/","url":"https:\/\/strangercam.com\/wp-content\/uploads\/2020\/11\/cropped-new-favicon-black.png","contentUrl":"https:\/\/strangercam.com\/wp-content\/uploads\/2020\/11\/cropped-new-favicon-black.png","width":512,"height":512,"caption":"Strangercam"},"image":{"@id":"https:\/\/strangercam.com\/#\/schema\/logo\/image\/"},"sameAs":["https:\/\/www.facebook.com\/strangercam","https:\/\/x.com\/strangercamapp"]}]}},"_links":{"self":[{"href":"https:\/\/strangercam.com\/tr\/wp-json\/wp\/v2\/pages\/7627","targetHints":{"allow":["GET"]}}],"collection":[{"href":"https:\/\/strangercam.com\/tr\/wp-json\/wp\/v2\/pages"}],"about":[{"href":"https:\/\/strangercam.com\/tr\/wp-json\/wp\/v2\/types\/page"}],"author":[{"embeddable":true,"href":"https:\/\/strangercam.com\/tr\/wp-json\/wp\/v2\/users\/6"}],"replies":[{"embeddable":true,"href":"https:\/\/strangercam.com\/tr\/wp-json\/wp\/v2\/comments?post=7627"}],"version-history":[{"count":0,"href":"https:\/\/strangercam.com\/tr\/wp-json\/wp\/v2\/pages\/7627\/revisions"}],"wp:featuredmedia":[{"embeddable":true,"href":"https:\/\/strangercam.com\/tr\/wp-json\/wp\/v2\/media\/559"}],"wp:attachment":[{"href":"https:\/\/strangercam.com\/tr\/wp-json\/wp\/v2\/media?parent=7627"}],"curies":[{"name":"wp","href":"https:\/\/api.w.org\/{rel}","templated":true}]}}