{"id":5290,"date":"2021-06-20T15:01:12","date_gmt":"2021-06-20T13:01:12","guid":{"rendered":"https:\/\/strangercam.com\/?page_id=5290"},"modified":"2023-08-21T11:40:39","modified_gmt":"2023-08-21T09:40:39","slug":"chat42","status":"publish","type":"page","link":"https:\/\/strangercam.com\/tr\/chat42\/","title":{"rendered":"Chat42"},"content":{"rendered":"<p>Yeni bir yerde yabanc\u0131larla tan\u0131\u015fmak art\u0131k \u00e7ok kolay. <a href=\"https:\/\/strangercam.com\/tr\/1v1-chat\/\">bir<\/a> teknik ilerlemeler nedeniyle bu g\u00fcnlerde. Bu ama\u00e7 i\u00e7in \u00e7e\u015fitli web siteleri mevcut olsa da, daha fazla fikir edinmek i\u00e7in bunlar\u0131 de\u011ferlendirmek gerekir. Ayr\u0131ca, kullan\u0131c\u0131lar\u0131n gereksinimlerini kar\u015f\u0131layan en iyi web sitesini se\u00e7meye \u00e7ok yard\u0131mc\u0131 olacakt\u0131r. Chat42 \u00e7evrimi\u00e7i bir <a href=\"https:\/\/strangercam.com\/tr\/chatingly\/\">sohbet<\/a> Bir ki\u015finin m\u00fcmk\u00fcn olan en k\u0131sa s\u00fcrede ba\u015fkalar\u0131yla ba\u011flant\u0131 kurmas\u0131n\u0131 sa\u011flayan web sitesi. Bu anonim <a href=\"https:\/\/strangercam.com\/tr\/chatroulette\/\">sohbet<\/a> sitesi, \u00fcyelerin temel ihtiya\u00e7lar\u0131n\u0131 ele alarak bir yerde bekarlar\u0131 kolayl\u0131kla bulman\u0131n yollar\u0131n\u0131 sa\u011flar.<\/p>\n<h2>Chat42'nin \u00f6zellikleri nelerdir?<\/h2>\n<p>Bu bir <a href=\"https:\/\/strangercam.com\/tr\/chat4free\/\">\u00fccretsiz<\/a> kay\u0131t veya kay\u0131t i\u015flemi gerektirmeyen web sitesi. Kullan\u0131c\u0131lar adlar\u0131n\u0131 girebilir ve m\u00fcmk\u00fcn olan en k\u0131sa s\u00fcrede ba\u015fkalar\u0131yla sohbet etmeye ba\u015flayabilir. Web sitesi, kullan\u0131c\u0131 adlar\u0131n\u0131 girdikten sonra g\u00f6r\u00fcnt\u00fcleri payla\u015fmak i\u00e7in y\u00f6ntemler sunar. Chat42, kullan\u0131c\u0131lar\u0131n yaln\u0131zca k\u0131sa mesaj yoluyla iki ki\u015fiyle ileti\u015fim kurmas\u0131n\u0131 sa\u011flar. Web sitesi ile ilgili bir ba\u015fka \u015fey de, k\u00fcf\u00fcrl\u00fc kullan\u0131c\u0131lar\u0131 bildirmenin yollar\u0131n\u0131 a\u00e7an bir \"rapor\" \u00f6zelli\u011fi sunmas\u0131d\u0131r. \u0130stenmeyen sorunlar\u0131 ve di\u011fer \u015feyleri \u00f6nlemek i\u00e7in k\u00fcf\u00fcrl\u00fc kullan\u0131c\u0131lar\u0131 bile engelleyebilirsiniz. Varyasyonlar\u0131n\u0131 ke\u015ffetmek isteyen herkes <a href=\"https:\/\/strangercam.com\/tr\/yabanci-sohbet\/\">yabanc\u0131 sohbet<\/a> \u00fcyeler bu web sitesinden \u00e7ok faydalanabilir.<\/p>\n<h3>Chat42 gen\u00e7ler i\u00e7in g\u00fcvenli midir?<\/h3>\n<p>Web sitesi, yaln\u0131zca ba\u015fkalar\u0131yla h\u0131zl\u0131 bir \u015fekilde uzun mesafeli ili\u015fkiler kurmak isteyen yeti\u015fkinler i\u00e7in uygundur. \u00d6te yandan, gen\u00e7ler i\u00e7in g\u00fcvenli de\u011fildir ve bu web sitesinden uzak durmalar\u0131 gerekir. Bunun d\u0131\u015f\u0131nda, yeni kullan\u0131c\u0131lar\u0131n yeni mesajlar i\u00e7in a\u00e7\u0131p kapatmas\u0131na izin veren bir ses \u00f6zelli\u011fi vard\u0131r. Yabanc\u0131larla konu\u015fmak isteyenler, hedeflerine b\u00fcy\u00fck \u00f6l\u00e7\u00fcde ula\u015fmalar\u0131na yard\u0131mc\u0131 olacak bu platformu kullanabilirler. Chat42, ortak ilgi alanlar\u0131n\u0131 payla\u015fan yeni arkada\u015flar arayan insanlar i\u00e7in m\u00fckemmel bir yerdir. Yabanc\u0131larla, onlarla rastgele bir ba\u011f kurman\u0131n yollar\u0131n\u0131 veren bir konumda ba\u011flant\u0131 kurmaya yard\u0131mc\u0131 olur.<\/p>\n<h3>Chat42 kullanmaya de\u011fer mi?<\/h3>\n<p>Chat42 zengin \u00f6zelliklere sahip olmasa da, web sitesi kullan\u0131c\u0131lar\u0131n herhangi bir zorluk ya\u015famadan ba\u015fkalar\u0131yla sohbet etmesine olanak tan\u0131r. Ancak, web sayfas\u0131n\u0131 kullanmadan \u00f6nce h\u00fck\u00fcm ve ko\u015fullar\u0131 ayr\u0131nt\u0131l\u0131 olarak okumak gerekir. Uygulama s\u00fcr\u00fcm\u00fc kullan\u0131c\u0131lar i\u00e7in mevcuttur ve ayn\u0131 \u015feyi cep telefonlar\u0131na indirebilirler. Erkeklerin ve kad\u0131nlar\u0131n ayr\u0131nt\u0131lar\u0131n\u0131 anonim olarak bir yerde aramak i\u00e7in uygun yollar sa\u011flar ve bu da onlarla ili\u015fkilerin b\u00fcy\u00fcmesine yard\u0131mc\u0131 olur. Ayn\u0131 zamanda, do\u011fru karar\u0131 vermenin yollar\u0131n\u0131 sa\u011flayan \u00e7evrimi\u00e7i incelemeler okunmal\u0131d\u0131r.<\/p>","protected":false},"excerpt":{"rendered":"<p>Meeting strangers in a new location now becomes an easy one these days due to the technical advancements. Although there are several websites available for this purpose, one should evaluate them for getting more ideas. Moreover, it will help a lot to pick the best website which satisfies the requirements of users. Chat42 is an [&hellip;]<\/p>\n","protected":false},"author":6,"featured_media":559,"parent":0,"menu_order":0,"comment_status":"closed","ping_status":"closed","template":"","meta":{"footnotes":""},"class_list":["post-5290","page","type-page","status-publish","has-post-thumbnail","hentry"],"yoast_head":"<!-- This site is optimized with the Yoast SEO plugin v26.9 - https:\/\/yoast.com\/product\/yoast-seo-wordpress\/ -->\n<title>Chat42 - Anonymous Chat For Two - Cam on StrangerCam.com<\/title>\n<meta name=\"description\" content=\"Like Chat42? Come chat with more than 5.000.000 strangers on Stranger Cam for Free! Turn on your cam and find new friends &amp; maby a match!\" \/>\n<meta name=\"robots\" content=\"index, follow, max-snippet:-1, max-image-preview:large, max-video-preview:-1\" \/>\n<link rel=\"canonical\" href=\"https:\/\/strangercam.com\/tr\/chat42\/\" \/>\n<meta property=\"og:locale\" content=\"tr_TR\" \/>\n<meta property=\"og:type\" content=\"article\" \/>\n<meta property=\"og:title\" content=\"Chat42 - Anonymous Chat For Two - Cam on StrangerCam.com\" \/>\n<meta property=\"og:description\" content=\"Like Chat42? Come chat with more than 5.000.000 strangers on Stranger Cam for Free! Turn on your cam and find new friends &amp; maby a match!\" \/>\n<meta property=\"og:url\" content=\"https:\/\/strangercam.com\/tr\/chat42\/\" \/>\n<meta property=\"og:site_name\" content=\"Strangercam\" \/>\n<meta property=\"article:publisher\" content=\"https:\/\/www.facebook.com\/strangercam\" \/>\n<meta property=\"article:modified_time\" content=\"2023-08-21T09:40:39+00:00\" \/>\n<meta property=\"og:image\" content=\"https:\/\/strangercam.com\/wp-content\/uploads\/2020\/11\/stranger-cam-1.png\" \/>\n\t<meta property=\"og:image:width\" content=\"800\" \/>\n\t<meta property=\"og:image:height\" content=\"800\" \/>\n\t<meta property=\"og:image:type\" content=\"image\/png\" \/>\n<meta name=\"twitter:card\" content=\"summary_large_image\" \/>\n<meta name=\"twitter:site\" content=\"@strangercamapp\" \/>\n<meta name=\"twitter:label1\" content=\"Tahmini okuma s\u00fcresi\" \/>\n\t<meta name=\"twitter:data1\" content=\"2 dakika\" \/>\n<script type=\"application\/ld+json\" class=\"yoast-schema-graph\">{\"@context\":\"https:\/\/schema.org\",\"@graph\":[{\"@type\":\"WebPage\",\"@id\":\"https:\/\/strangercam.com\/chat42\/\",\"url\":\"https:\/\/strangercam.com\/chat42\/\",\"name\":\"Chat42 - Anonymous Chat For Two - Cam on StrangerCam.com\",\"isPartOf\":{\"@id\":\"https:\/\/strangercam.com\/#website\"},\"primaryImageOfPage\":{\"@id\":\"https:\/\/strangercam.com\/chat42\/#primaryimage\"},\"image\":{\"@id\":\"https:\/\/strangercam.com\/chat42\/#primaryimage\"},\"thumbnailUrl\":\"https:\/\/strangercam.com\/wp-content\/uploads\/2020\/11\/stranger-cam-1.png\",\"datePublished\":\"2021-06-20T13:01:12+00:00\",\"dateModified\":\"2023-08-21T09:40:39+00:00\",\"description\":\"Like Chat42? Come chat with more than 5.000.000 strangers on Stranger Cam for Free! Turn on your cam and find new friends & maby a match!\",\"breadcrumb\":{\"@id\":\"https:\/\/strangercam.com\/chat42\/#breadcrumb\"},\"inLanguage\":\"tr\",\"potentialAction\":[{\"@type\":\"ReadAction\",\"target\":[\"https:\/\/strangercam.com\/chat42\/\"]}]},{\"@type\":\"ImageObject\",\"inLanguage\":\"tr\",\"@id\":\"https:\/\/strangercam.com\/chat42\/#primaryimage\",\"url\":\"https:\/\/strangercam.com\/wp-content\/uploads\/2020\/11\/stranger-cam-1.png\",\"contentUrl\":\"https:\/\/strangercam.com\/wp-content\/uploads\/2020\/11\/stranger-cam-1.png\",\"width\":800,\"height\":800,\"caption\":\"stranger cam random video chat\"},{\"@type\":\"BreadcrumbList\",\"@id\":\"https:\/\/strangercam.com\/chat42\/#breadcrumb\",\"itemListElement\":[{\"@type\":\"ListItem\",\"position\":1,\"name\":\"Home\",\"item\":\"https:\/\/strangercam.com\/\"},{\"@type\":\"ListItem\",\"position\":2,\"name\":\"Chat42\"}]},{\"@type\":\"WebSite\",\"@id\":\"https:\/\/strangercam.com\/#website\",\"url\":\"https:\/\/strangercam.com\/\",\"name\":\"Strangercam\",\"description\":\"Random Video Chat with Strangers\",\"publisher\":{\"@id\":\"https:\/\/strangercam.com\/#organization\"},\"alternateName\":\"Strangercam.com\",\"potentialAction\":[{\"@type\":\"SearchAction\",\"target\":{\"@type\":\"EntryPoint\",\"urlTemplate\":\"https:\/\/strangercam.com\/?s={search_term_string}\"},\"query-input\":{\"@type\":\"PropertyValueSpecification\",\"valueRequired\":true,\"valueName\":\"search_term_string\"}}],\"inLanguage\":\"tr\"},{\"@type\":\"Organization\",\"@id\":\"https:\/\/strangercam.com\/#organization\",\"name\":\"Strangercam\",\"alternateName\":\"Strangercam.com\",\"url\":\"https:\/\/strangercam.com\/\",\"logo\":{\"@type\":\"ImageObject\",\"inLanguage\":\"tr\",\"@id\":\"https:\/\/strangercam.com\/#\/schema\/logo\/image\/\",\"url\":\"https:\/\/strangercam.com\/wp-content\/uploads\/2020\/11\/cropped-new-favicon-black.png\",\"contentUrl\":\"https:\/\/strangercam.com\/wp-content\/uploads\/2020\/11\/cropped-new-favicon-black.png\",\"width\":512,\"height\":512,\"caption\":\"Strangercam\"},\"image\":{\"@id\":\"https:\/\/strangercam.com\/#\/schema\/logo\/image\/\"},\"sameAs\":[\"https:\/\/www.facebook.com\/strangercam\",\"https:\/\/x.com\/strangercamapp\"]}]}<\/script>\n<!-- \/ Yoast SEO plugin. -->","yoast_head_json":{"title":"Chat42 - \u0130ki Ki\u015filik Anonim Sohbet - StrangerCam.com'da Kamera","description":"Chat42'yi be\u011fendiniz mi? Gelin Stranger Cam'de 5.000.000'dan fazla yabanc\u0131yla \u00dccretsiz sohbet edin! Kameran\u0131z\u0131 a\u00e7\u0131n ve yeni arkada\u015flar ve belki bir e\u015fle\u015fme bulun!","robots":{"index":"index","follow":"follow","max-snippet":"max-snippet:-1","max-image-preview":"max-image-preview:large","max-video-preview":"max-video-preview:-1"},"canonical":"https:\/\/strangercam.com\/tr\/chat42\/","og_locale":"tr_TR","og_type":"article","og_title":"Chat42 - Anonymous Chat For Two - Cam on StrangerCam.com","og_description":"Like Chat42? Come chat with more than 5.000.000 strangers on Stranger Cam for Free! Turn on your cam and find new friends & maby a match!","og_url":"https:\/\/strangercam.com\/tr\/chat42\/","og_site_name":"Strangercam","article_publisher":"https:\/\/www.facebook.com\/strangercam","article_modified_time":"2023-08-21T09:40:39+00:00","og_image":[{"width":800,"height":800,"url":"https:\/\/strangercam.com\/wp-content\/uploads\/2020\/11\/stranger-cam-1.png","type":"image\/png"}],"twitter_card":"summary_large_image","twitter_site":"@strangercamapp","twitter_misc":{"Tahmini okuma s\u00fcresi":"2 dakika"},"schema":{"@context":"https:\/\/schema.org","@graph":[{"@type":"WebPage","@id":"https:\/\/strangercam.com\/chat42\/","url":"https:\/\/strangercam.com\/chat42\/","name":"Chat42 - \u0130ki Ki\u015filik Anonim Sohbet - StrangerCam.com'da Kamera","isPartOf":{"@id":"https:\/\/strangercam.com\/#website"},"primaryImageOfPage":{"@id":"https:\/\/strangercam.com\/chat42\/#primaryimage"},"image":{"@id":"https:\/\/strangercam.com\/chat42\/#primaryimage"},"thumbnailUrl":"https:\/\/strangercam.com\/wp-content\/uploads\/2020\/11\/stranger-cam-1.png","datePublished":"2021-06-20T13:01:12+00:00","dateModified":"2023-08-21T09:40:39+00:00","description":"Chat42'yi be\u011fendiniz mi? Gelin Stranger Cam'de 5.000.000'dan fazla yabanc\u0131yla \u00dccretsiz sohbet edin! Kameran\u0131z\u0131 a\u00e7\u0131n ve yeni arkada\u015flar ve belki bir e\u015fle\u015fme bulun!","breadcrumb":{"@id":"https:\/\/strangercam.com\/chat42\/#breadcrumb"},"inLanguage":"tr","potentialAction":[{"@type":"ReadAction","target":["https:\/\/strangercam.com\/chat42\/"]}]},{"@type":"ImageObject","inLanguage":"tr","@id":"https:\/\/strangercam.com\/chat42\/#primaryimage","url":"https:\/\/strangercam.com\/wp-content\/uploads\/2020\/11\/stranger-cam-1.png","contentUrl":"https:\/\/strangercam.com\/wp-content\/uploads\/2020\/11\/stranger-cam-1.png","width":800,"height":800,"caption":"stranger cam random video chat"},{"@type":"BreadcrumbList","@id":"https:\/\/strangercam.com\/chat42\/#breadcrumb","itemListElement":[{"@type":"ListItem","position":1,"name":"Home","item":"https:\/\/strangercam.com\/"},{"@type":"ListItem","position":2,"name":"Chat42"}]},{"@type":"WebSite","@id":"https:\/\/strangercam.com\/#website","url":"https:\/\/strangercam.com\/","name":"Strangercam","description":"Yabanc\u0131larla Rastgele G\u00f6r\u00fcnt\u00fcl\u00fc Sohbet","publisher":{"@id":"https:\/\/strangercam.com\/#organization"},"alternateName":"Strangercam.com","potentialAction":[{"@type":"SearchAction","target":{"@type":"EntryPoint","urlTemplate":"https:\/\/strangercam.com\/?s={search_term_string}"},"query-input":{"@type":"PropertyValueSpecification","valueRequired":true,"valueName":"search_term_string"}}],"inLanguage":"tr"},{"@type":"Organization","@id":"https:\/\/strangercam.com\/#organization","name":"Strangercam","alternateName":"Strangercam.com","url":"https:\/\/strangercam.com\/","logo":{"@type":"ImageObject","inLanguage":"tr","@id":"https:\/\/strangercam.com\/#\/schema\/logo\/image\/","url":"https:\/\/strangercam.com\/wp-content\/uploads\/2020\/11\/cropped-new-favicon-black.png","contentUrl":"https:\/\/strangercam.com\/wp-content\/uploads\/2020\/11\/cropped-new-favicon-black.png","width":512,"height":512,"caption":"Strangercam"},"image":{"@id":"https:\/\/strangercam.com\/#\/schema\/logo\/image\/"},"sameAs":["https:\/\/www.facebook.com\/strangercam","https:\/\/x.com\/strangercamapp"]}]}},"_links":{"self":[{"href":"https:\/\/strangercam.com\/tr\/wp-json\/wp\/v2\/pages\/5290","targetHints":{"allow":["GET"]}}],"collection":[{"href":"https:\/\/strangercam.com\/tr\/wp-json\/wp\/v2\/pages"}],"about":[{"href":"https:\/\/strangercam.com\/tr\/wp-json\/wp\/v2\/types\/page"}],"author":[{"embeddable":true,"href":"https:\/\/strangercam.com\/tr\/wp-json\/wp\/v2\/users\/6"}],"replies":[{"embeddable":true,"href":"https:\/\/strangercam.com\/tr\/wp-json\/wp\/v2\/comments?post=5290"}],"version-history":[{"count":0,"href":"https:\/\/strangercam.com\/tr\/wp-json\/wp\/v2\/pages\/5290\/revisions"}],"wp:featuredmedia":[{"embeddable":true,"href":"https:\/\/strangercam.com\/tr\/wp-json\/wp\/v2\/media\/559"}],"wp:attachment":[{"href":"https:\/\/strangercam.com\/tr\/wp-json\/wp\/v2\/media?parent=5290"}],"curies":[{"name":"wp","href":"https:\/\/api.w.org\/{rel}","templated":true}]}}