{"id":5268,"date":"2021-06-20T14:53:54","date_gmt":"2021-06-20T12:53:54","guid":{"rendered":"https:\/\/strangercam.com\/?page_id=5268"},"modified":"2023-08-21T12:24:41","modified_gmt":"2023-08-21T10:24:41","slug":"chatzy","status":"publish","type":"page","link":"https:\/\/strangercam.com\/tr\/chatzy\/","title":{"rendered":"Chatzy"},"content":{"rendered":"<p>Baz\u0131 profesyoneller ve internet merakl\u0131lar\u0131 ilk olarak <b>chatzy<\/b> 2001 y\u0131l\u0131 civar\u0131nda. Zamanla Avrupa'da pop\u00fcler bir site haline geldi ve \u015fu anda d\u00fcnyan\u0131n her yerinden kay\u0131tl\u0131 kullan\u0131c\u0131lara sahip. \u0130nsanlar bu siteye farkl\u0131 nedenlerle eri\u015fiyor. Bu heyecan verici bir tan\u0131\u015fma veya ba\u011flant\u0131 sitesi de\u011fil. Aksine, insanlar kullan\u0131r <a href=\"https:\/\/strangercam.com\/tr\/chat4free\/\">\u00fccretsiz<\/a> i\u015flerini veya e\u011fitimlerini ger\u00e7ekle\u015ftirmek i\u00e7in bu site taraf\u0131ndan sa\u011flanan sohbet odalar\u0131. Hatta baz\u0131lar\u0131 bunu ilgin\u00e7 olaylar\u0131, konular\u0131 tart\u0131\u015fmak, yeni arkada\u015flar edinmek veya benzer ilgi alanlar\u0131 hakk\u0131nda bilgi payla\u015fmak i\u00e7in kullan\u0131yor. Bu \u00fccretsiz <a href=\"https:\/\/strangercam.com\/tr\/chatroulette\/\">sohbet<\/a> hizmeti ger\u00e7ekten e\u011flenceli ve heyecan verici olmas\u0131n\u0131n yan\u0131 s\u0131ra kullan\u0131m\u0131 tamamen g\u00fcvenlidir.<\/p>\n<h2>Chatzy ile nas\u0131l kay\u0131t olunur?<\/h2>\n<p>Bir hesap a\u00e7man\u0131z, kat\u0131lman\u0131z veya bir hesap olu\u015fturman\u0131z yeterlidir. <a href=\"https:\/\/strangercam.com\/tr\/chatroom2000\/\">sohbet odas\u0131<\/a> ba\u015flamak i\u00e7in <a href=\"https:\/\/strangercam.com\/tr\/chatingly\/\">sohbet<\/a> Oturum. Bu kadar kolay ve h\u0131zl\u0131. Ayr\u0131ca ailenizi ve arkada\u015flar\u0131n\u0131z\u0131 \u00f6zel olarak olu\u015fturdu\u011funuz sohbet odan\u0131za davet edebilir veya ilginizi \u00e7eken rastgele bir sohbet odas\u0131na kat\u0131labilirsiniz. Bu siteye kat\u0131lmak i\u00e7in hassas ki\u015fisel bilgilerinizi payla\u015fman\u0131z gerekmez, ancak oturumu ba\u015flatmak i\u00e7in yaln\u0131zca temel bilgileri payla\u015fman\u0131z gerekir.<\/p>\n<h3>Chatzy nas\u0131l kullan\u0131l\u0131r?<\/h3>\n<p>Kendi \u00f6zel sohbetinizi olu\u015fturabilir veya benzer d\u00fc\u015f\u00fcnen insanlarla grup tart\u0131\u015fmalar\u0131 yapmak i\u00e7in \u00f6nceden olu\u015fturulmu\u015f olanlara eri\u015febilirsiniz. Bu siteyi i\u015f, e\u011fitim veya sadece e\u011flenmek i\u00e7in kullanabilirsiniz. Herhangi bir yerden eri\u015febilir ve etkile\u015fimli oturumlar\u0131n\u0131n keyfini \u00e7\u0131karabilirsiniz. Geli\u015fmi\u015f \u00f6zellikleri elde etmek istiyorsan\u0131z, premium hizmetlerini tercih etmelisiniz. Aksi takdirde, \u00fccretsiz hizmet harika bir \u00e7evrimi\u00e7i sohbet oturumu i\u00e7in yeterince iyidir.<\/p>\n<h3>Chatzy'nin art\u0131lar\u0131 ve eksileri nelerdir?<\/h3>\n<p>Bu site, onu web'de bulunanlardan farkl\u0131 k\u0131lma e\u011filiminde olan birka\u00e7 \u00f6zel \u00f6zelli\u011fe sahip oldu\u011fu i\u00e7in olduk\u00e7a \u00f6zeldir. Oda y\u00f6neticileri taraf\u0131ndan g\u00f6r\u00fclemeyecek herhangi bir \u00fcyeye \u00f6zel mesaj g\u00f6nderebilirsiniz. Ayr\u0131ca oturuma davetsiz giren yenileri susturma se\u00e7ene\u011fi de var. Premium odalar\u0131n yeni gelenleri otomatik olarak sessize ald\u0131\u011f\u0131 s\u00f6yleniyor. \u2018Ziyaret\u00e7i Durumu'nu kullanabilirsiniz\u2019 <a href=\"https:\/\/strangercam.com\/tr\/mocospace\/\">uzay<\/a> sohbet odan\u0131z\u0131n amac\u0131n\u0131 a\u00e7\u0131klamak i\u00e7in. Sohbet odas\u0131 y\u00f6neticileri ve moderat\u00f6rleri i\u00e7in bir \u00f6nizleme modu vard\u0131r. Fark edilmeden yeni konu\u015fmalar olu\u015fturmaya veya mevcut konu\u015fmalar\u0131 takip etmeye yard\u0131mc\u0131 olur. Sunulan bir di\u011fer \u00f6zellik ise t\u00fcm \u00fcyelere do\u011frudan mesaj g\u00f6ndermeye olanak tan\u0131yan \u2018Global Mesajlar\u2019. Tek dezavantaj\u0131, oturumlar\u0131n\u0131z aras\u0131nda olduk\u00e7a rahats\u0131z edici olabilecek reklamlarla kar\u015f\u0131la\u015fabilmenizdir. Premium s\u00fcr\u00fcm daha fazla ilgi \u00e7ekici \u00f6zellik ile birlikte gelir. Ancak bu t\u00fcr tesislere eri\u015fmek i\u00e7in bir miktar \u00f6deme yapman\u0131z gerekir.<\/p>","protected":false},"excerpt":{"rendered":"<p>Some professionals and internet enthusiasts had first launched chatzy around 2001. With time, it became a popular site in Europe and presently enjoys registered users from all over the world. People access this site for different reasons. It is not some excusive dating or hookup site. Rather, people use the free chatrooms provided by this [&hellip;]<\/p>\n","protected":false},"author":6,"featured_media":559,"parent":0,"menu_order":0,"comment_status":"closed","ping_status":"closed","template":"","meta":{"footnotes":""},"class_list":["post-5268","page","type-page","status-publish","has-post-thumbnail","hentry"],"yoast_head":"<!-- This site is optimized with the Yoast SEO plugin v27.4 - https:\/\/yoast.com\/product\/yoast-seo-wordpress\/ -->\n<title>Chatzy - Free Private Chat Rooms - Cam on StrangerCam.com<\/title>\n<meta name=\"description\" content=\"Like Chatzy? Come chat with more than 5.000.000 strangers on Stranger Cam for Free! Turn on your cam and find new friends &amp; maby a match!\" \/>\n<meta name=\"robots\" content=\"index, follow, max-snippet:-1, max-image-preview:large, max-video-preview:-1\" \/>\n<link rel=\"canonical\" href=\"https:\/\/strangercam.com\/tr\/chatzy\/\" \/>\n<meta property=\"og:locale\" content=\"tr_TR\" \/>\n<meta property=\"og:type\" content=\"article\" \/>\n<meta property=\"og:title\" content=\"Chatzy - Free Private Chat Rooms - Cam on StrangerCam.com\" \/>\n<meta property=\"og:description\" content=\"Like Chatzy? Come chat with more than 5.000.000 strangers on Stranger Cam for Free! Turn on your cam and find new friends &amp; maby a match!\" \/>\n<meta property=\"og:url\" content=\"https:\/\/strangercam.com\/tr\/chatzy\/\" \/>\n<meta property=\"og:site_name\" content=\"Strangercam\" \/>\n<meta property=\"article:publisher\" content=\"https:\/\/www.facebook.com\/strangercam\" \/>\n<meta property=\"article:modified_time\" content=\"2023-08-21T10:24:41+00:00\" \/>\n<meta property=\"og:image\" content=\"https:\/\/strangercam.com\/wp-content\/uploads\/2020\/11\/stranger-cam-1.png\" \/>\n\t<meta property=\"og:image:width\" content=\"800\" \/>\n\t<meta property=\"og:image:height\" content=\"800\" \/>\n\t<meta property=\"og:image:type\" content=\"image\/png\" \/>\n<meta name=\"twitter:card\" content=\"summary_large_image\" \/>\n<meta name=\"twitter:site\" content=\"@strangercamapp\" \/>\n<meta name=\"twitter:label1\" content=\"Tahmini okuma s\u00fcresi\" \/>\n\t<meta name=\"twitter:data1\" content=\"2 dakika\" \/>\n<script type=\"application\/ld+json\" class=\"yoast-schema-graph\">{\"@context\":\"https:\\\/\\\/schema.org\",\"@graph\":[{\"@type\":\"WebPage\",\"@id\":\"https:\\\/\\\/strangercam.com\\\/chatzy\\\/\",\"url\":\"https:\\\/\\\/strangercam.com\\\/chatzy\\\/\",\"name\":\"Chatzy - Free Private Chat Rooms - Cam on StrangerCam.com\",\"isPartOf\":{\"@id\":\"https:\\\/\\\/strangercam.com\\\/#website\"},\"primaryImageOfPage\":{\"@id\":\"https:\\\/\\\/strangercam.com\\\/chatzy\\\/#primaryimage\"},\"image\":{\"@id\":\"https:\\\/\\\/strangercam.com\\\/chatzy\\\/#primaryimage\"},\"thumbnailUrl\":\"https:\\\/\\\/strangercam.com\\\/wp-content\\\/uploads\\\/2020\\\/11\\\/stranger-cam-1.png\",\"datePublished\":\"2021-06-20T12:53:54+00:00\",\"dateModified\":\"2023-08-21T10:24:41+00:00\",\"description\":\"Like Chatzy? Come chat with more than 5.000.000 strangers on Stranger Cam for Free! Turn on your cam and find new friends & maby a match!\",\"breadcrumb\":{\"@id\":\"https:\\\/\\\/strangercam.com\\\/chatzy\\\/#breadcrumb\"},\"inLanguage\":\"tr\",\"potentialAction\":[{\"@type\":\"ReadAction\",\"target\":[\"https:\\\/\\\/strangercam.com\\\/chatzy\\\/\"]}]},{\"@type\":\"ImageObject\",\"inLanguage\":\"tr\",\"@id\":\"https:\\\/\\\/strangercam.com\\\/chatzy\\\/#primaryimage\",\"url\":\"https:\\\/\\\/strangercam.com\\\/wp-content\\\/uploads\\\/2020\\\/11\\\/stranger-cam-1.png\",\"contentUrl\":\"https:\\\/\\\/strangercam.com\\\/wp-content\\\/uploads\\\/2020\\\/11\\\/stranger-cam-1.png\",\"width\":800,\"height\":800,\"caption\":\"stranger cam random video chat\"},{\"@type\":\"BreadcrumbList\",\"@id\":\"https:\\\/\\\/strangercam.com\\\/chatzy\\\/#breadcrumb\",\"itemListElement\":[{\"@type\":\"ListItem\",\"position\":1,\"name\":\"Home\",\"item\":\"https:\\\/\\\/strangercam.com\\\/\"},{\"@type\":\"ListItem\",\"position\":2,\"name\":\"Chatzy\"}]},{\"@type\":\"WebSite\",\"@id\":\"https:\\\/\\\/strangercam.com\\\/#website\",\"url\":\"https:\\\/\\\/strangercam.com\\\/\",\"name\":\"Strangercam\",\"description\":\"Random Video Chat with Strangers\",\"publisher\":{\"@id\":\"https:\\\/\\\/strangercam.com\\\/#organization\"},\"alternateName\":\"Strangercam.com\",\"potentialAction\":[{\"@type\":\"SearchAction\",\"target\":{\"@type\":\"EntryPoint\",\"urlTemplate\":\"https:\\\/\\\/strangercam.com\\\/?s={search_term_string}\"},\"query-input\":{\"@type\":\"PropertyValueSpecification\",\"valueRequired\":true,\"valueName\":\"search_term_string\"}}],\"inLanguage\":\"tr\"},{\"@type\":\"Organization\",\"@id\":\"https:\\\/\\\/strangercam.com\\\/#organization\",\"name\":\"Strangercam\",\"alternateName\":\"Strangercam.com\",\"url\":\"https:\\\/\\\/strangercam.com\\\/\",\"logo\":{\"@type\":\"ImageObject\",\"inLanguage\":\"tr\",\"@id\":\"https:\\\/\\\/strangercam.com\\\/#\\\/schema\\\/logo\\\/image\\\/\",\"url\":\"https:\\\/\\\/strangercam.com\\\/wp-content\\\/uploads\\\/2020\\\/11\\\/cropped-new-favicon-black.png\",\"contentUrl\":\"https:\\\/\\\/strangercam.com\\\/wp-content\\\/uploads\\\/2020\\\/11\\\/cropped-new-favicon-black.png\",\"width\":512,\"height\":512,\"caption\":\"Strangercam\"},\"image\":{\"@id\":\"https:\\\/\\\/strangercam.com\\\/#\\\/schema\\\/logo\\\/image\\\/\"},\"sameAs\":[\"https:\\\/\\\/www.facebook.com\\\/strangercam\",\"https:\\\/\\\/x.com\\\/strangercamapp\"]}]}<\/script>\n<!-- \/ Yoast SEO plugin. -->","yoast_head_json":{"title":"Chatzy - \u00dccretsiz \u00d6zel Sohbet Odalar\u0131 - StrangerCam.com'da Kamera","description":"Chatzy'yi be\u011fendiniz mi? Gelin Stranger Cam'de 5.000.000'dan fazla yabanc\u0131yla \u00dccretsiz sohbet edin! Kameran\u0131z\u0131 a\u00e7\u0131n ve yeni arkada\u015flar ve belki bir e\u015fle\u015fme bulun!","robots":{"index":"index","follow":"follow","max-snippet":"max-snippet:-1","max-image-preview":"max-image-preview:large","max-video-preview":"max-video-preview:-1"},"canonical":"https:\/\/strangercam.com\/tr\/chatzy\/","og_locale":"tr_TR","og_type":"article","og_title":"Chatzy - Free Private Chat Rooms - Cam on StrangerCam.com","og_description":"Like Chatzy? Come chat with more than 5.000.000 strangers on Stranger Cam for Free! Turn on your cam and find new friends & maby a match!","og_url":"https:\/\/strangercam.com\/tr\/chatzy\/","og_site_name":"Strangercam","article_publisher":"https:\/\/www.facebook.com\/strangercam","article_modified_time":"2023-08-21T10:24:41+00:00","og_image":[{"width":800,"height":800,"url":"https:\/\/strangercam.com\/wp-content\/uploads\/2020\/11\/stranger-cam-1.png","type":"image\/png"}],"twitter_card":"summary_large_image","twitter_site":"@strangercamapp","twitter_misc":{"Tahmini okuma s\u00fcresi":"2 dakika"},"schema":{"@context":"https:\/\/schema.org","@graph":[{"@type":"WebPage","@id":"https:\/\/strangercam.com\/chatzy\/","url":"https:\/\/strangercam.com\/chatzy\/","name":"Chatzy - \u00dccretsiz \u00d6zel Sohbet Odalar\u0131 - StrangerCam.com'da Kamera","isPartOf":{"@id":"https:\/\/strangercam.com\/#website"},"primaryImageOfPage":{"@id":"https:\/\/strangercam.com\/chatzy\/#primaryimage"},"image":{"@id":"https:\/\/strangercam.com\/chatzy\/#primaryimage"},"thumbnailUrl":"https:\/\/strangercam.com\/wp-content\/uploads\/2020\/11\/stranger-cam-1.png","datePublished":"2021-06-20T12:53:54+00:00","dateModified":"2023-08-21T10:24:41+00:00","description":"Chatzy'yi be\u011fendiniz mi? Gelin Stranger Cam'de 5.000.000'dan fazla yabanc\u0131yla \u00dccretsiz sohbet edin! Kameran\u0131z\u0131 a\u00e7\u0131n ve yeni arkada\u015flar ve belki bir e\u015fle\u015fme bulun!","breadcrumb":{"@id":"https:\/\/strangercam.com\/chatzy\/#breadcrumb"},"inLanguage":"tr","potentialAction":[{"@type":"ReadAction","target":["https:\/\/strangercam.com\/chatzy\/"]}]},{"@type":"ImageObject","inLanguage":"tr","@id":"https:\/\/strangercam.com\/chatzy\/#primaryimage","url":"https:\/\/strangercam.com\/wp-content\/uploads\/2020\/11\/stranger-cam-1.png","contentUrl":"https:\/\/strangercam.com\/wp-content\/uploads\/2020\/11\/stranger-cam-1.png","width":800,"height":800,"caption":"stranger cam random video chat"},{"@type":"BreadcrumbList","@id":"https:\/\/strangercam.com\/chatzy\/#breadcrumb","itemListElement":[{"@type":"ListItem","position":1,"name":"Home","item":"https:\/\/strangercam.com\/"},{"@type":"ListItem","position":2,"name":"Chatzy"}]},{"@type":"WebSite","@id":"https:\/\/strangercam.com\/#website","url":"https:\/\/strangercam.com\/","name":"Strangercam","description":"Yabanc\u0131larla Rastgele G\u00f6r\u00fcnt\u00fcl\u00fc Sohbet","publisher":{"@id":"https:\/\/strangercam.com\/#organization"},"alternateName":"Strangercam.com","potentialAction":[{"@type":"SearchAction","target":{"@type":"EntryPoint","urlTemplate":"https:\/\/strangercam.com\/?s={search_term_string}"},"query-input":{"@type":"PropertyValueSpecification","valueRequired":true,"valueName":"search_term_string"}}],"inLanguage":"tr"},{"@type":"Organization","@id":"https:\/\/strangercam.com\/#organization","name":"Strangercam","alternateName":"Strangercam.com","url":"https:\/\/strangercam.com\/","logo":{"@type":"ImageObject","inLanguage":"tr","@id":"https:\/\/strangercam.com\/#\/schema\/logo\/image\/","url":"https:\/\/strangercam.com\/wp-content\/uploads\/2020\/11\/cropped-new-favicon-black.png","contentUrl":"https:\/\/strangercam.com\/wp-content\/uploads\/2020\/11\/cropped-new-favicon-black.png","width":512,"height":512,"caption":"Strangercam"},"image":{"@id":"https:\/\/strangercam.com\/#\/schema\/logo\/image\/"},"sameAs":["https:\/\/www.facebook.com\/strangercam","https:\/\/x.com\/strangercamapp"]}]}},"_links":{"self":[{"href":"https:\/\/strangercam.com\/tr\/wp-json\/wp\/v2\/pages\/5268","targetHints":{"allow":["GET"]}}],"collection":[{"href":"https:\/\/strangercam.com\/tr\/wp-json\/wp\/v2\/pages"}],"about":[{"href":"https:\/\/strangercam.com\/tr\/wp-json\/wp\/v2\/types\/page"}],"author":[{"embeddable":true,"href":"https:\/\/strangercam.com\/tr\/wp-json\/wp\/v2\/users\/6"}],"replies":[{"embeddable":true,"href":"https:\/\/strangercam.com\/tr\/wp-json\/wp\/v2\/comments?post=5268"}],"version-history":[{"count":0,"href":"https:\/\/strangercam.com\/tr\/wp-json\/wp\/v2\/pages\/5268\/revisions"}],"wp:featuredmedia":[{"embeddable":true,"href":"https:\/\/strangercam.com\/tr\/wp-json\/wp\/v2\/media\/559"}],"wp:attachment":[{"href":"https:\/\/strangercam.com\/tr\/wp-json\/wp\/v2\/media?parent=5268"}],"curies":[{"name":"wp","href":"https:\/\/api.w.org\/{rel}","templated":true}]}}