{"id":5191,"date":"2021-06-20T14:16:55","date_gmt":"2021-06-20T12:16:55","guid":{"rendered":"https:\/\/strangercam.com\/?page_id=5191"},"modified":"2023-08-21T12:24:42","modified_gmt":"2023-08-21T10:24:42","slug":"meet-skip","status":"publish","type":"page","link":"https:\/\/strangercam.com\/tr\/meet-skip\/","title":{"rendered":"Meet Skip"},"content":{"rendered":"<p><b><a href=\"https:\/\/strangercam.com\/tr\/coomeet\/\">Tan\u0131\u015f\u0131n<\/a> atlamak<\/b> anonim olarak kabul edilir <a href=\"https:\/\/strangercam.com\/tr\/chatroulette\/\">sohbet<\/a> i\u00e7in eri\u015filebilen portal <a href=\"https:\/\/strangercam.com\/tr\/chat4free\/\">\u00fccretsiz<\/a>. Kullan\u0131c\u0131lara, yabanc\u0131larla sohbet etmenize olanak tan\u0131yan heyecan verici bire bir sohbet odas\u0131 deneyimi sunar. S\u00fcper kolay aray\u00fcz\u00fcn\u00fc kullanarak ba\u015fkalar\u0131yla ger\u00e7ek zamanl\u0131 olarak sohbet edebilirsiniz. Farkl\u0131 cihaz t\u00fcrleri ile kullan\u0131lmak \u00fczere uyumlu olacak \u015fekilde tasarlanm\u0131\u015ft\u0131r. Bu portala eri\u015fmek i\u00e7in kaydolmak gerekli de\u011fildir. Herhangi bir g\u00fc\u00e7l\u00fck \u00e7ekmeden sohbete an\u0131nda ba\u015flayabilirsiniz. Bu rastgele sohbet sitesini d\u00fcnyan\u0131n her yerinden her ya\u015ftan insan aras\u0131nda olduk\u00e7a pop\u00fcler yapan bu benzersiz \u00f6zelliktir.<\/p>\n<h2>Meet Skip'e nas\u0131l kay\u0131t olunur?<\/h2>\n<p>Kullan\u0131c\u0131 hesab\u0131n\u0131z\u0131 ba\u015flatmak i\u00e7in kullan\u0131c\u0131 hesab\u0131 kayd\u0131 gerekli de\u011fildir <a href=\"https:\/\/strangercam.com\/tr\/chatingly\/\">sohbet<\/a> oturum a\u00e7abilirsiniz. Bunun yerine, bu portala giri\u015f yapman\u0131z ve sa\u011flanan \u2018\u015eimdi Sohbet Et\u2019 kutusuna t\u0131klayarak sohbet odas\u0131na girmeniz yeterlidir. Uzun formlar doldurman\u0131z\u0131 veya ki\u015fisel bilgilerinizi vermenizi gerektirmeden an\u0131nda sohbet oturumu sunar. Se\u00e7ti\u011finiz herhangi bir takma ad\u0131 kullanarak anonim olarak girebilir ve benzer d\u00fc\u015f\u00fcnen di\u011fer insanlarla sohbet edebilirsiniz. Ayr\u0131ca sohbet partnerinizle resim payla\u015fma olana\u011f\u0131na da sahipsiniz.<\/p>\n<h3>Meet skip nas\u0131l kullan\u0131l\u0131r?<\/h3>\n<p>Kullan\u0131m\u0131 \u00e7ok kolayd\u0131r ve sohbet oturumunu hemen ba\u015flatmak i\u00e7in ba\u011flanman\u0131z\u0131 gerektirir. Metin yazmak i\u00e7in zor ve h\u0131zl\u0131 kurallar yoktur veya <a href=\"https:\/\/strangercam.com\/tr\/rabbit-video-chat\/\">g\u00f6r\u00fcnt\u00fcl\u00fc sohbet<\/a>. Oturumu daha ilgin\u00e7 hale getirmek i\u00e7in sohbet orta\u011f\u0131na baz\u0131 resimler de g\u00f6nderebilirsiniz. Basit, kolay ve h\u0131zl\u0131 olmas\u0131n\u0131n yan\u0131 s\u0131ra m\u00fcmk\u00fcn oldu\u011funca \u00e7ok say\u0131da yabanc\u0131y\u0131 \u00e7ekmenize olanak tan\u0131r. Bu siteyi ziyaret edebilir ve kay\u0131t olmak veya bilgilerinizi tekrar tekrar vermek zorunda kalmadan istedi\u011finiz zaman sohbet edebilirsiniz.<\/p>\n<h3>Meet Skip'in art\u0131lar\u0131 ve eksileri nelerdir?<\/h3>\n<p>Bu portal, can s\u0131k\u0131nt\u0131s\u0131n\u0131 ortadan kald\u0131rman\u0131za olanak tan\u0131yan her arad\u0131\u011f\u0131n\u0131zda size eksiksiz e\u011flence sa\u011flar. Size resim payla\u015f\u0131m\u0131 ile birlikte inan\u0131lmaz bir rastgele sohbet deneyimi sunmay\u0131 garanti eder. Kamera rulolar\u0131ndan, oturumunuzu daha etkili hale getirmek i\u00e7in resimlerinizi mevcut sohbet orta\u011f\u0131n\u0131zla payla\u015fabilirsiniz. Ayr\u0131ca profil olu\u015fturulmas\u0131na gerek yoktur. Bu, di\u011fer rastgele sohbet portallar\u0131 taraf\u0131ndan sunulmayan bir \u015feydir. Kendinizi yaln\u0131z hissediyorsan\u0131z ve ruh halinizi tatmin etmek istiyorsan\u0131z ziyaret etmek i\u00e7in m\u00fckemmel bir yerdir. Tek olumsuz y\u00f6n\u00fc, giri\u015f yapan profiller tam olarak do\u011frulanmad\u0131\u011f\u0131ndan resimlerinizi payla\u015f\u0131rken dikkatli olman\u0131z gerekti\u011fidir.<\/p>","protected":false},"excerpt":{"rendered":"<p>Meet skip is considered to be an anonymous chat portal that can be accessed for free. It provides users with an exciting one-on-one chat room experience allowing you to chat with strangers. You can actually get to chat with others in real-time using its super-easy interface. It is designed to be compatible to be used [&hellip;]<\/p>\n","protected":false},"author":6,"featured_media":559,"parent":0,"menu_order":0,"comment_status":"closed","ping_status":"closed","template":"","meta":{"footnotes":""},"class_list":["post-5191","page","type-page","status-publish","has-post-thumbnail","hentry"],"yoast_head":"<!-- This site is optimized with the Yoast SEO plugin v27.4 - https:\/\/yoast.com\/product\/yoast-seo-wordpress\/ -->\n<title>Meet Skip - Random Chat Rooms - Cam on StrangerCam.com<\/title>\n<meta name=\"description\" content=\"Like Meet Skip? Come chat with more than 5.000.000 strangers on Stranger Cam for Free! Turn on your cam and find new friends &amp; maby a match!\" \/>\n<meta name=\"robots\" content=\"index, follow, max-snippet:-1, max-image-preview:large, max-video-preview:-1\" \/>\n<link rel=\"canonical\" href=\"https:\/\/strangercam.com\/tr\/meet-skip\/\" \/>\n<meta property=\"og:locale\" content=\"tr_TR\" \/>\n<meta property=\"og:type\" content=\"article\" \/>\n<meta property=\"og:title\" content=\"Meet Skip - Random Chat Rooms - Cam on StrangerCam.com\" \/>\n<meta property=\"og:description\" content=\"Like Meet Skip? Come chat with more than 5.000.000 strangers on Stranger Cam for Free! Turn on your cam and find new friends &amp; maby a match!\" \/>\n<meta property=\"og:url\" content=\"https:\/\/strangercam.com\/tr\/meet-skip\/\" \/>\n<meta property=\"og:site_name\" content=\"Strangercam\" \/>\n<meta property=\"article:publisher\" content=\"https:\/\/www.facebook.com\/strangercam\" \/>\n<meta property=\"article:modified_time\" content=\"2023-08-21T10:24:42+00:00\" \/>\n<meta property=\"og:image\" content=\"https:\/\/strangercam.com\/wp-content\/uploads\/2020\/11\/stranger-cam-1.png\" \/>\n\t<meta property=\"og:image:width\" content=\"800\" \/>\n\t<meta property=\"og:image:height\" content=\"800\" \/>\n\t<meta property=\"og:image:type\" content=\"image\/png\" \/>\n<meta name=\"twitter:card\" content=\"summary_large_image\" \/>\n<meta name=\"twitter:site\" content=\"@strangercamapp\" \/>\n<meta name=\"twitter:label1\" content=\"Tahmini okuma s\u00fcresi\" \/>\n\t<meta name=\"twitter:data1\" content=\"2 dakika\" \/>\n<script type=\"application\/ld+json\" class=\"yoast-schema-graph\">{\"@context\":\"https:\\\/\\\/schema.org\",\"@graph\":[{\"@type\":\"WebPage\",\"@id\":\"https:\\\/\\\/strangercam.com\\\/meet-skip\\\/\",\"url\":\"https:\\\/\\\/strangercam.com\\\/meet-skip\\\/\",\"name\":\"Meet Skip - Random Chat Rooms - Cam on StrangerCam.com\",\"isPartOf\":{\"@id\":\"https:\\\/\\\/strangercam.com\\\/#website\"},\"primaryImageOfPage\":{\"@id\":\"https:\\\/\\\/strangercam.com\\\/meet-skip\\\/#primaryimage\"},\"image\":{\"@id\":\"https:\\\/\\\/strangercam.com\\\/meet-skip\\\/#primaryimage\"},\"thumbnailUrl\":\"https:\\\/\\\/strangercam.com\\\/wp-content\\\/uploads\\\/2020\\\/11\\\/stranger-cam-1.png\",\"datePublished\":\"2021-06-20T12:16:55+00:00\",\"dateModified\":\"2023-08-21T10:24:42+00:00\",\"description\":\"Like Meet Skip? Come chat with more than 5.000.000 strangers on Stranger Cam for Free! Turn on your cam and find new friends & maby a match!\",\"breadcrumb\":{\"@id\":\"https:\\\/\\\/strangercam.com\\\/meet-skip\\\/#breadcrumb\"},\"inLanguage\":\"tr\",\"potentialAction\":[{\"@type\":\"ReadAction\",\"target\":[\"https:\\\/\\\/strangercam.com\\\/meet-skip\\\/\"]}]},{\"@type\":\"ImageObject\",\"inLanguage\":\"tr\",\"@id\":\"https:\\\/\\\/strangercam.com\\\/meet-skip\\\/#primaryimage\",\"url\":\"https:\\\/\\\/strangercam.com\\\/wp-content\\\/uploads\\\/2020\\\/11\\\/stranger-cam-1.png\",\"contentUrl\":\"https:\\\/\\\/strangercam.com\\\/wp-content\\\/uploads\\\/2020\\\/11\\\/stranger-cam-1.png\",\"width\":800,\"height\":800,\"caption\":\"stranger cam random video chat\"},{\"@type\":\"BreadcrumbList\",\"@id\":\"https:\\\/\\\/strangercam.com\\\/meet-skip\\\/#breadcrumb\",\"itemListElement\":[{\"@type\":\"ListItem\",\"position\":1,\"name\":\"Home\",\"item\":\"https:\\\/\\\/strangercam.com\\\/\"},{\"@type\":\"ListItem\",\"position\":2,\"name\":\"Meet Skip\"}]},{\"@type\":\"WebSite\",\"@id\":\"https:\\\/\\\/strangercam.com\\\/#website\",\"url\":\"https:\\\/\\\/strangercam.com\\\/\",\"name\":\"Strangercam\",\"description\":\"Random Video Chat with Strangers\",\"publisher\":{\"@id\":\"https:\\\/\\\/strangercam.com\\\/#organization\"},\"alternateName\":\"Strangercam.com\",\"potentialAction\":[{\"@type\":\"SearchAction\",\"target\":{\"@type\":\"EntryPoint\",\"urlTemplate\":\"https:\\\/\\\/strangercam.com\\\/?s={search_term_string}\"},\"query-input\":{\"@type\":\"PropertyValueSpecification\",\"valueRequired\":true,\"valueName\":\"search_term_string\"}}],\"inLanguage\":\"tr\"},{\"@type\":\"Organization\",\"@id\":\"https:\\\/\\\/strangercam.com\\\/#organization\",\"name\":\"Strangercam\",\"alternateName\":\"Strangercam.com\",\"url\":\"https:\\\/\\\/strangercam.com\\\/\",\"logo\":{\"@type\":\"ImageObject\",\"inLanguage\":\"tr\",\"@id\":\"https:\\\/\\\/strangercam.com\\\/#\\\/schema\\\/logo\\\/image\\\/\",\"url\":\"https:\\\/\\\/strangercam.com\\\/wp-content\\\/uploads\\\/2020\\\/11\\\/cropped-new-favicon-black.png\",\"contentUrl\":\"https:\\\/\\\/strangercam.com\\\/wp-content\\\/uploads\\\/2020\\\/11\\\/cropped-new-favicon-black.png\",\"width\":512,\"height\":512,\"caption\":\"Strangercam\"},\"image\":{\"@id\":\"https:\\\/\\\/strangercam.com\\\/#\\\/schema\\\/logo\\\/image\\\/\"},\"sameAs\":[\"https:\\\/\\\/www.facebook.com\\\/strangercam\",\"https:\\\/\\\/x.com\\\/strangercamapp\"]}]}<\/script>\n<!-- \/ Yoast SEO plugin. -->","yoast_head_json":{"title":"Meet Skip - Rastgele Sohbet Odalar\u0131 - StrangerCam.com'da Kamera","description":"Meet Skip'yi be\u011fendiniz mi? Gelin Stranger Cam'de 5.000.000'dan fazla yabanc\u0131yla \u00dccretsiz sohbet edin! Kameran\u0131z\u0131 a\u00e7\u0131n ve yeni arkada\u015flar ve belki bir e\u015fle\u015fme bulun!","robots":{"index":"index","follow":"follow","max-snippet":"max-snippet:-1","max-image-preview":"max-image-preview:large","max-video-preview":"max-video-preview:-1"},"canonical":"https:\/\/strangercam.com\/tr\/meet-skip\/","og_locale":"tr_TR","og_type":"article","og_title":"Meet Skip - Random Chat Rooms - Cam on StrangerCam.com","og_description":"Like Meet Skip? Come chat with more than 5.000.000 strangers on Stranger Cam for Free! Turn on your cam and find new friends & maby a match!","og_url":"https:\/\/strangercam.com\/tr\/meet-skip\/","og_site_name":"Strangercam","article_publisher":"https:\/\/www.facebook.com\/strangercam","article_modified_time":"2023-08-21T10:24:42+00:00","og_image":[{"width":800,"height":800,"url":"https:\/\/strangercam.com\/wp-content\/uploads\/2020\/11\/stranger-cam-1.png","type":"image\/png"}],"twitter_card":"summary_large_image","twitter_site":"@strangercamapp","twitter_misc":{"Tahmini okuma s\u00fcresi":"2 dakika"},"schema":{"@context":"https:\/\/schema.org","@graph":[{"@type":"WebPage","@id":"https:\/\/strangercam.com\/meet-skip\/","url":"https:\/\/strangercam.com\/meet-skip\/","name":"Meet Skip - Rastgele Sohbet Odalar\u0131 - StrangerCam.com'da Kamera","isPartOf":{"@id":"https:\/\/strangercam.com\/#website"},"primaryImageOfPage":{"@id":"https:\/\/strangercam.com\/meet-skip\/#primaryimage"},"image":{"@id":"https:\/\/strangercam.com\/meet-skip\/#primaryimage"},"thumbnailUrl":"https:\/\/strangercam.com\/wp-content\/uploads\/2020\/11\/stranger-cam-1.png","datePublished":"2021-06-20T12:16:55+00:00","dateModified":"2023-08-21T10:24:42+00:00","description":"Meet Skip'yi be\u011fendiniz mi? Gelin Stranger Cam'de 5.000.000'dan fazla yabanc\u0131yla \u00dccretsiz sohbet edin! Kameran\u0131z\u0131 a\u00e7\u0131n ve yeni arkada\u015flar ve belki bir e\u015fle\u015fme bulun!","breadcrumb":{"@id":"https:\/\/strangercam.com\/meet-skip\/#breadcrumb"},"inLanguage":"tr","potentialAction":[{"@type":"ReadAction","target":["https:\/\/strangercam.com\/meet-skip\/"]}]},{"@type":"ImageObject","inLanguage":"tr","@id":"https:\/\/strangercam.com\/meet-skip\/#primaryimage","url":"https:\/\/strangercam.com\/wp-content\/uploads\/2020\/11\/stranger-cam-1.png","contentUrl":"https:\/\/strangercam.com\/wp-content\/uploads\/2020\/11\/stranger-cam-1.png","width":800,"height":800,"caption":"stranger cam random video chat"},{"@type":"BreadcrumbList","@id":"https:\/\/strangercam.com\/meet-skip\/#breadcrumb","itemListElement":[{"@type":"ListItem","position":1,"name":"Home","item":"https:\/\/strangercam.com\/"},{"@type":"ListItem","position":2,"name":"Meet Skip"}]},{"@type":"WebSite","@id":"https:\/\/strangercam.com\/#website","url":"https:\/\/strangercam.com\/","name":"Strangercam","description":"Yabanc\u0131larla Rastgele G\u00f6r\u00fcnt\u00fcl\u00fc Sohbet","publisher":{"@id":"https:\/\/strangercam.com\/#organization"},"alternateName":"Strangercam.com","potentialAction":[{"@type":"SearchAction","target":{"@type":"EntryPoint","urlTemplate":"https:\/\/strangercam.com\/?s={search_term_string}"},"query-input":{"@type":"PropertyValueSpecification","valueRequired":true,"valueName":"search_term_string"}}],"inLanguage":"tr"},{"@type":"Organization","@id":"https:\/\/strangercam.com\/#organization","name":"Strangercam","alternateName":"Strangercam.com","url":"https:\/\/strangercam.com\/","logo":{"@type":"ImageObject","inLanguage":"tr","@id":"https:\/\/strangercam.com\/#\/schema\/logo\/image\/","url":"https:\/\/strangercam.com\/wp-content\/uploads\/2020\/11\/cropped-new-favicon-black.png","contentUrl":"https:\/\/strangercam.com\/wp-content\/uploads\/2020\/11\/cropped-new-favicon-black.png","width":512,"height":512,"caption":"Strangercam"},"image":{"@id":"https:\/\/strangercam.com\/#\/schema\/logo\/image\/"},"sameAs":["https:\/\/www.facebook.com\/strangercam","https:\/\/x.com\/strangercamapp"]}]}},"_links":{"self":[{"href":"https:\/\/strangercam.com\/tr\/wp-json\/wp\/v2\/pages\/5191","targetHints":{"allow":["GET"]}}],"collection":[{"href":"https:\/\/strangercam.com\/tr\/wp-json\/wp\/v2\/pages"}],"about":[{"href":"https:\/\/strangercam.com\/tr\/wp-json\/wp\/v2\/types\/page"}],"author":[{"embeddable":true,"href":"https:\/\/strangercam.com\/tr\/wp-json\/wp\/v2\/users\/6"}],"replies":[{"embeddable":true,"href":"https:\/\/strangercam.com\/tr\/wp-json\/wp\/v2\/comments?post=5191"}],"version-history":[{"count":0,"href":"https:\/\/strangercam.com\/tr\/wp-json\/wp\/v2\/pages\/5191\/revisions"}],"wp:featuredmedia":[{"embeddable":true,"href":"https:\/\/strangercam.com\/tr\/wp-json\/wp\/v2\/media\/559"}],"wp:attachment":[{"href":"https:\/\/strangercam.com\/tr\/wp-json\/wp\/v2\/media?parent=5191"}],"curies":[{"name":"wp","href":"https:\/\/api.w.org\/{rel}","templated":true}]}}