{"id":5171,"date":"2021-06-20T14:07:51","date_gmt":"2021-06-20T12:07:51","guid":{"rendered":"https:\/\/strangercam.com\/?page_id=5171"},"modified":"2023-08-21T12:24:42","modified_gmt":"2023-08-21T10:24:42","slug":"lovoo","status":"publish","type":"page","link":"https:\/\/strangercam.com\/tr\/lovoo\/","title":{"rendered":"Lovoo"},"content":{"rendered":"<p>Bu \u00e7evrimi\u00e7i arkada\u015fl\u0131k uygulamas\u0131, yaln\u0131z insanlar\u0131n <a href=\"https:\/\/strangercam.com\/tr\/chathub\/\">sohbet<\/a>, <a href=\"https:\/\/strangercam.com\/tr\/flingster\/\">fl\u00f6rt<\/a>ve yeni arkada\u015flar edinin. Her ay yap\u0131lan 4,200'den fazla e\u015fle\u015fme sundu\u011funu iddia ediyor ve bug\u00fcne kadar sosyalle\u015fmek i\u00e7in en iyi uygulamalar aras\u0131nda yer al\u0131yor. Yap\u0131mc\u0131lar, onu ilgin\u00e7 k\u0131lmak ve pazar taleplerine ve trendlerine uyum sa\u011flamak i\u00e7in s\u00fcrekli olarak yeni \u00f6zellikler sunmaya \u00e7al\u0131\u015f\u0131yorlar. Lansman\u0131ndan bu yana y\u00fcksek kullan\u0131c\u0131 etkinli\u011finin tad\u0131n\u0131 \u00e7\u0131karmakla \u00f6v\u00fcn\u00fcyor. \u015eu anda, d\u00fcnyan\u0131n her yerinden kendisine kay\u0131tl\u0131 70 milyondan fazla kullan\u0131c\u0131s\u0131 var. Mevcut kullan\u0131c\u0131lar\u0131ndan iyi bir puan al\u0131yor.<\/p>\n<h2>Lovoo'ya nas\u0131l kay\u0131t olunur?<\/h2>\n<p>Kay\u0131t olmak kolay ve s\u00fcper h\u0131zl\u0131d\u0131r, sadece 3-5 dakika s\u00fcrer. Facebook veya e-posta hesab\u0131n\u0131z\u0131 kullanarak bu siteye kolayca kaydolabilirsiniz. Profilinizi do\u011frulamak i\u00e7in SMS do\u011frulamas\u0131 gerekli olaca\u011f\u0131ndan cep telefonu numaran\u0131z\u0131 da girmeniz gerekir. Yeni \u00fcyelerin sa\u011flanan formdaki baz\u0131 temel bilgileri doldurmalar\u0131 ve ayr\u0131ca profil foto\u011fraflar\u0131n\u0131 koymalar\u0131 gerekir. Zorunlu olmas\u0131n\u0131n yan\u0131 s\u0131ra, foto\u011fraf profilinize ilgi duyacak daha fazla say\u0131da insan\u0131 \u00e7ekmeye yard\u0131mc\u0131 olur. Profilinizi tamamlamadan da sitenin farkl\u0131 \u00f6zelliklerine g\u00f6z atabilirsiniz.<\/p>\n<h3>lovoo nas\u0131l kullan\u0131l\u0131r?<\/h3>\n<p>Bu siteyi kullanmak olduk\u00e7a kolayd\u0131r. Rastgele \u00fcye arama olarak adland\u0131r\u0131labilecek bir 'Ke\u015ffet' \u00f6zelli\u011fi ile kar\u015f\u0131la\u015fabilirsiniz. Arama filtrelerini konum, ya\u015f aral\u0131\u011f\u0131 ve cinsiyete g\u00f6re ayarlaman\u0131za olanak tan\u0131r. Bir ba\u015fka ilgin\u00e7 \u00f6zellik de bir \u00e7\u00f6p\u00e7atanl\u0131k oyunu olarak kabul edilen 'Oyna'd\u0131r. Bu <a href=\"https:\/\/strangercam.com\/tr\/chatroulette\/\">rulet<\/a> tip e\u015fle\u015ftirme, \u00e7arp\u0131 (x) i\u015faretine t\u0131klayarak be\u011fenebilece\u011finiz veya ilerleyebilece\u011finiz \u00fcyeleri g\u00f6r\u00fcnt\u00fcler.<\/p>\n<h3>Lovoo'nun art\u0131lar\u0131 ve eksileri nelerdir?<\/h3>\n<p>Sald\u0131rgan kullan\u0131c\u0131lar\u0131 kolayca engelleyebilir ve site y\u00f6neticisine hemen bildirebilirsiniz. Do\u011frulanm\u0131\u015f bir rozet mevcuttur. <a href=\"https:\/\/strangercam.com\/tr\/chat4free\/\">\u00dccretsiz<\/a> profillerini ba\u015far\u0131yla tamamlayan \u00fcyeler di\u011fer \u00fcyelerin profillerini, foto\u011fraf galerilerini g\u00f6r\u00fcnt\u00fcleyebilir. Bu siteye diz\u00fcst\u00fc bilgisayar\u0131n\u0131zdan veya hatta cep telefonunuzdan eri\u015febilirsiniz. Uygulama olduk\u00e7a etkile\u015fimlidir ve kolay ve h\u0131zl\u0131 gezinme olanaklar\u0131 sunar. Hem Android hem de iOS cihazlara indirmek \u00fccretsizdir. Uygulama ayr\u0131ca iki ek \u00f6zellik sa\u011flar, yani <b>lovoo<\/b> <a href=\"https:\/\/strangercam.com\/tr\/mili\/\">Canl\u0131<\/a> ve Radar. Uygulaman\u0131n son derece etkile\u015fimli olmas\u0131na yard\u0131mc\u0131 olurlar. Ayr\u0131ca g\u00fczel bir tasar\u0131mla geliyor. Ancak, olumsuz taraf\u0131 profillerin \u00e7ok az ayr\u0131nt\u0131l\u0131 olmas\u0131d\u0131r. Herhangi bir \u00fcye profili hakk\u0131nda sadece ya\u015f, konum, isim ve \u00fcyenin \u015fu anda \u00e7evrimi\u00e7i olup olmad\u0131\u011f\u0131 ile s\u0131n\u0131rl\u0131 bilgi al\u0131rs\u0131n\u0131z.<\/p>","protected":false},"excerpt":{"rendered":"<p>This online dating app has been created exclusively to allow lonely people to chat, flirt, and make new friends. It claims to offer 4,200+ matches being made every month and is among the best apps to date and socialize. The makers have been trying to introduce new features continuously to make it interesting and adapt [&hellip;]<\/p>\n","protected":false},"author":6,"featured_media":559,"parent":0,"menu_order":0,"comment_status":"closed","ping_status":"closed","template":"","meta":{"footnotes":""},"class_list":["post-5171","page","type-page","status-publish","has-post-thumbnail","hentry"],"yoast_head":"<!-- This site is optimized with the Yoast SEO plugin v26.9 - https:\/\/yoast.com\/product\/yoast-seo-wordpress\/ -->\n<title>Lovoo - App for Flirting and Dating - Cam on StrangerCam.com<\/title>\n<meta name=\"description\" content=\"Like Lovoo? Come chat with more than 5.000.000 strangers on Stranger Cam for Free! Turn on your cam and find new friends &amp; maby a match!\" \/>\n<meta name=\"robots\" content=\"index, follow, max-snippet:-1, max-image-preview:large, max-video-preview:-1\" \/>\n<link rel=\"canonical\" href=\"https:\/\/strangercam.com\/tr\/lovoo\/\" \/>\n<meta property=\"og:locale\" content=\"tr_TR\" \/>\n<meta property=\"og:type\" content=\"article\" \/>\n<meta property=\"og:title\" content=\"Lovoo - App for Flirting and Dating - Cam on StrangerCam.com\" \/>\n<meta property=\"og:description\" content=\"Like Lovoo? Come chat with more than 5.000.000 strangers on Stranger Cam for Free! Turn on your cam and find new friends &amp; maby a match!\" \/>\n<meta property=\"og:url\" content=\"https:\/\/strangercam.com\/tr\/lovoo\/\" \/>\n<meta property=\"og:site_name\" content=\"Strangercam\" \/>\n<meta property=\"article:publisher\" content=\"https:\/\/www.facebook.com\/strangercam\" \/>\n<meta property=\"article:modified_time\" content=\"2023-08-21T10:24:42+00:00\" \/>\n<meta property=\"og:image\" content=\"https:\/\/strangercam.com\/wp-content\/uploads\/2020\/11\/stranger-cam-1.png\" \/>\n\t<meta property=\"og:image:width\" content=\"800\" \/>\n\t<meta property=\"og:image:height\" content=\"800\" \/>\n\t<meta property=\"og:image:type\" content=\"image\/png\" \/>\n<meta name=\"twitter:card\" content=\"summary_large_image\" \/>\n<meta name=\"twitter:site\" content=\"@strangercamapp\" \/>\n<meta name=\"twitter:label1\" content=\"Tahmini okuma s\u00fcresi\" \/>\n\t<meta name=\"twitter:data1\" content=\"2 dakika\" \/>\n<script type=\"application\/ld+json\" class=\"yoast-schema-graph\">{\"@context\":\"https:\/\/schema.org\",\"@graph\":[{\"@type\":\"WebPage\",\"@id\":\"https:\/\/strangercam.com\/lovoo\/\",\"url\":\"https:\/\/strangercam.com\/lovoo\/\",\"name\":\"Lovoo - App for Flirting and Dating - Cam on StrangerCam.com\",\"isPartOf\":{\"@id\":\"https:\/\/strangercam.com\/#website\"},\"primaryImageOfPage\":{\"@id\":\"https:\/\/strangercam.com\/lovoo\/#primaryimage\"},\"image\":{\"@id\":\"https:\/\/strangercam.com\/lovoo\/#primaryimage\"},\"thumbnailUrl\":\"https:\/\/strangercam.com\/wp-content\/uploads\/2020\/11\/stranger-cam-1.png\",\"datePublished\":\"2021-06-20T12:07:51+00:00\",\"dateModified\":\"2023-08-21T10:24:42+00:00\",\"description\":\"Like Lovoo? Come chat with more than 5.000.000 strangers on Stranger Cam for Free! Turn on your cam and find new friends & maby a match!\",\"breadcrumb\":{\"@id\":\"https:\/\/strangercam.com\/lovoo\/#breadcrumb\"},\"inLanguage\":\"tr\",\"potentialAction\":[{\"@type\":\"ReadAction\",\"target\":[\"https:\/\/strangercam.com\/lovoo\/\"]}]},{\"@type\":\"ImageObject\",\"inLanguage\":\"tr\",\"@id\":\"https:\/\/strangercam.com\/lovoo\/#primaryimage\",\"url\":\"https:\/\/strangercam.com\/wp-content\/uploads\/2020\/11\/stranger-cam-1.png\",\"contentUrl\":\"https:\/\/strangercam.com\/wp-content\/uploads\/2020\/11\/stranger-cam-1.png\",\"width\":800,\"height\":800,\"caption\":\"stranger cam random video chat\"},{\"@type\":\"BreadcrumbList\",\"@id\":\"https:\/\/strangercam.com\/lovoo\/#breadcrumb\",\"itemListElement\":[{\"@type\":\"ListItem\",\"position\":1,\"name\":\"Home\",\"item\":\"https:\/\/strangercam.com\/\"},{\"@type\":\"ListItem\",\"position\":2,\"name\":\"Lovoo\"}]},{\"@type\":\"WebSite\",\"@id\":\"https:\/\/strangercam.com\/#website\",\"url\":\"https:\/\/strangercam.com\/\",\"name\":\"Strangercam\",\"description\":\"Random Video Chat with Strangers\",\"publisher\":{\"@id\":\"https:\/\/strangercam.com\/#organization\"},\"alternateName\":\"Strangercam.com\",\"potentialAction\":[{\"@type\":\"SearchAction\",\"target\":{\"@type\":\"EntryPoint\",\"urlTemplate\":\"https:\/\/strangercam.com\/?s={search_term_string}\"},\"query-input\":{\"@type\":\"PropertyValueSpecification\",\"valueRequired\":true,\"valueName\":\"search_term_string\"}}],\"inLanguage\":\"tr\"},{\"@type\":\"Organization\",\"@id\":\"https:\/\/strangercam.com\/#organization\",\"name\":\"Strangercam\",\"alternateName\":\"Strangercam.com\",\"url\":\"https:\/\/strangercam.com\/\",\"logo\":{\"@type\":\"ImageObject\",\"inLanguage\":\"tr\",\"@id\":\"https:\/\/strangercam.com\/#\/schema\/logo\/image\/\",\"url\":\"https:\/\/strangercam.com\/wp-content\/uploads\/2020\/11\/cropped-new-favicon-black.png\",\"contentUrl\":\"https:\/\/strangercam.com\/wp-content\/uploads\/2020\/11\/cropped-new-favicon-black.png\",\"width\":512,\"height\":512,\"caption\":\"Strangercam\"},\"image\":{\"@id\":\"https:\/\/strangercam.com\/#\/schema\/logo\/image\/\"},\"sameAs\":[\"https:\/\/www.facebook.com\/strangercam\",\"https:\/\/x.com\/strangercamapp\"]}]}<\/script>\n<!-- \/ Yoast SEO plugin. -->","yoast_head_json":{"title":"Lovoo - Fl\u00f6rt ve Tan\u0131\u015fma Uygulamas\u0131 - StrangerCam.com'da Kamera","description":"Lovoo'yi be\u011fendiniz mi? Gelin Stranger Cam'de 5.000.000'dan fazla yabanc\u0131yla \u00dccretsiz sohbet edin! Kameran\u0131z\u0131 a\u00e7\u0131n ve yeni arkada\u015flar ve belki bir e\u015fle\u015fme bulun!","robots":{"index":"index","follow":"follow","max-snippet":"max-snippet:-1","max-image-preview":"max-image-preview:large","max-video-preview":"max-video-preview:-1"},"canonical":"https:\/\/strangercam.com\/tr\/lovoo\/","og_locale":"tr_TR","og_type":"article","og_title":"Lovoo - App for Flirting and Dating - Cam on StrangerCam.com","og_description":"Like Lovoo? Come chat with more than 5.000.000 strangers on Stranger Cam for Free! Turn on your cam and find new friends & maby a match!","og_url":"https:\/\/strangercam.com\/tr\/lovoo\/","og_site_name":"Strangercam","article_publisher":"https:\/\/www.facebook.com\/strangercam","article_modified_time":"2023-08-21T10:24:42+00:00","og_image":[{"width":800,"height":800,"url":"https:\/\/strangercam.com\/wp-content\/uploads\/2020\/11\/stranger-cam-1.png","type":"image\/png"}],"twitter_card":"summary_large_image","twitter_site":"@strangercamapp","twitter_misc":{"Tahmini okuma s\u00fcresi":"2 dakika"},"schema":{"@context":"https:\/\/schema.org","@graph":[{"@type":"WebPage","@id":"https:\/\/strangercam.com\/lovoo\/","url":"https:\/\/strangercam.com\/lovoo\/","name":"Lovoo - Fl\u00f6rt ve Tan\u0131\u015fma Uygulamas\u0131 - StrangerCam.com'da Kamera","isPartOf":{"@id":"https:\/\/strangercam.com\/#website"},"primaryImageOfPage":{"@id":"https:\/\/strangercam.com\/lovoo\/#primaryimage"},"image":{"@id":"https:\/\/strangercam.com\/lovoo\/#primaryimage"},"thumbnailUrl":"https:\/\/strangercam.com\/wp-content\/uploads\/2020\/11\/stranger-cam-1.png","datePublished":"2021-06-20T12:07:51+00:00","dateModified":"2023-08-21T10:24:42+00:00","description":"Lovoo'yi be\u011fendiniz mi? Gelin Stranger Cam'de 5.000.000'dan fazla yabanc\u0131yla \u00dccretsiz sohbet edin! Kameran\u0131z\u0131 a\u00e7\u0131n ve yeni arkada\u015flar ve belki bir e\u015fle\u015fme bulun!","breadcrumb":{"@id":"https:\/\/strangercam.com\/lovoo\/#breadcrumb"},"inLanguage":"tr","potentialAction":[{"@type":"ReadAction","target":["https:\/\/strangercam.com\/lovoo\/"]}]},{"@type":"ImageObject","inLanguage":"tr","@id":"https:\/\/strangercam.com\/lovoo\/#primaryimage","url":"https:\/\/strangercam.com\/wp-content\/uploads\/2020\/11\/stranger-cam-1.png","contentUrl":"https:\/\/strangercam.com\/wp-content\/uploads\/2020\/11\/stranger-cam-1.png","width":800,"height":800,"caption":"stranger cam random video chat"},{"@type":"BreadcrumbList","@id":"https:\/\/strangercam.com\/lovoo\/#breadcrumb","itemListElement":[{"@type":"ListItem","position":1,"name":"Home","item":"https:\/\/strangercam.com\/"},{"@type":"ListItem","position":2,"name":"Lovoo"}]},{"@type":"WebSite","@id":"https:\/\/strangercam.com\/#website","url":"https:\/\/strangercam.com\/","name":"Strangercam","description":"Yabanc\u0131larla Rastgele G\u00f6r\u00fcnt\u00fcl\u00fc Sohbet","publisher":{"@id":"https:\/\/strangercam.com\/#organization"},"alternateName":"Strangercam.com","potentialAction":[{"@type":"SearchAction","target":{"@type":"EntryPoint","urlTemplate":"https:\/\/strangercam.com\/?s={search_term_string}"},"query-input":{"@type":"PropertyValueSpecification","valueRequired":true,"valueName":"search_term_string"}}],"inLanguage":"tr"},{"@type":"Organization","@id":"https:\/\/strangercam.com\/#organization","name":"Strangercam","alternateName":"Strangercam.com","url":"https:\/\/strangercam.com\/","logo":{"@type":"ImageObject","inLanguage":"tr","@id":"https:\/\/strangercam.com\/#\/schema\/logo\/image\/","url":"https:\/\/strangercam.com\/wp-content\/uploads\/2020\/11\/cropped-new-favicon-black.png","contentUrl":"https:\/\/strangercam.com\/wp-content\/uploads\/2020\/11\/cropped-new-favicon-black.png","width":512,"height":512,"caption":"Strangercam"},"image":{"@id":"https:\/\/strangercam.com\/#\/schema\/logo\/image\/"},"sameAs":["https:\/\/www.facebook.com\/strangercam","https:\/\/x.com\/strangercamapp"]}]}},"_links":{"self":[{"href":"https:\/\/strangercam.com\/tr\/wp-json\/wp\/v2\/pages\/5171","targetHints":{"allow":["GET"]}}],"collection":[{"href":"https:\/\/strangercam.com\/tr\/wp-json\/wp\/v2\/pages"}],"about":[{"href":"https:\/\/strangercam.com\/tr\/wp-json\/wp\/v2\/types\/page"}],"author":[{"embeddable":true,"href":"https:\/\/strangercam.com\/tr\/wp-json\/wp\/v2\/users\/6"}],"replies":[{"embeddable":true,"href":"https:\/\/strangercam.com\/tr\/wp-json\/wp\/v2\/comments?post=5171"}],"version-history":[{"count":0,"href":"https:\/\/strangercam.com\/tr\/wp-json\/wp\/v2\/pages\/5171\/revisions"}],"wp:featuredmedia":[{"embeddable":true,"href":"https:\/\/strangercam.com\/tr\/wp-json\/wp\/v2\/media\/559"}],"wp:attachment":[{"href":"https:\/\/strangercam.com\/tr\/wp-json\/wp\/v2\/media?parent=5171"}],"curies":[{"name":"wp","href":"https:\/\/api.w.org\/{rel}","templated":true}]}}