{"id":5153,"date":"2021-06-19T21:32:14","date_gmt":"2021-06-19T19:32:14","guid":{"rendered":"https:\/\/strangercam.com\/?page_id=5153"},"modified":"2023-08-21T12:24:41","modified_gmt":"2023-08-21T10:24:41","slug":"flirtymania","status":"publish","type":"page","link":"https:\/\/strangercam.com\/tr\/flirtymania\/","title":{"rendered":"Flirtymania"},"content":{"rendered":"<p><b>Flirtymania<\/b> h\u0131zla pop\u00fcler bir web kameras\u0131 haline geliyor <a href=\"https:\/\/strangercam.com\/tr\/chatroulette\/\">sohbet<\/a> ve her ge\u00e7en g\u00fcn binlerce yeni kayd\u0131n tad\u0131n\u0131 \u00e7\u0131kar\u0131yor. Bu site bir tarih bulman\u0131z\u0131 sa\u011flar, <a href=\"https:\/\/strangercam.com\/tr\/coomeet\/\">tan\u0131\u015fmak<\/a> yeni arkada\u015flar edinin, benzer d\u00fc\u015f\u00fcnen yabanc\u0131larla konu\u015fun veya sevdiklerinizle tan\u0131\u015f\u0131n. Pek \u00e7ok ilgin\u00e7 \u00f6zelli\u011fe sahip olan bu site, romantik bir hayat\u0131n tad\u0131n\u0131 \u00e7\u0131karman\u0131za ve ya\u015faman\u0131za izin verir. Canl\u0131 web kameralar\u0131na kolayca eri\u015febilir ve <a href=\"https:\/\/strangercam.com\/tr\/rabbit-video-chat\/\">g\u00f6r\u00fcnt\u00fcl\u00fc sohbet<\/a> \u00fccretsiz odalar. Rastgele g\u00f6r\u00fcnt\u00fcl\u00fc aramalar yap\u0131n ve ba\u015fkalar\u0131yla uzun sohbet oturumlar\u0131 yapmak i\u00e7in grup sohbet odalar\u0131na girin.<\/p>\n<h2>Flirtymania'ya nas\u0131l kay\u0131t olunur?<\/h2>\n<p>Farkl\u0131 sohbet s\u00fcr\u00fcmlerine eri\u015fmek i\u00e7in bu siteye kaydolman\u0131z \u00f6nemlidir. Bunun i\u00e7in, kullan\u0131c\u0131 kimli\u011finiz ve \u015fifreniz dahil olmak \u00fczere kay\u0131t formunda ki\u015fisel bilgilerinizi do\u011fru bir \u015fekilde vermeniz gerekir. Olu\u015fturulduktan sonra, burada sa\u011flanan farkl\u0131 sohbet pencerelerine eri\u015fmeye haz\u0131rs\u0131n\u0131z. Ayr\u0131ca sohbet etmek istedi\u011finiz ki\u015fiyi g\u00f6r\u00fcrs\u00fcn\u00fcz ve sohbet oturumunuzu ba\u015flatmak i\u00e7in o pencereye t\u0131klaman\u0131z yeterlidir. Bu siteye kay\u0131t olduk\u00e7a basit, kolay ve h\u0131zl\u0131d\u0131r. Se\u00e7iminize ba\u011fl\u0131 olarak hem \u00fccretli hem de g\u00f6r\u00fcnt\u00fcl\u00fc sohbet s\u00fcr\u00fcmleriniz var.<\/p>\n<h3>Flirtymania nas\u0131l kullan\u0131l\u0131r?<\/h3>\n<p>Bu site kullan\u0131c\u0131lara bir\u00e7ok se\u00e7enek sunar ve kullan\u0131m\u0131 olduk\u00e7a kolayd\u0131r. \u00d6ncelikle istedi\u011finiz herhangi bir pencereyi ziyaret ederek kendinizi kaydetmeniz ve kullan\u0131c\u0131 kimli\u011finizi ve \u015fifrenizi olu\u015fturman\u0131z gerekir. Tamamland\u0131\u011f\u0131nda, \u00fccretsiz web kameras\u0131 sohbetine eri\u015febilirsiniz, \u00fccretsiz <a href=\"https:\/\/strangercam.com\/tr\/bazoocam\/\">cam<\/a> sohbet, web kameras\u0131 sohbet odas\u0131 vb. \u0130lgin\u00e7 ve e\u011flence dolu bir oturum i\u00e7in girmeyi se\u00e7ebilece\u011finiz binlerce genel ve \u00f6zel sohbet odas\u0131 vard\u0131r. Tamamen g\u00fcvenli ve \u00f6dedi\u011finizin kar\u015f\u0131l\u0131\u011f\u0131n\u0131 alman\u0131z\u0131 sa\u011flayan \u00e7ok daha ilgin\u00e7.<\/p>\n<h3>Flirtymania'n\u0131n art\u0131lar\u0131 ve eksileri nelerdir?<\/h3>\n<p>Bu sitedeki web kameras\u0131 sohbet odas\u0131, \u00fccretsiz canl\u0131 <a href=\"https:\/\/strangercam.com\/tr\/kizlarla-goruntulu-sohbet\/\">K\u0131zlar<\/a> tam anonimlik ile. \u0130zniniz olmadan tam eri\u015fimin keyfini \u00e7\u0131kar\u0131rken ki\u015fisel bilgilerin g\u00f6r\u00fcnt\u00fclenmesi gerekmeyecektir. D\u00fcnyan\u0131n d\u00f6rt bir yan\u0131ndaki yabanc\u0131larla dolu binlerce genel ve \u00f6zel sohbet odas\u0131ndan herhangi birine kat\u0131labilirsiniz. Ruh halinize ba\u011fl\u0131 olarak kiminle sohbet edece\u011finiz konusunda tam kontrol sizde. Bu \u00fccretsiz web kameras\u0131 sohbetinde sunulan \u00e7ok say\u0131da harika \u00e7\u0131kartma var. Tek dezavantaj\u0131, bir arkada\u015f\u0131n\u0131z\u0131 ne\u015felendirmek veya birinin kalbini kazanmak i\u00e7in paray\u0131 rafa kald\u0131rman\u0131z gerekti\u011fidir. Ancak bu siteden maksimum e\u011flenceyi elde edebilece\u011finiz ve daha fazlas\u0131 i\u00e7in tekrar gelmek isteyece\u011finiz i\u00e7in denemeye de\u011fer.<\/p>","protected":false},"excerpt":{"rendered":"<p>Flirtymania is fast becoming a popular webcam chat and enjoying new registrations in thousands with each passing day. This site allows you to find a date, meet new friends, talk to likeminded strangers or meet your beloved one. With so many interesting features, this site allows you to permits you to enjoy and have a [&hellip;]<\/p>\n","protected":false},"author":6,"featured_media":559,"parent":0,"menu_order":0,"comment_status":"closed","ping_status":"closed","template":"","meta":{"footnotes":""},"class_list":["post-5153","page","type-page","status-publish","has-post-thumbnail","hentry"],"yoast_head":"<!-- This site is optimized with the Yoast SEO plugin v26.9 - https:\/\/yoast.com\/product\/yoast-seo-wordpress\/ -->\n<title>Flirtymania - Video Chat With Girls - Cam on StrangerCam.com<\/title>\n<meta name=\"description\" content=\"Like Flirtymania? Come chat with more than 5.000.000 strangers on Stranger Cam for Free! Turn on your cam and find new friends &amp; maby a match!\" \/>\n<meta name=\"robots\" content=\"index, follow, max-snippet:-1, max-image-preview:large, max-video-preview:-1\" \/>\n<link rel=\"canonical\" href=\"https:\/\/strangercam.com\/tr\/flirtymania\/\" \/>\n<meta property=\"og:locale\" content=\"tr_TR\" \/>\n<meta property=\"og:type\" content=\"article\" \/>\n<meta property=\"og:title\" content=\"Flirtymania - Video Chat With Girls - Cam on StrangerCam.com\" \/>\n<meta property=\"og:description\" content=\"Like Flirtymania? Come chat with more than 5.000.000 strangers on Stranger Cam for Free! Turn on your cam and find new friends &amp; maby a match!\" \/>\n<meta property=\"og:url\" content=\"https:\/\/strangercam.com\/tr\/flirtymania\/\" \/>\n<meta property=\"og:site_name\" content=\"Strangercam\" \/>\n<meta property=\"article:publisher\" content=\"https:\/\/www.facebook.com\/strangercam\" \/>\n<meta property=\"article:modified_time\" content=\"2023-08-21T10:24:41+00:00\" \/>\n<meta property=\"og:image\" content=\"https:\/\/strangercam.com\/wp-content\/uploads\/2020\/11\/stranger-cam-1.png\" \/>\n\t<meta property=\"og:image:width\" content=\"800\" \/>\n\t<meta property=\"og:image:height\" content=\"800\" \/>\n\t<meta property=\"og:image:type\" content=\"image\/png\" \/>\n<meta name=\"twitter:card\" content=\"summary_large_image\" \/>\n<meta name=\"twitter:site\" content=\"@strangercamapp\" \/>\n<meta name=\"twitter:label1\" content=\"Tahmini okuma s\u00fcresi\" \/>\n\t<meta name=\"twitter:data1\" content=\"2 dakika\" \/>\n<script type=\"application\/ld+json\" class=\"yoast-schema-graph\">{\"@context\":\"https:\/\/schema.org\",\"@graph\":[{\"@type\":\"WebPage\",\"@id\":\"https:\/\/strangercam.com\/flirtymania\/\",\"url\":\"https:\/\/strangercam.com\/flirtymania\/\",\"name\":\"Flirtymania - Video Chat With Girls - Cam on StrangerCam.com\",\"isPartOf\":{\"@id\":\"https:\/\/strangercam.com\/#website\"},\"primaryImageOfPage\":{\"@id\":\"https:\/\/strangercam.com\/flirtymania\/#primaryimage\"},\"image\":{\"@id\":\"https:\/\/strangercam.com\/flirtymania\/#primaryimage\"},\"thumbnailUrl\":\"https:\/\/strangercam.com\/wp-content\/uploads\/2020\/11\/stranger-cam-1.png\",\"datePublished\":\"2021-06-19T19:32:14+00:00\",\"dateModified\":\"2023-08-21T10:24:41+00:00\",\"description\":\"Like Flirtymania? Come chat with more than 5.000.000 strangers on Stranger Cam for Free! Turn on your cam and find new friends & maby a match!\",\"breadcrumb\":{\"@id\":\"https:\/\/strangercam.com\/flirtymania\/#breadcrumb\"},\"inLanguage\":\"tr\",\"potentialAction\":[{\"@type\":\"ReadAction\",\"target\":[\"https:\/\/strangercam.com\/flirtymania\/\"]}]},{\"@type\":\"ImageObject\",\"inLanguage\":\"tr\",\"@id\":\"https:\/\/strangercam.com\/flirtymania\/#primaryimage\",\"url\":\"https:\/\/strangercam.com\/wp-content\/uploads\/2020\/11\/stranger-cam-1.png\",\"contentUrl\":\"https:\/\/strangercam.com\/wp-content\/uploads\/2020\/11\/stranger-cam-1.png\",\"width\":800,\"height\":800,\"caption\":\"stranger cam random video chat\"},{\"@type\":\"BreadcrumbList\",\"@id\":\"https:\/\/strangercam.com\/flirtymania\/#breadcrumb\",\"itemListElement\":[{\"@type\":\"ListItem\",\"position\":1,\"name\":\"Home\",\"item\":\"https:\/\/strangercam.com\/\"},{\"@type\":\"ListItem\",\"position\":2,\"name\":\"Flirtymania\"}]},{\"@type\":\"WebSite\",\"@id\":\"https:\/\/strangercam.com\/#website\",\"url\":\"https:\/\/strangercam.com\/\",\"name\":\"Strangercam\",\"description\":\"Random Video Chat with Strangers\",\"publisher\":{\"@id\":\"https:\/\/strangercam.com\/#organization\"},\"alternateName\":\"Strangercam.com\",\"potentialAction\":[{\"@type\":\"SearchAction\",\"target\":{\"@type\":\"EntryPoint\",\"urlTemplate\":\"https:\/\/strangercam.com\/?s={search_term_string}\"},\"query-input\":{\"@type\":\"PropertyValueSpecification\",\"valueRequired\":true,\"valueName\":\"search_term_string\"}}],\"inLanguage\":\"tr\"},{\"@type\":\"Organization\",\"@id\":\"https:\/\/strangercam.com\/#organization\",\"name\":\"Strangercam\",\"alternateName\":\"Strangercam.com\",\"url\":\"https:\/\/strangercam.com\/\",\"logo\":{\"@type\":\"ImageObject\",\"inLanguage\":\"tr\",\"@id\":\"https:\/\/strangercam.com\/#\/schema\/logo\/image\/\",\"url\":\"https:\/\/strangercam.com\/wp-content\/uploads\/2020\/11\/cropped-new-favicon-black.png\",\"contentUrl\":\"https:\/\/strangercam.com\/wp-content\/uploads\/2020\/11\/cropped-new-favicon-black.png\",\"width\":512,\"height\":512,\"caption\":\"Strangercam\"},\"image\":{\"@id\":\"https:\/\/strangercam.com\/#\/schema\/logo\/image\/\"},\"sameAs\":[\"https:\/\/www.facebook.com\/strangercam\",\"https:\/\/x.com\/strangercamapp\"]}]}<\/script>\n<!-- \/ Yoast SEO plugin. -->","yoast_head_json":{"title":"Flirtymania - K\u0131zlarla G\u00f6r\u00fcnt\u00fcl\u00fc Sohbet - StrangerCam.com'da Kamera","description":"Flirtymania'yi be\u011fendiniz mi? Gelin Stranger Cam'de 5.000.000'dan fazla yabanc\u0131yla \u00dccretsiz sohbet edin! Kameran\u0131z\u0131 a\u00e7\u0131n ve yeni arkada\u015flar ve belki bir e\u015fle\u015fme bulun!","robots":{"index":"index","follow":"follow","max-snippet":"max-snippet:-1","max-image-preview":"max-image-preview:large","max-video-preview":"max-video-preview:-1"},"canonical":"https:\/\/strangercam.com\/tr\/flirtymania\/","og_locale":"tr_TR","og_type":"article","og_title":"Flirtymania - Video Chat With Girls - Cam on StrangerCam.com","og_description":"Like Flirtymania? Come chat with more than 5.000.000 strangers on Stranger Cam for Free! Turn on your cam and find new friends & maby a match!","og_url":"https:\/\/strangercam.com\/tr\/flirtymania\/","og_site_name":"Strangercam","article_publisher":"https:\/\/www.facebook.com\/strangercam","article_modified_time":"2023-08-21T10:24:41+00:00","og_image":[{"width":800,"height":800,"url":"https:\/\/strangercam.com\/wp-content\/uploads\/2020\/11\/stranger-cam-1.png","type":"image\/png"}],"twitter_card":"summary_large_image","twitter_site":"@strangercamapp","twitter_misc":{"Tahmini okuma s\u00fcresi":"2 dakika"},"schema":{"@context":"https:\/\/schema.org","@graph":[{"@type":"WebPage","@id":"https:\/\/strangercam.com\/flirtymania\/","url":"https:\/\/strangercam.com\/flirtymania\/","name":"Flirtymania - K\u0131zlarla G\u00f6r\u00fcnt\u00fcl\u00fc Sohbet - StrangerCam.com'da Kamera","isPartOf":{"@id":"https:\/\/strangercam.com\/#website"},"primaryImageOfPage":{"@id":"https:\/\/strangercam.com\/flirtymania\/#primaryimage"},"image":{"@id":"https:\/\/strangercam.com\/flirtymania\/#primaryimage"},"thumbnailUrl":"https:\/\/strangercam.com\/wp-content\/uploads\/2020\/11\/stranger-cam-1.png","datePublished":"2021-06-19T19:32:14+00:00","dateModified":"2023-08-21T10:24:41+00:00","description":"Flirtymania'yi be\u011fendiniz mi? Gelin Stranger Cam'de 5.000.000'dan fazla yabanc\u0131yla \u00dccretsiz sohbet edin! Kameran\u0131z\u0131 a\u00e7\u0131n ve yeni arkada\u015flar ve belki bir e\u015fle\u015fme bulun!","breadcrumb":{"@id":"https:\/\/strangercam.com\/flirtymania\/#breadcrumb"},"inLanguage":"tr","potentialAction":[{"@type":"ReadAction","target":["https:\/\/strangercam.com\/flirtymania\/"]}]},{"@type":"ImageObject","inLanguage":"tr","@id":"https:\/\/strangercam.com\/flirtymania\/#primaryimage","url":"https:\/\/strangercam.com\/wp-content\/uploads\/2020\/11\/stranger-cam-1.png","contentUrl":"https:\/\/strangercam.com\/wp-content\/uploads\/2020\/11\/stranger-cam-1.png","width":800,"height":800,"caption":"stranger cam random video chat"},{"@type":"BreadcrumbList","@id":"https:\/\/strangercam.com\/flirtymania\/#breadcrumb","itemListElement":[{"@type":"ListItem","position":1,"name":"Home","item":"https:\/\/strangercam.com\/"},{"@type":"ListItem","position":2,"name":"Flirtymania"}]},{"@type":"WebSite","@id":"https:\/\/strangercam.com\/#website","url":"https:\/\/strangercam.com\/","name":"Strangercam","description":"Yabanc\u0131larla Rastgele G\u00f6r\u00fcnt\u00fcl\u00fc Sohbet","publisher":{"@id":"https:\/\/strangercam.com\/#organization"},"alternateName":"Strangercam.com","potentialAction":[{"@type":"SearchAction","target":{"@type":"EntryPoint","urlTemplate":"https:\/\/strangercam.com\/?s={search_term_string}"},"query-input":{"@type":"PropertyValueSpecification","valueRequired":true,"valueName":"search_term_string"}}],"inLanguage":"tr"},{"@type":"Organization","@id":"https:\/\/strangercam.com\/#organization","name":"Strangercam","alternateName":"Strangercam.com","url":"https:\/\/strangercam.com\/","logo":{"@type":"ImageObject","inLanguage":"tr","@id":"https:\/\/strangercam.com\/#\/schema\/logo\/image\/","url":"https:\/\/strangercam.com\/wp-content\/uploads\/2020\/11\/cropped-new-favicon-black.png","contentUrl":"https:\/\/strangercam.com\/wp-content\/uploads\/2020\/11\/cropped-new-favicon-black.png","width":512,"height":512,"caption":"Strangercam"},"image":{"@id":"https:\/\/strangercam.com\/#\/schema\/logo\/image\/"},"sameAs":["https:\/\/www.facebook.com\/strangercam","https:\/\/x.com\/strangercamapp"]}]}},"_links":{"self":[{"href":"https:\/\/strangercam.com\/tr\/wp-json\/wp\/v2\/pages\/5153","targetHints":{"allow":["GET"]}}],"collection":[{"href":"https:\/\/strangercam.com\/tr\/wp-json\/wp\/v2\/pages"}],"about":[{"href":"https:\/\/strangercam.com\/tr\/wp-json\/wp\/v2\/types\/page"}],"author":[{"embeddable":true,"href":"https:\/\/strangercam.com\/tr\/wp-json\/wp\/v2\/users\/6"}],"replies":[{"embeddable":true,"href":"https:\/\/strangercam.com\/tr\/wp-json\/wp\/v2\/comments?post=5153"}],"version-history":[{"count":0,"href":"https:\/\/strangercam.com\/tr\/wp-json\/wp\/v2\/pages\/5153\/revisions"}],"wp:featuredmedia":[{"embeddable":true,"href":"https:\/\/strangercam.com\/tr\/wp-json\/wp\/v2\/media\/559"}],"wp:attachment":[{"href":"https:\/\/strangercam.com\/tr\/wp-json\/wp\/v2\/media?parent=5153"}],"curies":[{"name":"wp","href":"https:\/\/api.w.org\/{rel}","templated":true}]}}