{"id":5113,"date":"2021-06-19T21:05:49","date_gmt":"2021-06-19T19:05:49","guid":{"rendered":"https:\/\/strangercam.com\/?page_id=5113"},"modified":"2023-08-21T11:40:39","modified_gmt":"2023-08-21T09:40:39","slug":"chatiw","status":"publish","type":"page","link":"https:\/\/strangercam.com\/tr\/chatiw\/","title":{"rendered":"Chatiw"},"content":{"rendered":"<p>\u00c7evrimi\u00e7i olarak uygun bir ki\u015fi bulmaya \u00e7al\u0131\u015f\u0131yor ve bu nedenle a\u015fa\u011f\u0131dakilerle ilgileniyor olabilirsiniz <a href=\"https:\/\/strangercam.com\/tr\/chatingly\/\">sohbet<\/a> rastgele yabanc\u0131larla \u00e7evrimi\u00e7i.<\/p>\n<p>E\u011fer durum buysa, do\u011fru yerdesiniz!<\/p>\n<p>\u0130\u015fte bir g\u00fcnde d\u00fczinelerce yabanc\u0131yla konu\u015fabilece\u011finiz harika bir \u00e7evrimi\u00e7i platform i\u00e7in eksiksiz bir rehber.<\/p>\n<p>Kula\u011fa etkileyici geliyor, de\u011fil mi?<\/p>\n<p>\u00c7ok say\u0131da \u00e7evrimi\u00e7i tan\u0131\u015fma sitesi ve uygulamas\u0131 mevcut olsa da,\u00a0<b>chatiw<\/b> farkl\u0131 bir \u015feydir. Bu sohbet tabanl\u0131 platform kullan\u0131c\u0131lar\u0131na \u015funlar\u0131 sunar <a href=\"https:\/\/strangercam.com\/tr\/chat4free\/\">\u00fccretsiz<\/a> Farkl\u0131 \u00fclkelerden binlerce yabanc\u0131yla \u00fccretsiz olarak ba\u011flant\u0131 kurman\u0131z\u0131 sa\u011flayan ileti\u015fim.<\/p>\n<p>Konum se\u00e7imi de dahil olmak \u00fczere kiminle ve nas\u0131l ileti\u015fim kurulaca\u011f\u0131 konusunda herhangi bir k\u0131s\u0131tlama yoktur. Yapabilirsin <a href=\"https:\/\/strangercam.com\/tr\/chatroulette\/\">sohbet<\/a> Daha az ciddi bir \u015fey veya iyi bir arkada\u015f ar\u0131yorsan\u0131z geli\u015fig\u00fczel. Ayr\u0131ca bir ruh e\u015fi veya bir partner arama f\u0131rsat\u0131ndan da yararlanabilirsiniz. B\u00f6ylece, bu site size tamamen ruh halinize ba\u011fl\u0131 olarak muazzam bir \u00f6zg\u00fcrl\u00fck sunuyor.<\/p>\n<h2>Chatiw ile nas\u0131l kay\u0131t olunur?<\/h2>\n<p>Kay\u0131t \u00f6zelli\u011fi benzersizdir. Ba\u015fka hi\u00e7bir yerde Chatiw gibi bir kay\u0131t i\u015flemi bulamazs\u0131n\u0131z.<\/p>\n<p>\u00dccretsiz kullan\u0131c\u0131lar\u0131n yabanc\u0131larla ba\u011flant\u0131 kurmak i\u00e7in bu siteden yararlanmak i\u00e7in kay\u0131t olmalar\u0131 gerekmez. Sitenin ana sayfas\u0131nda do\u011fru ve yeterli \u015fekilde doldurulmas\u0131 gereken birka\u00e7 alan mevcuttur.<\/p>\n<p>Kullan\u0131c\u0131 ad\u0131, konum, cinsiyet ve ya\u015f\u0131 i\u00e7erir. Tamamland\u0131\u011f\u0131nda, ba\u011flant\u0131 kurmak istedi\u011finiz herhangi biriyle sohbet etmeye haz\u0131rs\u0131n\u0131z. Bu uygulama \/ site ayr\u0131ca tam konumunuzu ve di\u011fer ki\u015finin konumunu sa\u011flamak i\u00e7in GPS izlemeyi kullanman\u0131za izin verir.<\/p>\n<h3>Chatiw nas\u0131l kullan\u0131l\u0131r?<\/h3>\n<p>Sohbet, bu site taraf\u0131ndan sunulan ana etkinliktir. Bu nedenle, sa\u011flanan grafik \u00f6zellikleri optimum d\u00fczeydedir. Bilgi, foto\u011fraf, ba\u011flant\u0131 g\u00f6ndermenize ve sohbet ge\u00e7mi\u015finizi g\u00f6zden ge\u00e7irmenize olanak tan\u0131r.<\/p>\n<p>Ancak baz\u0131 \u00f6zellikler yaln\u0131zca premium m\u00fc\u015fterilere sunulmaktad\u0131r. \u0130lgilenmedi\u011finiz profilleri b\u00fcy\u00fck bir kolayl\u0131kla kolayca engelleyebilir ve g\u00f6rmezden gelebilirsiniz. Sunulan \u00f6zellikler olduk\u00e7a ilgin\u00e7 ve kullan\u0131m\u0131 basit.<\/p>\n<p>\u00dcstelik geli\u015ftirilen sohbet sistemi olduk\u00e7a g\u00fc\u00e7l\u00fc. Bu platformdaki insanlar biraz olgun ve \u00e7o\u011fu ne arad\u0131klar\u0131n\u0131 biliyor. Buradaki her \u015feyin sezgisel ve anla\u015f\u0131l\u0131r oldu\u011fu g\u00f6r\u00fclebilir. Biriyle ilgileniyorsan\u0131z, ona s\u00f6yleyebilirsiniz ve de\u011filse, sadece g\u00f6rmezden gelin.<\/p>\n<h3>Chatiw'nin art\u0131lar\u0131 ve eksileri nelerdir?<\/h3>\n<p>Bu siteyi kullanmak nispeten basittir. Web sitesinin aray\u00fcz\u00fc basittir. Daha \u00f6nce hi\u00e7 arkada\u015fl\u0131k sitesi kullanmam\u0131\u015f olsan\u0131z bile kolayca kullanabilirsiniz!<\/p>\n<p>\u00dccretsiz bir kullan\u0131c\u0131 olarak a\u015fa\u011f\u0131daki avantajlara sahipsiniz;<\/p>\n<ul>\n<li style=\"font-weight: 400;\" aria-level=\"1\">Kay\u0131t gerekli de\u011fildir ve genel s\u00fcre\u00e7 basit ve \u00fccretsizdir.<\/li>\n<li style=\"font-weight: 400;\" aria-level=\"1\">Uzun profiller olu\u015fturmak i\u00e7in zaman harcaman\u0131za gerek yok.<\/li>\n<li style=\"font-weight: 400;\" aria-level=\"1\">\u0130li\u015fkiler, fl\u00f6rt ve \u00e7evrimi\u00e7i ileti\u015fimle ilgili deneyimleri payla\u015fmak i\u00e7in blog girdilerini okuyabilir ve okuyabilirsiniz.<\/li>\n<li style=\"font-weight: 400;\" aria-level=\"1\">7\/24 e\u011flence elde etmek i\u00e7in harika bir sitedir.<\/li>\n<\/ul>\n<p>Bu \u00e7evrimi\u00e7i sohbet sitesinde fark edilen baz\u0131 dezavantajlar, uygunsuz kay\u0131t \u00f6zellikleridir.<\/p>\n<ul>\n<li style=\"font-weight: 400;\" aria-level=\"1\">Sohbet etmek i\u00e7in siteye her girmeye \u00e7al\u0131\u015ft\u0131\u011f\u0131n\u0131zda, kullan\u0131c\u0131 ad\u0131n\u0131z\u0131 ve di\u011fer ilgili bilgileri sa\u011flaman\u0131z gerekir, ancak yaln\u0131zca \u00fccretsiz \u00fcyeler i\u00e7in.<\/li>\n<li style=\"font-weight: 400;\" aria-level=\"1\">\u015eu anda platformda \u00e7al\u0131\u015fan \u00e7ok say\u0131da uygunsuz ve hileli profil var.<\/li>\n<li style=\"font-weight: 400;\" aria-level=\"1\">T\u00fcm \u00f6zelliklerden yararlanmak i\u00e7in web sitesine \u00f6deme yaparak VIP veya premium \u00fcye olman\u0131z gerekir.<\/li>\n<\/ul>\n<h3>Chatiw'den \u0130pu\u00e7lar\u0131<\/h3>\n<p>Chatiw \u015f\u00fcphesiz harika bir \u00e7evrimi\u00e7i sohbet platformudur, ancak onlar hakk\u0131nda iyi olan \u015fey, kullan\u0131c\u0131lara rehberlik etmeleridir.<\/p>\n<p>Kendilerine ait bir bloglar\u0131 var!<\/p>\n<p>Blogda, bir ki\u015finin \u00e7evrimi\u00e7i ortamda ba\u015fka bir yabanc\u0131yla nas\u0131l konu\u015fmas\u0131 gerekti\u011fi ve nas\u0131l davranmas\u0131 gerekti\u011fi anlat\u0131lmaya \u00e7al\u0131\u015f\u0131l\u0131yor. Bu iki a\u00e7\u0131dan iyi bir ad\u0131m.<\/p>\n<ul>\n<li style=\"font-weight: 400;\" aria-level=\"1\">\u0130lk olarak, kullan\u0131c\u0131lara rehberlik eder ve di\u011fer u\u00e7ta oturan ki\u015fiyi etkilemek i\u00e7in nas\u0131l konu\u015fmalar\u0131 gerekti\u011fini s\u00f6yler.<\/li>\n<li style=\"font-weight: 400;\" aria-level=\"1\">Bu blogla ilgili en \u00f6nemli ikinci \u015fey ise nas\u0131l davran\u0131lmas\u0131 gerekti\u011fini anlatmas\u0131!<\/li>\n<\/ul>\n<p>Bu, izleyicilere yasaklanmaktansa uslu durman\u0131n daha iyi oldu\u011funu anlatman\u0131n m\u00fckemmel bir yoludur!<\/p>\n<p>Neden Chatiw kullan\u0131lmal\u0131?<\/p>\n<h3>Mobil Uygulama<\/h3>\n<p>Endi\u015felenmenize gerek yok!<\/p>\n<p>Chatiw'nin bir de mobil uygulamas\u0131 var. Bildi\u011fimiz gibi taray\u0131c\u0131lar\u0131 her zaman kullanam\u0131yoruz. Kullan\u0131c\u0131lar\u0131n rahatl\u0131\u011f\u0131 i\u00e7in Chatiw bu ad\u0131m\u0131 att\u0131 ve bu benzersiz Uygulamay\u0131 tan\u0131tt\u0131.<\/p>\n<p>Android kullan\u0131c\u0131s\u0131ysan\u0131z Uygulamay\u0131 Play Store'dan, iPhone kullan\u0131c\u0131s\u0131ysan\u0131z Uygulamay\u0131 App Store'dan indirebilirsiniz.<\/p>\n<h3>Chatiw'nin \u00d6z\u00fc<\/h3>\n<p>Chatiw sadece metinle ilgili de\u011fildir ve <a href=\"https:\/\/strangercam.com\/tr\/rabbit-video-chat\/\">Video<\/a> sohbet etmek. Bu sadece yabanc\u0131larla konu\u015fmakla ilgili de\u011fil. Web sitesini ve ard\u0131ndan Uygulamay\u0131 geli\u015ftiren geli\u015ftiricilerin akl\u0131nda daha b\u00fcy\u00fck bir vizyon vard\u0131.<\/p>\n<p>Chatiw m\u00fckemmel bir e\u015f, bir ruh e\u015fi bulmakla ilgili!<\/p>\n<p>Sadece insanlarla konu\u015fmaya izin veren ve sonra rastgele ne olan s\u0131radan sohbet platformlar\u0131 gibi de\u011fil? Hi\u00e7bir \u015fey mi?<\/p>\n<p>E\u011fer durum b\u00f6yleyse, neden en ba\u015fta konu\u015ftunuz?<\/p>\n<p>Her \u015feyin arkas\u0131nda bir neden olmal\u0131 ve sohbet bir yere varmal\u0131; aksi takdirde her iki tarafa da y\u00fck olur.<\/p>\n<p>Bu nedenle, Chatiw sohbetinizi a\u015fa\u011f\u0131daki adrese g\u00f6t\u00fcrmekten memnuniyet duyar <a href=\"https:\/\/strangercam.com\/tr\/nextcam\/\">sonraki<\/a> Bu web sitesiyle ilgili en \u015fa\u015f\u0131rt\u0131c\u0131 \u015fey de bu.<\/p>\n<h3>Gizlilik<\/h3>\n<p>Burada g\u00fcvendesiniz. Gizlili\u011finiz konusunda endi\u015felenmeden sohbet s\u0131ras\u0131nda be\u011fendi\u011finiz ki\u015fiyle resimlerinizi payla\u015fabilirsiniz. Chatiw sizi koruyor!<\/p>\n<p>\u0130nsanlar iki nedenden dolay\u0131 \u00e7evrimi\u00e7i sohbet platformlar\u0131na kat\u0131lmaktan ka\u00e7\u0131n\u0131yor. Birincisi karma\u015f\u0131kl\u0131k, di\u011feri ise gizlilik. Chatiw'nin her ikisi i\u00e7in de sa\u011flam bir \u00e7\u00f6z\u00fcm\u00fc var. Web sitelerini basit ve kullan\u0131m\u0131 kolay hale getirdiler. Gizlilik i\u00e7in ise sa\u011flam bir planlar\u0131 var. Chatiw yaln\u0131zca ad, soyad, e-posta adresi Kullan\u0131m Verileri, reklam i\u00e7in benzersiz cihaz tan\u0131mlay\u0131c\u0131lar\u0131 (Google Reklamveren Kimli\u011fi), \u00e7e\u015fitli Veri t\u00fcrleri, \u00c7erezler, co\u011frafi konum ve dil toplar.<\/p>\n<p>Konum hakk\u0131nda konu\u015furken, yaln\u0131zca size m\u00fckemmel bir e\u015fle\u015fme bulmak i\u00e7in konum toplarlar. Bir oyun bulmak bazen zordur, ancak konum yard\u0131mc\u0131 olabilir \u00e7\u00fcnk\u00fc partneriniz ne kadar yak\u0131nsa, Chatiw'nin ili\u015fkileri bir sonraki seviyeye ta\u015f\u0131may\u0131 takdir etti\u011fini daha \u00f6nce tart\u0131\u015ft\u0131\u011f\u0131m\u0131z gibi, o kadar iyi olacakt\u0131r.<\/p>\n<h3>Sonu\u00e7<\/h3>\n<p>Genel olarak, Chatiw m\u00fckemmel bir \u00e7evrimi\u00e7i sohbet sitesidir. Yabanc\u0131larla konu\u015fman\u0131n ve yeni arkada\u015flar edinmenin tad\u0131n\u0131 \u00e7\u0131karabilirsiniz. T\u00fcm bunlar\u0131 kimli\u011finizi g\u00fcvende tutarken yapabilirsiniz.<\/p>","protected":false},"excerpt":{"rendered":"<p>You may be trying to find a suitable person online and hence be interested in chatting with random strangers online. If it is the case, you are in the right place! Here is a complete guide to a wonderful online platform through which you can talk to dozens of strangers in a day. It sounds [&hellip;]<\/p>\n","protected":false},"author":6,"featured_media":559,"parent":0,"menu_order":0,"comment_status":"closed","ping_status":"closed","template":"","meta":{"footnotes":""},"class_list":["post-5113","page","type-page","status-publish","has-post-thumbnail","hentry"],"yoast_head":"<!-- This site is optimized with the Yoast SEO plugin v26.9 - https:\/\/yoast.com\/product\/yoast-seo-wordpress\/ -->\n<title>Chatiw - Free Text Chat Rooms - Cam on StrangerCam.com<\/title>\n<meta name=\"description\" content=\"Like Chatiw? Come chat with more than 5.000.000 strangers on Stranger Cam for Free! Turn on your cam and find new friends &amp; maby a match!\" \/>\n<meta name=\"robots\" content=\"index, follow, max-snippet:-1, max-image-preview:large, max-video-preview:-1\" \/>\n<link rel=\"canonical\" href=\"https:\/\/strangercam.com\/tr\/chatiw\/\" \/>\n<meta property=\"og:locale\" content=\"tr_TR\" \/>\n<meta property=\"og:type\" content=\"article\" \/>\n<meta property=\"og:title\" content=\"Chatiw - Free Text Chat Rooms - Cam on StrangerCam.com\" \/>\n<meta property=\"og:description\" content=\"Like Chatiw? Come chat with more than 5.000.000 strangers on Stranger Cam for Free! Turn on your cam and find new friends &amp; maby a match!\" \/>\n<meta property=\"og:url\" content=\"https:\/\/strangercam.com\/tr\/chatiw\/\" \/>\n<meta property=\"og:site_name\" content=\"Strangercam\" \/>\n<meta property=\"article:publisher\" content=\"https:\/\/www.facebook.com\/strangercam\" \/>\n<meta property=\"article:modified_time\" content=\"2023-08-21T09:40:39+00:00\" \/>\n<meta property=\"og:image\" content=\"https:\/\/strangercam.com\/wp-content\/uploads\/2020\/11\/stranger-cam-1.png\" \/>\n\t<meta property=\"og:image:width\" content=\"800\" \/>\n\t<meta property=\"og:image:height\" content=\"800\" \/>\n\t<meta property=\"og:image:type\" content=\"image\/png\" \/>\n<meta name=\"twitter:card\" content=\"summary_large_image\" \/>\n<meta name=\"twitter:site\" content=\"@strangercamapp\" \/>\n<meta name=\"twitter:label1\" content=\"Tahmini okuma s\u00fcresi\" \/>\n\t<meta name=\"twitter:data1\" content=\"5 dakika\" \/>\n<script type=\"application\/ld+json\" class=\"yoast-schema-graph\">{\"@context\":\"https:\/\/schema.org\",\"@graph\":[{\"@type\":\"WebPage\",\"@id\":\"https:\/\/strangercam.com\/chatiw\/\",\"url\":\"https:\/\/strangercam.com\/chatiw\/\",\"name\":\"Chatiw - Free Text Chat Rooms - Cam on StrangerCam.com\",\"isPartOf\":{\"@id\":\"https:\/\/strangercam.com\/#website\"},\"primaryImageOfPage\":{\"@id\":\"https:\/\/strangercam.com\/chatiw\/#primaryimage\"},\"image\":{\"@id\":\"https:\/\/strangercam.com\/chatiw\/#primaryimage\"},\"thumbnailUrl\":\"https:\/\/strangercam.com\/wp-content\/uploads\/2020\/11\/stranger-cam-1.png\",\"datePublished\":\"2021-06-19T19:05:49+00:00\",\"dateModified\":\"2023-08-21T09:40:39+00:00\",\"description\":\"Like Chatiw? Come chat with more than 5.000.000 strangers on Stranger Cam for Free! Turn on your cam and find new friends & maby a match!\",\"breadcrumb\":{\"@id\":\"https:\/\/strangercam.com\/chatiw\/#breadcrumb\"},\"inLanguage\":\"tr\",\"potentialAction\":[{\"@type\":\"ReadAction\",\"target\":[\"https:\/\/strangercam.com\/chatiw\/\"]}]},{\"@type\":\"ImageObject\",\"inLanguage\":\"tr\",\"@id\":\"https:\/\/strangercam.com\/chatiw\/#primaryimage\",\"url\":\"https:\/\/strangercam.com\/wp-content\/uploads\/2020\/11\/stranger-cam-1.png\",\"contentUrl\":\"https:\/\/strangercam.com\/wp-content\/uploads\/2020\/11\/stranger-cam-1.png\",\"width\":800,\"height\":800,\"caption\":\"stranger cam random video chat\"},{\"@type\":\"BreadcrumbList\",\"@id\":\"https:\/\/strangercam.com\/chatiw\/#breadcrumb\",\"itemListElement\":[{\"@type\":\"ListItem\",\"position\":1,\"name\":\"Home\",\"item\":\"https:\/\/strangercam.com\/\"},{\"@type\":\"ListItem\",\"position\":2,\"name\":\"Chatiw\"}]},{\"@type\":\"WebSite\",\"@id\":\"https:\/\/strangercam.com\/#website\",\"url\":\"https:\/\/strangercam.com\/\",\"name\":\"Strangercam\",\"description\":\"Random Video Chat with Strangers\",\"publisher\":{\"@id\":\"https:\/\/strangercam.com\/#organization\"},\"alternateName\":\"Strangercam.com\",\"potentialAction\":[{\"@type\":\"SearchAction\",\"target\":{\"@type\":\"EntryPoint\",\"urlTemplate\":\"https:\/\/strangercam.com\/?s={search_term_string}\"},\"query-input\":{\"@type\":\"PropertyValueSpecification\",\"valueRequired\":true,\"valueName\":\"search_term_string\"}}],\"inLanguage\":\"tr\"},{\"@type\":\"Organization\",\"@id\":\"https:\/\/strangercam.com\/#organization\",\"name\":\"Strangercam\",\"alternateName\":\"Strangercam.com\",\"url\":\"https:\/\/strangercam.com\/\",\"logo\":{\"@type\":\"ImageObject\",\"inLanguage\":\"tr\",\"@id\":\"https:\/\/strangercam.com\/#\/schema\/logo\/image\/\",\"url\":\"https:\/\/strangercam.com\/wp-content\/uploads\/2020\/11\/cropped-new-favicon-black.png\",\"contentUrl\":\"https:\/\/strangercam.com\/wp-content\/uploads\/2020\/11\/cropped-new-favicon-black.png\",\"width\":512,\"height\":512,\"caption\":\"Strangercam\"},\"image\":{\"@id\":\"https:\/\/strangercam.com\/#\/schema\/logo\/image\/\"},\"sameAs\":[\"https:\/\/www.facebook.com\/strangercam\",\"https:\/\/x.com\/strangercamapp\"]}]}<\/script>\n<!-- \/ Yoast SEO plugin. -->","yoast_head_json":{"title":"Chatiw - \u00dccretsiz Metin Sohbet Odalar\u0131 - StrangerCam.com'da Kamera","description":"Chatiw'yi be\u011fendiniz mi? Gelin Stranger Cam'de 5.000.000'dan fazla yabanc\u0131yla \u00dccretsiz sohbet edin! Kameran\u0131z\u0131 a\u00e7\u0131n ve yeni arkada\u015flar ve belki bir e\u015fle\u015fme bulun!","robots":{"index":"index","follow":"follow","max-snippet":"max-snippet:-1","max-image-preview":"max-image-preview:large","max-video-preview":"max-video-preview:-1"},"canonical":"https:\/\/strangercam.com\/tr\/chatiw\/","og_locale":"tr_TR","og_type":"article","og_title":"Chatiw - Free Text Chat Rooms - Cam on StrangerCam.com","og_description":"Like Chatiw? Come chat with more than 5.000.000 strangers on Stranger Cam for Free! Turn on your cam and find new friends & maby a match!","og_url":"https:\/\/strangercam.com\/tr\/chatiw\/","og_site_name":"Strangercam","article_publisher":"https:\/\/www.facebook.com\/strangercam","article_modified_time":"2023-08-21T09:40:39+00:00","og_image":[{"width":800,"height":800,"url":"https:\/\/strangercam.com\/wp-content\/uploads\/2020\/11\/stranger-cam-1.png","type":"image\/png"}],"twitter_card":"summary_large_image","twitter_site":"@strangercamapp","twitter_misc":{"Tahmini okuma s\u00fcresi":"5 dakika"},"schema":{"@context":"https:\/\/schema.org","@graph":[{"@type":"WebPage","@id":"https:\/\/strangercam.com\/chatiw\/","url":"https:\/\/strangercam.com\/chatiw\/","name":"Chatiw - \u00dccretsiz Metin Sohbet Odalar\u0131 - StrangerCam.com'da Kamera","isPartOf":{"@id":"https:\/\/strangercam.com\/#website"},"primaryImageOfPage":{"@id":"https:\/\/strangercam.com\/chatiw\/#primaryimage"},"image":{"@id":"https:\/\/strangercam.com\/chatiw\/#primaryimage"},"thumbnailUrl":"https:\/\/strangercam.com\/wp-content\/uploads\/2020\/11\/stranger-cam-1.png","datePublished":"2021-06-19T19:05:49+00:00","dateModified":"2023-08-21T09:40:39+00:00","description":"Chatiw'yi be\u011fendiniz mi? Gelin Stranger Cam'de 5.000.000'dan fazla yabanc\u0131yla \u00dccretsiz sohbet edin! Kameran\u0131z\u0131 a\u00e7\u0131n ve yeni arkada\u015flar ve belki bir e\u015fle\u015fme bulun!","breadcrumb":{"@id":"https:\/\/strangercam.com\/chatiw\/#breadcrumb"},"inLanguage":"tr","potentialAction":[{"@type":"ReadAction","target":["https:\/\/strangercam.com\/chatiw\/"]}]},{"@type":"ImageObject","inLanguage":"tr","@id":"https:\/\/strangercam.com\/chatiw\/#primaryimage","url":"https:\/\/strangercam.com\/wp-content\/uploads\/2020\/11\/stranger-cam-1.png","contentUrl":"https:\/\/strangercam.com\/wp-content\/uploads\/2020\/11\/stranger-cam-1.png","width":800,"height":800,"caption":"stranger cam random video chat"},{"@type":"BreadcrumbList","@id":"https:\/\/strangercam.com\/chatiw\/#breadcrumb","itemListElement":[{"@type":"ListItem","position":1,"name":"Home","item":"https:\/\/strangercam.com\/"},{"@type":"ListItem","position":2,"name":"Chatiw"}]},{"@type":"WebSite","@id":"https:\/\/strangercam.com\/#website","url":"https:\/\/strangercam.com\/","name":"Strangercam","description":"Yabanc\u0131larla Rastgele G\u00f6r\u00fcnt\u00fcl\u00fc Sohbet","publisher":{"@id":"https:\/\/strangercam.com\/#organization"},"alternateName":"Strangercam.com","potentialAction":[{"@type":"SearchAction","target":{"@type":"EntryPoint","urlTemplate":"https:\/\/strangercam.com\/?s={search_term_string}"},"query-input":{"@type":"PropertyValueSpecification","valueRequired":true,"valueName":"search_term_string"}}],"inLanguage":"tr"},{"@type":"Organization","@id":"https:\/\/strangercam.com\/#organization","name":"Strangercam","alternateName":"Strangercam.com","url":"https:\/\/strangercam.com\/","logo":{"@type":"ImageObject","inLanguage":"tr","@id":"https:\/\/strangercam.com\/#\/schema\/logo\/image\/","url":"https:\/\/strangercam.com\/wp-content\/uploads\/2020\/11\/cropped-new-favicon-black.png","contentUrl":"https:\/\/strangercam.com\/wp-content\/uploads\/2020\/11\/cropped-new-favicon-black.png","width":512,"height":512,"caption":"Strangercam"},"image":{"@id":"https:\/\/strangercam.com\/#\/schema\/logo\/image\/"},"sameAs":["https:\/\/www.facebook.com\/strangercam","https:\/\/x.com\/strangercamapp"]}]}},"_links":{"self":[{"href":"https:\/\/strangercam.com\/tr\/wp-json\/wp\/v2\/pages\/5113","targetHints":{"allow":["GET"]}}],"collection":[{"href":"https:\/\/strangercam.com\/tr\/wp-json\/wp\/v2\/pages"}],"about":[{"href":"https:\/\/strangercam.com\/tr\/wp-json\/wp\/v2\/types\/page"}],"author":[{"embeddable":true,"href":"https:\/\/strangercam.com\/tr\/wp-json\/wp\/v2\/users\/6"}],"replies":[{"embeddable":true,"href":"https:\/\/strangercam.com\/tr\/wp-json\/wp\/v2\/comments?post=5113"}],"version-history":[{"count":0,"href":"https:\/\/strangercam.com\/tr\/wp-json\/wp\/v2\/pages\/5113\/revisions"}],"wp:featuredmedia":[{"embeddable":true,"href":"https:\/\/strangercam.com\/tr\/wp-json\/wp\/v2\/media\/559"}],"wp:attachment":[{"href":"https:\/\/strangercam.com\/tr\/wp-json\/wp\/v2\/media?parent=5113"}],"curies":[{"name":"wp","href":"https:\/\/api.w.org\/{rel}","templated":true}]}}