{"id":51,"date":"2020-04-08T23:24:23","date_gmt":"2020-04-08T21:24:23","guid":{"rendered":"https:\/\/strangercam.com\/?page_id=51"},"modified":"2025-06-16T14:26:14","modified_gmt":"2025-06-16T12:26:14","slug":"kurallar","status":"publish","type":"page","link":"https:\/\/strangercam.com\/tr\/kurallar\/","title":{"rendered":"Kurallar"},"content":{"rendered":"<p>Strangercam \u015funlar\u0131 yapman\u0131z\u0131 sa\u011flar <a href=\"https:\/\/strangercam.com\/tr\/chatroulette\/\">sohbet<\/a> rastgele sohbet arac\u0131m\u0131zla, \u00fccretsiz ve kay\u0131t olmadan. Misyonumuz benzer bir hizmet olmakt\u0131r <a href=\"https:\/\/strangercam.com\/tr\/omegle\/\">Omegle<\/a> e\u011flenebilece\u011finiz ve zaman\u0131n\u0131z\u0131n tad\u0131n\u0131 \u00e7\u0131karabilece\u011finiz bir yer. Kurallar\u0131m\u0131za ve y\u00f6netmeliklerimize sayg\u0131 duyarak <a href=\"https:\/\/strangercam.com\/tr\/coomeet\/\">g\u00f6r\u00fcnt\u00fcl\u00fc sohbet<\/a> \u00e7ok \u00f6nemlidir.<\/p>\n<h2 data-start=\"145\" data-end=\"185\">\u0130\u015ftirak ve \u00dc\u00e7\u00fcnc\u00fc Taraf Feragatnamesi<\/h2>\n<p data-start=\"187\" data-end=\"675\">Strangercam bir inceleme ve sat\u0131\u015f ortakl\u0131\u011f\u0131 web sitesidir. Platformlar\u0131n sahibi de\u011filiz veya i\u015fletmiyoruz veya <a href=\"https:\/\/strangercam.com\/tr\/rabbit-video-chat\/\">Video<\/a> Sitemizde yer alan veya ba\u011flant\u0131 verilen sohbet ara\u00e7lar\u0131. Baz\u0131 ba\u011flant\u0131lar ba\u011fl\u0131 kurulu\u015f ba\u011flant\u0131lar\u0131 olabilir ve \u00f6nerilerimiz arac\u0131l\u0131\u011f\u0131yla \u00fc\u00e7\u00fcnc\u00fc taraf hizmetlerine kaydolmay\u0131 veya bunlarla etkile\u015fime ge\u00e7meyi se\u00e7erseniz komisyon veya \u00fccret kazanabiliriz. Herhangi bir \u00fc\u00e7\u00fcnc\u00fc taraf sitesini kullan\u0131m\u0131n\u0131z kendi kural ve politikalar\u0131na tabidir. Strangercam'den ba\u011flant\u0131 verilen harici siteler veya hizmetlerdeki i\u00e7erik veya davran\u0131\u015flardan sorumlu de\u011filiz.<\/p>\n<h2>Yasaklar<\/h2>\n<ul>\n<li>18 ya\u015f\u0131n alt\u0131nda Strangercam kullanmak.<\/li>\n<li>Kabal\u0131k, cinsellik veya depresif yorumlar yaymak.<\/li>\n<li>Ba\u015fka bir ki\u015fiyi dini, \u0131rk\u0131, cinsiyeti, cinsel y\u00f6nelimi veya ya\u015f\u0131 nedeniyle a\u015fa\u011f\u0131lamak.<\/li>\n<li>Di\u011fer kullan\u0131c\u0131lar\u0131 taciz etmek veya onlara kar\u015f\u0131 sayg\u0131s\u0131zl\u0131k g\u00f6stermek.<\/li>\n<li>Ekranda y\u00fcz\u00fcn\u00fcz olmadan \u00e7\u0131plak g\u00f6\u011fs\u00fcn\u00fcz\u00fc g\u00f6stermek yasakt\u0131r.<\/li>\n<li>Tamamen \u00e7\u0131plak veya i\u00e7 \u00e7ama\u015f\u0131rlar\u0131n\u0131zla g\u00f6r\u00fcnt\u00fcl\u00fc sohbet edin.<\/li>\n<li>Sanal seks istemek veya zorlamak.<\/li>\n<li>Kamera \u00f6n\u00fcndeyken \u00f6zel b\u00f6lgelerinizi g\u00f6sterin.<\/li>\n<li>\u00d6zel b\u00f6lgelerinize dokunmak ve bunu kameraya g\u00f6stermek.<\/li>\n<li>Kameray\u0131 g\u00f6\u011fs\u00fcn\u00fcz\u00fcn alt\u0131na odaklay\u0131n.<\/li>\n<li>Kullan\u0131c\u0131lar\u0131 y\u00f6nlendirmek i\u00e7in video ekran\u0131nda bir metin mesaj\u0131 g\u00f6r\u00fcnt\u00fclenmesi.<\/li>\n<li>Kullan\u0131c\u0131lar\u0131 y\u00f6nlendirmek i\u00e7in video ekran\u0131nda bir g\u00f6r\u00fcnt\u00fc g\u00f6r\u00fcnt\u00fclenmesi.<\/li>\n<li>Kullan\u0131c\u0131lar\u0131 y\u00f6nlendirmek i\u00e7in bilgisayar ekran\u0131n\u0131z\u0131 g\u00f6r\u00fcnt\u00fcleme.<\/li>\n<li>Kullan\u0131c\u0131lar\u0131 y\u00f6nlendirmek i\u00e7in bir web kameras\u0131 em\u00fclat\u00f6r\u00fc kullanma.<\/li>\n<li>Herhangi bir video\/resim\/metin reklam\u0131n\u0131n g\u00f6r\u00fcnt\u00fclenmesi.<\/li>\n<li>Strangercam kullan\u0131c\u0131lar\u0131ndan herhangi bir URL i\u00e7in oy istemek veya \u00fcr\u00fcnlerinizi tan\u0131tmak.<\/li>\n<li>Web sitesinin insan ka\u00e7ak\u00e7\u0131l\u0131\u011f\u0131, seks ticareti, fiziksel istismar veya fuhu\u015fu te\u015fvik etmek veya kolayla\u015ft\u0131rmak i\u00e7in kullan\u0131lmas\u0131.<\/li>\n<\/ul>\n<h2>\u015eikayetler<\/h2>\n<p>Kurallar\u0131m\u0131z\u0131 ihlal etti\u011fini d\u00fc\u015f\u00fcnd\u00fc\u011f\u00fcn\u00fcz Strangercam'deki herhangi bir ki\u015fi hakk\u0131nda \u015fikayette bulunabilirsiniz. \u015eikayetinizle birlikte bir ekran g\u00f6r\u00fcnt\u00fcs\u00fc g\u00f6ndermeniz, harekete ge\u00e7memizi daha kolay ve h\u0131zl\u0131 hale getirecektir. Bu t\u00fcr kullan\u0131c\u0131lara kar\u015f\u0131 h\u0131zla harekete ge\u00e7ece\u011fiz.<\/p>\n<p>Belirli bir kullan\u0131c\u0131ya kar\u015f\u0131 \u00e7ok say\u0131da \u015fikayet varsa, sistemimiz bu kullan\u0131c\u0131n\u0131n Strangercam web sitesine eri\u015fimini yasaklayacakt\u0131r.<\/p>\n<p>Herhangi birinin Strangercam.com'a eri\u015fimini engellemeden \u00f6nce bir\u00e7ok olguyu g\u00f6z \u00f6n\u00fcnde bulundururuz. Strangercam spam ve di\u011fer kaba faaliyetleri kontrol etmek i\u00e7in tek sorumlulu\u011fa sahip de\u011fildir. Bir kullan\u0131c\u0131 olarak sizin de i\u015fbirli\u011finizi istiyoruz. Sizin deste\u011finiz olmadan herhangi bir ihlalciyi Strangercam'den kald\u0131ramay\u0131z. Deste\u011finizle bu kameradan kameraya sohbet hizmetini daha keyifli ve e\u011flenceli hale getirece\u011fimize s\u00f6z veriyoruz.<\/p>","protected":false},"excerpt":{"rendered":"<p>Strangercam allows you to chat with our random chat tool, free of charge and without registration. Our mission is to be a similar service to Omegle where you can have fun and enjoy your time. Respecting the rules and regulations for our video chat is very important. Affiliate and Third-Party Disclaimer Strangercam is a review [&hellip;]<\/p>\n","protected":false},"author":1,"featured_media":0,"parent":0,"menu_order":0,"comment_status":"closed","ping_status":"closed","template":"","meta":{"footnotes":""},"class_list":["post-51","page","type-page","status-publish","hentry"],"yoast_head":"<!-- This site is optimized with the Yoast SEO plugin v26.9 - https:\/\/yoast.com\/product\/yoast-seo-wordpress\/ -->\n<title>Rules - Strangercam<\/title>\n<meta name=\"robots\" content=\"index, follow, max-snippet:-1, max-image-preview:large, max-video-preview:-1\" \/>\n<link rel=\"canonical\" href=\"https:\/\/strangercam.com\/tr\/kurallar\/\" \/>\n<meta property=\"og:locale\" content=\"tr_TR\" \/>\n<meta property=\"og:type\" content=\"article\" \/>\n<meta property=\"og:title\" content=\"Rules - Strangercam\" \/>\n<meta property=\"og:description\" content=\"Strangercam allows you to chat with our random chat tool, free of charge and without registration. Our mission is to be a similar service to Omegle where you can have fun and enjoy your time. Respecting the rules and regulations for our video chat is very important. Affiliate and Third-Party Disclaimer Strangercam is a review [&hellip;]\" \/>\n<meta property=\"og:url\" content=\"https:\/\/strangercam.com\/tr\/kurallar\/\" \/>\n<meta property=\"og:site_name\" content=\"Strangercam\" \/>\n<meta property=\"article:publisher\" content=\"https:\/\/www.facebook.com\/strangercam\" \/>\n<meta property=\"article:modified_time\" content=\"2025-06-16T12:26:14+00:00\" \/>\n<meta property=\"og:image\" content=\"https:\/\/strangercam.com\/wp-content\/uploads\/2021\/10\/Untitled-2.png\" \/>\n\t<meta property=\"og:image:width\" content=\"800\" \/>\n\t<meta property=\"og:image:height\" content=\"532\" \/>\n\t<meta property=\"og:image:type\" content=\"image\/png\" \/>\n<meta name=\"twitter:card\" content=\"summary_large_image\" \/>\n<meta name=\"twitter:site\" content=\"@strangercamapp\" \/>\n<meta name=\"twitter:label1\" content=\"Tahmini okuma s\u00fcresi\" \/>\n\t<meta name=\"twitter:data1\" content=\"2 dakika\" \/>\n<script type=\"application\/ld+json\" class=\"yoast-schema-graph\">{\"@context\":\"https:\/\/schema.org\",\"@graph\":[{\"@type\":\"WebPage\",\"@id\":\"https:\/\/strangercam.com\/rules\/\",\"url\":\"https:\/\/strangercam.com\/rules\/\",\"name\":\"Rules - Strangercam\",\"isPartOf\":{\"@id\":\"https:\/\/strangercam.com\/#website\"},\"datePublished\":\"2020-04-08T21:24:23+00:00\",\"dateModified\":\"2025-06-16T12:26:14+00:00\",\"breadcrumb\":{\"@id\":\"https:\/\/strangercam.com\/rules\/#breadcrumb\"},\"inLanguage\":\"tr\",\"potentialAction\":[{\"@type\":\"ReadAction\",\"target\":[\"https:\/\/strangercam.com\/rules\/\"]}]},{\"@type\":\"BreadcrumbList\",\"@id\":\"https:\/\/strangercam.com\/rules\/#breadcrumb\",\"itemListElement\":[{\"@type\":\"ListItem\",\"position\":1,\"name\":\"Home\",\"item\":\"https:\/\/strangercam.com\/\"},{\"@type\":\"ListItem\",\"position\":2,\"name\":\"Rules\"}]},{\"@type\":\"WebSite\",\"@id\":\"https:\/\/strangercam.com\/#website\",\"url\":\"https:\/\/strangercam.com\/\",\"name\":\"Strangercam\",\"description\":\"Random Video Chat with Strangers\",\"publisher\":{\"@id\":\"https:\/\/strangercam.com\/#organization\"},\"alternateName\":\"Strangercam.com\",\"potentialAction\":[{\"@type\":\"SearchAction\",\"target\":{\"@type\":\"EntryPoint\",\"urlTemplate\":\"https:\/\/strangercam.com\/?s={search_term_string}\"},\"query-input\":{\"@type\":\"PropertyValueSpecification\",\"valueRequired\":true,\"valueName\":\"search_term_string\"}}],\"inLanguage\":\"tr\"},{\"@type\":\"Organization\",\"@id\":\"https:\/\/strangercam.com\/#organization\",\"name\":\"Strangercam\",\"alternateName\":\"Strangercam.com\",\"url\":\"https:\/\/strangercam.com\/\",\"logo\":{\"@type\":\"ImageObject\",\"inLanguage\":\"tr\",\"@id\":\"https:\/\/strangercam.com\/#\/schema\/logo\/image\/\",\"url\":\"https:\/\/strangercam.com\/wp-content\/uploads\/2020\/11\/cropped-new-favicon-black.png\",\"contentUrl\":\"https:\/\/strangercam.com\/wp-content\/uploads\/2020\/11\/cropped-new-favicon-black.png\",\"width\":512,\"height\":512,\"caption\":\"Strangercam\"},\"image\":{\"@id\":\"https:\/\/strangercam.com\/#\/schema\/logo\/image\/\"},\"sameAs\":[\"https:\/\/www.facebook.com\/strangercam\",\"https:\/\/x.com\/strangercamapp\"]}]}<\/script>\n<!-- \/ Yoast SEO plugin. -->","yoast_head_json":{"title":"Kurallar - Strangercam","robots":{"index":"index","follow":"follow","max-snippet":"max-snippet:-1","max-image-preview":"max-image-preview:large","max-video-preview":"max-video-preview:-1"},"canonical":"https:\/\/strangercam.com\/tr\/kurallar\/","og_locale":"tr_TR","og_type":"article","og_title":"Rules - Strangercam","og_description":"Strangercam allows you to chat with our random chat tool, free of charge and without registration. Our mission is to be a similar service to Omegle where you can have fun and enjoy your time. Respecting the rules and regulations for our video chat is very important. Affiliate and Third-Party Disclaimer Strangercam is a review [&hellip;]","og_url":"https:\/\/strangercam.com\/tr\/kurallar\/","og_site_name":"Strangercam","article_publisher":"https:\/\/www.facebook.com\/strangercam","article_modified_time":"2025-06-16T12:26:14+00:00","og_image":[{"width":800,"height":532,"url":"https:\/\/strangercam.com\/wp-content\/uploads\/2021\/10\/Untitled-2.png","type":"image\/png"}],"twitter_card":"summary_large_image","twitter_site":"@strangercamapp","twitter_misc":{"Tahmini okuma s\u00fcresi":"2 dakika"},"schema":{"@context":"https:\/\/schema.org","@graph":[{"@type":"WebPage","@id":"https:\/\/strangercam.com\/rules\/","url":"https:\/\/strangercam.com\/rules\/","name":"Kurallar - Strangercam","isPartOf":{"@id":"https:\/\/strangercam.com\/#website"},"datePublished":"2020-04-08T21:24:23+00:00","dateModified":"2025-06-16T12:26:14+00:00","breadcrumb":{"@id":"https:\/\/strangercam.com\/rules\/#breadcrumb"},"inLanguage":"tr","potentialAction":[{"@type":"ReadAction","target":["https:\/\/strangercam.com\/rules\/"]}]},{"@type":"BreadcrumbList","@id":"https:\/\/strangercam.com\/rules\/#breadcrumb","itemListElement":[{"@type":"ListItem","position":1,"name":"Home","item":"https:\/\/strangercam.com\/"},{"@type":"ListItem","position":2,"name":"Rules"}]},{"@type":"WebSite","@id":"https:\/\/strangercam.com\/#website","url":"https:\/\/strangercam.com\/","name":"Strangercam","description":"Yabanc\u0131larla Rastgele G\u00f6r\u00fcnt\u00fcl\u00fc Sohbet","publisher":{"@id":"https:\/\/strangercam.com\/#organization"},"alternateName":"Strangercam.com","potentialAction":[{"@type":"SearchAction","target":{"@type":"EntryPoint","urlTemplate":"https:\/\/strangercam.com\/?s={search_term_string}"},"query-input":{"@type":"PropertyValueSpecification","valueRequired":true,"valueName":"search_term_string"}}],"inLanguage":"tr"},{"@type":"Organization","@id":"https:\/\/strangercam.com\/#organization","name":"Strangercam","alternateName":"Strangercam.com","url":"https:\/\/strangercam.com\/","logo":{"@type":"ImageObject","inLanguage":"tr","@id":"https:\/\/strangercam.com\/#\/schema\/logo\/image\/","url":"https:\/\/strangercam.com\/wp-content\/uploads\/2020\/11\/cropped-new-favicon-black.png","contentUrl":"https:\/\/strangercam.com\/wp-content\/uploads\/2020\/11\/cropped-new-favicon-black.png","width":512,"height":512,"caption":"Strangercam"},"image":{"@id":"https:\/\/strangercam.com\/#\/schema\/logo\/image\/"},"sameAs":["https:\/\/www.facebook.com\/strangercam","https:\/\/x.com\/strangercamapp"]}]}},"_links":{"self":[{"href":"https:\/\/strangercam.com\/tr\/wp-json\/wp\/v2\/pages\/51","targetHints":{"allow":["GET"]}}],"collection":[{"href":"https:\/\/strangercam.com\/tr\/wp-json\/wp\/v2\/pages"}],"about":[{"href":"https:\/\/strangercam.com\/tr\/wp-json\/wp\/v2\/types\/page"}],"author":[{"embeddable":true,"href":"https:\/\/strangercam.com\/tr\/wp-json\/wp\/v2\/users\/1"}],"replies":[{"embeddable":true,"href":"https:\/\/strangercam.com\/tr\/wp-json\/wp\/v2\/comments?post=51"}],"version-history":[{"count":1,"href":"https:\/\/strangercam.com\/tr\/wp-json\/wp\/v2\/pages\/51\/revisions"}],"predecessor-version":[{"id":12880,"href":"https:\/\/strangercam.com\/tr\/wp-json\/wp\/v2\/pages\/51\/revisions\/12880"}],"wp:attachment":[{"href":"https:\/\/strangercam.com\/tr\/wp-json\/wp\/v2\/media?parent=51"}],"curies":[{"name":"wp","href":"https:\/\/api.w.org\/{rel}","templated":true}]}}