{"id":5006,"date":"2025-09-29T10:59:56","date_gmt":"2025-09-29T08:59:56","guid":{"rendered":"https:\/\/strangercam.com\/?page_id=5006"},"modified":"2025-09-29T12:01:40","modified_gmt":"2025-09-29T10:01:40","slug":"simdi-ucretsiz-sohbet","status":"publish","type":"page","link":"https:\/\/strangercam.com\/tr\/free-chat-now\/","title":{"rendered":"\u015eimdi \u00dccretsiz Sohbet"},"content":{"rendered":"<p>\u00dccretsiz mi ar\u0131yorsunuz <a href=\"https:\/\/strangercam.com\/tr\/chathub\/\">Sohbet<\/a> \u015eimdi mi? Yaln\u0131z de\u011filsiniz. Her ay milyonlarca insan, yeni insanlarla \u00e7evrimi\u00e7i ba\u011flant\u0131 kurman\u0131n basit, h\u0131zl\u0131 ve \u00fccretsiz bir yolunu bulmay\u0131 umarak Google'a tam olarak bu kelimeleri yaz\u0131yor. Fikir \u00e7ok a\u00e7\u0131k: uzun kay\u0131tlar, indirmeler, gizli maliyetler yok - sadece d\u00fcnya \u00e7ap\u0131ndaki yabanc\u0131larla an\u0131nda sohbet etmeye ba\u015flayabilme yetene\u011fi.<\/p>\n<p>2025 y\u0131l\u0131nda StrangerCam gibi platformlar bunu m\u00fcmk\u00fcn k\u0131l\u0131yor. Tek bir t\u0131klamayla, d\u00fcnyan\u0131n d\u00f6rt bir yan\u0131ndaki insanlarla \u00fccretsiz bir metin veya g\u00f6r\u00fcnt\u00fcl\u00fc sohbet ba\u015flatabilirsiniz. \u0130ster g\u00fcndelik sohbetlerle, ister yeni arkada\u015flarla tan\u0131\u015fmakla, k\u00fclt\u00fcrel al\u0131\u015fveri\u015flerle veya g\u00f6n\u00fcls\u00fcz fl\u00f6rtlerle ilgileniyor olun, \u015eimdi \u00dccretsiz Sohbet platformlar\u0131 spontane etkile\u015fimin heyecan\u0131n\u0131 geri getiriyor.<\/p>\n<p>Bu k\u0131lavuz bilmeniz gereken her \u015feyi kapsayacakt\u0131r: \u015eimdi \u00dccretsiz Sohbetin ne anlama geldi\u011fi, neden bu kadar pop\u00fcler oldu\u011fu, nas\u0131l \u00e7al\u0131\u015ft\u0131\u011f\u0131, ge\u00e7mi\u015fi, hangi \u00f6zellikleri arayaca\u011f\u0131, en iyi platformlar\u0131n kar\u015f\u0131la\u015ft\u0131rmas\u0131, ger\u00e7ek kullan\u0131c\u0131 referanslar\u0131, g\u00fcvenlik stratejileri ve StrangerCam'in neden bug\u00fcn en iyi se\u00e7eneklerden biri oldu\u011fu.<\/p>\n<h2>\"\u015eimdi \u00dccretsiz Sohbet\" Ne Anlama Geliyor?<\/h2>\n<p>\u0130nsanlar \u015eimdi \u00dccretsiz Sohbet arad\u0131\u011f\u0131nda, genellikle sunan bir platform isterler:<\/p>\n<ul>\n<li>An\u0131nda Ba\u011flant\u0131: Form yok, profil yok, sadece an\u0131nda sohbet.<\/li>\n<li>\u00dccretsiz Eri\u015fim: Be\u015f dakikadan sonra \u00f6deme duvarlar\u0131 veya gizli kredi sistemleri yok.<\/li>\n<li>Metin veya Video Se\u00e7enekleri: Konfor seviyesine ba\u011fl\u0131 olarak.<\/li>\n<li>Rastgele E\u015fle\u015ftirme: Sadece yak\u0131n\u0131n\u0131zdakilerle de\u011fil, d\u00fcnya \u00e7ap\u0131ndaki yabanc\u0131larla tan\u0131\u015f\u0131n.<\/li>\n<li>Kay\u0131t Yok: Anonim ve sorunsuz kalmak.<\/li>\n<\/ul>\n<p>Ba\u015fka bir deyi\u015fle, kayd\u0131rma, biyografi ve do\u011frulama ad\u0131mlar\u0131 gerektiren modern arkada\u015fl\u0131k uygulamalar\u0131n\u0131n tam tersidir. \u015eimdi \u00dccretsiz Sohbet h\u0131z ve spontanl\u0131kla ilgilidir.<\/p>\n<h2>\u00c7evrimi\u00e7i Sohbetin K\u0131sa Tarihi<\/h2>\n<p>\u015eimdi \u00dccretsiz Sohbetin neden bu kadar pop\u00fcler oldu\u011funu anlamak i\u00e7in \u00e7evrimi\u00e7i sohbetin nas\u0131l geli\u015fti\u011fine bakmak yard\u0131mc\u0131 olur:<\/p>\n<ul>\n<li>1990'lar - Sohbet Odalar\u0131n\u0131n Y\u00fckseli\u015fi: AOL Chat ve IRC gibi platformlar kullan\u0131c\u0131lar\u0131n konu tabanl\u0131 odalarda bir araya gelmesini sa\u011flad\u0131. Bu odalar yaln\u0131zca metin i\u00e7eriyordu ve genellikle moderat\u00f6rs\u00fczd\u00fc.<\/li>\n<li>2000'ler - Sosyal A\u011flar Devrede: MSN Messenger, Yahoo Chat ve ilk sosyal medya arkada\u015f listeleri ve \u00f6zel sohbetler ekledi.<\/li>\n<li>2009 - <a href=\"https:\/\/strangercam.com\/tr\/omegle\/\">Omegle<\/a> Lansmanlar: Rastgele bire bir sohbetler yeni trend haline geldi ve daha sonra video eklendi. Bu, modern \u201cyabanc\u0131larla sohbet\u201d k\u00fclt\u00fcr\u00fcn\u00fc \u015fekillendirdi.<\/li>\n<li>2010'lar - K\u00fcresel G\u00f6r\u00fcnt\u00fcl\u00fc Sohbet Patlamas\u0131: <a href=\"https:\/\/strangercam.com\/tr\/chatroulette\/\">Chatroulette<\/a>, Chatrandom ve Shagle pop\u00fclerlik patlamas\u0131 ya\u015fad\u0131. Mobil uygulamalar gibi <a href=\"https:\/\/strangercam.com\/tr\/ometv\/\">OmeTV<\/a> sohbet etmeyi daha da kolayla\u015ft\u0131rd\u0131.<\/li>\n<li>2020'ler - Yeni D\u00f6nem: Omegle'nin 2023'te kapanmas\u0131n\u0131n ard\u0131ndan kullan\u0131c\u0131lar StrangerCam gibi \u00fccretsiz eri\u015fimi moderasyonla birle\u015ftiren daha g\u00fcvenli ve modern alternatiflere ak\u0131n etti.<\/li>\n<\/ul>\n<p>Bug\u00fcn, Free Chat Now her iki d\u00fcnyan\u0131n da en iyisini temsil ediyor: eski usul sohbet odalar\u0131n\u0131n nostaljisi ve canl\u0131 g\u00f6r\u00fcnt\u00fcl\u00fc konu\u015fmalar\u0131n heyecan\u0131.<\/p>\n<h2>\u0130nsanlar \u00dccretsiz Sohbeti Neden Seviyor?<\/h2>\n<p>\"\u015eimdi \u00dccretsiz Sohbet\" anahtar kelimesinin \u00fcst s\u0131ralarda yer almas\u0131n\u0131n bir nedeni var: \u0130nsanlar anl\u0131k sosyal etkile\u015fimi arzuluyor. \u0130\u015fte nedeni:<\/p>\n<ol>\n<li>Yaln\u0131zl\u0131k ve Sosyal \u0130zolasyon: Bir\u00e7ok insan kendini kopuk hisseder ve h\u0131zl\u0131, anlaml\u0131 etkile\u015fim ister.<\/li>\n<li>Spontanl\u0131k: Her sohbet benzersizdir - kiminle sohbet edece\u011finizi bilmemek heyecan vericidir. <a href=\"https:\/\/strangercam.com\/tr\/coomeet\/\">tan\u0131\u015fmak<\/a>.<\/li>\n<li>K\u00fclt\u00fcrel Merak: D\u00fcnyan\u0131n her yerinden insanlarla konu\u015fmak bak\u0131\u015f a\u00e7\u0131lar\u0131n\u0131 geni\u015fletir.<\/li>\n<li>Fl\u00f6rt ve E\u011flence: Bir\u00e7ok kullan\u0131c\u0131, potansiyel romantik k\u0131v\u0131lc\u0131mlar i\u00e7eren hafif y\u00fcrekli sohbetler arar.<\/li>\n<li>Eri\u015filebilirlik: Kolay, \u00fccretsiz ve herhangi bir taahh\u00fct gerektirmiyor.<\/li>\n<\/ol>\n<p>Reddedilmenin veya hayalete d\u00f6n\u00fc\u015fmenin yayg\u0131n oldu\u011fu fl\u00f6rt uygulamalar\u0131n\u0131n aksine, rastgele sohbetler d\u00fc\u015f\u00fck bas\u0131n\u00e7l\u0131d\u0131r ve tek kullan\u0131ml\u0131kt\u0131r - e\u011fer t\u0131klamazsan\u0131z, sadece \"\u0130leri\" ye t\u0131klars\u0131n\u0131z.<\/p>\n<h2>\u015eimdi \u00dccretsiz Sohbet Platformlar\u0131 Nas\u0131l \u00c7al\u0131\u015f\u0131r?<\/h2>\n<p>S\u00fcre\u00e7 h\u0131zl\u0131 ve basittir:<\/p>\n<ol>\n<li>StrangerCam gibi bir platform a\u00e7\u0131n.<\/li>\n<li>Modunuzu se\u00e7in (metin sohbeti veya g\u00f6r\u00fcnt\u00fcl\u00fc sohbet).<\/li>\n<li>Video etkinle\u015ftirilmi\u015fse kamera\/mikrofon eri\u015fimine izin verin.<\/li>\n<li>An\u0131nda ba\u011flanmak i\u00e7in \"Sohbeti Ba\u015flat \"a t\u0131klay\u0131n.<\/li>\n<li>Saniyeler i\u00e7inde d\u00fcnya \u00e7ap\u0131nda bir yabanc\u0131yla tan\u0131\u015f\u0131n.<\/li>\n<li>Yeni bir g\u00f6r\u00fc\u015fme ba\u015flatmak i\u00e7in istedi\u011finiz zaman \"\u0130leri\" d\u00fc\u011fmesine bas\u0131n.<\/li>\n<\/ol>\n<p>Baz\u0131 platformlar a\u015fa\u011f\u0131daki gibi \u00f6zellikler de i\u00e7erir:<\/p>\n<ul>\n<li>Cinsiyet filtreleri.<\/li>\n<li>Konum tabanl\u0131 e\u015fle\u015fmeler.<\/li>\n<li>Sohbet i\u00e7i \u00e7eviriler.<\/li>\n<li>Temal\u0131 sohbet odalar\u0131.<\/li>\n<\/ul>\n<h2>En \u00d6nemli \u00d6zellikler<\/h2>\n<p>Bir \u00dccretsiz Sohbet Hizmeti se\u00e7erken \u015funlara dikkat edin:<\/p>\n<ul>\n<li>\u00dccretsiz Eri\u015fim: Ger\u00e7ekten s\u0131n\u0131rs\u0131z kullan\u0131m, \"kredi sistemi\" yok.<\/li>\n<li>Kay\u0131t Yok: Hesap derdinden kurtulun.<\/li>\n<li>Metin + Video Se\u00e7enekleri: Esneklik i\u00e7in.<\/li>\n<li>Mobil Uyumlu Tasar\u0131m: Ak\u0131ll\u0131 telefonlarda sorunsuz \u00e7al\u0131\u015fmal\u0131d\u0131r.<\/li>\n<li>Aktif Moderasyon: G\u00fcvenlik i\u00e7in gereklidir.<\/li>\n<li>K\u00fcresel Eri\u015fim: Daha fazla kullan\u0131c\u0131, daha fazla \u00e7e\u015fitlilik ve e\u011flence demektir.<\/li>\n<\/ul>\n<h2>2025'in En \u0130yi \u00dccretsiz Sohbet Platformlar\u0131<\/h2>\n<p>\u0130\u015fte en pop\u00fcler platformlar\u0131n kar\u015f\u0131la\u015ft\u0131rmas\u0131:<\/p>\n<table>\n<thead>\n<tr>\n<th>Platform<\/th>\n<th align=\"center\">\u00dccretsiz Eri\u015fim<\/th>\n<th align=\"center\">Kay\u0131t Gerekli<\/th>\n<th align=\"center\">G\u00f6r\u00fcnt\u00fcl\u00fc Sohbet<\/th>\n<th align=\"center\">Mobil Destek<\/th>\n<th align=\"center\">Moderasyon<\/th>\n<th>Notlar<\/th>\n<\/tr>\n<\/thead>\n<tbody>\n<tr>\n<td>StrangerCam<\/td>\n<td align=\"center\">\u2705<\/td>\n<td align=\"center\">\u274c<\/td>\n<td align=\"center\">\u2705<\/td>\n<td align=\"center\">\u2705<\/td>\n<td align=\"center\">\u2705<\/td>\n<td>Genel olarak en iyisi: \u00fccretsiz, g\u00fcvenli ve an\u0131nda<\/td>\n<\/tr>\n<tr>\n<td>Chatroulette<\/td>\n<td align=\"center\">\u2705<\/td>\n<td align=\"center\">\u274c<\/td>\n<td align=\"center\">\u2705<\/td>\n<td align=\"center\">\u2705<\/td>\n<td align=\"center\">\u2705<\/td>\n<td>Klasik, ancak s\u0131n\u0131rl\u0131 \u00f6zellikler<\/td>\n<\/tr>\n<tr>\n<td>Chatrandom<\/td>\n<td align=\"center\">\u2705<\/td>\n<td align=\"center\">\u274c<\/td>\n<td align=\"center\">\u2705<\/td>\n<td align=\"center\">\u2705<\/td>\n<td align=\"center\">\u2705<\/td>\n<td>Pop\u00fcler, ancak y\u00fckseltmeleri zorluyor<\/td>\n<\/tr>\n<tr>\n<td>OmeTV<\/td>\n<td align=\"center\">\u2705<\/td>\n<td align=\"center\">\u274c<\/td>\n<td align=\"center\">\u2705<\/td>\n<td align=\"center\">\u2705<\/td>\n<td align=\"center\">\u2705<\/td>\n<td>Uygulama \u00f6ncelikli, yaln\u0131zca rastgele e\u015fle\u015ftirme<\/td>\n<\/tr>\n<tr>\n<td>Shagle<\/td>\n<td align=\"center\">\u2705<\/td>\n<td align=\"center\">\u274c<\/td>\n<td align=\"center\">\u2705<\/td>\n<td align=\"center\">\u2705<\/td>\n<td align=\"center\">\u2705<\/td>\n<td>\u00dccretsiz ba\u015flang\u0131\u00e7, premium kilitli filtreler<\/td>\n<\/tr>\n<tr>\n<td>WireClub<\/td>\n<td align=\"center\">\u2705<\/td>\n<td align=\"center\">\u2705<\/td>\n<td align=\"center\">\u274c<\/td>\n<td align=\"center\">\u2705<\/td>\n<td align=\"center\">\u2705<\/td>\n<td>Yaln\u0131zca metin sohbet odalar\u0131<\/td>\n<\/tr>\n<\/tbody>\n<\/table>\n<p>StrangerCam, ger\u00e7ek \u00fccretsiz eri\u015fim, kay\u0131t yok ve tek bir yerde hem metin + g\u00f6r\u00fcnt\u00fcl\u00fc sohbet sunan tek platformlardan biri olarak \u00f6ne \u00e7\u0131k\u0131yor.<\/p>\n<h2>StrangerCam Neden \u015eimdi En \u0130yi \u00dccretsiz Sohbet Se\u00e7imi<\/h2>\n<p>\u0130\u015fte StrangerCam'in \"\u015eimdi nerede \u00fccretsiz sohbet ba\u015flatabilirim?\" sorusunun en iyi yan\u0131tlar\u0131ndan biri olmas\u0131n\u0131n nedeni:<\/p>\n<ul>\n<li>\u00dccretsiz ve S\u0131n\u0131rs\u0131z - K\u0131s\u0131tlama veya gizli maliyet yok.<\/li>\n<li>An\u0131nda Eri\u015fim - 10 saniyeden k\u0131sa s\u00fcrede sohbete ba\u015flay\u0131n.<\/li>\n<li>Video ve Metin Se\u00e7enekleri - Rahat\u0131n\u0131za g\u00f6re de\u011fi\u015ftirin.<\/li>\n<li>G\u00fcvenli ve Kontroll\u00fc - Omegle'den \u00e7ok daha g\u00fcvenli.<\/li>\n<li>Mobil + Masa\u00fcst\u00fc Dostu - T\u00fcm cihazlarda \u00e7al\u0131\u015f\u0131r.<\/li>\n<li>K\u00fcresel Topluluk - 100'den fazla \u00fclkeden insanlarla tan\u0131\u015f\u0131n.<\/li>\n<\/ul>\n<p>Spontane, ger\u00e7ek ve kapsay\u0131c\u0131d\u0131r - insanlar\u0131n \u015eimdi \u00dccretsiz Sohbet yazd\u0131klar\u0131nda arad\u0131klar\u0131 tam deneyim.<\/p>\n<h2>Ger\u00e7ek Kullan\u0131c\u0131 G\u00f6r\u00fc\u015fleri<\/h2>\n<blockquote><p>\"\u015eimdi \u00dccretsiz Sohbet'i arad\u0131m ve StrangerCam'i buldum. Bir dakika i\u00e7inde Brezilya'dan biriyle konu\u015fuyordum. H\u0131zl\u0131 ve e\u011flenceli.\"<br \/>\n- Daniel, 27 ya\u015f\u0131nda.<\/p><\/blockquote>\n<blockquote><p>\"Di\u011fer sitelerin aksine, StrangerCam ger\u00e7ekten \u00fccretsiz. Kredi yok, gizli \u00f6deme duvarlar\u0131 yok.\"<br \/>\n- Sophia, 21 ya\u015f\u0131nda.<\/p><\/blockquote>\n<blockquote><p>\"Di\u011fer uygulamalar\u0131 denedim ama \u00e7ok yava\u015flard\u0131. Bu an\u0131nda oldu, tam istedi\u011fim gibi.\"<br \/>\n- Ryan, 30 ya\u015f\u0131nda.<\/p><\/blockquote>\n<blockquote><p>\"\u0130stedi\u011fim zaman ayr\u0131labilmem \u00e7ok g\u00fczel, hi\u00e7bir taahh\u00fct yok. \u015eimdi \u00dccretsiz Sohbet burada ger\u00e7ekten i\u015fe yar\u0131yor.\"<br \/>\n- Emma, 19 ya\u015f\u0131nda.<\/p><\/blockquote>\n<h2>\"\u015eimdi \u00dccretsiz Sohbet \"in Arkas\u0131ndaki Psikoloji<\/h2>\n<p>Neden bu kadar \u00e7ok insan tam olarak bu kelimeleri ar\u0131yor? Bu \u00fc\u00e7 \u015feyle ilgili:<\/p>\n<ol>\n<li>An\u0131ndal\u0131k: \u0130nsanlar an\u0131nda tatmin olmak i\u00e7in can atar. \"\u015eimdi sohbet et\" fikri kar\u015f\u0131 konulmazd\u0131r.<\/li>\n<li>Sosyal Merak: Yenilikten ve \u00f6ng\u00f6r\u00fclemezlikten ho\u015flanmak i\u00e7in yarat\u0131lm\u0131\u015f\u0131z. Yabanc\u0131larla \u00e7evrimi\u00e7i bulu\u015fmak bu ihtiyac\u0131 kar\u015f\u0131lar.<\/li>\n<li>Ekonomiklik: \"\u00dccretsiz\" olmas\u0131 herkes i\u00e7in eri\u015filebilir olmas\u0131n\u0131 sa\u011flar. Kimse sadece merhaba demek i\u00e7in para \u00f6demek istemez.<\/li>\n<\/ol>\n<p>Bu, \u00dccretsiz Sohbetin neden d\u00fcnya \u00e7ap\u0131nda bu kadar \u00e7ok aranan bir anahtar kelime olmaya devam etti\u011fini a\u00e7\u0131kl\u0131yor.<\/p>\n<h2>\u015eimdi \u00dccretsiz Sohbet i\u00e7in G\u00fcvenlik \u0130pu\u00e7lar\u0131<\/h2>\n<p>\u00c7evrimi\u00e7i sohbet etmek e\u011flenceli olsa da, g\u00fcvenlik her zaman \u00f6nce gelmelidir. \u0130\u015fte uyulmas\u0131 gereken kurallar:<\/p>\n<ul>\n<li>Ki\u015fisel bilgilerinizi (telefon, e-posta, adres) payla\u015fmay\u0131n.<\/li>\n<li>Sohbetler s\u0131ras\u0131nda \u015f\u00fcpheli ba\u011flant\u0131lardan ka\u00e7\u0131n\u0131n.<\/li>\n<li>Rahats\u0131z edici durumlar i\u00e7in Skip\/Block kullan\u0131n.<\/li>\n<li>Kameray\u0131 a\u00e7madan \u00f6nce arka plan\u0131n\u0131z\u0131 kontrol edin.<\/li>\n<li>Takma ad kullan\u0131n, ger\u00e7ek ad de\u011fil.<\/li>\n<li>Ya\u015f kurallar\u0131na sayg\u0131 g\u00f6sterin - 18 ya\u015f\u0131n alt\u0131ndaysan\u0131z yeti\u015fkin odalar\u0131na girmeyin.<\/li>\n<\/ul>\n<h2>Nas\u0131l Ba\u015flan\u0131r - Ad\u0131m Ad\u0131m<\/h2>\n<p>\u015eimdi \u00dccretsiz Sohbet oturumunu ba\u015flatmak yaln\u0131zca bir dakika s\u00fcrer:<\/p>\n<ol>\n<li>Taray\u0131c\u0131n\u0131zda veya telefonunuzda StrangerCam'i a\u00e7\u0131n.<\/li>\n<li>Sohbet modunuzu se\u00e7in (metin veya video).<\/li>\n<li>Kamera\/mikrofon i\u00e7in izin verin (video ise).<\/li>\n<li>An\u0131nda e\u015fle\u015fmek i\u00e7in Sohbeti Ba\u015flat'a t\u0131klay\u0131n.<\/li>\n<li>Sohbetin tad\u0131n\u0131 \u00e7\u0131kar\u0131n veya yeni biriyle tan\u0131\u015fmak i\u00e7in Next'e bas\u0131n.<\/li>\n<\/ol>\n<p>\u0130\u015fte bu kadar - h\u0131zl\u0131, \u00fccretsiz ve anonim.<\/p>\n<p>2025 y\u0131l\u0131nda, \u015eimdi \u00dccretsiz Sohbet her zamankinden daha pop\u00fcler. \u0130nsanlar uzun kay\u0131tlar, sahte profiller veya \u00f6deme duvarlar\u0131 istemiyor - d\u00fcnya \u00e7ap\u0131nda yabanc\u0131larla an\u0131nda, ger\u00e7ek sohbetler istiyorlar.<\/p>\n<p>StrangerCam gibi platformlar tam olarak bunu sunar: 7\/24 ger\u00e7ek insanlarla \u00fccretsiz, g\u00fcvenli ve spontane sohbetler. \u0130ster arkada\u015f, ister g\u00fcndelik e\u011flence veya k\u00fclt\u00fcrel al\u0131\u015fveri\u015f ar\u0131yor olun, \u00dccretsiz Sohbet \u015eimdi size an\u0131nda ba\u011flant\u0131 kurman\u0131n heyecan\u0131n\u0131 ya\u015fat\u0131r.<\/p>\n<p>Denemeye haz\u0131r m\u0131s\u0131n\u0131z? Hemen bug\u00fcn \u00dccretsiz Sohbet ba\u015flat\u0131n ve bir sonraki bulu\u015fman\u0131z\u0131n kimlerle olaca\u011f\u0131n\u0131 ke\u015ffedin.<\/p>","protected":false},"excerpt":{"rendered":"<p>Are you searching for Free Chat Now? You\u2019re not alone. Millions of people every month type those exact words into Google, hoping to find a simple, fast, and free way to connect with new people online. The idea is clear: no long signups, no downloads, no hidden costs\u2014just the ability to start chatting instantly with [&hellip;]<\/p>\n","protected":false},"author":8,"featured_media":0,"parent":0,"menu_order":0,"comment_status":"closed","ping_status":"closed","template":"","meta":{"footnotes":""},"class_list":["post-5006","page","type-page","status-publish","hentry"],"yoast_head":"<!-- This site is optimized with the Yoast SEO plugin v27.4 - https:\/\/yoast.com\/product\/yoast-seo-wordpress\/ -->\n<title>Free Chat Now with Video Chat on Strangercam.com<\/title>\n<meta name=\"description\" content=\"Liking Free Chat Now? Join millions on StrangerCam.com! Start a random video chat, turn on your cam, and meet strangers instantly.\" \/>\n<meta name=\"robots\" content=\"index, follow, max-snippet:-1, max-image-preview:large, max-video-preview:-1\" \/>\n<link rel=\"canonical\" href=\"https:\/\/strangercam.com\/tr\/simdi-ucretsiz-sohbet\/\" \/>\n<meta property=\"og:locale\" content=\"tr_TR\" \/>\n<meta property=\"og:type\" content=\"article\" \/>\n<meta property=\"og:title\" content=\"Free Chat Now with Video Chat on Strangercam.com\" \/>\n<meta property=\"og:description\" content=\"Liking Free Chat Now? Join millions on StrangerCam.com! Start a random video chat, turn on your cam, and meet strangers instantly.\" \/>\n<meta property=\"og:url\" content=\"https:\/\/strangercam.com\/tr\/simdi-ucretsiz-sohbet\/\" \/>\n<meta property=\"og:site_name\" content=\"Strangercam\" \/>\n<meta property=\"article:publisher\" content=\"https:\/\/www.facebook.com\/strangercam\" \/>\n<meta property=\"article:modified_time\" content=\"2025-09-29T10:01:40+00:00\" \/>\n<meta property=\"og:image\" content=\"https:\/\/strangercam.com\/wp-content\/uploads\/2021\/10\/Untitled-2.png\" \/>\n\t<meta property=\"og:image:width\" content=\"800\" \/>\n\t<meta property=\"og:image:height\" content=\"532\" \/>\n\t<meta property=\"og:image:type\" content=\"image\/png\" \/>\n<meta name=\"twitter:card\" content=\"summary_large_image\" \/>\n<meta name=\"twitter:site\" content=\"@strangercamapp\" \/>\n<meta name=\"twitter:label1\" content=\"Tahmini okuma s\u00fcresi\" \/>\n\t<meta name=\"twitter:data1\" content=\"5 dakika\" \/>\n<script type=\"application\/ld+json\" class=\"yoast-schema-graph\">{\"@context\":\"https:\\\/\\\/schema.org\",\"@graph\":[{\"@type\":\"WebPage\",\"@id\":\"https:\\\/\\\/strangercam.com\\\/free-chat-now\\\/\",\"url\":\"https:\\\/\\\/strangercam.com\\\/free-chat-now\\\/\",\"name\":\"Free Chat Now with Video Chat on Strangercam.com\",\"isPartOf\":{\"@id\":\"https:\\\/\\\/strangercam.com\\\/#website\"},\"datePublished\":\"2025-09-29T08:59:56+00:00\",\"dateModified\":\"2025-09-29T10:01:40+00:00\",\"description\":\"Liking Free Chat Now? Join millions on StrangerCam.com! Start a random video chat, turn on your cam, and meet strangers instantly.\",\"breadcrumb\":{\"@id\":\"https:\\\/\\\/strangercam.com\\\/free-chat-now\\\/#breadcrumb\"},\"inLanguage\":\"tr\",\"potentialAction\":[{\"@type\":\"ReadAction\",\"target\":[\"https:\\\/\\\/strangercam.com\\\/free-chat-now\\\/\"]}]},{\"@type\":\"BreadcrumbList\",\"@id\":\"https:\\\/\\\/strangercam.com\\\/free-chat-now\\\/#breadcrumb\",\"itemListElement\":[{\"@type\":\"ListItem\",\"position\":1,\"name\":\"Home\",\"item\":\"https:\\\/\\\/strangercam.com\\\/\"},{\"@type\":\"ListItem\",\"position\":2,\"name\":\"Free Chat Now\"}]},{\"@type\":\"WebSite\",\"@id\":\"https:\\\/\\\/strangercam.com\\\/#website\",\"url\":\"https:\\\/\\\/strangercam.com\\\/\",\"name\":\"Strangercam\",\"description\":\"Random Video Chat with Strangers\",\"publisher\":{\"@id\":\"https:\\\/\\\/strangercam.com\\\/#organization\"},\"alternateName\":\"Strangercam.com\",\"potentialAction\":[{\"@type\":\"SearchAction\",\"target\":{\"@type\":\"EntryPoint\",\"urlTemplate\":\"https:\\\/\\\/strangercam.com\\\/?s={search_term_string}\"},\"query-input\":{\"@type\":\"PropertyValueSpecification\",\"valueRequired\":true,\"valueName\":\"search_term_string\"}}],\"inLanguage\":\"tr\"},{\"@type\":\"Organization\",\"@id\":\"https:\\\/\\\/strangercam.com\\\/#organization\",\"name\":\"Strangercam\",\"alternateName\":\"Strangercam.com\",\"url\":\"https:\\\/\\\/strangercam.com\\\/\",\"logo\":{\"@type\":\"ImageObject\",\"inLanguage\":\"tr\",\"@id\":\"https:\\\/\\\/strangercam.com\\\/#\\\/schema\\\/logo\\\/image\\\/\",\"url\":\"https:\\\/\\\/strangercam.com\\\/wp-content\\\/uploads\\\/2020\\\/11\\\/cropped-new-favicon-black.png\",\"contentUrl\":\"https:\\\/\\\/strangercam.com\\\/wp-content\\\/uploads\\\/2020\\\/11\\\/cropped-new-favicon-black.png\",\"width\":512,\"height\":512,\"caption\":\"Strangercam\"},\"image\":{\"@id\":\"https:\\\/\\\/strangercam.com\\\/#\\\/schema\\\/logo\\\/image\\\/\"},\"sameAs\":[\"https:\\\/\\\/www.facebook.com\\\/strangercam\",\"https:\\\/\\\/x.com\\\/strangercamapp\"]}]}<\/script>\n<!-- \/ Yoast SEO plugin. -->","yoast_head_json":{"title":"Strangercam.com'da G\u00f6r\u00fcnt\u00fcl\u00fc Sohbet ile \u015eimdi \u00dccretsiz Sohbet Edin","description":"\u015eimdi \u00dccretsiz Sohbet mi Seviyorsun? StrangerCam.com'da Join milyonlarca! Rastgele bir g\u00f6r\u00fcnt\u00fcl\u00fc sohbet ba\u015flat\u0131n, kameran\u0131z\u0131 a\u00e7\u0131n ve yabanc\u0131larla an\u0131nda tan\u0131\u015f\u0131n.","robots":{"index":"index","follow":"follow","max-snippet":"max-snippet:-1","max-image-preview":"max-image-preview:large","max-video-preview":"max-video-preview:-1"},"canonical":"https:\/\/strangercam.com\/tr\/simdi-ucretsiz-sohbet\/","og_locale":"tr_TR","og_type":"article","og_title":"Free Chat Now with Video Chat on Strangercam.com","og_description":"Liking Free Chat Now? Join millions on StrangerCam.com! Start a random video chat, turn on your cam, and meet strangers instantly.","og_url":"https:\/\/strangercam.com\/tr\/simdi-ucretsiz-sohbet\/","og_site_name":"Strangercam","article_publisher":"https:\/\/www.facebook.com\/strangercam","article_modified_time":"2025-09-29T10:01:40+00:00","og_image":[{"width":800,"height":532,"url":"https:\/\/strangercam.com\/wp-content\/uploads\/2021\/10\/Untitled-2.png","type":"image\/png"}],"twitter_card":"summary_large_image","twitter_site":"@strangercamapp","twitter_misc":{"Tahmini okuma s\u00fcresi":"5 dakika"},"schema":{"@context":"https:\/\/schema.org","@graph":[{"@type":"WebPage","@id":"https:\/\/strangercam.com\/free-chat-now\/","url":"https:\/\/strangercam.com\/free-chat-now\/","name":"Strangercam.com'da G\u00f6r\u00fcnt\u00fcl\u00fc Sohbet ile \u015eimdi \u00dccretsiz Sohbet Edin","isPartOf":{"@id":"https:\/\/strangercam.com\/#website"},"datePublished":"2025-09-29T08:59:56+00:00","dateModified":"2025-09-29T10:01:40+00:00","description":"\u015eimdi \u00dccretsiz Sohbet mi Seviyorsun? StrangerCam.com'da Join milyonlarca! Rastgele bir g\u00f6r\u00fcnt\u00fcl\u00fc sohbet ba\u015flat\u0131n, kameran\u0131z\u0131 a\u00e7\u0131n ve yabanc\u0131larla an\u0131nda tan\u0131\u015f\u0131n.","breadcrumb":{"@id":"https:\/\/strangercam.com\/free-chat-now\/#breadcrumb"},"inLanguage":"tr","potentialAction":[{"@type":"ReadAction","target":["https:\/\/strangercam.com\/free-chat-now\/"]}]},{"@type":"BreadcrumbList","@id":"https:\/\/strangercam.com\/free-chat-now\/#breadcrumb","itemListElement":[{"@type":"ListItem","position":1,"name":"Home","item":"https:\/\/strangercam.com\/"},{"@type":"ListItem","position":2,"name":"Free Chat Now"}]},{"@type":"WebSite","@id":"https:\/\/strangercam.com\/#website","url":"https:\/\/strangercam.com\/","name":"Strangercam","description":"Yabanc\u0131larla Rastgele G\u00f6r\u00fcnt\u00fcl\u00fc Sohbet","publisher":{"@id":"https:\/\/strangercam.com\/#organization"},"alternateName":"Strangercam.com","potentialAction":[{"@type":"SearchAction","target":{"@type":"EntryPoint","urlTemplate":"https:\/\/strangercam.com\/?s={search_term_string}"},"query-input":{"@type":"PropertyValueSpecification","valueRequired":true,"valueName":"search_term_string"}}],"inLanguage":"tr"},{"@type":"Organization","@id":"https:\/\/strangercam.com\/#organization","name":"Strangercam","alternateName":"Strangercam.com","url":"https:\/\/strangercam.com\/","logo":{"@type":"ImageObject","inLanguage":"tr","@id":"https:\/\/strangercam.com\/#\/schema\/logo\/image\/","url":"https:\/\/strangercam.com\/wp-content\/uploads\/2020\/11\/cropped-new-favicon-black.png","contentUrl":"https:\/\/strangercam.com\/wp-content\/uploads\/2020\/11\/cropped-new-favicon-black.png","width":512,"height":512,"caption":"Strangercam"},"image":{"@id":"https:\/\/strangercam.com\/#\/schema\/logo\/image\/"},"sameAs":["https:\/\/www.facebook.com\/strangercam","https:\/\/x.com\/strangercamapp"]}]}},"_links":{"self":[{"href":"https:\/\/strangercam.com\/tr\/wp-json\/wp\/v2\/pages\/5006","targetHints":{"allow":["GET"]}}],"collection":[{"href":"https:\/\/strangercam.com\/tr\/wp-json\/wp\/v2\/pages"}],"about":[{"href":"https:\/\/strangercam.com\/tr\/wp-json\/wp\/v2\/types\/page"}],"author":[{"embeddable":true,"href":"https:\/\/strangercam.com\/tr\/wp-json\/wp\/v2\/users\/8"}],"replies":[{"embeddable":true,"href":"https:\/\/strangercam.com\/tr\/wp-json\/wp\/v2\/comments?post=5006"}],"version-history":[{"count":1,"href":"https:\/\/strangercam.com\/tr\/wp-json\/wp\/v2\/pages\/5006\/revisions"}],"predecessor-version":[{"id":13045,"href":"https:\/\/strangercam.com\/tr\/wp-json\/wp\/v2\/pages\/5006\/revisions\/13045"}],"wp:attachment":[{"href":"https:\/\/strangercam.com\/tr\/wp-json\/wp\/v2\/media?parent=5006"}],"curies":[{"name":"wp","href":"https:\/\/api.w.org\/{rel}","templated":true}]}}