{"id":4988,"date":"2025-09-23T11:42:02","date_gmt":"2025-09-23T09:42:02","guid":{"rendered":"https:\/\/strangercam.com\/?page_id=4988"},"modified":"2025-09-23T12:44:52","modified_gmt":"2025-09-23T10:44:52","slug":"badoo-ucretsiz-sohbet-ve-arkadaslik-uygulamasi-pof","status":"publish","type":"page","link":"https:\/\/strangercam.com\/tr\/badoo-free-chat-and-dating-app-pof\/","title":{"rendered":"Badoo \u00dccretsiz Sohbet Ve Arkada\u015fl\u0131k Uygulamas\u0131 Pof"},"content":{"rendered":"<p>E\u011fer Badoo'yu \u00fccretsiz ar\u0131yorsan\u0131z <a href=\"https:\/\/strangercam.com\/tr\/chatroulette\/\">sohbet<\/a> ve arkada\u015fl\u0131k uygulamas\u0131 ya da POF (Plenty of Fish) kullan\u0131yorsan\u0131z, muhtemelen g\u00fcvenilir bir yol ar\u0131yorsunuzdur. <a href=\"https:\/\/strangercam.com\/tr\/coomeet\/\">tan\u0131\u015fmak<\/a> \u00e7evrimi\u00e7i yeni insanlar. Her iki platform da fl\u00f6rt d\u00fcnyas\u0131nda olduk\u00e7a pop\u00fclerdir, ancak \u00e7ok farkl\u0131 deneyimler sunarlar.<\/p>\n<p>Badoo genellikle k\u00fcresel bir sosyal ke\u015fif uygulamas\u0131 olarak g\u00f6r\u00fcl\u00fcr - yeni insanlarla tan\u0131\u015fmak, \u00fccretsiz sohbet etmek ve hatta fl\u00f6rt etmenin yan\u0131 s\u0131ra arkada\u015fl\u0131klar\u0131 da ke\u015ffetmek i\u00e7in bir yer. POF (Plenty of Fish) ise kapsaml\u0131 profilleri ve uyumluluk odakl\u0131 yakla\u015f\u0131m\u0131yla bilinen en uzun soluklu tan\u0131\u015fma platformlar\u0131ndan biridir.<\/p>\n<p>Bu k\u0131lavuzda, her iki uygulamay\u0131 da inceleyecek, \u00f6zelliklerini kar\u015f\u0131la\u015ft\u0131racak, art\u0131lar\u0131n\u0131 ve eksilerini vurgulayacak ve ayr\u0131ca \u00fc\u00e7\u00fcnc\u00fc bir se\u00e7ene\u011fi tan\u0131taca\u011f\u0131z: <a href=\"https:\/\/strangercam.com\/tr\/chathub\/\">rastgele g\u00f6r\u00fcnt\u00fcl\u00fc sohbet<\/a> StrangerCam gibi platformlar, her iki d\u00fcnyan\u0131n da en iyi y\u00f6nlerini bir araya getiriyor - \u00fccretsiz sohbet ve spontane ke\u015fif.<\/p>\n<h2>Badoo \u00dccretsiz Sohbet ve Arkada\u015fl\u0131k Uygulamas\u0131 Nedir?<\/h2>\n<p>2006 y\u0131l\u0131nda kurulan Badoo, d\u00fcnyan\u0131n en b\u00fcy\u00fck sosyal ke\u015fif platformlar\u0131ndan biridir. Sadece romantizme odaklanan geleneksel arkada\u015fl\u0131k uygulamalar\u0131n\u0131n aksine, Badoo insanlar\u0131n<\/p>\n<ul>\n<li>Yeni insanlarla \u00f6zg\u00fcrce sohbet edin.<\/li>\n<li>Arkada\u015fl\u0131klar\u0131, g\u00fcndelik sohbetleri veya fl\u00f6rtleri ke\u015ffedin.<\/li>\n<li>Yak\u0131ndaki ki\u015fileri g\u00f6rmek i\u00e7in konum tabanl\u0131 e\u015fle\u015ftirmeyi kullan\u0131n.<\/li>\n<li>Sahtecili\u011fi ve kedi avc\u0131l\u0131\u011f\u0131n\u0131 azaltmak i\u00e7in profilleri do\u011frulay\u0131n.<\/li>\n<\/ul>\n<p>En b\u00fcy\u00fck cazibesi \u00fccretsiz sohbet \u00f6zelli\u011fidir - mesajla\u015fmay\u0131 b\u00fcy\u00fck \u00f6l\u00e7\u00fcde k\u0131s\u0131tlayan uygulamalar\u0131n aksine, Badoo sonsuz kayd\u0131rma yapmadan sohbet ba\u015flatmay\u0131 kolayla\u015ft\u0131r\u0131r.<\/p>\n<h2>POF (Plenty of Fish) Nedir?<\/h2>\n<p>2003'te kurulan Plenty of Fish (POF), \u00e7evrimi\u00e7i tan\u0131\u015fma d\u00fcnyas\u0131nda deneyimli bir isim. \u00d6zellikle Kuzey Amerika'da en yayg\u0131n kullan\u0131lan tan\u0131\u015fma platformlar\u0131ndan biridir.<\/p>\n<p>POF \u015funlara odaklan\u0131r:<\/p>\n<ul>\n<li>Detayl\u0131 profiller: Kullan\u0131c\u0131lar anketleri ve ki\u015filik testlerini doldurur.<\/li>\n<li>Uyumluluk e\u015fle\u015ftirmesi: Uzun vadeli ba\u015far\u0131 \u015fans\u0131 daha y\u00fcksek olan ki\u015fileri e\u015fle\u015ftirmek i\u00e7in tasarlanm\u0131\u015ft\u0131r.<\/li>\n<li>Geni\u015f kullan\u0131c\u0131 taban\u0131: D\u00fcnya \u00e7ap\u0131nda on milyonlarca \u00fcye.<\/li>\n<li>Geleneksel tan\u0131\u015fma \u00f6zellikleri: Mesajla\u015fma, bulu\u015fma ve ili\u015fki odakl\u0131 \u00e7\u00f6p\u00e7atanl\u0131k.<\/li>\n<\/ul>\n<p>POF \u00fccretsiz sohbete izin verirken, yap\u0131s\u0131 Badoo'nun g\u00fcndelik yakla\u015f\u0131m\u0131na k\u0131yasla ciddi fl\u00f6rtlere y\u00f6neliyor.<\/p>\n<h2>Badoo ve POF Aras\u0131ndaki Temel Farklar<\/h2>\n<table>\n<thead>\n<tr>\n<th>\u00d6zellik<\/th>\n<th>Badoo \u00dccretsiz Sohbet ve Arkada\u015fl\u0131k Uygulamas\u0131<\/th>\n<th>POF (Bol Bal\u0131k)<\/th>\n<\/tr>\n<\/thead>\n<tbody>\n<tr>\n<td>Birincil Ama\u00e7<\/td>\n<td>Sosyal ke\u015fif + tan\u0131\u015fma<\/td>\n<td>Geleneksel bulu\u015fma<\/td>\n<\/tr>\n<tr>\n<td>Sohbet<\/td>\n<td>\u00dccretsiz, an\u0131nda, g\u00fcndelik<\/td>\n<td>\u00dccretsiz, ancak yap\u0131land\u0131r\u0131lm\u0131\u015f<\/td>\n<\/tr>\n<tr>\n<td>Profiller<\/td>\n<td>K\u0131sa, g\u00fcndelik, e\u011flenceli<\/td>\n<td>Ayr\u0131nt\u0131l\u0131, ki\u015filik odakl\u0131<\/td>\n<\/tr>\n<tr>\n<td>Do\u011frulama<\/td>\n<td>Foto\u011fraf do\u011frulamas\u0131 mevcut<\/td>\n<td>Standart, daha az kat\u0131<\/td>\n<\/tr>\n<tr>\n<td>Kullan\u0131c\u0131 Taban\u0131<\/td>\n<td>K\u00fcresel, daha gen\u00e7 kitle<\/td>\n<td>\u00c7o\u011funlukla ABD\/Kanada, kar\u0131\u015f\u0131k ya\u015flar<\/td>\n<\/tr>\n<tr>\n<td>\u0130\u00e7in En \u0130yisi<\/td>\n<td>G\u00fcndelik sohbetler, fl\u00f6rtler, arkada\u015fl\u0131klar<\/td>\n<td>Ciddi fl\u00f6rt, uzun s\u00fcreli ili\u015fkiler<\/td>\n<\/tr>\n<\/tbody>\n<\/table>\n<p>K\u0131sacas\u0131:<\/p>\n<ul>\n<li>S\u0131radan e\u011flence, h\u0131zl\u0131 sohbetler ve arkada\u015fl\u0131k ile fl\u00f6rt\u00fcn bir kar\u0131\u015f\u0131m\u0131n\u0131 istiyorsan\u0131z Badoo'yu se\u00e7in.<\/li>\n<li>Daha fazla ili\u015fki odakl\u0131ysan\u0131z ve ayr\u0131nt\u0131l\u0131 profillere dalmak istiyorsan\u0131z POF'u se\u00e7in.<\/li>\n<\/ul>\n<h2>Badoo ve POF'un Dezavantajlar\u0131<\/h2>\n<p>Her iki uygulama da pop\u00fcler olsa da m\u00fckemmel de\u011filler:<\/p>\n<ul>\n<li>Badoo Downsides:\n<ul>\n<li>Y\u00fckseltme yapmad\u0131\u011f\u0131n\u0131z s\u00fcrece reklamlarla dolu hissedebilirsiniz.<\/li>\n<li>Bir\u00e7ok kullan\u0131c\u0131 yaln\u0131zca g\u00fcndelik etkile\u015fimler arar.<\/li>\n<li>Do\u011frulamaya ra\u011fmen sahte hesap riski.<\/li>\n<\/ul>\n<\/li>\n<li>POF Dezavantajlar\u0131:\n<ul>\n<li>Ayr\u0131nt\u0131l\u0131 kay\u0131t s\u00fcreci zaman al\u0131r.<\/li>\n<li>Daha \u00e7ok ciddi randevulara odaklanm\u0131\u015f, daha az g\u00fcndelik e\u011flence.<\/li>\n<li>Aray\u00fcz, modern uygulamalara k\u0131yasla modas\u0131 ge\u00e7mi\u015f bir his veriyor.<\/li>\n<\/ul>\n<\/li>\n<\/ul>\n<h2>\u00dc\u00e7\u00fcnc\u00fc Bir Se\u00e7enek: Rastgele G\u00f6r\u00fcnt\u00fcl\u00fc Sohbet<\/h2>\n<p>Daha h\u0131zl\u0131, daha spontane ve \u00fccretsiz bir \u015fey ar\u0131yorsan\u0131z, StrangerCam gibi rastgele g\u00f6r\u00fcnt\u00fcl\u00fc sohbet platformlar\u0131 denemeye de\u011fer. Badoo veya POF'un aksine, uzun formlar doldurman\u0131z veya e\u015fle\u015fmeleri beklemeniz gerekmez; bir d\u00fc\u011fmeye t\u0131klars\u0131n\u0131z ve an\u0131nda yeni biriyle y\u00fcz y\u00fcze ba\u011flant\u0131 kurars\u0131n\u0131z.<\/p>\n<p>\u0130\u015fte bu y\u00fczden Badoo \u00fccretsiz sohbet veya POF \u00fccretsiz bulu\u015fma arayan bir\u00e7ok ki\u015fi de rastgele sohbetin tad\u0131n\u0131 \u00e7\u0131kar\u0131yor:<\/p>\n<ul>\n<li>An\u0131nda Memnuniyet: Beklemek yok, sadece an\u0131nda g\u00f6r\u00fcnt\u00fcl\u00fc konu\u015fmalar.<\/li>\n<li>\u00dccretsiz Eri\u015fim: Temel sohbet i\u00e7in \u00f6deme duvar\u0131 yok.<\/li>\n<li>Ger\u00e7eklik: G\u00f6r\u00fcnt\u00fcl\u00fc sohbet, botlarla de\u011fil ger\u00e7ek insanlarla konu\u015fman\u0131z\u0131 sa\u011flar.<\/li>\n<li>Rahat veya Fl\u00f6rt\u00f6z: Resmi arkada\u015fl\u0131k uygulamalar\u0131n\u0131n bask\u0131s\u0131 olmadan g\u00f6n\u00fcl e\u011flendirmek i\u00e7in m\u00fckemmeldir.<\/li>\n<li>Kay\u0131t Gerektirmez: \u0130sterseniz tam anonimlik.<\/li>\n<\/ul>\n<h2>StrangerCam Neden \u00d6ne \u00c7\u0131k\u0131yor?<\/h2>\n<p>StrangerCam, \u00fccretsiz rastgele g\u00f6r\u00fcnt\u00fcl\u00fc sohbet i\u00e7in \u00f6nde gelen platformlardan biridir:<\/p>\n<ul>\n<li>\u00dccretsiz ve s\u0131n\u0131rs\u0131z sohbetler.<\/li>\n<li>Cinsiyet filtreleri (\u015fu ki\u015filerle sohbet etmeyi se\u00e7in <a href=\"https:\/\/strangercam.com\/tr\/video-chat-with-girls\/\">K\u0131zlar<\/a> ya da erkekler).<\/li>\n<li>Kay\u0131t gerekli de\u011fildir.<\/li>\n<li>G\u00fcvenli moderasyon ara\u00e7lar\u0131.<\/li>\n<li>Mobil ve masa\u00fcst\u00fc uyumlulu\u011fu.<\/li>\n<li>K\u00fcresel bir kullan\u0131c\u0131 taban\u0131.<\/li>\n<\/ul>\n<p>\"Badoo gibi \u00fccretsiz sohbeti nerede bulabilirim?\" veya \"POF'a s\u0131radan bir alternatif var m\u0131?\" diye soran herkes i\u00e7in StrangerCam cevapt\u0131r - Badoo'nun \u00fccretsiz sohbetinin heyecan\u0131n\u0131 POF'un ger\u00e7ek ba\u011flant\u0131lar\u0131n\u0131n ger\u00e7ekli\u011fiyle birle\u015ftirir.<\/p>\n<h2>Ger\u00e7ek Kullan\u0131c\u0131 G\u00f6r\u00fc\u015fleri<\/h2>\n<blockquote><p><em>\"Badoo'yu s\u0131radan sohbetler i\u00e7in seviyordum ama her zaman h\u0131zl\u0131 yan\u0131t alam\u0131yordum. StrangerCam bunu \u00e7\u00f6zd\u00fc - an\u0131nda.\"<\/em><br \/>\n- Jake, 28 ya\u015f\u0131nda.<\/p><\/blockquote>\n<blockquote><p><em>\"POF benim i\u00e7in \u00e7ok ciddi hissettirdi. StrangerCam e\u011flenceli ve \u00fccretsiz ve istedi\u011fim zaman bir sonraki ki\u015fiye ge\u00e7ebiliyorum.\"<\/em><br \/>\n- Sophia, 23 ya\u015f\u0131nda.<\/p><\/blockquote>\n<blockquote><p><em>\"Rastgele g\u00f6r\u00fcnt\u00fcl\u00fc sohbet harika bir dengedir - bazen fl\u00f6rt etmek i\u00e7in insanlarla tan\u0131\u015f\u0131rs\u0131n\u0131z, bazen de sadece g\u00fclmek i\u00e7in.\"<\/em><br \/>\n- Ryan, 30 ya\u015f\u0131nda.<\/p><\/blockquote>\n<h2>\u00c7evrimi\u00e7i Sohbet i\u00e7in G\u00fcvenlik \u0130pu\u00e7lar\u0131<\/h2>\n<p>Badoo, POF veya StrangerCam'de olsan\u0131z da, her zaman g\u00fcvende kal\u0131n:<\/p>\n<ul>\n<li>Ki\u015fisel bilgilerinizi (adres, telefon, i\u015fyeri) asla payla\u015fmay\u0131n.<\/li>\n<li>Yabanc\u0131lara para g\u00f6ndermeyin.<\/li>\n<li>Sosyal medya profillerini payla\u015fma konusunda dikkatli olun.<\/li>\n<li>Biri sizi rahats\u0131z ediyorsa raporlama ara\u00e7lar\u0131n\u0131 kullan\u0131n.<\/li>\n<li>Canl\u0131 yay\u0131na ge\u00e7meden \u00f6nce web kameran\u0131z\u0131n arka plan\u0131n\u0131 kontrol edin.<\/li>\n<\/ul>\n<p>Badoo \u00fccretsiz sohbet ve arkada\u015fl\u0131k uygulamas\u0131 veya POF (Plenty of Fish) ar\u0131yorsan\u0131z, d\u00fcnyan\u0131n en tan\u0131nm\u0131\u015f iki arkada\u015fl\u0131k platformunu ke\u015ffediyorsunuz demektir.<\/p>\n<ul>\n<li>Badoo s\u0131radan sohbetler, yak\u0131ndaki insanlarla tan\u0131\u015fmak ve sosyal ke\u015fif i\u00e7in harikad\u0131r.<\/li>\n<li>POF, ayr\u0131nt\u0131l\u0131 profiller ve uzun vadeli ba\u011flant\u0131lar isteyen ciddi randevular i\u00e7in idealdir.<\/li>\n<li>StrangerCam, kay\u0131t, \u00fccret veya bekleme olmadan an\u0131nda, y\u00fcz y\u00fcze rastgele g\u00f6r\u00fcnt\u00fcl\u00fc sohbetler istiyorsan\u0131z m\u00fckemmeldir.<\/li>\n<\/ul>\n<p>An\u0131nda ba\u011flant\u0131 kurmaya haz\u0131r m\u0131s\u0131n\u0131z? Bug\u00fcn \u00fccretsiz rastgele g\u00f6r\u00fcnt\u00fcl\u00fc sohbeti deneyin ve daha sonra kiminle tan\u0131\u015faca\u011f\u0131n\u0131z\u0131 ke\u015ffedin.<\/p>","protected":false},"excerpt":{"rendered":"<p>If you\u2019re searching for Badoo free chat and dating app or POF (Plenty of Fish), you\u2019re probably looking for a reliable way to meet new people online. Both platforms are hugely popular in the dating world, but they offer very different experiences. Badoo is often seen as a global social discovery app\u2014a place to meet [&hellip;]<\/p>\n","protected":false},"author":8,"featured_media":0,"parent":0,"menu_order":0,"comment_status":"closed","ping_status":"closed","template":"","meta":{"footnotes":""},"class_list":["post-4988","page","type-page","status-publish","hentry"],"yoast_head":"<!-- This site is optimized with the Yoast SEO plugin v27.4 - https:\/\/yoast.com\/product\/yoast-seo-wordpress\/ -->\n<title>Badoo Free Chat And Dating App Pof on Strangercam.com<\/title>\n<meta name=\"description\" content=\"Liking Badoo Free Chat And Dating App Pof? Join millions on StrangerCam.com! Start a random video chat, turn on your cam, and meet strangers instantly.\" \/>\n<meta name=\"robots\" content=\"index, follow, max-snippet:-1, max-image-preview:large, max-video-preview:-1\" \/>\n<link rel=\"canonical\" href=\"https:\/\/strangercam.com\/tr\/badoo-ucretsiz-sohbet-ve-arkadaslik-uygulamasi-pof\/\" \/>\n<meta property=\"og:locale\" content=\"tr_TR\" \/>\n<meta property=\"og:type\" content=\"article\" \/>\n<meta property=\"og:title\" content=\"Badoo Free Chat And Dating App Pof on Strangercam.com\" \/>\n<meta property=\"og:description\" content=\"Liking Badoo Free Chat And Dating App Pof? Join millions on StrangerCam.com! Start a random video chat, turn on your cam, and meet strangers instantly.\" \/>\n<meta property=\"og:url\" content=\"https:\/\/strangercam.com\/tr\/badoo-ucretsiz-sohbet-ve-arkadaslik-uygulamasi-pof\/\" \/>\n<meta property=\"og:site_name\" content=\"Strangercam\" \/>\n<meta property=\"article:publisher\" content=\"https:\/\/www.facebook.com\/strangercam\" \/>\n<meta property=\"article:modified_time\" content=\"2025-09-23T10:44:52+00:00\" \/>\n<meta property=\"og:image\" content=\"https:\/\/strangercam.com\/wp-content\/uploads\/2021\/10\/Untitled-2.png\" \/>\n\t<meta property=\"og:image:width\" content=\"800\" \/>\n\t<meta property=\"og:image:height\" content=\"532\" \/>\n\t<meta property=\"og:image:type\" content=\"image\/png\" \/>\n<meta name=\"twitter:card\" content=\"summary_large_image\" \/>\n<meta name=\"twitter:site\" content=\"@strangercamapp\" \/>\n<meta name=\"twitter:label1\" content=\"Tahmini okuma s\u00fcresi\" \/>\n\t<meta name=\"twitter:data1\" content=\"4 dakika\" \/>\n<script type=\"application\/ld+json\" class=\"yoast-schema-graph\">{\"@context\":\"https:\\\/\\\/schema.org\",\"@graph\":[{\"@type\":\"WebPage\",\"@id\":\"https:\\\/\\\/strangercam.com\\\/badoo-free-chat-and-dating-app-pof\\\/\",\"url\":\"https:\\\/\\\/strangercam.com\\\/badoo-free-chat-and-dating-app-pof\\\/\",\"name\":\"Badoo Free Chat And Dating App Pof on Strangercam.com\",\"isPartOf\":{\"@id\":\"https:\\\/\\\/strangercam.com\\\/#website\"},\"datePublished\":\"2025-09-23T09:42:02+00:00\",\"dateModified\":\"2025-09-23T10:44:52+00:00\",\"description\":\"Liking Badoo Free Chat And Dating App Pof? Join millions on StrangerCam.com! Start a random video chat, turn on your cam, and meet strangers instantly.\",\"breadcrumb\":{\"@id\":\"https:\\\/\\\/strangercam.com\\\/badoo-free-chat-and-dating-app-pof\\\/#breadcrumb\"},\"inLanguage\":\"tr\",\"potentialAction\":[{\"@type\":\"ReadAction\",\"target\":[\"https:\\\/\\\/strangercam.com\\\/badoo-free-chat-and-dating-app-pof\\\/\"]}]},{\"@type\":\"BreadcrumbList\",\"@id\":\"https:\\\/\\\/strangercam.com\\\/badoo-free-chat-and-dating-app-pof\\\/#breadcrumb\",\"itemListElement\":[{\"@type\":\"ListItem\",\"position\":1,\"name\":\"Home\",\"item\":\"https:\\\/\\\/strangercam.com\\\/\"},{\"@type\":\"ListItem\",\"position\":2,\"name\":\"Badoo Free Chat And Dating App Pof\"}]},{\"@type\":\"WebSite\",\"@id\":\"https:\\\/\\\/strangercam.com\\\/#website\",\"url\":\"https:\\\/\\\/strangercam.com\\\/\",\"name\":\"Strangercam\",\"description\":\"Random Video Chat with Strangers\",\"publisher\":{\"@id\":\"https:\\\/\\\/strangercam.com\\\/#organization\"},\"alternateName\":\"Strangercam.com\",\"potentialAction\":[{\"@type\":\"SearchAction\",\"target\":{\"@type\":\"EntryPoint\",\"urlTemplate\":\"https:\\\/\\\/strangercam.com\\\/?s={search_term_string}\"},\"query-input\":{\"@type\":\"PropertyValueSpecification\",\"valueRequired\":true,\"valueName\":\"search_term_string\"}}],\"inLanguage\":\"tr\"},{\"@type\":\"Organization\",\"@id\":\"https:\\\/\\\/strangercam.com\\\/#organization\",\"name\":\"Strangercam\",\"alternateName\":\"Strangercam.com\",\"url\":\"https:\\\/\\\/strangercam.com\\\/\",\"logo\":{\"@type\":\"ImageObject\",\"inLanguage\":\"tr\",\"@id\":\"https:\\\/\\\/strangercam.com\\\/#\\\/schema\\\/logo\\\/image\\\/\",\"url\":\"https:\\\/\\\/strangercam.com\\\/wp-content\\\/uploads\\\/2020\\\/11\\\/cropped-new-favicon-black.png\",\"contentUrl\":\"https:\\\/\\\/strangercam.com\\\/wp-content\\\/uploads\\\/2020\\\/11\\\/cropped-new-favicon-black.png\",\"width\":512,\"height\":512,\"caption\":\"Strangercam\"},\"image\":{\"@id\":\"https:\\\/\\\/strangercam.com\\\/#\\\/schema\\\/logo\\\/image\\\/\"},\"sameAs\":[\"https:\\\/\\\/www.facebook.com\\\/strangercam\",\"https:\\\/\\\/x.com\\\/strangercamapp\"]}]}<\/script>\n<!-- \/ Yoast SEO plugin. -->","yoast_head_json":{"title":"Badoo \u00dccretsiz Sohbet ve Arkada\u015fl\u0131k Uygulamas\u0131 Pof Strangercam.com'da","description":"Badoo \u00dccretsiz Sohbet ve Arkada\u015fl\u0131k Uygulamas\u0131 Pof'u Be\u011fendiniz mi? StrangerCam.com'da Join milyonlarca! Rastgele bir g\u00f6r\u00fcnt\u00fcl\u00fc sohbet ba\u015flat\u0131n, kameran\u0131z\u0131 a\u00e7\u0131n ve yabanc\u0131larla an\u0131nda tan\u0131\u015f\u0131n.","robots":{"index":"index","follow":"follow","max-snippet":"max-snippet:-1","max-image-preview":"max-image-preview:large","max-video-preview":"max-video-preview:-1"},"canonical":"https:\/\/strangercam.com\/tr\/badoo-ucretsiz-sohbet-ve-arkadaslik-uygulamasi-pof\/","og_locale":"tr_TR","og_type":"article","og_title":"Badoo Free Chat And Dating App Pof on Strangercam.com","og_description":"Liking Badoo Free Chat And Dating App Pof? Join millions on StrangerCam.com! Start a random video chat, turn on your cam, and meet strangers instantly.","og_url":"https:\/\/strangercam.com\/tr\/badoo-ucretsiz-sohbet-ve-arkadaslik-uygulamasi-pof\/","og_site_name":"Strangercam","article_publisher":"https:\/\/www.facebook.com\/strangercam","article_modified_time":"2025-09-23T10:44:52+00:00","og_image":[{"width":800,"height":532,"url":"https:\/\/strangercam.com\/wp-content\/uploads\/2021\/10\/Untitled-2.png","type":"image\/png"}],"twitter_card":"summary_large_image","twitter_site":"@strangercamapp","twitter_misc":{"Tahmini okuma s\u00fcresi":"4 dakika"},"schema":{"@context":"https:\/\/schema.org","@graph":[{"@type":"WebPage","@id":"https:\/\/strangercam.com\/badoo-free-chat-and-dating-app-pof\/","url":"https:\/\/strangercam.com\/badoo-free-chat-and-dating-app-pof\/","name":"Badoo \u00dccretsiz Sohbet ve Arkada\u015fl\u0131k Uygulamas\u0131 Pof Strangercam.com'da","isPartOf":{"@id":"https:\/\/strangercam.com\/#website"},"datePublished":"2025-09-23T09:42:02+00:00","dateModified":"2025-09-23T10:44:52+00:00","description":"Badoo \u00dccretsiz Sohbet ve Arkada\u015fl\u0131k Uygulamas\u0131 Pof'u Be\u011fendiniz mi? StrangerCam.com'da Join milyonlarca! Rastgele bir g\u00f6r\u00fcnt\u00fcl\u00fc sohbet ba\u015flat\u0131n, kameran\u0131z\u0131 a\u00e7\u0131n ve yabanc\u0131larla an\u0131nda tan\u0131\u015f\u0131n.","breadcrumb":{"@id":"https:\/\/strangercam.com\/badoo-free-chat-and-dating-app-pof\/#breadcrumb"},"inLanguage":"tr","potentialAction":[{"@type":"ReadAction","target":["https:\/\/strangercam.com\/badoo-free-chat-and-dating-app-pof\/"]}]},{"@type":"BreadcrumbList","@id":"https:\/\/strangercam.com\/badoo-free-chat-and-dating-app-pof\/#breadcrumb","itemListElement":[{"@type":"ListItem","position":1,"name":"Home","item":"https:\/\/strangercam.com\/"},{"@type":"ListItem","position":2,"name":"Badoo Free Chat And Dating App Pof"}]},{"@type":"WebSite","@id":"https:\/\/strangercam.com\/#website","url":"https:\/\/strangercam.com\/","name":"Strangercam","description":"Yabanc\u0131larla Rastgele G\u00f6r\u00fcnt\u00fcl\u00fc Sohbet","publisher":{"@id":"https:\/\/strangercam.com\/#organization"},"alternateName":"Strangercam.com","potentialAction":[{"@type":"SearchAction","target":{"@type":"EntryPoint","urlTemplate":"https:\/\/strangercam.com\/?s={search_term_string}"},"query-input":{"@type":"PropertyValueSpecification","valueRequired":true,"valueName":"search_term_string"}}],"inLanguage":"tr"},{"@type":"Organization","@id":"https:\/\/strangercam.com\/#organization","name":"Strangercam","alternateName":"Strangercam.com","url":"https:\/\/strangercam.com\/","logo":{"@type":"ImageObject","inLanguage":"tr","@id":"https:\/\/strangercam.com\/#\/schema\/logo\/image\/","url":"https:\/\/strangercam.com\/wp-content\/uploads\/2020\/11\/cropped-new-favicon-black.png","contentUrl":"https:\/\/strangercam.com\/wp-content\/uploads\/2020\/11\/cropped-new-favicon-black.png","width":512,"height":512,"caption":"Strangercam"},"image":{"@id":"https:\/\/strangercam.com\/#\/schema\/logo\/image\/"},"sameAs":["https:\/\/www.facebook.com\/strangercam","https:\/\/x.com\/strangercamapp"]}]}},"_links":{"self":[{"href":"https:\/\/strangercam.com\/tr\/wp-json\/wp\/v2\/pages\/4988","targetHints":{"allow":["GET"]}}],"collection":[{"href":"https:\/\/strangercam.com\/tr\/wp-json\/wp\/v2\/pages"}],"about":[{"href":"https:\/\/strangercam.com\/tr\/wp-json\/wp\/v2\/types\/page"}],"author":[{"embeddable":true,"href":"https:\/\/strangercam.com\/tr\/wp-json\/wp\/v2\/users\/8"}],"replies":[{"embeddable":true,"href":"https:\/\/strangercam.com\/tr\/wp-json\/wp\/v2\/comments?post=4988"}],"version-history":[{"count":2,"href":"https:\/\/strangercam.com\/tr\/wp-json\/wp\/v2\/pages\/4988\/revisions"}],"predecessor-version":[{"id":13043,"href":"https:\/\/strangercam.com\/tr\/wp-json\/wp\/v2\/pages\/4988\/revisions\/13043"}],"wp:attachment":[{"href":"https:\/\/strangercam.com\/tr\/wp-json\/wp\/v2\/media?parent=4988"}],"curies":[{"name":"wp","href":"https:\/\/api.w.org\/{rel}","templated":true}]}}