{"id":4970,"date":"2021-06-14T22:54:13","date_gmt":"2021-06-14T20:54:13","guid":{"rendered":"https:\/\/strangercam.com\/?page_id=4970"},"modified":"2023-09-12T15:18:55","modified_gmt":"2023-09-12T13:18:55","slug":"ucretsiz-yetiskin-sohbeti","status":"publish","type":"page","link":"https:\/\/strangercam.com\/tr\/free-adult-chat\/","title":{"rendered":"\u00dccretsiz Yeti\u015fkin Sohbet"},"content":{"rendered":"<p>Free Adult'a Ho\u015f Geldiniz <a href=\"https:\/\/strangercam.com\/tr\/chatroulette\/\">Sohbet<\/a>. Join \u00dccretsiz Yeti\u015fkin Sohbet g\u00f6r\u00fcnt\u00fcl\u00fc sohbet uygulamas\u0131, rastgele yabanc\u0131larla anonim olarak sohbet etmeyi kolayla\u015ft\u0131r\u0131r. \u00dccretsiz Yeti\u015fkin Sohbeti y\u00fcz maskeleri, cinsiyet ve \u00fclke filtreleri, \u00f6zel sohbet ve \u00e7ok daha fazlas\u0131n\u0131 i\u00e7eren g\u00f6r\u00fcnt\u00fcl\u00fc sohbet \u00f6zellikleri sunar. D\u00fcnyan\u0131n her yerinden rastgele k\u0131zlarla ve erkeklerle \u00e7evrimi\u00e7i olarak an\u0131nda sohbet edin. Yeni bir arkada\u015f bulun, <a href=\"https:\/\/strangercam.com\/tr\/coomeet\/\">tan\u0131\u015fmak<\/a> bir sonraki randevunuz, inan\u0131lmaz m\u00fczik becerilerinizi g\u00f6sterin, futbol hakk\u0131nda rastgele sohbet edin, \u00dccretsiz Yeti\u015fkin Sohbeti yap\u0131n veya sadece rahatlay\u0131n ve en son Netflix dizilerini bir yabanc\u0131yla tart\u0131\u015f\u0131n. \u00dccretsiz Yeti\u015fkin Sohbeti yapmak \u00fccretsiz ve kolayd\u0131r ve e\u011flenir. O web kameras\u0131n\u0131n di\u011fer taraf\u0131nda sizi kimin bekliyor olabilece\u011fini asla bilemezsiniz!<\/p>\n<p>Yeti\u015fkin sohbeti, bir\u00e7ok gen\u00e7 i\u00e7in ve genel olarak her ya\u015ftan akranlar aras\u0131nda en tatmin edici ifadedir. O kadar b\u00fcy\u00fcleyici ve \u00e7ekici ki herkes bundan bir par\u00e7a istiyor. Gen\u00e7ler genellikle StrangerCam.com gibi bir site aray\u0131\u015f\u0131ndad\u0131r.<br \/>\nYeni insanlarla anonim olarak ba\u011flant\u0131 kurmak istiyorsan\u0131z,\u00a0<a href=\"https:\/\/strangercam.com\/tr\/chathub\/\">rastgele g\u00f6r\u00fcnt\u00fcl\u00fc sohbet<\/a>\u00a0bunu yapman\u0131n en iyi ve en kolay yoludur ve StrangerCam de sohbet <a href=\"https:\/\/strangercam.com\/tr\/bazoocam\/\">cam<\/a> uygulamas\u0131 sizi oraya g\u00f6t\u00fcrecek. Uygulamam\u0131z\u0131, tam olarak kiminle kameral\u0131 g\u00f6r\u00fc\u015fme yapmak istedi\u011finizi se\u00e7meniz i\u00e7in optimize ettik - yabanc\u0131larla ba\u011flant\u0131 kurman\u0131n yeni ve yenilik\u00e7i bir yolu.<\/p>\n<p>Peki ne bekliyorsunuz? Join \u00dccretsiz Yeti\u015fkin Sohbeti \u015fimdi!<\/p>\n<h3>StrangerCam.com nedir!<\/h3>\n<p>StrangerCam, \u00e7evrimi\u00e7i bir yeti\u015fkin sohbet platformudur. Bu, yeti\u015fkinlerin potansiyel e\u015fle\u015fmelerini bulabilecekleri ve onlarla e\u011flenebilecekleri anlam\u0131na gelir.<br \/>\nWeb sitesinin birincil amac\u0131 herkese uygun bir f\u0131rsat vermektir. Sitenin algoritmas\u0131 en uygun e\u015fle\u015fmeleri se\u00e7ecek \u015fekilde tasarlanm\u0131\u015ft\u0131r. Bu, hi\u00e7bir \u00e7evrimi\u00e7i arkada\u015fl\u0131k uygulamas\u0131n\u0131n ba\u015flatmad\u0131\u011f\u0131 yeni ve benzersiz bir \u00f6zelliktir.<\/p>\n<h2>\u00dccretsiz Yeti\u015fkin Sohbet \u00d6zellikleri<\/h2>\n<p>Bunlar, StrangerCam'i di\u011fer yeti\u015fkin web sitelerinden daha iyi yapan baz\u0131 harika \u00f6zelliklerdir.<\/p>\n<p>\u00d6zelliklerine bir g\u00f6z atal\u0131m:<\/p>\n<h3>Sonu\u00e7lar hakk\u0131nda endi\u015felenmekten ka\u00e7\u0131n\u0131n<\/h3>\n<p>Biz sizi koruruz!<\/p>\n<p>E\u011fer hassas biriyseniz, StrangerCam tam size g\u00f6re.<\/p>\n<p>Neden b\u00f6yle s\u00f6yl\u00fcyoruz? \u00c7\u00fcnk\u00fc g\u00fcvenli oldu\u011funu biliyoruz!<\/p>\n<p>Endi\u015felenmenize ve akl\u0131n\u0131zdaki korkular\u0131 d\u00fc\u015f\u00fcnmenize gerek yok. Siz ve size ait olan her \u015fey burada g\u00fcvendesiniz. Verilerinizi ve kimli\u011finizi ne pahas\u0131na olursa olsun koruyoruz. \u015eirket uzun zamand\u0131r bu sloganla \u00e7al\u0131\u015f\u0131yor.<\/p>\n<h3>Yeti\u015fkinlere y\u00f6nelik i\u00e7erik payla\u015f\u0131m\u0131<\/h3>\n<p>\u0130lgili iki ki\u015finin r\u0131zas\u0131 oldu\u011fu s\u00fcrece herhangi bir sorunumuz yok!<\/p>\n<p>M\u00fc\u015fterilerin sorular\u0131n\u0131 dinliyoruz, ancak ki\u015fisel konulara m\u00fcdahale etmiyoruz. Partneriniz onaylad\u0131\u011f\u0131 s\u00fcrece her \u015feyi payla\u015fabilirsiniz.<\/p>\n<h3>Konu\u015fmay\u0131 ba\u015flat\u0131n<\/h3>\n<p>Sohbet ba\u015flatmak istiyorsunuz ve nas\u0131l yapaca\u011f\u0131n\u0131z\u0131 bilmiyor musunuz?<\/p>\n<p>E\u011fer \u00f6yleyse, o zaman do\u011fru yerdesiniz. Fantastik filtre koleksiyonu, sohbeti ba\u015flatman\u0131za da yard\u0131mc\u0131 olabilir. E\u011flenceli ama etkili bir y\u00f6ntemdir. Filtreler ayr\u0131ca potansiyel partnerinizi olu\u015fturman\u0131za da yard\u0131mc\u0131 olabilir.<\/p>\n<h3>Onlar\u0131 g\u00fcld\u00fcr\u00fcn<\/h3>\n<p>E\u011fer bir insandan ger\u00e7ekten ho\u015flanmaya ba\u015flad\u0131ysan\u0131z, ona onurlu davran\u0131n. Onlar\u0131 g\u00fcld\u00fcr\u00fcn.<\/p>\n<p>Bir f\u0131kra anlat\u0131n veya bir f\u0131kra isteyin. F\u0131kralar harika sohbet ba\u015flat\u0131c\u0131lard\u0131r. G\u00fczel bir iltifatla onlar\u0131 g\u00fcld\u00fcr\u00fcn. Bu k\u00fc\u00e7\u00fck \u015feyler insanlar\u0131 yak\u0131nla\u015ft\u0131r\u0131r.<\/p>","protected":false},"excerpt":{"rendered":"<p>Welcome to Free Adult Chat. Join the Free Adult Chat\u00a0video chat app, making it easy to chat to random strangers anonymously. Free Adult Chat offers video chat features including face masks, gender and country filters, private chat, and much more. Chat with random girls\u00a0and boys online, anywhere in the world, instantaneously. Find a new friend, [&hellip;]<\/p>\n","protected":false},"author":8,"featured_media":0,"parent":0,"menu_order":0,"comment_status":"closed","ping_status":"closed","template":"","meta":{"footnotes":""},"class_list":["post-4970","page","type-page","status-publish","hentry"],"yoast_head":"<!-- This site is optimized with the Yoast SEO plugin v27.4 - https:\/\/yoast.com\/product\/yoast-seo-wordpress\/ -->\n<title>Free Adult Chat - StrangerCam.com: Cam With Strangers<\/title>\n<meta name=\"description\" content=\"Free Adult Chat anonymously with over 5.000.000 strangers. No Sign-Up Required! Cam with strangers on StrangerCam.com.\" \/>\n<meta name=\"robots\" content=\"index, follow, max-snippet:-1, max-image-preview:large, max-video-preview:-1\" \/>\n<link rel=\"canonical\" href=\"https:\/\/strangercam.com\/tr\/ucretsiz-yetiskin-sohbeti\/\" \/>\n<meta property=\"og:locale\" content=\"tr_TR\" \/>\n<meta property=\"og:type\" content=\"article\" \/>\n<meta property=\"og:title\" content=\"Free Adult Chat - StrangerCam.com: Cam With Strangers\" \/>\n<meta property=\"og:description\" content=\"Free Adult Chat anonymously with over 5.000.000 strangers. No Sign-Up Required! Cam with strangers on StrangerCam.com.\" \/>\n<meta property=\"og:url\" content=\"https:\/\/strangercam.com\/tr\/ucretsiz-yetiskin-sohbeti\/\" \/>\n<meta property=\"og:site_name\" content=\"Strangercam\" \/>\n<meta property=\"article:publisher\" content=\"https:\/\/www.facebook.com\/strangercam\" \/>\n<meta property=\"article:modified_time\" content=\"2023-09-12T13:18:55+00:00\" \/>\n<meta property=\"og:image\" content=\"https:\/\/strangercam.com\/wp-content\/uploads\/2021\/10\/Untitled-2.png\" \/>\n\t<meta property=\"og:image:width\" content=\"800\" \/>\n\t<meta property=\"og:image:height\" content=\"532\" \/>\n\t<meta property=\"og:image:type\" content=\"image\/png\" \/>\n<meta name=\"twitter:card\" content=\"summary_large_image\" \/>\n<meta name=\"twitter:site\" content=\"@strangercamapp\" \/>\n<meta name=\"twitter:label1\" content=\"Tahmini okuma s\u00fcresi\" \/>\n\t<meta name=\"twitter:data1\" content=\"3 dakika\" \/>\n<script type=\"application\/ld+json\" class=\"yoast-schema-graph\">{\"@context\":\"https:\\\/\\\/schema.org\",\"@graph\":[{\"@type\":\"WebPage\",\"@id\":\"https:\\\/\\\/strangercam.com\\\/free-adult-chat\\\/\",\"url\":\"https:\\\/\\\/strangercam.com\\\/free-adult-chat\\\/\",\"name\":\"Free Adult Chat - StrangerCam.com: Cam With Strangers\",\"isPartOf\":{\"@id\":\"https:\\\/\\\/strangercam.com\\\/#website\"},\"datePublished\":\"2021-06-14T20:54:13+00:00\",\"dateModified\":\"2023-09-12T13:18:55+00:00\",\"description\":\"Free Adult Chat anonymously with over 5.000.000 strangers. No Sign-Up Required! Cam with strangers on StrangerCam.com.\",\"breadcrumb\":{\"@id\":\"https:\\\/\\\/strangercam.com\\\/free-adult-chat\\\/#breadcrumb\"},\"inLanguage\":\"tr\",\"potentialAction\":[{\"@type\":\"ReadAction\",\"target\":[\"https:\\\/\\\/strangercam.com\\\/free-adult-chat\\\/\"]}]},{\"@type\":\"BreadcrumbList\",\"@id\":\"https:\\\/\\\/strangercam.com\\\/free-adult-chat\\\/#breadcrumb\",\"itemListElement\":[{\"@type\":\"ListItem\",\"position\":1,\"name\":\"Home\",\"item\":\"https:\\\/\\\/strangercam.com\\\/\"},{\"@type\":\"ListItem\",\"position\":2,\"name\":\"Free Adult Chat\"}]},{\"@type\":\"WebSite\",\"@id\":\"https:\\\/\\\/strangercam.com\\\/#website\",\"url\":\"https:\\\/\\\/strangercam.com\\\/\",\"name\":\"Strangercam\",\"description\":\"Random Video Chat with Strangers\",\"publisher\":{\"@id\":\"https:\\\/\\\/strangercam.com\\\/#organization\"},\"alternateName\":\"Strangercam.com\",\"potentialAction\":[{\"@type\":\"SearchAction\",\"target\":{\"@type\":\"EntryPoint\",\"urlTemplate\":\"https:\\\/\\\/strangercam.com\\\/?s={search_term_string}\"},\"query-input\":{\"@type\":\"PropertyValueSpecification\",\"valueRequired\":true,\"valueName\":\"search_term_string\"}}],\"inLanguage\":\"tr\"},{\"@type\":\"Organization\",\"@id\":\"https:\\\/\\\/strangercam.com\\\/#organization\",\"name\":\"Strangercam\",\"alternateName\":\"Strangercam.com\",\"url\":\"https:\\\/\\\/strangercam.com\\\/\",\"logo\":{\"@type\":\"ImageObject\",\"inLanguage\":\"tr\",\"@id\":\"https:\\\/\\\/strangercam.com\\\/#\\\/schema\\\/logo\\\/image\\\/\",\"url\":\"https:\\\/\\\/strangercam.com\\\/wp-content\\\/uploads\\\/2020\\\/11\\\/cropped-new-favicon-black.png\",\"contentUrl\":\"https:\\\/\\\/strangercam.com\\\/wp-content\\\/uploads\\\/2020\\\/11\\\/cropped-new-favicon-black.png\",\"width\":512,\"height\":512,\"caption\":\"Strangercam\"},\"image\":{\"@id\":\"https:\\\/\\\/strangercam.com\\\/#\\\/schema\\\/logo\\\/image\\\/\"},\"sameAs\":[\"https:\\\/\\\/www.facebook.com\\\/strangercam\",\"https:\\\/\\\/x.com\\\/strangercamapp\"]}]}<\/script>\n<!-- \/ Yoast SEO plugin. -->","yoast_head_json":{"title":"\u00dccretsiz Yeti\u015fkin Sohbet - StrangerCam.com: Yabanc\u0131larla Kamera","description":"5.000.000'dan fazla yabanc\u0131yla anonim olarak \u00dccretsiz Yeti\u015fkin Sohbeti. Kay\u0131t Olmaya Gerek Yok! StrangerCam.com'da yabanc\u0131larla kamera.","robots":{"index":"index","follow":"follow","max-snippet":"max-snippet:-1","max-image-preview":"max-image-preview:large","max-video-preview":"max-video-preview:-1"},"canonical":"https:\/\/strangercam.com\/tr\/ucretsiz-yetiskin-sohbeti\/","og_locale":"tr_TR","og_type":"article","og_title":"Free Adult Chat - StrangerCam.com: Cam With Strangers","og_description":"Free Adult Chat anonymously with over 5.000.000 strangers. No Sign-Up Required! Cam with strangers on StrangerCam.com.","og_url":"https:\/\/strangercam.com\/tr\/ucretsiz-yetiskin-sohbeti\/","og_site_name":"Strangercam","article_publisher":"https:\/\/www.facebook.com\/strangercam","article_modified_time":"2023-09-12T13:18:55+00:00","og_image":[{"width":800,"height":532,"url":"https:\/\/strangercam.com\/wp-content\/uploads\/2021\/10\/Untitled-2.png","type":"image\/png"}],"twitter_card":"summary_large_image","twitter_site":"@strangercamapp","twitter_misc":{"Tahmini okuma s\u00fcresi":"3 dakika"},"schema":{"@context":"https:\/\/schema.org","@graph":[{"@type":"WebPage","@id":"https:\/\/strangercam.com\/free-adult-chat\/","url":"https:\/\/strangercam.com\/free-adult-chat\/","name":"\u00dccretsiz Yeti\u015fkin Sohbet - StrangerCam.com: Yabanc\u0131larla Kamera","isPartOf":{"@id":"https:\/\/strangercam.com\/#website"},"datePublished":"2021-06-14T20:54:13+00:00","dateModified":"2023-09-12T13:18:55+00:00","description":"5.000.000'dan fazla yabanc\u0131yla anonim olarak \u00dccretsiz Yeti\u015fkin Sohbeti. Kay\u0131t Olmaya Gerek Yok! StrangerCam.com'da yabanc\u0131larla kamera.","breadcrumb":{"@id":"https:\/\/strangercam.com\/free-adult-chat\/#breadcrumb"},"inLanguage":"tr","potentialAction":[{"@type":"ReadAction","target":["https:\/\/strangercam.com\/free-adult-chat\/"]}]},{"@type":"BreadcrumbList","@id":"https:\/\/strangercam.com\/free-adult-chat\/#breadcrumb","itemListElement":[{"@type":"ListItem","position":1,"name":"Home","item":"https:\/\/strangercam.com\/"},{"@type":"ListItem","position":2,"name":"Free Adult Chat"}]},{"@type":"WebSite","@id":"https:\/\/strangercam.com\/#website","url":"https:\/\/strangercam.com\/","name":"Strangercam","description":"Yabanc\u0131larla Rastgele G\u00f6r\u00fcnt\u00fcl\u00fc Sohbet","publisher":{"@id":"https:\/\/strangercam.com\/#organization"},"alternateName":"Strangercam.com","potentialAction":[{"@type":"SearchAction","target":{"@type":"EntryPoint","urlTemplate":"https:\/\/strangercam.com\/?s={search_term_string}"},"query-input":{"@type":"PropertyValueSpecification","valueRequired":true,"valueName":"search_term_string"}}],"inLanguage":"tr"},{"@type":"Organization","@id":"https:\/\/strangercam.com\/#organization","name":"Strangercam","alternateName":"Strangercam.com","url":"https:\/\/strangercam.com\/","logo":{"@type":"ImageObject","inLanguage":"tr","@id":"https:\/\/strangercam.com\/#\/schema\/logo\/image\/","url":"https:\/\/strangercam.com\/wp-content\/uploads\/2020\/11\/cropped-new-favicon-black.png","contentUrl":"https:\/\/strangercam.com\/wp-content\/uploads\/2020\/11\/cropped-new-favicon-black.png","width":512,"height":512,"caption":"Strangercam"},"image":{"@id":"https:\/\/strangercam.com\/#\/schema\/logo\/image\/"},"sameAs":["https:\/\/www.facebook.com\/strangercam","https:\/\/x.com\/strangercamapp"]}]}},"_links":{"self":[{"href":"https:\/\/strangercam.com\/tr\/wp-json\/wp\/v2\/pages\/4970","targetHints":{"allow":["GET"]}}],"collection":[{"href":"https:\/\/strangercam.com\/tr\/wp-json\/wp\/v2\/pages"}],"about":[{"href":"https:\/\/strangercam.com\/tr\/wp-json\/wp\/v2\/types\/page"}],"author":[{"embeddable":true,"href":"https:\/\/strangercam.com\/tr\/wp-json\/wp\/v2\/users\/8"}],"replies":[{"embeddable":true,"href":"https:\/\/strangercam.com\/tr\/wp-json\/wp\/v2\/comments?post=4970"}],"version-history":[{"count":0,"href":"https:\/\/strangercam.com\/tr\/wp-json\/wp\/v2\/pages\/4970\/revisions"}],"wp:attachment":[{"href":"https:\/\/strangercam.com\/tr\/wp-json\/wp\/v2\/media?parent=4970"}],"curies":[{"name":"wp","href":"https:\/\/api.w.org\/{rel}","templated":true}]}}