{"id":4930,"date":"2021-06-14T22:47:02","date_gmt":"2021-06-14T20:47:02","guid":{"rendered":"https:\/\/strangercam.com\/?page_id=4930"},"modified":"2023-09-12T15:22:03","modified_gmt":"2023-09-12T13:22:03","slug":"gay-video-sohbet","status":"publish","type":"page","link":"https:\/\/strangercam.com\/tr\/gay-video-sohbet\/","title":{"rendered":"Gay G\u00f6r\u00fcnt\u00fcl\u00fc Sohbet"},"content":{"rendered":"<p>Gay Video'ya Ho\u015f Geldiniz <a href=\"https:\/\/strangercam.com\/tr\/chatroulette\/\">Sohbet<\/a>. Join Gay Video Chat g\u00f6r\u00fcnt\u00fcl\u00fc sohbet uygulamas\u0131, rastgele yabanc\u0131larla anonim olarak sohbet etmeyi kolayla\u015ft\u0131r\u0131r. Gay Video Chat y\u00fcz maskeleri, cinsiyet ve \u00fclke filtreleri, \u00f6zel sohbet ve \u00e7ok daha fazlas\u0131n\u0131 i\u00e7eren g\u00f6r\u00fcnt\u00fcl\u00fc sohbet \u00f6zellikleri sunar. D\u00fcnyan\u0131n her yerinden rastgele k\u0131zlarla ve erkeklerle \u00e7evrimi\u00e7i olarak an\u0131nda sohbet edin. Yeni bir arkada\u015f bulun, <a href=\"https:\/\/strangercam.com\/tr\/coomeet\/\">tan\u0131\u015fmak<\/a> Bir sonraki randevunuzda inan\u0131lmaz m\u00fczik becerilerinizi g\u00f6sterin, futbol hakk\u0131nda rastgele sohbet edin, E\u015fcinsel G\u00f6r\u00fcnt\u00fcl\u00fc Sohbet yap\u0131n veya sadece rahatlay\u0131n ve en son haberleri tart\u0131\u015f\u0131n. <a href=\"https:\/\/netflix.com\">Netflix<\/a> bir yabanc\u0131yla seri. Gay G\u00f6r\u00fcnt\u00fcl\u00fc Sohbet etmek ve e\u011flenmek \u00fccretsiz ve kolayd\u0131r. O web kameras\u0131n\u0131n di\u011fer taraf\u0131nda sizi kimin bekledi\u011fini asla bilemezsiniz!<\/p>\n<p>Yeni insanlarla anonim olarak ba\u011flant\u0131 kurmak istiyorsan\u0131z, <a href=\"https:\/\/strangercam.com\/tr\/chathub\/\">rastgele g\u00f6r\u00fcnt\u00fcl\u00fc sohbet<\/a> bunu yapman\u0131n en iyi ve en kolay yoludur ve StrangerCam de sohbet <a href=\"https:\/\/strangercam.com\/tr\/bazoocam\/\">cam<\/a> uygulamas\u0131 sizi oraya g\u00f6t\u00fcrecek. Uygulamam\u0131z\u0131, tam olarak kiminle kameral\u0131 g\u00f6r\u00fc\u015fme yapmak istedi\u011finizi se\u00e7ebilmeniz i\u00e7in optimize ettik - yabanc\u0131larla ba\u011flant\u0131 kurman\u0131n yeni ve yenilik\u00e7i bir yolu.<\/p>\n<p>Peki ne bekliyorsunuz?\u00a0<a href=\"#chatbox\"><strong>\u015eimdi Gay G\u00f6r\u00fcnt\u00fcl\u00fc Sohbet'e kat\u0131l\u0131n!<\/strong><\/a><\/p>","protected":false},"excerpt":{"rendered":"<p>Welcome to . Join the video chat app that makes it easy to chat to random strangers, anonymously. offers video chat features including face masks, gender and country filters, private chat, and much more. Chat with random girls and boys online, anywhere in the world, instantaneously. Find a new friend, meet your next date, show [&hellip;]<\/p>\n","protected":false},"author":8,"featured_media":0,"parent":0,"menu_order":0,"comment_status":"closed","ping_status":"closed","template":"","meta":{"footnotes":""},"class_list":["post-4930","page","type-page","status-publish","hentry"],"yoast_head":"<!-- This site is optimized with the Yoast SEO plugin v26.9 - https:\/\/yoast.com\/product\/yoast-seo-wordpress\/ -->\n<title>Gay Video Chat - StrangerCam.com: Cam With Strangers<\/title>\n<meta name=\"description\" content=\"Gay Video Chat anonymously with over 5.000.000 strangers. No Sign-Up Required! Cam with strangers on StrangerCam.com.\" \/>\n<meta name=\"robots\" content=\"index, follow, max-snippet:-1, max-image-preview:large, max-video-preview:-1\" \/>\n<link rel=\"canonical\" href=\"https:\/\/strangercam.com\/tr\/gay-video-sohbet\/\" \/>\n<meta property=\"og:locale\" content=\"tr_TR\" \/>\n<meta property=\"og:type\" content=\"article\" \/>\n<meta property=\"og:title\" content=\"Gay Video Chat - StrangerCam.com: Cam With Strangers\" \/>\n<meta property=\"og:description\" content=\"Gay Video Chat anonymously with over 5.000.000 strangers. No Sign-Up Required! Cam with strangers on StrangerCam.com.\" \/>\n<meta property=\"og:url\" content=\"https:\/\/strangercam.com\/tr\/gay-video-sohbet\/\" \/>\n<meta property=\"og:site_name\" content=\"Strangercam\" \/>\n<meta property=\"article:publisher\" content=\"https:\/\/www.facebook.com\/strangercam\" \/>\n<meta property=\"article:modified_time\" content=\"2023-09-12T13:22:03+00:00\" \/>\n<meta property=\"og:image\" content=\"https:\/\/strangercam.com\/wp-content\/uploads\/2021\/10\/Untitled-2.png\" \/>\n\t<meta property=\"og:image:width\" content=\"800\" \/>\n\t<meta property=\"og:image:height\" content=\"532\" \/>\n\t<meta property=\"og:image:type\" content=\"image\/png\" \/>\n<meta name=\"twitter:card\" content=\"summary_large_image\" \/>\n<meta name=\"twitter:site\" content=\"@strangercamapp\" \/>\n<meta name=\"twitter:label1\" content=\"Tahmini okuma s\u00fcresi\" \/>\n\t<meta name=\"twitter:data1\" content=\"4 dakika\" \/>\n<script type=\"application\/ld+json\" class=\"yoast-schema-graph\">{\"@context\":\"https:\/\/schema.org\",\"@graph\":[{\"@type\":\"WebPage\",\"@id\":\"https:\/\/strangercam.com\/gay-video-chat\/\",\"url\":\"https:\/\/strangercam.com\/gay-video-chat\/\",\"name\":\"Gay Video Chat - StrangerCam.com: Cam With Strangers\",\"isPartOf\":{\"@id\":\"https:\/\/strangercam.com\/#website\"},\"datePublished\":\"2021-06-14T20:47:02+00:00\",\"dateModified\":\"2023-09-12T13:22:03+00:00\",\"description\":\"Gay Video Chat anonymously with over 5.000.000 strangers. No Sign-Up Required! Cam with strangers on StrangerCam.com.\",\"breadcrumb\":{\"@id\":\"https:\/\/strangercam.com\/gay-video-chat\/#breadcrumb\"},\"inLanguage\":\"tr\",\"potentialAction\":[{\"@type\":\"ReadAction\",\"target\":[\"https:\/\/strangercam.com\/gay-video-chat\/\"]}]},{\"@type\":\"BreadcrumbList\",\"@id\":\"https:\/\/strangercam.com\/gay-video-chat\/#breadcrumb\",\"itemListElement\":[{\"@type\":\"ListItem\",\"position\":1,\"name\":\"Home\",\"item\":\"https:\/\/strangercam.com\/\"},{\"@type\":\"ListItem\",\"position\":2,\"name\":\"Gay Video Chat\"}]},{\"@type\":\"WebSite\",\"@id\":\"https:\/\/strangercam.com\/#website\",\"url\":\"https:\/\/strangercam.com\/\",\"name\":\"Strangercam\",\"description\":\"Random Video Chat with Strangers\",\"publisher\":{\"@id\":\"https:\/\/strangercam.com\/#organization\"},\"alternateName\":\"Strangercam.com\",\"potentialAction\":[{\"@type\":\"SearchAction\",\"target\":{\"@type\":\"EntryPoint\",\"urlTemplate\":\"https:\/\/strangercam.com\/?s={search_term_string}\"},\"query-input\":{\"@type\":\"PropertyValueSpecification\",\"valueRequired\":true,\"valueName\":\"search_term_string\"}}],\"inLanguage\":\"tr\"},{\"@type\":\"Organization\",\"@id\":\"https:\/\/strangercam.com\/#organization\",\"name\":\"Strangercam\",\"alternateName\":\"Strangercam.com\",\"url\":\"https:\/\/strangercam.com\/\",\"logo\":{\"@type\":\"ImageObject\",\"inLanguage\":\"tr\",\"@id\":\"https:\/\/strangercam.com\/#\/schema\/logo\/image\/\",\"url\":\"https:\/\/strangercam.com\/wp-content\/uploads\/2020\/11\/cropped-new-favicon-black.png\",\"contentUrl\":\"https:\/\/strangercam.com\/wp-content\/uploads\/2020\/11\/cropped-new-favicon-black.png\",\"width\":512,\"height\":512,\"caption\":\"Strangercam\"},\"image\":{\"@id\":\"https:\/\/strangercam.com\/#\/schema\/logo\/image\/\"},\"sameAs\":[\"https:\/\/www.facebook.com\/strangercam\",\"https:\/\/x.com\/strangercamapp\"]}]}<\/script>\n<!-- \/ Yoast SEO plugin. -->","yoast_head_json":{"title":"E\u015fcinsel G\u00f6r\u00fcnt\u00fcl\u00fc Sohbet - StrangerCam.com: Yabanc\u0131larla Kamera","description":"Gay G\u00f6r\u00fcnt\u00fcl\u00fc Sohbet 5.000.000'dan fazla yabanc\u0131yla anonim olarak. Kay\u0131t Olmaya Gerek Yok! StrangerCam.com'da yabanc\u0131larla kamera.","robots":{"index":"index","follow":"follow","max-snippet":"max-snippet:-1","max-image-preview":"max-image-preview:large","max-video-preview":"max-video-preview:-1"},"canonical":"https:\/\/strangercam.com\/tr\/gay-video-sohbet\/","og_locale":"tr_TR","og_type":"article","og_title":"Gay Video Chat - StrangerCam.com: Cam With Strangers","og_description":"Gay Video Chat anonymously with over 5.000.000 strangers. No Sign-Up Required! Cam with strangers on StrangerCam.com.","og_url":"https:\/\/strangercam.com\/tr\/gay-video-sohbet\/","og_site_name":"Strangercam","article_publisher":"https:\/\/www.facebook.com\/strangercam","article_modified_time":"2023-09-12T13:22:03+00:00","og_image":[{"width":800,"height":532,"url":"https:\/\/strangercam.com\/wp-content\/uploads\/2021\/10\/Untitled-2.png","type":"image\/png"}],"twitter_card":"summary_large_image","twitter_site":"@strangercamapp","twitter_misc":{"Tahmini okuma s\u00fcresi":"4 dakika"},"schema":{"@context":"https:\/\/schema.org","@graph":[{"@type":"WebPage","@id":"https:\/\/strangercam.com\/gay-video-chat\/","url":"https:\/\/strangercam.com\/gay-video-chat\/","name":"E\u015fcinsel G\u00f6r\u00fcnt\u00fcl\u00fc Sohbet - StrangerCam.com: Yabanc\u0131larla Kamera","isPartOf":{"@id":"https:\/\/strangercam.com\/#website"},"datePublished":"2021-06-14T20:47:02+00:00","dateModified":"2023-09-12T13:22:03+00:00","description":"Gay G\u00f6r\u00fcnt\u00fcl\u00fc Sohbet 5.000.000'dan fazla yabanc\u0131yla anonim olarak. Kay\u0131t Olmaya Gerek Yok! StrangerCam.com'da yabanc\u0131larla kamera.","breadcrumb":{"@id":"https:\/\/strangercam.com\/gay-video-chat\/#breadcrumb"},"inLanguage":"tr","potentialAction":[{"@type":"ReadAction","target":["https:\/\/strangercam.com\/gay-video-chat\/"]}]},{"@type":"BreadcrumbList","@id":"https:\/\/strangercam.com\/gay-video-chat\/#breadcrumb","itemListElement":[{"@type":"ListItem","position":1,"name":"Home","item":"https:\/\/strangercam.com\/"},{"@type":"ListItem","position":2,"name":"Gay Video Chat"}]},{"@type":"WebSite","@id":"https:\/\/strangercam.com\/#website","url":"https:\/\/strangercam.com\/","name":"Strangercam","description":"Yabanc\u0131larla Rastgele G\u00f6r\u00fcnt\u00fcl\u00fc Sohbet","publisher":{"@id":"https:\/\/strangercam.com\/#organization"},"alternateName":"Strangercam.com","potentialAction":[{"@type":"SearchAction","target":{"@type":"EntryPoint","urlTemplate":"https:\/\/strangercam.com\/?s={search_term_string}"},"query-input":{"@type":"PropertyValueSpecification","valueRequired":true,"valueName":"search_term_string"}}],"inLanguage":"tr"},{"@type":"Organization","@id":"https:\/\/strangercam.com\/#organization","name":"Strangercam","alternateName":"Strangercam.com","url":"https:\/\/strangercam.com\/","logo":{"@type":"ImageObject","inLanguage":"tr","@id":"https:\/\/strangercam.com\/#\/schema\/logo\/image\/","url":"https:\/\/strangercam.com\/wp-content\/uploads\/2020\/11\/cropped-new-favicon-black.png","contentUrl":"https:\/\/strangercam.com\/wp-content\/uploads\/2020\/11\/cropped-new-favicon-black.png","width":512,"height":512,"caption":"Strangercam"},"image":{"@id":"https:\/\/strangercam.com\/#\/schema\/logo\/image\/"},"sameAs":["https:\/\/www.facebook.com\/strangercam","https:\/\/x.com\/strangercamapp"]}]}},"_links":{"self":[{"href":"https:\/\/strangercam.com\/tr\/wp-json\/wp\/v2\/pages\/4930","targetHints":{"allow":["GET"]}}],"collection":[{"href":"https:\/\/strangercam.com\/tr\/wp-json\/wp\/v2\/pages"}],"about":[{"href":"https:\/\/strangercam.com\/tr\/wp-json\/wp\/v2\/types\/page"}],"author":[{"embeddable":true,"href":"https:\/\/strangercam.com\/tr\/wp-json\/wp\/v2\/users\/8"}],"replies":[{"embeddable":true,"href":"https:\/\/strangercam.com\/tr\/wp-json\/wp\/v2\/comments?post=4930"}],"version-history":[{"count":0,"href":"https:\/\/strangercam.com\/tr\/wp-json\/wp\/v2\/pages\/4930\/revisions"}],"wp:attachment":[{"href":"https:\/\/strangercam.com\/tr\/wp-json\/wp\/v2\/media?parent=4930"}],"curies":[{"name":"wp","href":"https:\/\/api.w.org\/{rel}","templated":true}]}}