{"id":4906,"date":"2021-06-14T19:57:32","date_gmt":"2021-06-14T17:57:32","guid":{"rendered":"https:\/\/strangercam.com\/?page_id=4906"},"modified":"2023-09-12T15:21:44","modified_gmt":"2023-09-12T13:21:44","slug":"escinsel-sohbet","status":"publish","type":"page","link":"https:\/\/strangercam.com\/tr\/gay-chat\/","title":{"rendered":"Gay Sohbet"},"content":{"rendered":"<p>Gay'e Ho\u015f Geldiniz <a href=\"https:\/\/strangercam.com\/tr\/chatroulette\/\">Sohbet<\/a>. Join Gay Chat g\u00f6r\u00fcnt\u00fcl\u00fc sohbet uygulamas\u0131, rastgele yabanc\u0131larla anonim olarak sohbet etmeyi kolayla\u015ft\u0131r\u0131r. Gay Chat, y\u00fcz maskeleri, cinsiyet, \u00fclke filtreleri, \u00f6zel Sohbet ve \u00e7ok daha fazlas\u0131n\u0131 i\u00e7eren g\u00f6r\u00fcnt\u00fcl\u00fc sohbet \u00f6zellikleri sunar. D\u00fcnyan\u0131n her yerinden rastgele k\u0131zlarla ve erkeklerle \u00e7evrimi\u00e7i, an\u0131nda sohbet edin<a href=\"https:\/\/nlcbplaywheresults.com\/\">.<\/a> Yeni bir arkada\u015f bul, <a href=\"https:\/\/strangercam.com\/tr\/coomeet\/\">tan\u0131\u015fmak<\/a> bir sonraki randevunuzda, inan\u0131lmaz m\u00fczik becerilerinizi g\u00f6sterin, futbol hakk\u0131nda rastgele sohbet edin, Gay Sohbet yap\u0131n veya rahatlay\u0131n ve bir yabanc\u0131yla en son Netflix dizilerini tart\u0131\u015f\u0131n. E\u015fcinsel Sohbet etmek ve e\u011flenmek \u00fccretsiz ve kolayd\u0131r. O web kameras\u0131n\u0131n di\u011fer taraf\u0131nda sizi kimin bekliyor olabilece\u011fini asla bilemezsiniz!<\/p>\n<p>Yeni insanlarla anonim olarak ba\u011flant\u0131 kurmak istiyorsan\u0131z,\u00a0<a href=\"https:\/\/strangercam.com\/tr\/chathub\/\">rastgele g\u00f6r\u00fcnt\u00fcl\u00fc sohbet<\/a>\u00a0bunu yapman\u0131n en iyi ve en kolay yoludur ve StrangerCam de sohbet <a href=\"https:\/\/strangercam.com\/tr\/bazoocam\/\">cam<\/a> sizi oraya g\u00f6t\u00fcrecek uygulama<a href=\"https:\/\/cashpotresulttoday.com\/\">.<\/a> Uygulamam\u0131z\u0131, tam olarak kiminle gelmek istedi\u011finizi se\u00e7ebilmeniz i\u00e7in optimize ettik - yabanc\u0131larla ba\u011flant\u0131 kurman\u0131n yeni ve yenilik\u00e7i bir yolu.<\/p>\n<p>\u00d6yleyse ne bekliyorsunuz? Join Gay Sohbet \u015fimdi!<\/p>\n<h3>E\u015fcinsel sohbeti m\u00fckemmel!<\/h3>\n<p>Bunu biz de\u011fil, m\u00fc\u015fteriler s\u00f6yl\u00fcyor!<\/p>\n<p>Bu y\u00fczden harika oldu\u011funu d\u00fc\u015f\u00fcnebilirsiniz? B\u00fct\u00fcn cevaplar bizde!<\/p>\n<p>Basitli\u011fi nedeniyle harika. \u0130ki insan\u0131n ger\u00e7ek duygular\u0131n\u0131 yans\u0131tt\u0131\u011f\u0131 i\u00e7in harika. M\u00fckemmel \u00e7\u00fcnk\u00fc biri toplumla sava\u015f\u0131yor ve bir e\u015fcinsel olarak ortaya \u00e7\u0131k\u0131yor ve istedi\u011fi \u015feyi savunuyor.<\/p>\n<p>Ziyaret\u00e7ilerimizi istedikleri \u015feyin pe\u015finden gitmeleri ve tad\u0131n\u0131 \u00e7\u0131karmalar\u0131 i\u00e7in te\u015fvik ediyoruz. Onlara arzu ettikleri olanaklar\u0131 sa\u011fl\u0131yoruz!<\/p>\n<p>E\u015fcinsel sohbet s\u00f6z konusu oldu\u011funda, StrangerCam'de her \u015feyi ve her \u015feyi se\u00e7mekte \u00f6zg\u00fcrs\u00fcn\u00fcz.<\/p>\n<h3>Anonim<\/h3>\n<p>Kimse sizi tan\u0131m\u0131yor, siz de kimseyi tan\u0131m\u0131yorsunuz! \u0130\u015fte heyecan burada ba\u015fl\u0131yor!<\/p>\n<p>Yabanc\u0131larla tamamen anonim bir modda sohbet edersiniz. Sizi d\u00fcnyan\u0131n d\u00f6rt bir yan\u0131ndaki yabanc\u0131larla e\u015fle\u015ftiriyoruz. Biz kimli\u011finizi ve bilgilerinizi \u00f6nemserken siz onlarla konu\u015fabilirsiniz.<\/p>\n<p>Yabanc\u0131larla sohbet ederken kimli\u011finizi gizli tutmak \u00e7ok \u00f6nemlidir ve biz bu konuda en iyisiyiz. Teknisyenlerden olu\u015fan ekibimiz s\u00fcrekli olarak bunun \u00fczerinde \u00e7al\u0131\u015f\u0131yor ve sizi zarar i\u00e7eren her \u015feyden koruyor.<\/p>\n<p>Anonim olmak, yabanc\u0131larla hi\u00e7bir \u015fey payla\u015famayaca\u011f\u0131n\u0131z anlam\u0131na gelmez. Sizi bir kutuya hapsetmek i\u00e7in de\u011fil, g\u00fcvende tutmak i\u00e7in anonim modu getirdik.<\/p>\n<p>Temel bilgilerinizi be\u011fendi\u011finiz yabanc\u0131larla payla\u015fabilirsiniz. Bu yabanc\u0131lar da kendi temel bilgilerini sizinle payla\u015fabilir.<br \/>\nBirbirinizden ho\u015fland\u0131ysan\u0131z ve i\u015fler iyi giderse, bir randevu da planlayabilirsiniz!<\/p>\n<p>Bir randevu i\u00e7in bilgi payla\u015f\u0131m\u0131 zorunludur. Ancak, e\u015fle\u015fmenizle \u015fahsen tan\u0131\u015fmaya karar vermeden \u00f6nce her \u015feyi d\u00fc\u015f\u00fcnmeniz gerekti\u011fini s\u00f6ylemek isteriz.<\/p>\n<h3>Gizlilik<\/h3>\n<p>S\u0131k\u0131 bir gizlilik politikam\u0131z var!<\/p>\n<p>Verilerinizi kimseyle, hatta sizinle konu\u015fan di\u011fer yabanc\u0131larla bile payla\u015fm\u0131yoruz. Sizin hakk\u0131n\u0131zda ba\u015fkalar\u0131na bilgi vermeyi tamamen size b\u0131rak\u0131yoruz. E\u011fer siz istemezseniz, hi\u00e7 kimse sizin kim oldu\u011funuzu ve nereden geldi\u011finizi \u00f6\u011frenemez.<\/p>\n<p>M\u00fc\u015fterilerin verilerini \u00fc\u00e7\u00fcnc\u00fc taraf \u015firketlere satmak yayg\u0131n bir uygulamad\u0131r, ancak bizim i\u00e7in de\u011fil. M\u00fc\u015fterilerin gizlili\u011finin \u00e7evrimi\u00e7i sohbette \u00f6nemli bir fakt\u00f6r oldu\u011funa inan\u0131yoruz. Bu nedenle, verilerinizi pazarlama ve reklam gibi herhangi bir ama\u00e7la kimseyle payla\u015fm\u0131yor veya satm\u0131yoruz.<br \/>\nStrangerCam'i ziyaret etmekten \u00e7ekinmeyin. G\u00fcvenli ve emniyetlidir. Kendinizi evinizde hissedeceksiniz!<\/p>\n<h3>G\u00fcvenli ortam<\/h3>\n<p>D\u00fcnya \u00e7ap\u0131ndaki erkek ve k\u0131zlarla ba\u011flant\u0131 kurmak istiyorsan\u0131z, bunu yapmak i\u00e7in StrangerCam'den daha g\u00fcvenli bir yer yoktur. \u00c7evrimi\u00e7i yeti\u015fkin sohbetiyle ilgili endi\u015feleri anl\u0131yoruz. Bu y\u00fczden ekibimiz s\u00fcrekli olarak sizin i\u00e7in her \u015feyi optimize etmeye \u00e7al\u0131\u015f\u0131yor.<\/p>\n<p>Yabanc\u0131larla konu\u015fmaktan \u00e7ekinmeyin \u00e7\u00fcnk\u00fc arkam\u0131zdas\u0131n\u0131z. Buras\u0131 yeti\u015fkinlere y\u00f6nelik bir platform, ancak bu her \u015feye a\u00e7\u0131k b\u0131rakt\u0131\u011f\u0131m\u0131z anlam\u0131na gelmiyor. Birisi size zorbal\u0131k ederse veya b\u00f6yle bir yorum yaparsa, do\u011frudan bir \u015fikayet ba\u015flatabilirsiniz. Kar\u015f\u0131 taraf\u0131n StrangerCam'i kullanmas\u0131 engellenecektir.<\/p>\n<h3>Kontrol<\/h3>\n<p>\u00c7evrimi\u00e7i yapt\u0131klar\u0131n\u0131z \u00fczerinde kontrol sahibi olmak \u00e7ok \u00f6nemlidir. \u00d6zellikle yeti\u015fkinlere y\u00f6nelik g\u00f6r\u00fcnt\u00fcl\u00fc sohbet s\u00f6z konusu oldu\u011funda, bazen riskli olabilir \u00e7\u00fcnk\u00fc insanlar platformda veya ki\u015filerde verdi\u011finiz bilgileri k\u00f6t\u00fcye kullanabilir.<\/p>\n<p>Ancak bu durumda, b\u00f6yle bir \u015fey i\u00e7in endi\u015felenmenize gerek yok. Web sitesinde sizi bu t\u00fcr felaketlerden korumaya yard\u0131mc\u0131 olan birden fazla \u00f6zellik vard\u0131r. G\u00f6r\u00fcnt\u00fcl\u00fc sohbet s\u0131ras\u0131nda y\u00fcz\u00fcn\u00fcz\u00fc gizlemek i\u00e7in bir filtre kullanabilirsiniz. Bu \u015fekilde, di\u011fer ki\u015fi kiminle konu\u015ftu\u011funu asla bilemez. Onlara kendiniz s\u00f6ylemedi\u011finiz s\u00fcrece ve siz s\u00f6yleyene kadar.<\/p>\n<p>Bir \u015feyleri kontrol etmek ve onlar\u0131 kendi lehinize kullanmak harika de\u011fil mi? Ger\u00e7ekten de \u00f6yle!<\/p>","protected":false},"excerpt":{"rendered":"<p>Welcome to Gay Chat. Join the Gay Chat\u00a0video chat app, making it easy to chat with random strangers anonymously. Gay Chat offers video chat features including face masks, gender, country filters, private Chat, and much more. Chat with random girls and boys online, anywhere in the world, instantaneously. Find a new friend, meet your next [&hellip;]<\/p>\n","protected":false},"author":8,"featured_media":0,"parent":0,"menu_order":0,"comment_status":"closed","ping_status":"closed","template":"","meta":{"footnotes":""},"class_list":["post-4906","page","type-page","status-publish","hentry"],"yoast_head":"<!-- This site is optimized with the Yoast SEO plugin v27.4 - https:\/\/yoast.com\/product\/yoast-seo-wordpress\/ -->\n<title>Gay Chat - StrangerCam.com: Cam With Strangers<\/title>\n<meta name=\"description\" content=\"Gay Chat anonymously with over 5.000.000 strangers. No Sign-Up Required! Cam with strangers on StrangerCam.com.\" \/>\n<meta name=\"robots\" content=\"index, follow, max-snippet:-1, max-image-preview:large, max-video-preview:-1\" \/>\n<link rel=\"canonical\" href=\"https:\/\/strangercam.com\/tr\/escinsel-sohbet\/\" \/>\n<meta property=\"og:locale\" content=\"tr_TR\" \/>\n<meta property=\"og:type\" content=\"article\" \/>\n<meta property=\"og:title\" content=\"Gay Chat - StrangerCam.com: Cam With Strangers\" \/>\n<meta property=\"og:description\" content=\"Gay Chat anonymously with over 5.000.000 strangers. No Sign-Up Required! Cam with strangers on StrangerCam.com.\" \/>\n<meta property=\"og:url\" content=\"https:\/\/strangercam.com\/tr\/escinsel-sohbet\/\" \/>\n<meta property=\"og:site_name\" content=\"Strangercam\" \/>\n<meta property=\"article:publisher\" content=\"https:\/\/www.facebook.com\/strangercam\" \/>\n<meta property=\"article:modified_time\" content=\"2023-09-12T13:21:44+00:00\" \/>\n<meta property=\"og:image\" content=\"https:\/\/strangercam.com\/wp-content\/uploads\/2021\/10\/Untitled-2.png\" \/>\n\t<meta property=\"og:image:width\" content=\"800\" \/>\n\t<meta property=\"og:image:height\" content=\"532\" \/>\n\t<meta property=\"og:image:type\" content=\"image\/png\" \/>\n<meta name=\"twitter:card\" content=\"summary_large_image\" \/>\n<meta name=\"twitter:site\" content=\"@strangercamapp\" \/>\n<meta name=\"twitter:label1\" content=\"Tahmini okuma s\u00fcresi\" \/>\n\t<meta name=\"twitter:data1\" content=\"4 dakika\" \/>\n<script type=\"application\/ld+json\" class=\"yoast-schema-graph\">{\"@context\":\"https:\\\/\\\/schema.org\",\"@graph\":[{\"@type\":\"WebPage\",\"@id\":\"https:\\\/\\\/strangercam.com\\\/gay-chat\\\/\",\"url\":\"https:\\\/\\\/strangercam.com\\\/gay-chat\\\/\",\"name\":\"Gay Chat - StrangerCam.com: Cam With Strangers\",\"isPartOf\":{\"@id\":\"https:\\\/\\\/strangercam.com\\\/#website\"},\"datePublished\":\"2021-06-14T17:57:32+00:00\",\"dateModified\":\"2023-09-12T13:21:44+00:00\",\"description\":\"Gay Chat anonymously with over 5.000.000 strangers. No Sign-Up Required! Cam with strangers on StrangerCam.com.\",\"breadcrumb\":{\"@id\":\"https:\\\/\\\/strangercam.com\\\/gay-chat\\\/#breadcrumb\"},\"inLanguage\":\"tr\",\"potentialAction\":[{\"@type\":\"ReadAction\",\"target\":[\"https:\\\/\\\/strangercam.com\\\/gay-chat\\\/\"]}]},{\"@type\":\"BreadcrumbList\",\"@id\":\"https:\\\/\\\/strangercam.com\\\/gay-chat\\\/#breadcrumb\",\"itemListElement\":[{\"@type\":\"ListItem\",\"position\":1,\"name\":\"Home\",\"item\":\"https:\\\/\\\/strangercam.com\\\/\"},{\"@type\":\"ListItem\",\"position\":2,\"name\":\"Gay Chat\"}]},{\"@type\":\"WebSite\",\"@id\":\"https:\\\/\\\/strangercam.com\\\/#website\",\"url\":\"https:\\\/\\\/strangercam.com\\\/\",\"name\":\"Strangercam\",\"description\":\"Random Video Chat with Strangers\",\"publisher\":{\"@id\":\"https:\\\/\\\/strangercam.com\\\/#organization\"},\"alternateName\":\"Strangercam.com\",\"potentialAction\":[{\"@type\":\"SearchAction\",\"target\":{\"@type\":\"EntryPoint\",\"urlTemplate\":\"https:\\\/\\\/strangercam.com\\\/?s={search_term_string}\"},\"query-input\":{\"@type\":\"PropertyValueSpecification\",\"valueRequired\":true,\"valueName\":\"search_term_string\"}}],\"inLanguage\":\"tr\"},{\"@type\":\"Organization\",\"@id\":\"https:\\\/\\\/strangercam.com\\\/#organization\",\"name\":\"Strangercam\",\"alternateName\":\"Strangercam.com\",\"url\":\"https:\\\/\\\/strangercam.com\\\/\",\"logo\":{\"@type\":\"ImageObject\",\"inLanguage\":\"tr\",\"@id\":\"https:\\\/\\\/strangercam.com\\\/#\\\/schema\\\/logo\\\/image\\\/\",\"url\":\"https:\\\/\\\/strangercam.com\\\/wp-content\\\/uploads\\\/2020\\\/11\\\/cropped-new-favicon-black.png\",\"contentUrl\":\"https:\\\/\\\/strangercam.com\\\/wp-content\\\/uploads\\\/2020\\\/11\\\/cropped-new-favicon-black.png\",\"width\":512,\"height\":512,\"caption\":\"Strangercam\"},\"image\":{\"@id\":\"https:\\\/\\\/strangercam.com\\\/#\\\/schema\\\/logo\\\/image\\\/\"},\"sameAs\":[\"https:\\\/\\\/www.facebook.com\\\/strangercam\",\"https:\\\/\\\/x.com\\\/strangercamapp\"]}]}<\/script>\n<!-- \/ Yoast SEO plugin. -->","yoast_head_json":{"title":"E\u015fcinsel Sohbet - StrangerCam.com: Yabanc\u0131larla Kamera","description":"5.000.000'dan fazla yabanc\u0131yla anonim olarak Gay Sohbet. Kay\u0131t Olmaya Gerek Yok! StrangerCam.com'da yabanc\u0131larla kamera.","robots":{"index":"index","follow":"follow","max-snippet":"max-snippet:-1","max-image-preview":"max-image-preview:large","max-video-preview":"max-video-preview:-1"},"canonical":"https:\/\/strangercam.com\/tr\/escinsel-sohbet\/","og_locale":"tr_TR","og_type":"article","og_title":"Gay Chat - StrangerCam.com: Cam With Strangers","og_description":"Gay Chat anonymously with over 5.000.000 strangers. No Sign-Up Required! Cam with strangers on StrangerCam.com.","og_url":"https:\/\/strangercam.com\/tr\/escinsel-sohbet\/","og_site_name":"Strangercam","article_publisher":"https:\/\/www.facebook.com\/strangercam","article_modified_time":"2023-09-12T13:21:44+00:00","og_image":[{"width":800,"height":532,"url":"https:\/\/strangercam.com\/wp-content\/uploads\/2021\/10\/Untitled-2.png","type":"image\/png"}],"twitter_card":"summary_large_image","twitter_site":"@strangercamapp","twitter_misc":{"Tahmini okuma s\u00fcresi":"4 dakika"},"schema":{"@context":"https:\/\/schema.org","@graph":[{"@type":"WebPage","@id":"https:\/\/strangercam.com\/gay-chat\/","url":"https:\/\/strangercam.com\/gay-chat\/","name":"E\u015fcinsel Sohbet - StrangerCam.com: Yabanc\u0131larla Kamera","isPartOf":{"@id":"https:\/\/strangercam.com\/#website"},"datePublished":"2021-06-14T17:57:32+00:00","dateModified":"2023-09-12T13:21:44+00:00","description":"5.000.000'dan fazla yabanc\u0131yla anonim olarak Gay Sohbet. Kay\u0131t Olmaya Gerek Yok! StrangerCam.com'da yabanc\u0131larla kamera.","breadcrumb":{"@id":"https:\/\/strangercam.com\/gay-chat\/#breadcrumb"},"inLanguage":"tr","potentialAction":[{"@type":"ReadAction","target":["https:\/\/strangercam.com\/gay-chat\/"]}]},{"@type":"BreadcrumbList","@id":"https:\/\/strangercam.com\/gay-chat\/#breadcrumb","itemListElement":[{"@type":"ListItem","position":1,"name":"Home","item":"https:\/\/strangercam.com\/"},{"@type":"ListItem","position":2,"name":"Gay Chat"}]},{"@type":"WebSite","@id":"https:\/\/strangercam.com\/#website","url":"https:\/\/strangercam.com\/","name":"Strangercam","description":"Yabanc\u0131larla Rastgele G\u00f6r\u00fcnt\u00fcl\u00fc Sohbet","publisher":{"@id":"https:\/\/strangercam.com\/#organization"},"alternateName":"Strangercam.com","potentialAction":[{"@type":"SearchAction","target":{"@type":"EntryPoint","urlTemplate":"https:\/\/strangercam.com\/?s={search_term_string}"},"query-input":{"@type":"PropertyValueSpecification","valueRequired":true,"valueName":"search_term_string"}}],"inLanguage":"tr"},{"@type":"Organization","@id":"https:\/\/strangercam.com\/#organization","name":"Strangercam","alternateName":"Strangercam.com","url":"https:\/\/strangercam.com\/","logo":{"@type":"ImageObject","inLanguage":"tr","@id":"https:\/\/strangercam.com\/#\/schema\/logo\/image\/","url":"https:\/\/strangercam.com\/wp-content\/uploads\/2020\/11\/cropped-new-favicon-black.png","contentUrl":"https:\/\/strangercam.com\/wp-content\/uploads\/2020\/11\/cropped-new-favicon-black.png","width":512,"height":512,"caption":"Strangercam"},"image":{"@id":"https:\/\/strangercam.com\/#\/schema\/logo\/image\/"},"sameAs":["https:\/\/www.facebook.com\/strangercam","https:\/\/x.com\/strangercamapp"]}]}},"_links":{"self":[{"href":"https:\/\/strangercam.com\/tr\/wp-json\/wp\/v2\/pages\/4906","targetHints":{"allow":["GET"]}}],"collection":[{"href":"https:\/\/strangercam.com\/tr\/wp-json\/wp\/v2\/pages"}],"about":[{"href":"https:\/\/strangercam.com\/tr\/wp-json\/wp\/v2\/types\/page"}],"author":[{"embeddable":true,"href":"https:\/\/strangercam.com\/tr\/wp-json\/wp\/v2\/users\/8"}],"replies":[{"embeddable":true,"href":"https:\/\/strangercam.com\/tr\/wp-json\/wp\/v2\/comments?post=4906"}],"version-history":[{"count":0,"href":"https:\/\/strangercam.com\/tr\/wp-json\/wp\/v2\/pages\/4906\/revisions"}],"wp:attachment":[{"href":"https:\/\/strangercam.com\/tr\/wp-json\/wp\/v2\/media?parent=4906"}],"curies":[{"name":"wp","href":"https:\/\/api.w.org\/{rel}","templated":true}]}}