{"id":4887,"date":"2021-06-14T19:18:17","date_gmt":"2021-06-14T17:18:17","guid":{"rendered":"https:\/\/strangercam.com\/?page_id=4887"},"modified":"2023-08-21T12:40:47","modified_gmt":"2023-08-21T10:40:47","slug":"yabanci-sohbet","status":"publish","type":"page","link":"https:\/\/strangercam.com\/tr\/yabanci-sohbet\/","title":{"rendered":"Yabanc\u0131 Sohbet"},"content":{"rendered":"<p>Stranger'a Ho\u015f Geldiniz <a href=\"https:\/\/strangercam.com\/tr\/chathub\/\">Sohbet<\/a>. Join Stranger Chat g\u00f6r\u00fcnt\u00fcl\u00fc sohbet uygulamas\u0131, rastgele yabanc\u0131larla anonim olarak sohbet etmeyi kolayla\u015ft\u0131r\u0131r<a href=\"https:\/\/cashpotresulttoday.com\/\">.<\/a> Stranger Chat y\u00fcz maskeleri, cinsiyet ve \u00fclke filtreleri, \u00f6zel sohbet ve \u00e7ok daha fazlas\u0131n\u0131 i\u00e7eren g\u00f6r\u00fcnt\u00fcl\u00fc sohbet \u00f6zellikleri sunar. D\u00fcnyan\u0131n her yerinden rastgele k\u0131zlarla ve erkeklerle \u00e7evrimi\u00e7i olarak an\u0131nda sohbet edin. Yeni bir arkada\u015f bulun, <a href=\"https:\/\/strangercam.com\/tr\/coomeet\/\">tan\u0131\u015fmak<\/a> bir sonraki randevunuz, inan\u0131lmaz m\u00fczik becerilerinizi g\u00f6sterin, futbol hakk\u0131nda rastgele sohbet edin, Yabanc\u0131 Sohbet edin veya sadece rahatlay\u0131n ve bir yabanc\u0131yla en son Netflix dizilerini tart\u0131\u015f\u0131n. Yabanc\u0131larla Sohbet etmek ve e\u011flenmek \u00fccretsiz ve kolayd\u0131r. Web kameras\u0131n\u0131n di\u011fer taraf\u0131nda sizi kimin bekledi\u011fini asla bilemezsiniz!<\/p>\n<p>Hepimiz kendimizi ne\u015felendirecek bir aktiviteye ihtiya\u00e7 duyar\u0131z ve hi\u00e7bir aktivite di\u011fer insanlarla konu\u015fmaktan ve onlarla deneyimlerini payla\u015fmaktan daha iyi olamaz<a href=\"https:\/\/nlcbplaywheresults.com\/\">.<\/a> Ge\u00e7mi\u015fte bu kolay de\u011fildi, ama art\u0131k de\u011fil. StrangerCam size d\u00fcnyan\u0131n d\u00f6rt bir yan\u0131ndaki yabanc\u0131larla konu\u015fmak i\u00e7in m\u00fckemmel bir f\u0131rsat getirdi. Join bize kat\u0131l\u0131n ve e\u011flenin!<\/p>\n<p>Yeni insanlarla anonim olarak ba\u011flant\u0131 kurmak istiyorsan\u0131z, rastgele g\u00f6r\u00fcnt\u00fcl\u00fc sohbet bunu yapman\u0131n en iyi ve en kolay yoludur ve StrangerCam sohbet <a href=\"https:\/\/strangercam.com\/tr\/bazoocam\/\">cam<\/a> uygulamas\u0131 sizi oraya g\u00f6t\u00fcrecek. Uygulamam\u0131z\u0131, tam olarak kiminle kameral\u0131 g\u00f6r\u00fc\u015fme yapmak istedi\u011finizi se\u00e7meniz i\u00e7in optimize ettik - yabanc\u0131larla ba\u011flant\u0131 kurman\u0131n yeni ve yenilik\u00e7i bir yolu.<\/p>\n<p>Peki ne i\u00e7in bekliyorsunuz? Join Yabanc\u0131 Sohbet \u015fimdi!<\/p>\n<h2>StrangerCam'de kolayl\u0131kla \u00e7evrimi\u00e7i yeni insanlar bulma<\/h2>\n<p>\u0130nternette yeni insanlar bulmak hi\u00e7 bu kadar kolay olmam\u0131\u015ft\u0131!<\/p>\n<p>Yeni insanlar bulmak <a href=\"https:\/\/strangercam.com\/tr\/chatroulette\/\">Chatroulette<\/a> e\u011flenceli. StrangerCam \u00e7evrimi\u00e7i bir platformdur. Kullan\u0131c\u0131lar\u0131n herhangi bir kay\u0131t olmadan yabanc\u0131larla sohbet etmelerini sa\u011flar. Merkezde yaln\u0131zca bir ki\u015finin h\u0131zl\u0131 bir \u015fekilde sohbet ba\u015flatmas\u0131na izin veren web kameras\u0131 \u00f6zelli\u011fi vard\u0131r. Platformda bir\u00e7ok sohbet se\u00e7ene\u011fi mevcuttur. Saniyeler i\u00e7inde bir sohbet ba\u015flatabilirsiniz. Sadece web sitesini a\u00e7\u0131n, cinsiyetinizi girin ve se\u00e7ti\u011finiz \u00fclkeyi se\u00e7in. Size arad\u0131\u011f\u0131n\u0131z potansiyel e\u015fle\u015fmeleri bulaca\u011f\u0131z.<\/p>\n<p>Ayr\u0131ca kullan\u0131c\u0131lar\u0131n sohbet etmesine ve \u00f6nemli bilgileri se\u00e7ilen ki\u015filerle payla\u015fmas\u0131na olanak tan\u0131r. Hizmetler tamamen \u00fccretsizdir ve kullan\u0131c\u0131lar\u0131n ortak ilgi alanlar\u0131na sahip yabanc\u0131lar\u0131 bulmalar\u0131na olanak tan\u0131r. Kullan\u0131c\u0131lar ayr\u0131ca onlarla sohbet etmekten ho\u015flanmazlarsa atlamaya basabilir ve bir sonrakine ge\u00e7ebilirler. Yapt\u0131\u011f\u0131m\u0131z her \u015fey m\u00fc\u015fterilerimizi m\u00fcmk\u00fcn olan her \u015fekilde memnun etmektir.<\/p>\n<h2>Se\u00e7im<\/h2>\n<p>Web sitesini her a\u00e7t\u0131\u011f\u0131n\u0131zda, aralar\u0131ndan se\u00e7im yapabilece\u011finiz farkl\u0131 se\u00e7enekler sunulacakt\u0131r. Se\u00e7ti\u011finiz cinsiyeti se\u00e7mek i\u00e7in bir se\u00e7ene\u011finiz olacak. StrangerCam, daha sonra g\u00fc\u00e7l\u00fc yapay zeka a\u011f\u0131 arac\u0131l\u0131\u011f\u0131yla e\u015finizi bulacakt\u0131r.<br \/>\nPlatformu her kulland\u0131\u011f\u0131n\u0131zda se\u00e7imlerinize karar verme olana\u011f\u0131na sahip olmak harika. E\u011flenmek i\u00e7in kiminle konu\u015fmak ve sohbet etmek istedi\u011finize dair t\u00fcm g\u00fcce sahip oldu\u011funuzu hissediyorsunuz. M\u00fc\u015fterilerimizi g\u00fc\u00e7lendiriyoruz. Onlar\u0131n r\u0131zas\u0131 olmadan kimseyle konu\u015famazs\u0131n\u0131z. Her iki taraf\u0131n da se\u00e7mesi gerekir. Ve birini geri se\u00e7erseniz e\u015fle\u015ftirileceksiniz. Her iki ki\u015fi de birbirleriyle konu\u015fmay\u0131 kabul etti\u011fi s\u00fcrece, k\u0131s\u0131tlama ve endi\u015fe olmadan konu\u015fabilirler.<\/p>\n<h2>Bilgi \u00fczerinde kontrol ve potansiyel bir e\u015fle\u015fme bulmak kolay<\/h2>\n<p>Yeti\u015fkinler i\u00e7in bu harika g\u00f6r\u00fcnt\u00fcl\u00fc sohbet platformu hakk\u0131nda en \u00e7ok \u015fey anlad\u0131\u011f\u0131n\u0131z\u0131 umuyoruz. Ama burada bahsetmemiz gereken daha \u00f6nemli bir \u015fey var!<\/p>\n<p>Bilgilerinizi kimseyle payla\u015fm\u0131yoruz. Sizi her \u015fekilde korumak i\u00e7in buraday\u0131z. Bilgileriniz bizimle g\u00fcvende. Bilgilerinizi hi\u00e7 kimse ile payla\u015fm\u0131yoruz.<\/p>\n<p>Benzer \u015fekilde, biz de size yard\u0131mc\u0131 olmak i\u00e7in buraday\u0131z. Ak\u0131ll\u0131 sistemimiz arad\u0131\u011f\u0131n\u0131z ki\u015fi tipini bulman\u0131za yard\u0131mc\u0131 olur!<br \/>\nAralar\u0131ndan se\u00e7im yapabilece\u011finiz pek \u00e7ok se\u00e7ene\u011finiz var. D\u00fcnya sizin i\u00e7in a\u00e7\u0131k. Gidin ve sizin olan\u0131 al\u0131n!<\/p>","protected":false},"excerpt":{"rendered":"<p>Welcome to Stranger Chat. Join the Stranger Chat video chat app, making it easy to chat with random strangers anonymously. Stranger Chat offers video chat features including face masks, gender and country filters, private chat, and much more. Chat with random girls and boys online, anywhere in the world, instantaneously. Find a new friend, meet [&hellip;]<\/p>\n","protected":false},"author":6,"featured_media":0,"parent":0,"menu_order":0,"comment_status":"closed","ping_status":"closed","template":"","meta":{"footnotes":""},"class_list":["post-4887","page","type-page","status-publish","hentry"],"yoast_head":"<!-- This site is optimized with the Yoast SEO plugin v26.9 - https:\/\/yoast.com\/product\/yoast-seo-wordpress\/ -->\n<title>Stranger Chat - StrangerCam.com: Cam With Strangers<\/title>\n<meta name=\"description\" content=\"Stranger Chat anonymously with over 5.000.000 strangers. No Sign-Up Required! Cam with strangers on StrangerCam.com.\" \/>\n<meta name=\"robots\" content=\"index, follow, max-snippet:-1, max-image-preview:large, max-video-preview:-1\" \/>\n<link rel=\"canonical\" href=\"https:\/\/strangercam.com\/tr\/yabanci-sohbet\/\" \/>\n<meta property=\"og:locale\" content=\"tr_TR\" \/>\n<meta property=\"og:type\" content=\"article\" \/>\n<meta property=\"og:title\" content=\"Stranger Chat - StrangerCam.com: Cam With Strangers\" \/>\n<meta property=\"og:description\" content=\"Stranger Chat anonymously with over 5.000.000 strangers. No Sign-Up Required! Cam with strangers on StrangerCam.com.\" \/>\n<meta property=\"og:url\" content=\"https:\/\/strangercam.com\/tr\/yabanci-sohbet\/\" \/>\n<meta property=\"og:site_name\" content=\"Strangercam\" \/>\n<meta property=\"article:publisher\" content=\"https:\/\/www.facebook.com\/strangercam\" \/>\n<meta property=\"article:modified_time\" content=\"2023-08-21T10:40:47+00:00\" \/>\n<meta property=\"og:image\" content=\"https:\/\/strangercam.com\/wp-content\/uploads\/2021\/10\/Untitled-2.png\" \/>\n\t<meta property=\"og:image:width\" content=\"800\" \/>\n\t<meta property=\"og:image:height\" content=\"532\" \/>\n\t<meta property=\"og:image:type\" content=\"image\/png\" \/>\n<meta name=\"twitter:card\" content=\"summary_large_image\" \/>\n<meta name=\"twitter:site\" content=\"@strangercamapp\" \/>\n<meta name=\"twitter:label1\" content=\"Tahmini okuma s\u00fcresi\" \/>\n\t<meta name=\"twitter:data1\" content=\"3 dakika\" \/>\n<script type=\"application\/ld+json\" class=\"yoast-schema-graph\">{\"@context\":\"https:\/\/schema.org\",\"@graph\":[{\"@type\":\"WebPage\",\"@id\":\"https:\/\/strangercam.com\/stranger-chat\/\",\"url\":\"https:\/\/strangercam.com\/stranger-chat\/\",\"name\":\"Stranger Chat - StrangerCam.com: Cam With Strangers\",\"isPartOf\":{\"@id\":\"https:\/\/strangercam.com\/#website\"},\"datePublished\":\"2021-06-14T17:18:17+00:00\",\"dateModified\":\"2023-08-21T10:40:47+00:00\",\"description\":\"Stranger Chat anonymously with over 5.000.000 strangers. No Sign-Up Required! Cam with strangers on StrangerCam.com.\",\"breadcrumb\":{\"@id\":\"https:\/\/strangercam.com\/stranger-chat\/#breadcrumb\"},\"inLanguage\":\"tr\",\"potentialAction\":[{\"@type\":\"ReadAction\",\"target\":[\"https:\/\/strangercam.com\/stranger-chat\/\"]}]},{\"@type\":\"BreadcrumbList\",\"@id\":\"https:\/\/strangercam.com\/stranger-chat\/#breadcrumb\",\"itemListElement\":[{\"@type\":\"ListItem\",\"position\":1,\"name\":\"Home\",\"item\":\"https:\/\/strangercam.com\/\"},{\"@type\":\"ListItem\",\"position\":2,\"name\":\"Stranger Chat\"}]},{\"@type\":\"WebSite\",\"@id\":\"https:\/\/strangercam.com\/#website\",\"url\":\"https:\/\/strangercam.com\/\",\"name\":\"Strangercam\",\"description\":\"Random Video Chat with Strangers\",\"publisher\":{\"@id\":\"https:\/\/strangercam.com\/#organization\"},\"alternateName\":\"Strangercam.com\",\"potentialAction\":[{\"@type\":\"SearchAction\",\"target\":{\"@type\":\"EntryPoint\",\"urlTemplate\":\"https:\/\/strangercam.com\/?s={search_term_string}\"},\"query-input\":{\"@type\":\"PropertyValueSpecification\",\"valueRequired\":true,\"valueName\":\"search_term_string\"}}],\"inLanguage\":\"tr\"},{\"@type\":\"Organization\",\"@id\":\"https:\/\/strangercam.com\/#organization\",\"name\":\"Strangercam\",\"alternateName\":\"Strangercam.com\",\"url\":\"https:\/\/strangercam.com\/\",\"logo\":{\"@type\":\"ImageObject\",\"inLanguage\":\"tr\",\"@id\":\"https:\/\/strangercam.com\/#\/schema\/logo\/image\/\",\"url\":\"https:\/\/strangercam.com\/wp-content\/uploads\/2020\/11\/cropped-new-favicon-black.png\",\"contentUrl\":\"https:\/\/strangercam.com\/wp-content\/uploads\/2020\/11\/cropped-new-favicon-black.png\",\"width\":512,\"height\":512,\"caption\":\"Strangercam\"},\"image\":{\"@id\":\"https:\/\/strangercam.com\/#\/schema\/logo\/image\/\"},\"sameAs\":[\"https:\/\/www.facebook.com\/strangercam\",\"https:\/\/x.com\/strangercamapp\"]}]}<\/script>\n<!-- \/ Yoast SEO plugin. -->","yoast_head_json":{"title":"Yabanc\u0131 Sohbet - StrangerCam.com: Yabanc\u0131larla Kamera","description":"Yabanc\u0131 5.000.000'dan fazla yabanc\u0131yla anonim olarak sohbet edin. Kay\u0131t Olmaya Gerek Yok! StrangerCam.com'da yabanc\u0131larla kamera.","robots":{"index":"index","follow":"follow","max-snippet":"max-snippet:-1","max-image-preview":"max-image-preview:large","max-video-preview":"max-video-preview:-1"},"canonical":"https:\/\/strangercam.com\/tr\/yabanci-sohbet\/","og_locale":"tr_TR","og_type":"article","og_title":"Stranger Chat - StrangerCam.com: Cam With Strangers","og_description":"Stranger Chat anonymously with over 5.000.000 strangers. No Sign-Up Required! Cam with strangers on StrangerCam.com.","og_url":"https:\/\/strangercam.com\/tr\/yabanci-sohbet\/","og_site_name":"Strangercam","article_publisher":"https:\/\/www.facebook.com\/strangercam","article_modified_time":"2023-08-21T10:40:47+00:00","og_image":[{"width":800,"height":532,"url":"https:\/\/strangercam.com\/wp-content\/uploads\/2021\/10\/Untitled-2.png","type":"image\/png"}],"twitter_card":"summary_large_image","twitter_site":"@strangercamapp","twitter_misc":{"Tahmini okuma s\u00fcresi":"3 dakika"},"schema":{"@context":"https:\/\/schema.org","@graph":[{"@type":"WebPage","@id":"https:\/\/strangercam.com\/stranger-chat\/","url":"https:\/\/strangercam.com\/stranger-chat\/","name":"Yabanc\u0131 Sohbet - StrangerCam.com: Yabanc\u0131larla Kamera","isPartOf":{"@id":"https:\/\/strangercam.com\/#website"},"datePublished":"2021-06-14T17:18:17+00:00","dateModified":"2023-08-21T10:40:47+00:00","description":"Yabanc\u0131 5.000.000'dan fazla yabanc\u0131yla anonim olarak sohbet edin. Kay\u0131t Olmaya Gerek Yok! StrangerCam.com'da yabanc\u0131larla kamera.","breadcrumb":{"@id":"https:\/\/strangercam.com\/stranger-chat\/#breadcrumb"},"inLanguage":"tr","potentialAction":[{"@type":"ReadAction","target":["https:\/\/strangercam.com\/stranger-chat\/"]}]},{"@type":"BreadcrumbList","@id":"https:\/\/strangercam.com\/stranger-chat\/#breadcrumb","itemListElement":[{"@type":"ListItem","position":1,"name":"Home","item":"https:\/\/strangercam.com\/"},{"@type":"ListItem","position":2,"name":"Stranger Chat"}]},{"@type":"WebSite","@id":"https:\/\/strangercam.com\/#website","url":"https:\/\/strangercam.com\/","name":"Strangercam","description":"Yabanc\u0131larla Rastgele G\u00f6r\u00fcnt\u00fcl\u00fc Sohbet","publisher":{"@id":"https:\/\/strangercam.com\/#organization"},"alternateName":"Strangercam.com","potentialAction":[{"@type":"SearchAction","target":{"@type":"EntryPoint","urlTemplate":"https:\/\/strangercam.com\/?s={search_term_string}"},"query-input":{"@type":"PropertyValueSpecification","valueRequired":true,"valueName":"search_term_string"}}],"inLanguage":"tr"},{"@type":"Organization","@id":"https:\/\/strangercam.com\/#organization","name":"Strangercam","alternateName":"Strangercam.com","url":"https:\/\/strangercam.com\/","logo":{"@type":"ImageObject","inLanguage":"tr","@id":"https:\/\/strangercam.com\/#\/schema\/logo\/image\/","url":"https:\/\/strangercam.com\/wp-content\/uploads\/2020\/11\/cropped-new-favicon-black.png","contentUrl":"https:\/\/strangercam.com\/wp-content\/uploads\/2020\/11\/cropped-new-favicon-black.png","width":512,"height":512,"caption":"Strangercam"},"image":{"@id":"https:\/\/strangercam.com\/#\/schema\/logo\/image\/"},"sameAs":["https:\/\/www.facebook.com\/strangercam","https:\/\/x.com\/strangercamapp"]}]}},"_links":{"self":[{"href":"https:\/\/strangercam.com\/tr\/wp-json\/wp\/v2\/pages\/4887","targetHints":{"allow":["GET"]}}],"collection":[{"href":"https:\/\/strangercam.com\/tr\/wp-json\/wp\/v2\/pages"}],"about":[{"href":"https:\/\/strangercam.com\/tr\/wp-json\/wp\/v2\/types\/page"}],"author":[{"embeddable":true,"href":"https:\/\/strangercam.com\/tr\/wp-json\/wp\/v2\/users\/6"}],"replies":[{"embeddable":true,"href":"https:\/\/strangercam.com\/tr\/wp-json\/wp\/v2\/comments?post=4887"}],"version-history":[{"count":0,"href":"https:\/\/strangercam.com\/tr\/wp-json\/wp\/v2\/pages\/4887\/revisions"}],"wp:attachment":[{"href":"https:\/\/strangercam.com\/tr\/wp-json\/wp\/v2\/media?parent=4887"}],"curies":[{"name":"wp","href":"https:\/\/api.w.org\/{rel}","templated":true}]}}