{"id":4869,"date":"2025-09-23T11:15:28","date_gmt":"2025-09-23T09:15:28","guid":{"rendered":"https:\/\/strangercam.com\/?page_id=4869"},"modified":"2025-09-23T12:42:03","modified_gmt":"2025-09-23T10:42:03","slug":"rastgele-kizlarla-nerede-sohbet-edebilirim","status":"publish","type":"page","link":"https:\/\/strangercam.com\/tr\/rastgele-kizlarla-nerede-sohbet-edebilirim\/","title":{"rendered":"Rastgele K\u0131zlarla Nerede Sohbet Edebilirim"},"content":{"rendered":"<p>Kendinize \"Rastgele k\u0131zlarla nerede sohbet edebilirim?\" diye soruyorsan\u0131z, yaln\u0131z de\u011filsiniz. Her ay milyonlarca insan ister e\u011flence, ister g\u00fcndelik fl\u00f6rt, isterse de d\u00fcnya \u00e7ap\u0131nda yeni arkada\u015flar edinmek i\u00e7in olsun, \u00e7evrimi\u00e7i k\u0131zlarla an\u0131nda ba\u011flant\u0131 kurman\u0131n yollar\u0131n\u0131 ar\u0131yor. \u0130yi haber mi? Uzun kay\u0131tlar veya gizli \u00fccretler olmadan rastgele k\u0131zlarla sohbet edebilece\u011finiz g\u00fcvenli, \u00fccretsiz ve ger\u00e7ek platformlar bulmak her zamankinden daha kolay.<\/p>\n<p>StrangerCam gibi platformlarla saniyeler i\u00e7inde k\u0131zlarla sohbet etmeye ba\u015flayabilirsiniz. \u0130ndirme yok, profil yok, kredi kart\u0131 yok - sadece d\u00fcnya \u00e7ap\u0131nda ba\u011flant\u0131 kurmak isteyen kad\u0131nlarla ger\u00e7ek sohbetler.<\/p>\n<p>Bu k\u0131lavuzda, bilmeniz gereken her \u015feyi ele alaca\u011f\u0131z: rastgele k\u0131zlarla nerede sohbet edebilece\u011finiz, en \u00f6nemli \u00f6zellikler, en iyi platformlar\u0131n kar\u015f\u0131la\u015ft\u0131rmalar\u0131, ger\u00e7ek referanslar, g\u00fcvenlik ipu\u00e7lar\u0131 ve StrangerCam'in neden bug\u00fcn en iyi se\u00e7eneklerden biri oldu\u011fu.<\/p>\n<h2>\u0130nsanlar Neden Rastgele K\u0131zlarla Sohbet Etmek \u0130ster?<\/h2>\n<p>Rastgele k\u0131z sohbeti aray\u0131\u015f\u0131 b\u00fcy\u00fck \u00f6l\u00e7\u00fcde artt\u0131 ve i\u015fte nedeni:<\/p>\n<ul>\n<li>Yaln\u0131zl\u0131k ve Can S\u0131k\u0131nt\u0131s\u0131 Giderme: K\u0131zlarla \u00e7evrimi\u00e7i konu\u015fmak rutini k\u0131rmaya yard\u0131mc\u0131 olur.<\/li>\n<li>G\u00fcndelik Fl\u00f6rt: Bir\u00e7ok kullan\u0131c\u0131 bask\u0131 olmadan g\u00f6n\u00fcls\u00fcz sohbetlerden ho\u015flan\u0131r.<\/li>\n<li>Arkada\u015f edinmek: \u00c7evreniz d\u0131\u015f\u0131ndaki insanlarla tan\u0131\u015fmak i\u00e7in e\u011flenceli bir yoldur.<\/li>\n<li>K\u00fcresel Deneyim: Hi\u00e7 ziyaret etmedi\u011finiz \u00fclkelerden kad\u0131nlarla tan\u0131\u015fabilirsiniz.<\/li>\n<li>Ger\u00e7ek Ba\u011flant\u0131lar: Canl\u0131 video, bir botla de\u011fil ger\u00e7ek bir ki\u015fiyle konu\u015ftu\u011funuzu kan\u0131tlar.<\/li>\n<\/ul>\n<h2>\u00c7evrimi\u00e7i Rastgele K\u0131zlarla Nerede Sohbet Edebilirsiniz?<\/h2>\n<p>Rastgele k\u0131zlarla sohbet etmenizi sa\u011flayan bir\u00e7ok platform var - baz\u0131lar\u0131 \u00fccretsiz, baz\u0131lar\u0131 \u00fccretli. \u0130\u015fte ana t\u00fcrleri:<\/p>\n<h3>1. Rastgele G\u00f6r\u00fcnt\u00fcl\u00fc Sohbet Siteleri<\/h3>\n<p>Web kameran\u0131z\u0131 a\u00e7t\u0131\u011f\u0131n\u0131z ve an\u0131nda bir k\u0131zla e\u015fle\u015fti\u011finiz web siteleri. \u00d6rnekler: StrangerCam, <a href=\"https:\/\/strangercam.com\/tr\/chatroulette\/\">Chatroulette<\/a>, Shagle.<\/p>\n<h3>2. Cinsiyet Filtreli Sohbet Uygulamalar\u0131<\/h3>\n<p>Mobil uygulamalar gibi <a href=\"https:\/\/strangercam.com\/tr\/ometv\/\">OmeTV<\/a> veya Chatrandom rastgele sohbetlere izin verir, ancak genellikle kad\u0131n filtreleri i\u00e7in \u00fccret al\u0131r.<\/p>\n<h3>3. \u00dccretli Fl\u00f6rt Odakl\u0131 Video Platformlar\u0131<\/h3>\n<p>Gibi siteler <a href=\"https:\/\/strangercam.com\/tr\/coomeet\/\">CooMeet<\/a> veya LuckyCrush kad\u0131nlarla tan\u0131\u015fan erkekler konusunda uzmanla\u015fm\u0131\u015ft\u0131r ancak k\u0131sa denemelerden sonra \u00f6deme talep etmektedir.<\/p>\n<h3>4. Kay\u0131t Olmadan \u00dccretsiz Platformlar<\/h3>\n<p>StrangerCam, kay\u0131t olmadan rastgele k\u0131zlarla \u00fccretsiz sohbet etmenizi sa\u011flayan tek platformlar aras\u0131ndad\u0131r.<\/p>\n<h2>En \u00c7ok Hangi \u00d6zellikler \u00d6nemlidir<\/h2>\n<p>Rastgele k\u0131zlarla nerede sohbet edece\u011finize karar verirken, i\u015fte araman\u0131z gerekenler:<\/p>\n<ul>\n<li>\u00dccretsiz Cinsiyet Filtresi - Aksi takdirde, rastgele erkeklerle e\u015fle\u015ftirilebilirsiniz.<\/li>\n<li>Kay\u0131t Gerekmez - En iyi platformlar an\u0131nda kat\u0131lman\u0131za izin verir.<\/li>\n<li>G\u00f6r\u00fcnt\u00fcl\u00fc Sohbet Se\u00e7enekleri - Biriyle g\u00f6r\u00fc\u015fmek <a href=\"https:\/\/strangercam.com\/tr\/bazoocam\/\">cam<\/a> ger\u00e7ek olmalar\u0131n\u0131 sa\u011flar.<\/li>\n<li>Moderasyon ve Raporlama - Deneyimin g\u00fcvenli ve sayg\u0131l\u0131 olmas\u0131n\u0131 sa\u011flar.<\/li>\n<li>Mobil ve Masa\u00fcst\u00fc Dostu - Nerede olursan\u0131z olun \u00e7al\u0131\u015f\u0131r.<\/li>\n<li>K\u00fcresel Eri\u015fim - Geni\u015f bir kad\u0131n kullan\u0131c\u0131 taban\u0131 \u00e7e\u015fitlilik sa\u011flar.<\/li>\n<\/ul>\n<h2>2025'te Rastgele K\u0131zlarla Sohbet Etmek \u0130\u00e7in En \u0130yi Platformlar<\/h2>\n<p>\u0130\u015fte rastgele k\u0131zlarla sohbet edebilece\u011finiz pop\u00fcler platformlar\u0131n bir kar\u015f\u0131la\u015ft\u0131rmas\u0131:<\/p>\n<table>\n<thead>\n<tr>\n<th>Platform<\/th>\n<th align=\"center\">\u00dccretsiz Eri\u015fim<\/th>\n<th align=\"center\">Cinsiyet Filtresi<\/th>\n<th align=\"center\">Kay\u0131t Gerekli<\/th>\n<th align=\"center\">Mobil Destek<\/th>\n<th align=\"center\">Moderasyon<\/th>\n<th>Notlar<\/th>\n<\/tr>\n<\/thead>\n<tbody>\n<tr>\n<td>StrangerCam<\/td>\n<td align=\"center\">\u2705<\/td>\n<td align=\"center\">\u2705 (\u00dccretsiz)<\/td>\n<td align=\"center\">\u274c<\/td>\n<td align=\"center\">\u2705<\/td>\n<td align=\"center\">\u2705<\/td>\n<td>En iyi se\u00e7im, ger\u00e7ek ve \u00fccretsiz k\u0131z filtresi<\/td>\n<\/tr>\n<tr>\n<td>Chatroulette<\/td>\n<td align=\"center\">\u2705<\/td>\n<td align=\"center\">\u274c (\u00dccretli)<\/td>\n<td align=\"center\">\u274c<\/td>\n<td align=\"center\">\u2705<\/td>\n<td align=\"center\">\u2705<\/td>\n<td>Klasik, ancak \u00fccretsiz filtre yok<\/td>\n<\/tr>\n<tr>\n<td>Chatrandom<\/td>\n<td align=\"center\">\u2705<\/td>\n<td align=\"center\">\u274c (\u00dccretli)<\/td>\n<td align=\"center\">\u274c<\/td>\n<td align=\"center\">\u2705<\/td>\n<td align=\"center\">\u2705<\/td>\n<td>Pop\u00fcler, ancak premium y\u00fckseltmeleri zorluyor<\/td>\n<\/tr>\n<tr>\n<td>Shagle<\/td>\n<td align=\"center\">\u2705<\/td>\n<td align=\"center\">\u274c (\u00dccretli)<\/td>\n<td align=\"center\">\u274c<\/td>\n<td align=\"center\">\u2705<\/td>\n<td align=\"center\">\u2705<\/td>\n<td>Ba\u015flang\u0131\u00e7 i\u00e7in \u00fccretsiz, ancak s\u0131n\u0131rl\u0131 filtreler<\/td>\n<\/tr>\n<tr>\n<td>CooMeet<\/td>\n<td align=\"center\">\u274c (Deneme)<\/td>\n<td align=\"center\">\u2705<\/td>\n<td align=\"center\">\u2705<\/td>\n<td align=\"center\">\u2705<\/td>\n<td align=\"center\">\u2705<\/td>\n<td>\u00dccretli, kad\u0131nlarla tan\u0131\u015fan erkeklere odakl\u0131<\/td>\n<\/tr>\n<tr>\n<td>LuckyCrush<\/td>\n<td align=\"center\">\u274c<\/td>\n<td align=\"center\">\u2705<\/td>\n<td align=\"center\">\u2705<\/td>\n<td align=\"center\">\u2705<\/td>\n<td align=\"center\">\u2705<\/td>\n<td>Her zaman \u00fccretli, cinsiyete \u00f6zel sohbetler<\/td>\n<\/tr>\n<\/tbody>\n<\/table>\n<p>StrangerCam, \u00e7al\u0131\u015fan \u00fccretsiz bir cinsiyet filtresi sunan tek platformlardan biridir, b\u00f6ylece kaydolmadan veya \u00f6deme yapmadan rastgele k\u0131zlarla an\u0131nda sohbet edebilirsiniz.<\/p>\n<h2>StrangerCam Neden En \u0130yi Se\u00e7imdir?<\/h2>\n<p>\u0130\u015fte StrangerCam'in \"Rastgele k\u0131zlarla nerede sohbet edebilirim?\" sorusunun en iyi yan\u0131tlar\u0131ndan biri olmas\u0131n\u0131n nedeni:<\/p>\n<h3>1. 100% \u00dccretsiz<\/h3>\n<p>Deneme yok, kredi yok - sadece s\u0131n\u0131rs\u0131z sohbet.<\/p>\n<h3>2. \u00dccretsiz Cinsiyet Filtresi<\/h3>\n<p>\u00c7o\u011fu sitenin aksine, k\u0131zlarla ba\u011flant\u0131 kurmak i\u00e7in fazladan \u00f6deme yapman\u0131za gerek yoktur.<\/p>\n<h3>3. Kay\u0131t Gerekmiyor<\/h3>\n<p>Anonim kal\u0131n ve an\u0131nda ba\u011flan\u0131n.<\/p>\n<h3>4. G\u00fcvenli ve Moderat\u00f6rl\u00fc<\/h3>\n<p>Daha iyi g\u00fcvenlik <a href=\"https:\/\/strangercam.com\/tr\/omegle\/\">Omegle<\/a> hi\u00e7 olmad\u0131.<\/p>\n<h3>5. Mobil + Masa\u00fcst\u00fc Haz\u0131r<\/h3>\n<p>Her cihazda sorunsuz \u00e7al\u0131\u015f\u0131r.<\/p>\n<h3>6. Farkl\u0131 Kad\u0131n Kullan\u0131c\u0131 Taban\u0131<\/h3>\n<p>100'den fazla \u00fclkeden k\u0131zlarla tan\u0131\u015f\u0131n.<\/p>\n<h2>Ger\u00e7ek Kullan\u0131c\u0131 G\u00f6r\u00fc\u015fleri<\/h2>\n<blockquote><p><em>\"Para \u00f6demeden rastgele k\u0131zlarla sohbet edebilece\u011fim bir yer ar\u0131yordum. StrangerCam ger\u00e7ekten bunu sa\u011flayan tek siteydi.\"<\/em><br \/>\n- Daniel, 29 ya\u015f\u0131nda.<\/p><\/blockquote>\n<blockquote><p><em>\"Cinsiyet filtresi \u00fccretsiz ve m\u00fckemmel \u00e7al\u0131\u015f\u0131yor. Bir ak\u015famda \u00fc\u00e7 \u00fclkeden k\u0131zlarla tan\u0131\u015ft\u0131m.\"<\/em><br \/>\n- Sophia, 22 ya\u015f\u0131nda.<\/p><\/blockquote>\n<blockquote><p><em>\"\u00c7o\u011fu uygulama sizi y\u00fckseltmeye zorluyor ama StrangerCam ger\u00e7ekten \u00fccretsiz.\"<\/em><br \/>\n- Ryan, 31 ya\u015f\u0131nda.<\/p><\/blockquote>\n<blockquote><p><em>\"G\u00fcvenli ve basit hissettiriyor. \u0130stedi\u011fim zaman atlayabilmeyi seviyorum.\"<\/em><br \/>\n- Emma, 20 ya\u015f\u0131nda.<\/p><\/blockquote>\n<h2>Rastgele K\u0131zlarla Sohbet Etmek \u0130\u00e7in G\u00fcvenlik \u0130pu\u00e7lar\u0131<\/h2>\n<p>K\u0131zlarla \u00e7evrimi\u00e7i sohbet etmek i\u00e7in platformlar\u0131 kullan\u0131rken, her zaman bu g\u00fcvenlik kurallar\u0131na uyun:<\/p>\n<ul>\n<li>Asla ki\u015fisel bilgilerinizi (telefon numaran\u0131z veya adresiniz gibi) payla\u015fmay\u0131n.<\/li>\n<li>Sizi rahats\u0131z eden ki\u015fileri atlay\u0131n veya engelleyin.<\/li>\n<li>Yabanc\u0131lar taraf\u0131ndan payla\u015f\u0131lan ba\u011flant\u0131lara t\u0131klamay\u0131n.<\/li>\n<li>Web kameran\u0131z\u0131 a\u00e7madan \u00f6nce arka plan\u0131n\u0131z\u0131 kontrol edin.<\/li>\n<li>Takma ad kullan\u0131n, ger\u00e7ek ad\u0131n\u0131z\u0131 de\u011fil.<\/li>\n<li>Platform ya\u015f kurallar\u0131na sayg\u0131 g\u00f6sterin - 18 ya\u015f\u0131n alt\u0131ndaysan\u0131z yeti\u015fkin sohbetlerinden ka\u00e7\u0131n\u0131n.<\/li>\n<\/ul>\n<h2>Nas\u0131l Ba\u015flan\u0131r - Ad\u0131m Ad\u0131m<\/h2>\n<p>Rastgele k\u0131zlarla sohbet etmeye ba\u015flamak sadece bir dakika s\u00fcrer:<\/p>\n<ol>\n<li>Taray\u0131c\u0131n\u0131zda veya cihaz\u0131n\u0131zda StrangerCam'i a\u00e7\u0131n.<\/li>\n<li>Kamera ve mikrofon eri\u015fimine izin verin.<\/li>\n<li>Cinsiyet filtresini se\u00e7in (k\u0131zlar).<\/li>\n<li>An\u0131nda ba\u011flanmak i\u00e7in Sohbeti Ba\u015flat'a t\u0131klay\u0131n.<\/li>\n<li>Yeni biriyle tan\u0131\u015fmak i\u00e7in istedi\u011finiz zaman \u0130leri'ye bas\u0131n.<\/li>\n<\/ol>\n<p>H\u0131zl\u0131, \u00fccretsiz ve e\u011flenceli.<\/p>\n<p>\"Rastgele k\u0131zlarla nerede sohbet edebilirim?\" diye merak ediyorsan\u0131z, cevap basit: 2025'te StrangerCam gibi platformlar bunu an\u0131nda ve \u00fccretsiz olarak m\u00fcmk\u00fcn k\u0131l\u0131yor. Cinsiyet filtrelerini \u00f6deme duvarlar\u0131n\u0131n arkas\u0131nda engelleyen veya kaydolmaya zorlayan di\u011fer hizmetlerin aksine, StrangerCam saniyeler i\u00e7inde d\u00fcnyan\u0131n d\u00f6rt bir yan\u0131ndan ger\u00e7ek k\u0131zlarla ba\u011flant\u0131 kurman\u0131z\u0131 sa\u011flar.<\/p>\n<p>Ba\u015flamaya haz\u0131r m\u0131s\u0131n\u0131z? Bug\u00fcn k\u0131zlarla \u00fccretsiz rastgele sohbet etmeyi deneyin ve bir sonraki ad\u0131mda kiminle tan\u0131\u015faca\u011f\u0131n\u0131z\u0131 g\u00f6r\u00fcn.<\/p>","protected":false},"excerpt":{"rendered":"<p>If you\u2019re asking yourself, \u201cWhere can I chat with random girls?\u201d, you\u2019re not alone. Every month, millions of people search for ways to instantly connect with girls online\u2014whether for fun, casual flirting, or making new friends across the globe. The good news? It&#8217;s easier than ever to find safe, free, and real platforms where you [&hellip;]<\/p>\n","protected":false},"author":8,"featured_media":0,"parent":0,"menu_order":0,"comment_status":"closed","ping_status":"closed","template":"","meta":{"footnotes":""},"class_list":["post-4869","page","type-page","status-publish","hentry"],"yoast_head":"<!-- This site is optimized with the Yoast SEO plugin v26.9 - https:\/\/yoast.com\/product\/yoast-seo-wordpress\/ -->\n<title>Where Can I Chat With Random Girls on Strangercam.com<\/title>\n<meta name=\"description\" content=\"Liking Where Can I Chat With Random Girls? Join millions on StrangerCam.com! Start a random video chat, turn on your cam, and meet strangers instantly.\" \/>\n<meta name=\"robots\" content=\"index, follow, max-snippet:-1, max-image-preview:large, max-video-preview:-1\" \/>\n<link rel=\"canonical\" href=\"https:\/\/strangercam.com\/tr\/rastgele-kizlarla-nerede-sohbet-edebilirim\/\" \/>\n<meta property=\"og:locale\" content=\"tr_TR\" \/>\n<meta property=\"og:type\" content=\"article\" \/>\n<meta property=\"og:title\" content=\"Where Can I Chat With Random Girls on Strangercam.com\" \/>\n<meta property=\"og:description\" content=\"Liking Where Can I Chat With Random Girls? Join millions on StrangerCam.com! Start a random video chat, turn on your cam, and meet strangers instantly.\" \/>\n<meta property=\"og:url\" content=\"https:\/\/strangercam.com\/tr\/rastgele-kizlarla-nerede-sohbet-edebilirim\/\" \/>\n<meta property=\"og:site_name\" content=\"Strangercam\" \/>\n<meta property=\"article:publisher\" content=\"https:\/\/www.facebook.com\/strangercam\" \/>\n<meta property=\"article:modified_time\" content=\"2025-09-23T10:42:03+00:00\" \/>\n<meta property=\"og:image\" content=\"https:\/\/strangercam.com\/wp-content\/uploads\/2021\/10\/Untitled-2.png\" \/>\n\t<meta property=\"og:image:width\" content=\"800\" \/>\n\t<meta property=\"og:image:height\" content=\"532\" \/>\n\t<meta property=\"og:image:type\" content=\"image\/png\" \/>\n<meta name=\"twitter:card\" content=\"summary_large_image\" \/>\n<meta name=\"twitter:site\" content=\"@strangercamapp\" \/>\n<meta name=\"twitter:label1\" content=\"Tahmini okuma s\u00fcresi\" \/>\n\t<meta name=\"twitter:data1\" content=\"4 dakika\" \/>\n<script type=\"application\/ld+json\" class=\"yoast-schema-graph\">{\"@context\":\"https:\/\/schema.org\",\"@graph\":[{\"@type\":\"WebPage\",\"@id\":\"https:\/\/strangercam.com\/where-can-i-chat-with-random-girls\/\",\"url\":\"https:\/\/strangercam.com\/where-can-i-chat-with-random-girls\/\",\"name\":\"Where Can I Chat With Random Girls on Strangercam.com\",\"isPartOf\":{\"@id\":\"https:\/\/strangercam.com\/#website\"},\"datePublished\":\"2025-09-23T09:15:28+00:00\",\"dateModified\":\"2025-09-23T10:42:03+00:00\",\"description\":\"Liking Where Can I Chat With Random Girls? Join millions on StrangerCam.com! Start a random video chat, turn on your cam, and meet strangers instantly.\",\"breadcrumb\":{\"@id\":\"https:\/\/strangercam.com\/where-can-i-chat-with-random-girls\/#breadcrumb\"},\"inLanguage\":\"tr\",\"potentialAction\":[{\"@type\":\"ReadAction\",\"target\":[\"https:\/\/strangercam.com\/where-can-i-chat-with-random-girls\/\"]}]},{\"@type\":\"BreadcrumbList\",\"@id\":\"https:\/\/strangercam.com\/where-can-i-chat-with-random-girls\/#breadcrumb\",\"itemListElement\":[{\"@type\":\"ListItem\",\"position\":1,\"name\":\"Home\",\"item\":\"https:\/\/strangercam.com\/\"},{\"@type\":\"ListItem\",\"position\":2,\"name\":\"Where Can I Chat With Random Girls\"}]},{\"@type\":\"WebSite\",\"@id\":\"https:\/\/strangercam.com\/#website\",\"url\":\"https:\/\/strangercam.com\/\",\"name\":\"Strangercam\",\"description\":\"Random Video Chat with Strangers\",\"publisher\":{\"@id\":\"https:\/\/strangercam.com\/#organization\"},\"alternateName\":\"Strangercam.com\",\"potentialAction\":[{\"@type\":\"SearchAction\",\"target\":{\"@type\":\"EntryPoint\",\"urlTemplate\":\"https:\/\/strangercam.com\/?s={search_term_string}\"},\"query-input\":{\"@type\":\"PropertyValueSpecification\",\"valueRequired\":true,\"valueName\":\"search_term_string\"}}],\"inLanguage\":\"tr\"},{\"@type\":\"Organization\",\"@id\":\"https:\/\/strangercam.com\/#organization\",\"name\":\"Strangercam\",\"alternateName\":\"Strangercam.com\",\"url\":\"https:\/\/strangercam.com\/\",\"logo\":{\"@type\":\"ImageObject\",\"inLanguage\":\"tr\",\"@id\":\"https:\/\/strangercam.com\/#\/schema\/logo\/image\/\",\"url\":\"https:\/\/strangercam.com\/wp-content\/uploads\/2020\/11\/cropped-new-favicon-black.png\",\"contentUrl\":\"https:\/\/strangercam.com\/wp-content\/uploads\/2020\/11\/cropped-new-favicon-black.png\",\"width\":512,\"height\":512,\"caption\":\"Strangercam\"},\"image\":{\"@id\":\"https:\/\/strangercam.com\/#\/schema\/logo\/image\/\"},\"sameAs\":[\"https:\/\/www.facebook.com\/strangercam\",\"https:\/\/x.com\/strangercamapp\"]}]}<\/script>\n<!-- \/ Yoast SEO plugin. -->","yoast_head_json":{"title":"Strangercam.com'da Rastgele K\u0131zlarla Nerede Sohbet Edebilirim","description":"Rastgele K\u0131zlarla Nerede Sohbet Edebilirim? StrangerCam.com'da Join milyonlarca! Rastgele bir g\u00f6r\u00fcnt\u00fcl\u00fc sohbet ba\u015flat\u0131n, kameran\u0131z\u0131 a\u00e7\u0131n ve yabanc\u0131larla an\u0131nda tan\u0131\u015f\u0131n.","robots":{"index":"index","follow":"follow","max-snippet":"max-snippet:-1","max-image-preview":"max-image-preview:large","max-video-preview":"max-video-preview:-1"},"canonical":"https:\/\/strangercam.com\/tr\/rastgele-kizlarla-nerede-sohbet-edebilirim\/","og_locale":"tr_TR","og_type":"article","og_title":"Where Can I Chat With Random Girls on Strangercam.com","og_description":"Liking Where Can I Chat With Random Girls? Join millions on StrangerCam.com! Start a random video chat, turn on your cam, and meet strangers instantly.","og_url":"https:\/\/strangercam.com\/tr\/rastgele-kizlarla-nerede-sohbet-edebilirim\/","og_site_name":"Strangercam","article_publisher":"https:\/\/www.facebook.com\/strangercam","article_modified_time":"2025-09-23T10:42:03+00:00","og_image":[{"width":800,"height":532,"url":"https:\/\/strangercam.com\/wp-content\/uploads\/2021\/10\/Untitled-2.png","type":"image\/png"}],"twitter_card":"summary_large_image","twitter_site":"@strangercamapp","twitter_misc":{"Tahmini okuma s\u00fcresi":"4 dakika"},"schema":{"@context":"https:\/\/schema.org","@graph":[{"@type":"WebPage","@id":"https:\/\/strangercam.com\/where-can-i-chat-with-random-girls\/","url":"https:\/\/strangercam.com\/where-can-i-chat-with-random-girls\/","name":"Strangercam.com'da Rastgele K\u0131zlarla Nerede Sohbet Edebilirim","isPartOf":{"@id":"https:\/\/strangercam.com\/#website"},"datePublished":"2025-09-23T09:15:28+00:00","dateModified":"2025-09-23T10:42:03+00:00","description":"Rastgele K\u0131zlarla Nerede Sohbet Edebilirim? StrangerCam.com'da Join milyonlarca! Rastgele bir g\u00f6r\u00fcnt\u00fcl\u00fc sohbet ba\u015flat\u0131n, kameran\u0131z\u0131 a\u00e7\u0131n ve yabanc\u0131larla an\u0131nda tan\u0131\u015f\u0131n.","breadcrumb":{"@id":"https:\/\/strangercam.com\/where-can-i-chat-with-random-girls\/#breadcrumb"},"inLanguage":"tr","potentialAction":[{"@type":"ReadAction","target":["https:\/\/strangercam.com\/where-can-i-chat-with-random-girls\/"]}]},{"@type":"BreadcrumbList","@id":"https:\/\/strangercam.com\/where-can-i-chat-with-random-girls\/#breadcrumb","itemListElement":[{"@type":"ListItem","position":1,"name":"Home","item":"https:\/\/strangercam.com\/"},{"@type":"ListItem","position":2,"name":"Where Can I Chat With Random Girls"}]},{"@type":"WebSite","@id":"https:\/\/strangercam.com\/#website","url":"https:\/\/strangercam.com\/","name":"Strangercam","description":"Yabanc\u0131larla Rastgele G\u00f6r\u00fcnt\u00fcl\u00fc Sohbet","publisher":{"@id":"https:\/\/strangercam.com\/#organization"},"alternateName":"Strangercam.com","potentialAction":[{"@type":"SearchAction","target":{"@type":"EntryPoint","urlTemplate":"https:\/\/strangercam.com\/?s={search_term_string}"},"query-input":{"@type":"PropertyValueSpecification","valueRequired":true,"valueName":"search_term_string"}}],"inLanguage":"tr"},{"@type":"Organization","@id":"https:\/\/strangercam.com\/#organization","name":"Strangercam","alternateName":"Strangercam.com","url":"https:\/\/strangercam.com\/","logo":{"@type":"ImageObject","inLanguage":"tr","@id":"https:\/\/strangercam.com\/#\/schema\/logo\/image\/","url":"https:\/\/strangercam.com\/wp-content\/uploads\/2020\/11\/cropped-new-favicon-black.png","contentUrl":"https:\/\/strangercam.com\/wp-content\/uploads\/2020\/11\/cropped-new-favicon-black.png","width":512,"height":512,"caption":"Strangercam"},"image":{"@id":"https:\/\/strangercam.com\/#\/schema\/logo\/image\/"},"sameAs":["https:\/\/www.facebook.com\/strangercam","https:\/\/x.com\/strangercamapp"]}]}},"_links":{"self":[{"href":"https:\/\/strangercam.com\/tr\/wp-json\/wp\/v2\/pages\/4869","targetHints":{"allow":["GET"]}}],"collection":[{"href":"https:\/\/strangercam.com\/tr\/wp-json\/wp\/v2\/pages"}],"about":[{"href":"https:\/\/strangercam.com\/tr\/wp-json\/wp\/v2\/types\/page"}],"author":[{"embeddable":true,"href":"https:\/\/strangercam.com\/tr\/wp-json\/wp\/v2\/users\/8"}],"replies":[{"embeddable":true,"href":"https:\/\/strangercam.com\/tr\/wp-json\/wp\/v2\/comments?post=4869"}],"version-history":[{"count":2,"href":"https:\/\/strangercam.com\/tr\/wp-json\/wp\/v2\/pages\/4869\/revisions"}],"predecessor-version":[{"id":13042,"href":"https:\/\/strangercam.com\/tr\/wp-json\/wp\/v2\/pages\/4869\/revisions\/13042"}],"wp:attachment":[{"href":"https:\/\/strangercam.com\/tr\/wp-json\/wp\/v2\/media?parent=4869"}],"curies":[{"name":"wp","href":"https:\/\/api.w.org\/{rel}","templated":true}]}}