{"id":4851,"date":"2025-09-23T11:12:50","date_gmt":"2025-09-23T09:12:50","guid":{"rendered":"https:\/\/strangercam.com\/?page_id=4851"},"modified":"2025-09-23T12:40:15","modified_gmt":"2025-09-23T10:40:15","slug":"herkes-icin-ucretsiz-cevrimici-sohbet-odalari","status":"publish","type":"page","link":"https:\/\/strangercam.com\/tr\/free-online-chat-rooms-for-everyone\/","title":{"rendered":"Herkes \u0130\u00e7in \u00dccretsiz Online Sohbet Odalar\u0131"},"content":{"rendered":"<p>\u00dccretsiz \u00e7evrimi\u00e7i <a href=\"https:\/\/strangercam.com\/tr\/chathub\/\">sohbet<\/a> Herkes i\u00e7in oda m\u0131? Do\u011fru yerdesiniz. G\u00fcn\u00fcm\u00fcz\u00fcn dijital d\u00fcnyas\u0131nda insanlar yeni arkada\u015flar edinmek, hikayeler payla\u015fmak, destek bulmak veya sadece can s\u0131k\u0131nt\u0131s\u0131n\u0131 yenmek i\u00e7in ger\u00e7ek zamanl\u0131 etkile\u015fime ihtiya\u00e7 duyuyor. Her \u015feyin d\u00fczenlendi\u011fi ve cilaland\u0131\u011f\u0131 sosyal a\u011flar\u0131n aksine, \u00e7evrimi\u00e7i sohbet odalar\u0131 ba\u011flant\u0131 kurmak i\u00e7in spontane, filtrelenmemi\u015f ve e\u011flenceli bir yol sunar.<\/p>\n<p>StrangerCam gibi platformlarla, herkesin ho\u015f kar\u015f\u0131land\u0131\u011f\u0131 \u00fccretsiz sohbet odalar\u0131na kat\u0131labilirsiniz - kay\u0131t yok, indirme yok ve gizli maliyet yok. \u0130ster yabanc\u0131larla g\u00f6r\u00fcnt\u00fcl\u00fc sohbet etmek, ister s\u0131radan konu\u015fmak veya k\u00fcresel arkada\u015fl\u0131klar\u0131 ke\u015ffetmek isteyin, \u00fccretsiz sohbet odalar\u0131 2025'teki en pop\u00fcler \u00e7evrimi\u00e7i deneyimlerden biri olmaya devam ediyor.<\/p>\n<p>Bu k\u0131lavuz bilmeniz gereken her \u015feyi kapsar: sohbet odalar\u0131n\u0131n ne oldu\u011fu, neden hala pop\u00fcler olduklar\u0131, nas\u0131l \u00e7al\u0131\u015ft\u0131klar\u0131, hangi \u00f6zellikleri arayacaklar\u0131, en iyi platformlar\u0131n kar\u015f\u0131la\u015ft\u0131rmalar\u0131, g\u00fcvenlik ipu\u00e7lar\u0131 ve StrangerCam'in neden g\u00fcn\u00fcm\u00fcz\u00fcn en iyi se\u00e7eneklerinden biri oldu\u011fu.<\/p>\n<h2>Herkes i\u00e7in \u00dccretsiz Online Sohbet Odalar\u0131 Nelerdir?<\/h2>\n<p>Herkes i\u00e7in \u00fccretsiz \u00e7evrimi\u00e7i sohbet odalar\u0131, insanlar\u0131n ger\u00e7ek zamanl\u0131 olarak konu\u015fmak, mesajla\u015fmak veya g\u00f6r\u00fcnt\u00fcl\u00fc sohbet etmek i\u00e7in bir araya geldi\u011fi dijital alanlard\u0131r. \u00d6zel arkada\u015fl\u0131k uygulamalar\u0131n\u0131n veya ni\u015f topluluklar\u0131n aksine, bu sohbet odalar\u0131 herkese a\u00e7\u0131kt\u0131r - erkekler, kad\u0131nlar, gen\u00e7ler (ya\u015fa uygun odalarla) ve farkl\u0131 ge\u00e7mi\u015flerden ve \u00fclkelerden insanlar.<\/p>\n<p>Modern platformlar genellikle e\u011flenceli ve etkile\u015fimli bir deneyim yaratmak i\u00e7in metin sohbeti, g\u00f6r\u00fcnt\u00fcl\u00fc sohbet ve rastgele e\u015fle\u015ftirme \u00f6zelliklerini birle\u015ftirir.<\/p>\n<h2>\u0130nsanlar \u00dccretsiz Sohbet Odalar\u0131n\u0131 Neden Hala Seviyor?<\/h2>\n<p>Sohbet odalar\u0131 eski moda gibi g\u00f6r\u00fcnebilir, ancak her zamankinden daha \u00f6nemlidirler. \u0130\u015fte bu y\u00fczden milyonlarca ki\u015fi her g\u00fcn \u00fccretsiz \u00e7evrimi\u00e7i sohbet odalar\u0131n\u0131 kullan\u0131yor:<\/p>\n<ul>\n<li>An\u0131nda Ba\u011flant\u0131: Profil veya uzun biyografiler yok - sadece sohbete ba\u015flay\u0131n.<\/li>\n<li>K\u00fcresel Dostluklar: <a href=\"https:\/\/strangercam.com\/tr\/coomeet\/\">Tan\u0131\u015f\u0131n<\/a> d\u00fcnyan\u0131n her yerinden insanlar.<\/li>\n<li>Farkl\u0131 Sohbetler: S\u0131radan \u015fakala\u015fmalardan anlaml\u0131 konu\u015fmalara.<\/li>\n<li>Eri\u015filebilirlik: \u00dccretsiz ve herkese a\u00e7\u0131k.<\/li>\n<li>Video Se\u00e7enekleri: Bir\u00e7ok platform art\u0131k metin sohbetini rastgele g\u00f6r\u00fcnt\u00fcl\u00fc sohbet ile birle\u015ftiriyor.<\/li>\n<li>Yaln\u0131zl\u0131kla M\u00fccadele: Ba\u011flant\u0131l\u0131 hissetmenin h\u0131zl\u0131 bir yolu.<\/li>\n<\/ul>\n<h2>\u00dccretsiz Online Sohbet Odalar\u0131 Nas\u0131l \u00c7al\u0131\u015f\u0131r?<\/h2>\n<p>1TP162\u00dccretsiz bir sohbet odas\u0131 a\u00e7mak basittir:<\/p>\n<ol>\n<li>Platformu masa\u00fcst\u00fcnde veya mobil cihazda a\u00e7\u0131n.<\/li>\n<li>Bir odaya girin (baz\u0131 siteler sizi yabanc\u0131larla otomatik olarak e\u015fle\u015ftirir).<\/li>\n<li>Metin veya video arac\u0131l\u0131\u011f\u0131yla sohbet etmeye ba\u015flay\u0131n.<\/li>\n<li>Yeni biriyle tan\u0131\u015fmak i\u00e7in istedi\u011finiz zaman oda veya kullan\u0131c\u0131 de\u011fi\u015ftirin.<\/li>\n<\/ol>\n<p>Baz\u0131 platformlar cinsiyet, konum veya ilgi alanlar\u0131na g\u00f6re filtreleme yapman\u0131za da olanak tan\u0131r.<\/p>\n<h2>Aranacak En \u00d6nemli \u00d6zellikler<\/h2>\n<p>Herkes i\u00e7in \u00fccretsiz \u00e7evrimi\u00e7i sohbet odalar\u0131 i\u00e7in bir site se\u00e7erken, i\u015fte \u00f6nemli olan \u015fey:<\/p>\n<h3>1. Kay\u0131t Gerektirmez<\/h3>\n<p>Hesaplar\u0131n\u0131z olmadan an\u0131nda kat\u0131labilmelisiniz.<\/p>\n<h3>2. Ger\u00e7ekten \u00dccretsiz Eri\u015fim<\/h3>\n<p>\"\u00dccretsiz\" reklam\u0131 yapan ancak temel \u00f6zellikleri \u00f6deme duvarlar\u0131 arkas\u0131nda engelleyen sitelerden ka\u00e7\u0131n\u0131n.<\/p>\n<h3>3. Video ve Metin Se\u00e7enekleri<\/h3>\n<p>Her ikisinin kar\u0131\u015f\u0131m\u0131, deneyimi daha \u00e7ok y\u00f6nl\u00fc hale getirir.<\/p>\n<h3>4. G\u00fcvenli Moderasyon<\/h3>\n<p>Platformlar raporlama ara\u00e7lar\u0131na ve aktif moderat\u00f6rlere sahip olmal\u0131d\u0131r.<\/p>\n<h3>5. Mobil Uyumlu Tasar\u0131m<\/h3>\n<p>Telefonlarda ve tabletlerde sorunsuz deneyimler bir zorunluluktur.<\/p>\n<h3>6. \u00c7e\u015fitli Odalar ve K\u00fcresel Eri\u015fim<\/h3>\n<p>En iyi platformlar d\u00fcnyan\u0131n d\u00f6rt bir yan\u0131ndan insanlar\u0131 birbirine ba\u011flar.<\/p>\n<h2>2025'in En \u0130yi \u00dccretsiz Online Sohbet Odalar\u0131<\/h2>\n<p>\u0130\u015fte herkes i\u00e7in \u00fccretsiz sohbet odalar\u0131 sunan en pop\u00fcler platformlar\u0131n bir kar\u015f\u0131la\u015ft\u0131rmas\u0131:<\/p>\n<table>\n<thead>\n<tr>\n<th>Platform<\/th>\n<th align=\"center\">\u00dccretsiz Eri\u015fim<\/th>\n<th align=\"center\">G\u00f6r\u00fcnt\u00fcl\u00fc Sohbet<\/th>\n<th align=\"center\">Kay\u0131t Gerekli<\/th>\n<th align=\"center\">Mobil Destek<\/th>\n<th align=\"center\">Moderasyon<\/th>\n<th>Notlar<\/th>\n<\/tr>\n<\/thead>\n<tbody>\n<tr>\n<td>StrangerCam<\/td>\n<td align=\"center\">\u2705<\/td>\n<td align=\"center\">\u2705<\/td>\n<td align=\"center\">\u274c<\/td>\n<td align=\"center\">\u2705<\/td>\n<td align=\"center\">\u2705<\/td>\n<td>Video ve rastgele sohbetin en iyi kar\u0131\u015f\u0131m\u0131<\/td>\n<\/tr>\n<tr>\n<td><a href=\"https:\/\/strangercam.com\/tr\/chatroulette\/\">Chatroulette<\/a><\/td>\n<td align=\"center\">\u2705<\/td>\n<td align=\"center\">\u2705<\/td>\n<td align=\"center\">\u274c<\/td>\n<td align=\"center\">\u2705<\/td>\n<td align=\"center\">\u2705<\/td>\n<td>Klasik se\u00e7enek, s\u0131n\u0131rl\u0131 \u00f6zellikler<\/td>\n<\/tr>\n<tr>\n<td>Chatrandom<\/td>\n<td align=\"center\">\u2705<\/td>\n<td align=\"center\">\u2705<\/td>\n<td align=\"center\">\u274c<\/td>\n<td align=\"center\">\u2705<\/td>\n<td align=\"center\">\u2705<\/td>\n<td>Pop\u00fcler, ancak premium \u00fcst sat\u0131\u015flar<\/td>\n<\/tr>\n<tr>\n<td><a href=\"https:\/\/strangercam.com\/tr\/ometv\/\">OmeTV<\/a><\/td>\n<td align=\"center\">\u2705<\/td>\n<td align=\"center\">\u2705<\/td>\n<td align=\"center\">\u274c<\/td>\n<td align=\"center\">\u2705<\/td>\n<td align=\"center\">\u2705<\/td>\n<td>Mobil \u00f6ncelikli sohbet odalar\u0131<\/td>\n<\/tr>\n<tr>\n<td>Shagle<\/td>\n<td align=\"center\">\u2705<\/td>\n<td align=\"center\">\u2705<\/td>\n<td align=\"center\">\u274c<\/td>\n<td align=\"center\">\u2705<\/td>\n<td align=\"center\">\u2705<\/td>\n<td>Premium filtreler kilitli<\/td>\n<\/tr>\n<tr>\n<td>WireClub<\/td>\n<td align=\"center\">\u2705<\/td>\n<td align=\"center\">\u274c<\/td>\n<td align=\"center\">\u2705<\/td>\n<td align=\"center\">\u2705<\/td>\n<td align=\"center\">\u2705<\/td>\n<td>Metin tabanl\u0131 sohbet odalar\u0131, daha fazla topluluk tarz\u0131<\/td>\n<\/tr>\n<\/tbody>\n<\/table>\n<p>StrangerCam en iyi platformlardan biri olarak \u00f6ne \u00e7\u0131k\u0131yor - g\u00f6r\u00fcnt\u00fcl\u00fc, s\u0131n\u0131rs\u0131z kullan\u0131ml\u0131 ve kay\u0131t gerektirmeyen \u00fccretsiz sohbet odalar\u0131 sunuyor.<\/p>\n<h2>StrangerCam Neden En \u0130yi Se\u00e7imdir?<\/h2>\n<p>\u0130\u015fte StrangerCam'in herkes i\u00e7in \u00fccretsiz \u00e7evrimi\u00e7i sohbet odalar\u0131 i\u00e7in m\u00fckemmel olmas\u0131n\u0131n nedeni:<\/p>\n<h3>1. Tamamen \u00dccretsiz<\/h3>\n<p>Gizli \u00fccret veya kredi yok.<\/p>\n<h3>2. G\u00f6r\u00fcnt\u00fcl\u00fc + Metin Sohbet Se\u00e7enekleri<\/h3>\n<p>Rastgele g\u00f6r\u00fcnt\u00fcl\u00fc sohbet ve metin sohbeti aras\u0131nda ge\u00e7i\u015f yap\u0131n.<\/p>\n<h3>3. Kay\u0131t Gerekmiyor<\/h3>\n<p>Join an\u0131nda, anonim kal\u0131n.<\/p>\n<h3>4. G\u00fcvenli ve Moderat\u00f6rl\u00fc<\/h3>\n<p>\u00c7o\u011fu platformdan daha iyi moderasyon.<\/p>\n<h3>5. Her Yerde \u00c7al\u0131\u015f\u0131r<\/h3>\n<p>Mobil ve masa\u00fcst\u00fc i\u00e7in tamamen optimize edilmi\u015ftir.<\/p>\n<h3>6. T\u00fcm Kullan\u0131c\u0131lar i\u00e7in Kapsay\u0131c\u0131<\/h3>\n<p>Herkes, her zaman, her yerde kat\u0131labilir.<\/p>\n<h2>Ger\u00e7ek Kullan\u0131c\u0131 G\u00f6r\u00fc\u015fleri<\/h2>\n<blockquote><p><em>\"Yeni insanlarla tan\u0131\u015fabilece\u011fim \u00fccretsiz \u00e7evrimi\u00e7i sohbet odalar\u0131 ar\u0131yordum ve StrangerCam e\u011flence ve g\u00fcvenli\u011fin m\u00fckemmel dengesine sahipti.\"<\/em><br \/>\n- Alex, 27 ya\u015f\u0131nda.<\/p><\/blockquote>\n<blockquote><p><em>\"Di\u011fer platformlar\u0131n aksine, kaydolmam veya \u00f6zellikler i\u00e7in \u00f6deme yapmam gerekmedi. Ger\u00e7ekten \u00fccretsiz.\"<\/em><br \/>\n- Sophia, 22 ya\u015f\u0131nda.<\/p><\/blockquote>\n<blockquote><p><em>\"Bir ak\u015famda be\u015f \u00fclkeden yabanc\u0131larla e\u011flenceli sohbetler yapt\u0131m. Ba\u011f\u0131ml\u0131l\u0131k yap\u0131yor.\"<\/em><br \/>\n- Ryan, 30 ya\u015f\u0131nda.<\/p><\/blockquote>\n<blockquote><p><em>\"Nihayet, ger\u00e7ek moderasyon sayesinde g\u00fcvende hissettiren bir sohbet odas\u0131.\"<\/em><br \/>\n- Emma, 19 ya\u015f\u0131nda.<\/p><\/blockquote>\n<h2>\u00c7evrimi\u00e7i Sohbet Odalar\u0131 i\u00e7in G\u00fcvenlik \u0130pu\u00e7lar\u0131<\/h2>\n<p>Sohbet odalar\u0131 e\u011flenceli olsa da, her zaman g\u00fcvenli\u011fe \u00f6ncelik verin:<\/p>\n<ul>\n<li>Ki\u015fisel bilgilerinizi (telefon, e-posta, adres) payla\u015fmay\u0131n.<\/li>\n<li>Yabanc\u0131lardan gelen \u015f\u00fcpheli ba\u011flant\u0131lardan ka\u00e7\u0131n\u0131n.<\/li>\n<li>Kendinizi rahats\u0131z hissediyorsan\u0131z atlama\/engelleme ara\u00e7lar\u0131n\u0131 kullan\u0131n.<\/li>\n<li>G\u00f6r\u00fcnt\u00fcl\u00fc sohbet kullan\u0131yorsan\u0131z ge\u00e7mi\u015finizi kontrol edin.<\/li>\n<li>Kullan\u0131c\u0131lar\u0131 raporlamak gibi platform \u00f6zelliklerine ba\u011fl\u0131 kal\u0131n.<\/li>\n<li>Ya\u015f s\u0131n\u0131rlar\u0131na sayg\u0131 g\u00f6sterin - 18 ya\u015f\u0131n alt\u0131ndaysan\u0131z yeti\u015fkin sohbetlerinden ka\u00e7\u0131n\u0131n.<\/li>\n<\/ul>\n<h2>Nas\u0131l Ba\u015flan\u0131r - Ad\u0131m Ad\u0131m<\/h2>\n<p>\u00dccretsiz bir \u00e7evrimi\u00e7i sohbet odas\u0131na kat\u0131lmak saniyeler s\u00fcrer:<\/p>\n<ol>\n<li>Taray\u0131c\u0131n\u0131zda veya telefonunuzda StrangerCam'i a\u00e7\u0131n.<\/li>\n<li>Kamera ve mikrofona izin verin (video i\u00e7in).<\/li>\n<li>Sohbeti Ba\u015flat'a t\u0131klay\u0131n veya bir odaya kat\u0131l\u0131n.<\/li>\n<li>Yabanc\u0131larla an\u0131nda tan\u0131\u015f\u0131n.<\/li>\n<li>Yeni biriyle sohbet etmek i\u00e7in istedi\u011finiz zaman ge\u00e7i\u015f yap\u0131n.<\/li>\n<\/ol>\n<p>2025 y\u0131l\u0131nda, herkes i\u00e7in \u00fccretsiz \u00e7evrimi\u00e7i sohbet odalar\u0131, \u00e7evrimi\u00e7i insanlarla tan\u0131\u015fman\u0131n en iyi yollar\u0131ndan biri olmaya devam ediyor. Spontane, k\u00fcresel ve e\u011flencelidirler; d\u00fcnya \u00e7ap\u0131nda yabanc\u0131larla ger\u00e7ek zamanl\u0131 sohbetler sunarlar.<\/p>\n<p>Yine de her site bunu sa\u011flayam\u0131yor. Baz\u0131lar\u0131 \u00f6zellikleri \u00f6deme duvarlar\u0131n\u0131n arkas\u0131na gizler veya botlarla doludur. Bu y\u00fczden StrangerCam en iyi se\u00e7imdir: \u00fccretsiz, kapsay\u0131c\u0131, g\u00fcvenli ve sohbete haz\u0131r ger\u00e7ek kullan\u0131c\u0131larla her zaman aktiftir.<\/p>\n<p>Kat\u0131lmaya haz\u0131r m\u0131s\u0131n\u0131z? Bug\u00fcn \u00fccretsiz bir \u00e7evrimi\u00e7i sohbet odas\u0131 ba\u015flat\u0131n ve daha sonra kiminle tan\u0131\u015faca\u011f\u0131n\u0131z\u0131 ke\u015ffedin.<\/p>","protected":false},"excerpt":{"rendered":"<p>Looking for free online chat rooms for everyone? You\u2019re in the right place. In today\u2019s digital world, people crave real-time interaction\u2014whether it\u2019s to make new friends, share stories, find support, or simply beat boredom. Unlike social networks where everything is curated and polished, online chat rooms offer a spontaneous, unfiltered, and fun way to connect. [&hellip;]<\/p>\n","protected":false},"author":8,"featured_media":0,"parent":0,"menu_order":0,"comment_status":"closed","ping_status":"closed","template":"","meta":{"footnotes":""},"class_list":["post-4851","page","type-page","status-publish","hentry"],"yoast_head":"<!-- This site is optimized with the Yoast SEO plugin v27.4 - https:\/\/yoast.com\/product\/yoast-seo-wordpress\/ -->\n<title>Free Online Chat Rooms For Everyone on Strangercam.com<\/title>\n<meta name=\"description\" content=\"Liking Free Online Chat Rooms For Everyone? Join millions on StrangerCam.com! Start a random video chat, turn on your cam, and meet strangers instantly.\" \/>\n<meta name=\"robots\" content=\"index, follow, max-snippet:-1, max-image-preview:large, max-video-preview:-1\" \/>\n<link rel=\"canonical\" href=\"https:\/\/strangercam.com\/tr\/herkes-icin-ucretsiz-cevrimici-sohbet-odalari\/\" \/>\n<meta property=\"og:locale\" content=\"tr_TR\" \/>\n<meta property=\"og:type\" content=\"article\" \/>\n<meta property=\"og:title\" content=\"Free Online Chat Rooms For Everyone on Strangercam.com\" \/>\n<meta property=\"og:description\" content=\"Liking Free Online Chat Rooms For Everyone? Join millions on StrangerCam.com! Start a random video chat, turn on your cam, and meet strangers instantly.\" \/>\n<meta property=\"og:url\" content=\"https:\/\/strangercam.com\/tr\/herkes-icin-ucretsiz-cevrimici-sohbet-odalari\/\" \/>\n<meta property=\"og:site_name\" content=\"Strangercam\" \/>\n<meta property=\"article:publisher\" content=\"https:\/\/www.facebook.com\/strangercam\" \/>\n<meta property=\"article:modified_time\" content=\"2025-09-23T10:40:15+00:00\" \/>\n<meta property=\"og:image\" content=\"https:\/\/strangercam.com\/wp-content\/uploads\/2021\/10\/Untitled-2.png\" \/>\n\t<meta property=\"og:image:width\" content=\"800\" \/>\n\t<meta property=\"og:image:height\" content=\"532\" \/>\n\t<meta property=\"og:image:type\" content=\"image\/png\" \/>\n<meta name=\"twitter:card\" content=\"summary_large_image\" \/>\n<meta name=\"twitter:site\" content=\"@strangercamapp\" \/>\n<meta name=\"twitter:label1\" content=\"Tahmini okuma s\u00fcresi\" \/>\n\t<meta name=\"twitter:data1\" content=\"4 dakika\" \/>\n<script type=\"application\/ld+json\" class=\"yoast-schema-graph\">{\"@context\":\"https:\\\/\\\/schema.org\",\"@graph\":[{\"@type\":\"WebPage\",\"@id\":\"https:\\\/\\\/strangercam.com\\\/free-online-chat-rooms-for-everyone\\\/\",\"url\":\"https:\\\/\\\/strangercam.com\\\/free-online-chat-rooms-for-everyone\\\/\",\"name\":\"Free Online Chat Rooms For Everyone on Strangercam.com\",\"isPartOf\":{\"@id\":\"https:\\\/\\\/strangercam.com\\\/#website\"},\"datePublished\":\"2025-09-23T09:12:50+00:00\",\"dateModified\":\"2025-09-23T10:40:15+00:00\",\"description\":\"Liking Free Online Chat Rooms For Everyone? Join millions on StrangerCam.com! Start a random video chat, turn on your cam, and meet strangers instantly.\",\"breadcrumb\":{\"@id\":\"https:\\\/\\\/strangercam.com\\\/free-online-chat-rooms-for-everyone\\\/#breadcrumb\"},\"inLanguage\":\"tr\",\"potentialAction\":[{\"@type\":\"ReadAction\",\"target\":[\"https:\\\/\\\/strangercam.com\\\/free-online-chat-rooms-for-everyone\\\/\"]}]},{\"@type\":\"BreadcrumbList\",\"@id\":\"https:\\\/\\\/strangercam.com\\\/free-online-chat-rooms-for-everyone\\\/#breadcrumb\",\"itemListElement\":[{\"@type\":\"ListItem\",\"position\":1,\"name\":\"Home\",\"item\":\"https:\\\/\\\/strangercam.com\\\/\"},{\"@type\":\"ListItem\",\"position\":2,\"name\":\"Free Online Chat Rooms For Everyone\"}]},{\"@type\":\"WebSite\",\"@id\":\"https:\\\/\\\/strangercam.com\\\/#website\",\"url\":\"https:\\\/\\\/strangercam.com\\\/\",\"name\":\"Strangercam\",\"description\":\"Random Video Chat with Strangers\",\"publisher\":{\"@id\":\"https:\\\/\\\/strangercam.com\\\/#organization\"},\"alternateName\":\"Strangercam.com\",\"potentialAction\":[{\"@type\":\"SearchAction\",\"target\":{\"@type\":\"EntryPoint\",\"urlTemplate\":\"https:\\\/\\\/strangercam.com\\\/?s={search_term_string}\"},\"query-input\":{\"@type\":\"PropertyValueSpecification\",\"valueRequired\":true,\"valueName\":\"search_term_string\"}}],\"inLanguage\":\"tr\"},{\"@type\":\"Organization\",\"@id\":\"https:\\\/\\\/strangercam.com\\\/#organization\",\"name\":\"Strangercam\",\"alternateName\":\"Strangercam.com\",\"url\":\"https:\\\/\\\/strangercam.com\\\/\",\"logo\":{\"@type\":\"ImageObject\",\"inLanguage\":\"tr\",\"@id\":\"https:\\\/\\\/strangercam.com\\\/#\\\/schema\\\/logo\\\/image\\\/\",\"url\":\"https:\\\/\\\/strangercam.com\\\/wp-content\\\/uploads\\\/2020\\\/11\\\/cropped-new-favicon-black.png\",\"contentUrl\":\"https:\\\/\\\/strangercam.com\\\/wp-content\\\/uploads\\\/2020\\\/11\\\/cropped-new-favicon-black.png\",\"width\":512,\"height\":512,\"caption\":\"Strangercam\"},\"image\":{\"@id\":\"https:\\\/\\\/strangercam.com\\\/#\\\/schema\\\/logo\\\/image\\\/\"},\"sameAs\":[\"https:\\\/\\\/www.facebook.com\\\/strangercam\",\"https:\\\/\\\/x.com\\\/strangercamapp\"]}]}<\/script>\n<!-- \/ Yoast SEO plugin. -->","yoast_head_json":{"title":"Strangercam.com'da Herkes \u0130\u00e7in \u00dccretsiz Online Sohbet Odalar\u0131","description":"Herkes \u0130\u00e7in \u00dccretsiz \u00c7evrimi\u00e7i Sohbet Odalar\u0131n\u0131 Seviyor musunuz? StrangerCam.com'da Join milyonlarca! Rastgele bir g\u00f6r\u00fcnt\u00fcl\u00fc sohbet ba\u015flat\u0131n, kameran\u0131z\u0131 a\u00e7\u0131n ve yabanc\u0131larla an\u0131nda tan\u0131\u015f\u0131n.","robots":{"index":"index","follow":"follow","max-snippet":"max-snippet:-1","max-image-preview":"max-image-preview:large","max-video-preview":"max-video-preview:-1"},"canonical":"https:\/\/strangercam.com\/tr\/herkes-icin-ucretsiz-cevrimici-sohbet-odalari\/","og_locale":"tr_TR","og_type":"article","og_title":"Free Online Chat Rooms For Everyone on Strangercam.com","og_description":"Liking Free Online Chat Rooms For Everyone? Join millions on StrangerCam.com! Start a random video chat, turn on your cam, and meet strangers instantly.","og_url":"https:\/\/strangercam.com\/tr\/herkes-icin-ucretsiz-cevrimici-sohbet-odalari\/","og_site_name":"Strangercam","article_publisher":"https:\/\/www.facebook.com\/strangercam","article_modified_time":"2025-09-23T10:40:15+00:00","og_image":[{"width":800,"height":532,"url":"https:\/\/strangercam.com\/wp-content\/uploads\/2021\/10\/Untitled-2.png","type":"image\/png"}],"twitter_card":"summary_large_image","twitter_site":"@strangercamapp","twitter_misc":{"Tahmini okuma s\u00fcresi":"4 dakika"},"schema":{"@context":"https:\/\/schema.org","@graph":[{"@type":"WebPage","@id":"https:\/\/strangercam.com\/free-online-chat-rooms-for-everyone\/","url":"https:\/\/strangercam.com\/free-online-chat-rooms-for-everyone\/","name":"Strangercam.com'da Herkes \u0130\u00e7in \u00dccretsiz Online Sohbet Odalar\u0131","isPartOf":{"@id":"https:\/\/strangercam.com\/#website"},"datePublished":"2025-09-23T09:12:50+00:00","dateModified":"2025-09-23T10:40:15+00:00","description":"Herkes \u0130\u00e7in \u00dccretsiz \u00c7evrimi\u00e7i Sohbet Odalar\u0131n\u0131 Seviyor musunuz? StrangerCam.com'da Join milyonlarca! Rastgele bir g\u00f6r\u00fcnt\u00fcl\u00fc sohbet ba\u015flat\u0131n, kameran\u0131z\u0131 a\u00e7\u0131n ve yabanc\u0131larla an\u0131nda tan\u0131\u015f\u0131n.","breadcrumb":{"@id":"https:\/\/strangercam.com\/free-online-chat-rooms-for-everyone\/#breadcrumb"},"inLanguage":"tr","potentialAction":[{"@type":"ReadAction","target":["https:\/\/strangercam.com\/free-online-chat-rooms-for-everyone\/"]}]},{"@type":"BreadcrumbList","@id":"https:\/\/strangercam.com\/free-online-chat-rooms-for-everyone\/#breadcrumb","itemListElement":[{"@type":"ListItem","position":1,"name":"Home","item":"https:\/\/strangercam.com\/"},{"@type":"ListItem","position":2,"name":"Free Online Chat Rooms For Everyone"}]},{"@type":"WebSite","@id":"https:\/\/strangercam.com\/#website","url":"https:\/\/strangercam.com\/","name":"Strangercam","description":"Yabanc\u0131larla Rastgele G\u00f6r\u00fcnt\u00fcl\u00fc Sohbet","publisher":{"@id":"https:\/\/strangercam.com\/#organization"},"alternateName":"Strangercam.com","potentialAction":[{"@type":"SearchAction","target":{"@type":"EntryPoint","urlTemplate":"https:\/\/strangercam.com\/?s={search_term_string}"},"query-input":{"@type":"PropertyValueSpecification","valueRequired":true,"valueName":"search_term_string"}}],"inLanguage":"tr"},{"@type":"Organization","@id":"https:\/\/strangercam.com\/#organization","name":"Strangercam","alternateName":"Strangercam.com","url":"https:\/\/strangercam.com\/","logo":{"@type":"ImageObject","inLanguage":"tr","@id":"https:\/\/strangercam.com\/#\/schema\/logo\/image\/","url":"https:\/\/strangercam.com\/wp-content\/uploads\/2020\/11\/cropped-new-favicon-black.png","contentUrl":"https:\/\/strangercam.com\/wp-content\/uploads\/2020\/11\/cropped-new-favicon-black.png","width":512,"height":512,"caption":"Strangercam"},"image":{"@id":"https:\/\/strangercam.com\/#\/schema\/logo\/image\/"},"sameAs":["https:\/\/www.facebook.com\/strangercam","https:\/\/x.com\/strangercamapp"]}]}},"_links":{"self":[{"href":"https:\/\/strangercam.com\/tr\/wp-json\/wp\/v2\/pages\/4851","targetHints":{"allow":["GET"]}}],"collection":[{"href":"https:\/\/strangercam.com\/tr\/wp-json\/wp\/v2\/pages"}],"about":[{"href":"https:\/\/strangercam.com\/tr\/wp-json\/wp\/v2\/types\/page"}],"author":[{"embeddable":true,"href":"https:\/\/strangercam.com\/tr\/wp-json\/wp\/v2\/users\/8"}],"replies":[{"embeddable":true,"href":"https:\/\/strangercam.com\/tr\/wp-json\/wp\/v2\/comments?post=4851"}],"version-history":[{"count":2,"href":"https:\/\/strangercam.com\/tr\/wp-json\/wp\/v2\/pages\/4851\/revisions"}],"predecessor-version":[{"id":13041,"href":"https:\/\/strangercam.com\/tr\/wp-json\/wp\/v2\/pages\/4851\/revisions\/13041"}],"wp:attachment":[{"href":"https:\/\/strangercam.com\/tr\/wp-json\/wp\/v2\/media?parent=4851"}],"curies":[{"name":"wp","href":"https:\/\/api.w.org\/{rel}","templated":true}]}}