{"id":4831,"date":"2025-09-23T11:00:01","date_gmt":"2025-09-23T09:00:01","guid":{"rendered":"https:\/\/strangercam.com\/?page_id=4831"},"modified":"2025-09-23T12:38:49","modified_gmt":"2025-09-23T10:38:49","slug":"kizlarla-ucretsiz-rastgele-sohbet","status":"publish","type":"page","link":"https:\/\/strangercam.com\/tr\/kizlarla-ucretsiz-rastgele-sohbet\/","title":{"rendered":"K\u0131zlarla \u00dccretsiz Rastgele Sohbet"},"content":{"rendered":"<p>\u00dccretsiz bir rastgele mi ar\u0131yorsunuz <a href=\"https:\/\/strangercam.com\/tr\/chathub\/\">sohbet<\/a> ile <a href=\"https:\/\/strangercam.com\/tr\/kizlarla-goruntulu-sohbet\/\">K\u0131zlar<\/a>? Bu konuda yaln\u0131z de\u011filsiniz. Her ay milyonlarca insan \u00e7evrimi\u00e7i k\u0131zlarla ba\u011flant\u0131 kurman\u0131n basit, an\u0131nda ve e\u011flenceli yollar\u0131n\u0131 ar\u0131yor. Yava\u015f veya sahte profillerle dolu hissedebilen arkada\u015fl\u0131k uygulamalar\u0131 veya sosyal medyan\u0131n aksine, k\u0131zlarla rastgele sohbet do\u011frudan, spontane ve ger\u00e7ektir.<\/p>\n<p>StrangerCam gibi modern platformlarla, d\u00fcnyan\u0131n her yerinden k\u0131zlarla an\u0131nda ba\u011flant\u0131 kurabilirsiniz - kay\u0131t yok, indirme yok ve gizli maliyet yok. \u0130ster arkada\u015fl\u0131k, ister g\u00fcndelik fl\u00f6rt, ister sadece zaman ge\u00e7irmenin e\u011flenceli bir yolunu ar\u0131yor olun, k\u0131zlarla \u00fccretsiz rastgele sohbet, 2025'te yeni insanlarla tan\u0131\u015fman\u0131n en heyecan verici yollar\u0131ndan biridir.<\/p>\n<p>Bu k\u0131lavuz bilmeniz gereken her \u015feyi kapsayacakt\u0131r: k\u0131zlarla \u00fccretsiz rastgele sohbetin ne anlama geldi\u011fi, neden bu kadar pop\u00fcler oldu\u011fu, nas\u0131l \u00e7al\u0131\u015ft\u0131\u011f\u0131, hangi \u00f6zelliklerin en \u00f6nemli oldu\u011fu, platform kar\u015f\u0131la\u015ft\u0131rmalar\u0131, g\u00fcvenlik ipu\u00e7lar\u0131 ve StrangerCam'in neden bug\u00fcn en iyi se\u00e7im oldu\u011fu.<\/p>\n<h2>K\u0131zlarla \u00dccretsiz Rastgele Sohbet Nedir?<\/h2>\n<p>K\u0131zlarla \u00fccretsiz rastgele sohbet, canl\u0131 video veya metin sohbeti yoluyla kad\u0131n kullan\u0131c\u0131larla an\u0131nda ba\u011flant\u0131 kurman\u0131z\u0131 sa\u011flayan \u00e7evrimi\u00e7i bir hizmettir. Kayd\u0131rma veya uzun kay\u0131tlar gerektiren arkada\u015fl\u0131k uygulamalar\u0131n\u0131n aksine, rastgele sohbet h\u0131zl\u0131d\u0131r; kameran\u0131za izin verirsiniz, ba\u015flat'a t\u0131klars\u0131n\u0131z ve saniyeler i\u00e7inde sohbet etmek isteyen bir k\u0131zla y\u00fcz y\u00fcze gelirsiniz.<\/p>\n<p>En iyi platformlar ger\u00e7ek cinsiyet filtreleri sunar, b\u00f6ylece yaln\u0131zca k\u0131zlarla e\u015fle\u015fmeyi se\u00e7ebilirsiniz ve bu \u00f6zelli\u011fi bir \u00f6deme duvar\u0131n\u0131n arkas\u0131na gizlemezler.<\/p>\n<h2>\u0130nsanlar Neden K\u0131zlarla Rastgele Sohbet Etmeyi Seviyor?<\/h2>\n<p>K\u0131zlarla \u00fccretsiz rastgele sohbetin pop\u00fclaritesi h\u0131zla artt\u0131 \u00e7\u00fcnk\u00fc:<\/p>\n<ul>\n<li>Spontane E\u011flence: Her ba\u011flant\u0131 yeni ve \u00f6ng\u00f6r\u00fclemezdir.<\/li>\n<li>\u00d6zg\u00fcnl\u00fck: G\u00f6r\u00fcnt\u00fcl\u00fc sohbetler bir botla de\u011fil, ger\u00e7ek bir k\u0131zla konu\u015ftu\u011funuzu kan\u0131tlar.<\/li>\n<li>An\u0131nda Kimya: Beklemek yok - hemen uyu\u015fup uyu\u015fmad\u0131\u011f\u0131n\u0131z\u0131 g\u00f6r\u00fcyorsunuz.<\/li>\n<li>Fl\u00f6rt ve Arkada\u015fl\u0131k: S\u0131radan e\u011flence veya ger\u00e7ek ba\u011flant\u0131lar kurmak i\u00e7in harika.<\/li>\n<li>Taahh\u00fct Yok: Kay\u0131t veya hesap gerekmez.<\/li>\n<li>K\u00fcresel Eri\u015fim: D\u00fcnyan\u0131n her yerinden k\u0131zlarla tan\u0131\u015f\u0131n.<\/li>\n<\/ul>\n<h2>K\u0131zlarla \u00dccretsiz Rastgele Sohbet Nas\u0131l \u00c7al\u0131\u015f\u0131r?<\/h2>\n<p>S\u00fcre\u00e7 h\u0131zl\u0131 ve basittir:<\/p>\n<ol>\n<li>Platformu a\u00e7\u0131n (masa\u00fcst\u00fc veya mobil).<\/li>\n<li>Kamera ve mikrofon eri\u015fimine izin verin.<\/li>\n<li>Cinsiyet filtresini se\u00e7in (k\u0131zlar).<\/li>\n<li>\"Sohbeti Ba\u015flat \"a t\u0131klay\u0131n.<\/li>\n<li>Rastgele bir k\u0131zla an\u0131nda ba\u011flant\u0131 kurun.<\/li>\n<li>Yeni biriyle tan\u0131\u015fmak i\u00e7in istedi\u011finiz zaman \"\u0130leri \"ye t\u0131klay\u0131n.<\/li>\n<\/ol>\n<p>Baz\u0131 platformlar ayr\u0131ca konum filtreleri, \u00e7eviriler veya hareket halindeyken sohbet i\u00e7in mobil uygulamalar gibi \u00f6zellikler sunar.<\/p>\n<h2>Aranacak En \u00d6nemli \u00d6zellikler<\/h2>\n<p>K\u0131zlarla en iyi rastgele sohbeti istiyorsan\u0131z, platformun i\u00e7erdi\u011finden emin olun:<\/p>\n<h3>1. Ger\u00e7ekten \u00dccretsiz Cinsiyet Filtresi<\/h3>\n<p>Bir\u00e7ok site k\u0131zlarla e\u015fle\u015fmenize izin verdi\u011fini iddia ediyor ancak \u00f6deme gerektiriyor. Bunun \u00fccretsiz oldu\u011fu bir platform aray\u0131n.<\/p>\n<h3>2. Kay\u0131t Gerektirmez<\/h3>\n<p>Anonim kal\u0131n ve ki\u015fisel bilgilerinizi vermekten ka\u00e7\u0131n\u0131n.<\/p>\n<h3>3. G\u00fc\u00e7l\u00fc Moderasyon<\/h3>\n<p>Aktif raporlama ve moderasyon alan\u0131 g\u00fcvenli tutar.<\/p>\n<h3>4. Y\u00fcksek Kaliteli Video ve Ses<\/h3>\n<p>Sorunsuz ba\u011flant\u0131lar sohbet etmeyi daha keyifli hale getirir.<\/p>\n<h3>5. Mobil Uyumlu Tasar\u0131m<\/h3>\n<p>Hem telefonlarda hem de masa\u00fcst\u00fc bilgisayarlarda \u00e7al\u0131\u015ft\u0131\u011f\u0131ndan emin olun.<\/p>\n<h2>2025'te K\u0131zlarla En \u0130yi \u00dccretsiz Rastgele Sohbet Platformlar\u0131<\/h2>\n<p>\u0130\u015fte k\u0131zlarla rastgele sohbetler i\u00e7in en iyi platformlar\u0131n bir kar\u015f\u0131la\u015ft\u0131rmas\u0131:<\/p>\n<table>\n<thead>\n<tr>\n<th>Platform<\/th>\n<th align=\"center\">\u00dccretsiz Eri\u015fim<\/th>\n<th align=\"center\">Cinsiyet Filtresi<\/th>\n<th align=\"center\">Kay\u0131t Gerekli<\/th>\n<th align=\"center\">Mobil Destek<\/th>\n<th align=\"center\">Moderasyon<\/th>\n<th>Notlar<\/th>\n<\/tr>\n<\/thead>\n<tbody>\n<tr>\n<td>StrangerCam<\/td>\n<td align=\"center\">\u2705<\/td>\n<td align=\"center\">\u2705 (\u00dccretsiz)<\/td>\n<td align=\"center\">\u274c<\/td>\n<td align=\"center\">\u2705<\/td>\n<td align=\"center\">\u2705<\/td>\n<td>\u00dccretsiz k\u0131z sohbetleri i\u00e7in en iyi se\u00e7im<\/td>\n<\/tr>\n<tr>\n<td><a href=\"https:\/\/strangercam.com\/tr\/chatroulette\/\">Chatroulette<\/a><\/td>\n<td align=\"center\">\u2705<\/td>\n<td align=\"center\">\u274c (\u00dccretli)<\/td>\n<td align=\"center\">\u274c<\/td>\n<td align=\"center\">\u2705<\/td>\n<td align=\"center\">\u2705<\/td>\n<td>Klasik, ancak \u00fccretsiz filtre yok<\/td>\n<\/tr>\n<tr>\n<td>Chatrandom<\/td>\n<td align=\"center\">\u2705<\/td>\n<td align=\"center\">\u274c (\u00dccretli)<\/td>\n<td align=\"center\">\u274c<\/td>\n<td align=\"center\">\u2705<\/td>\n<td align=\"center\">\u2705<\/td>\n<td>Pop\u00fcler, ancak y\u00fckseltmeler gerekli<\/td>\n<\/tr>\n<tr>\n<td>Shagle<\/td>\n<td align=\"center\">\u2705<\/td>\n<td align=\"center\">\u274c (\u00dccretli)<\/td>\n<td align=\"center\">\u274c<\/td>\n<td align=\"center\">\u2705<\/td>\n<td align=\"center\">\u2705<\/td>\n<td>Ba\u015flang\u0131\u00e7 \u00fccretsiz, premium filtreler kilitli<\/td>\n<\/tr>\n<tr>\n<td><a href=\"https:\/\/strangercam.com\/tr\/coomeet\/\">CooMeet<\/a><\/td>\n<td align=\"center\">\u274c (Deneme)<\/td>\n<td align=\"center\">\u2705<\/td>\n<td align=\"center\">\u2705<\/td>\n<td align=\"center\">\u2705<\/td>\n<td align=\"center\">\u2705<\/td>\n<td>K\u0131sa bir denemeden sonra \u00f6dendi<\/td>\n<\/tr>\n<tr>\n<td>LuckyCrush<\/td>\n<td align=\"center\">\u274c<\/td>\n<td align=\"center\">\u2705<\/td>\n<td align=\"center\">\u2705<\/td>\n<td align=\"center\">\u2705<\/td>\n<td align=\"center\">\u2705<\/td>\n<td>Her zaman \u00fccretli, cinsiyete \u00f6zel<\/td>\n<\/tr>\n<\/tbody>\n<\/table>\n<p>StrangerCam, \u00fccretsiz bir cinsiyet filtresi sunan tek platformlardan biri olarak \u00f6ne \u00e7\u0131k\u0131yor, b\u00f6ylece kay\u0131t veya gizli \u00fccretler olmadan k\u0131zlarla an\u0131nda sohbet edebilirsiniz.<\/p>\n<h2>StrangerCam Neden En \u0130yi Se\u00e7imdir?<\/h2>\n<p>\u0130\u015fte StrangerCam'in 2025'te k\u0131zlarla rastgele sohbet i\u00e7in en iyi se\u00e7im olmas\u0131n\u0131n nedeni:<\/p>\n<h3>1. \u00dccretsiz Cinsiyet Filtresi<\/h3>\n<p>Di\u011fer platformlar\u0131n aksine, StrangerCam k\u0131zlarla \u00f6deme yapmadan ba\u011flant\u0131 kurman\u0131za izin verir.<\/p>\n<h3>2. Tamamen \u00dccretsiz ve S\u0131n\u0131rs\u0131z<\/h3>\n<p>Gizli \u00fccret yok, kredi sistemi yok - sadece s\u0131n\u0131rs\u0131z sohbet.<\/p>\n<h3>3. Kay\u0131t Gerekmiyor<\/h3>\n<p>Anonim kal\u0131n ve saniyeler i\u00e7inde ba\u011flan\u0131n.<\/p>\n<h3>4. G\u00fcvenli ve Moderat\u00f6rl\u00fc<\/h3>\n<p>Aktif moderasyon, deneyimi \u00e7o\u011fu platformdan daha g\u00fcvenli hale getirir.<\/p>\n<h3>5. T\u00fcm Cihazlarda \u00c7al\u0131\u015f\u0131r<\/h3>\n<p>Telefonlar, tabletler ve masa\u00fcst\u00fc bilgisayarlar i\u00e7in optimize edilmi\u015ftir.<\/p>\n<h3>6. K\u00fcresel Kad\u0131n Kullan\u0131c\u0131 Taban\u0131<\/h3>\n<p>100'den fazla \u00fclkeden k\u0131zlarla tan\u0131\u015f\u0131n.<\/p>\n<h2>Ger\u00e7ek Kullan\u0131c\u0131 G\u00f6r\u00fc\u015fleri<\/h2>\n<blockquote><p><em>\"Di\u011fer siteleri denedim ama hepsi k\u0131zlarla sohbet etmek i\u00e7in para \u00f6dememi istedi. StrangerCam asl\u0131nda bunu \u00fccretsiz yapmama izin veriyor.\"<\/em><br \/>\n- Daniel, 28 ya\u015f\u0131nda.<\/p><\/blockquote>\n<blockquote><p><em>\"\u00dc\u00e7 farkl\u0131 \u00fclkeden k\u0131zlarla arkada\u015f oldum. E\u011flenceli ve g\u00fcvende hissettiriyor.\"<\/em><br \/>\n- Sophia, 22 ya\u015f\u0131nda.<\/p><\/blockquote>\n<blockquote><p><em>\"Cinsiyet filtresi gizli \u00fccretler olmadan \u00e7al\u0131\u015f\u0131yor - nihayet, bunu sa\u011flayan bir site.\"<\/em><br \/>\n- Ryan, 30 ya\u015f\u0131nda.<\/p><\/blockquote>\n<blockquote><p><em>\"H\u0131zl\u0131, e\u011flenceli ve \u00fccretsiz. StrangerCam k\u0131zlarla rastgele sohbetler i\u00e7in benim tercihim.\"<\/em><br \/>\n- Leah, 19 ya\u015f\u0131nda.<\/p><\/blockquote>\n<h2>K\u0131zlarla Rastgele Sohbet \u0130\u00e7in G\u00fcvenlik \u0130pu\u00e7lar\u0131<\/h2>\n<p>\u00c7evrimi\u00e7i sohbet etmek e\u011flenceli olsa da, her zaman g\u00fcvende kal\u0131n:<\/p>\n<ul>\n<li>Telefon numaras\u0131 veya adres gibi ki\u015fisel bilgilerinizi payla\u015fmay\u0131n.<\/li>\n<li>Yabanc\u0131lardan gelen ba\u011flant\u0131lara t\u0131klamaktan ka\u00e7\u0131n\u0131n.<\/li>\n<li>Kendinizi rahats\u0131z hissediyorsan\u0131z \"\u0130leri\" d\u00fc\u011fmesini serbest\u00e7e kullan\u0131n.<\/li>\n<li>Web kameran\u0131z\u0131 a\u00e7madan \u00f6nce arka plan\u0131n\u0131z\u0131 kontrol edin.<\/li>\n<li>Raporlama veya engelleme i\u00e7in platformun ara\u00e7lar\u0131na ba\u011fl\u0131 kal\u0131n.<\/li>\n<li>Ya\u015f kurallar\u0131na sayg\u0131 g\u00f6sterin - 18 ya\u015f\u0131n alt\u0131ndaysan\u0131z kullanmay\u0131n.<\/li>\n<\/ul>\n<h2>Nas\u0131l Ba\u015flan\u0131r - Ad\u0131m Ad\u0131m<\/h2>\n<p>K\u0131zlarla \u00fccretsiz rastgele sohbet ba\u015flatmak sadece saniyeler s\u00fcrer:<\/p>\n<ol>\n<li>Cihaz\u0131n\u0131zda StrangerCam'i a\u00e7\u0131n.<\/li>\n<li>Kamera ve mikrofon eri\u015fimine izin verin.<\/li>\n<li>Cinsiyet filtresini se\u00e7in (k\u0131zlar).<\/li>\n<li>Sohbeti Ba\u015flat'a t\u0131klay\u0131n.<\/li>\n<li>Yeni biriyle tan\u0131\u015fmak i\u00e7in istedi\u011finiz zaman \u0130leri'ye bas\u0131n.<\/li>\n<\/ol>\n<p>H\u0131zl\u0131, basit ve tamamen \u00fccretsiz.<\/p>\n<p>2025 y\u0131l\u0131nda, k\u0131zlarla \u00fccretsiz rastgele sohbet, \u00e7evrimi\u00e7i yeni insanlarla tan\u0131\u015fman\u0131n en heyecan verici ve otantik yollar\u0131ndan biridir. Arkada\u015fl\u0131k uygulamalar\u0131n\u0131n veya sosyal medyan\u0131n aksine, spontane, ger\u00e7ek ve anl\u0131kt\u0131r.<\/p>\n<p>Yine de her site bunu sa\u011flayam\u0131yor - \u00e7o\u011fu \u00f6zelli\u011fi \u00f6deme duvarlar\u0131n\u0131n arkas\u0131na kilitliyor veya sohbetlerini botlarla dolduruyor. Bu y\u00fczden StrangerCam en iyi se\u00e7imdir: \u00fccretsiz, g\u00fcvenli, k\u00fcresel ve her zaman ger\u00e7ek kullan\u0131c\u0131larla dolu.<\/p>\n<p>Ba\u011flant\u0131 kurmaya haz\u0131r m\u0131s\u0131n\u0131z? Bug\u00fcn k\u0131zlarla \u00fccretsiz rastgele sohbet ba\u015flat\u0131n ve bir sonraki bulu\u015fman\u0131z\u0131n kim olaca\u011f\u0131n\u0131 g\u00f6r\u00fcn.<\/p>","protected":false},"excerpt":{"rendered":"<p>Are you searching for a free random chat with girls? You\u2019re not the only one. Millions of people every month look for simple, instant, and fun ways to connect with girls online. Unlike dating apps or social media, which can feel slow or full of fake profiles, random chat with girls is direct, spontaneous, and [&hellip;]<\/p>\n","protected":false},"author":8,"featured_media":0,"parent":0,"menu_order":0,"comment_status":"closed","ping_status":"closed","template":"","meta":{"footnotes":""},"class_list":["post-4831","page","type-page","status-publish","hentry"],"yoast_head":"<!-- This site is optimized with the Yoast SEO plugin v26.9 - https:\/\/yoast.com\/product\/yoast-seo-wordpress\/ -->\n<title>Free Random Chat With Girls - StrangerCam.com: Cam With Strangers<\/title>\n<meta name=\"description\" content=\"Free Random Chat With Girls anonymously with over 5.000.000 strangers. No Sign-Up Required! Cam with strangers on StrangerCam.com.\" \/>\n<meta name=\"robots\" content=\"index, follow, max-snippet:-1, max-image-preview:large, max-video-preview:-1\" \/>\n<link rel=\"canonical\" href=\"https:\/\/strangercam.com\/tr\/kizlarla-ucretsiz-rastgele-sohbet\/\" \/>\n<meta property=\"og:locale\" content=\"tr_TR\" \/>\n<meta property=\"og:type\" content=\"article\" \/>\n<meta property=\"og:title\" content=\"Free Random Chat With Girls - StrangerCam.com: Cam With Strangers\" \/>\n<meta property=\"og:description\" content=\"Free Random Chat With Girls anonymously with over 5.000.000 strangers. No Sign-Up Required! Cam with strangers on StrangerCam.com.\" \/>\n<meta property=\"og:url\" content=\"https:\/\/strangercam.com\/tr\/kizlarla-ucretsiz-rastgele-sohbet\/\" \/>\n<meta property=\"og:site_name\" content=\"Strangercam\" \/>\n<meta property=\"article:publisher\" content=\"https:\/\/www.facebook.com\/strangercam\" \/>\n<meta property=\"article:modified_time\" content=\"2025-09-23T10:38:49+00:00\" \/>\n<meta property=\"og:image\" content=\"https:\/\/strangercam.com\/wp-content\/uploads\/2021\/10\/Untitled-2.png\" \/>\n\t<meta property=\"og:image:width\" content=\"800\" \/>\n\t<meta property=\"og:image:height\" content=\"532\" \/>\n\t<meta property=\"og:image:type\" content=\"image\/png\" \/>\n<meta name=\"twitter:card\" content=\"summary_large_image\" \/>\n<meta name=\"twitter:site\" content=\"@strangercamapp\" \/>\n<meta name=\"twitter:label1\" content=\"Tahmini okuma s\u00fcresi\" \/>\n\t<meta name=\"twitter:data1\" content=\"4 dakika\" \/>\n<script type=\"application\/ld+json\" class=\"yoast-schema-graph\">{\"@context\":\"https:\/\/schema.org\",\"@graph\":[{\"@type\":\"WebPage\",\"@id\":\"https:\/\/strangercam.com\/free-random-chat-with-girls\/\",\"url\":\"https:\/\/strangercam.com\/free-random-chat-with-girls\/\",\"name\":\"Free Random Chat With Girls - StrangerCam.com: Cam With Strangers\",\"isPartOf\":{\"@id\":\"https:\/\/strangercam.com\/#website\"},\"datePublished\":\"2025-09-23T09:00:01+00:00\",\"dateModified\":\"2025-09-23T10:38:49+00:00\",\"description\":\"Free Random Chat With Girls anonymously with over 5.000.000 strangers. No Sign-Up Required! Cam with strangers on StrangerCam.com.\",\"breadcrumb\":{\"@id\":\"https:\/\/strangercam.com\/free-random-chat-with-girls\/#breadcrumb\"},\"inLanguage\":\"tr\",\"potentialAction\":[{\"@type\":\"ReadAction\",\"target\":[\"https:\/\/strangercam.com\/free-random-chat-with-girls\/\"]}]},{\"@type\":\"BreadcrumbList\",\"@id\":\"https:\/\/strangercam.com\/free-random-chat-with-girls\/#breadcrumb\",\"itemListElement\":[{\"@type\":\"ListItem\",\"position\":1,\"name\":\"Home\",\"item\":\"https:\/\/strangercam.com\/\"},{\"@type\":\"ListItem\",\"position\":2,\"name\":\"Free Random Chat With Girls\"}]},{\"@type\":\"WebSite\",\"@id\":\"https:\/\/strangercam.com\/#website\",\"url\":\"https:\/\/strangercam.com\/\",\"name\":\"Strangercam\",\"description\":\"Random Video Chat with Strangers\",\"publisher\":{\"@id\":\"https:\/\/strangercam.com\/#organization\"},\"alternateName\":\"Strangercam.com\",\"potentialAction\":[{\"@type\":\"SearchAction\",\"target\":{\"@type\":\"EntryPoint\",\"urlTemplate\":\"https:\/\/strangercam.com\/?s={search_term_string}\"},\"query-input\":{\"@type\":\"PropertyValueSpecification\",\"valueRequired\":true,\"valueName\":\"search_term_string\"}}],\"inLanguage\":\"tr\"},{\"@type\":\"Organization\",\"@id\":\"https:\/\/strangercam.com\/#organization\",\"name\":\"Strangercam\",\"alternateName\":\"Strangercam.com\",\"url\":\"https:\/\/strangercam.com\/\",\"logo\":{\"@type\":\"ImageObject\",\"inLanguage\":\"tr\",\"@id\":\"https:\/\/strangercam.com\/#\/schema\/logo\/image\/\",\"url\":\"https:\/\/strangercam.com\/wp-content\/uploads\/2020\/11\/cropped-new-favicon-black.png\",\"contentUrl\":\"https:\/\/strangercam.com\/wp-content\/uploads\/2020\/11\/cropped-new-favicon-black.png\",\"width\":512,\"height\":512,\"caption\":\"Strangercam\"},\"image\":{\"@id\":\"https:\/\/strangercam.com\/#\/schema\/logo\/image\/\"},\"sameAs\":[\"https:\/\/www.facebook.com\/strangercam\",\"https:\/\/x.com\/strangercamapp\"]}]}<\/script>\n<!-- \/ Yoast SEO plugin. -->","yoast_head_json":{"title":"K\u0131zlarla \u00dccretsiz Rastgele Sohbet - StrangerCam.com: Yabanc\u0131larla Kamera","description":"5.000.000'dan fazla yabanc\u0131yla anonim olarak K\u0131zlarla \u00dccretsiz Rastgele Sohbet. Kay\u0131t Olmaya Gerek Yok! StrangerCam.com'da yabanc\u0131larla kamera.","robots":{"index":"index","follow":"follow","max-snippet":"max-snippet:-1","max-image-preview":"max-image-preview:large","max-video-preview":"max-video-preview:-1"},"canonical":"https:\/\/strangercam.com\/tr\/kizlarla-ucretsiz-rastgele-sohbet\/","og_locale":"tr_TR","og_type":"article","og_title":"Free Random Chat With Girls - StrangerCam.com: Cam With Strangers","og_description":"Free Random Chat With Girls anonymously with over 5.000.000 strangers. No Sign-Up Required! Cam with strangers on StrangerCam.com.","og_url":"https:\/\/strangercam.com\/tr\/kizlarla-ucretsiz-rastgele-sohbet\/","og_site_name":"Strangercam","article_publisher":"https:\/\/www.facebook.com\/strangercam","article_modified_time":"2025-09-23T10:38:49+00:00","og_image":[{"width":800,"height":532,"url":"https:\/\/strangercam.com\/wp-content\/uploads\/2021\/10\/Untitled-2.png","type":"image\/png"}],"twitter_card":"summary_large_image","twitter_site":"@strangercamapp","twitter_misc":{"Tahmini okuma s\u00fcresi":"4 dakika"},"schema":{"@context":"https:\/\/schema.org","@graph":[{"@type":"WebPage","@id":"https:\/\/strangercam.com\/free-random-chat-with-girls\/","url":"https:\/\/strangercam.com\/free-random-chat-with-girls\/","name":"K\u0131zlarla \u00dccretsiz Rastgele Sohbet - StrangerCam.com: Yabanc\u0131larla Kamera","isPartOf":{"@id":"https:\/\/strangercam.com\/#website"},"datePublished":"2025-09-23T09:00:01+00:00","dateModified":"2025-09-23T10:38:49+00:00","description":"5.000.000'dan fazla yabanc\u0131yla anonim olarak K\u0131zlarla \u00dccretsiz Rastgele Sohbet. Kay\u0131t Olmaya Gerek Yok! StrangerCam.com'da yabanc\u0131larla kamera.","breadcrumb":{"@id":"https:\/\/strangercam.com\/free-random-chat-with-girls\/#breadcrumb"},"inLanguage":"tr","potentialAction":[{"@type":"ReadAction","target":["https:\/\/strangercam.com\/free-random-chat-with-girls\/"]}]},{"@type":"BreadcrumbList","@id":"https:\/\/strangercam.com\/free-random-chat-with-girls\/#breadcrumb","itemListElement":[{"@type":"ListItem","position":1,"name":"Home","item":"https:\/\/strangercam.com\/"},{"@type":"ListItem","position":2,"name":"Free Random Chat With Girls"}]},{"@type":"WebSite","@id":"https:\/\/strangercam.com\/#website","url":"https:\/\/strangercam.com\/","name":"Strangercam","description":"Yabanc\u0131larla Rastgele G\u00f6r\u00fcnt\u00fcl\u00fc Sohbet","publisher":{"@id":"https:\/\/strangercam.com\/#organization"},"alternateName":"Strangercam.com","potentialAction":[{"@type":"SearchAction","target":{"@type":"EntryPoint","urlTemplate":"https:\/\/strangercam.com\/?s={search_term_string}"},"query-input":{"@type":"PropertyValueSpecification","valueRequired":true,"valueName":"search_term_string"}}],"inLanguage":"tr"},{"@type":"Organization","@id":"https:\/\/strangercam.com\/#organization","name":"Strangercam","alternateName":"Strangercam.com","url":"https:\/\/strangercam.com\/","logo":{"@type":"ImageObject","inLanguage":"tr","@id":"https:\/\/strangercam.com\/#\/schema\/logo\/image\/","url":"https:\/\/strangercam.com\/wp-content\/uploads\/2020\/11\/cropped-new-favicon-black.png","contentUrl":"https:\/\/strangercam.com\/wp-content\/uploads\/2020\/11\/cropped-new-favicon-black.png","width":512,"height":512,"caption":"Strangercam"},"image":{"@id":"https:\/\/strangercam.com\/#\/schema\/logo\/image\/"},"sameAs":["https:\/\/www.facebook.com\/strangercam","https:\/\/x.com\/strangercamapp"]}]}},"_links":{"self":[{"href":"https:\/\/strangercam.com\/tr\/wp-json\/wp\/v2\/pages\/4831","targetHints":{"allow":["GET"]}}],"collection":[{"href":"https:\/\/strangercam.com\/tr\/wp-json\/wp\/v2\/pages"}],"about":[{"href":"https:\/\/strangercam.com\/tr\/wp-json\/wp\/v2\/types\/page"}],"author":[{"embeddable":true,"href":"https:\/\/strangercam.com\/tr\/wp-json\/wp\/v2\/users\/8"}],"replies":[{"embeddable":true,"href":"https:\/\/strangercam.com\/tr\/wp-json\/wp\/v2\/comments?post=4831"}],"version-history":[{"count":2,"href":"https:\/\/strangercam.com\/tr\/wp-json\/wp\/v2\/pages\/4831\/revisions"}],"predecessor-version":[{"id":13040,"href":"https:\/\/strangercam.com\/tr\/wp-json\/wp\/v2\/pages\/4831\/revisions\/13040"}],"wp:attachment":[{"href":"https:\/\/strangercam.com\/tr\/wp-json\/wp\/v2\/media?parent=4831"}],"curies":[{"name":"wp","href":"https:\/\/api.w.org\/{rel}","templated":true}]}}