{"id":4141,"date":"2025-09-08T08:04:51","date_gmt":"2025-09-08T06:04:51","guid":{"rendered":"https:\/\/strangercam.com\/?page_id=4141"},"modified":"2025-09-08T10:12:00","modified_gmt":"2025-09-08T08:12:00","slug":"kamera-bulusmasi","status":"publish","type":"page","link":"https:\/\/strangercam.com\/tr\/cam-dating\/","title":{"rendered":"Kamera Bulu\u015fmas\u0131"},"content":{"rendered":"<p>Merak ediyor musun <a href=\"https:\/\/strangercam.com\/tr\/bazoocam\/\">cam<\/a> Fl\u00f6rt m\u00fc? Yaln\u0131z de\u011filsiniz. Giderek daha fazla insan ba\u011flant\u0131 kurman\u0131n e\u011flenceli ve \u00f6zg\u00fcn bir yolu olarak \u00e7evrimi\u00e7i g\u00f6r\u00fcnt\u00fcl\u00fc sohbetlere y\u00f6neliyor. Sohbetlerin yava\u015f veya sahte olabildi\u011fi geleneksel arkada\u015fl\u0131k uygulamalar\u0131n\u0131n aksine, kameral\u0131 arkada\u015fl\u0131k birini an\u0131nda g\u00f6rmenizi ve onunla konu\u015fman\u0131z\u0131 sa\u011flar. Bu ki\u015fisel, ger\u00e7ek ve genellikle profilleri kayd\u0131rmaktan daha heyecan verici.<\/p>\n<p>StrangerCam gibi platformlar sayesinde <a href=\"https:\/\/strangercam.com\/tr\/cam-to-cam-chat\/\">\u00fccretsiz kamera<\/a> tan\u0131\u015fma deneyimini hemen \u015fimdi ya\u015fay\u0131n - kay\u0131t yok, indirme yok ve gizli maliyet yok. \u0130ster arkada\u015fl\u0131k, ister g\u00fcndelik fl\u00f6rt, ister daha ciddi bir \u015fey ar\u0131yor olun, kameral\u0131 arkada\u015fl\u0131k 2025'te yeni insanlarla tan\u0131\u015fman\u0131n en h\u0131zl\u0131 b\u00fcy\u00fcyen yollar\u0131ndan biridir.<\/p>\n<p>Bu k\u0131lavuz bilmeniz gereken her \u015feyi kapsar: kamera randevusunun ne oldu\u011fu, neden bu kadar pop\u00fcler oldu\u011fu, nas\u0131l \u00e7al\u0131\u015ft\u0131\u011f\u0131, hangi \u00f6zellikleri arayaca\u011f\u0131n\u0131z, en iyi platformlar\u0131n kar\u015f\u0131la\u015ft\u0131rmas\u0131, g\u00fcvenlik ipu\u00e7lar\u0131 ve StrangerCam'in neden bug\u00fcn \u00fccretsiz kamera randevusu i\u00e7in en iyi se\u00e7eneklerden biri oldu\u011fu.<\/p>\n<h2>Cam Dating Nedir?<\/h2>\n<p>Kameral\u0131 bulu\u015fma, canl\u0131 video kullanan bir \u00e7evrimi\u00e7i bulu\u015fma bi\u00e7imidir <a href=\"https:\/\/strangercam.com\/tr\/chathub\/\">sohbet<\/a> iki ki\u015fiyi ger\u00e7ek zamanl\u0131 olarak y\u00fcz y\u00fcze ba\u011flamak i\u00e7in. Sonsuz profiller aras\u0131nda gezinmek veya e\u015fle\u015fmeleri beklemek yerine, kamera randevusu anl\u0131k kimyaya odaklan\u0131r - di\u011fer ki\u015fiyi hemen g\u00f6r\u00fcr ve titre\u015fimin do\u011fru olup olmad\u0131\u011f\u0131na karar verirsiniz.<\/p>\n<p>Format \u00f6zel, basit ve do\u011frudan. Kameran\u0131za izin veriyorsunuz, \"Ba\u015flat \"a t\u0131kl\u0131yorsunuz ve sohbet etmek isteyen biriyle an\u0131nda ba\u011flant\u0131 kuruyorsunuz. T\u0131klama olmazsa, \u0130leri'ye bas\u0131n ve ba\u015fka biriyle e\u015fle\u015ftirileceksiniz.<\/p>\n<h2>\u0130nsanlar Neden \u00dccretsiz Kamera Bulu\u015fmas\u0131n\u0131 Seviyor?<\/h2>\n<p>\u00dccretsiz kamera randevusunun \u00e7ekicili\u011fi a\u00e7\u0131kt\u0131r:<\/p>\n<ul>\n<li>Orijinallik: Ki\u015finin ger\u00e7ek oldu\u011funu, sahte bir profil veya bot olmad\u0131\u011f\u0131n\u0131 bilirsiniz.<\/li>\n<li>An\u0131nda Kimya: Beklemek yok-bir k\u0131v\u0131lc\u0131m olup olmad\u0131\u011f\u0131na hemen karar verin.<\/li>\n<li>Kendili\u011findenlik: Her g\u00f6r\u00fcnt\u00fcl\u00fc sohbet benzersiz ve \u00f6ng\u00f6r\u00fclemez hissettirir.<\/li>\n<li>Gizlilik: Grup odalar\u0131n\u0131n aksine, kamera randevusu bire birdir.<\/li>\n<li>K\u00fcresel Eri\u015fim: D\u00fcnyan\u0131n d\u00f6rt bir yan\u0131ndan insanlarla 7\/24 tan\u0131\u015f\u0131n.<\/li>\n<li>E\u011flenceli ve Heyecanl\u0131: Fl\u00f6rt, arkada\u015fl\u0131k ve k\u00fclt\u00fcrel al\u0131\u015fveri\u015fin bir kar\u0131\u015f\u0131m\u0131.<\/li>\n<\/ul>\n<h2>Cam Dating Nas\u0131l \u00c7al\u0131\u015f\u0131r?<\/h2>\n<p>Kamera randevusuna ba\u015flamak basittir:<\/p>\n<ol>\n<li>StrangerCam gibi bir kameral\u0131 arkada\u015fl\u0131k platformu a\u00e7\u0131n.<\/li>\n<li>Kamera ve mikrofon eri\u015fimine izin verin.<\/li>\n<li>\"Sohbeti Ba\u015flat \"a t\u0131klay\u0131n.<\/li>\n<li>\u00d6zel bir video g\u00f6r\u00fc\u015fmesinde an\u0131nda biriyle tan\u0131\u015f\u0131n.<\/li>\n<li>Vibe do\u011fru de\u011filse devam etmek i\u00e7in \"\u0130leri \"ye t\u0131klay\u0131n.<\/li>\n<\/ol>\n<p>T\u00fcm s\u00fcre\u00e7 bir dakikadan az s\u00fcrer ve saatlerce s\u00fcrecek e\u011flenceli, spontane sohbetlere yol a\u00e7abilir.<\/p>\n<h2>Aranacak En \u00d6nemli \u00d6zellikler<\/h2>\n<p>Bir kameral\u0131 arkada\u015fl\u0131k sitesi se\u00e7erken bu \u00f6zellikleri akl\u0131n\u0131zda bulundurun:<\/p>\n<h3>1. Ger\u00e7ekten \u00dccretsiz Eri\u015fim<\/h3>\n<p>Bir\u00e7ok site \u00fccretsiz oldu\u011funu iddia eder ancak temel \u00f6zellikleri \u00f6deme duvarlar\u0131n\u0131n arkas\u0131na kilitler. S\u0131n\u0131rs\u0131z \u00fccretsiz sohbet aray\u0131n.<\/p>\n<h3>2. Kay\u0131t Gerektirmez<\/h3>\n<p>En iyi kameral\u0131 arkada\u015fl\u0131k platformlar\u0131, bir hesap olu\u015fturmadan ba\u015flaman\u0131za izin verir.<\/p>\n<h3>3. Cinsiyet ve Konum Filtreleri<\/h3>\n<p>Tercihlerinize uyan ki\u015fileri bulmak i\u00e7in faydal\u0131d\u0131r.<\/p>\n<h3>4. G\u00fcvenli Moderasyon<\/h3>\n<p>G\u00fc\u00e7l\u00fc raporlama ve engelleme ara\u00e7lar\u0131 alan\u0131 g\u00fcvende tutar.<\/p>\n<h3>5. Mobil Uyumlu Deneyim<\/h3>\n<p>Platformun ak\u0131ll\u0131 telefonlarda da masa\u00fcst\u00fcnde oldu\u011fu kadar iyi \u00e7al\u0131\u015ft\u0131\u011f\u0131ndan emin olun.<\/p>\n<h3>6. Y\u00fcksek Kaliteli Video ve Ses<\/h3>\n<p>Net ba\u011flant\u0131lar kimya olu\u015fturmay\u0131 kolayla\u015ft\u0131r\u0131r.<\/p>\n<h2>2025'in En \u0130yi Kameral\u0131 Arkada\u015fl\u0131k Platformlar\u0131<\/h2>\n<p>\u0130\u015fte kameral\u0131 bulu\u015fma i\u00e7in en pop\u00fcler platformlar\u0131n bir kar\u015f\u0131la\u015ft\u0131rmas\u0131:<\/p>\n<table>\n<thead>\n<tr>\n<th>Platform<\/th>\n<th align=\"center\">\u00dccretsiz Eri\u015fim<\/th>\n<th align=\"center\">Cinsiyet Filtresi<\/th>\n<th align=\"center\">Kay\u0131t Gerekli<\/th>\n<th align=\"center\">Mobil Destek<\/th>\n<th align=\"center\">Moderasyon<\/th>\n<th>Notlar<\/th>\n<\/tr>\n<\/thead>\n<tbody>\n<tr>\n<td>StrangerCam<\/td>\n<td align=\"center\">\u2705<\/td>\n<td align=\"center\">\u2705 (\u00dccretsiz)<\/td>\n<td align=\"center\">\u274c<\/td>\n<td align=\"center\">\u2705<\/td>\n<td align=\"center\">\u2705<\/td>\n<td>\u00dccretsiz kameral\u0131 bulu\u015fma i\u00e7in en iyi se\u00e7im<\/td>\n<\/tr>\n<tr>\n<td><a href=\"https:\/\/strangercam.com\/tr\/chatroulette\/\">Chatroulette<\/a><\/td>\n<td align=\"center\">\u2705<\/td>\n<td align=\"center\">\u274c (\u00dccretli)<\/td>\n<td align=\"center\">\u274c<\/td>\n<td align=\"center\">\u2705<\/td>\n<td align=\"center\">\u2705<\/td>\n<td>Klasik, ancak cinsiyet filtreleri maliyetli<\/td>\n<\/tr>\n<tr>\n<td>Chatrandom<\/td>\n<td align=\"center\">\u2705<\/td>\n<td align=\"center\">\u274c (\u00dccretli)<\/td>\n<td align=\"center\">\u274c<\/td>\n<td align=\"center\">\u2705<\/td>\n<td align=\"center\">\u2705<\/td>\n<td>Geni\u015f kullan\u0131c\u0131 taban\u0131, y\u00fckseltmeler yap\u0131ld\u0131<\/td>\n<\/tr>\n<tr>\n<td>Shagle<\/td>\n<td align=\"center\">\u2705<\/td>\n<td align=\"center\">\u274c (\u00dccretli)<\/td>\n<td align=\"center\">\u274c<\/td>\n<td align=\"center\">\u2705<\/td>\n<td align=\"center\">\u2705<\/td>\n<td>Giri\u015f \u00fccretsiz, filtreler i\u00e7in premium<\/td>\n<\/tr>\n<tr>\n<td><a href=\"https:\/\/strangercam.com\/tr\/coomeet\/\">CooMeet<\/a><\/td>\n<td align=\"center\">\u274c (Deneme)<\/td>\n<td align=\"center\">\u2705<\/td>\n<td align=\"center\">\u2705<\/td>\n<td align=\"center\">\u2705<\/td>\n<td align=\"center\">\u2705<\/td>\n<td>K\u0131zlarla bulu\u015fmaya odaklanan \u00fccretli platform<\/td>\n<\/tr>\n<tr>\n<td>LuckyCrush<\/td>\n<td align=\"center\">\u274c<\/td>\n<td align=\"center\">\u2705<\/td>\n<td align=\"center\">\u2705<\/td>\n<td align=\"center\">\u2705<\/td>\n<td align=\"center\">\u2705<\/td>\n<td>Her zaman \u00fccretli, erkekleri kad\u0131nlarla e\u015fle\u015ftirir<\/td>\n<\/tr>\n<\/tbody>\n<\/table>\n<p>Bunlar aras\u0131nda StrangerCam, kay\u0131t olmadan ve \u00e7al\u0131\u015fan bir cinsiyet filtresi olmadan \u00fccretsiz kamera randevusu sunan tek platformlardan biridir.<\/p>\n<h2>StrangerCam Neden En \u0130yi Se\u00e7imdir?<\/h2>\n<p>\u0130\u015fte StrangerCam'in 2025'te kamera randevusu i\u00e7in en iyi se\u00e7im olmas\u0131n\u0131n nedeni:<\/p>\n<h3>1. Tamamen \u00dccretsiz ve S\u0131n\u0131rs\u0131z<\/h3>\n<p>Gizli \u00fccret, deneme veya kredi yok-istedi\u011finiz kadar sohbet edin.<\/p>\n<h3>2. \u00dccretsiz Cinsiyet Filtresi<\/h3>\n<p>Kiminle tan\u0131\u015fmak istedi\u011finizi se\u00e7in-erkekler, k\u0131zlar veya her ikisi-ekstra \u00f6deme yapmadan.<\/p>\n<h3>3. Bire Bir \u00d6zel Sohbetler<\/h3>\n<p>Kalabal\u0131k sohbet odalar\u0131 yerine odaklanm\u0131\u015f, ki\u015fisel sohbetler.<\/p>\n<h3>4. Kay\u0131t Gerektirmez<\/h3>\n<p>Anonim kal\u0131n ve an\u0131nda ba\u011flan\u0131n.<\/p>\n<h3>5. G\u00fcvenli ve Moderat\u00f6rl\u00fc<\/h3>\n<p>Aktif moderasyon botlar\u0131 ve uygunsuz kullan\u0131c\u0131lar\u0131 uzak tutar.<\/p>\n<h3>6. T\u00fcm Cihazlarda \u00c7al\u0131\u015f\u0131r<\/h3>\n<p>Masa\u00fcst\u00fc, tablet ve mobil kullan\u0131m i\u00e7in optimize edilmi\u015ftir.<\/p>\n<h2>Ger\u00e7ek Kullan\u0131c\u0131 G\u00f6r\u00fc\u015fleri<\/h2>\n<blockquote><p><em>\"Kameral\u0131 bulu\u015fmay\u0131 denemek istedim \u00e7\u00fcnk\u00fc normal uygulamalar \u00e7ok yava\u015f geliyordu. StrangerCam bana an\u0131nda ba\u011flant\u0131lar sa\u011flad\u0131 ve asl\u0131nda d\u00fczenli olarak sohbet etmeye devam etti\u011fim birini buldum.\"<\/em><br \/>\n- David, 29 ya\u015f\u0131nda.<\/p><\/blockquote>\n<blockquote><p><em>\"Uygulamalarda kayd\u0131rma yapmaktan daha ger\u00e7ek\u00e7i hissettiriyor. Biriyle uyu\u015fup uyu\u015fmad\u0131\u011f\u0131m\u0131 hemen anlayabiliyorum.\"<\/em><br \/>\n- Sophia, 23 ya\u015f\u0131nda.<\/p><\/blockquote>\n<blockquote><p><em>\"Sonunda, cinsiyet filtresinin \u00fccretsiz oldu\u011fu ve s\u00f6z verildi\u011fi gibi \u00e7al\u0131\u015ft\u0131\u011f\u0131 bir kameral\u0131 arkada\u015fl\u0131k sitesi.\"<\/em><br \/>\n- Ryan, 31 ya\u015f\u0131nda.<\/p><\/blockquote>\n<blockquote><p><em>\"\u015eimdiden \u00fc\u00e7 k\u0131tadan insanlarla tan\u0131\u015ft\u0131m. Bu heyecan verici ve geleneksel online randevula\u015fmadan \u00e7ok daha e\u011flenceli.\"<\/em><br \/>\n- Leah, 20 ya\u015f\u0131nda.<\/p><\/blockquote>\n<h2>Kameral\u0131 Arkada\u015fl\u0131k i\u00e7in G\u00fcvenlik \u0130pu\u00e7lar\u0131<\/h2>\n<p>Kameral\u0131 bulu\u015fma e\u011flenceli ve heyecan verici olsa da, bu g\u00fcvenlik temellerini unutmay\u0131n:<\/p>\n<ul>\n<li>Telefon numaran\u0131z, e-postan\u0131z veya adresiniz gibi ki\u015fisel bilgilerinizi payla\u015fmay\u0131n.<\/li>\n<li>Sizi rahats\u0131z eden ki\u015fileri atlay\u0131n veya engelleyin.<\/li>\n<li>\u015e\u00fcpheli ba\u011flant\u0131lara asla t\u0131klamay\u0131n.<\/li>\n<li>Web kameran\u0131z\u0131 a\u00e7madan \u00f6nce arka plan\u0131n\u0131z\u0131 kontrol edin.<\/li>\n<li>Raporlama ve engelleme i\u00e7in platformun ara\u00e7lar\u0131na ba\u011fl\u0131 kal\u0131n.<\/li>\n<li>Ya\u015f s\u0131n\u0131rlamalar\u0131na sayg\u0131 g\u00f6sterin - 18 ya\u015f\u0131n alt\u0131ndaysan\u0131z, yeti\u015fkinlere y\u00f6nelik kameral\u0131 arkada\u015fl\u0131k sitelerini kullanmay\u0131n.<\/li>\n<\/ul>\n<h2>Nas\u0131l Ba\u015flan\u0131r - Ad\u0131m Ad\u0131m<\/h2>\n<p>Kameral\u0131 bulu\u015fmaya ba\u015flamak bir dakikadan az s\u00fcrer:<\/p>\n<ol>\n<li>Cihaz\u0131n\u0131zda StrangerCam'i a\u00e7\u0131n.<\/li>\n<li>Kamera ve mikrofon eri\u015fimine izin verin.<\/li>\n<li>Tercihlerinizi se\u00e7in (cinsiyet filtreleri gibi).<\/li>\n<li>An\u0131nda ba\u011flanmak i\u00e7in Sohbeti Ba\u015flat'a t\u0131klay\u0131n.<\/li>\n<li>K\u0131v\u0131lc\u0131m yoksa devam etmek i\u00e7in \u0130leri d\u00fc\u011fmesine bas\u0131n.<\/li>\n<\/ol>\n<p>H\u0131zl\u0131, basit ve 100% \u00fccretsiz.<\/p>\n<p>2025 y\u0131l\u0131nda, kameral\u0131 bulu\u015fma \u00e7evrimi\u00e7i ba\u011flant\u0131 kurman\u0131n en h\u0131zl\u0131 ve en \u00f6zg\u00fcn yollar\u0131ndan biridir. Geleneksel tan\u0131\u015fma uygulamalar\u0131n\u0131n aksine, y\u00fcz y\u00fcze, anl\u0131k ve e\u011flencelidir.<\/p>\n<p>Ancak her platform bunu sa\u011flayam\u0131yor. Bir\u00e7o\u011fu temel \u00f6zellikleri \u00f6deme duvarlar\u0131n\u0131n arkas\u0131na gizliyor veya botlarla dolup ta\u015f\u0131yor. Bu y\u00fczden StrangerCam en iyi se\u00e7enektir: \u00fccretsiz, g\u00fcvenli, \u00f6zel ve her zaman ba\u011flanmaya haz\u0131r ger\u00e7ek kullan\u0131c\u0131larla doludur.<\/p>\n<p>Denemeye haz\u0131r m\u0131s\u0131n\u0131z? \u00dccretsiz kameral\u0131 bulu\u015fmaya bug\u00fcn ba\u015flay\u0131n ve bir sonraki bulu\u015fman\u0131zda kimlerle tan\u0131\u015faca\u011f\u0131n\u0131z\u0131 ke\u015ffedin.<\/p>","protected":false},"excerpt":{"rendered":"<p>Are you curious about cam dating? You\u2019re not alone. More and more people are turning to online video chats as a fun and authentic way to connect. Unlike traditional dating apps where conversations can feel slow or fake, cam dating lets you see and talk to someone instantly. It\u2019s personal, real, and often more exciting [&hellip;]<\/p>\n","protected":false},"author":8,"featured_media":0,"parent":0,"menu_order":0,"comment_status":"closed","ping_status":"closed","template":"","meta":{"footnotes":""},"class_list":["post-4141","page","type-page","status-publish","hentry"],"yoast_head":"<!-- This site is optimized with the Yoast SEO plugin v27.4 - https:\/\/yoast.com\/product\/yoast-seo-wordpress\/ -->\n<title>Cam Dating with Video Chat on Strangercam.com<\/title>\n<meta name=\"description\" content=\"Liking Cam Dating? Join millions on StrangerCam.com! Start a random video chat, turn on your cam, and meet strangers instantly.\" \/>\n<meta name=\"robots\" content=\"index, follow, max-snippet:-1, max-image-preview:large, max-video-preview:-1\" \/>\n<link rel=\"canonical\" href=\"https:\/\/strangercam.com\/tr\/kamera-bulusmasi\/\" \/>\n<meta property=\"og:locale\" content=\"tr_TR\" \/>\n<meta property=\"og:type\" content=\"article\" \/>\n<meta property=\"og:title\" content=\"Cam Dating with Video Chat on Strangercam.com\" \/>\n<meta property=\"og:description\" content=\"Liking Cam Dating? Join millions on StrangerCam.com! Start a random video chat, turn on your cam, and meet strangers instantly.\" \/>\n<meta property=\"og:url\" content=\"https:\/\/strangercam.com\/tr\/kamera-bulusmasi\/\" \/>\n<meta property=\"og:site_name\" content=\"Strangercam\" \/>\n<meta property=\"article:publisher\" content=\"https:\/\/www.facebook.com\/strangercam\" \/>\n<meta property=\"article:modified_time\" content=\"2025-09-08T08:12:00+00:00\" \/>\n<meta property=\"og:image\" content=\"https:\/\/strangercam.com\/wp-content\/uploads\/2021\/10\/Untitled-2.png\" \/>\n\t<meta property=\"og:image:width\" content=\"800\" \/>\n\t<meta property=\"og:image:height\" content=\"532\" \/>\n\t<meta property=\"og:image:type\" content=\"image\/png\" \/>\n<meta name=\"twitter:card\" content=\"summary_large_image\" \/>\n<meta name=\"twitter:site\" content=\"@strangercamapp\" \/>\n<meta name=\"twitter:label1\" content=\"Tahmini okuma s\u00fcresi\" \/>\n\t<meta name=\"twitter:data1\" content=\"4 dakika\" \/>\n<script type=\"application\/ld+json\" class=\"yoast-schema-graph\">{\"@context\":\"https:\\\/\\\/schema.org\",\"@graph\":[{\"@type\":\"WebPage\",\"@id\":\"https:\\\/\\\/strangercam.com\\\/cam-dating\\\/\",\"url\":\"https:\\\/\\\/strangercam.com\\\/cam-dating\\\/\",\"name\":\"Cam Dating with Video Chat on Strangercam.com\",\"isPartOf\":{\"@id\":\"https:\\\/\\\/strangercam.com\\\/#website\"},\"datePublished\":\"2025-09-08T06:04:51+00:00\",\"dateModified\":\"2025-09-08T08:12:00+00:00\",\"description\":\"Liking Cam Dating? Join millions on StrangerCam.com! Start a random video chat, turn on your cam, and meet strangers instantly.\",\"breadcrumb\":{\"@id\":\"https:\\\/\\\/strangercam.com\\\/cam-dating\\\/#breadcrumb\"},\"inLanguage\":\"tr\",\"potentialAction\":[{\"@type\":\"ReadAction\",\"target\":[\"https:\\\/\\\/strangercam.com\\\/cam-dating\\\/\"]}]},{\"@type\":\"BreadcrumbList\",\"@id\":\"https:\\\/\\\/strangercam.com\\\/cam-dating\\\/#breadcrumb\",\"itemListElement\":[{\"@type\":\"ListItem\",\"position\":1,\"name\":\"Home\",\"item\":\"https:\\\/\\\/strangercam.com\\\/\"},{\"@type\":\"ListItem\",\"position\":2,\"name\":\"Cam Dating\"}]},{\"@type\":\"WebSite\",\"@id\":\"https:\\\/\\\/strangercam.com\\\/#website\",\"url\":\"https:\\\/\\\/strangercam.com\\\/\",\"name\":\"Strangercam\",\"description\":\"Random Video Chat with Strangers\",\"publisher\":{\"@id\":\"https:\\\/\\\/strangercam.com\\\/#organization\"},\"alternateName\":\"Strangercam.com\",\"potentialAction\":[{\"@type\":\"SearchAction\",\"target\":{\"@type\":\"EntryPoint\",\"urlTemplate\":\"https:\\\/\\\/strangercam.com\\\/?s={search_term_string}\"},\"query-input\":{\"@type\":\"PropertyValueSpecification\",\"valueRequired\":true,\"valueName\":\"search_term_string\"}}],\"inLanguage\":\"tr\"},{\"@type\":\"Organization\",\"@id\":\"https:\\\/\\\/strangercam.com\\\/#organization\",\"name\":\"Strangercam\",\"alternateName\":\"Strangercam.com\",\"url\":\"https:\\\/\\\/strangercam.com\\\/\",\"logo\":{\"@type\":\"ImageObject\",\"inLanguage\":\"tr\",\"@id\":\"https:\\\/\\\/strangercam.com\\\/#\\\/schema\\\/logo\\\/image\\\/\",\"url\":\"https:\\\/\\\/strangercam.com\\\/wp-content\\\/uploads\\\/2020\\\/11\\\/cropped-new-favicon-black.png\",\"contentUrl\":\"https:\\\/\\\/strangercam.com\\\/wp-content\\\/uploads\\\/2020\\\/11\\\/cropped-new-favicon-black.png\",\"width\":512,\"height\":512,\"caption\":\"Strangercam\"},\"image\":{\"@id\":\"https:\\\/\\\/strangercam.com\\\/#\\\/schema\\\/logo\\\/image\\\/\"},\"sameAs\":[\"https:\\\/\\\/www.facebook.com\\\/strangercam\",\"https:\\\/\\\/x.com\\\/strangercamapp\"]}]}<\/script>\n<!-- \/ Yoast SEO plugin. -->","yoast_head_json":{"title":"Strangercam.com'da G\u00f6r\u00fcnt\u00fcl\u00fc Sohbet ile Kameral\u0131 Arkada\u015fl\u0131k","description":"Kamera Bulu\u015fmas\u0131n\u0131 Seviyor musunuz? StrangerCam.com'da Join milyonlarca! Rastgele bir g\u00f6r\u00fcnt\u00fcl\u00fc sohbet ba\u015flat\u0131n, kameran\u0131z\u0131 a\u00e7\u0131n ve yabanc\u0131larla an\u0131nda tan\u0131\u015f\u0131n.","robots":{"index":"index","follow":"follow","max-snippet":"max-snippet:-1","max-image-preview":"max-image-preview:large","max-video-preview":"max-video-preview:-1"},"canonical":"https:\/\/strangercam.com\/tr\/kamera-bulusmasi\/","og_locale":"tr_TR","og_type":"article","og_title":"Cam Dating with Video Chat on Strangercam.com","og_description":"Liking Cam Dating? Join millions on StrangerCam.com! Start a random video chat, turn on your cam, and meet strangers instantly.","og_url":"https:\/\/strangercam.com\/tr\/kamera-bulusmasi\/","og_site_name":"Strangercam","article_publisher":"https:\/\/www.facebook.com\/strangercam","article_modified_time":"2025-09-08T08:12:00+00:00","og_image":[{"width":800,"height":532,"url":"https:\/\/strangercam.com\/wp-content\/uploads\/2021\/10\/Untitled-2.png","type":"image\/png"}],"twitter_card":"summary_large_image","twitter_site":"@strangercamapp","twitter_misc":{"Tahmini okuma s\u00fcresi":"4 dakika"},"schema":{"@context":"https:\/\/schema.org","@graph":[{"@type":"WebPage","@id":"https:\/\/strangercam.com\/cam-dating\/","url":"https:\/\/strangercam.com\/cam-dating\/","name":"Strangercam.com'da G\u00f6r\u00fcnt\u00fcl\u00fc Sohbet ile Kameral\u0131 Arkada\u015fl\u0131k","isPartOf":{"@id":"https:\/\/strangercam.com\/#website"},"datePublished":"2025-09-08T06:04:51+00:00","dateModified":"2025-09-08T08:12:00+00:00","description":"Kamera Bulu\u015fmas\u0131n\u0131 Seviyor musunuz? StrangerCam.com'da Join milyonlarca! Rastgele bir g\u00f6r\u00fcnt\u00fcl\u00fc sohbet ba\u015flat\u0131n, kameran\u0131z\u0131 a\u00e7\u0131n ve yabanc\u0131larla an\u0131nda tan\u0131\u015f\u0131n.","breadcrumb":{"@id":"https:\/\/strangercam.com\/cam-dating\/#breadcrumb"},"inLanguage":"tr","potentialAction":[{"@type":"ReadAction","target":["https:\/\/strangercam.com\/cam-dating\/"]}]},{"@type":"BreadcrumbList","@id":"https:\/\/strangercam.com\/cam-dating\/#breadcrumb","itemListElement":[{"@type":"ListItem","position":1,"name":"Home","item":"https:\/\/strangercam.com\/"},{"@type":"ListItem","position":2,"name":"Cam Dating"}]},{"@type":"WebSite","@id":"https:\/\/strangercam.com\/#website","url":"https:\/\/strangercam.com\/","name":"Strangercam","description":"Yabanc\u0131larla Rastgele G\u00f6r\u00fcnt\u00fcl\u00fc Sohbet","publisher":{"@id":"https:\/\/strangercam.com\/#organization"},"alternateName":"Strangercam.com","potentialAction":[{"@type":"SearchAction","target":{"@type":"EntryPoint","urlTemplate":"https:\/\/strangercam.com\/?s={search_term_string}"},"query-input":{"@type":"PropertyValueSpecification","valueRequired":true,"valueName":"search_term_string"}}],"inLanguage":"tr"},{"@type":"Organization","@id":"https:\/\/strangercam.com\/#organization","name":"Strangercam","alternateName":"Strangercam.com","url":"https:\/\/strangercam.com\/","logo":{"@type":"ImageObject","inLanguage":"tr","@id":"https:\/\/strangercam.com\/#\/schema\/logo\/image\/","url":"https:\/\/strangercam.com\/wp-content\/uploads\/2020\/11\/cropped-new-favicon-black.png","contentUrl":"https:\/\/strangercam.com\/wp-content\/uploads\/2020\/11\/cropped-new-favicon-black.png","width":512,"height":512,"caption":"Strangercam"},"image":{"@id":"https:\/\/strangercam.com\/#\/schema\/logo\/image\/"},"sameAs":["https:\/\/www.facebook.com\/strangercam","https:\/\/x.com\/strangercamapp"]}]}},"_links":{"self":[{"href":"https:\/\/strangercam.com\/tr\/wp-json\/wp\/v2\/pages\/4141","targetHints":{"allow":["GET"]}}],"collection":[{"href":"https:\/\/strangercam.com\/tr\/wp-json\/wp\/v2\/pages"}],"about":[{"href":"https:\/\/strangercam.com\/tr\/wp-json\/wp\/v2\/types\/page"}],"author":[{"embeddable":true,"href":"https:\/\/strangercam.com\/tr\/wp-json\/wp\/v2\/users\/8"}],"replies":[{"embeddable":true,"href":"https:\/\/strangercam.com\/tr\/wp-json\/wp\/v2\/comments?post=4141"}],"version-history":[{"count":2,"href":"https:\/\/strangercam.com\/tr\/wp-json\/wp\/v2\/pages\/4141\/revisions"}],"predecessor-version":[{"id":13014,"href":"https:\/\/strangercam.com\/tr\/wp-json\/wp\/v2\/pages\/4141\/revisions\/13014"}],"wp:attachment":[{"href":"https:\/\/strangercam.com\/tr\/wp-json\/wp\/v2\/media?parent=4141"}],"curies":[{"name":"wp","href":"https:\/\/api.w.org\/{rel}","templated":true}]}}