{"id":4124,"date":"2025-09-08T08:02:09","date_gmt":"2025-09-08T06:02:09","guid":{"rendered":"https:\/\/strangercam.com\/?page_id=4124"},"modified":"2025-09-08T10:06:04","modified_gmt":"2025-09-08T08:06:04","slug":"yabancilarla-kamera","status":"publish","type":"page","link":"https:\/\/strangercam.com\/tr\/cam-with-strangers\/","title":{"rendered":"Yabanc\u0131larla Kamera"},"content":{"rendered":"<p>En iyi yolu mu ar\u0131yorsunuz? <a href=\"https:\/\/strangercam.com\/tr\/bazoocam\/\">cam<\/a> Yabanc\u0131larla m\u0131? Yaln\u0131z de\u011filsiniz. Her ay milyonlarca insan canl\u0131 g\u00f6r\u00fcnt\u00fcl\u00fc sohbet arac\u0131l\u0131\u011f\u0131yla \u00e7evrimi\u00e7i olarak yeni insanlarla an\u0131nda ba\u011flant\u0131 kurman\u0131n yollar\u0131n\u0131 ar\u0131yor. Profiller, kay\u0131tlar veya bitmek bilmeyen kayd\u0131rmalar gerektiren sosyal a\u011flar veya fl\u00f6rt uygulamalar\u0131n\u0131n aksine, yabanc\u0131larla kameral\u0131 sohbet kendili\u011finden ger\u00e7ekle\u015fir: web kameran\u0131z\u0131 a\u00e7ars\u0131n\u0131z, ba\u015flat d\u00fc\u011fmesine basars\u0131n\u0131z ve saniyeler i\u00e7inde yeni biriyle y\u00fcz y\u00fcze gelirsiniz.<\/p>\n<p>2025'te, StrangerCam gibi platformlar yabanc\u0131larla \u00fccretsiz olarak kameral\u0131 sohbet etmeyi kolayla\u015ft\u0131r\u0131yor - kay\u0131t yok, indirme yok ve gizli \u00fccret yok. \u0130ster arkada\u015f edinmek, ister g\u00fcndelik sohbetlerin tad\u0131n\u0131 \u00e7\u0131karmak, biraz fl\u00f6rt etmek veya sadece zaman ge\u00e7irmek isteyin, rastgele web kameras\u0131 sohbeti \u00e7evrimi\u00e7i ba\u011flant\u0131 kurman\u0131n en e\u011flenceli ve otantik yollar\u0131ndan biridir.<\/p>\n<p>Bu k\u0131lavuz bilmeniz gereken her \u015feyi a\u00e7\u0131klayacakt\u0131r: yabanc\u0131larla kameraya alman\u0131n ne anlama geldi\u011fi, neden bu kadar pop\u00fcler oldu\u011fu, nas\u0131l \u00e7al\u0131\u015ft\u0131\u011f\u0131, hangi \u00f6zelliklere bakman\u0131z gerekti\u011fi, en iyi platformlar\u0131n kar\u015f\u0131la\u015ft\u0131rmalar\u0131, g\u00fcvenlik ipu\u00e7lar\u0131 ve StrangerCam'in neden bu y\u0131l en iyi se\u00e7im oldu\u011fu.<\/p>\n<h2>Yabanc\u0131larla Cam Yapmak Ne Anlama Geliyor?<\/h2>\n<p>Yabanc\u0131larla kameral\u0131 sohbet etmek, canl\u0131 g\u00f6r\u00fcnt\u00fcl\u00fc sohbet kullanarak rastgele insanlarla \u00e7evrimi\u00e7i olarak an\u0131nda ba\u011flant\u0131 kurmak anlam\u0131na gelir. Web kameran\u0131z ve mikrofonunuz birbirinizi ger\u00e7ek zamanl\u0131 olarak g\u00f6rmenizi ve konu\u015fman\u0131z\u0131 sa\u011flar, bu da deneyimi yaz\u0131l\u0131 sohbetten \u00e7ok daha ger\u00e7ek\u00e7i hale getirir.<\/p>\n<p>\u0130\u015flem basit: bir d\u00fc\u011fmeye t\u0131klay\u0131n, kameran\u0131za izin verin ve bir yabanc\u0131yla e\u015fle\u015fin. E\u011fer sohbet uygun de\u011filse, bir sonraki sohbete ge\u00e7mek i\u00e7in \u0130leri'ye basman\u0131z yeterli.<\/p>\n<h2>\u0130nsanlar Yabanc\u0131larla \u00dccretsiz Kameray\u0131 Neden Seviyor?<\/h2>\n<p>\u00c7ekicili\u011fi <a href=\"https:\/\/strangercam.com\/tr\/cam-to-cam-chat\/\">\u00fccretsiz kamera<\/a> anla\u015f\u0131lmas\u0131 kolayd\u0131r:<\/p>\n<ul>\n<li>Spontanl\u0131k: Her sohbet bir s\u00fcrprizdir - s\u0131rada kimin oldu\u011funu asla bilemezsiniz.<\/li>\n<li>\u00d6zg\u00fcnl\u00fck: Video, botlarla de\u011fil ger\u00e7ek insanlarla konu\u015fman\u0131z\u0131 sa\u011flar.<\/li>\n<li>Kay\u0131t veya Taahh\u00fct Yok: Sadece t\u0131klay\u0131n ve an\u0131nda sohbet edin.<\/li>\n<li>K\u00fcresel Ba\u011flant\u0131lar: D\u00fcnyan\u0131n her yerinden yabanc\u0131larla 7\/24 tan\u0131\u015f\u0131n.<\/li>\n<li>E\u011flenceli ve fl\u00f6rt\u00f6z hisler: Baz\u0131lar\u0131 bunu arkada\u015f edinmek i\u00e7in kullan\u0131r; di\u011ferleri g\u00fcndelik fl\u00f6rtten ho\u015flan\u0131r.<\/li>\n<li>Can S\u0131k\u0131nt\u0131s\u0131ndan An\u0131nda Ka\u00e7\u0131\u015f: Zaman ge\u00e7irmek ve yeni sohbetler ba\u015flatmak i\u00e7in harika.<\/li>\n<\/ul>\n<h2>Cam With Strangers Nas\u0131l \u00c7al\u0131\u015f\u0131r?<\/h2>\n<p>Ba\u015flamak h\u0131zl\u0131 ve basittir:<\/p>\n<ol>\n<li>Taray\u0131c\u0131n\u0131zda veya telefonunuzda StrangerCam gibi bir platform a\u00e7\u0131n.<\/li>\n<li>Web kameran\u0131za ve mikrofonunuza eri\u015fime izin verin.<\/li>\n<li>\"Sohbeti Ba\u015flat \"a t\u0131klay\u0131n.<\/li>\n<li>Rastgele bir yabanc\u0131yla y\u00fcz y\u00fcze konu\u015fun.<\/li>\n<li>Yeni biriyle tan\u0131\u015fmak istedi\u011finizde \"\u0130leri\" d\u00fc\u011fmesine bas\u0131n.<\/li>\n<\/ol>\n<p>Baz\u0131 platformlar ayr\u0131ca cinsiyete, konuma g\u00f6re filtreleme yapman\u0131za ve hatta uluslararas\u0131 konu\u015fmalar i\u00e7in \u00e7eviri ara\u00e7lar\u0131n\u0131 kullanman\u0131za olanak tan\u0131r.<\/p>\n<h2>Aranacak En \u00d6nemli \u00d6zellikler<\/h2>\n<p>T\u00fcm kameral\u0131 sohbet platformlar\u0131 e\u015fit de\u011fildir. Yabanc\u0131larla en iyi kamera deneyimini istiyorsan\u0131z, bu \u00f6zellikleri aray\u0131n:<\/p>\n<h3>1. Ger\u00e7ekten \u00dccretsiz Eri\u015fim<\/h3>\n<p>\u00dccretsiz oldu\u011funu iddia eden ancak temel \u00f6zellikleri \u00f6deme duvarlar\u0131 arkas\u0131nda k\u0131s\u0131tlayan sitelerden ka\u00e7\u0131n\u0131n.<\/p>\n<h3>2. Kay\u0131t Gerektirmez<\/h3>\n<p>En iyi platformlar anonim kalman\u0131za ve an\u0131nda sohbet etmeye ba\u015flaman\u0131za izin verir.<\/p>\n<h3>3. Cinsiyet ve Konum Filtreleri<\/h3>\n<p>\u0130lgilendi\u011finiz t\u00fcrden insanlarla e\u015fle\u015fmek i\u00e7in kullan\u0131\u015fl\u0131d\u0131r.<\/p>\n<h3>4. G\u00fcvenli Moderasyon<\/h3>\n<p>\u0130yi platformlar, botlar\u0131 ve uygunsuz kullan\u0131c\u0131lar\u0131 kald\u0131rmak i\u00e7in g\u00fc\u00e7l\u00fc raporlama sistemlerine ve moderat\u00f6rlere sahiptir.<\/p>\n<h3>5. Mobil Uyumlu Tasar\u0131m<\/h3>\n<p>Hem masa\u00fcst\u00fcnde hem de ak\u0131ll\u0131 telefonlarda yabanc\u0131larla kolayca ileti\u015fim kurabilmelisiniz.<\/p>\n<h3>6. Y\u00fcksek Kaliteli Video ve Ses<\/h3>\n<p>Ak\u0131c\u0131 ba\u011flant\u0131lar konu\u015fmalar\u0131 do\u011fal ve keyifli hale getirir.<\/p>\n<h2>2025'te Yabanc\u0131larla Kameraya Ge\u00e7mek \u0130\u00e7in En \u0130yi Platformlar<\/h2>\n<p>\u0130\u015fte yabanc\u0131larla kameral\u0131 g\u00f6r\u00fc\u015fme yapabilece\u011finiz en pop\u00fcler sitelerin bir kar\u015f\u0131la\u015ft\u0131rmas\u0131:<\/p>\n<table>\n<thead>\n<tr>\n<th>Platform<\/th>\n<th align=\"center\">\u00dccretsiz Eri\u015fim<\/th>\n<th align=\"center\">Cinsiyet Filtresi<\/th>\n<th align=\"center\">Kay\u0131t Gerekli<\/th>\n<th align=\"center\">Mobil Destek<\/th>\n<th align=\"center\">Moderasyon<\/th>\n<th>Notlar<\/th>\n<\/tr>\n<\/thead>\n<tbody>\n<tr>\n<td>StrangerCam<\/td>\n<td align=\"center\">\u2705<\/td>\n<td align=\"center\">\u2705 (\u00dccretsiz)<\/td>\n<td align=\"center\">\u274c<\/td>\n<td align=\"center\">\u2705<\/td>\n<td align=\"center\">\u2705<\/td>\n<td>En iyi genel se\u00e7im, ger\u00e7ekten \u00fccretsiz<\/td>\n<\/tr>\n<tr>\n<td><a href=\"https:\/\/strangercam.com\/tr\/chatroulette\/\">Chatroulette<\/a><\/td>\n<td align=\"center\">\u2705<\/td>\n<td align=\"center\">\u274c (\u00dccretli)<\/td>\n<td align=\"center\">\u274c<\/td>\n<td align=\"center\">\u2705<\/td>\n<td align=\"center\">\u2705<\/td>\n<td>Klasik platform, filtre maliyeti<\/td>\n<\/tr>\n<tr>\n<td>Chatrandom<\/td>\n<td align=\"center\">\u2705<\/td>\n<td align=\"center\">\u274c (\u00dccretli)<\/td>\n<td align=\"center\">\u274c<\/td>\n<td align=\"center\">\u2705<\/td>\n<td align=\"center\">\u2705<\/td>\n<td>Pop\u00fcler, ancak y\u00fckseltmeleri zorluyor<\/td>\n<\/tr>\n<tr>\n<td><a href=\"https:\/\/strangercam.com\/tr\/ometv\/\">OmeTV<\/a><\/td>\n<td align=\"center\">\u2705<\/td>\n<td align=\"center\">\u274c<\/td>\n<td align=\"center\">\u274c<\/td>\n<td align=\"center\">\u2705<\/td>\n<td align=\"center\">\u2705<\/td>\n<td>Uygulama tabanl\u0131, yaln\u0131zca rastgele e\u015fle\u015ftirme<\/td>\n<\/tr>\n<tr>\n<td>Shagle<\/td>\n<td align=\"center\">\u2705<\/td>\n<td align=\"center\">\u274c (\u00dccretli)<\/td>\n<td align=\"center\">\u274c<\/td>\n<td align=\"center\">\u2705<\/td>\n<td align=\"center\">\u2705<\/td>\n<td>\u00dccretsiz giri\u015f, premium y\u00fckseltmeler<\/td>\n<\/tr>\n<tr>\n<td><a href=\"https:\/\/strangercam.com\/tr\/coomeet\/\">CooMeet<\/a><\/td>\n<td align=\"center\">\u274c (Deneme)<\/td>\n<td align=\"center\">\u2705<\/td>\n<td align=\"center\">\u2705<\/td>\n<td align=\"center\">\u2705<\/td>\n<td align=\"center\">\u2705<\/td>\n<td>K\u0131sa \u00fccretsiz denemeden sonra \u00fccretli<\/td>\n<\/tr>\n<tr>\n<td>LuckyCrush<\/td>\n<td align=\"center\">\u274c<\/td>\n<td align=\"center\">\u2705<\/td>\n<td align=\"center\">\u2705<\/td>\n<td align=\"center\">\u2705<\/td>\n<td align=\"center\">\u2705<\/td>\n<td>Her zaman \u00fccretli, cinsiyete dayal\u0131 sohbet<\/td>\n<\/tr>\n<\/tbody>\n<\/table>\n<p>Bunlar aras\u0131nda StrangerCam, ger\u00e7ek bir cinsiyet filtresi olan ve kay\u0131t gerektirmeyen yabanc\u0131larla \u00fccretsiz kamera sunan birka\u00e7 platformdan biridir.<\/p>\n<h2>StrangerCam Neden En \u0130yi Se\u00e7imdir?<\/h2>\n<p>\u0130\u015fte StrangerCam'in 2025'te yabanc\u0131larla kameral\u0131 g\u00f6r\u00fc\u015fme i\u00e7in en iyi platform olmas\u0131n\u0131n nedeni:<\/p>\n<h3>1. Tamamen \u00dccretsiz ve S\u0131n\u0131rs\u0131z<\/h3>\n<p>Gizli maliyetler, krediler veya zaman s\u0131n\u0131rlamalar\u0131 yok.<\/p>\n<h3>2. \u00dccretsiz Cinsiyet Filtresi<\/h3>\n<p>\u00d6deme duvarlar\u0131 olmadan erkekleri, k\u0131zlar\u0131 veya her ikisini de se\u00e7in.<\/p>\n<h3>3. Kay\u0131t Gerektirmez<\/h3>\n<p>Anonim kal\u0131n ve an\u0131nda sohbet etmeye ba\u015flay\u0131n.<\/p>\n<h3>4. G\u00fcvenli ve Moderat\u00f6rl\u00fc<\/h3>\n<p>Aktif moderasyon ve raporlama \u00f6zellikleri platformu temiz tutar.<\/p>\n<h3>5. K\u00fcresel Kullan\u0131c\u0131 Taban\u0131<\/h3>\n<p>\u0130stedi\u011finiz zaman 100'den fazla \u00fclkeden yabanc\u0131larla tan\u0131\u015f\u0131n.<\/p>\n<h3>6. T\u00fcm Cihazlar i\u00e7in Optimize Edildi<\/h3>\n<p>Masa\u00fcst\u00fc, tablet ve cep telefonlar\u0131nda sorunsuz \u00e7al\u0131\u015f\u0131r.<\/p>\n<h2>Ger\u00e7ek Kullan\u0131c\u0131 G\u00f6r\u00fc\u015fleri<\/h2>\n<blockquote><p><em>\"Yabanc\u0131larla \u00fccretsiz olarak kamera kar\u015f\u0131s\u0131na ge\u00e7menin bir yolunu ar\u0131yordum ve StrangerCam beni \u00f6deme yapmaya zorlamayan tek siteydi.\"<\/em><br \/>\n- Liam, 26 ya\u015f\u0131nda.<\/p><\/blockquote>\n<blockquote><p><em>\"Cinsiyet filtresi \u00fccretsiz ve harika \u00e7al\u0131\u015f\u0131yor, ki bu t\u00fcr siteler i\u00e7in nadir bir durum.\"<\/em><br \/>\n- Sophia, 22 ya\u015f\u0131nda.<\/p><\/blockquote>\n<blockquote><p><em>\"Tek bir ak\u015famda d\u00f6rt farkl\u0131 k\u0131tadan insanlarla ba\u011flant\u0131 kurdum. Ba\u011f\u0131ml\u0131l\u0131k yap\u0131yor.\"<\/em><br \/>\n- Ryan, 30 ya\u015f\u0131nda.<\/p><\/blockquote>\n<blockquote><p><em>\"Moderasyon ara\u00e7lar\u0131 sayesinde denedi\u011fim di\u011fer sitelerden daha g\u00fcvenli hissettiriyor.\"<\/em><br \/>\n- Emma, 20 ya\u015f\u0131nda.<\/p><\/blockquote>\n<h2>Yabanc\u0131larla Camming i\u00e7in G\u00fcvenlik \u0130pu\u00e7lar\u0131<\/h2>\n<p>Kameral\u0131 sohbetler e\u011flenceli olsa da, g\u00fcvenli\u011fi her zaman akl\u0131n\u0131zda bulundurun:<\/p>\n<ul>\n<li>Ki\u015fisel bilgilerinizi (telefon, e-posta, adres) asla payla\u015fmay\u0131n.<\/li>\n<li>Yabanc\u0131lar taraf\u0131ndan g\u00f6nderilen \u015f\u00fcpheli ba\u011flant\u0131lara t\u0131klamay\u0131n.<\/li>\n<li>Kendinizi rahats\u0131z hissediyorsan\u0131z \"\u0130leri\" d\u00fc\u011fmesini serbest\u00e7e kullan\u0131n.<\/li>\n<li>Web kameran\u0131z\u0131 a\u00e7madan \u00f6nce arka plan\u0131n\u0131z\u0131 kontrol edin.<\/li>\n<li>K\u00f6t\u00fc kullan\u0131c\u0131lar\u0131 engellemek veya bildirmek i\u00e7in raporlama ara\u00e7lar\u0131n\u0131 kullan\u0131n.<\/li>\n<li>Ya\u015f s\u0131n\u0131rlamalar\u0131na sayg\u0131 g\u00f6sterin - 18 ya\u015f\u0131n alt\u0131ndaysan\u0131z, yeti\u015fkin sohbet sitelerini kullanmay\u0131n.<\/li>\n<\/ul>\n<h2>Nas\u0131l Ba\u015flan\u0131r - Ad\u0131m Ad\u0131m<\/h2>\n<p>Yabanc\u0131larla camming yapmaya ba\u015flamak sadece saniyeler al\u0131r:<\/p>\n<ol>\n<li>Cihaz\u0131n\u0131zda StrangerCam'i a\u00e7\u0131n.<\/li>\n<li>Web kameras\u0131 ve mikrofon eri\u015fimine izin verin.<\/li>\n<li>Tercihleri se\u00e7in (cinsiyet filtreleri gibi).<\/li>\n<li>An\u0131nda ba\u011flanmak i\u00e7in Sohbeti Ba\u015flat'a t\u0131klay\u0131n.<\/li>\n<li>Yeni biriyle tan\u0131\u015fmak i\u00e7in istedi\u011finiz zaman \u0130leri'ye bas\u0131n.<\/li>\n<\/ol>\n<p>H\u0131zl\u0131, basit ve 100% \u00fccretsiz.<\/p>\n<p>2025 y\u0131l\u0131nda, \u00e7evrimi\u00e7i yeni insanlarla tan\u0131\u015fman\u0131n en kolay ve en e\u011flenceli yollar\u0131ndan biri yabanc\u0131larla kameral\u0131 sohbet etmektir. Spontane, otantik ve d\u00fcnya \u00e7ap\u0131nda ger\u00e7ek insanlarla an\u0131nda ba\u011flant\u0131 kurman\u0131z\u0131 sa\u011flar.<\/p>\n<p>Yine de her platform bunu sa\u011flayam\u0131yor - bir\u00e7o\u011fu filtreleri \u00f6deme duvarlar\u0131n\u0131n arkas\u0131na gizliyor veya botlarla dolu. Bu y\u00fczden StrangerCam en iyi se\u00e7imdir: \u00fccretsiz, g\u00fcvenli, anonim ve her zaman sohbet etmeye haz\u0131r kullan\u0131c\u0131larla doludur.<\/p>\n<p>Denemeye haz\u0131r m\u0131s\u0131n\u0131z? Bug\u00fcn yabanc\u0131larla \u00fccretsiz bir kamera ba\u015flat\u0131n ve s\u0131rada kiminle tan\u0131\u015faca\u011f\u0131n\u0131z\u0131 g\u00f6r\u00fcn.<\/p>","protected":false},"excerpt":{"rendered":"<p>Are you looking for the best way to cam with strangers? You\u2019re not alone. Millions of people every month search for ways to connect instantly with new people online through live video chat. Unlike social networks or dating apps that require profiles, signups, or endless swiping, cam with strangers is about spontaneity: you turn on [&hellip;]<\/p>\n","protected":false},"author":8,"featured_media":0,"parent":0,"menu_order":0,"comment_status":"closed","ping_status":"closed","template":"","meta":{"footnotes":""},"class_list":["post-4124","page","type-page","status-publish","hentry"],"yoast_head":"<!-- This site is optimized with the Yoast SEO plugin v27.4 - https:\/\/yoast.com\/product\/yoast-seo-wordpress\/ -->\n<title>Cam With Strangers with Video Chat on Strangercam.com<\/title>\n<meta name=\"description\" content=\"Liking Cam With Strangers? Join millions on StrangerCam.com! Start a random video chat, turn on your cam, and meet strangers instantly.\" \/>\n<meta name=\"robots\" content=\"index, follow, max-snippet:-1, max-image-preview:large, max-video-preview:-1\" \/>\n<link rel=\"canonical\" href=\"https:\/\/strangercam.com\/tr\/yabancilarla-kamera\/\" \/>\n<meta property=\"og:locale\" content=\"tr_TR\" \/>\n<meta property=\"og:type\" content=\"article\" \/>\n<meta property=\"og:title\" content=\"Cam With Strangers with Video Chat on Strangercam.com\" \/>\n<meta property=\"og:description\" content=\"Liking Cam With Strangers? Join millions on StrangerCam.com! Start a random video chat, turn on your cam, and meet strangers instantly.\" \/>\n<meta property=\"og:url\" content=\"https:\/\/strangercam.com\/tr\/yabancilarla-kamera\/\" \/>\n<meta property=\"og:site_name\" content=\"Strangercam\" \/>\n<meta property=\"article:publisher\" content=\"https:\/\/www.facebook.com\/strangercam\" \/>\n<meta property=\"article:modified_time\" content=\"2025-09-08T08:06:04+00:00\" \/>\n<meta property=\"og:image\" content=\"https:\/\/strangercam.com\/wp-content\/uploads\/2021\/10\/Untitled-2.png\" \/>\n\t<meta property=\"og:image:width\" content=\"800\" \/>\n\t<meta property=\"og:image:height\" content=\"532\" \/>\n\t<meta property=\"og:image:type\" content=\"image\/png\" \/>\n<meta name=\"twitter:card\" content=\"summary_large_image\" \/>\n<meta name=\"twitter:site\" content=\"@strangercamapp\" \/>\n<meta name=\"twitter:label1\" content=\"Tahmini okuma s\u00fcresi\" \/>\n\t<meta name=\"twitter:data1\" content=\"5 dakika\" \/>\n<script type=\"application\/ld+json\" class=\"yoast-schema-graph\">{\"@context\":\"https:\\\/\\\/schema.org\",\"@graph\":[{\"@type\":\"WebPage\",\"@id\":\"https:\\\/\\\/strangercam.com\\\/cam-with-strangers\\\/\",\"url\":\"https:\\\/\\\/strangercam.com\\\/cam-with-strangers\\\/\",\"name\":\"Cam With Strangers with Video Chat on Strangercam.com\",\"isPartOf\":{\"@id\":\"https:\\\/\\\/strangercam.com\\\/#website\"},\"datePublished\":\"2025-09-08T06:02:09+00:00\",\"dateModified\":\"2025-09-08T08:06:04+00:00\",\"description\":\"Liking Cam With Strangers? Join millions on StrangerCam.com! Start a random video chat, turn on your cam, and meet strangers instantly.\",\"breadcrumb\":{\"@id\":\"https:\\\/\\\/strangercam.com\\\/cam-with-strangers\\\/#breadcrumb\"},\"inLanguage\":\"tr\",\"potentialAction\":[{\"@type\":\"ReadAction\",\"target\":[\"https:\\\/\\\/strangercam.com\\\/cam-with-strangers\\\/\"]}]},{\"@type\":\"BreadcrumbList\",\"@id\":\"https:\\\/\\\/strangercam.com\\\/cam-with-strangers\\\/#breadcrumb\",\"itemListElement\":[{\"@type\":\"ListItem\",\"position\":1,\"name\":\"Home\",\"item\":\"https:\\\/\\\/strangercam.com\\\/\"},{\"@type\":\"ListItem\",\"position\":2,\"name\":\"Cam With Strangers\"}]},{\"@type\":\"WebSite\",\"@id\":\"https:\\\/\\\/strangercam.com\\\/#website\",\"url\":\"https:\\\/\\\/strangercam.com\\\/\",\"name\":\"Strangercam\",\"description\":\"Random Video Chat with Strangers\",\"publisher\":{\"@id\":\"https:\\\/\\\/strangercam.com\\\/#organization\"},\"alternateName\":\"Strangercam.com\",\"potentialAction\":[{\"@type\":\"SearchAction\",\"target\":{\"@type\":\"EntryPoint\",\"urlTemplate\":\"https:\\\/\\\/strangercam.com\\\/?s={search_term_string}\"},\"query-input\":{\"@type\":\"PropertyValueSpecification\",\"valueRequired\":true,\"valueName\":\"search_term_string\"}}],\"inLanguage\":\"tr\"},{\"@type\":\"Organization\",\"@id\":\"https:\\\/\\\/strangercam.com\\\/#organization\",\"name\":\"Strangercam\",\"alternateName\":\"Strangercam.com\",\"url\":\"https:\\\/\\\/strangercam.com\\\/\",\"logo\":{\"@type\":\"ImageObject\",\"inLanguage\":\"tr\",\"@id\":\"https:\\\/\\\/strangercam.com\\\/#\\\/schema\\\/logo\\\/image\\\/\",\"url\":\"https:\\\/\\\/strangercam.com\\\/wp-content\\\/uploads\\\/2020\\\/11\\\/cropped-new-favicon-black.png\",\"contentUrl\":\"https:\\\/\\\/strangercam.com\\\/wp-content\\\/uploads\\\/2020\\\/11\\\/cropped-new-favicon-black.png\",\"width\":512,\"height\":512,\"caption\":\"Strangercam\"},\"image\":{\"@id\":\"https:\\\/\\\/strangercam.com\\\/#\\\/schema\\\/logo\\\/image\\\/\"},\"sameAs\":[\"https:\\\/\\\/www.facebook.com\\\/strangercam\",\"https:\\\/\\\/x.com\\\/strangercamapp\"]}]}<\/script>\n<!-- \/ Yoast SEO plugin. -->","yoast_head_json":{"title":"Strangercam.com'da G\u00f6r\u00fcnt\u00fcl\u00fc Sohbet ile Yabanc\u0131larla Kamera","description":"Yabanc\u0131larla Kameray\u0131 Sevmek? StrangerCam.com'da Join milyonlarca! Rastgele bir g\u00f6r\u00fcnt\u00fcl\u00fc sohbet ba\u015flat\u0131n, kameran\u0131z\u0131 a\u00e7\u0131n ve yabanc\u0131larla an\u0131nda tan\u0131\u015f\u0131n.","robots":{"index":"index","follow":"follow","max-snippet":"max-snippet:-1","max-image-preview":"max-image-preview:large","max-video-preview":"max-video-preview:-1"},"canonical":"https:\/\/strangercam.com\/tr\/yabancilarla-kamera\/","og_locale":"tr_TR","og_type":"article","og_title":"Cam With Strangers with Video Chat on Strangercam.com","og_description":"Liking Cam With Strangers? Join millions on StrangerCam.com! Start a random video chat, turn on your cam, and meet strangers instantly.","og_url":"https:\/\/strangercam.com\/tr\/yabancilarla-kamera\/","og_site_name":"Strangercam","article_publisher":"https:\/\/www.facebook.com\/strangercam","article_modified_time":"2025-09-08T08:06:04+00:00","og_image":[{"width":800,"height":532,"url":"https:\/\/strangercam.com\/wp-content\/uploads\/2021\/10\/Untitled-2.png","type":"image\/png"}],"twitter_card":"summary_large_image","twitter_site":"@strangercamapp","twitter_misc":{"Tahmini okuma s\u00fcresi":"5 dakika"},"schema":{"@context":"https:\/\/schema.org","@graph":[{"@type":"WebPage","@id":"https:\/\/strangercam.com\/cam-with-strangers\/","url":"https:\/\/strangercam.com\/cam-with-strangers\/","name":"Strangercam.com'da G\u00f6r\u00fcnt\u00fcl\u00fc Sohbet ile Yabanc\u0131larla Kamera","isPartOf":{"@id":"https:\/\/strangercam.com\/#website"},"datePublished":"2025-09-08T06:02:09+00:00","dateModified":"2025-09-08T08:06:04+00:00","description":"Yabanc\u0131larla Kameray\u0131 Sevmek? StrangerCam.com'da Join milyonlarca! Rastgele bir g\u00f6r\u00fcnt\u00fcl\u00fc sohbet ba\u015flat\u0131n, kameran\u0131z\u0131 a\u00e7\u0131n ve yabanc\u0131larla an\u0131nda tan\u0131\u015f\u0131n.","breadcrumb":{"@id":"https:\/\/strangercam.com\/cam-with-strangers\/#breadcrumb"},"inLanguage":"tr","potentialAction":[{"@type":"ReadAction","target":["https:\/\/strangercam.com\/cam-with-strangers\/"]}]},{"@type":"BreadcrumbList","@id":"https:\/\/strangercam.com\/cam-with-strangers\/#breadcrumb","itemListElement":[{"@type":"ListItem","position":1,"name":"Home","item":"https:\/\/strangercam.com\/"},{"@type":"ListItem","position":2,"name":"Cam With Strangers"}]},{"@type":"WebSite","@id":"https:\/\/strangercam.com\/#website","url":"https:\/\/strangercam.com\/","name":"Strangercam","description":"Yabanc\u0131larla Rastgele G\u00f6r\u00fcnt\u00fcl\u00fc Sohbet","publisher":{"@id":"https:\/\/strangercam.com\/#organization"},"alternateName":"Strangercam.com","potentialAction":[{"@type":"SearchAction","target":{"@type":"EntryPoint","urlTemplate":"https:\/\/strangercam.com\/?s={search_term_string}"},"query-input":{"@type":"PropertyValueSpecification","valueRequired":true,"valueName":"search_term_string"}}],"inLanguage":"tr"},{"@type":"Organization","@id":"https:\/\/strangercam.com\/#organization","name":"Strangercam","alternateName":"Strangercam.com","url":"https:\/\/strangercam.com\/","logo":{"@type":"ImageObject","inLanguage":"tr","@id":"https:\/\/strangercam.com\/#\/schema\/logo\/image\/","url":"https:\/\/strangercam.com\/wp-content\/uploads\/2020\/11\/cropped-new-favicon-black.png","contentUrl":"https:\/\/strangercam.com\/wp-content\/uploads\/2020\/11\/cropped-new-favicon-black.png","width":512,"height":512,"caption":"Strangercam"},"image":{"@id":"https:\/\/strangercam.com\/#\/schema\/logo\/image\/"},"sameAs":["https:\/\/www.facebook.com\/strangercam","https:\/\/x.com\/strangercamapp"]}]}},"_links":{"self":[{"href":"https:\/\/strangercam.com\/tr\/wp-json\/wp\/v2\/pages\/4124","targetHints":{"allow":["GET"]}}],"collection":[{"href":"https:\/\/strangercam.com\/tr\/wp-json\/wp\/v2\/pages"}],"about":[{"href":"https:\/\/strangercam.com\/tr\/wp-json\/wp\/v2\/types\/page"}],"author":[{"embeddable":true,"href":"https:\/\/strangercam.com\/tr\/wp-json\/wp\/v2\/users\/8"}],"replies":[{"embeddable":true,"href":"https:\/\/strangercam.com\/tr\/wp-json\/wp\/v2\/comments?post=4124"}],"version-history":[{"count":2,"href":"https:\/\/strangercam.com\/tr\/wp-json\/wp\/v2\/pages\/4124\/revisions"}],"predecessor-version":[{"id":13013,"href":"https:\/\/strangercam.com\/tr\/wp-json\/wp\/v2\/pages\/4124\/revisions\/13013"}],"wp:attachment":[{"href":"https:\/\/strangercam.com\/tr\/wp-json\/wp\/v2\/media?parent=4124"}],"curies":[{"name":"wp","href":"https:\/\/api.w.org\/{rel}","templated":true}]}}