{"id":4107,"date":"2025-09-08T08:58:53","date_gmt":"2025-09-08T06:58:53","guid":{"rendered":"https:\/\/strangercam.com\/?page_id=4107"},"modified":"2025-09-08T10:03:26","modified_gmt":"2025-09-08T08:03:26","slug":"teke-tek-kamera","status":"publish","type":"page","link":"https:\/\/strangercam.com\/tr\/one-on-one-cam\/","title":{"rendered":"Bire Bir Kamera"},"content":{"rendered":"<p>En iyi bire bir hizmeti mi ar\u0131yorsunuz? <a href=\"https:\/\/strangercam.com\/tr\/bazoocam\/\">cam<\/a> Deneyim mi? Yaln\u0131z de\u011filsiniz. D\u00fcnya \u00e7ap\u0131nda milyonlarca insan g\u00fcr\u00fclt\u00fcl\u00fc grup odalar\u0131 veya kalabal\u0131k sosyal a\u011flar yerine \u00f6zel, y\u00fcz y\u00fcze sohbetleri tercih ediyor. Bire bir kamerayla, yabanc\u0131larla veya yeni arkada\u015flar\u0131n\u0131zla do\u011frudan, ki\u015fisel sohbetler yapabilirsiniz - sadece siz ve videoda ba\u015fka bir ki\u015fi, dikkat da\u011f\u0131t\u0131c\u0131 unsurlar yok.<\/p>\n<p>2025 y\u0131l\u0131nda, StrangerCam gibi platformlar bire bir ve \u00fccretsiz olarak <a href=\"https:\/\/strangercam.com\/tr\/cam-to-cam-chat\/\">kameral\u0131 sohbet<\/a> an\u0131nda - kay\u0131t yok, indirme yok ve gizli \u00fccret yok. \u0130ster arkada\u015fl\u0131k, ister g\u00fcndelik e\u011flence, fl\u00f6rt veya sadece anlaml\u0131 bir sohbet ar\u0131yor olun, bire bir kamera size grup sohbetlerinin veya arkada\u015fl\u0131k uygulamalar\u0131n\u0131n sa\u011flayamayaca\u011f\u0131 gizlilik ve spontanl\u0131\u011f\u0131 sa\u011flar.<\/p>\n<p>Bu k\u0131lavuz bilmeniz gereken her \u015feyi a\u00e7\u0131klayacakt\u0131r: bire bir kameran\u0131n ne oldu\u011fu, insanlar\u0131n neden onu sevdi\u011fi, nas\u0131l \u00e7al\u0131\u015ft\u0131\u011f\u0131, en \u00f6nemli \u00f6zellikleri, platform kar\u015f\u0131la\u015ft\u0131rmalar\u0131, g\u00fcvenlik ipu\u00e7lar\u0131 ve StrangerCam'in neden 2025'te bire bir kameral\u0131 sohbet i\u00e7in en iyi yerlerden biri oldu\u011fu.<\/p>\n<h2>Bire Bir Kamera Nedir?<\/h2>\n<p>Bire bir kamera, web kameras\u0131 ve mikrofon arac\u0131l\u0131\u011f\u0131yla yaln\u0131zca bir ki\u015fiyle an\u0131nda ba\u011flant\u0131 kurdu\u011funuz \u00f6zel bir canl\u0131 g\u00f6r\u00fcnt\u00fcl\u00fc sohbettir. Grup sohbet odalar\u0131n\u0131n veya metin tabanl\u0131 sohbetin aksine, bu deneyim daha ki\u015fisel ve odakl\u0131d\u0131r.<\/p>\n<p>Fikir basit: bir d\u00fc\u011fmeye bas\u0131n, web kameran\u0131za izin verin ve saniyeler i\u00e7inde bir yabanc\u0131yla \u00f6zel bir y\u00fcz y\u00fcze video g\u00f6r\u00fc\u015fmesindesiniz. Konu\u015fma t\u0131klanmazsa, \u0130leri'ye bas\u0131n ve yeni biriyle ba\u011flant\u0131 kuracaks\u0131n\u0131z.<\/p>\n<h2>\u0130nsanlar Neden \u00dccretsiz Bire Bir Kameral\u0131 Sohbeti Seviyor?<\/h2>\n<p>\u00dccretsiz bire bir kameran\u0131n pop\u00fclaritesi artt\u0131 \u00e7\u00fcnk\u00fc benzersiz bir \u015fey sunuyor:<\/p>\n<ul>\n<li>Gizlilik: G\u00f6r\u00fc\u015fmeler yo\u011fun bir grup i\u00e7inde de\u011fil, bire birdir.<\/li>\n<li>Ger\u00e7eklik: G\u00f6r\u00fcnt\u00fcl\u00fc sohbet, bir botla de\u011fil ger\u00e7ek bir ki\u015fiyle konu\u015fman\u0131z\u0131 sa\u011flar.<\/li>\n<li>Spontanl\u0131k: Her yeni sohbet bir s\u00fcrprizdir.<\/li>\n<li>Dikkat da\u011f\u0131t\u0131c\u0131 \u015feyler yok: Kalabal\u0131\u011f\u0131 izlemek yok - sadece siz ve bir ki\u015fi daha.<\/li>\n<li>Arkada\u015fl\u0131k ve Fl\u00f6rt: Arkada\u015f edinmek, hikayeler payla\u015fmak veya g\u00fcndelik e\u011flence i\u00e7in harika.<\/li>\n<li>An\u0131nda Eri\u015fim: Profil, biyografi veya uzun kay\u0131tlar yok; sadece t\u0131klay\u0131n ve ba\u011flan\u0131n.<\/li>\n<\/ul>\n<h2>Bire Bir Kamera Nas\u0131l \u00c7al\u0131\u015f\u0131r?<\/h2>\n<p>S\u00fcre\u00e7 basit ve acemi dostu:<\/p>\n<ol>\n<li>Platformu a\u00e7\u0131n (masa\u00fcst\u00fc veya mobil).<\/li>\n<li>Kamera ve mikrofon eri\u015fimine izin verin.<\/li>\n<li>\"Sohbeti Ba\u015flat \"a t\u0131klay\u0131n.<\/li>\n<li>\u00d6zel bir kamera oturumunda bir ki\u015fiyle an\u0131nda ba\u011flant\u0131 kurun.<\/li>\n<li>\u0130stedi\u011finiz zaman devam etmek i\u00e7in \"\u0130leri\" d\u00fc\u011fmesine bas\u0131n.<\/li>\n<\/ol>\n<p>Baz\u0131 platformlar cinsiyet filtreleri, \u00fclke se\u00e7imi ve hatta uluslararas\u0131 ba\u011flant\u0131lar i\u00e7in otomatik \u00e7eviri ara\u00e7lar\u0131 da sunuyor.<\/p>\n<h2>Aranacak En \u00d6nemli \u00d6zellikler<\/h2>\n<p>Bire bir kamera platformu se\u00e7erken, bu \u00f6nemli \u00f6zellikleri aray\u0131n:<\/p>\n<h3>1. Ger\u00e7ekten \u00dccretsiz Eri\u015fim<\/h3>\n<p>\"\u00dccretsiz\" reklam\u0131 yapan ancak temel \u00f6zellikleri \u00f6deme duvarlar\u0131n\u0131n arkas\u0131nda engelleyen platformlardan ka\u00e7\u0131n\u0131n.<\/p>\n<h3>2. Kay\u0131t Gerekmiyor<\/h3>\n<p>Anonim kal\u0131n - kay\u0131t gerekmemelidir.<\/p>\n<h3>3. Cinsiyet ve Konum Filtreleri<\/h3>\n<p>Sohbet etmek istedi\u011finiz ki\u015fi tipini bulmak i\u00e7in faydal\u0131d\u0131r.<\/p>\n<h3>4. \u00d6zel ve G\u00fcvenli<\/h3>\n<p>Platformun moderasyon ve engelleme\/raporlama ara\u00e7lar\u0131 sundu\u011fundan emin olun.<\/p>\n<h3>5. Mobil Uyumlu Tasar\u0131m<\/h3>\n<p>Hizmet masa\u00fcst\u00fc bilgisayarlar\u0131n yan\u0131 s\u0131ra telefonlarda da \u00e7al\u0131\u015fmal\u0131d\u0131r.<\/p>\n<h3>6. Y\u00fcksek Kaliteli Video ve Ses<\/h3>\n<p>Net ba\u011flant\u0131lar konu\u015fmalar\u0131 daha ak\u0131c\u0131 ve keyifli hale getirir.<\/p>\n<h2>2025'in En \u0130yi Bire Bir Kamera Platformlar\u0131<\/h2>\n<p>\u0130\u015fte en iyi platformlar\u0131n \u00f6zel bire bir kameral\u0131 sohbet i\u00e7in nas\u0131l kar\u015f\u0131la\u015ft\u0131r\u0131ld\u0131\u011f\u0131:<\/p>\n<table>\n<thead>\n<tr>\n<th>Platform<\/th>\n<th align=\"center\">\u00dccretsiz Eri\u015fim<\/th>\n<th align=\"center\">Cinsiyet Filtresi<\/th>\n<th align=\"center\">Kay\u0131t Gerekli<\/th>\n<th align=\"center\">Mobil Destek<\/th>\n<th align=\"center\">Moderasyon<\/th>\n<th>Notlar<\/th>\n<\/tr>\n<\/thead>\n<tbody>\n<tr>\n<td>StrangerCam<\/td>\n<td align=\"center\">\u2705<\/td>\n<td align=\"center\">\u2705 (\u00dccretsiz)<\/td>\n<td align=\"center\">\u274c<\/td>\n<td align=\"center\">\u2705<\/td>\n<td align=\"center\">\u2705<\/td>\n<td>\u00c7ok y\u00f6nl\u00fc en iyi se\u00e7im, \u00f6zel bire bir kamera<\/td>\n<\/tr>\n<tr>\n<td><a href=\"https:\/\/strangercam.com\/tr\/chatroulette\/\">Chatroulette<\/a><\/td>\n<td align=\"center\">\u2705<\/td>\n<td align=\"center\">\u274c (\u00dccretli)<\/td>\n<td align=\"center\">\u274c<\/td>\n<td align=\"center\">\u2705<\/td>\n<td align=\"center\">\u2705<\/td>\n<td>Klasik, ancak cinsiyet filtreleri kilitli<\/td>\n<\/tr>\n<tr>\n<td>Chatrandom<\/td>\n<td align=\"center\">\u2705<\/td>\n<td align=\"center\">\u274c (\u00dccretli)<\/td>\n<td align=\"center\">\u274c<\/td>\n<td align=\"center\">\u2705<\/td>\n<td align=\"center\">\u2705<\/td>\n<td>Pop\u00fcler, ancak y\u00fckseltmeler zorland\u0131<\/td>\n<\/tr>\n<tr>\n<td><a href=\"https:\/\/strangercam.com\/tr\/ometv\/\">OmeTV<\/a><\/td>\n<td align=\"center\">\u2705<\/td>\n<td align=\"center\">\u274c<\/td>\n<td align=\"center\">\u274c<\/td>\n<td align=\"center\">\u2705<\/td>\n<td align=\"center\">\u2705<\/td>\n<td>Sadece rastgele, mobil uygulama<\/td>\n<\/tr>\n<tr>\n<td>Shagle<\/td>\n<td align=\"center\">\u2705<\/td>\n<td align=\"center\">\u274c (\u00dccretli)<\/td>\n<td align=\"center\">\u274c<\/td>\n<td align=\"center\">\u2705<\/td>\n<td align=\"center\">\u2705<\/td>\n<td>\u00dccretsiz temel kullan\u0131m, premium y\u00fckseltmeler<\/td>\n<\/tr>\n<tr>\n<td><a href=\"https:\/\/strangercam.com\/tr\/coomeet\/\">CooMeet<\/a><\/td>\n<td align=\"center\">\u274c (Deneme)<\/td>\n<td align=\"center\">\u2705<\/td>\n<td align=\"center\">\u2705<\/td>\n<td align=\"center\">\u2705<\/td>\n<td align=\"center\">\u2705<\/td>\n<td>Duru\u015fmadan sonra \u00f6dendi, k\u0131z sohbetlerine odaklan\u0131yor<\/td>\n<\/tr>\n<tr>\n<td>LuckyCrush<\/td>\n<td align=\"center\">\u274c<\/td>\n<td align=\"center\">\u2705<\/td>\n<td align=\"center\">\u2705<\/td>\n<td align=\"center\">\u2705<\/td>\n<td align=\"center\">\u2705<\/td>\n<td>Her zaman \u00fccretli, cinsiyete dayal\u0131 e\u015fle\u015ftirme<\/td>\n<\/tr>\n<\/tbody>\n<\/table>\n<p>StrangerCam, \u00e7al\u0131\u015fan bir cinsiyet filtresi ve kay\u0131t olmadan \u00fccretsiz bire bir kameral\u0131 sohbet sunan tek platformlardan biri olarak \u00f6ne \u00e7\u0131k\u0131yor.<\/p>\n<h2>StrangerCam Neden En \u0130yi Se\u00e7imdir?<\/h2>\n<p>\u0130\u015fte StrangerCam'in 2025'te bire bir kamera i\u00e7in en iyi se\u00e7im olmas\u0131n\u0131n nedeni:<\/p>\n<h3>1. Tamamen \u00dccretsiz ve S\u0131n\u0131rs\u0131z<\/h3>\n<p>Gizli maliyetler, krediler veya deneme limitleri yok.<\/p>\n<h3>2. \u00d6zel Bire Bir Kamera Seanslar\u0131<\/h3>\n<p>Grup dikkati da\u011f\u0131lmadan odaklanm\u0131\u015f, ki\u015fisel video g\u00f6r\u00fc\u015fmeleri.<\/p>\n<h3>3. \u00dccretsiz Cinsiyet Filtresi<\/h3>\n<p>\u00d6deme yapmadan kiminle g\u00f6r\u00fc\u015fmek istedi\u011finizi se\u00e7in.<\/p>\n<h3>4. Kay\u0131t Gerektirmez<\/h3>\n<p>Anonim kal\u0131n ve an\u0131nda ba\u011flan\u0131n.<\/p>\n<h3>5. G\u00fcvenli ve Moderat\u00f6rl\u00fc<\/h3>\n<p>Sa\u011flam raporlama ve moderasyon, onu di\u011ferlerinden daha g\u00fcvenli k\u0131lmaktad\u0131r.<\/p>\n<h3>6. T\u00fcm Cihazlarda \u00c7al\u0131\u015f\u0131r<\/h3>\n<p>Masa\u00fcst\u00fc, tablet ve mobil cihazlar i\u00e7in optimize edilmi\u015ftir.<\/p>\n<h2>Ger\u00e7ek Kullan\u0131c\u0131 G\u00f6r\u00fc\u015fleri<\/h2>\n<blockquote><p><em>\"Grup sohbetlerinden b\u0131km\u0131\u015ft\u0131m ve daha \u00f6zel bir \u015fey istiyordum. StrangerCam'in bire bir kameras\u0131 m\u00fckemmel - sadece ben ve konu\u015ftu\u011fum ki\u015fi.\"<\/em><br \/>\n- Daniel, 28 ya\u015f\u0131nda.<\/p><\/blockquote>\n<blockquote><p><em>\"Cinsiyet filtresi \u00fccretsiz \u00e7al\u0131\u015f\u0131yor, bu da onu denedi\u011fim di\u011fer platformlardan \u00e7ok daha iyi yap\u0131yor.\"<\/em><br \/>\n- Sophia, 21 ya\u015f\u0131nda.<\/p><\/blockquote>\n<blockquote><p><em>\"Bire bir kamera arac\u0131l\u0131\u011f\u0131yla d\u00fcnyan\u0131n d\u00f6rt bir yan\u0131ndan arkada\u015flar edindim. Grup sohbet odalar\u0131ndan daha ki\u015fisel hissettiriyor.\"<\/em><br \/>\n- Ryan, 30 ya\u015f\u0131nda.<\/p><\/blockquote>\n<blockquote><p><em>\"Basit, h\u0131zl\u0131 ve g\u00fcvenli. \u00dccretsiz bire bir kameral\u0131 sohbette tam olarak istedi\u011fim \u015fey.\"<\/em><br \/>\n- Mia, 19 ya\u015f\u0131nda.<\/p><\/blockquote>\n<h2>Bire Bir Kamera i\u00e7in G\u00fcvenlik \u0130pu\u00e7lar\u0131<\/h2>\n<p>Bire bir kameral\u0131 sohbetler e\u011flenceli olsa da, bu g\u00fcvenlik ipu\u00e7lar\u0131n\u0131 akl\u0131n\u0131zda bulundurun:<\/p>\n<ul>\n<li>Ki\u015fisel bilgilerinizi (telefon numaras\u0131, adres, e-posta) payla\u015fmay\u0131n.<\/li>\n<li>Sizi rahats\u0131z eden ki\u015fileri atlay\u0131n veya engelleyin.<\/li>\n<li>Yabanc\u0131lar taraf\u0131ndan payla\u015f\u0131lan ba\u011flant\u0131lara t\u0131klamaktan ka\u00e7\u0131n\u0131n.<\/li>\n<li>Gizlili\u011finizi korumak i\u00e7in ge\u00e7mi\u015finizi kontrol edin.<\/li>\n<li>Raporlama ve engelleme gibi platform ara\u00e7lar\u0131n\u0131 kullan\u0131n.<\/li>\n<li>Ya\u015f s\u0131n\u0131rlar\u0131na sayg\u0131 g\u00f6sterin - 18 ya\u015f\u0131n alt\u0131ndaysan\u0131z, yeti\u015fkinlere y\u00f6nelik kameral\u0131 sohbet sitelerini kullanmay\u0131n.<\/li>\n<\/ul>\n<h2>Nas\u0131l Ba\u015flan\u0131r - Ad\u0131m Ad\u0131m<\/h2>\n<p>Bire bir kameral\u0131 sohbete ba\u015flamak bir dakikadan az s\u00fcrer:<\/p>\n<ol>\n<li>Cihaz\u0131n\u0131zda StrangerCam'i a\u00e7\u0131n.<\/li>\n<li>Kameran\u0131za ve mikrofonunuza eri\u015fime izin verin.<\/li>\n<li>Tercihlerinizi se\u00e7in (cinsiyet filtresi gibi).<\/li>\n<li>An\u0131nda ba\u011flanmak i\u00e7in Sohbeti Ba\u015flat'a t\u0131klay\u0131n.<\/li>\n<li>\u00d6zel bire bir kameral\u0131 sohbetinizin keyfini \u00e7\u0131kar\u0131n.<\/li>\n<\/ol>\n<p>H\u0131zl\u0131, kolay ve \u00fccretsiz.<\/p>\n<p>2025 y\u0131l\u0131nda, bire bir kamera \u00e7evrimi\u00e7i ba\u011flant\u0131 kurman\u0131n en iyi yollar\u0131ndan biri olmaya devam ediyor. Ki\u015fisel, spontane ve otantiktir - size d\u00fcnya \u00e7ap\u0131nda yabanc\u0131larla ger\u00e7ek sohbetler sunar.<\/p>\n<p>Ancak her platform zaman ay\u0131rmaya de\u011fmez. Bir\u00e7o\u011fu \u00f6zellikleri \u00f6deme duvarlar\u0131n\u0131n arkas\u0131na gizler veya sitelerini botlarla doldurur. Bu y\u00fczden StrangerCam en iyi se\u00e7enektir: \u00fccretsiz, \u00f6zel, g\u00fcvenli ve her zaman sohbet etmeye haz\u0131r insanlarla aktiftir.<\/p>\n<p>Denemeye haz\u0131r m\u0131s\u0131n\u0131z? Bug\u00fcn \u00fccretsiz bire bir kameral\u0131 sohbet ba\u015flat\u0131n ve s\u0131rada kiminle tan\u0131\u015faca\u011f\u0131n\u0131z\u0131 g\u00f6r\u00fcn.<\/p>","protected":false},"excerpt":{"rendered":"<p>Are you searching for the best one on one cam experience? You\u2019re not alone. Millions of people around the world prefer private, face-to-face chats instead of noisy group rooms or crowded social networks. With one on one cam, you get direct, personal conversations with strangers or new friends\u2014just you and one other person on video, [&hellip;]<\/p>\n","protected":false},"author":8,"featured_media":0,"parent":0,"menu_order":0,"comment_status":"closed","ping_status":"closed","template":"","meta":{"footnotes":""},"class_list":["post-4107","page","type-page","status-publish","hentry"],"yoast_head":"<!-- This site is optimized with the Yoast SEO plugin v27.4 - https:\/\/yoast.com\/product\/yoast-seo-wordpress\/ -->\n<title>One On One Cam with Video Chat on Strangercam.com<\/title>\n<meta name=\"description\" content=\"Liking One On One Cam? Join millions on StrangerCam.com! Start a random video chat, turn on your cam, and meet strangers instantly.\" \/>\n<meta name=\"robots\" content=\"index, follow, max-snippet:-1, max-image-preview:large, max-video-preview:-1\" \/>\n<link rel=\"canonical\" href=\"https:\/\/strangercam.com\/tr\/teke-tek-kamera\/\" \/>\n<meta property=\"og:locale\" content=\"tr_TR\" \/>\n<meta property=\"og:type\" content=\"article\" \/>\n<meta property=\"og:title\" content=\"One On One Cam with Video Chat on Strangercam.com\" \/>\n<meta property=\"og:description\" content=\"Liking One On One Cam? Join millions on StrangerCam.com! Start a random video chat, turn on your cam, and meet strangers instantly.\" \/>\n<meta property=\"og:url\" content=\"https:\/\/strangercam.com\/tr\/teke-tek-kamera\/\" \/>\n<meta property=\"og:site_name\" content=\"Strangercam\" \/>\n<meta property=\"article:publisher\" content=\"https:\/\/www.facebook.com\/strangercam\" \/>\n<meta property=\"article:modified_time\" content=\"2025-09-08T08:03:26+00:00\" \/>\n<meta property=\"og:image\" content=\"https:\/\/strangercam.com\/wp-content\/uploads\/2021\/10\/Untitled-2.png\" \/>\n\t<meta property=\"og:image:width\" content=\"800\" \/>\n\t<meta property=\"og:image:height\" content=\"532\" \/>\n\t<meta property=\"og:image:type\" content=\"image\/png\" \/>\n<meta name=\"twitter:card\" content=\"summary_large_image\" \/>\n<meta name=\"twitter:site\" content=\"@strangercamapp\" \/>\n<meta name=\"twitter:label1\" content=\"Tahmini okuma s\u00fcresi\" \/>\n\t<meta name=\"twitter:data1\" content=\"5 dakika\" \/>\n<script type=\"application\/ld+json\" class=\"yoast-schema-graph\">{\"@context\":\"https:\\\/\\\/schema.org\",\"@graph\":[{\"@type\":\"WebPage\",\"@id\":\"https:\\\/\\\/strangercam.com\\\/one-on-one-cam\\\/\",\"url\":\"https:\\\/\\\/strangercam.com\\\/one-on-one-cam\\\/\",\"name\":\"One On One Cam with Video Chat on Strangercam.com\",\"isPartOf\":{\"@id\":\"https:\\\/\\\/strangercam.com\\\/#website\"},\"datePublished\":\"2025-09-08T06:58:53+00:00\",\"dateModified\":\"2025-09-08T08:03:26+00:00\",\"description\":\"Liking One On One Cam? Join millions on StrangerCam.com! Start a random video chat, turn on your cam, and meet strangers instantly.\",\"breadcrumb\":{\"@id\":\"https:\\\/\\\/strangercam.com\\\/one-on-one-cam\\\/#breadcrumb\"},\"inLanguage\":\"tr\",\"potentialAction\":[{\"@type\":\"ReadAction\",\"target\":[\"https:\\\/\\\/strangercam.com\\\/one-on-one-cam\\\/\"]}]},{\"@type\":\"BreadcrumbList\",\"@id\":\"https:\\\/\\\/strangercam.com\\\/one-on-one-cam\\\/#breadcrumb\",\"itemListElement\":[{\"@type\":\"ListItem\",\"position\":1,\"name\":\"Home\",\"item\":\"https:\\\/\\\/strangercam.com\\\/\"},{\"@type\":\"ListItem\",\"position\":2,\"name\":\"One On One Cam\"}]},{\"@type\":\"WebSite\",\"@id\":\"https:\\\/\\\/strangercam.com\\\/#website\",\"url\":\"https:\\\/\\\/strangercam.com\\\/\",\"name\":\"Strangercam\",\"description\":\"Random Video Chat with Strangers\",\"publisher\":{\"@id\":\"https:\\\/\\\/strangercam.com\\\/#organization\"},\"alternateName\":\"Strangercam.com\",\"potentialAction\":[{\"@type\":\"SearchAction\",\"target\":{\"@type\":\"EntryPoint\",\"urlTemplate\":\"https:\\\/\\\/strangercam.com\\\/?s={search_term_string}\"},\"query-input\":{\"@type\":\"PropertyValueSpecification\",\"valueRequired\":true,\"valueName\":\"search_term_string\"}}],\"inLanguage\":\"tr\"},{\"@type\":\"Organization\",\"@id\":\"https:\\\/\\\/strangercam.com\\\/#organization\",\"name\":\"Strangercam\",\"alternateName\":\"Strangercam.com\",\"url\":\"https:\\\/\\\/strangercam.com\\\/\",\"logo\":{\"@type\":\"ImageObject\",\"inLanguage\":\"tr\",\"@id\":\"https:\\\/\\\/strangercam.com\\\/#\\\/schema\\\/logo\\\/image\\\/\",\"url\":\"https:\\\/\\\/strangercam.com\\\/wp-content\\\/uploads\\\/2020\\\/11\\\/cropped-new-favicon-black.png\",\"contentUrl\":\"https:\\\/\\\/strangercam.com\\\/wp-content\\\/uploads\\\/2020\\\/11\\\/cropped-new-favicon-black.png\",\"width\":512,\"height\":512,\"caption\":\"Strangercam\"},\"image\":{\"@id\":\"https:\\\/\\\/strangercam.com\\\/#\\\/schema\\\/logo\\\/image\\\/\"},\"sameAs\":[\"https:\\\/\\\/www.facebook.com\\\/strangercam\",\"https:\\\/\\\/x.com\\\/strangercamapp\"]}]}<\/script>\n<!-- \/ Yoast SEO plugin. -->","yoast_head_json":{"title":"Strangercam.com'da G\u00f6r\u00fcnt\u00fcl\u00fc Sohbet ile Bire Bir Kamera","description":"Bire Bir Kameradan Ho\u015flan\u0131yor musunuz? StrangerCam.com'da Join milyonlarca! Rastgele bir g\u00f6r\u00fcnt\u00fcl\u00fc sohbet ba\u015flat\u0131n, kameran\u0131z\u0131 a\u00e7\u0131n ve yabanc\u0131larla an\u0131nda tan\u0131\u015f\u0131n.","robots":{"index":"index","follow":"follow","max-snippet":"max-snippet:-1","max-image-preview":"max-image-preview:large","max-video-preview":"max-video-preview:-1"},"canonical":"https:\/\/strangercam.com\/tr\/teke-tek-kamera\/","og_locale":"tr_TR","og_type":"article","og_title":"One On One Cam with Video Chat on Strangercam.com","og_description":"Liking One On One Cam? Join millions on StrangerCam.com! Start a random video chat, turn on your cam, and meet strangers instantly.","og_url":"https:\/\/strangercam.com\/tr\/teke-tek-kamera\/","og_site_name":"Strangercam","article_publisher":"https:\/\/www.facebook.com\/strangercam","article_modified_time":"2025-09-08T08:03:26+00:00","og_image":[{"width":800,"height":532,"url":"https:\/\/strangercam.com\/wp-content\/uploads\/2021\/10\/Untitled-2.png","type":"image\/png"}],"twitter_card":"summary_large_image","twitter_site":"@strangercamapp","twitter_misc":{"Tahmini okuma s\u00fcresi":"5 dakika"},"schema":{"@context":"https:\/\/schema.org","@graph":[{"@type":"WebPage","@id":"https:\/\/strangercam.com\/one-on-one-cam\/","url":"https:\/\/strangercam.com\/one-on-one-cam\/","name":"Strangercam.com'da G\u00f6r\u00fcnt\u00fcl\u00fc Sohbet ile Bire Bir Kamera","isPartOf":{"@id":"https:\/\/strangercam.com\/#website"},"datePublished":"2025-09-08T06:58:53+00:00","dateModified":"2025-09-08T08:03:26+00:00","description":"Bire Bir Kameradan Ho\u015flan\u0131yor musunuz? StrangerCam.com'da Join milyonlarca! Rastgele bir g\u00f6r\u00fcnt\u00fcl\u00fc sohbet ba\u015flat\u0131n, kameran\u0131z\u0131 a\u00e7\u0131n ve yabanc\u0131larla an\u0131nda tan\u0131\u015f\u0131n.","breadcrumb":{"@id":"https:\/\/strangercam.com\/one-on-one-cam\/#breadcrumb"},"inLanguage":"tr","potentialAction":[{"@type":"ReadAction","target":["https:\/\/strangercam.com\/one-on-one-cam\/"]}]},{"@type":"BreadcrumbList","@id":"https:\/\/strangercam.com\/one-on-one-cam\/#breadcrumb","itemListElement":[{"@type":"ListItem","position":1,"name":"Home","item":"https:\/\/strangercam.com\/"},{"@type":"ListItem","position":2,"name":"One On One Cam"}]},{"@type":"WebSite","@id":"https:\/\/strangercam.com\/#website","url":"https:\/\/strangercam.com\/","name":"Strangercam","description":"Yabanc\u0131larla Rastgele G\u00f6r\u00fcnt\u00fcl\u00fc Sohbet","publisher":{"@id":"https:\/\/strangercam.com\/#organization"},"alternateName":"Strangercam.com","potentialAction":[{"@type":"SearchAction","target":{"@type":"EntryPoint","urlTemplate":"https:\/\/strangercam.com\/?s={search_term_string}"},"query-input":{"@type":"PropertyValueSpecification","valueRequired":true,"valueName":"search_term_string"}}],"inLanguage":"tr"},{"@type":"Organization","@id":"https:\/\/strangercam.com\/#organization","name":"Strangercam","alternateName":"Strangercam.com","url":"https:\/\/strangercam.com\/","logo":{"@type":"ImageObject","inLanguage":"tr","@id":"https:\/\/strangercam.com\/#\/schema\/logo\/image\/","url":"https:\/\/strangercam.com\/wp-content\/uploads\/2020\/11\/cropped-new-favicon-black.png","contentUrl":"https:\/\/strangercam.com\/wp-content\/uploads\/2020\/11\/cropped-new-favicon-black.png","width":512,"height":512,"caption":"Strangercam"},"image":{"@id":"https:\/\/strangercam.com\/#\/schema\/logo\/image\/"},"sameAs":["https:\/\/www.facebook.com\/strangercam","https:\/\/x.com\/strangercamapp"]}]}},"_links":{"self":[{"href":"https:\/\/strangercam.com\/tr\/wp-json\/wp\/v2\/pages\/4107","targetHints":{"allow":["GET"]}}],"collection":[{"href":"https:\/\/strangercam.com\/tr\/wp-json\/wp\/v2\/pages"}],"about":[{"href":"https:\/\/strangercam.com\/tr\/wp-json\/wp\/v2\/types\/page"}],"author":[{"embeddable":true,"href":"https:\/\/strangercam.com\/tr\/wp-json\/wp\/v2\/users\/8"}],"replies":[{"embeddable":true,"href":"https:\/\/strangercam.com\/tr\/wp-json\/wp\/v2\/comments?post=4107"}],"version-history":[{"count":2,"href":"https:\/\/strangercam.com\/tr\/wp-json\/wp\/v2\/pages\/4107\/revisions"}],"predecessor-version":[{"id":13012,"href":"https:\/\/strangercam.com\/tr\/wp-json\/wp\/v2\/pages\/4107\/revisions\/13012"}],"wp:attachment":[{"href":"https:\/\/strangercam.com\/tr\/wp-json\/wp\/v2\/media?parent=4107"}],"curies":[{"name":"wp","href":"https:\/\/api.w.org\/{rel}","templated":true}]}}