{"id":4090,"date":"2025-09-08T07:55:19","date_gmt":"2025-09-08T05:55:19","guid":{"rendered":"https:\/\/strangercam.com\/?page_id=4090"},"modified":"2025-09-08T10:00:45","modified_gmt":"2025-09-08T08:00:45","slug":"omegle-kiz-sohbet","status":"publish","type":"page","link":"https:\/\/strangercam.com\/tr\/omegle-girl-chat\/","title":{"rendered":"Omegle K\u0131z Sohbet"},"content":{"rendered":"<p>Arad\u0131\u011f\u0131n\u0131z \u015fey <a href=\"https:\/\/strangercam.com\/tr\/omegle\/\">Omegle<\/a> K\u0131z <a href=\"https:\/\/strangercam.com\/tr\/chathub\/\">sohbet<\/a>? Yaln\u0131z de\u011filsiniz. Omegle y\u0131llarca rastgele g\u00f6r\u00fcnt\u00fcl\u00fc sohbetler i\u00e7in, \u00f6zellikle de \u00e7evrimi\u00e7i k\u0131zlarla tan\u0131\u015fmak ve sohbet etmek isteyen insanlar i\u00e7in gidilecek yerdi. Ancak Omegle 2023'te kapand\u0131\u011f\u0131ndan beri, milyonlarca kullan\u0131c\u0131 ayn\u0131 spontane ba\u011flant\u0131 heyecan\u0131n\u0131 sunan alternatifler ar\u0131yor - daha g\u00fcvenli, daha modern ve ger\u00e7ekten \u00fccretsiz olman\u0131n ek bonusuyla.<\/p>\n<p>2025 y\u0131l\u0131nda, StrangerCam gibi platformlar \u00fccretsiz k\u0131z sohbetlerinin keyfini an\u0131nda \u00e7\u0131karmay\u0131 m\u00fcmk\u00fcn k\u0131l\u0131yor - kay\u0131t yok, indirme yok ve gizli \u00fccret yok. \u0130ster e\u011flence, ister g\u00fcndelik fl\u00f6rt, ister yeni arkada\u015flar edinmek veya sadece zaman ge\u00e7irmek istiyor olun, Omegle tarz\u0131 k\u0131z sohbeti, ba\u011flant\u0131 kurman\u0131n en heyecan verici yollar\u0131ndan biri olmaya devam ediyor.<\/p>\n<p>Bu k\u0131lavuz bilmeniz gereken her \u015feyi kapsayacakt\u0131r: Omegle k\u0131z sohbetinin ne oldu\u011fu, neden bu kadar pop\u00fcler oldu\u011fu, modern platformlar\u0131n onun yerini nas\u0131l ald\u0131\u011f\u0131, hangi \u00f6zelliklerin aranaca\u011f\u0131, en iyi alternatiflerin kar\u015f\u0131la\u015ft\u0131rmalar\u0131, g\u00fcvenlik ipu\u00e7lar\u0131 ve StrangerCam'in neden bug\u00fcn en iyi se\u00e7eneklerden biri oldu\u011fu.<\/p>\n<h2>Omegle K\u0131z Sohbeti Neydi?<\/h2>\n<p>Omegle k\u0131z sohbeti, Omegle'nin kullan\u0131c\u0131lar\u0131n \u00f6zellikle k\u0131zlarla \u00e7evrimi\u00e7i ba\u011flant\u0131 kurmay\u0131 deneyebilecekleri rastgele g\u00f6r\u00fcnt\u00fcl\u00fc sohbet \u00f6zelli\u011fine at\u0131fta bulundu. Omegle'nin kendisi ger\u00e7ek bir cinsiyet filtresi sunmuyordu, bu da bir\u00e7ok kullan\u0131c\u0131y\u0131 hayal k\u0131r\u0131kl\u0131\u011f\u0131na u\u011fratt\u0131. Bir\u00e7ok \u00fc\u00e7\u00fcnc\u00fc taraf \"Omegle k\u0131z\" aramas\u0131 veya hack'i genellikle g\u00fcvenilmez veya g\u00fcvensiz deneyimlere yol a\u00e7t\u0131.<\/p>\n<p>Omegle kapand\u0131\u011f\u0131ndan beri, g\u00fcvenli ve ger\u00e7ek bir k\u0131z sohbet deneyimine olan talep sadece artt\u0131. StrangerCam gibi platformlar\u0131n devreye girdi\u011fi yer buras\u0131d\u0131r - ger\u00e7ek, \u00fccretsiz cinsiyet filtreleri ve Omegle'nin yapt\u0131\u011f\u0131ndan daha iyi g\u00fcvenlik \u00f6zellikleri sunar.<\/p>\n<h2>\u0130nsanlar Neden Omegle K\u0131z Sohbet Ar\u0131yor?<\/h2>\n<p>\"Omegle k\u0131z sohbeti\" terimi birka\u00e7 nedenden dolay\u0131 pop\u00fcler hale geldi:<\/p>\n<ul>\n<li>Kad\u0131n Ba\u011flant\u0131lar\u0131 i\u00e7in Arzu: Bir\u00e7ok kullan\u0131c\u0131 \u00f6zellikle k\u0131zlarla sohbet etmek istedi.<\/li>\n<li>Fl\u00f6rt ve G\u00fcndelik E\u011flence: Omegle spontane, g\u00f6n\u00fcls\u00fcz ba\u011flant\u0131lar\u0131yla tan\u0131nd\u0131.<\/li>\n<li>Merak ve E\u011flence: D\u00fcnyan\u0131n d\u00f6rt bir yan\u0131ndan yeni k\u0131zlarla tan\u0131\u015fmak e\u011flenceli ve tahmin edilemezdi.<\/li>\n<li>Botlardan ve Sahtelerden Ka\u00e7\u0131nma: Kullan\u0131c\u0131lar ger\u00e7ek ki\u015filerle konu\u015ftuklar\u0131n\u0131 teyit etmek i\u00e7in g\u00f6r\u00fcnt\u00fcl\u00fc sohbeti tercih etti.<\/li>\n<li>Yaln\u0131zl\u0131k: Bir\u00e7oklar\u0131 i\u00e7in Omegle can s\u0131k\u0131nt\u0131s\u0131 bo\u015flu\u011funu doldurdu ve an\u0131nda sosyal etkile\u015fim sa\u011flad\u0131.<\/li>\n<\/ul>\n<h2>Omegle K\u0131z Sohbeti Nas\u0131l \u00c7al\u0131\u015ft\u0131 (ve S\u0131n\u0131rlamalar\u0131)<\/h2>\n<p>Omegle'nin kurulumu basitti:<\/p>\n<ol>\n<li>Siteyi a\u00e7\u0131n.<\/li>\n<li>Web kameran\u0131za ve mikrofonunuza eri\u015fime izin verin.<\/li>\n<li>\"Ba\u015flat \"a t\u0131klay\u0131n ve rastgele bir ki\u015fiyle ba\u011flant\u0131 kurun.<\/li>\n<li>Devam etmek i\u00e7in \"\u0130leri \"ye bas\u0131n.<\/li>\n<\/ol>\n<p>Sorun ne mi? Omegle \u00e7al\u0131\u015fan bir cinsiyet filtresi sunmuyordu. \"Omegle k\u0131z sohbeti\" arayan bir\u00e7ok ki\u015fi rastgele e\u015fle\u015ftirildikleri i\u00e7in hayal k\u0131r\u0131kl\u0131\u011f\u0131na u\u011frad\u0131. Daha da k\u00f6t\u00fcs\u00fc, moderasyon eksikli\u011fi genellikle g\u00fcvensiz veya rahats\u0131z edici deneyimlere yol a\u00e7t\u0131.<\/p>\n<h2>Omegle K\u0131z Chat Alternative'lerin Y\u00fckseli\u015fi<\/h2>\n<p>Omegle kapand\u0131\u011f\u0131ndan beri daha iyi platformlar ortaya \u00e7\u0131kt\u0131. Bu yeni siteler, klasik rastgele sohbet format\u0131n\u0131 sunarak geli\u015ftiriyor:<\/p>\n<ul>\n<li>Ger\u00e7ek Cinsiyet Filtreleri (\u00dccretsiz veya \u00dccretli).<\/li>\n<li>Aktif Moderasyon ile Daha G\u00fcvenli Ortamlar.<\/li>\n<li>Daha \u0130yi Mobil Destek.<\/li>\n<li>Daha Y\u00fcksek Kaliteli Video ve Ses.<\/li>\n<li>Hile Olmadan Ger\u00e7ekten \u00dccretsiz Eri\u015fim.<\/li>\n<\/ul>\n<h2>2025'te Omegle K\u0131zlarla Sohbet i\u00e7in En \u0130yi Platformlar<\/h2>\n<p>\u0130\u015fte g\u00fcn\u00fcm\u00fcz\u00fcn en iyi alternatiflerinin kar\u015f\u0131la\u015ft\u0131rmas\u0131:<\/p>\n<table>\n<thead>\n<tr>\n<th>Platform<\/th>\n<th align=\"center\">\u00dccretsiz Eri\u015fim<\/th>\n<th align=\"center\">Cinsiyet Filtresi<\/th>\n<th align=\"center\">Kay\u0131t Gerekli<\/th>\n<th align=\"center\">Mobil Destek<\/th>\n<th align=\"center\">Moderasyon<\/th>\n<th>Notlar<\/th>\n<\/tr>\n<\/thead>\n<tbody>\n<tr>\n<td>StrangerCam<\/td>\n<td align=\"center\">\u2705<\/td>\n<td align=\"center\">\u2705 (\u00dccretsiz)<\/td>\n<td align=\"center\">\u274c<\/td>\n<td align=\"center\">\u2705<\/td>\n<td align=\"center\">\u2705<\/td>\n<td>En iyi Omegle k\u0131z sohbet de\u011fi\u015ftirme<\/td>\n<\/tr>\n<tr>\n<td><a href=\"https:\/\/strangercam.com\/tr\/chatroulette\/\">Chatroulette<\/a><\/td>\n<td align=\"center\">\u2705<\/td>\n<td align=\"center\">\u274c (\u00dccretli)<\/td>\n<td align=\"center\">\u274c<\/td>\n<td align=\"center\">\u2705<\/td>\n<td align=\"center\">\u2705<\/td>\n<td>Klasik se\u00e7enek, ancak \u00fccretsiz filtre yok<\/td>\n<\/tr>\n<tr>\n<td>Chatrandom<\/td>\n<td align=\"center\">\u2705<\/td>\n<td align=\"center\">\u274c (\u00dccretli)<\/td>\n<td align=\"center\">\u274c<\/td>\n<td align=\"center\">\u2705<\/td>\n<td align=\"center\">\u2705<\/td>\n<td>Pop\u00fcler, ancak premium filtreler<\/td>\n<\/tr>\n<tr>\n<td>Shagle<\/td>\n<td align=\"center\">\u2705<\/td>\n<td align=\"center\">\u274c (\u00dccretli)<\/td>\n<td align=\"center\">\u274c<\/td>\n<td align=\"center\">\u2705<\/td>\n<td align=\"center\">\u2705<\/td>\n<td>Filtreler i\u00e7in y\u00fckseltmeleri zorlar<\/td>\n<\/tr>\n<tr>\n<td><a href=\"https:\/\/strangercam.com\/tr\/coomeet\/\">CooMeet<\/a><\/td>\n<td align=\"center\">\u274c (Deneme)<\/td>\n<td align=\"center\">\u2705<\/td>\n<td align=\"center\">\u2705<\/td>\n<td align=\"center\">\u2705<\/td>\n<td align=\"center\">\u2705<\/td>\n<td>K\u0131zlarla sohbet etmeye odaklanan \u00fccretli platform<\/td>\n<\/tr>\n<tr>\n<td>LuckyCrush<\/td>\n<td align=\"center\">\u274c<\/td>\n<td align=\"center\">\u2705<\/td>\n<td align=\"center\">\u2705<\/td>\n<td align=\"center\">\u2705<\/td>\n<td align=\"center\">\u2705<\/td>\n<td>Her zaman \u00f6deme yap\u0131l\u0131r, erkekleri k\u0131zlara ba\u011flar<\/td>\n<\/tr>\n<\/tbody>\n<\/table>\n<p>StrangerCam, \u00e7al\u0131\u015fan bir cinsiyet filtresi ve kay\u0131t olmadan \u00fccretsiz Omegle tarz\u0131 k\u0131z sohbeti sunan tek platformlardan biri olarak \u00f6ne \u00e7\u0131k\u0131yor.<\/p>\n<h2>StrangerCam Neden En \u0130yisidir Omegle K\u0131z Chat Alternative<\/h2>\n<p>\u0130\u015fte StrangerCam'in 2025'te Omegle k\u0131z sohbeti arayanlar i\u00e7in en iyi se\u00e7im olmas\u0131n\u0131n nedeni:<\/p>\n<h3>1. Tamamen \u00dccretsiz ve S\u0131n\u0131rs\u0131z<\/h3>\n<p>\u00d6deme duvarlar\u0131, denemeler veya krediler yok - sadece \u00fccretsiz sohbetler.<\/p>\n<h3>2. \u00dccretsiz Cinsiyet Filtresi<\/h3>\n<p>Ekstra \u00f6deme yapmadan an\u0131nda k\u0131zlarla tan\u0131\u015f\u0131n.<\/p>\n<h3>3. Kay\u0131t Gerektirmez<\/h3>\n<p>Anonim kal\u0131n ve saniyeler i\u00e7inde sohbete ba\u015flay\u0131n.<\/p>\n<h3>4. G\u00fcvenli ve Moderat\u00f6rl\u00fc<\/h3>\n<p>Aktif moderasyon, Omegle'nin hi\u00e7 olmad\u0131\u011f\u0131 kadar g\u00fcvenli olmas\u0131n\u0131 sa\u011flar.<\/p>\n<h3>5. K\u00fcresel Kullan\u0131c\u0131 Taban\u0131<\/h3>\n<p>D\u00fcnyan\u0131n her yerinden k\u0131zlarla tan\u0131\u015f\u0131n, 7\/24.<\/p>\n<h3>6. T\u00fcm Cihazlar i\u00e7in Optimize Edildi<\/h3>\n<p>Hem masa\u00fcst\u00fc hem de mobil cihazlarda sorunsuz \u00e7al\u0131\u015f\u0131r.<\/p>\n<h2>Ger\u00e7ek Kullan\u0131c\u0131 G\u00f6r\u00fc\u015fleri<\/h2>\n<blockquote><p><em>\"Omegle k\u0131z sohbet alternatifleri ar\u0131yordum ve \u00e7o\u011fu site benden \u00fccret almaya \u00e7al\u0131\u015ft\u0131. StrangerCam asl\u0131nda \u00fccretsiz ba\u011flant\u0131lar sa\u011flad\u0131.\"<\/em><br \/>\n- David, 27 ya\u015f\u0131nda.<\/p><\/blockquote>\n<blockquote><p><em>\"Cinsiyet filtresi burada m\u00fckemmel \u00e7al\u0131\u015f\u0131yor. Tam da Omegle'de eksik olan \u015fey bu.\"<\/em><br \/>\n- Sophia, 22 ya\u015f\u0131nda.<\/p><\/blockquote>\n<blockquote><p><em>\"Bir saatten k\u0131sa bir s\u00fcrede \u00fc\u00e7 farkl\u0131 \u00fclkeden k\u0131zlarla ba\u011flant\u0131 kurdum. Omegle'den \u00e7ok daha iyi.\"<\/em><br \/>\n- Ryan, 30 ya\u015f\u0131nda.<\/p><\/blockquote>\n<blockquote><p><em>\"Omegle'den daha g\u00fcvenli ve temiz hissettiriyor ve sohbeti be\u011fenmezsem an\u0131nda atlayabiliyorum.\"<\/em><br \/>\n- Emma, 19 ya\u015f\u0131nda.<\/p><\/blockquote>\n<h2>Omegle Tarz\u0131 K\u0131z K\u0131za Sohbet i\u00e7in G\u00fcvenlik \u0130pu\u00e7lar\u0131<\/h2>\n<p>K\u0131zlarla \u00e7evrimi\u00e7i sohbet etmek e\u011flenceli olsa da, g\u00fcvenlik \u00e7ok \u00f6nemlidir:<\/p>\n<ul>\n<li>Ki\u015fisel bilgilerinizi (telefon, e-posta, adres) payla\u015fmay\u0131n.<\/li>\n<li>Sizi rahats\u0131z eden ki\u015fileri atlay\u0131n veya engelleyin.<\/li>\n<li>\u015e\u00fcpheli ba\u011flant\u0131lara asla t\u0131klamay\u0131n.<\/li>\n<li>Web kameran\u0131z\u0131 a\u00e7madan \u00f6nce arka plan\u0131n\u0131z\u0131 kontrol edin.<\/li>\n<li>Raporlama \u00f6zellikleri gibi platform ara\u00e7lar\u0131n\u0131 kullan\u0131n.<\/li>\n<li>Ya\u015f s\u0131n\u0131rlamalar\u0131na sayg\u0131 g\u00f6sterin - 18 ya\u015f\u0131n alt\u0131ndaysan\u0131z yeti\u015fkinlere y\u00f6nelik platformlardan ka\u00e7\u0131n\u0131n.<\/li>\n<\/ul>\n<h2>Nas\u0131l Ba\u015flan\u0131r - Ad\u0131m Ad\u0131m<\/h2>\n<p>Omegle tarz\u0131 bir k\u0131z sohbeti ba\u015flatmak sadece saniyeler s\u00fcrer:<\/p>\n<ol>\n<li>Cihaz\u0131n\u0131zda StrangerCam'i a\u00e7\u0131n.<\/li>\n<li>Kamera ve mikrofon eri\u015fimine izin verin.<\/li>\n<li>Cinsiyet filtresini se\u00e7in (k\u0131zlar).<\/li>\n<li>An\u0131nda ba\u011flanmak i\u00e7in Sohbeti Ba\u015flat'a t\u0131klay\u0131n.<\/li>\n<li>Yeni biriyle tan\u0131\u015fmak i\u00e7in istedi\u011finiz zaman \u0130leri'ye bas\u0131n.<\/li>\n<\/ol>\n<p>H\u0131zl\u0131, basit ve 100% \u00fccretsiz.<\/p>\n<p>Omegle gitmi\u015f olsa da, Omegle k\u0131z sohbetine olan talep ortadan kalkmad\u0131. Asl\u0131nda, her zamankinden daha g\u00fc\u00e7l\u00fc. \u0130yi haber \u015fu ki, StrangerCam gibi modern alternatifler yaln\u0131zca Omegle'nin yerini almakla kalm\u0131yor, ayn\u0131 zamanda \u00fccretsiz cinsiyet filtreleri, daha iyi moderasyon ve daha g\u00fcvenli deneyimler sunarak onu geli\u015ftiriyor.<\/p>\n<p>K\u0131zlarla tan\u0131\u015fmak, fl\u00f6rt etmek veya sadece \u00e7evrimi\u00e7i sohbet etmek istiyorsan\u0131z, StrangerCam 2025'teki en iyi se\u00e7eneklerden biridir.<\/p>\n<p>Denemeye haz\u0131r m\u0131s\u0131n\u0131z? Bug\u00fcn \u00fccretsiz bir Omegle tarz\u0131 k\u0131z sohbeti ba\u015flat\u0131n ve daha sonra kiminle tan\u0131\u015faca\u011f\u0131n\u0131z\u0131 ke\u015ffedin.<\/p>","protected":false},"excerpt":{"rendered":"<p>Have you been searching for Omegle girl chat? You\u2019re not alone. For years, Omegle was the go-to place for random video chats, especially for people looking to meet and chat with girls online. But since Omegle shut down in 2023, millions of users have been searching for alternatives that offer the same thrill of spontaneous [&hellip;]<\/p>\n","protected":false},"author":8,"featured_media":0,"parent":0,"menu_order":0,"comment_status":"closed","ping_status":"closed","template":"","meta":{"footnotes":""},"class_list":["post-4090","page","type-page","status-publish","hentry"],"yoast_head":"<!-- This site is optimized with the Yoast SEO plugin v27.4 - https:\/\/yoast.com\/product\/yoast-seo-wordpress\/ -->\n<title>Omegle Girl Chat with Video Chat on Strangercam.com<\/title>\n<meta name=\"description\" content=\"Liking Omegle Girl Chat? Join millions on StrangerCam.com! Start a random video chat, turn on your cam, and meet strangers instantly.\" \/>\n<meta name=\"robots\" content=\"index, follow, max-snippet:-1, max-image-preview:large, max-video-preview:-1\" \/>\n<link rel=\"canonical\" href=\"https:\/\/strangercam.com\/tr\/omegle-kiz-sohbet\/\" \/>\n<meta property=\"og:locale\" content=\"tr_TR\" \/>\n<meta property=\"og:type\" content=\"article\" \/>\n<meta property=\"og:title\" content=\"Omegle Girl Chat with Video Chat on Strangercam.com\" \/>\n<meta property=\"og:description\" content=\"Liking Omegle Girl Chat? Join millions on StrangerCam.com! Start a random video chat, turn on your cam, and meet strangers instantly.\" \/>\n<meta property=\"og:url\" content=\"https:\/\/strangercam.com\/tr\/omegle-kiz-sohbet\/\" \/>\n<meta property=\"og:site_name\" content=\"Strangercam\" \/>\n<meta property=\"article:publisher\" content=\"https:\/\/www.facebook.com\/strangercam\" \/>\n<meta property=\"article:modified_time\" content=\"2025-09-08T08:00:45+00:00\" \/>\n<meta property=\"og:image\" content=\"https:\/\/strangercam.com\/wp-content\/uploads\/2021\/10\/Untitled-2.png\" \/>\n\t<meta property=\"og:image:width\" content=\"800\" \/>\n\t<meta property=\"og:image:height\" content=\"532\" \/>\n\t<meta property=\"og:image:type\" content=\"image\/png\" \/>\n<meta name=\"twitter:card\" content=\"summary_large_image\" \/>\n<meta name=\"twitter:site\" content=\"@strangercamapp\" \/>\n<meta name=\"twitter:label1\" content=\"Tahmini okuma s\u00fcresi\" \/>\n\t<meta name=\"twitter:data1\" content=\"4 dakika\" \/>\n<script type=\"application\/ld+json\" class=\"yoast-schema-graph\">{\"@context\":\"https:\\\/\\\/schema.org\",\"@graph\":[{\"@type\":\"WebPage\",\"@id\":\"https:\\\/\\\/strangercam.com\\\/omegle-girl-chat\\\/\",\"url\":\"https:\\\/\\\/strangercam.com\\\/omegle-girl-chat\\\/\",\"name\":\"Omegle Girl Chat with Video Chat on Strangercam.com\",\"isPartOf\":{\"@id\":\"https:\\\/\\\/strangercam.com\\\/#website\"},\"datePublished\":\"2025-09-08T05:55:19+00:00\",\"dateModified\":\"2025-09-08T08:00:45+00:00\",\"description\":\"Liking Omegle Girl Chat? Join millions on StrangerCam.com! Start a random video chat, turn on your cam, and meet strangers instantly.\",\"breadcrumb\":{\"@id\":\"https:\\\/\\\/strangercam.com\\\/omegle-girl-chat\\\/#breadcrumb\"},\"inLanguage\":\"tr\",\"potentialAction\":[{\"@type\":\"ReadAction\",\"target\":[\"https:\\\/\\\/strangercam.com\\\/omegle-girl-chat\\\/\"]}]},{\"@type\":\"BreadcrumbList\",\"@id\":\"https:\\\/\\\/strangercam.com\\\/omegle-girl-chat\\\/#breadcrumb\",\"itemListElement\":[{\"@type\":\"ListItem\",\"position\":1,\"name\":\"Home\",\"item\":\"https:\\\/\\\/strangercam.com\\\/\"},{\"@type\":\"ListItem\",\"position\":2,\"name\":\"Omegle Girl Chat\"}]},{\"@type\":\"WebSite\",\"@id\":\"https:\\\/\\\/strangercam.com\\\/#website\",\"url\":\"https:\\\/\\\/strangercam.com\\\/\",\"name\":\"Strangercam\",\"description\":\"Random Video Chat with Strangers\",\"publisher\":{\"@id\":\"https:\\\/\\\/strangercam.com\\\/#organization\"},\"alternateName\":\"Strangercam.com\",\"potentialAction\":[{\"@type\":\"SearchAction\",\"target\":{\"@type\":\"EntryPoint\",\"urlTemplate\":\"https:\\\/\\\/strangercam.com\\\/?s={search_term_string}\"},\"query-input\":{\"@type\":\"PropertyValueSpecification\",\"valueRequired\":true,\"valueName\":\"search_term_string\"}}],\"inLanguage\":\"tr\"},{\"@type\":\"Organization\",\"@id\":\"https:\\\/\\\/strangercam.com\\\/#organization\",\"name\":\"Strangercam\",\"alternateName\":\"Strangercam.com\",\"url\":\"https:\\\/\\\/strangercam.com\\\/\",\"logo\":{\"@type\":\"ImageObject\",\"inLanguage\":\"tr\",\"@id\":\"https:\\\/\\\/strangercam.com\\\/#\\\/schema\\\/logo\\\/image\\\/\",\"url\":\"https:\\\/\\\/strangercam.com\\\/wp-content\\\/uploads\\\/2020\\\/11\\\/cropped-new-favicon-black.png\",\"contentUrl\":\"https:\\\/\\\/strangercam.com\\\/wp-content\\\/uploads\\\/2020\\\/11\\\/cropped-new-favicon-black.png\",\"width\":512,\"height\":512,\"caption\":\"Strangercam\"},\"image\":{\"@id\":\"https:\\\/\\\/strangercam.com\\\/#\\\/schema\\\/logo\\\/image\\\/\"},\"sameAs\":[\"https:\\\/\\\/www.facebook.com\\\/strangercam\",\"https:\\\/\\\/x.com\\\/strangercamapp\"]}]}<\/script>\n<!-- \/ Yoast SEO plugin. -->","yoast_head_json":{"title":"Strangercam.com'da G\u00f6r\u00fcnt\u00fcl\u00fc Sohbet ile Omegle K\u0131z Sohbet","description":"Omegle K\u0131z Sohbetini mi seviyorsunuz? StrangerCam.com'da Join milyonlarca! Rastgele bir g\u00f6r\u00fcnt\u00fcl\u00fc sohbet ba\u015flat\u0131n, kameran\u0131z\u0131 a\u00e7\u0131n ve yabanc\u0131larla an\u0131nda tan\u0131\u015f\u0131n.","robots":{"index":"index","follow":"follow","max-snippet":"max-snippet:-1","max-image-preview":"max-image-preview:large","max-video-preview":"max-video-preview:-1"},"canonical":"https:\/\/strangercam.com\/tr\/omegle-kiz-sohbet\/","og_locale":"tr_TR","og_type":"article","og_title":"Omegle Girl Chat with Video Chat on Strangercam.com","og_description":"Liking Omegle Girl Chat? Join millions on StrangerCam.com! Start a random video chat, turn on your cam, and meet strangers instantly.","og_url":"https:\/\/strangercam.com\/tr\/omegle-kiz-sohbet\/","og_site_name":"Strangercam","article_publisher":"https:\/\/www.facebook.com\/strangercam","article_modified_time":"2025-09-08T08:00:45+00:00","og_image":[{"width":800,"height":532,"url":"https:\/\/strangercam.com\/wp-content\/uploads\/2021\/10\/Untitled-2.png","type":"image\/png"}],"twitter_card":"summary_large_image","twitter_site":"@strangercamapp","twitter_misc":{"Tahmini okuma s\u00fcresi":"4 dakika"},"schema":{"@context":"https:\/\/schema.org","@graph":[{"@type":"WebPage","@id":"https:\/\/strangercam.com\/omegle-girl-chat\/","url":"https:\/\/strangercam.com\/omegle-girl-chat\/","name":"Strangercam.com'da G\u00f6r\u00fcnt\u00fcl\u00fc Sohbet ile Omegle K\u0131z Sohbet","isPartOf":{"@id":"https:\/\/strangercam.com\/#website"},"datePublished":"2025-09-08T05:55:19+00:00","dateModified":"2025-09-08T08:00:45+00:00","description":"Omegle K\u0131z Sohbetini mi seviyorsunuz? StrangerCam.com'da Join milyonlarca! Rastgele bir g\u00f6r\u00fcnt\u00fcl\u00fc sohbet ba\u015flat\u0131n, kameran\u0131z\u0131 a\u00e7\u0131n ve yabanc\u0131larla an\u0131nda tan\u0131\u015f\u0131n.","breadcrumb":{"@id":"https:\/\/strangercam.com\/omegle-girl-chat\/#breadcrumb"},"inLanguage":"tr","potentialAction":[{"@type":"ReadAction","target":["https:\/\/strangercam.com\/omegle-girl-chat\/"]}]},{"@type":"BreadcrumbList","@id":"https:\/\/strangercam.com\/omegle-girl-chat\/#breadcrumb","itemListElement":[{"@type":"ListItem","position":1,"name":"Home","item":"https:\/\/strangercam.com\/"},{"@type":"ListItem","position":2,"name":"Omegle Girl Chat"}]},{"@type":"WebSite","@id":"https:\/\/strangercam.com\/#website","url":"https:\/\/strangercam.com\/","name":"Strangercam","description":"Yabanc\u0131larla Rastgele G\u00f6r\u00fcnt\u00fcl\u00fc Sohbet","publisher":{"@id":"https:\/\/strangercam.com\/#organization"},"alternateName":"Strangercam.com","potentialAction":[{"@type":"SearchAction","target":{"@type":"EntryPoint","urlTemplate":"https:\/\/strangercam.com\/?s={search_term_string}"},"query-input":{"@type":"PropertyValueSpecification","valueRequired":true,"valueName":"search_term_string"}}],"inLanguage":"tr"},{"@type":"Organization","@id":"https:\/\/strangercam.com\/#organization","name":"Strangercam","alternateName":"Strangercam.com","url":"https:\/\/strangercam.com\/","logo":{"@type":"ImageObject","inLanguage":"tr","@id":"https:\/\/strangercam.com\/#\/schema\/logo\/image\/","url":"https:\/\/strangercam.com\/wp-content\/uploads\/2020\/11\/cropped-new-favicon-black.png","contentUrl":"https:\/\/strangercam.com\/wp-content\/uploads\/2020\/11\/cropped-new-favicon-black.png","width":512,"height":512,"caption":"Strangercam"},"image":{"@id":"https:\/\/strangercam.com\/#\/schema\/logo\/image\/"},"sameAs":["https:\/\/www.facebook.com\/strangercam","https:\/\/x.com\/strangercamapp"]}]}},"_links":{"self":[{"href":"https:\/\/strangercam.com\/tr\/wp-json\/wp\/v2\/pages\/4090","targetHints":{"allow":["GET"]}}],"collection":[{"href":"https:\/\/strangercam.com\/tr\/wp-json\/wp\/v2\/pages"}],"about":[{"href":"https:\/\/strangercam.com\/tr\/wp-json\/wp\/v2\/types\/page"}],"author":[{"embeddable":true,"href":"https:\/\/strangercam.com\/tr\/wp-json\/wp\/v2\/users\/8"}],"replies":[{"embeddable":true,"href":"https:\/\/strangercam.com\/tr\/wp-json\/wp\/v2\/comments?post=4090"}],"version-history":[{"count":1,"href":"https:\/\/strangercam.com\/tr\/wp-json\/wp\/v2\/pages\/4090\/revisions"}],"predecessor-version":[{"id":13007,"href":"https:\/\/strangercam.com\/tr\/wp-json\/wp\/v2\/pages\/4090\/revisions\/13007"}],"wp:attachment":[{"href":"https:\/\/strangercam.com\/tr\/wp-json\/wp\/v2\/media?parent=4090"}],"curies":[{"name":"wp","href":"https:\/\/api.w.org\/{rel}","templated":true}]}}