{"id":4073,"date":"2025-09-03T11:52:49","date_gmt":"2025-09-03T09:52:49","guid":{"rendered":"https:\/\/strangercam.com\/?page_id=4073"},"modified":"2025-09-03T13:47:51","modified_gmt":"2025-09-03T11:47:51","slug":"kamerali-sohbet","status":"publish","type":"page","link":"https:\/\/strangercam.com\/tr\/cam-chat\/","title":{"rendered":"Kameral\u0131 Sohbet"},"content":{"rendered":"<p>E\u011flenmek i\u00e7in en iyi yeri ar\u0131yorum <a href=\"https:\/\/strangercam.com\/tr\/bazoocam\/\">cam<\/a> Sohbet mi? Yaln\u0131z de\u011filsiniz. Her g\u00fcn, d\u00fcnya \u00e7ap\u0131nda milyonlarca insan yeni insanlarla tan\u0131\u015fmak, e\u011flenceli sohbetler yapmak ve \u00e7evrimi\u00e7i spontane ba\u011flant\u0131lar kurmak i\u00e7in kameral\u0131 sohbet platformlar\u0131n\u0131 kullan\u0131yor. Sonsuz kayd\u0131rma veya kayd\u0131rma gerektiren arkada\u015fl\u0131k uygulamalar\u0131 veya sosyal a\u011flar\u0131n aksine, kameral\u0131 sohbet an\u0131nda, ger\u00e7ek ve heyecan vericidir - bir d\u00fc\u011fmeye basars\u0131n\u0131z ve saniyeler i\u00e7inde bir yabanc\u0131yla y\u00fcz y\u00fcze gelirsiniz.<\/p>\n<p>2025'te, StrangerCam gibi platformlar a\u015fa\u011f\u0131dakilerin keyfini \u00e7\u0131karmay\u0131 her zamankinden daha kolay hale getiriyor <a href=\"https:\/\/strangercam.com\/tr\/cam-to-cam-chat\/\">\u00fccretsiz kamera<\/a> sohbet- kay\u0131t yok, indirme yok ve gizli \u00fccret yok. \u0130ster arkada\u015f edinmek, ister yeni bir dil prati\u011fi yapmak, ister g\u00fcndelik fl\u00f6rt\u00fcn tad\u0131n\u0131 \u00e7\u0131karmak veya sadece can s\u0131k\u0131nt\u0131s\u0131n\u0131 gidermek isteyin, kameral\u0131 sohbet \u00e7evrimi\u00e7i ba\u011flant\u0131 kurman\u0131n en e\u011flenceli ve tahmin edilemez yollar\u0131ndan biridir.<\/p>\n<p>Bu k\u0131lavuz bilmeniz gereken her \u015feyi kapsar: kameral\u0131 sohbetin ne oldu\u011fu, neden bu kadar pop\u00fcler oldu\u011fu, nas\u0131l \u00e7al\u0131\u015ft\u0131\u011f\u0131, hangi \u00f6zellikleri arayaca\u011f\u0131n\u0131z, platform kar\u015f\u0131la\u015ft\u0131rmalar\u0131, g\u00fcvenlik ipu\u00e7lar\u0131 ve StrangerCam'in neden bug\u00fcn mevcut olan en iyi se\u00e7eneklerden biri oldu\u011fu.<\/p>\n<h2>Kameral\u0131 Sohbet Nedir?<\/h2>\n<p>Kameral\u0131 sohbet, web kameran\u0131z\u0131 ve mikrofonunuzu kullanarak canl\u0131 video g\u00f6r\u00fc\u015fmeleri yoluyla yabanc\u0131larla an\u0131nda ba\u011flant\u0131 kurman\u0131z\u0131 sa\u011flayan \u00e7evrimi\u00e7i bir hizmettir. Yaln\u0131zca metin i\u00e7eren sohbet odalar\u0131n\u0131n aksine, kameral\u0131 sohbet y\u00fcz y\u00fcze etkile\u015fim sunarak deneyimi \u00e7ok daha ger\u00e7ek ve spontane hale getirir.<\/p>\n<p>Fikir basit: web kameran\u0131za izin veriyorsunuz, \"Sohbeti Ba\u015flat \"a t\u0131kl\u0131yorsunuz ve an\u0131nda ba\u015fka bir ki\u015fiyle e\u015fle\u015ftiriliyorsunuz. E\u011fer konu\u015fman\u0131z uyu\u015fmazsa, ba\u015fka biriyle e\u015fle\u015fmek i\u00e7in \u0130leri'ye basman\u0131z yeterli.<\/p>\n<h2>\u0130nsanlar \u00dccretsiz Kameral\u0131 Sohbeti Neden Seviyor?<\/h2>\n<p>\u00dccretsiz kameral\u0131 sohbetin pop\u00fclaritesindeki art\u0131\u015f s\u00fcrpriz de\u011fil. \u0130\u015fte d\u00fcnyan\u0131n d\u00f6rt bir yan\u0131ndaki insanlar\u0131n bunu her g\u00fcn kullanmas\u0131n\u0131n nedeni:<\/p>\n<ul>\n<li>Spontane E\u011flence: S\u0131rada kiminle kar\u015f\u0131la\u015faca\u011f\u0131n\u0131z\u0131 asla bilemezsiniz.<\/li>\n<li>Ger\u00e7eklik: Metin tabanl\u0131 sohbetlerin aksine, video ki\u015finin ger\u00e7ek oldu\u011funu kan\u0131tlar.<\/li>\n<li>An\u0131nda Ba\u011flant\u0131lar: Uzun kay\u0131tlar, profiller veya yan\u0131t beklemek yok.<\/li>\n<li>K\u00fcresel Eri\u015fim: D\u00fcnyan\u0131n her yerinden insanlarla 7\/24 sohbet edin.<\/li>\n<li>\u00c7e\u015fitlilik: E\u011flence, fl\u00f6rt, k\u00fclt\u00fcrel al\u0131\u015fveri\u015f ve hatta dil prati\u011fi i\u00e7in kullan\u0131n.<\/li>\n<li>Can S\u0131k\u0131nt\u0131s\u0131n\u0131 Yen: Zaman ge\u00e7irmek i\u00e7in h\u0131zl\u0131 ve e\u011flenceli bir yol.<\/li>\n<\/ul>\n<h2>Kameral\u0131 Sohbet Nas\u0131l \u00c7al\u0131\u015f\u0131r?<\/h2>\n<p>Kameral\u0131 sohbete ba\u015flamak h\u0131zl\u0131 ve basittir:<\/p>\n<ol>\n<li>Platformu a\u00e7\u0131n (masa\u00fcst\u00fc veya mobil).<\/li>\n<li>Kamera ve mikrofon eri\u015fimine izin verin.<\/li>\n<li>\"Sohbeti Ba\u015flat \"a t\u0131klay\u0131n.<\/li>\n<li>Video arac\u0131l\u0131\u011f\u0131yla rastgele bir ki\u015fiyle an\u0131nda ba\u011flant\u0131 kurun.<\/li>\n<li>Yeni biriyle tan\u0131\u015fmak istedi\u011finizde \"\u0130leri \"ye t\u0131klay\u0131n.<\/li>\n<\/ol>\n<p>Baz\u0131 platformlar cinsiyet filtreleri, \u00fclke filtreleri ve hatta diller aras\u0131 konu\u015fmalar i\u00e7in sohbet i\u00e7i \u00e7eviri gibi ekstra \u00f6zellikler de i\u00e7erir.<\/p>\n<h2>Aranacak En \u00d6nemli \u00d6zellikler<\/h2>\n<p>T\u00fcm kameral\u0131 sohbet platformlar\u0131 ayn\u0131 de\u011fildir. \u0130\u015fte en iyi \u00fccretsiz kameral\u0131 sohbet sitelerinde araman\u0131z gerekenler:<\/p>\n<h3>1. Ger\u00e7ekten \u00dccretsiz Eri\u015fim<\/h3>\n<p>Sizi \"\u00fccretsiz\" olarak cezbeden ancak temel \u00f6zellikleri \u00f6deme duvarlar\u0131n\u0131n arkas\u0131na gizleyen platformlardan ka\u00e7\u0131n\u0131n.<\/p>\n<h3>2. Kay\u0131t Gerektirmez<\/h3>\n<p>En iyi kameral\u0131 sohbet hizmetleri, kay\u0131t olmadan an\u0131nda sohbet etmeye ba\u015flaman\u0131za izin verir.<\/p>\n<h3>3. Cinsiyet ve Konum Filtreleri<\/h3>\n<p>Bu filtreler, daha \u00f6zel bir deneyim i\u00e7in kimlerle e\u015fle\u015ftirildi\u011finizi kontrol etmenizi sa\u011flar.<\/p>\n<h3>4. G\u00fc\u00e7l\u00fc Il\u0131ml\u0131l\u0131k<\/h3>\n<p>G\u00fcvenli platformlar, uygunsuz kullan\u0131c\u0131larla ba\u015fa \u00e7\u0131kmak i\u00e7in aktif moderasyon ve raporlama ara\u00e7lar\u0131na sahiptir.<\/p>\n<h3>5. Mobil Uyumlu Tasar\u0131m<\/h3>\n<p>\u0130yi platformlar masa\u00fcst\u00fc bilgisayarlar\u0131n yan\u0131 s\u0131ra telefonlarda da sorunsuz \u00e7al\u0131\u015f\u0131r.<\/p>\n<h3>6. Y\u00fcksek Kaliteli Video ve Ses<\/h3>\n<p>Net, g\u00fcvenilir ba\u011flant\u0131lar konu\u015fmalar\u0131 daha do\u011fal hale getirir.<\/p>\n<h2>2025'in En \u0130yi Kameral\u0131 Sohbet Platformlar\u0131<\/h2>\n<p>\u0130\u015fte en pop\u00fcler kameral\u0131 sohbet platformlar\u0131n\u0131n kar\u015f\u0131la\u015ft\u0131rmas\u0131:<\/p>\n<table>\n<thead>\n<tr>\n<th>Platform<\/th>\n<th align=\"center\">\u00dccretsiz Eri\u015fim<\/th>\n<th align=\"center\">Cinsiyet Filtresi<\/th>\n<th align=\"center\">Kay\u0131t Gerekli<\/th>\n<th align=\"center\">Mobil Destek<\/th>\n<th align=\"center\">Moderasyon<\/th>\n<th>Notlar<\/th>\n<\/tr>\n<\/thead>\n<tbody>\n<tr>\n<td>StrangerCam<\/td>\n<td align=\"center\">\u2705<\/td>\n<td align=\"center\">\u2705 (\u00dccretsiz)<\/td>\n<td align=\"center\">\u274c<\/td>\n<td align=\"center\">\u2705<\/td>\n<td align=\"center\">\u2705<\/td>\n<td>En iyi \u00e7ok y\u00f6nl\u00fc \u00fccretsiz kameral\u0131 sohbet<\/td>\n<\/tr>\n<tr>\n<td><a href=\"https:\/\/strangercam.com\/tr\/chatroulette\/\">Chatroulette<\/a><\/td>\n<td align=\"center\">\u2705<\/td>\n<td align=\"center\">\u274c (\u00dccretli)<\/td>\n<td align=\"center\">\u274c<\/td>\n<td align=\"center\">\u2705<\/td>\n<td align=\"center\">\u2705<\/td>\n<td>Klasik platform, ancak filtre maliyeti<\/td>\n<\/tr>\n<tr>\n<td>Chatrandom<\/td>\n<td align=\"center\">\u2705<\/td>\n<td align=\"center\">\u274c (\u00dccretli)<\/td>\n<td align=\"center\">\u274c<\/td>\n<td align=\"center\">\u2705<\/td>\n<td align=\"center\">\u2705<\/td>\n<td>Pop\u00fcler, ancak filtrelerde \u00f6deme duvarlar\u0131 var<\/td>\n<\/tr>\n<tr>\n<td><a href=\"https:\/\/strangercam.com\/tr\/ometv\/\">OmeTV<\/a><\/td>\n<td align=\"center\">\u2705<\/td>\n<td align=\"center\">\u274c<\/td>\n<td align=\"center\">\u274c<\/td>\n<td align=\"center\">\u2705<\/td>\n<td align=\"center\">\u2705<\/td>\n<td>Mobil uygulama mevcut, yaln\u0131zca rastgele<\/td>\n<\/tr>\n<tr>\n<td>Shagle<\/td>\n<td align=\"center\">\u2705<\/td>\n<td align=\"center\">\u274c (\u00dccretli)<\/td>\n<td align=\"center\">\u274c<\/td>\n<td align=\"center\">\u2705<\/td>\n<td align=\"center\">\u2705<\/td>\n<td>Premium y\u00fckseltmeleri zorlar<\/td>\n<\/tr>\n<tr>\n<td><a href=\"https:\/\/strangercam.com\/tr\/coomeet\/\">CooMeet<\/a><\/td>\n<td align=\"center\">\u274c (Deneme)<\/td>\n<td align=\"center\">\u2705<\/td>\n<td align=\"center\">\u2705<\/td>\n<td align=\"center\">\u2705<\/td>\n<td align=\"center\">\u2705<\/td>\n<td>S\u0131n\u0131rl\u0131 \u00fccretsiz denemeden sonra \u00fccretli<\/td>\n<\/tr>\n<tr>\n<td>LuckyCrush<\/td>\n<td align=\"center\">\u274c<\/td>\n<td align=\"center\">\u2705<\/td>\n<td align=\"center\">\u2705<\/td>\n<td align=\"center\">\u2705<\/td>\n<td align=\"center\">\u2705<\/td>\n<td>Her zaman \u00fccretli, cinsiyete dayal\u0131 sohbetler<\/td>\n<\/tr>\n<\/tbody>\n<\/table>\n<p>Bunlar aras\u0131nda StrangerCam, s\u0131n\u0131rs\u0131z kullan\u0131m, \u00e7al\u0131\u015fan bir cinsiyet filtresi ve kay\u0131t gerektirmeyen \u00fccretsiz kameral\u0131 sohbet sunan tek platformlardan biridir.<\/p>\n<h2>StrangerCam Neden En \u0130yi Se\u00e7imdir?<\/h2>\n<p>\u0130\u015fte StrangerCam'in 2025'te kameral\u0131 sohbet i\u00e7in en iyi platformlardan biri olmas\u0131n\u0131n nedeni:<\/p>\n<h3>1. Tamamen \u00dccretsiz<\/h3>\n<p>Gizli maliyetler, denemeler veya krediler yok - sadece s\u0131n\u0131rs\u0131z sohbet.<\/p>\n<h3>2. \u00dccretsiz Cinsiyet Filtresi<\/h3>\n<p>Para \u00f6demeden erkekleri, k\u0131zlar\u0131 ya da her ikisini birden se\u00e7in.<\/p>\n<h3>3. Kay\u0131t Gerekmiyor<\/h3>\n<p>Anonim kal\u0131n ve an\u0131nda ba\u011flan\u0131n.<\/p>\n<h3>4. G\u00fcvenli ve Moderat\u00f6rl\u00fc<\/h3>\n<p>Aktif moderasyon ve raporlama ara\u00e7lar\u0131 platformun temiz kalmas\u0131na yard\u0131mc\u0131 olur.<\/p>\n<h3>5. K\u00fcresel Topluluk<\/h3>\n<p>100'den fazla \u00fclkeden insanlarla tan\u0131\u015f\u0131n, 7\/24 ula\u015f\u0131labilir.<\/p>\n<h3>6. T\u00fcm Cihazlarda \u00c7al\u0131\u015f\u0131r<\/h3>\n<p>Masa\u00fcst\u00fc, mobil ve tabletler i\u00e7in optimize edilmi\u015ftir.<\/p>\n<h2>Ger\u00e7ek Kullan\u0131c\u0131 G\u00f6r\u00fc\u015fleri<\/h2>\n<blockquote><p><em>\"Gizli maliyetler olmadan \u00fccretsiz kameral\u0131 sohbet ar\u0131yordum ve StrangerCam bunu ger\u00e7ekten sa\u011flayan ilk platformdu.\"<\/em><br \/>\n- Jake, 25 ya\u015f\u0131nda.<\/p><\/blockquote>\n<blockquote><p><em>\"Cinsiyet filtresi burada \u00fccretsiz olarak \u00e7al\u0131\u015f\u0131yor, bu da onu di\u011fer sitelerden farkl\u0131 k\u0131l\u0131yor.\"<\/em><br \/>\n- Sophia, 22 ya\u015f\u0131nda.<\/p><\/blockquote>\n<blockquote><p><em>\"Kullan\u0131m\u0131 \u00e7ok kolay. Sadece bir ak\u015famda \u00fc\u00e7 k\u0131tadan insanlarla ba\u011flant\u0131 kurdum.\"<\/em><br \/>\n- Ryan, 28 ya\u015f\u0131nda.<\/p><\/blockquote>\n<blockquote><p><em>\"StrangerCam, moderasyon sayesinde denedi\u011fim di\u011fer sohbet platformlar\u0131n\u0131n \u00e7o\u011fundan daha g\u00fcvenli hissettiriyor.\"<\/em><br \/>\n- Mia, 20 ya\u015f\u0131nda.<\/p><\/blockquote>\n<h2>Kameral\u0131 Sohbet i\u00e7in G\u00fcvenlik \u0130pu\u00e7lar\u0131<\/h2>\n<p>Kameral\u0131 sohbet e\u011flenceli olsa da, g\u00fcvenli\u011fi her zaman akl\u0131n\u0131zda bulundurun:<\/p>\n<ul>\n<li>Ki\u015fisel bilgilerinizi (telefon, e-posta, adres) payla\u015fmay\u0131n.<\/li>\n<li>Sizi rahats\u0131z eden ki\u015fileri atlay\u0131n veya engelleyin.<\/li>\n<li>Yabanc\u0131lardan gelen ba\u011flant\u0131lara t\u0131klamaktan ka\u00e7\u0131n\u0131n.<\/li>\n<li>Web kameran\u0131z\u0131 a\u00e7madan \u00f6nce arka plan\u0131n\u0131z\u0131 kontrol edin.<\/li>\n<li>Raporlama ve engelleme i\u00e7in platform ara\u00e7lar\u0131na ba\u011fl\u0131 kal\u0131n.<\/li>\n<li>Ya\u015f s\u0131n\u0131rlamalar\u0131na sayg\u0131 g\u00f6sterin - 18 ya\u015f\u0131n alt\u0131ndaysan\u0131z yeti\u015fkin kameral\u0131 sohbet platformlar\u0131ndan ka\u00e7\u0131n\u0131n.<\/li>\n<\/ul>\n<h2>Nas\u0131l Ba\u015flan\u0131r - Ad\u0131m Ad\u0131m<\/h2>\n<p>Kameral\u0131 sohbete ba\u015flamak bir dakikadan az s\u00fcrer:<\/p>\n<ol>\n<li>Cihaz\u0131n\u0131zda StrangerCam'i a\u00e7\u0131n.<\/li>\n<li>Kamera ve mikrofon eri\u015fimine izin verin.<\/li>\n<li>Tercihleri se\u00e7in (cinsiyet filtreleri gibi).<\/li>\n<li>An\u0131nda ba\u011flanmak i\u00e7in Sohbeti Ba\u015flat'a t\u0131klay\u0131n.<\/li>\n<li>\u0130stedi\u011finiz zaman devam etmek i\u00e7in \u0130leri d\u00fc\u011fmesine bas\u0131n.<\/li>\n<\/ol>\n<p>H\u0131zl\u0131, basit ve \u00fccretsiz.<\/p>\n<h2>Son D\u00fc\u015f\u00fcnceler - \u00dccretsiz Kameral\u0131 Sohbeti Bug\u00fcn Deneyin<\/h2>\n<p>2025 y\u0131l\u0131nda, kameral\u0131 sohbet hala \u00e7evrimi\u00e7i yeni insanlarla tan\u0131\u015fman\u0131n en heyecan verici ve \u00f6zg\u00fcn yollar\u0131ndan biridir. E\u011flenceli, spontane ve sizi d\u00fcnyan\u0131n d\u00f6rt bir yan\u0131ndaki yabanc\u0131larla an\u0131nda bulu\u015fturuyor.<\/p>\n<p>Ancak her platform bunu sa\u011flayam\u0131yor - baz\u0131lar\u0131 \u00f6zellikleri \u00f6deme duvarlar\u0131n\u0131n arkas\u0131na gizliyor veya sitelerini botlarla dolduruyor. Bu y\u00fczden StrangerCam en iyi se\u00e7imdir: \u00fccretsiz, anonim, g\u00fcvenli ve sohbete haz\u0131r ger\u00e7ek kullan\u0131c\u0131larla her zaman aktiftir.<\/p>\n<p>Bunu deneyimlemeye haz\u0131r m\u0131s\u0131n\u0131z? Bug\u00fcn \u00fccretsiz bir kameral\u0131 sohbet ba\u015flat\u0131n ve daha sonra kiminle tan\u0131\u015faca\u011f\u0131n\u0131z\u0131 ke\u015ffedin.<\/p>","protected":false},"excerpt":{"rendered":"<p>Looking for the best place to enjoy cam chat? You\u2019re not alone. Every day, millions of people around the world use cam chat platforms to meet new people, have fun conversations, and make spontaneous connections online. Unlike dating apps or social networks that require endless scrolling or swiping, cam chat is instant, real, and exciting\u2014you [&hellip;]<\/p>\n","protected":false},"author":8,"featured_media":0,"parent":0,"menu_order":0,"comment_status":"closed","ping_status":"closed","template":"","meta":{"footnotes":""},"class_list":["post-4073","page","type-page","status-publish","hentry"],"yoast_head":"<!-- This site is optimized with the Yoast SEO plugin v27.4 - https:\/\/yoast.com\/product\/yoast-seo-wordpress\/ -->\n<title>Cam Chat with Video Chat on Strangercam.com<\/title>\n<meta name=\"description\" content=\"Liking Cam Chat? Join millions on StrangerCam.com! Start a random video chat, turn on your cam, and meet strangers instantly.\" \/>\n<meta name=\"robots\" content=\"index, follow, max-snippet:-1, max-image-preview:large, max-video-preview:-1\" \/>\n<link rel=\"canonical\" href=\"https:\/\/strangercam.com\/tr\/kamerali-sohbet\/\" \/>\n<meta property=\"og:locale\" content=\"tr_TR\" \/>\n<meta property=\"og:type\" content=\"article\" \/>\n<meta property=\"og:title\" content=\"Cam Chat with Video Chat on Strangercam.com\" \/>\n<meta property=\"og:description\" content=\"Liking Cam Chat? Join millions on StrangerCam.com! Start a random video chat, turn on your cam, and meet strangers instantly.\" \/>\n<meta property=\"og:url\" content=\"https:\/\/strangercam.com\/tr\/kamerali-sohbet\/\" \/>\n<meta property=\"og:site_name\" content=\"Strangercam\" \/>\n<meta property=\"article:publisher\" content=\"https:\/\/www.facebook.com\/strangercam\" \/>\n<meta property=\"article:modified_time\" content=\"2025-09-03T11:47:51+00:00\" \/>\n<meta property=\"og:image\" content=\"https:\/\/strangercam.com\/wp-content\/uploads\/2021\/10\/Untitled-2.png\" \/>\n\t<meta property=\"og:image:width\" content=\"800\" \/>\n\t<meta property=\"og:image:height\" content=\"532\" \/>\n\t<meta property=\"og:image:type\" content=\"image\/png\" \/>\n<meta name=\"twitter:card\" content=\"summary_large_image\" \/>\n<meta name=\"twitter:site\" content=\"@strangercamapp\" \/>\n<meta name=\"twitter:label1\" content=\"Tahmini okuma s\u00fcresi\" \/>\n\t<meta name=\"twitter:data1\" content=\"5 dakika\" \/>\n<script type=\"application\/ld+json\" class=\"yoast-schema-graph\">{\"@context\":\"https:\\\/\\\/schema.org\",\"@graph\":[{\"@type\":\"WebPage\",\"@id\":\"https:\\\/\\\/strangercam.com\\\/cam-chat\\\/\",\"url\":\"https:\\\/\\\/strangercam.com\\\/cam-chat\\\/\",\"name\":\"Cam Chat with Video Chat on Strangercam.com\",\"isPartOf\":{\"@id\":\"https:\\\/\\\/strangercam.com\\\/#website\"},\"datePublished\":\"2025-09-03T09:52:49+00:00\",\"dateModified\":\"2025-09-03T11:47:51+00:00\",\"description\":\"Liking Cam Chat? Join millions on StrangerCam.com! Start a random video chat, turn on your cam, and meet strangers instantly.\",\"breadcrumb\":{\"@id\":\"https:\\\/\\\/strangercam.com\\\/cam-chat\\\/#breadcrumb\"},\"inLanguage\":\"tr\",\"potentialAction\":[{\"@type\":\"ReadAction\",\"target\":[\"https:\\\/\\\/strangercam.com\\\/cam-chat\\\/\"]}]},{\"@type\":\"BreadcrumbList\",\"@id\":\"https:\\\/\\\/strangercam.com\\\/cam-chat\\\/#breadcrumb\",\"itemListElement\":[{\"@type\":\"ListItem\",\"position\":1,\"name\":\"Home\",\"item\":\"https:\\\/\\\/strangercam.com\\\/\"},{\"@type\":\"ListItem\",\"position\":2,\"name\":\"Cam Chat\"}]},{\"@type\":\"WebSite\",\"@id\":\"https:\\\/\\\/strangercam.com\\\/#website\",\"url\":\"https:\\\/\\\/strangercam.com\\\/\",\"name\":\"Strangercam\",\"description\":\"Random Video Chat with Strangers\",\"publisher\":{\"@id\":\"https:\\\/\\\/strangercam.com\\\/#organization\"},\"alternateName\":\"Strangercam.com\",\"potentialAction\":[{\"@type\":\"SearchAction\",\"target\":{\"@type\":\"EntryPoint\",\"urlTemplate\":\"https:\\\/\\\/strangercam.com\\\/?s={search_term_string}\"},\"query-input\":{\"@type\":\"PropertyValueSpecification\",\"valueRequired\":true,\"valueName\":\"search_term_string\"}}],\"inLanguage\":\"tr\"},{\"@type\":\"Organization\",\"@id\":\"https:\\\/\\\/strangercam.com\\\/#organization\",\"name\":\"Strangercam\",\"alternateName\":\"Strangercam.com\",\"url\":\"https:\\\/\\\/strangercam.com\\\/\",\"logo\":{\"@type\":\"ImageObject\",\"inLanguage\":\"tr\",\"@id\":\"https:\\\/\\\/strangercam.com\\\/#\\\/schema\\\/logo\\\/image\\\/\",\"url\":\"https:\\\/\\\/strangercam.com\\\/wp-content\\\/uploads\\\/2020\\\/11\\\/cropped-new-favicon-black.png\",\"contentUrl\":\"https:\\\/\\\/strangercam.com\\\/wp-content\\\/uploads\\\/2020\\\/11\\\/cropped-new-favicon-black.png\",\"width\":512,\"height\":512,\"caption\":\"Strangercam\"},\"image\":{\"@id\":\"https:\\\/\\\/strangercam.com\\\/#\\\/schema\\\/logo\\\/image\\\/\"},\"sameAs\":[\"https:\\\/\\\/www.facebook.com\\\/strangercam\",\"https:\\\/\\\/x.com\\\/strangercamapp\"]}]}<\/script>\n<!-- \/ Yoast SEO plugin. -->","yoast_head_json":{"title":"Strangercam.com'da G\u00f6r\u00fcnt\u00fcl\u00fc Sohbet ile Kameral\u0131 Sohbet","description":"Kamera Sohbetini Seviyor musunuz? StrangerCam.com'da Join milyonlarca! Rastgele bir g\u00f6r\u00fcnt\u00fcl\u00fc sohbet ba\u015flat\u0131n, kameran\u0131z\u0131 a\u00e7\u0131n ve yabanc\u0131larla an\u0131nda tan\u0131\u015f\u0131n.","robots":{"index":"index","follow":"follow","max-snippet":"max-snippet:-1","max-image-preview":"max-image-preview:large","max-video-preview":"max-video-preview:-1"},"canonical":"https:\/\/strangercam.com\/tr\/kamerali-sohbet\/","og_locale":"tr_TR","og_type":"article","og_title":"Cam Chat with Video Chat on Strangercam.com","og_description":"Liking Cam Chat? Join millions on StrangerCam.com! Start a random video chat, turn on your cam, and meet strangers instantly.","og_url":"https:\/\/strangercam.com\/tr\/kamerali-sohbet\/","og_site_name":"Strangercam","article_publisher":"https:\/\/www.facebook.com\/strangercam","article_modified_time":"2025-09-03T11:47:51+00:00","og_image":[{"width":800,"height":532,"url":"https:\/\/strangercam.com\/wp-content\/uploads\/2021\/10\/Untitled-2.png","type":"image\/png"}],"twitter_card":"summary_large_image","twitter_site":"@strangercamapp","twitter_misc":{"Tahmini okuma s\u00fcresi":"5 dakika"},"schema":{"@context":"https:\/\/schema.org","@graph":[{"@type":"WebPage","@id":"https:\/\/strangercam.com\/cam-chat\/","url":"https:\/\/strangercam.com\/cam-chat\/","name":"Strangercam.com'da G\u00f6r\u00fcnt\u00fcl\u00fc Sohbet ile Kameral\u0131 Sohbet","isPartOf":{"@id":"https:\/\/strangercam.com\/#website"},"datePublished":"2025-09-03T09:52:49+00:00","dateModified":"2025-09-03T11:47:51+00:00","description":"Kamera Sohbetini Seviyor musunuz? StrangerCam.com'da Join milyonlarca! Rastgele bir g\u00f6r\u00fcnt\u00fcl\u00fc sohbet ba\u015flat\u0131n, kameran\u0131z\u0131 a\u00e7\u0131n ve yabanc\u0131larla an\u0131nda tan\u0131\u015f\u0131n.","breadcrumb":{"@id":"https:\/\/strangercam.com\/cam-chat\/#breadcrumb"},"inLanguage":"tr","potentialAction":[{"@type":"ReadAction","target":["https:\/\/strangercam.com\/cam-chat\/"]}]},{"@type":"BreadcrumbList","@id":"https:\/\/strangercam.com\/cam-chat\/#breadcrumb","itemListElement":[{"@type":"ListItem","position":1,"name":"Home","item":"https:\/\/strangercam.com\/"},{"@type":"ListItem","position":2,"name":"Cam Chat"}]},{"@type":"WebSite","@id":"https:\/\/strangercam.com\/#website","url":"https:\/\/strangercam.com\/","name":"Strangercam","description":"Yabanc\u0131larla Rastgele G\u00f6r\u00fcnt\u00fcl\u00fc Sohbet","publisher":{"@id":"https:\/\/strangercam.com\/#organization"},"alternateName":"Strangercam.com","potentialAction":[{"@type":"SearchAction","target":{"@type":"EntryPoint","urlTemplate":"https:\/\/strangercam.com\/?s={search_term_string}"},"query-input":{"@type":"PropertyValueSpecification","valueRequired":true,"valueName":"search_term_string"}}],"inLanguage":"tr"},{"@type":"Organization","@id":"https:\/\/strangercam.com\/#organization","name":"Strangercam","alternateName":"Strangercam.com","url":"https:\/\/strangercam.com\/","logo":{"@type":"ImageObject","inLanguage":"tr","@id":"https:\/\/strangercam.com\/#\/schema\/logo\/image\/","url":"https:\/\/strangercam.com\/wp-content\/uploads\/2020\/11\/cropped-new-favicon-black.png","contentUrl":"https:\/\/strangercam.com\/wp-content\/uploads\/2020\/11\/cropped-new-favicon-black.png","width":512,"height":512,"caption":"Strangercam"},"image":{"@id":"https:\/\/strangercam.com\/#\/schema\/logo\/image\/"},"sameAs":["https:\/\/www.facebook.com\/strangercam","https:\/\/x.com\/strangercamapp"]}]}},"_links":{"self":[{"href":"https:\/\/strangercam.com\/tr\/wp-json\/wp\/v2\/pages\/4073","targetHints":{"allow":["GET"]}}],"collection":[{"href":"https:\/\/strangercam.com\/tr\/wp-json\/wp\/v2\/pages"}],"about":[{"href":"https:\/\/strangercam.com\/tr\/wp-json\/wp\/v2\/types\/page"}],"author":[{"embeddable":true,"href":"https:\/\/strangercam.com\/tr\/wp-json\/wp\/v2\/users\/8"}],"replies":[{"embeddable":true,"href":"https:\/\/strangercam.com\/tr\/wp-json\/wp\/v2\/comments?post=4073"}],"version-history":[{"count":3,"href":"https:\/\/strangercam.com\/tr\/wp-json\/wp\/v2\/pages\/4073\/revisions"}],"predecessor-version":[{"id":13003,"href":"https:\/\/strangercam.com\/tr\/wp-json\/wp\/v2\/pages\/4073\/revisions\/13003"}],"wp:attachment":[{"href":"https:\/\/strangercam.com\/tr\/wp-json\/wp\/v2\/media?parent=4073"}],"curies":[{"name":"wp","href":"https:\/\/api.w.org\/{rel}","templated":true}]}}