{"id":4022,"date":"2025-09-03T12:43:36","date_gmt":"2025-09-03T10:43:36","guid":{"rendered":"https:\/\/strangercam.com\/?page_id=4022"},"modified":"2025-09-03T13:42:39","modified_gmt":"2025-09-03T11:42:39","slug":"ucretsiz-rastgele-goruntulu-sohbet","status":"publish","type":"page","link":"https:\/\/strangercam.com\/tr\/free-random-video-chat\/","title":{"rendered":"\u00dccretsiz Rastgele G\u00f6r\u00fcnt\u00fcl\u00fc Sohbet"},"content":{"rendered":"<p>\u00dccretsiz rastgele bir videonun keyfini \u00e7\u0131karman\u0131n en iyi yolunu mu ar\u0131yorsunuz? <a href=\"https:\/\/strangercam.com\/tr\/chathub\/\">sohbet<\/a>? Yaln\u0131z de\u011filsiniz. D\u00fcnya \u00e7ap\u0131nda milyonlarca insan her ay rastgele g\u00f6r\u00fcnt\u00fcl\u00fc sohbet platformlar\u0131n\u0131 ar\u0131yor ve ister arkada\u015fl\u0131k, ister k\u00fclt\u00fcrel de\u011fi\u015fim, ister g\u00fcndelik fl\u00f6rt veya sadece can s\u0131k\u0131nt\u0131s\u0131n\u0131 gidermek i\u00e7in olsun, yabanc\u0131larla an\u0131nda ba\u011flant\u0131 kurmay\u0131 umuyor. Yava\u015f veya yapay hissettirebilen arkada\u015fl\u0131k uygulamalar\u0131 veya sosyal a\u011flar\u0131n aksine, rastgele g\u00f6r\u00fcnt\u00fcl\u00fc sohbet spontane, \u00f6zg\u00fcn ve heyecan vericidir.<\/p>\n<p>StrangerCam gibi platformlarla, kay\u0131t olmadan, indirme yapmadan ve gizli maliyetler olmadan \u00fccretsiz rastgele g\u00f6r\u00fcnt\u00fcl\u00fc sohbetin keyfini \u00e7\u0131karmak her zamankinden daha kolay. Sadece bir d\u00fc\u011fmeye t\u0131klay\u0131n ve d\u00fcnyan\u0131n herhangi bir yerinden yeni biriyle an\u0131nda y\u00fcz y\u00fcze gelin.<\/p>\n<p>Bu k\u0131lavuz bilmeniz gereken her \u015feyi kapsayacakt\u0131r: \u00fccretsiz rastgele g\u00f6r\u00fcnt\u00fcl\u00fc sohbetin ne oldu\u011fu, insanlar\u0131n neden sevdi\u011fi, nas\u0131l \u00e7al\u0131\u015ft\u0131\u011f\u0131, aranacak en iyi \u00f6zellikler, pop\u00fcler platformlar\u0131n kar\u015f\u0131la\u015ft\u0131rmalar\u0131, g\u00fcvenlik ipu\u00e7lar\u0131 ve StrangerCam'in neden 2025'teki en iyi se\u00e7eneklerden biri oldu\u011fu.<\/p>\n<h2>\u00dccretsiz Rastgele G\u00f6r\u00fcnt\u00fcl\u00fc Sohbet Nedir?<\/h2>\n<p>\u00dccretsiz rastgele g\u00f6r\u00fcnt\u00fcl\u00fc sohbet, web kameran\u0131z\u0131 ve mikrofonunuzu kullanarak sizi canl\u0131, bire bir g\u00f6r\u00fcnt\u00fcl\u00fc g\u00f6r\u00fc\u015fmeler i\u00e7in an\u0131nda yabanc\u0131lara ba\u011flayan \u00e7evrimi\u00e7i bir hizmettir. \"Rastgele\" k\u0131sm\u0131, sohbet ba\u015flayana kadar kiminle tan\u0131\u015faca\u011f\u0131n\u0131z\u0131 asla bilemeyece\u011finiz anlam\u0131na gelir - yak\u0131ndaki biri veya d\u00fcnyan\u0131n di\u011fer ucundaki biri olabilir.<\/p>\n<p>Metin sohbet odalar\u0131n\u0131n aksine, rastgele g\u00f6r\u00fcnt\u00fcl\u00fc sohbet size \u00e7ok daha ger\u00e7ek\u00e7i ve ilgi \u00e7ekici bir deneyim sunar \u00e7\u00fcnk\u00fc kar\u015f\u0131n\u0131zdaki ki\u015fiyi ger\u00e7ek zamanl\u0131 olarak g\u00f6rebilir ve duyabilirsiniz. Sohbetten keyif alm\u0131yorsan\u0131z, yeni birine ge\u00e7mek i\u00e7in \"\u0130leri\" d\u00fc\u011fmesine basman\u0131z yeterlidir.<\/p>\n<h2>\u0130nsanlar \u00dccretsiz Rastgele G\u00f6r\u00fcnt\u00fcl\u00fc Sohbeti Neden Seviyor?<\/h2>\n<p>\u00dccretsiz rastgele g\u00f6r\u00fcnt\u00fcl\u00fc sohbetin bu kadar pop\u00fcler hale gelmesinin bir\u00e7ok nedeni var:<\/p>\n<ul>\n<li>Spontane E\u011flence: Her sohbet benzersiz ve \u00f6ng\u00f6r\u00fclemezdir.<\/li>\n<li>Ger\u00e7ek \u0130nsan Etkile\u015fimi: G\u00f6r\u00fcnt\u00fcl\u00fc g\u00f6r\u00fc\u015fmeler, kar\u015f\u0131n\u0131zdaki ki\u015finin bir bot de\u011fil ger\u00e7ek oldu\u011funu teyit eder.<\/li>\n<li>An\u0131nda Ba\u011flant\u0131lar: Uzun kay\u0131tlar veya yan\u0131t beklemek yok.<\/li>\n<li>K\u00fcresel Eri\u015fim: D\u00fcnyan\u0131n her yerinden yabanc\u0131larla 7\/24 tan\u0131\u015f\u0131n.<\/li>\n<li>E\u011flence De\u011feri: Zaman ge\u00e7irmek, arkada\u015f edinmek veya s\u0131radan fl\u00f6rtle\u015fmeler i\u00e7in m\u00fckemmeldir.<\/li>\n<li>Se\u00e7im \u00d6zg\u00fcrl\u00fc\u011f\u00fc: Ortam\u0131 be\u011fenmediniz mi? Sadece \"\u0130leri \"ye t\u0131klay\u0131n.<\/li>\n<\/ul>\n<h2>\u00dccretsiz Rastgele G\u00f6r\u00fcnt\u00fcl\u00fc Sohbet Nas\u0131l \u00c7al\u0131\u015f\u0131r?<\/h2>\n<p>\u00dccretsiz rastgele g\u00f6r\u00fcnt\u00fcl\u00fc sohbet ba\u015flatmak inan\u0131lmaz derecede kolayd\u0131r:<\/p>\n<ol>\n<li>Platformu telefonunuzda veya bilgisayar\u0131n\u0131zda a\u00e7\u0131n.<\/li>\n<li>Kamera ve mikrofon eri\u015fimine izin verin.<\/li>\n<li>\"Sohbeti Ba\u015flat \"a t\u0131klay\u0131n.<\/li>\n<li>G\u00f6r\u00fcnt\u00fcl\u00fc arama yoluyla bir yabanc\u0131yla an\u0131nda ba\u011flant\u0131 kurun.<\/li>\n<li>Yeni biriyle tan\u0131\u015fmak i\u00e7in istedi\u011finiz zaman \"\u0130leri \"ye t\u0131klay\u0131n.<\/li>\n<\/ol>\n<p>Baz\u0131 platformlar, diller aras\u0131nda sohbeti kolayla\u015ft\u0131rmak i\u00e7in cinsiyet filtreleri, konum tercihleri ve hatta otomatik \u00e7eviri ara\u00e7lar\u0131 gibi ekstra \u00f6zellikler ekler.<\/p>\n<h2>Aranacak En \u00d6nemli \u00d6zellikler<\/h2>\n<p>T\u00fcm g\u00f6r\u00fcnt\u00fcl\u00fc sohbet platformlar\u0131 e\u015fit yarat\u0131lmam\u0131\u015ft\u0131r. En iyi \u00fccretsiz rastgele g\u00f6r\u00fcnt\u00fcl\u00fc sohbet deneyimini istiyorsan\u0131z, i\u015fte araman\u0131z gerekenler:<\/p>\n<h3>1. Ger\u00e7ekten \u00dccretsiz Eri\u015fim<\/h3>\n<p>Baz\u0131 siteler \"\u00fccretsiz\" olarak reklam yapar ancak daha sonra \u00f6zellikleri k\u0131s\u0131tlar veya sizi \u00f6deme duvarlar\u0131na iter. S\u0131n\u0131rs\u0131z eri\u015fim sunan bir platform se\u00e7in.<\/p>\n<h3>2. Kay\u0131t Gerektirmez<\/h3>\n<p>Anonim kal\u0131n ve hesap veya giri\u015f yapmadan sohbet etmeye ba\u015flay\u0131n.<\/p>\n<h3>3. Cinsiyet ve Konum Filtreleri<\/h3>\n<p>Belirli insan tipleriyle konu\u015fmay\u0131 tercih ediyorsan\u0131z faydal\u0131d\u0131r.<\/p>\n<h3>4. G\u00fc\u00e7l\u00fc Il\u0131ml\u0131l\u0131k<\/h3>\n<p>Aktif moderat\u00f6rler ve raporlama ara\u00e7lar\u0131 daha g\u00fcvenli bir deneyim sa\u011flar.<\/p>\n<h3>5. Mobil Uyumlu Tasar\u0131m<\/h3>\n<p>\u0130yi bir platform hem masa\u00fcst\u00fcnde hem de mobil cihazlarda sorunsuz \u00e7al\u0131\u015fmal\u0131d\u0131r.<\/p>\n<h3>6. Y\u00fcksek Kaliteli Video ve Ses<\/h3>\n<p>Net ba\u011flant\u0131lar sohbetleri daha do\u011fal ve keyifli hale getirir.<\/p>\n<h2>2025'in En \u0130yi \u00dccretsiz Rastgele G\u00f6r\u00fcnt\u00fcl\u00fc Sohbet Platformlar\u0131<\/h2>\n<p>\u0130\u015fte en pop\u00fcler rastgele g\u00f6r\u00fcnt\u00fcl\u00fc sohbet platformlar\u0131n\u0131n kar\u015f\u0131la\u015ft\u0131rmas\u0131:<\/p>\n<table>\n<thead>\n<tr>\n<th>Platform<\/th>\n<th align=\"center\">\u00dccretsiz Eri\u015fim<\/th>\n<th align=\"center\">Cinsiyet Filtresi<\/th>\n<th align=\"center\">Kay\u0131t Gerekli<\/th>\n<th align=\"center\">Mobil Destek<\/th>\n<th align=\"center\">Moderasyon<\/th>\n<th>Notlar<\/th>\n<\/tr>\n<\/thead>\n<tbody>\n<tr>\n<td>StrangerCam<\/td>\n<td align=\"center\">\u2705<\/td>\n<td align=\"center\">\u2705 (\u00dccretsiz)<\/td>\n<td align=\"center\">\u274c<\/td>\n<td align=\"center\">\u2705<\/td>\n<td align=\"center\">\u2705<\/td>\n<td>En iyi genel se\u00e7im, ger\u00e7ekten \u00fccretsiz<\/td>\n<\/tr>\n<tr>\n<td><a href=\"https:\/\/strangercam.com\/tr\/chatroulette\/\">Chatroulette<\/a><\/td>\n<td align=\"center\">\u2705<\/td>\n<td align=\"center\">\u274c (\u00dccretli)<\/td>\n<td align=\"center\">\u274c<\/td>\n<td align=\"center\">\u2705<\/td>\n<td align=\"center\">\u2705<\/td>\n<td>Klasik ama cinsiyet filtreleri kilitli<\/td>\n<\/tr>\n<tr>\n<td>Chatrandom<\/td>\n<td align=\"center\">\u2705<\/td>\n<td align=\"center\">\u274c (\u00dccretli)<\/td>\n<td align=\"center\">\u274c<\/td>\n<td align=\"center\">\u2705<\/td>\n<td align=\"center\">\u2705<\/td>\n<td>Geni\u015f kullan\u0131c\u0131 taban\u0131, premium y\u00fckseltmeler<\/td>\n<\/tr>\n<tr>\n<td><a href=\"https:\/\/strangercam.com\/tr\/ometv\/\">OmeTV<\/a><\/td>\n<td align=\"center\">\u2705<\/td>\n<td align=\"center\">\u274c<\/td>\n<td align=\"center\">\u274c<\/td>\n<td align=\"center\">\u2705<\/td>\n<td align=\"center\">\u2705<\/td>\n<td>Mobil uygulama, sadece rastgele<\/td>\n<\/tr>\n<tr>\n<td>Shagle<\/td>\n<td align=\"center\">\u2705<\/td>\n<td align=\"center\">\u274c (\u00dccretli)<\/td>\n<td align=\"center\">\u274c<\/td>\n<td align=\"center\">\u2705<\/td>\n<td align=\"center\">\u2705<\/td>\n<td>Prim yo\u011fun bir \u015fekilde itildi<\/td>\n<\/tr>\n<tr>\n<td><a href=\"https:\/\/strangercam.com\/tr\/coomeet\/\">CooMeet<\/a><\/td>\n<td align=\"center\">\u274c (Deneme)<\/td>\n<td align=\"center\">\u2705<\/td>\n<td align=\"center\">\u2705<\/td>\n<td align=\"center\">\u2705<\/td>\n<td align=\"center\">\u2705<\/td>\n<td>S\u0131n\u0131rl\u0131 \u00fccretsiz denemeden sonra \u00fccretli<\/td>\n<\/tr>\n<tr>\n<td>LuckyCrush<\/td>\n<td align=\"center\">\u274c<\/td>\n<td align=\"center\">\u2705<\/td>\n<td align=\"center\">\u2705<\/td>\n<td align=\"center\">\u2705<\/td>\n<td align=\"center\">\u2705<\/td>\n<td>Her zaman \u00fccretli, cinsiyete \u00f6zel sohbetler<\/td>\n<\/tr>\n<\/tbody>\n<\/table>\n<p>Bunlar aras\u0131nda StrangerCam, \u00e7al\u0131\u015fan bir cinsiyet filtresi ve kay\u0131t olmadan \u00fccretsiz, s\u0131n\u0131rs\u0131z rastgele g\u00f6r\u00fcnt\u00fcl\u00fc sohbet sunan tek platformlardan biridir.<\/p>\n<h2>StrangerCam Neden En \u0130yi Se\u00e7imdir?<\/h2>\n<p>\u0130\u015fte StrangerCam'in 2025'te \u00fccretsiz rastgele g\u00f6r\u00fcnt\u00fcl\u00fc sohbet i\u00e7in en iyi platformlardan biri olmas\u0131n\u0131n nedeni:<\/p>\n<h3>1. Tamamen \u00dccretsiz<\/h3>\n<p>S\u0131n\u0131rs\u0131z sohbet, gizli maliyet veya kredi gerekmez.<\/p>\n<h3>2. \u00dccretsiz Cinsiyet Filtresi<\/h3>\n<p>Kiminle konu\u015fmak istedi\u011finizi se\u00e7in-erkeklerle, k\u0131zlarla veya her ikisiyle birden-\u00f6deme duvarlar\u0131 olmadan.<\/p>\n<h3>3. Kay\u0131t Gerektirmez<\/h3>\n<p>Anonim kal\u0131n ve an\u0131nda sohbet etmeye ba\u015flay\u0131n.<\/p>\n<h3>4. G\u00fcvenli ve Moderat\u00f6rl\u00fc<\/h3>\n<p>Aktif moderasyon ve raporlama ara\u00e7lar\u0131 ile StrangerCam toplulu\u011fu g\u00fcvende tutar.<\/p>\n<h3>5. K\u00fcresel Kullan\u0131c\u0131 Taban\u0131<\/h3>\n<p>\u0130stedi\u011finiz zaman 100'den fazla \u00fclkeden yabanc\u0131larla tan\u0131\u015f\u0131n.<\/p>\n<h3>6. T\u00fcm Cihazlar i\u00e7in Optimize Edildi<\/h3>\n<p>Mobil, tablet ve masa\u00fcst\u00fcnde sorunsuz \u00e7al\u0131\u015f\u0131r.<\/p>\n<h2>Ger\u00e7ek Kullan\u0131c\u0131 G\u00f6r\u00fc\u015fleri<\/h2>\n<blockquote><p>\"\u00dccretsiz olarak rastgele g\u00f6r\u00fcnt\u00fcl\u00fc sohbet yapabilece\u011fim bir site ar\u0131yordum ve StrangerCam beni \u00f6deme duvar\u0131na itmeyen tek siteydi.\"<br \/>\n- Alex, 27 ya\u015f\u0131nda.<\/p><\/blockquote>\n<blockquote><p>\"Bir ak\u015famda be\u015f farkl\u0131 \u00fclkeden insanla tan\u0131\u015ft\u0131m. Bu her zaman heyecan verici \u00e7\u00fcnk\u00fc s\u0131rada kimin oldu\u011funu asla bilemiyorsunuz.\"<br \/>\n- Sophia, 22 ya\u015f\u0131nda.<\/p><\/blockquote>\n<blockquote><p>\"Cinsiyet filtresi asl\u0131nda ekstra \u00f6deme yapmadan \u00e7al\u0131\u015f\u0131yor. Bu, di\u011fer platformlara k\u0131yasla oyunun kurallar\u0131n\u0131 de\u011fi\u015ftiren bir \u00f6zellik.\"<br \/>\n- Ryan, 30 ya\u015f\u0131nda.<\/p><\/blockquote>\n<blockquote><p>\"H\u0131zl\u0131, e\u011flenceli ve g\u00fcvenli. StrangerCam internette yeni insanlarla tan\u0131\u015fmak i\u00e7in en sevdi\u011fim yol haline geldi.\"<br \/>\n- Emily, 19 ya\u015f\u0131nda.<\/p><\/blockquote>\n<h2>\u00dccretsiz Rastgele G\u00f6r\u00fcnt\u00fcl\u00fc Sohbet i\u00e7in G\u00fcvenlik \u0130pu\u00e7lar\u0131<\/h2>\n<p>G\u00f6r\u00fcnt\u00fcl\u00fc sohbet e\u011flenceli olsa da, g\u00fcvenli\u011fi her zaman akl\u0131n\u0131zda bulundurun:<\/p>\n<ul>\n<li>Telefon numaran\u0131z, e-postan\u0131z veya adresiniz gibi ki\u015fisel bilgilerinizi payla\u015fmay\u0131n.<\/li>\n<li>Yabanc\u0131lar\u0131n g\u00f6nderdi\u011fi ba\u011flant\u0131lara t\u0131klamaktan ka\u00e7\u0131n\u0131n.<\/li>\n<li>Kendinizi rahats\u0131z hissediyorsan\u0131z \"\u0130leri\" d\u00fc\u011fmesini serbest\u00e7e kullan\u0131n.<\/li>\n<li>\u00d6zel hi\u00e7bir \u015feyin g\u00f6r\u00fcnmedi\u011finden emin olmak i\u00e7in arka plan\u0131n\u0131z\u0131 kontrol edin.<\/li>\n<li>Platformun ara\u00e7lar\u0131n\u0131 kullanarak k\u00f6t\u00fc kullan\u0131c\u0131lar\u0131 bildirin.<\/li>\n<li>Ya\u015f s\u0131n\u0131rlamalar\u0131na uyun - 18 ya\u015f\u0131n alt\u0131ndaysan\u0131z, yeti\u015fkinlere y\u00f6nelik g\u00f6r\u00fcnt\u00fcl\u00fc sohbet platformlar\u0131n\u0131 kullanmay\u0131n.<\/li>\n<\/ul>\n<h2>Nas\u0131l Ba\u015flan\u0131r - Ad\u0131m Ad\u0131m<\/h2>\n<p>\u00dccretsiz rastgele bir g\u00f6r\u00fcnt\u00fcl\u00fc sohbete ba\u015flamak sadece birka\u00e7 saniye s\u00fcrer:<\/p>\n<ol>\n<li>Taray\u0131c\u0131n\u0131zda veya telefonunuzda StrangerCam'i a\u00e7\u0131n.<\/li>\n<li>Kamera ve mikrofon eri\u015fimine izin verin.<\/li>\n<li>Tercihleri se\u00e7in (varsa cinsiyet filtresi gibi).<\/li>\n<li>An\u0131nda ba\u011flanmak i\u00e7in Sohbeti Ba\u015flat'a t\u0131klay\u0131n.<\/li>\n<li>Yeni biriyle tan\u0131\u015fmak i\u00e7in istedi\u011finiz zaman \u0130leri'ye t\u0131klay\u0131n.<\/li>\n<\/ol>\n<p>H\u0131zl\u0131, basit ve tamamen \u00fccretsiz.<\/p>\n<h2>Son D\u00fc\u015f\u00fcnceler - \u00dccretsiz Rastgele G\u00f6r\u00fcnt\u00fcl\u00fc Sohbeti Bug\u00fcn Deneyin<\/h2>\n<p>2025 y\u0131l\u0131nda, \u00fccretsiz rastgele g\u00f6r\u00fcnt\u00fcl\u00fc sohbet, \u00e7evrimi\u00e7i yeni insanlarla tan\u0131\u015fman\u0131n en kolay ve en heyecan verici yollar\u0131ndan biridir. H\u0131zl\u0131, e\u011flenceli ve sizi d\u00fcnyan\u0131n her yerinden yabanc\u0131larla an\u0131nda bulu\u015fturuyor.<\/p>\n<p>Ancak t\u00fcm platformlar bunu sa\u011flayam\u0131yor. Bir\u00e7o\u011fu \u00f6zellikleri \u00f6deme duvarlar\u0131n\u0131n arkas\u0131na gizler veya botlarla doludur. Bu y\u00fczden StrangerCam en iyi se\u00e7enektir: \u00fccretsiz, g\u00fcvenli, anonim ve sohbete haz\u0131r k\u00fcresel kullan\u0131c\u0131larla her zaman aktiftir.<\/p>\n<p>Denemeye haz\u0131r m\u0131s\u0131n\u0131z? Bug\u00fcn \u00fccretsiz bir rastgele g\u00f6r\u00fcnt\u00fcl\u00fc sohbet ba\u015flat\u0131n ve bir sonraki bulu\u015fman\u0131z\u0131n kim olaca\u011f\u0131n\u0131 g\u00f6r\u00fcn.<\/p>","protected":false},"excerpt":{"rendered":"<p>Are you looking for the best way to enjoy a free random video chat? You\u2019re not alone. Millions of people worldwide search for random video chat platforms every month, hoping to connect instantly with strangers\u2014whether for friendship, cultural exchange, casual flirting, or simply to kill boredom. Unlike dating apps or social networks, which can feel [&hellip;]<\/p>\n","protected":false},"author":8,"featured_media":0,"parent":0,"menu_order":0,"comment_status":"closed","ping_status":"closed","template":"","meta":{"footnotes":""},"class_list":["post-4022","page","type-page","status-publish","hentry"],"yoast_head":"<!-- This site is optimized with the Yoast SEO plugin v27.4 - https:\/\/yoast.com\/product\/yoast-seo-wordpress\/ -->\n<title>Free Random Video Chat on Strangercam.com<\/title>\n<meta name=\"description\" content=\"Liking Free Random Video Chat? Join millions on StrangerCam.com! Start a random video chat, turn on your cam, and meet strangers instantly.\" \/>\n<meta name=\"robots\" content=\"index, follow, max-snippet:-1, max-image-preview:large, max-video-preview:-1\" \/>\n<link rel=\"canonical\" href=\"https:\/\/strangercam.com\/tr\/ucretsiz-rastgele-goruntulu-sohbet\/\" \/>\n<meta property=\"og:locale\" content=\"tr_TR\" \/>\n<meta property=\"og:type\" content=\"article\" \/>\n<meta property=\"og:title\" content=\"Free Random Video Chat on Strangercam.com\" \/>\n<meta property=\"og:description\" content=\"Liking Free Random Video Chat? Join millions on StrangerCam.com! Start a random video chat, turn on your cam, and meet strangers instantly.\" \/>\n<meta property=\"og:url\" content=\"https:\/\/strangercam.com\/tr\/ucretsiz-rastgele-goruntulu-sohbet\/\" \/>\n<meta property=\"og:site_name\" content=\"Strangercam\" \/>\n<meta property=\"article:publisher\" content=\"https:\/\/www.facebook.com\/strangercam\" \/>\n<meta property=\"article:modified_time\" content=\"2025-09-03T11:42:39+00:00\" \/>\n<meta property=\"og:image\" content=\"https:\/\/strangercam.com\/wp-content\/uploads\/2021\/10\/Untitled-2.png\" \/>\n\t<meta property=\"og:image:width\" content=\"800\" \/>\n\t<meta property=\"og:image:height\" content=\"532\" \/>\n\t<meta property=\"og:image:type\" content=\"image\/png\" \/>\n<meta name=\"twitter:card\" content=\"summary_large_image\" \/>\n<meta name=\"twitter:site\" content=\"@strangercamapp\" \/>\n<meta name=\"twitter:label1\" content=\"Tahmini okuma s\u00fcresi\" \/>\n\t<meta name=\"twitter:data1\" content=\"5 dakika\" \/>\n<script type=\"application\/ld+json\" class=\"yoast-schema-graph\">{\"@context\":\"https:\\\/\\\/schema.org\",\"@graph\":[{\"@type\":\"WebPage\",\"@id\":\"https:\\\/\\\/strangercam.com\\\/free-random-video-chat\\\/\",\"url\":\"https:\\\/\\\/strangercam.com\\\/free-random-video-chat\\\/\",\"name\":\"Free Random Video Chat on Strangercam.com\",\"isPartOf\":{\"@id\":\"https:\\\/\\\/strangercam.com\\\/#website\"},\"datePublished\":\"2025-09-03T10:43:36+00:00\",\"dateModified\":\"2025-09-03T11:42:39+00:00\",\"description\":\"Liking Free Random Video Chat? Join millions on StrangerCam.com! Start a random video chat, turn on your cam, and meet strangers instantly.\",\"breadcrumb\":{\"@id\":\"https:\\\/\\\/strangercam.com\\\/free-random-video-chat\\\/#breadcrumb\"},\"inLanguage\":\"tr\",\"potentialAction\":[{\"@type\":\"ReadAction\",\"target\":[\"https:\\\/\\\/strangercam.com\\\/free-random-video-chat\\\/\"]}]},{\"@type\":\"BreadcrumbList\",\"@id\":\"https:\\\/\\\/strangercam.com\\\/free-random-video-chat\\\/#breadcrumb\",\"itemListElement\":[{\"@type\":\"ListItem\",\"position\":1,\"name\":\"Home\",\"item\":\"https:\\\/\\\/strangercam.com\\\/\"},{\"@type\":\"ListItem\",\"position\":2,\"name\":\"Free Random Video Chat\"}]},{\"@type\":\"WebSite\",\"@id\":\"https:\\\/\\\/strangercam.com\\\/#website\",\"url\":\"https:\\\/\\\/strangercam.com\\\/\",\"name\":\"Strangercam\",\"description\":\"Random Video Chat with Strangers\",\"publisher\":{\"@id\":\"https:\\\/\\\/strangercam.com\\\/#organization\"},\"alternateName\":\"Strangercam.com\",\"potentialAction\":[{\"@type\":\"SearchAction\",\"target\":{\"@type\":\"EntryPoint\",\"urlTemplate\":\"https:\\\/\\\/strangercam.com\\\/?s={search_term_string}\"},\"query-input\":{\"@type\":\"PropertyValueSpecification\",\"valueRequired\":true,\"valueName\":\"search_term_string\"}}],\"inLanguage\":\"tr\"},{\"@type\":\"Organization\",\"@id\":\"https:\\\/\\\/strangercam.com\\\/#organization\",\"name\":\"Strangercam\",\"alternateName\":\"Strangercam.com\",\"url\":\"https:\\\/\\\/strangercam.com\\\/\",\"logo\":{\"@type\":\"ImageObject\",\"inLanguage\":\"tr\",\"@id\":\"https:\\\/\\\/strangercam.com\\\/#\\\/schema\\\/logo\\\/image\\\/\",\"url\":\"https:\\\/\\\/strangercam.com\\\/wp-content\\\/uploads\\\/2020\\\/11\\\/cropped-new-favicon-black.png\",\"contentUrl\":\"https:\\\/\\\/strangercam.com\\\/wp-content\\\/uploads\\\/2020\\\/11\\\/cropped-new-favicon-black.png\",\"width\":512,\"height\":512,\"caption\":\"Strangercam\"},\"image\":{\"@id\":\"https:\\\/\\\/strangercam.com\\\/#\\\/schema\\\/logo\\\/image\\\/\"},\"sameAs\":[\"https:\\\/\\\/www.facebook.com\\\/strangercam\",\"https:\\\/\\\/x.com\\\/strangercamapp\"]}]}<\/script>\n<!-- \/ Yoast SEO plugin. -->","yoast_head_json":{"title":"Strangercam.com'da \u00dccretsiz Rastgele G\u00f6r\u00fcnt\u00fcl\u00fc Sohbet","description":"\u00dccretsiz Rastgele G\u00f6r\u00fcnt\u00fcl\u00fc Sohbeti Seviyor musunuz? StrangerCam.com'da Join milyonlarca! Rastgele bir g\u00f6r\u00fcnt\u00fcl\u00fc sohbet ba\u015flat\u0131n, kameran\u0131z\u0131 a\u00e7\u0131n ve yabanc\u0131larla an\u0131nda tan\u0131\u015f\u0131n.","robots":{"index":"index","follow":"follow","max-snippet":"max-snippet:-1","max-image-preview":"max-image-preview:large","max-video-preview":"max-video-preview:-1"},"canonical":"https:\/\/strangercam.com\/tr\/ucretsiz-rastgele-goruntulu-sohbet\/","og_locale":"tr_TR","og_type":"article","og_title":"Free Random Video Chat on Strangercam.com","og_description":"Liking Free Random Video Chat? Join millions on StrangerCam.com! Start a random video chat, turn on your cam, and meet strangers instantly.","og_url":"https:\/\/strangercam.com\/tr\/ucretsiz-rastgele-goruntulu-sohbet\/","og_site_name":"Strangercam","article_publisher":"https:\/\/www.facebook.com\/strangercam","article_modified_time":"2025-09-03T11:42:39+00:00","og_image":[{"width":800,"height":532,"url":"https:\/\/strangercam.com\/wp-content\/uploads\/2021\/10\/Untitled-2.png","type":"image\/png"}],"twitter_card":"summary_large_image","twitter_site":"@strangercamapp","twitter_misc":{"Tahmini okuma s\u00fcresi":"5 dakika"},"schema":{"@context":"https:\/\/schema.org","@graph":[{"@type":"WebPage","@id":"https:\/\/strangercam.com\/free-random-video-chat\/","url":"https:\/\/strangercam.com\/free-random-video-chat\/","name":"Strangercam.com'da \u00dccretsiz Rastgele G\u00f6r\u00fcnt\u00fcl\u00fc Sohbet","isPartOf":{"@id":"https:\/\/strangercam.com\/#website"},"datePublished":"2025-09-03T10:43:36+00:00","dateModified":"2025-09-03T11:42:39+00:00","description":"\u00dccretsiz Rastgele G\u00f6r\u00fcnt\u00fcl\u00fc Sohbeti Seviyor musunuz? StrangerCam.com'da Join milyonlarca! Rastgele bir g\u00f6r\u00fcnt\u00fcl\u00fc sohbet ba\u015flat\u0131n, kameran\u0131z\u0131 a\u00e7\u0131n ve yabanc\u0131larla an\u0131nda tan\u0131\u015f\u0131n.","breadcrumb":{"@id":"https:\/\/strangercam.com\/free-random-video-chat\/#breadcrumb"},"inLanguage":"tr","potentialAction":[{"@type":"ReadAction","target":["https:\/\/strangercam.com\/free-random-video-chat\/"]}]},{"@type":"BreadcrumbList","@id":"https:\/\/strangercam.com\/free-random-video-chat\/#breadcrumb","itemListElement":[{"@type":"ListItem","position":1,"name":"Home","item":"https:\/\/strangercam.com\/"},{"@type":"ListItem","position":2,"name":"Free Random Video Chat"}]},{"@type":"WebSite","@id":"https:\/\/strangercam.com\/#website","url":"https:\/\/strangercam.com\/","name":"Strangercam","description":"Yabanc\u0131larla Rastgele G\u00f6r\u00fcnt\u00fcl\u00fc Sohbet","publisher":{"@id":"https:\/\/strangercam.com\/#organization"},"alternateName":"Strangercam.com","potentialAction":[{"@type":"SearchAction","target":{"@type":"EntryPoint","urlTemplate":"https:\/\/strangercam.com\/?s={search_term_string}"},"query-input":{"@type":"PropertyValueSpecification","valueRequired":true,"valueName":"search_term_string"}}],"inLanguage":"tr"},{"@type":"Organization","@id":"https:\/\/strangercam.com\/#organization","name":"Strangercam","alternateName":"Strangercam.com","url":"https:\/\/strangercam.com\/","logo":{"@type":"ImageObject","inLanguage":"tr","@id":"https:\/\/strangercam.com\/#\/schema\/logo\/image\/","url":"https:\/\/strangercam.com\/wp-content\/uploads\/2020\/11\/cropped-new-favicon-black.png","contentUrl":"https:\/\/strangercam.com\/wp-content\/uploads\/2020\/11\/cropped-new-favicon-black.png","width":512,"height":512,"caption":"Strangercam"},"image":{"@id":"https:\/\/strangercam.com\/#\/schema\/logo\/image\/"},"sameAs":["https:\/\/www.facebook.com\/strangercam","https:\/\/x.com\/strangercamapp"]}]}},"_links":{"self":[{"href":"https:\/\/strangercam.com\/tr\/wp-json\/wp\/v2\/pages\/4022","targetHints":{"allow":["GET"]}}],"collection":[{"href":"https:\/\/strangercam.com\/tr\/wp-json\/wp\/v2\/pages"}],"about":[{"href":"https:\/\/strangercam.com\/tr\/wp-json\/wp\/v2\/types\/page"}],"author":[{"embeddable":true,"href":"https:\/\/strangercam.com\/tr\/wp-json\/wp\/v2\/users\/8"}],"replies":[{"embeddable":true,"href":"https:\/\/strangercam.com\/tr\/wp-json\/wp\/v2\/comments?post=4022"}],"version-history":[{"count":3,"href":"https:\/\/strangercam.com\/tr\/wp-json\/wp\/v2\/pages\/4022\/revisions"}],"predecessor-version":[{"id":12997,"href":"https:\/\/strangercam.com\/tr\/wp-json\/wp\/v2\/pages\/4022\/revisions\/12997"}],"wp:attachment":[{"href":"https:\/\/strangercam.com\/tr\/wp-json\/wp\/v2\/media?parent=4022"}],"curies":[{"name":"wp","href":"https:\/\/api.w.org\/{rel}","templated":true}]}}