{"id":4004,"date":"2025-09-03T12:37:25","date_gmt":"2025-09-03T10:37:25","guid":{"rendered":"https:\/\/strangercam.com\/?page_id=4004"},"modified":"2025-09-03T13:39:32","modified_gmt":"2025-09-03T11:39:32","slug":"yabancilarla-goruntulu-gorusme","status":"publish","type":"page","link":"https:\/\/strangercam.com\/tr\/video-call-strangers\/","title":{"rendered":"Yabanc\u0131lar\u0131 G\u00f6r\u00fcnt\u00fcl\u00fc Arama"},"content":{"rendered":"<p>Yabanc\u0131lar\u0131 g\u00f6r\u00fcnt\u00fcl\u00fc araman\u0131n en iyi yolunu mu ar\u0131yordunuz? Yaln\u0131z de\u011filsiniz. Her ay milyonlarca insan rastgele insanlarla tan\u0131\u015fabilecekleri, yeni arkada\u015flar edinebilecekleri, geli\u015fig\u00fczel fl\u00f6rt edebilecekleri veya sadece vakit ge\u00e7irebilecekleri anl\u0131k g\u00f6r\u00fcnt\u00fcl\u00fc arama platformlar\u0131 ar\u0131yor. Yava\u015f veya sahte hissettirebilen arkada\u015fl\u0131k uygulamalar\u0131 veya sosyal a\u011flar\u0131n aksine, yabanc\u0131larla g\u00f6r\u00fcnt\u00fcl\u00fc g\u00f6r\u00fc\u015fme spontane, ger\u00e7ek ve heyecan vericidir.<\/p>\n<p>StrangerCam gibi platformlarla, yabanc\u0131larla istedi\u011finiz zaman \u00fccretsiz g\u00f6r\u00fcnt\u00fcl\u00fc g\u00f6r\u00fc\u015fmenin keyfini \u00e7\u0131karabilirsiniz - kay\u0131t yok, indirme yok ve gizli maliyet yok. D\u00fcnyan\u0131n d\u00f6rt bir yan\u0131ndan insanlarla y\u00fcz y\u00fcze ba\u011flant\u0131 kurman\u0131n en kolay ve en e\u011flenceli yollar\u0131ndan biridir.<\/p>\n<p>Bu k\u0131lavuz bilmeniz gereken her \u015feyi a\u00e7\u0131klayacakt\u0131r: yabanc\u0131lar\u0131 g\u00f6r\u00fcnt\u00fcl\u00fc araman\u0131n ne anlama geldi\u011fi, neden bu kadar pop\u00fcler oldu\u011fu, nas\u0131l \u00e7al\u0131\u015ft\u0131\u011f\u0131, hangi \u00f6zelliklerin en \u00f6nemli oldu\u011fu, en iyi platformlar\u0131n kar\u015f\u0131la\u015ft\u0131rmalar\u0131, g\u00fcvenlik ipu\u00e7lar\u0131 ve StrangerCam'in neden 2025'te yabanc\u0131lar\u0131 g\u00f6r\u00fcnt\u00fcl\u00fc aramak i\u00e7in en iyi yerlerden biri oldu\u011fu.<\/p>\n<h2>\"Yabanc\u0131lar\u0131 G\u00f6r\u00fcnt\u00fcl\u00fc Arama\" Ne Anlama Geliyor?<\/h2>\n<p>Yabanc\u0131lar\u0131 g\u00f6r\u00fcnt\u00fcl\u00fc arad\u0131\u011f\u0131n\u0131zda, canl\u0131 web kameras\u0131 ve ses arac\u0131l\u0131\u011f\u0131yla rastgele ki\u015filere an\u0131nda ba\u011flan\u0131rs\u0131n\u0131z <a href=\"https:\/\/strangercam.com\/tr\/chathub\/\">sohbet<\/a>. Metin tabanl\u0131 platformlar\u0131n aksine, g\u00f6r\u00fcnt\u00fcl\u00fc arama ger\u00e7ek zamanl\u0131 olarak ger\u00e7ek bir ki\u015fiyle konu\u015fman\u0131z\u0131 sa\u011flar.<\/p>\n<p>Hesaplara, profillere veya sonsuz kayd\u0131rmaya gerek yok. Sadece bir d\u00fc\u011fmeye bas\u0131n ve yeni biriyle y\u00fcz y\u00fcze gelin. Sohbet arad\u0131\u011f\u0131n\u0131z gibi de\u011filse, \u0130leri'ye bas\u0131n ve an\u0131nda bir sonraki ki\u015fiye ge\u00e7in.<\/p>\n<h2>\u0130nsanlar Yabanc\u0131larla \u00dccretsiz G\u00f6r\u00fcnt\u00fcl\u00fc G\u00f6r\u00fc\u015fmeleri Neden Seviyor?<\/h2>\n<p>Yabanc\u0131larla \u00fccretsiz g\u00f6r\u00fcnt\u00fcl\u00fc g\u00f6r\u00fc\u015fmenin pop\u00fclaritesi h\u0131zla artt\u0131 \u00e7\u00fcnk\u00fc benzersiz bir \u015fey sunuyor:<\/p>\n<ul>\n<li>Ger\u00e7eklik: Video sahte olmay\u0131 imkans\u0131z hale getirir. Ger\u00e7ek ki\u015fiyi an\u0131nda g\u00f6r\u00fcr ve duyars\u0131n\u0131z.<\/li>\n<li>Spontanl\u0131k: Her sohbet bir s\u00fcrprizdir. S\u0131rada kimin oldu\u011funu asla bilemezsiniz.<\/li>\n<li>Ba\u011fl\u0131l\u0131k Yok: Kay\u0131t yok, profil yok - sadece h\u0131zl\u0131, an\u0131nda ba\u011flant\u0131.<\/li>\n<li>K\u00fcresel Eri\u015fim: D\u00fcnya \u00e7ap\u0131nda yabanc\u0131larla 7\/24 tan\u0131\u015f\u0131n.<\/li>\n<li>Arkada\u015fl\u0131k ve Fl\u00f6rt: Baz\u0131 insanlar bunu yeni arkada\u015flar edinmek i\u00e7in kullan\u0131r; di\u011ferleri ise g\u00f6n\u00fcls\u00fczce fl\u00f6rt etmek i\u00e7in.<\/li>\n<li>H\u0131zl\u0131 E\u011flence: Can s\u0131k\u0131nt\u0131s\u0131n\u0131 gidermek veya g\u00fcn\u00fcn\u00fcze heyecan katmak i\u00e7in m\u00fckemmeldir.<\/li>\n<\/ul>\n<h2>Yabanc\u0131 G\u00f6r\u00fcnt\u00fcl\u00fc Arama Nas\u0131l \u00c7al\u0131\u015f\u0131r?<\/h2>\n<p>Yabanc\u0131 bir g\u00f6r\u00fcnt\u00fcl\u00fc arama platformu kullanmak h\u0131zl\u0131 ve basittir:<\/p>\n<ol>\n<li>Platformu a\u00e7\u0131n (masa\u00fcst\u00fc veya mobil taray\u0131c\u0131).<\/li>\n<li>Kamera ve mikrofon eri\u015fimine izin verin.<\/li>\n<li>Rastgele bir ki\u015fiyle an\u0131nda ba\u011flant\u0131 kurmak i\u00e7in \"Sohbeti Ba\u015flat \"a t\u0131klay\u0131n.<\/li>\n<li>Ger\u00e7ek zamanl\u0131 olarak y\u00fcz y\u00fcze konu\u015fun.<\/li>\n<li>Yeni biriyle tan\u0131\u015fmak istedi\u011finizde \"\u0130leri \"ye t\u0131klay\u0131n.<\/li>\n<\/ol>\n<p>Baz\u0131 siteler cinsiyet filtreleri, \u00fclke se\u00e7imi ve hatta sohbet i\u00e7i \u00e7eviri gibi \u00f6zellikler de sunuyor.<\/p>\n<h2>Aranacak En \u00d6nemli \u00d6zellikler<\/h2>\n<p>Yabanc\u0131larla g\u00f6r\u00fcnt\u00fcl\u00fc g\u00f6r\u00fc\u015fme sunan her platform zaman ay\u0131rmaya de\u011fmez. \u0130\u015fte araman\u0131z gerekenler:<\/p>\n<h3>1. Ger\u00e7ekten \u00dccretsiz Eri\u015fim<\/h3>\n<p>\u00dccretsiz oldu\u011funu iddia eden ancak \u00f6zellikleri \u00f6deme duvarlar\u0131 arkas\u0131nda k\u0131s\u0131tlayan sitelerden ka\u00e7\u0131n\u0131n.<\/p>\n<h3>2. Kay\u0131t Gerekmiyor<\/h3>\n<p>Kay\u0131t olmadan an\u0131nda sohbet edebilmelisiniz.<\/p>\n<h3>3. Cinsiyet ve Konum Filtreleri<\/h3>\n<p>Belirli t\u00fcrde insanlarla tan\u0131\u015fmak istiyorsan\u0131z kullan\u0131\u015fl\u0131d\u0131r.<\/p>\n<h3>4. G\u00fcvenli Moderasyon<\/h3>\n<p>Raporlama ara\u00e7lar\u0131na ve moderasyona sahip platformlar daha g\u00fcvenli ortamlar sunar.<\/p>\n<h3>5. Mobil Uyumlu Deneyim<\/h3>\n<p>Platformun masa\u00fcst\u00fc bilgisayarlar\u0131n yan\u0131 s\u0131ra ak\u0131ll\u0131 telefonlarda da \u00e7al\u0131\u015ft\u0131\u011f\u0131ndan emin olun.<\/p>\n<h3>6. Y\u00fcksek Kaliteli Video ve Ses<\/h3>\n<p>Net ba\u011flant\u0131lar konu\u015fmalar\u0131 do\u011fal ve keyifli hale getirir.<\/p>\n<h2>2025'te Yabanc\u0131lar\u0131 G\u00f6r\u00fcnt\u00fcl\u00fc Aramak i\u00e7in En \u0130yi Platformlar<\/h2>\n<p>\u0130\u015fte yabanc\u0131larla g\u00f6r\u00fcnt\u00fcl\u00fc g\u00f6r\u00fc\u015fme i\u00e7in en iyi platformlar\u0131n bir kar\u015f\u0131la\u015ft\u0131rmas\u0131:<\/p>\n<table>\n<thead>\n<tr>\n<th>Platform<\/th>\n<th align=\"center\">\u00dccretsiz Eri\u015fim<\/th>\n<th align=\"center\">Cinsiyet Filtresi<\/th>\n<th align=\"center\">Kay\u0131t Gerekli<\/th>\n<th align=\"center\">Mobil Destek<\/th>\n<th align=\"center\">Moderasyon<\/th>\n<th>Notlar<\/th>\n<\/tr>\n<\/thead>\n<tbody>\n<tr>\n<td>StrangerCam<\/td>\n<td align=\"center\">\u2705<\/td>\n<td align=\"center\">\u2705 (\u00dccretsiz)<\/td>\n<td align=\"center\">\u274c<\/td>\n<td align=\"center\">\u2705<\/td>\n<td align=\"center\">\u2705<\/td>\n<td>En iyi genel se\u00e7im, ger\u00e7ekten \u00fccretsiz<\/td>\n<\/tr>\n<tr>\n<td><a href=\"https:\/\/strangercam.com\/tr\/chatroulette\/\">Chatroulette<\/a><\/td>\n<td align=\"center\">\u2705<\/td>\n<td align=\"center\">\u274c (\u00dccretli)<\/td>\n<td align=\"center\">\u274c<\/td>\n<td align=\"center\">\u2705<\/td>\n<td align=\"center\">\u2705<\/td>\n<td>Klasik, ancak cinsiyet filtresi kilitli<\/td>\n<\/tr>\n<tr>\n<td>Chatrandom<\/td>\n<td align=\"center\">\u2705<\/td>\n<td align=\"center\">\u274c (\u00dccretli)<\/td>\n<td align=\"center\">\u274c<\/td>\n<td align=\"center\">\u2705<\/td>\n<td align=\"center\">\u2705<\/td>\n<td>Geni\u015f kullan\u0131c\u0131 taban\u0131, ancak y\u00fckseltmeler zorlan\u0131yor<\/td>\n<\/tr>\n<tr>\n<td><a href=\"https:\/\/strangercam.com\/tr\/ometv\/\">OmeTV<\/a><\/td>\n<td align=\"center\">\u2705<\/td>\n<td align=\"center\">\u274c<\/td>\n<td align=\"center\">\u274c<\/td>\n<td align=\"center\">\u2705<\/td>\n<td align=\"center\">\u2705<\/td>\n<td>Yaln\u0131zca rastgele, mobil uygulama mevcut<\/td>\n<\/tr>\n<tr>\n<td>Shagle<\/td>\n<td align=\"center\">\u2705<\/td>\n<td align=\"center\">\u274c (\u00dccretli)<\/td>\n<td align=\"center\">\u274c<\/td>\n<td align=\"center\">\u2705<\/td>\n<td align=\"center\">\u2705<\/td>\n<td>\u00dccretsiz sohbetler, \u00fccretli premium \u00f6zellikler<\/td>\n<\/tr>\n<tr>\n<td><a href=\"https:\/\/strangercam.com\/tr\/coomeet\/\">CooMeet<\/a><\/td>\n<td align=\"center\">\u274c (Deneme)<\/td>\n<td align=\"center\">\u2705<\/td>\n<td align=\"center\">\u2705<\/td>\n<td align=\"center\">\u2705<\/td>\n<td align=\"center\">\u2705<\/td>\n<td>K\u0131sa bir \u00fccretsiz denemeden sonra \u00fccretli<\/td>\n<\/tr>\n<tr>\n<td>LuckyCrush<\/td>\n<td align=\"center\">\u274c<\/td>\n<td align=\"center\">\u2705<\/td>\n<td align=\"center\">\u2705<\/td>\n<td align=\"center\">\u2705<\/td>\n<td align=\"center\">\u2705<\/td>\n<td>Her zaman \u00fccretli, cinsiyete dayal\u0131 sohbet<\/td>\n<\/tr>\n<\/tbody>\n<\/table>\n<p>StrangerCam, \u00e7al\u0131\u015fan bir cinsiyet filtresi, kay\u0131t olmadan ve s\u0131n\u0131rs\u0131z kullan\u0131m ile yabanc\u0131larla \u00fccretsiz video g\u00f6r\u00fc\u015fmeleri sunan birka\u00e7 platformdan biridir.<\/p>\n<h2>StrangerCam Neden En \u0130yi Se\u00e7imdir?<\/h2>\n<p>\u0130\u015fte StrangerCam'in 2025'te yabanc\u0131larla g\u00f6r\u00fcnt\u00fcl\u00fc g\u00f6r\u00fc\u015fme i\u00e7in en iyi platform olmas\u0131n\u0131n nedeni:<\/p>\n<h3>1. 100% \u00dccretsiz ve S\u0131n\u0131rs\u0131z<\/h3>\n<p>Kredi yok, s\u0131n\u0131r yok - sadece \u00fccretsiz g\u00f6r\u00fcnt\u00fcl\u00fc aramalar.<\/p>\n<h3>2. \u00dccretsiz Cinsiyet Filtresi<\/h3>\n<p>Kiminle konu\u015fmak istedi\u011finizi se\u00e7in-erkekler, k\u0131zlar veya her ikisi birden-\u00f6demeden.<\/p>\n<h3>3. Kay\u0131t Gerektirmez<\/h3>\n<p>Anonim kal\u0131n ve an\u0131nda ba\u011flan\u0131n.<\/p>\n<h3>4. G\u00fcvenli ve Moderat\u00f6rl\u00fc<\/h3>\n<p>Aktif moderasyon ve raporlama ara\u00e7lar\u0131 toplulu\u011fu dost\u00e7a tutar.<\/p>\n<h3>5. K\u00fcresel Kullan\u0131c\u0131 Taban\u0131<\/h3>\n<p>\u0130stedi\u011finiz zaman 100'den fazla \u00fclkeden yabanc\u0131larla tan\u0131\u015f\u0131n.<\/p>\n<h3>6. T\u00fcm Cihazlarda \u00c7al\u0131\u015f\u0131r<\/h3>\n<p>Hem mobil hem de masa\u00fcst\u00fc i\u00e7in optimize edilmi\u015ftir.<\/p>\n<h2>Ger\u00e7ek Kullan\u0131c\u0131 G\u00f6r\u00fc\u015fleri<\/h2>\n<blockquote><p><em>\"Doland\u0131r\u0131lmadan yabanc\u0131lar\u0131 g\u00f6r\u00fcnt\u00fcl\u00fc arayabilece\u011fim bir site istiyordum. StrangerCam ger\u00e7ekten \u00fccretsiz olan ilk platformdu.\"<\/em><br \/>\n- Josh, 27 ya\u015f\u0131nda.<\/p><\/blockquote>\n<blockquote><p><em>\"Kaydolmama gerek olmamas\u0131n\u0131 seviyorum. Sadece ba\u015flata t\u0131kl\u0131yorum ve ger\u00e7ek insanlarla ba\u011flant\u0131 kuruyorum.\"<\/em><br \/>\n- Isabella, 22 ya\u015f\u0131nda.<\/p><\/blockquote>\n<blockquote><p><em>\"Cinsiyet filtresi ekstra \u00f6deme yapman\u0131za gerek kalmadan ger\u00e7ekten \u00e7al\u0131\u015f\u0131yor. Nihayet, vaat ettiklerini yerine getiren bir site.\"<\/em><br \/>\n- Liam, 29 ya\u015f\u0131nda.<\/p><\/blockquote>\n<blockquote><p><em>\"H\u0131zl\u0131, kolay ve e\u011flenceli. Tek bir ak\u015famda d\u00fcnyan\u0131n her yerinden insanlarla tan\u0131\u015ft\u0131m.\"<\/em><br \/>\n- Sofia, 24<\/p><\/blockquote>\n<h2>Yabanc\u0131larla G\u00f6r\u00fcnt\u00fcl\u00fc G\u00f6r\u00fc\u015fme \u0130\u00e7in G\u00fcvenlik \u0130pu\u00e7lar\u0131<\/h2>\n<p>Yabanc\u0131larla g\u00f6r\u00fcnt\u00fcl\u00fc g\u00f6r\u00fc\u015fme yapmak e\u011flenceli olsa da, her zaman g\u00fcvende kalmal\u0131s\u0131n\u0131z:<\/p>\n<ul>\n<li>Ad\u0131n\u0131z, adresiniz veya telefon numaran\u0131z gibi ki\u015fisel bilgilerinizi payla\u015fmay\u0131n.<\/li>\n<li>Yabanc\u0131lardan gelen ba\u011flant\u0131lara t\u0131klamaktan ka\u00e7\u0131n\u0131n.<\/li>\n<li>Sohbet rahats\u0131z edici geliyorsa \"\u0130leri\" d\u00fc\u011fmesini kullan\u0131n.<\/li>\n<li>Web kameran\u0131z\u0131 a\u00e7madan \u00f6nce arka plan\u0131n\u0131z\u0131 kontrol edin.<\/li>\n<li>Platformun g\u00fcvenlik ara\u00e7lar\u0131na (engelleme\/raporlama) sad\u0131k kal\u0131n.<\/li>\n<li>Ya\u015f s\u0131n\u0131rlar\u0131na sayg\u0131 g\u00f6sterin - 18 ya\u015f\u0131n alt\u0131ndaysan\u0131z yeti\u015fkinlere y\u00f6nelik platformlar\u0131 kullanmay\u0131n.<\/li>\n<\/ul>\n<h2>Nas\u0131l Ba\u015flan\u0131r - Ad\u0131m Ad\u0131m<\/h2>\n<p>Yabanc\u0131larla g\u00f6r\u00fcnt\u00fcl\u00fc g\u00f6r\u00fc\u015fme ba\u015flatmak bir dakikadan az s\u00fcr\u00fcyor:<\/p>\n<ol>\n<li>StrangerCam'i taray\u0131c\u0131n\u0131zda veya mobil cihaz\u0131n\u0131zda a\u00e7\u0131n.<\/li>\n<li>Web kameras\u0131 ve mikrofon eri\u015fimine izin verin.<\/li>\n<li>Tercihleri se\u00e7in (cinsiyet filtreleri gibi).<\/li>\n<li>An\u0131nda ba\u011flanmak i\u00e7in Sohbeti Ba\u015flat'a t\u0131klay\u0131n.<\/li>\n<li>Yeni biriyle tan\u0131\u015fmak i\u00e7in istedi\u011finiz zaman \u0130leri'ye bas\u0131n.<\/li>\n<\/ol>\n<p>\u0130\u015fte bu kadar - h\u0131zl\u0131, basit ve \u00fccretsiz.<\/p>\n<h2>Son D\u00fc\u015f\u00fcnceler - Yabanc\u0131larla \u00dccretsiz G\u00f6r\u00fcnt\u00fcl\u00fc G\u00f6r\u00fc\u015fmeleri Bug\u00fcn Deneyin<\/h2>\n<p>2025 y\u0131l\u0131nda, yeni insanlarla tan\u0131\u015fman\u0131n en kolay yollar\u0131ndan biri yabanc\u0131lar\u0131 \u00e7evrimi\u00e7i olarak g\u00f6r\u00fcnt\u00fcl\u00fc aramakt\u0131r. Spontane, heyecan verici ve an\u0131nda ger\u00e7ek ba\u011flant\u0131lar kurman\u0131z\u0131 sa\u011fl\u0131yor.<\/p>\n<p>Ancak her platform bunu sa\u011flayam\u0131yor. Bir\u00e7ok site temel \u00f6zellikleri \u00f6deme duvarlar\u0131n\u0131n arkas\u0131na gizler veya sohbetlerini botlarla doldurur. Bu y\u00fczden StrangerCam en iyi se\u00e7enek: \u00fccretsiz, g\u00fcvenli, anonim ve d\u00fcnyan\u0131n d\u00f6rt bir yan\u0131ndan ba\u011flanmaya haz\u0131r insanlarla dolu.<\/p>\n<p>Yeni biriyle tan\u0131\u015fmaya haz\u0131r m\u0131s\u0131n\u0131z? Bug\u00fcn yabanc\u0131larla \u00fccretsiz bir g\u00f6r\u00fcnt\u00fcl\u00fc g\u00f6r\u00fc\u015fme ba\u015flat\u0131n ve s\u0131rada kiminle tan\u0131\u015faca\u011f\u0131n\u0131z\u0131 g\u00f6r\u00fcn.<\/p>","protected":false},"excerpt":{"rendered":"<p>Have you been looking for the best way to video call strangers? You\u2019re not alone. Every month, millions of people search for instant video call platforms where they can meet random people, make new friends, flirt casually, or simply pass the time. Unlike dating apps or social networks, which can feel slow or fake, a [&hellip;]<\/p>\n","protected":false},"author":8,"featured_media":0,"parent":0,"menu_order":0,"comment_status":"closed","ping_status":"closed","template":"","meta":{"footnotes":""},"class_list":["post-4004","page","type-page","status-publish","hentry"],"yoast_head":"<!-- This site is optimized with the Yoast SEO plugin v27.4 - https:\/\/yoast.com\/product\/yoast-seo-wordpress\/ -->\n<title>Video Call Strangers on Strangercam.com<\/title>\n<meta name=\"description\" content=\"Liking Video Call Strangers? Join millions on StrangerCam.com! Start a random video chat, turn on your cam, and meet strangers instantly.\" \/>\n<meta name=\"robots\" content=\"index, follow, max-snippet:-1, max-image-preview:large, max-video-preview:-1\" \/>\n<link rel=\"canonical\" href=\"https:\/\/strangercam.com\/tr\/yabancilarla-goruntulu-gorusme\/\" \/>\n<meta property=\"og:locale\" content=\"tr_TR\" \/>\n<meta property=\"og:type\" content=\"article\" \/>\n<meta property=\"og:title\" content=\"Video Call Strangers on Strangercam.com\" \/>\n<meta property=\"og:description\" content=\"Liking Video Call Strangers? Join millions on StrangerCam.com! Start a random video chat, turn on your cam, and meet strangers instantly.\" \/>\n<meta property=\"og:url\" content=\"https:\/\/strangercam.com\/tr\/yabancilarla-goruntulu-gorusme\/\" \/>\n<meta property=\"og:site_name\" content=\"Strangercam\" \/>\n<meta property=\"article:publisher\" content=\"https:\/\/www.facebook.com\/strangercam\" \/>\n<meta property=\"article:modified_time\" content=\"2025-09-03T11:39:32+00:00\" \/>\n<meta property=\"og:image\" content=\"https:\/\/strangercam.com\/wp-content\/uploads\/2021\/10\/Untitled-2.png\" \/>\n\t<meta property=\"og:image:width\" content=\"800\" \/>\n\t<meta property=\"og:image:height\" content=\"532\" \/>\n\t<meta property=\"og:image:type\" content=\"image\/png\" \/>\n<meta name=\"twitter:card\" content=\"summary_large_image\" \/>\n<meta name=\"twitter:site\" content=\"@strangercamapp\" \/>\n<meta name=\"twitter:label1\" content=\"Tahmini okuma s\u00fcresi\" \/>\n\t<meta name=\"twitter:data1\" content=\"5 dakika\" \/>\n<script type=\"application\/ld+json\" class=\"yoast-schema-graph\">{\"@context\":\"https:\\\/\\\/schema.org\",\"@graph\":[{\"@type\":\"WebPage\",\"@id\":\"https:\\\/\\\/strangercam.com\\\/video-call-strangers\\\/\",\"url\":\"https:\\\/\\\/strangercam.com\\\/video-call-strangers\\\/\",\"name\":\"Video Call Strangers on Strangercam.com\",\"isPartOf\":{\"@id\":\"https:\\\/\\\/strangercam.com\\\/#website\"},\"datePublished\":\"2025-09-03T10:37:25+00:00\",\"dateModified\":\"2025-09-03T11:39:32+00:00\",\"description\":\"Liking Video Call Strangers? Join millions on StrangerCam.com! Start a random video chat, turn on your cam, and meet strangers instantly.\",\"breadcrumb\":{\"@id\":\"https:\\\/\\\/strangercam.com\\\/video-call-strangers\\\/#breadcrumb\"},\"inLanguage\":\"tr\",\"potentialAction\":[{\"@type\":\"ReadAction\",\"target\":[\"https:\\\/\\\/strangercam.com\\\/video-call-strangers\\\/\"]}]},{\"@type\":\"BreadcrumbList\",\"@id\":\"https:\\\/\\\/strangercam.com\\\/video-call-strangers\\\/#breadcrumb\",\"itemListElement\":[{\"@type\":\"ListItem\",\"position\":1,\"name\":\"Home\",\"item\":\"https:\\\/\\\/strangercam.com\\\/\"},{\"@type\":\"ListItem\",\"position\":2,\"name\":\"Video Call Strangers\"}]},{\"@type\":\"WebSite\",\"@id\":\"https:\\\/\\\/strangercam.com\\\/#website\",\"url\":\"https:\\\/\\\/strangercam.com\\\/\",\"name\":\"Strangercam\",\"description\":\"Random Video Chat with Strangers\",\"publisher\":{\"@id\":\"https:\\\/\\\/strangercam.com\\\/#organization\"},\"alternateName\":\"Strangercam.com\",\"potentialAction\":[{\"@type\":\"SearchAction\",\"target\":{\"@type\":\"EntryPoint\",\"urlTemplate\":\"https:\\\/\\\/strangercam.com\\\/?s={search_term_string}\"},\"query-input\":{\"@type\":\"PropertyValueSpecification\",\"valueRequired\":true,\"valueName\":\"search_term_string\"}}],\"inLanguage\":\"tr\"},{\"@type\":\"Organization\",\"@id\":\"https:\\\/\\\/strangercam.com\\\/#organization\",\"name\":\"Strangercam\",\"alternateName\":\"Strangercam.com\",\"url\":\"https:\\\/\\\/strangercam.com\\\/\",\"logo\":{\"@type\":\"ImageObject\",\"inLanguage\":\"tr\",\"@id\":\"https:\\\/\\\/strangercam.com\\\/#\\\/schema\\\/logo\\\/image\\\/\",\"url\":\"https:\\\/\\\/strangercam.com\\\/wp-content\\\/uploads\\\/2020\\\/11\\\/cropped-new-favicon-black.png\",\"contentUrl\":\"https:\\\/\\\/strangercam.com\\\/wp-content\\\/uploads\\\/2020\\\/11\\\/cropped-new-favicon-black.png\",\"width\":512,\"height\":512,\"caption\":\"Strangercam\"},\"image\":{\"@id\":\"https:\\\/\\\/strangercam.com\\\/#\\\/schema\\\/logo\\\/image\\\/\"},\"sameAs\":[\"https:\\\/\\\/www.facebook.com\\\/strangercam\",\"https:\\\/\\\/x.com\\\/strangercamapp\"]}]}<\/script>\n<!-- \/ Yoast SEO plugin. -->","yoast_head_json":{"title":"Strangercam.com'da Yabanc\u0131lar\u0131 G\u00f6r\u00fcnt\u00fcl\u00fc Arama","description":"Yabanc\u0131larla G\u00f6r\u00fcnt\u00fcl\u00fc G\u00f6r\u00fc\u015fmeyi Seviyor musunuz? StrangerCam.com'da Join milyonlarca! Rastgele bir g\u00f6r\u00fcnt\u00fcl\u00fc sohbet ba\u015flat\u0131n, kameran\u0131z\u0131 a\u00e7\u0131n ve yabanc\u0131larla an\u0131nda tan\u0131\u015f\u0131n.","robots":{"index":"index","follow":"follow","max-snippet":"max-snippet:-1","max-image-preview":"max-image-preview:large","max-video-preview":"max-video-preview:-1"},"canonical":"https:\/\/strangercam.com\/tr\/yabancilarla-goruntulu-gorusme\/","og_locale":"tr_TR","og_type":"article","og_title":"Video Call Strangers on Strangercam.com","og_description":"Liking Video Call Strangers? Join millions on StrangerCam.com! Start a random video chat, turn on your cam, and meet strangers instantly.","og_url":"https:\/\/strangercam.com\/tr\/yabancilarla-goruntulu-gorusme\/","og_site_name":"Strangercam","article_publisher":"https:\/\/www.facebook.com\/strangercam","article_modified_time":"2025-09-03T11:39:32+00:00","og_image":[{"width":800,"height":532,"url":"https:\/\/strangercam.com\/wp-content\/uploads\/2021\/10\/Untitled-2.png","type":"image\/png"}],"twitter_card":"summary_large_image","twitter_site":"@strangercamapp","twitter_misc":{"Tahmini okuma s\u00fcresi":"5 dakika"},"schema":{"@context":"https:\/\/schema.org","@graph":[{"@type":"WebPage","@id":"https:\/\/strangercam.com\/video-call-strangers\/","url":"https:\/\/strangercam.com\/video-call-strangers\/","name":"Strangercam.com'da Yabanc\u0131lar\u0131 G\u00f6r\u00fcnt\u00fcl\u00fc Arama","isPartOf":{"@id":"https:\/\/strangercam.com\/#website"},"datePublished":"2025-09-03T10:37:25+00:00","dateModified":"2025-09-03T11:39:32+00:00","description":"Yabanc\u0131larla G\u00f6r\u00fcnt\u00fcl\u00fc G\u00f6r\u00fc\u015fmeyi Seviyor musunuz? StrangerCam.com'da Join milyonlarca! Rastgele bir g\u00f6r\u00fcnt\u00fcl\u00fc sohbet ba\u015flat\u0131n, kameran\u0131z\u0131 a\u00e7\u0131n ve yabanc\u0131larla an\u0131nda tan\u0131\u015f\u0131n.","breadcrumb":{"@id":"https:\/\/strangercam.com\/video-call-strangers\/#breadcrumb"},"inLanguage":"tr","potentialAction":[{"@type":"ReadAction","target":["https:\/\/strangercam.com\/video-call-strangers\/"]}]},{"@type":"BreadcrumbList","@id":"https:\/\/strangercam.com\/video-call-strangers\/#breadcrumb","itemListElement":[{"@type":"ListItem","position":1,"name":"Home","item":"https:\/\/strangercam.com\/"},{"@type":"ListItem","position":2,"name":"Video Call Strangers"}]},{"@type":"WebSite","@id":"https:\/\/strangercam.com\/#website","url":"https:\/\/strangercam.com\/","name":"Strangercam","description":"Yabanc\u0131larla Rastgele G\u00f6r\u00fcnt\u00fcl\u00fc Sohbet","publisher":{"@id":"https:\/\/strangercam.com\/#organization"},"alternateName":"Strangercam.com","potentialAction":[{"@type":"SearchAction","target":{"@type":"EntryPoint","urlTemplate":"https:\/\/strangercam.com\/?s={search_term_string}"},"query-input":{"@type":"PropertyValueSpecification","valueRequired":true,"valueName":"search_term_string"}}],"inLanguage":"tr"},{"@type":"Organization","@id":"https:\/\/strangercam.com\/#organization","name":"Strangercam","alternateName":"Strangercam.com","url":"https:\/\/strangercam.com\/","logo":{"@type":"ImageObject","inLanguage":"tr","@id":"https:\/\/strangercam.com\/#\/schema\/logo\/image\/","url":"https:\/\/strangercam.com\/wp-content\/uploads\/2020\/11\/cropped-new-favicon-black.png","contentUrl":"https:\/\/strangercam.com\/wp-content\/uploads\/2020\/11\/cropped-new-favicon-black.png","width":512,"height":512,"caption":"Strangercam"},"image":{"@id":"https:\/\/strangercam.com\/#\/schema\/logo\/image\/"},"sameAs":["https:\/\/www.facebook.com\/strangercam","https:\/\/x.com\/strangercamapp"]}]}},"_links":{"self":[{"href":"https:\/\/strangercam.com\/tr\/wp-json\/wp\/v2\/pages\/4004","targetHints":{"allow":["GET"]}}],"collection":[{"href":"https:\/\/strangercam.com\/tr\/wp-json\/wp\/v2\/pages"}],"about":[{"href":"https:\/\/strangercam.com\/tr\/wp-json\/wp\/v2\/types\/page"}],"author":[{"embeddable":true,"href":"https:\/\/strangercam.com\/tr\/wp-json\/wp\/v2\/users\/8"}],"replies":[{"embeddable":true,"href":"https:\/\/strangercam.com\/tr\/wp-json\/wp\/v2\/comments?post=4004"}],"version-history":[{"count":2,"href":"https:\/\/strangercam.com\/tr\/wp-json\/wp\/v2\/pages\/4004\/revisions"}],"predecessor-version":[{"id":12995,"href":"https:\/\/strangercam.com\/tr\/wp-json\/wp\/v2\/pages\/4004\/revisions\/12995"}],"wp:attachment":[{"href":"https:\/\/strangercam.com\/tr\/wp-json\/wp\/v2\/media?parent=4004"}],"curies":[{"name":"wp","href":"https:\/\/api.w.org\/{rel}","templated":true}]}}