{"id":3987,"date":"2025-08-28T17:34:41","date_gmt":"2025-08-28T15:34:41","guid":{"rendered":"https:\/\/strangercam.com\/?page_id=3987"},"modified":"2025-09-03T13:32:08","modified_gmt":"2025-09-03T11:32:08","slug":"yabancilarla-konusmak-online-video","status":"publish","type":"page","link":"https:\/\/strangercam.com\/tr\/talk-to-strangers-online-video\/","title":{"rendered":"Yabanc\u0131larla Konu\u015fun Online Video"},"content":{"rendered":"<p>Yabanc\u0131larla \u00e7evrimi\u00e7i video tarz\u0131nda konu\u015fman\u0131n en iyi yolunu mu ar\u0131yorsunuz? Sadece siz de\u011filsiniz. Her g\u00fcn milyonlarca insan rastgele <a href=\"https:\/\/strangercam.com\/tr\/chathub\/\">sohbet<\/a> d\u00fcnyan\u0131n d\u00f6rt bir yan\u0131ndaki yeni insanlarla y\u00fcz y\u00fcze ba\u011flant\u0131 kurmak i\u00e7in platformlar. Sohbetlerin genellikle sahnelenmi\u015f gibi hissedildi\u011fi veya ba\u015flamas\u0131n\u0131n zaman ald\u0131\u011f\u0131 sosyal medya veya fl\u00f6rt uygulamalar\u0131n\u0131n aksine, yabanc\u0131larla canl\u0131 g\u00f6r\u00fcnt\u00fcl\u00fc sohbet an\u0131nda, ger\u00e7ek ve heyecan vericidir.<\/p>\n<p>StrangerCam gibi modern platformlarla, yabanc\u0131larla \u00fccretsiz \u00e7evrimi\u00e7i g\u00f6r\u00fcnt\u00fcl\u00fc sohbete hemen ba\u015flayabilirsiniz - kay\u0131t yok, indirme yok ve gizli \u00fccret yok. \u0130ster arkada\u015f edinmek, ister dil prati\u011fi yapmak, ister g\u00fcndelik fl\u00f6rt\u00fcn tad\u0131n\u0131 \u00e7\u0131karmak veya sadece can s\u0131k\u0131nt\u0131s\u0131n\u0131 yenmek isteyin, yabanc\u0131larla g\u00f6r\u00fcnt\u00fcl\u00fc konu\u015fmak hi\u00e7 bu kadar kolay veya g\u00fcvenli olmam\u0131\u015ft\u0131.<\/p>\n<p>Bu k\u0131lavuz, yabanc\u0131larla \u00e7evrimi\u00e7i g\u00f6r\u00fcnt\u00fcl\u00fc sohbetler hakk\u0131nda bilmeniz gereken her \u015feyi a\u00e7\u0131klayacakt\u0131r: nas\u0131l \u00e7al\u0131\u015ft\u0131klar\u0131, neden bu kadar pop\u00fcler hale geldikleri, en \u00f6nemli \u00f6zellikler, g\u00fcvenlik ipu\u00e7lar\u0131, platform kar\u015f\u0131la\u015ft\u0131rmalar\u0131 ve StrangerCam'in neden 2025 i\u00e7in en iyi se\u00e7eneklerden biri oldu\u011fu.<\/p>\n<h2>\"Yabanc\u0131larla \u00c7evrimi\u00e7i Konu\u015fma Videosu\" Ne Anlama Geliyor?<\/h2>\n<p>Yabanc\u0131larla \u00e7evrimi\u00e7i video tarz\u0131nda konu\u015ftu\u011funuzda, internet \u00fczerinden rastgele insanlarla an\u0131nda ba\u011flant\u0131 kurmak i\u00e7in web kameran\u0131z\u0131 ve mikrofonunuzu kullan\u0131rs\u0131n\u0131z. Metin sohbet odalar\u0131n\u0131n veya sosyal platformlar\u0131n aksine, bu format yabanc\u0131larla ger\u00e7ek zamanl\u0131, y\u00fcz y\u00fcze konu\u015fmalar sunar ve size \u00e7ok daha ger\u00e7ek ve spontane bir deneyim sunar.<\/p>\n<p>Arkada\u015fl\u0131k uygulamalar\u0131nda sonsuza kadar kayd\u0131rmak veya sosyal medyada yan\u0131t beklemek yerine, bir d\u00fc\u011fmeye basar ve an\u0131nda biriyle tan\u0131\u015f\u0131rs\u0131n\u0131z. Bu ki\u015fi kendi \u00fclkenizden biri ya da d\u00fcnyan\u0131n \u00f6b\u00fcr ucundan bir yabanc\u0131 olabilir. Her konu\u015fma bir s\u00fcrprizdir.<\/p>\n<h2>\u0130nsanlar Yabanc\u0131larla \u00dccretsiz \u00c7evrimi\u00e7i G\u00f6r\u00fcnt\u00fcl\u00fc Sohbetleri Neden Seviyor?<\/h2>\n<p>Yabanc\u0131larla \u00fccretsiz konu\u015fma \u00e7evrimi\u00e7i video platformlar\u0131n\u0131n y\u00fckseli\u015fi \u00e7ok b\u00fcy\u00fck oldu ve bunun iyi bir nedeni var. \u0130\u015fte kullan\u0131c\u0131lar\u0131n geri gelmeye devam etmesinin nedeni:<\/p>\n<ul>\n<li>Ger\u00e7ek \u0130nsan Ba\u011flant\u0131s\u0131: Video, sahte bir profil veya botla de\u011fil, ger\u00e7ek bir ki\u015fiyle konu\u015ftu\u011funuzu kan\u0131tlar.<\/li>\n<li>Heyecanl\u0131 ve Spontane: Her sohbet tahmin edilemez - komik, arkada\u015f canl\u0131s\u0131, fl\u00f6rt\u00f6z veya bazen derin.<\/li>\n<li>Engel yok: Kay\u0131t olmaya gerek yok, profil yok, beklemek yok - sadece an\u0131nda ba\u011flant\u0131.<\/li>\n<li>K\u00fclt\u00fcrel De\u011fi\u015fim: Farkl\u0131 \u00fclkelerden insanlarla tan\u0131\u015f\u0131n ve ya\u015fam tarzlar\u0131n\u0131 \u00f6\u011frenin.<\/li>\n<li>Yaln\u0131zl\u0131k giderici: Bir\u00e7oklar\u0131 i\u00e7in, ba\u011flant\u0131da hissetmek ve can s\u0131k\u0131nt\u0131s\u0131n\u0131 yenmek i\u00e7in h\u0131zl\u0131 bir yoldur.<\/li>\n<li>Se\u00e7me \u00d6zg\u00fcrl\u00fc\u011f\u00fc: Birinden ho\u015flanmad\u0131ysan\u0131z, tek bir t\u0131klama sizi bir sonraki sohbete g\u00f6t\u00fcr\u00fcr.<\/li>\n<\/ul>\n<h2>Yabanc\u0131larla \u00c7evrimi\u00e7i Video ile Konu\u015fmak Nas\u0131l \u00c7al\u0131\u015f\u0131r?<\/h2>\n<p>S\u00fcre\u00e7 h\u0131zl\u0131 ve kolay olacak \u015fekilde tasarlanm\u0131\u015ft\u0131r:<\/p>\n<ol>\n<li>Platformu a\u00e7\u0131n (mobil veya masa\u00fcst\u00fc).<\/li>\n<li>\u0130stendi\u011finde kamera ve mikrofon eri\u015fimine izin verin.<\/li>\n<li>Rastgele bir yabanc\u0131yla an\u0131nda ba\u011flant\u0131 kurmak i\u00e7in \"Sohbeti Ba\u015flat \"a t\u0131klay\u0131n.<\/li>\n<li>Video \u00fczerinden canl\u0131 konu\u015fun. Sohbeti be\u011fenmezseniz \"\u0130leri \"ye bas\u0131n.<\/li>\n<li>Durmadan tekrarlay\u0131n - ka\u00e7 ki\u015fiyle tan\u0131\u015fabilece\u011finizin bir s\u0131n\u0131r\u0131 yok.<\/li>\n<\/ol>\n<p>Baz\u0131 platformlar cinsiyet filtreleri, konum e\u015fle\u015ftirme ve hatta diller aras\u0131 sohbetler i\u00e7in yerle\u015fik \u00e7eviri ara\u00e7lar\u0131 gibi ekstralar da i\u00e7erir.<\/p>\n<h2>Aranacak En \u00d6nemli \u00d6zellikler<\/h2>\n<p>Yabanc\u0131larla \u00e7evrimi\u00e7i video konu\u015fmas\u0131 yaparken en iyi deneyimi ya\u015famak istiyorsan\u0131z, bu \u00f6zelliklere dikkat edin:<\/p>\n<h3>1. Ger\u00e7ekten \u00dccretsiz Eri\u015fim<\/h3>\n<p>En iyi platformlar sizi aboneliklere zorlamadan sohbet etmenize izin verir.<\/p>\n<h3>2. Kay\u0131t Gerektirmez<\/h3>\n<p>Anonim kal\u0131n ve hesap veya giri\u015f yapmadan do\u011frudan e\u011flenceye atlay\u0131n.<\/p>\n<h3>3. Cinsiyet ve Konum Filtreleri<\/h3>\n<p>Belirli t\u00fcrde insanlarla tan\u0131\u015fmak istiyorsan\u0131z (yaln\u0131zca k\u0131zlarla veya \u00fclkenizden yabanc\u0131larla sohbet etmek gibi) yararl\u0131d\u0131r.<\/p>\n<h3>4. Moderasyon ve G\u00fcvenlik Kontrolleri<\/h3>\n<p>Aktif moderat\u00f6rler ve raporlama ara\u00e7lar\u0131, alan\u0131 uygunsuz davran\u0131\u015flara kar\u015f\u0131 g\u00fcvende tutmaya yard\u0131mc\u0131 olur.<\/p>\n<h3>5. Mobil Uyumlu Tasar\u0131m<\/h3>\n<p>Sadece bilgisayar\u0131n\u0131zdan de\u011fil, telefonunuzdan da kolayca ba\u011flanabilmelisiniz.<\/p>\n<h3>6. Y\u00fcksek Kaliteli Video<\/h3>\n<p>Ak\u0131c\u0131, net video, konu\u015fmalar\u0131 daha do\u011fal ve keyifli hale getirir.<\/p>\n<h2>2025'te Yabanc\u0131larla \u00c7evrimi\u00e7i Video ile Konu\u015fmak i\u00e7in En \u0130yi Platformlar<\/h2>\n<p>\u0130\u015fte en pop\u00fcler platformlardan baz\u0131lar\u0131n\u0131n kar\u015f\u0131la\u015ft\u0131rmas\u0131:<\/p>\n<table>\n<thead>\n<tr>\n<th>Platform<\/th>\n<th align=\"center\">\u00dccretsiz Eri\u015fim<\/th>\n<th align=\"center\">Cinsiyet Filtresi<\/th>\n<th align=\"center\">Kay\u0131t Gerekli<\/th>\n<th align=\"center\">Mobil Destek<\/th>\n<th align=\"center\">Moderasyon<\/th>\n<th>Notlar<\/th>\n<\/tr>\n<\/thead>\n<tbody>\n<tr>\n<td>StrangerCam<\/td>\n<td align=\"center\">\u2705<\/td>\n<td align=\"center\">\u2705 (\u00dccretsiz)<\/td>\n<td align=\"center\">\u274c<\/td>\n<td align=\"center\">\u2705<\/td>\n<td align=\"center\">\u2705<\/td>\n<td>En iyi genel se\u00e7im, g\u00fcvenli ve ger\u00e7ekten \u00fccretsiz<\/td>\n<\/tr>\n<tr>\n<td><a href=\"https:\/\/strangercam.com\/tr\/chatroulette\/\">Chatroulette<\/a><\/td>\n<td align=\"center\">\u2705<\/td>\n<td align=\"center\">\u274c (\u00dccretli)<\/td>\n<td align=\"center\">\u274c<\/td>\n<td align=\"center\">\u2705<\/td>\n<td align=\"center\">\u2705<\/td>\n<td>Klasik, ancak cinsiyet filtresi kilitli<\/td>\n<\/tr>\n<tr>\n<td>Chatrandom<\/td>\n<td align=\"center\">\u2705<\/td>\n<td align=\"center\">\u274c (\u00dccretli)<\/td>\n<td align=\"center\">\u274c<\/td>\n<td align=\"center\">\u2705<\/td>\n<td align=\"center\">\u2705<\/td>\n<td>Geni\u015f kullan\u0131c\u0131 taban\u0131, ancak y\u00fckseltmeler gerekli<\/td>\n<\/tr>\n<tr>\n<td><a href=\"https:\/\/strangercam.com\/tr\/ometv\/\">OmeTV<\/a><\/td>\n<td align=\"center\">\u2705<\/td>\n<td align=\"center\">\u274c<\/td>\n<td align=\"center\">\u274c<\/td>\n<td align=\"center\">\u2705<\/td>\n<td align=\"center\">\u2705<\/td>\n<td>Uygulama tabanl\u0131, yaln\u0131zca rastgele<\/td>\n<\/tr>\n<tr>\n<td>Shagle<\/td>\n<td align=\"center\">\u2705<\/td>\n<td align=\"center\">\u274c (\u00dccretli)<\/td>\n<td align=\"center\">\u274c<\/td>\n<td align=\"center\">\u2705<\/td>\n<td align=\"center\">\u2705<\/td>\n<td>\u00dccretsiz sohbetler ancak premium y\u00fckseltmeler zorland\u0131<\/td>\n<\/tr>\n<tr>\n<td><a href=\"https:\/\/strangercam.com\/tr\/coomeet\/\">CooMeet<\/a><\/td>\n<td align=\"center\">\u274c (Deneme)<\/td>\n<td align=\"center\">\u2705<\/td>\n<td align=\"center\">\u2705<\/td>\n<td align=\"center\">\u2705<\/td>\n<td align=\"center\">\u2705<\/td>\n<td>Birka\u00e7 \u00fccretsiz sohbetten sonra \u00f6dendi<\/td>\n<\/tr>\n<tr>\n<td>LuckyCrush<\/td>\n<td align=\"center\">\u274c<\/td>\n<td align=\"center\">\u2705<\/td>\n<td align=\"center\">\u2705<\/td>\n<td align=\"center\">\u2705<\/td>\n<td align=\"center\">\u2705<\/td>\n<td>Her zaman \u00fccretli, cinsiyete dayal\u0131 ba\u011flant\u0131lar<\/td>\n<\/tr>\n<\/tbody>\n<\/table>\n<p>Bunlar aras\u0131nda StrangerCam, yabanc\u0131larla \u00fccretsiz, s\u0131n\u0131rs\u0131z \u00e7evrimi\u00e7i g\u00f6r\u00fcnt\u00fcl\u00fc sohbetler ve kay\u0131t gerektirmeyen \u00e7al\u0131\u015fan bir cinsiyet filtresi sunan tek platformlardan biridir.<\/p>\n<h2>StrangerCam Neden Yabanc\u0131larla \u00c7evrimi\u00e7i Konu\u015fmak \u0130\u00e7in En \u0130yi Yerdir?<\/h2>\n<p>\u0130\u015fte StrangerCam'in 2025'te yabanc\u0131larla \u00e7evrimi\u00e7i olarak g\u00f6r\u00fcnt\u00fcl\u00fc konu\u015fmak i\u00e7in en iyi platformlardan biri olmas\u0131n\u0131n nedeni:<\/p>\n<h3>1. Tamamen \u00dccretsiz ve S\u0131n\u0131rs\u0131z<\/h3>\n<p>Gizli maliyetler, denemeler veya kredi sistemleri yok; istedi\u011finiz kadar sohbet edebilirsiniz.<\/p>\n<h3>2. \u00dccretsiz Ger\u00e7ek Cinsiyet Filtresi<\/h3>\n<p>\u00c7o\u011fu rakibin aksine, StrangerCam k\u0131zlar\u0131, erkekleri veya her ikisini de \u00f6deme yapmadan se\u00e7menize izin verir.<\/p>\n<h3>3. Kay\u0131t Gerektirmez<\/h3>\n<p>Bir hesap olu\u015fturmadan do\u011frudan e\u011flenceye atlay\u0131n.<\/p>\n<h3>4. G\u00fcvenli ve Moderat\u00f6rl\u00fc<\/h3>\n<p>Sa\u011flam raporlama sistemleri ve canl\u0131 moderasyon, onu daha g\u00fcvenli se\u00e7eneklerden biri haline getiriyor.<\/p>\n<h3>5. K\u00fcresel Kullan\u0131c\u0131 Taban\u0131<\/h3>\n<p>100'den fazla \u00fclkeden yabanc\u0131larla istedi\u011finiz zaman, 7\/24 tan\u0131\u015f\u0131n.<\/p>\n<h3>6. Her Yerde \u00c7al\u0131\u015f\u0131r<\/h3>\n<p>Hem masa\u00fcst\u00fc hem de mobil cihazlar i\u00e7in optimize edilmi\u015ftir, b\u00f6ylece hareket halindeyken sohbet edebilirsiniz.<\/p>\n<h2>Ger\u00e7ek Kullan\u0131c\u0131 G\u00f6r\u00fc\u015fleri<\/h2>\n<blockquote><p><em>\"Sadece yabanc\u0131larla \u00e7evrimi\u00e7i video tarz\u0131nda, \u00f6deme duvarlar\u0131 veya indirmeler olmadan konu\u015fabilece\u011fim bir yer istedim. StrangerCam bana tam olarak bunu sa\u011flad\u0131-\u00fccretsiz, h\u0131zl\u0131 ve e\u011flenceli.\"<\/em><br \/>\n- Daniel, 28 ya\u015f\u0131nda.<\/p><\/blockquote>\n<blockquote><p><em>\"Burada pek \u00e7ok farkl\u0131 \u00fclkeden insanla tan\u0131\u015ft\u0131m. Ba\u011f\u0131ml\u0131l\u0131k yap\u0131yor ve ak\u015famlar\u0131m\u0131 ge\u00e7irmek i\u00e7in harika bir yol.\"<\/em><br \/>\n- Sophia, 24 ya\u015f\u0131nda.<\/p><\/blockquote>\n<blockquote><p><em>\"Sonunda, cinsiyet filtresinin ger\u00e7ekten para \u00f6demeden \u00e7al\u0131\u015ft\u0131\u011f\u0131 bir site. \u015eiddetle tavsiye ederim.\"<\/em><br \/>\n- Ryan, 32 ya\u015f\u0131nda.<\/p><\/blockquote>\n<blockquote><p><em>\"Denedi\u011fim di\u011fer platformlardan daha g\u00fcvenli hissettiriyor. Moderasyon sa\u011flam ve ortam\u0131 be\u011fenmezsem an\u0131nda atlayabiliyorum.\"<\/em><br \/>\n- Leah, 21 ya\u015f\u0131nda.<\/p><\/blockquote>\n<h2>Yabanc\u0131larla \u00c7evrimi\u00e7i Konu\u015fmak i\u00e7in G\u00fcvenlik \u0130pu\u00e7lar\u0131<\/h2>\n<p>\u00c7evrimi\u00e7i g\u00f6r\u00fcnt\u00fcl\u00fc sohbetler e\u011flenceli olsa da, her zaman g\u00fcvenli\u011fe \u00f6ncelik verin:<\/p>\n<ul>\n<li>Ki\u015fisel bilgilerinizi (adres, tam ad, telefon numaras\u0131) payla\u015fmay\u0131n.<\/li>\n<li>Sizi rahats\u0131z eden ki\u015fileri atlay\u0131n veya engelleyin.<\/li>\n<li>Yabanc\u0131lar taraf\u0131ndan g\u00f6nderilen ba\u011flant\u0131lara asla t\u0131klamay\u0131n.<\/li>\n<li>\u00d6zel ayr\u0131nt\u0131lar\u0131 a\u00e7\u0131\u011fa vurmamak i\u00e7in n\u00f6tr bir arka plan kullan\u0131n.<\/li>\n<li>Platform ara\u00e7lar\u0131na ba\u011fl\u0131 kal\u0131n - gerekirse raporlama \u00f6zelliklerini kullan\u0131n.<\/li>\n<li>Ya\u015f s\u0131n\u0131rlar\u0131na sayg\u0131 g\u00f6sterin - 18 ya\u015f\u0131n alt\u0131ndaysan\u0131z, yeti\u015fkinlere y\u00f6nelik rastgele sohbet sitelerini kullanmay\u0131n.<\/li>\n<\/ul>\n<h2>Nas\u0131l Ba\u015flan\u0131r - Ad\u0131m Ad\u0131m<\/h2>\n<p>Yabanc\u0131larla g\u00f6r\u00fcnt\u00fcl\u00fc konu\u015fmaya ba\u015flamak bir dakikadan az s\u00fcr\u00fcyor:<\/p>\n<ol>\n<li>Taray\u0131c\u0131n\u0131zda StrangerCam'i a\u00e7\u0131n.<\/li>\n<li>Kamera ve mikrofon eri\u015fimine izin verin.<\/li>\n<li>Tercihleri se\u00e7in (cinsiyet filtresi gibi).<\/li>\n<li>\u0130lk yabanc\u0131n\u0131zla an\u0131nda tan\u0131\u015fmak i\u00e7in Sohbeti Ba\u015flat'a t\u0131klay\u0131n.<\/li>\n<li>Yeni bir g\u00f6r\u00fc\u015fme i\u00e7in her zaman \u0130leri'ye t\u0131klay\u0131n.<\/li>\n<\/ol>\n<p>\u0130\u015fte bu kadar - h\u0131zl\u0131, kolay ve tamamen \u00fccretsiz.<\/p>\n<h2>S\u0131k\u00e7a Sorulan Sorular<\/h2>\n<h3>Yabanc\u0131larla \u00e7evrimi\u00e7i olarak g\u00f6r\u00fcnt\u00fcl\u00fc konu\u015fmak ger\u00e7ekten \u00fccretsiz mi?<\/h3>\n<p>Evet. StrangerCam gibi platformlar hi\u00e7bir gizli \u00fccret olmadan s\u0131n\u0131rs\u0131z \u00fccretsiz sohbetler sunar.<\/p>\n<h3>Kaydolmam gerekiyor mu?<\/h3>\n<p>Hay\u0131r. StrangerCam bir hesap veya giri\u015f gerektirmez.<\/p>\n<h3>Yabanc\u0131lar ger\u00e7ek mi?<\/h3>\n<p>Evet. Canl\u0131 video ile botlarla veya sahte hesaplarla de\u011fil, ger\u00e7ek insanlarla konu\u015fursunuz.<\/p>\n<h3>Telefonumda kullanabilir miyim?<\/h3>\n<p>Evet. StrangerCam hem masa\u00fcst\u00fc hem de mobil cihazlarda m\u00fckemmel \u00e7al\u0131\u015f\u0131r.<\/p>\n<h3>G\u00fcvenli mi?<\/h3>\n<p>Temel g\u00fcvenlik ipu\u00e7lar\u0131na uyman\u0131z ve StrangerCam'in raporlama \u00f6zelliklerini kullanman\u0131z ko\u015fuluyla evet.<\/p>\n<h2>Son D\u00fc\u015f\u00fcnceler - Bug\u00fcn Yabanc\u0131larla \u00dccretsiz \u00c7evrimi\u00e7i G\u00f6r\u00fcnt\u00fcl\u00fc Sohbeti Deneyin<\/h2>\n<p>2025 y\u0131l\u0131nda, \u00e7evrimi\u00e7i yeni insanlarla tan\u0131\u015fman\u0131n en kolay yolu yabanc\u0131larla g\u00f6r\u00fcnt\u00fcl\u00fc sohbet yoluyla konu\u015fmakt\u0131r. Spontane, otantik ve \u00fccretsiz olan bu y\u00f6ntem size d\u00fcnya \u00e7ap\u0131nda ger\u00e7ek insanlarla an\u0131nda ba\u011flant\u0131 kurma \u015fans\u0131 veriyor.<\/p>\n<p>Ancak her platform bunu sa\u011flayam\u0131yor. Bir\u00e7o\u011fu \u00f6zellikleri \u00f6deme duvarlar\u0131n\u0131n arkas\u0131na gizler veya sitelerini botlarla doldurur. \u0130\u015fte bu y\u00fczden StrangerCam g\u00fcn\u00fcm\u00fcz\u00fcn en iyi se\u00e7eneklerinden biri: \u00fccretsiz, g\u00fcvenli, anonim ve sizinle tan\u0131\u015fmay\u0131 bekleyen k\u00fcresel bir toplulukla 7\/24 a\u00e7\u0131k.<\/p>\n<p>Ba\u011flanmaya haz\u0131r m\u0131s\u0131n\u0131z? \u015eimdi yabanc\u0131larla \u00fccretsiz bir \u00e7evrimi\u00e7i g\u00f6r\u00fcnt\u00fcl\u00fc sohbet ba\u015flat\u0131n - bir sonraki ad\u0131mda kiminle tan\u0131\u015faca\u011f\u0131n\u0131z\u0131 asla bilemezsiniz.<\/p>","protected":false},"excerpt":{"rendered":"<p>Are you looking for the best way to talk to strangers online video style? You\u2019re not the only one. Every day, millions of people jump onto random chat platforms to connect face-to-face with new people across the globe. Unlike social media or dating apps, where conversations often feel staged or take time to start, live [&hellip;]<\/p>\n","protected":false},"author":8,"featured_media":0,"parent":0,"menu_order":0,"comment_status":"closed","ping_status":"closed","template":"","meta":{"footnotes":""},"class_list":["post-3987","page","type-page","status-publish","hentry"],"yoast_head":"<!-- This site is optimized with the Yoast SEO plugin v27.4 - https:\/\/yoast.com\/product\/yoast-seo-wordpress\/ -->\n<title>Talk to Strangers Online Video on Strangercam.com<\/title>\n<meta name=\"description\" content=\"Liking Talk to Strangers Online Video? Join millions on StrangerCam.com! Start a random video chat, turn on your cam, and meet strangers instantly.\" \/>\n<meta name=\"robots\" content=\"index, follow, max-snippet:-1, max-image-preview:large, max-video-preview:-1\" \/>\n<link rel=\"canonical\" href=\"https:\/\/strangercam.com\/tr\/yabancilarla-konusmak-online-video\/\" \/>\n<meta property=\"og:locale\" content=\"tr_TR\" \/>\n<meta property=\"og:type\" content=\"article\" \/>\n<meta property=\"og:title\" content=\"Talk to Strangers Online Video on Strangercam.com\" \/>\n<meta property=\"og:description\" content=\"Liking Talk to Strangers Online Video? Join millions on StrangerCam.com! Start a random video chat, turn on your cam, and meet strangers instantly.\" \/>\n<meta property=\"og:url\" content=\"https:\/\/strangercam.com\/tr\/yabancilarla-konusmak-online-video\/\" \/>\n<meta property=\"og:site_name\" content=\"Strangercam\" \/>\n<meta property=\"article:publisher\" content=\"https:\/\/www.facebook.com\/strangercam\" \/>\n<meta property=\"article:modified_time\" content=\"2025-09-03T11:32:08+00:00\" \/>\n<meta property=\"og:image\" content=\"https:\/\/strangercam.com\/wp-content\/uploads\/2021\/10\/Untitled-2.png\" \/>\n\t<meta property=\"og:image:width\" content=\"800\" \/>\n\t<meta property=\"og:image:height\" content=\"532\" \/>\n\t<meta property=\"og:image:type\" content=\"image\/png\" \/>\n<meta name=\"twitter:card\" content=\"summary_large_image\" \/>\n<meta name=\"twitter:site\" content=\"@strangercamapp\" \/>\n<meta name=\"twitter:label1\" content=\"Tahmini okuma s\u00fcresi\" \/>\n\t<meta name=\"twitter:data1\" content=\"6 dakika\" \/>\n<script type=\"application\/ld+json\" class=\"yoast-schema-graph\">{\"@context\":\"https:\\\/\\\/schema.org\",\"@graph\":[{\"@type\":\"WebPage\",\"@id\":\"https:\\\/\\\/strangercam.com\\\/talk-to-strangers-online-video\\\/\",\"url\":\"https:\\\/\\\/strangercam.com\\\/talk-to-strangers-online-video\\\/\",\"name\":\"Talk to Strangers Online Video on Strangercam.com\",\"isPartOf\":{\"@id\":\"https:\\\/\\\/strangercam.com\\\/#website\"},\"datePublished\":\"2025-08-28T15:34:41+00:00\",\"dateModified\":\"2025-09-03T11:32:08+00:00\",\"description\":\"Liking Talk to Strangers Online Video? Join millions on StrangerCam.com! Start a random video chat, turn on your cam, and meet strangers instantly.\",\"breadcrumb\":{\"@id\":\"https:\\\/\\\/strangercam.com\\\/talk-to-strangers-online-video\\\/#breadcrumb\"},\"inLanguage\":\"tr\",\"potentialAction\":[{\"@type\":\"ReadAction\",\"target\":[\"https:\\\/\\\/strangercam.com\\\/talk-to-strangers-online-video\\\/\"]}]},{\"@type\":\"BreadcrumbList\",\"@id\":\"https:\\\/\\\/strangercam.com\\\/talk-to-strangers-online-video\\\/#breadcrumb\",\"itemListElement\":[{\"@type\":\"ListItem\",\"position\":1,\"name\":\"Home\",\"item\":\"https:\\\/\\\/strangercam.com\\\/\"},{\"@type\":\"ListItem\",\"position\":2,\"name\":\"Talk to Strangers Online Video\"}]},{\"@type\":\"WebSite\",\"@id\":\"https:\\\/\\\/strangercam.com\\\/#website\",\"url\":\"https:\\\/\\\/strangercam.com\\\/\",\"name\":\"Strangercam\",\"description\":\"Random Video Chat with Strangers\",\"publisher\":{\"@id\":\"https:\\\/\\\/strangercam.com\\\/#organization\"},\"alternateName\":\"Strangercam.com\",\"potentialAction\":[{\"@type\":\"SearchAction\",\"target\":{\"@type\":\"EntryPoint\",\"urlTemplate\":\"https:\\\/\\\/strangercam.com\\\/?s={search_term_string}\"},\"query-input\":{\"@type\":\"PropertyValueSpecification\",\"valueRequired\":true,\"valueName\":\"search_term_string\"}}],\"inLanguage\":\"tr\"},{\"@type\":\"Organization\",\"@id\":\"https:\\\/\\\/strangercam.com\\\/#organization\",\"name\":\"Strangercam\",\"alternateName\":\"Strangercam.com\",\"url\":\"https:\\\/\\\/strangercam.com\\\/\",\"logo\":{\"@type\":\"ImageObject\",\"inLanguage\":\"tr\",\"@id\":\"https:\\\/\\\/strangercam.com\\\/#\\\/schema\\\/logo\\\/image\\\/\",\"url\":\"https:\\\/\\\/strangercam.com\\\/wp-content\\\/uploads\\\/2020\\\/11\\\/cropped-new-favicon-black.png\",\"contentUrl\":\"https:\\\/\\\/strangercam.com\\\/wp-content\\\/uploads\\\/2020\\\/11\\\/cropped-new-favicon-black.png\",\"width\":512,\"height\":512,\"caption\":\"Strangercam\"},\"image\":{\"@id\":\"https:\\\/\\\/strangercam.com\\\/#\\\/schema\\\/logo\\\/image\\\/\"},\"sameAs\":[\"https:\\\/\\\/www.facebook.com\\\/strangercam\",\"https:\\\/\\\/x.com\\\/strangercamapp\"]}]}<\/script>\n<!-- \/ Yoast SEO plugin. -->","yoast_head_json":{"title":"Yabanc\u0131larla Konu\u015fun \u00c7evrimi\u00e7i Video Strangercam.com'da","description":"Yabanc\u0131larla \u00c7evrimi\u00e7i Video Konu\u015fmay\u0131 Seviyor musunuz? StrangerCam.com'da Join milyonlarca! Rastgele bir g\u00f6r\u00fcnt\u00fcl\u00fc sohbet ba\u015flat\u0131n, kameran\u0131z\u0131 a\u00e7\u0131n ve yabanc\u0131larla an\u0131nda tan\u0131\u015f\u0131n.","robots":{"index":"index","follow":"follow","max-snippet":"max-snippet:-1","max-image-preview":"max-image-preview:large","max-video-preview":"max-video-preview:-1"},"canonical":"https:\/\/strangercam.com\/tr\/yabancilarla-konusmak-online-video\/","og_locale":"tr_TR","og_type":"article","og_title":"Talk to Strangers Online Video on Strangercam.com","og_description":"Liking Talk to Strangers Online Video? Join millions on StrangerCam.com! Start a random video chat, turn on your cam, and meet strangers instantly.","og_url":"https:\/\/strangercam.com\/tr\/yabancilarla-konusmak-online-video\/","og_site_name":"Strangercam","article_publisher":"https:\/\/www.facebook.com\/strangercam","article_modified_time":"2025-09-03T11:32:08+00:00","og_image":[{"width":800,"height":532,"url":"https:\/\/strangercam.com\/wp-content\/uploads\/2021\/10\/Untitled-2.png","type":"image\/png"}],"twitter_card":"summary_large_image","twitter_site":"@strangercamapp","twitter_misc":{"Tahmini okuma s\u00fcresi":"6 dakika"},"schema":{"@context":"https:\/\/schema.org","@graph":[{"@type":"WebPage","@id":"https:\/\/strangercam.com\/talk-to-strangers-online-video\/","url":"https:\/\/strangercam.com\/talk-to-strangers-online-video\/","name":"Yabanc\u0131larla Konu\u015fun \u00c7evrimi\u00e7i Video Strangercam.com'da","isPartOf":{"@id":"https:\/\/strangercam.com\/#website"},"datePublished":"2025-08-28T15:34:41+00:00","dateModified":"2025-09-03T11:32:08+00:00","description":"Yabanc\u0131larla \u00c7evrimi\u00e7i Video Konu\u015fmay\u0131 Seviyor musunuz? StrangerCam.com'da Join milyonlarca! Rastgele bir g\u00f6r\u00fcnt\u00fcl\u00fc sohbet ba\u015flat\u0131n, kameran\u0131z\u0131 a\u00e7\u0131n ve yabanc\u0131larla an\u0131nda tan\u0131\u015f\u0131n.","breadcrumb":{"@id":"https:\/\/strangercam.com\/talk-to-strangers-online-video\/#breadcrumb"},"inLanguage":"tr","potentialAction":[{"@type":"ReadAction","target":["https:\/\/strangercam.com\/talk-to-strangers-online-video\/"]}]},{"@type":"BreadcrumbList","@id":"https:\/\/strangercam.com\/talk-to-strangers-online-video\/#breadcrumb","itemListElement":[{"@type":"ListItem","position":1,"name":"Home","item":"https:\/\/strangercam.com\/"},{"@type":"ListItem","position":2,"name":"Talk to Strangers Online Video"}]},{"@type":"WebSite","@id":"https:\/\/strangercam.com\/#website","url":"https:\/\/strangercam.com\/","name":"Strangercam","description":"Yabanc\u0131larla Rastgele G\u00f6r\u00fcnt\u00fcl\u00fc Sohbet","publisher":{"@id":"https:\/\/strangercam.com\/#organization"},"alternateName":"Strangercam.com","potentialAction":[{"@type":"SearchAction","target":{"@type":"EntryPoint","urlTemplate":"https:\/\/strangercam.com\/?s={search_term_string}"},"query-input":{"@type":"PropertyValueSpecification","valueRequired":true,"valueName":"search_term_string"}}],"inLanguage":"tr"},{"@type":"Organization","@id":"https:\/\/strangercam.com\/#organization","name":"Strangercam","alternateName":"Strangercam.com","url":"https:\/\/strangercam.com\/","logo":{"@type":"ImageObject","inLanguage":"tr","@id":"https:\/\/strangercam.com\/#\/schema\/logo\/image\/","url":"https:\/\/strangercam.com\/wp-content\/uploads\/2020\/11\/cropped-new-favicon-black.png","contentUrl":"https:\/\/strangercam.com\/wp-content\/uploads\/2020\/11\/cropped-new-favicon-black.png","width":512,"height":512,"caption":"Strangercam"},"image":{"@id":"https:\/\/strangercam.com\/#\/schema\/logo\/image\/"},"sameAs":["https:\/\/www.facebook.com\/strangercam","https:\/\/x.com\/strangercamapp"]}]}},"_links":{"self":[{"href":"https:\/\/strangercam.com\/tr\/wp-json\/wp\/v2\/pages\/3987","targetHints":{"allow":["GET"]}}],"collection":[{"href":"https:\/\/strangercam.com\/tr\/wp-json\/wp\/v2\/pages"}],"about":[{"href":"https:\/\/strangercam.com\/tr\/wp-json\/wp\/v2\/types\/page"}],"author":[{"embeddable":true,"href":"https:\/\/strangercam.com\/tr\/wp-json\/wp\/v2\/users\/8"}],"replies":[{"embeddable":true,"href":"https:\/\/strangercam.com\/tr\/wp-json\/wp\/v2\/comments?post=3987"}],"version-history":[{"count":2,"href":"https:\/\/strangercam.com\/tr\/wp-json\/wp\/v2\/pages\/3987\/revisions"}],"predecessor-version":[{"id":12981,"href":"https:\/\/strangercam.com\/tr\/wp-json\/wp\/v2\/pages\/3987\/revisions\/12981"}],"wp:attachment":[{"href":"https:\/\/strangercam.com\/tr\/wp-json\/wp\/v2\/media?parent=3987"}],"curies":[{"name":"wp","href":"https:\/\/api.w.org\/{rel}","templated":true}]}}