{"id":3970,"date":"2025-08-28T17:31:39","date_gmt":"2025-08-28T15:31:39","guid":{"rendered":"https:\/\/strangercam.com\/?page_id=3970"},"modified":"2025-09-03T13:32:00","modified_gmt":"2025-09-03T11:32:00","slug":"rastgele-web-kamerasi-sohbeti","status":"publish","type":"page","link":"https:\/\/strangercam.com\/tr\/random-webcam-chat\/","title":{"rendered":"Rastgele Webcam Sohbeti"},"content":{"rendered":"<p>Rastgele bir web kameras\u0131n\u0131n heyecan\u0131n\u0131 ar\u0131yorum <a href=\"https:\/\/strangercam.com\/tr\/chathub\/\">sohbet<\/a>? Yaln\u0131z de\u011filsiniz. \u0130lk g\u00fcnlerinden beri <a href=\"https:\/\/strangercam.com\/tr\/omegle\/\">Omegle<\/a> ve <a href=\"https:\/\/strangercam.com\/tr\/chatroulette\/\">Chatroulette<\/a>, milyonlarca insan bir d\u00fc\u011fmeye t\u0131klayarak yabanc\u0131larla y\u00fcz y\u00fcze ba\u011flant\u0131 kurman\u0131n e\u011flencesini ke\u015ffetti. Sohbetlerin planl\u0131 veya yava\u015f oldu\u011fu sosyal medya veya arkada\u015fl\u0131k uygulamalar\u0131n\u0131n aksine, rastgele web kameras\u0131 sohbeti anl\u0131k, spontane ve ger\u00e7ektir.<\/p>\n<p>2025'te StrangerCam gibi platformlar, indirme, kaydolma ve gizli maliyet olmadan \u00fccretsiz rastgele web kameras\u0131 sohbetinin keyfini \u00e7\u0131karmay\u0131 her zamankinden daha kolay hale getiriyor. \u0130ster yeni arkada\u015flarla tan\u0131\u015fmak, fl\u00f6rt etmek, k\u00fclt\u00fcrleri payla\u015fmak veya sadece can s\u0131k\u0131nt\u0131s\u0131ndan ka\u00e7mak i\u00e7in burada olun, yabanc\u0131larla web kameras\u0131 sohbeti \u00e7evrimi\u00e7i ba\u011flant\u0131 kurman\u0131n en heyecan verici yollar\u0131ndan biridir.<\/p>\n<p>Bu k\u0131lavuz bilmeniz gereken her \u015feyi a\u00e7\u0131klayacakt\u0131r: rastgele web kameras\u0131 sohbetinin nas\u0131l \u00e7al\u0131\u015ft\u0131\u011f\u0131, insanlar\u0131n bunu neden sevdi\u011fi, hangi \u00f6zelliklerin aranaca\u011f\u0131, en iyi platformlar\u0131n kar\u015f\u0131la\u015ft\u0131rmalar\u0131, g\u00fcvenlik ipu\u00e7lar\u0131 ve StrangerCam'in neden bug\u00fcn en iyi se\u00e7eneklerden biri oldu\u011fu.<\/p>\n<h2>Rastgele Web Kameras\u0131 Sohbeti Nedir?<\/h2>\n<p>Rastgele web kameras\u0131 sohbeti, web kameran\u0131z\u0131 ve mikrofonunuzu kullanarak sizi d\u00fcnya \u00e7ap\u0131ndaki yabanc\u0131larla an\u0131nda bulu\u015fturan bire bir canl\u0131 video deneyimidir. Metin sohbet odalar\u0131n\u0131n aksine, web kameras\u0131 sohbeti size ger\u00e7ek zamanl\u0131 olarak y\u00fcz y\u00fcze etkile\u015fim sa\u011flar.<\/p>\n<p>S\u00fcre\u00e7 h\u0131zl\u0131 ve kolay olacak \u015fekilde tasarlanm\u0131\u015ft\u0131r: sadece \"Ba\u015flat \"a bas\u0131n ve saniyeler i\u00e7inde yeni biriyle e\u015fle\u015fin. Sohbeti be\u011fenmezseniz, devam etmek i\u00e7in \"\u0130leri \"ye bas\u0131n. Her sohbet benzersizdir - bazen komik, bazen fl\u00f6rt\u00f6z, bazen \u015fa\u015f\u0131rt\u0131c\u0131.<\/p>\n<h2>\u0130nsanlar \u00dccretsiz Rastgele Web Kameras\u0131 Sohbetini Neden Seviyor?<\/h2>\n<p>\u00dccretsiz rastgele web kameras\u0131 sohbetinin cazibesi h\u0131zla art\u0131yor ve i\u015fte nedeni:<\/p>\n<ul>\n<li>Spontane E\u011flence - S\u0131rada kiminle kar\u015f\u0131la\u015faca\u011f\u0131n\u0131z\u0131 asla bilemezsiniz.<\/li>\n<li>Orijinallik - Video, bir bot veya sahte profille de\u011fil, ger\u00e7ek bir ki\u015fiyle konu\u015ftu\u011funuzu kan\u0131tlar.<\/li>\n<li>Kay\u0131t veya Taahh\u00fct Yok - Bir\u00e7ok platform hesap gerektirmez. Sadece t\u0131klay\u0131n ve sohbet edin.<\/li>\n<li>K\u00fcresel Ba\u011flant\u0131lar - D\u00fcnyan\u0131n d\u00f6rt bir yan\u0131ndan insanlarla saniyeler i\u00e7inde tan\u0131\u015f\u0131n.<\/li>\n<li>\u00c7e\u015fitlilik - Her sohbet farkl\u0131d\u0131r: g\u00fcndelik, k\u00fclt\u00fcrel veya hatta fl\u00f6rt\u00f6z.<\/li>\n<li>Stres Giderme ve E\u011flence - Rahatlamak ve can s\u0131k\u0131nt\u0131s\u0131n\u0131 gidermek i\u00e7in m\u00fckemmel bir yol.<\/li>\n<\/ul>\n<h2>Rastgele Web Kameras\u0131 Sohbeti Nas\u0131l \u00c7al\u0131\u015f\u0131r?<\/h2>\n<p>Rastgele bir web kameras\u0131 sohbeti ba\u015flatmak inan\u0131lmaz derecede basittir:<\/p>\n<ol>\n<li>Platformu bilgisayar\u0131n\u0131zda veya mobil cihaz\u0131n\u0131zda a\u00e7\u0131n.<\/li>\n<li>Kamera ve mikrofon eri\u015fimine izin verin.<\/li>\n<li>\"Sohbeti Ba\u015flat \"a t\u0131klay\u0131n. An\u0131nda bir yabanc\u0131yla ba\u011flant\u0131 kuracaks\u0131n\u0131z.<\/li>\n<li>Y\u00fcz y\u00fcze canl\u0131 konu\u015fun.<\/li>\n<li>Yeni biriyle tan\u0131\u015fmak istedi\u011finizde \"\u0130leri \"ye t\u0131klay\u0131n.<\/li>\n<\/ol>\n<p>T\u00fcm s\u00fcre\u00e7 bir dakikadan az s\u00fcrer ve bu da onu \u00e7evrimi\u00e7i yeni insanlarla tan\u0131\u015fman\u0131n en kolay yollar\u0131ndan biri haline getirir.<\/p>\n<h2>Aranacak En \u00d6nemli \u00d6zellikler<\/h2>\n<p>T\u00fcm web kameras\u0131 sohbet platformlar\u0131 ayn\u0131 de\u011fildir. En iyi deneyimi elde etmek i\u00e7in bu temel \u00f6zellikleri aray\u0131n:<\/p>\n<h3>1. Ger\u00e7ekten \u00dccretsiz Eri\u015fim<\/h3>\n<p>\u00dccretsiz oldu\u011funu iddia eden ancak sizi h\u0131zla \u00f6deme duvarlar\u0131na iten sitelerden ka\u00e7\u0131n\u0131n.<\/p>\n<h3>2. Kay\u0131t Gerekmiyor<\/h3>\n<p>Sadece sohbet etmeye ba\u015flamak i\u00e7in kay\u0131t olman\u0131z veya ki\u015fisel bilgilerinizi vermeniz gerekmemelidir.<\/p>\n<h3>3. Cinsiyet ve Konum Filtreleri<\/h3>\n<p>Yaln\u0131zca k\u0131zlar veya belirli \u00fclkelerden insanlar gibi belirli insan t\u00fcrleriyle sohbet etmeyi se\u00e7in.<\/p>\n<h3>4. G\u00fc\u00e7l\u00fc Moderasyon ve Raporlama Ara\u00e7lar\u0131<\/h3>\n<p>Bunlar, k\u00f6t\u00fc niyetli kullan\u0131c\u0131lar\u0131 ve botlar\u0131 kald\u0131rarak ortam\u0131 g\u00fcvende tutar.<\/p>\n<h3>5. Mobil Uyumluluk<\/h3>\n<p>\u0130yi bir platform telefonlarda, tabletlerde ve masa\u00fcst\u00fc bilgisayarlarda sorunsuz \u00e7al\u0131\u015fmal\u0131d\u0131r.<\/p>\n<h3>6. Y\u00fcksek Kaliteli Video ve Ses<\/h3>\n<p>Net, g\u00fcvenilir ba\u011flant\u0131lar konu\u015fmalar\u0131 daha do\u011fal ve e\u011flenceli hale getirir.<\/p>\n<h2>2025'in En \u0130yi Rastgele Web Kameras\u0131 Sohbet Platformlar\u0131<\/h2>\n<p>\u0130\u015fte rastgele web kameras\u0131 sohbeti arayan kullan\u0131c\u0131lar i\u00e7in en iyi se\u00e7eneklerin nas\u0131l kar\u015f\u0131la\u015ft\u0131r\u0131ld\u0131\u011f\u0131:<\/p>\n<table>\n<thead>\n<tr>\n<th>Platform<\/th>\n<th align=\"center\">\u00dccretsiz Eri\u015fim<\/th>\n<th align=\"center\">Cinsiyet Filtresi<\/th>\n<th align=\"center\">Kay\u0131t Gerekli<\/th>\n<th align=\"center\">Mobil Destek<\/th>\n<th align=\"center\">Moderasyon<\/th>\n<th>Notlar<\/th>\n<\/tr>\n<\/thead>\n<tbody>\n<tr>\n<td>StrangerCam<\/td>\n<td align=\"center\">\u2705<\/td>\n<td align=\"center\">\u2705 (\u00dccretsiz)<\/td>\n<td align=\"center\">\u274c<\/td>\n<td align=\"center\">\u2705<\/td>\n<td align=\"center\">\u2705<\/td>\n<td>\u00c7ok y\u00f6nl\u00fc en iyi se\u00e7im, ger\u00e7ekten \u00fccretsiz<\/td>\n<\/tr>\n<tr>\n<td>Chatroulette<\/td>\n<td align=\"center\">\u2705<\/td>\n<td align=\"center\">\u274c (\u00dccretli)<\/td>\n<td align=\"center\">\u274c<\/td>\n<td align=\"center\">\u2705<\/td>\n<td align=\"center\">\u2705<\/td>\n<td>Klasik ama \u00fccretli filtrelerle<\/td>\n<\/tr>\n<tr>\n<td>Chatrandom<\/td>\n<td align=\"center\">\u2705<\/td>\n<td align=\"center\">\u274c (\u00dccretli)<\/td>\n<td align=\"center\">\u274c<\/td>\n<td align=\"center\">\u2705<\/td>\n<td align=\"center\">\u2705<\/td>\n<td>Pop\u00fcler, ancak y\u00fckseltmeler zorland\u0131<\/td>\n<\/tr>\n<tr>\n<td><a href=\"https:\/\/strangercam.com\/tr\/ometv\/\">OmeTV<\/a><\/td>\n<td align=\"center\">\u2705<\/td>\n<td align=\"center\">\u274c<\/td>\n<td align=\"center\">\u274c<\/td>\n<td align=\"center\">\u2705<\/td>\n<td align=\"center\">\u2705<\/td>\n<td>Mobil uygulama, sadece rastgele e\u015fle\u015ftirme<\/td>\n<\/tr>\n<tr>\n<td>Shagle<\/td>\n<td align=\"center\">\u2705<\/td>\n<td align=\"center\">\u274c (\u00dccretli)<\/td>\n<td align=\"center\">\u274c<\/td>\n<td align=\"center\">\u2705<\/td>\n<td align=\"center\">\u2705<\/td>\n<td>Premium'da kilitli bir\u00e7ok \u00f6zellik<\/td>\n<\/tr>\n<tr>\n<td><a href=\"https:\/\/strangercam.com\/tr\/coomeet\/\">CooMeet<\/a><\/td>\n<td align=\"center\">\u274c (Deneme)<\/td>\n<td align=\"center\">\u2705<\/td>\n<td align=\"center\">\u2705<\/td>\n<td align=\"center\">\u2705<\/td>\n<td align=\"center\">\u2705<\/td>\n<td>S\u0131n\u0131rl\u0131 \u00fccretsiz denemeden sonra \u00fccretli<\/td>\n<\/tr>\n<tr>\n<td>LuckyCrush<\/td>\n<td align=\"center\">\u274c<\/td>\n<td align=\"center\">\u2705<\/td>\n<td align=\"center\">\u2705<\/td>\n<td align=\"center\">\u2705<\/td>\n<td align=\"center\">\u2705<\/td>\n<td>Her zaman \u00fccretli, cinsiyete \u00f6zel e\u015fle\u015ftirme<\/td>\n<\/tr>\n<\/tbody>\n<\/table>\n<p>StrangerCam, \u00e7al\u0131\u015fan cinsiyet filtreleri, kay\u0131t yok ve s\u0131n\u0131rs\u0131z eri\u015fim ile \u00fccretsiz rastgele web kameras\u0131 sohbeti sunan tek platformlardan biri olarak \u00f6ne \u00e7\u0131k\u0131yor.<\/p>\n<h2>StrangerCam Neden Rastgele Web Kameras\u0131 Sohbeti i\u00e7in En \u0130yi Yerdir?<\/h2>\n<p>\u0130\u015fte StrangerCam'in 2025'te web kameras\u0131 sohbeti i\u00e7in en iyi se\u00e7im olmas\u0131n\u0131n nedeni:<\/p>\n<h3>1. Tamamen \u00dccretsiz<\/h3>\n<p>Yabanc\u0131larla s\u0131n\u0131rs\u0131z sohbet, gizli \u00fccret yok.<\/p>\n<h3>2. \u00dccretsiz Cinsiyet Filtresi<\/h3>\n<p>\u00d6deme duvarlar\u0131 olmadan erkekleri, k\u0131zlar\u0131 veya her ikisini de se\u00e7in.<\/p>\n<h3>3. Kay\u0131t Gerektirmez<\/h3>\n<p>Tam bir anonimlikle do\u011frudan sohbete atlay\u0131n.<\/p>\n<h3>4. G\u00fcvenli ve Moderat\u00f6rl\u00fc<\/h3>\n<p>Sa\u011flam raporlama ara\u00e7lar\u0131 ve moderasyon sistemleri, alan\u0131 temiz ve samimi tutar.<\/p>\n<h3>5. K\u00fcresel Topluluk<\/h3>\n<p>100'den fazla \u00fclkeden yabanc\u0131lar 7\/24 \u00e7evrimi\u00e7i.<\/p>\n<h3>6. Mobil Uyumlu Tasar\u0131m<\/h3>\n<p>T\u00fcm cihazlar i\u00e7in optimize edilmi\u015ftir - her zaman, her yerde sohbet edin.<\/p>\n<h2>Ger\u00e7ek Kullan\u0131c\u0131 G\u00f6r\u00fc\u015fleri<\/h2>\n<blockquote><p><em>\"Rastgele webcam sohbeti i\u015ften sonra rahatlamak i\u00e7in en sevdi\u011fim yol. StrangerCam bunu \u00e7ok kolayla\u015ft\u0131r\u0131yor - kay\u0131t yok, sa\u00e7mal\u0131k yok, sadece \u00fccretsiz sohbetler.\"<\/em><br \/>\n- Michael, 29 ya\u015f\u0131nda.<\/p><\/blockquote>\n<blockquote><p><em>\"Cinsiyet filtresi asl\u0131nda \u00fccretsiz \u00e7al\u0131\u015f\u0131yor ki bu nadir g\u00f6r\u00fclen bir \u015fey. D\u00fcnya \u00e7ap\u0131nda k\u0131zlarla harika sohbetler yapt\u0131m.\"<\/em><br \/>\n- Emma, 23 ya\u015f\u0131nda.<\/p><\/blockquote>\n<blockquote><p><em>\"Bu \u00e7ok e\u011flenceli. Bir bak\u0131yorsunuz \u0130talya'dan biriyle sohbet ediyorum, bir bak\u0131yorsunuz Kanada'dan biriyle. Ne bekleyece\u011finizi asla bilemiyorsunuz.\"<\/em><br \/>\n- David, 26 ya\u015f\u0131nda.<\/p><\/blockquote>\n<blockquote><p><em>\"Di\u011fer siteleri denedim ama \u00e7o\u011fu benden \u00f6deme yapmam\u0131 istedi. StrangerCam \u00fccretsiz rastgele webcam sohbeti s\u00f6z\u00fcn\u00fc tutan tek site oldu.\"<\/em><br \/>\n- Sophia, 20 ya\u015f\u0131nda.<\/p><\/blockquote>\n<h2>Rastgele Web Kameras\u0131 Sohbeti i\u00e7in G\u00fcvenlik \u0130pu\u00e7lar\u0131<\/h2>\n<p>Web kameras\u0131 sohbeti e\u011flenceli olsa da, her zaman g\u00fcvende kalmal\u0131s\u0131n\u0131z:<\/p>\n<ul>\n<li>Telefonunuz, e-postan\u0131z veya ev adresiniz gibi ki\u015fisel bilgilerinizi payla\u015fmay\u0131n.<\/li>\n<li>Sizi rahats\u0131z eden ki\u015fileri atlay\u0131n veya engelleyin.<\/li>\n<li>Yabanc\u0131lar\u0131n payla\u015ft\u0131\u011f\u0131 ba\u011flant\u0131lara asla t\u0131klamay\u0131n.<\/li>\n<li>\u00d6zel ayr\u0131nt\u0131lar\u0131n ortaya \u00e7\u0131kmas\u0131n\u0131 \u00f6nlemek i\u00e7in n\u00f6tr bir arka plan kullan\u0131n.<\/li>\n<li>Ya\u015f kurallar\u0131na uyun - 18 ya\u015f\u0131n alt\u0131ndaysan\u0131z, yeti\u015fkin sohbet sitelerinden ka\u00e7\u0131n\u0131n.<\/li>\n<li>K\u00f6t\u00fc kullan\u0131c\u0131lar\u0131 bildirmek veya engellemek i\u00e7in platform ara\u00e7lar\u0131na ba\u011fl\u0131 kal\u0131n.<\/li>\n<\/ul>\n<h2>Nas\u0131l Ba\u015flan\u0131r - Ad\u0131m Ad\u0131m<\/h2>\n<p>Rastgele bir web kameras\u0131 sohbeti ba\u015flatmak sadece saniyeler al\u0131r:<\/p>\n<ol>\n<li>Taray\u0131c\u0131n\u0131zda StrangerCam'i a\u00e7\u0131n.<\/li>\n<li>Web kameras\u0131 ve mikrofon eri\u015fimine izin verin.<\/li>\n<li>Tercihleri se\u00e7in (cinsiyet filtresi gibi).<\/li>\n<li>An\u0131nda ba\u011flanmak i\u00e7in Sohbeti Ba\u015flat'a t\u0131klay\u0131n.<\/li>\n<li>Yeni biriyle tan\u0131\u015fmak i\u00e7in istedi\u011finiz zaman \u0130leri'ye t\u0131klay\u0131n.<\/li>\n<\/ol>\n<p>\u0130\u015fte bu kadar - h\u0131zl\u0131, basit ve tamamen \u00fccretsiz.<\/p>\n<h2>S\u0131k\u00e7a Sorulan Sorular<\/h2>\n<h3>Rastgele web kameras\u0131 sohbeti \u00fccretsiz mi?<\/h3>\n<p>Evet. StrangerCam yabanc\u0131larla s\u0131n\u0131rs\u0131z \u00fccretsiz web kameras\u0131 sohbetleri sunar.<\/p>\n<h3>Kaydolmam gerekiyor mu?<\/h3>\n<p>Hay\u0131r. StrangerCam kay\u0131t gerektirmez.<\/p>\n<h3>\u0130nsanlar ger\u00e7ek mi?<\/h3>\n<p>Evet. Web kameras\u0131 sohbeti, botlarla de\u011fil ger\u00e7ek insanlarla ba\u011flant\u0131da olman\u0131z\u0131 sa\u011flar.<\/p>\n<h3>Telefonumda kullanabilir miyim?<\/h3>\n<p>Evet. StrangerCam mobil uyumludur ve t\u00fcm cihazlarda \u00e7al\u0131\u015f\u0131r.<\/p>\n<h3>G\u00fcvenli mi?<\/h3>\n<p>Evet, g\u00fcvenlik ipu\u00e7lar\u0131n\u0131 takip etti\u011finiz ve platformun raporlama ara\u00e7lar\u0131n\u0131 kulland\u0131\u011f\u0131n\u0131z s\u00fcrece.<\/p>\n<h2>Son D\u00fc\u015f\u00fcnceler - \u00dccretsiz Rastgele Web Kameras\u0131 Sohbetini Bug\u00fcn Deneyin<\/h2>\n<p>2025 y\u0131l\u0131nda, rastgele web kameras\u0131 sohbeti hala \u00e7evrimi\u00e7i yeni insanlarla tan\u0131\u015fman\u0131n en heyecan verici yollar\u0131ndan biridir. \u00dccretsiz, spontane ve ger\u00e7ek zamanl\u0131 olarak otantik insan etkile\u015fimini deneyimlemenizi sa\u011flar.<\/p>\n<p>Ancak her platform bunu sa\u011flayam\u0131yor - bir\u00e7o\u011fu filtreleri \u00f6deme duvarlar\u0131n\u0131n arkas\u0131na gizliyor veya sohbetlerini botlarla dolduruyor. Bu y\u00fczden StrangerCam en iyi se\u00e7imdir: \u00fccretsiz, anonim, g\u00fcvenli ve her zaman ba\u011flant\u0131 kurmaya haz\u0131r insanlarla doludur.<\/p>\n<p>Denemeye haz\u0131r m\u0131s\u0131n\u0131z? Bug\u00fcn \u00fccretsiz bir rastgele web kameras\u0131 sohbeti ba\u015flat\u0131n ve bir sonraki ad\u0131mda kiminle tan\u0131\u015faca\u011f\u0131n\u0131z\u0131 g\u00f6r\u00fcn.<\/p>","protected":false},"excerpt":{"rendered":"<p>Looking for the thrill of a random webcam chat? You\u2019re not alone. Since the early days of Omegle and Chatroulette, millions of people have discovered the fun of connecting face-to-face with strangers at the click of a button. Unlike social media or dating apps, where conversations feel planned or slow, random webcam chat is instant, [&hellip;]<\/p>\n","protected":false},"author":8,"featured_media":0,"parent":0,"menu_order":0,"comment_status":"closed","ping_status":"closed","template":"","meta":{"footnotes":""},"class_list":["post-3970","page","type-page","status-publish","hentry"],"yoast_head":"<!-- This site is optimized with the Yoast SEO plugin v27.4 - https:\/\/yoast.com\/product\/yoast-seo-wordpress\/ -->\n<title>Random Webcam Chat with Random Chat on Strangercam.com<\/title>\n<meta name=\"description\" content=\"Liking Random Webcam Chat? Join millions on StrangerCam.com! Start a random video chat, turn on your cam, and meet strangers instantly.\" \/>\n<meta name=\"robots\" content=\"index, follow, max-snippet:-1, max-image-preview:large, max-video-preview:-1\" \/>\n<link rel=\"canonical\" href=\"https:\/\/strangercam.com\/tr\/rastgele-web-kamerasi-sohbeti\/\" \/>\n<meta property=\"og:locale\" content=\"tr_TR\" \/>\n<meta property=\"og:type\" content=\"article\" \/>\n<meta property=\"og:title\" content=\"Random Webcam Chat with Random Chat on Strangercam.com\" \/>\n<meta property=\"og:description\" content=\"Liking Random Webcam Chat? Join millions on StrangerCam.com! Start a random video chat, turn on your cam, and meet strangers instantly.\" \/>\n<meta property=\"og:url\" content=\"https:\/\/strangercam.com\/tr\/rastgele-web-kamerasi-sohbeti\/\" \/>\n<meta property=\"og:site_name\" content=\"Strangercam\" \/>\n<meta property=\"article:publisher\" content=\"https:\/\/www.facebook.com\/strangercam\" \/>\n<meta property=\"article:modified_time\" content=\"2025-09-03T11:32:00+00:00\" \/>\n<meta property=\"og:image\" content=\"https:\/\/strangercam.com\/wp-content\/uploads\/2021\/10\/Untitled-2.png\" \/>\n\t<meta property=\"og:image:width\" content=\"800\" \/>\n\t<meta property=\"og:image:height\" content=\"532\" \/>\n\t<meta property=\"og:image:type\" content=\"image\/png\" \/>\n<meta name=\"twitter:card\" content=\"summary_large_image\" \/>\n<meta name=\"twitter:site\" content=\"@strangercamapp\" \/>\n<meta name=\"twitter:label1\" content=\"Tahmini okuma s\u00fcresi\" \/>\n\t<meta name=\"twitter:data1\" content=\"5 dakika\" \/>\n<script type=\"application\/ld+json\" class=\"yoast-schema-graph\">{\"@context\":\"https:\\\/\\\/schema.org\",\"@graph\":[{\"@type\":\"WebPage\",\"@id\":\"https:\\\/\\\/strangercam.com\\\/random-webcam-chat\\\/\",\"url\":\"https:\\\/\\\/strangercam.com\\\/random-webcam-chat\\\/\",\"name\":\"Random Webcam Chat with Random Chat on Strangercam.com\",\"isPartOf\":{\"@id\":\"https:\\\/\\\/strangercam.com\\\/#website\"},\"datePublished\":\"2025-08-28T15:31:39+00:00\",\"dateModified\":\"2025-09-03T11:32:00+00:00\",\"description\":\"Liking Random Webcam Chat? Join millions on StrangerCam.com! Start a random video chat, turn on your cam, and meet strangers instantly.\",\"breadcrumb\":{\"@id\":\"https:\\\/\\\/strangercam.com\\\/random-webcam-chat\\\/#breadcrumb\"},\"inLanguage\":\"tr\",\"potentialAction\":[{\"@type\":\"ReadAction\",\"target\":[\"https:\\\/\\\/strangercam.com\\\/random-webcam-chat\\\/\"]}]},{\"@type\":\"BreadcrumbList\",\"@id\":\"https:\\\/\\\/strangercam.com\\\/random-webcam-chat\\\/#breadcrumb\",\"itemListElement\":[{\"@type\":\"ListItem\",\"position\":1,\"name\":\"Home\",\"item\":\"https:\\\/\\\/strangercam.com\\\/\"},{\"@type\":\"ListItem\",\"position\":2,\"name\":\"Random Webcam Chat\"}]},{\"@type\":\"WebSite\",\"@id\":\"https:\\\/\\\/strangercam.com\\\/#website\",\"url\":\"https:\\\/\\\/strangercam.com\\\/\",\"name\":\"Strangercam\",\"description\":\"Random Video Chat with Strangers\",\"publisher\":{\"@id\":\"https:\\\/\\\/strangercam.com\\\/#organization\"},\"alternateName\":\"Strangercam.com\",\"potentialAction\":[{\"@type\":\"SearchAction\",\"target\":{\"@type\":\"EntryPoint\",\"urlTemplate\":\"https:\\\/\\\/strangercam.com\\\/?s={search_term_string}\"},\"query-input\":{\"@type\":\"PropertyValueSpecification\",\"valueRequired\":true,\"valueName\":\"search_term_string\"}}],\"inLanguage\":\"tr\"},{\"@type\":\"Organization\",\"@id\":\"https:\\\/\\\/strangercam.com\\\/#organization\",\"name\":\"Strangercam\",\"alternateName\":\"Strangercam.com\",\"url\":\"https:\\\/\\\/strangercam.com\\\/\",\"logo\":{\"@type\":\"ImageObject\",\"inLanguage\":\"tr\",\"@id\":\"https:\\\/\\\/strangercam.com\\\/#\\\/schema\\\/logo\\\/image\\\/\",\"url\":\"https:\\\/\\\/strangercam.com\\\/wp-content\\\/uploads\\\/2020\\\/11\\\/cropped-new-favicon-black.png\",\"contentUrl\":\"https:\\\/\\\/strangercam.com\\\/wp-content\\\/uploads\\\/2020\\\/11\\\/cropped-new-favicon-black.png\",\"width\":512,\"height\":512,\"caption\":\"Strangercam\"},\"image\":{\"@id\":\"https:\\\/\\\/strangercam.com\\\/#\\\/schema\\\/logo\\\/image\\\/\"},\"sameAs\":[\"https:\\\/\\\/www.facebook.com\\\/strangercam\",\"https:\\\/\\\/x.com\\\/strangercamapp\"]}]}<\/script>\n<!-- \/ Yoast SEO plugin. -->","yoast_head_json":{"title":"Strangercam.com'da Rastgele Sohbet ile Rastgele Kameral\u0131 Sohbet","description":"Rastgele Webcam Sohbetini mi seviyorsun? StrangerCam.com'da Join milyonlarca! Rastgele bir g\u00f6r\u00fcnt\u00fcl\u00fc sohbet ba\u015flat\u0131n, kameran\u0131z\u0131 a\u00e7\u0131n ve yabanc\u0131larla an\u0131nda tan\u0131\u015f\u0131n.","robots":{"index":"index","follow":"follow","max-snippet":"max-snippet:-1","max-image-preview":"max-image-preview:large","max-video-preview":"max-video-preview:-1"},"canonical":"https:\/\/strangercam.com\/tr\/rastgele-web-kamerasi-sohbeti\/","og_locale":"tr_TR","og_type":"article","og_title":"Random Webcam Chat with Random Chat on Strangercam.com","og_description":"Liking Random Webcam Chat? Join millions on StrangerCam.com! Start a random video chat, turn on your cam, and meet strangers instantly.","og_url":"https:\/\/strangercam.com\/tr\/rastgele-web-kamerasi-sohbeti\/","og_site_name":"Strangercam","article_publisher":"https:\/\/www.facebook.com\/strangercam","article_modified_time":"2025-09-03T11:32:00+00:00","og_image":[{"width":800,"height":532,"url":"https:\/\/strangercam.com\/wp-content\/uploads\/2021\/10\/Untitled-2.png","type":"image\/png"}],"twitter_card":"summary_large_image","twitter_site":"@strangercamapp","twitter_misc":{"Tahmini okuma s\u00fcresi":"5 dakika"},"schema":{"@context":"https:\/\/schema.org","@graph":[{"@type":"WebPage","@id":"https:\/\/strangercam.com\/random-webcam-chat\/","url":"https:\/\/strangercam.com\/random-webcam-chat\/","name":"Strangercam.com'da Rastgele Sohbet ile Rastgele Kameral\u0131 Sohbet","isPartOf":{"@id":"https:\/\/strangercam.com\/#website"},"datePublished":"2025-08-28T15:31:39+00:00","dateModified":"2025-09-03T11:32:00+00:00","description":"Rastgele Webcam Sohbetini mi seviyorsun? StrangerCam.com'da Join milyonlarca! Rastgele bir g\u00f6r\u00fcnt\u00fcl\u00fc sohbet ba\u015flat\u0131n, kameran\u0131z\u0131 a\u00e7\u0131n ve yabanc\u0131larla an\u0131nda tan\u0131\u015f\u0131n.","breadcrumb":{"@id":"https:\/\/strangercam.com\/random-webcam-chat\/#breadcrumb"},"inLanguage":"tr","potentialAction":[{"@type":"ReadAction","target":["https:\/\/strangercam.com\/random-webcam-chat\/"]}]},{"@type":"BreadcrumbList","@id":"https:\/\/strangercam.com\/random-webcam-chat\/#breadcrumb","itemListElement":[{"@type":"ListItem","position":1,"name":"Home","item":"https:\/\/strangercam.com\/"},{"@type":"ListItem","position":2,"name":"Random Webcam Chat"}]},{"@type":"WebSite","@id":"https:\/\/strangercam.com\/#website","url":"https:\/\/strangercam.com\/","name":"Strangercam","description":"Yabanc\u0131larla Rastgele G\u00f6r\u00fcnt\u00fcl\u00fc Sohbet","publisher":{"@id":"https:\/\/strangercam.com\/#organization"},"alternateName":"Strangercam.com","potentialAction":[{"@type":"SearchAction","target":{"@type":"EntryPoint","urlTemplate":"https:\/\/strangercam.com\/?s={search_term_string}"},"query-input":{"@type":"PropertyValueSpecification","valueRequired":true,"valueName":"search_term_string"}}],"inLanguage":"tr"},{"@type":"Organization","@id":"https:\/\/strangercam.com\/#organization","name":"Strangercam","alternateName":"Strangercam.com","url":"https:\/\/strangercam.com\/","logo":{"@type":"ImageObject","inLanguage":"tr","@id":"https:\/\/strangercam.com\/#\/schema\/logo\/image\/","url":"https:\/\/strangercam.com\/wp-content\/uploads\/2020\/11\/cropped-new-favicon-black.png","contentUrl":"https:\/\/strangercam.com\/wp-content\/uploads\/2020\/11\/cropped-new-favicon-black.png","width":512,"height":512,"caption":"Strangercam"},"image":{"@id":"https:\/\/strangercam.com\/#\/schema\/logo\/image\/"},"sameAs":["https:\/\/www.facebook.com\/strangercam","https:\/\/x.com\/strangercamapp"]}]}},"_links":{"self":[{"href":"https:\/\/strangercam.com\/tr\/wp-json\/wp\/v2\/pages\/3970","targetHints":{"allow":["GET"]}}],"collection":[{"href":"https:\/\/strangercam.com\/tr\/wp-json\/wp\/v2\/pages"}],"about":[{"href":"https:\/\/strangercam.com\/tr\/wp-json\/wp\/v2\/types\/page"}],"author":[{"embeddable":true,"href":"https:\/\/strangercam.com\/tr\/wp-json\/wp\/v2\/users\/8"}],"replies":[{"embeddable":true,"href":"https:\/\/strangercam.com\/tr\/wp-json\/wp\/v2\/comments?post=3970"}],"version-history":[{"count":2,"href":"https:\/\/strangercam.com\/tr\/wp-json\/wp\/v2\/pages\/3970\/revisions"}],"predecessor-version":[{"id":12980,"href":"https:\/\/strangercam.com\/tr\/wp-json\/wp\/v2\/pages\/3970\/revisions\/12980"}],"wp:attachment":[{"href":"https:\/\/strangercam.com\/tr\/wp-json\/wp\/v2\/media?parent=3970"}],"curies":[{"name":"wp","href":"https:\/\/api.w.org\/{rel}","templated":true}]}}