{"id":3918,"date":"2025-08-28T17:12:57","date_gmt":"2025-08-28T15:12:57","guid":{"rendered":"https:\/\/strangercam.com\/?page_id=3918"},"modified":"2025-09-03T13:31:29","modified_gmt":"2025-09-03T11:31:29","slug":"yabancilarla-goruntulu-konusma","status":"publish","type":"page","link":"https:\/\/strangercam.com\/tr\/talk-to-strangers-video-call\/","title":{"rendered":"Yabanc\u0131larla Konu\u015fun G\u00f6r\u00fcnt\u00fcl\u00fc Arama"},"content":{"rendered":"<p>Yabanc\u0131larla g\u00f6r\u00fcnt\u00fcl\u00fc arama tarz\u0131nda konu\u015fman\u0131n bir yolunu mu ar\u0131yordunuz? Yaln\u0131z de\u011filsiniz. Rastgele uygulamalar\u0131n y\u00fckseli\u015finden bu yana <a href=\"https:\/\/strangercam.com\/tr\/chathub\/\">sohbet<\/a> gibi platformlar <a href=\"https:\/\/strangercam.com\/tr\/omegle\/\">Omegle<\/a>, <a href=\"https:\/\/strangercam.com\/tr\/chatroulette\/\">Chatroulette<\/a>, ve modern halefleri sayesinde milyonlarca insan yeni arkada\u015flar edinmek, g\u00fcndelik sohbetlerin tad\u0131n\u0131 \u00e7\u0131karmak veya sadece can s\u0131k\u0131nt\u0131s\u0131n\u0131 yenmek i\u00e7in yabanc\u0131larla canl\u0131 g\u00f6r\u00fcnt\u00fcl\u00fc g\u00f6r\u00fc\u015fmelere y\u00f6neldi.<\/p>\n<p>Bug\u00fcn, StrangerCam gibi platformlar yabanc\u0131larla \u00fccretsiz g\u00f6r\u00fcnt\u00fcl\u00fc g\u00f6r\u00fc\u015fmenin keyfini \u00e7\u0131karmay\u0131 her zamankinden daha kolay hale getiriyor - kay\u0131t yok, indirme yok ve gizli \u00fccret yok. \u0130ster rahat\u00e7a sohbet etmek, ister fl\u00f6rt etmek, farkl\u0131 k\u00fclt\u00fcrler hakk\u0131nda bilgi edinmek veya sadece yeni biriyle g\u00fclmek isteyin, \u00e7evrimi\u00e7i yabanc\u0131 g\u00f6r\u00fcnt\u00fcl\u00fc aramalar size d\u00fcnya \u00e7ap\u0131nda ger\u00e7ek insanlara an\u0131nda eri\u015fim sa\u011flar.<\/p>\n<p>Bu k\u0131lavuzda, bilmeniz gereken her \u015feyi ele alaca\u011f\u0131z: yabanc\u0131 g\u00f6r\u00fcnt\u00fcl\u00fc aramalar\u0131n ne oldu\u011fu, neden bu kadar pop\u00fcler olduklar\u0131, nas\u0131l \u00e7al\u0131\u015ft\u0131klar\u0131, hangi \u00f6zellikleri arayacaklar\u0131, en iyi platformlar\u0131n kar\u015f\u0131la\u015ft\u0131rmalar\u0131, g\u00fcvenlik ipu\u00e7lar\u0131 ve StrangerCam'in neden 2025'teki en iyi se\u00e7eneklerden biri oldu\u011fu.<\/p>\n<h2>\"Yabanc\u0131larla G\u00f6r\u00fcnt\u00fcl\u00fc G\u00f6r\u00fc\u015fme\" Ne Anlama Geliyor?<\/h2>\n<p>Yabanc\u0131larla g\u00f6r\u00fcnt\u00fcl\u00fc arama yoluyla konu\u015ftu\u011funuzda, \u00e7evrimi\u00e7i rastgele insanlarla an\u0131nda ba\u011flant\u0131 kurmak i\u00e7in web kameran\u0131z\u0131 ve mikrofonunuzu kullan\u0131rs\u0131n\u0131z. Konu\u015fmalar\u0131n zorlama veya yava\u015f hissedilebildi\u011fi sosyal a\u011flar veya fl\u00f6rt uygulamalar\u0131n\u0131n aksine, yabanc\u0131 g\u00f6r\u00fcnt\u00fcl\u00fc aramalar spontane ve ger\u00e7ektir.<\/p>\n<p>Profil olu\u015fturman\u0131za, foto\u011fraf y\u00fcklemenize veya saatlerce gezinmenize gerek yok. Sadece bir d\u00fc\u011fmeye t\u0131klay\u0131n ve yeni biriyle y\u00fcz y\u00fcze gelin. Sohbetten ho\u015flanm\u0131yorsan\u0131z, \u0130leri'ye bas\u0131n ve saniyeler i\u00e7inde ba\u015fka biriyle ba\u011flant\u0131 kurun.<\/p>\n<h2>\u0130nsanlar Yabanc\u0131larla \u00dccretsiz G\u00f6r\u00fcnt\u00fcl\u00fc G\u00f6r\u00fc\u015fmeleri Neden Seviyor?<\/h2>\n<p>Yabanc\u0131larla \u00fccretsiz g\u00f6r\u00fcnt\u00fcl\u00fc konu\u015fma platformlar\u0131n\u0131n cazibesi a\u00e7\u0131kt\u0131r:<\/p>\n<ul>\n<li>Ger\u00e7ek \u0130nsan Etkile\u015fimi - Metin sohbetinin aksine, video ger\u00e7ek bir insanla konu\u015fman\u0131z\u0131 sa\u011flar.<\/li>\n<li>Kendili\u011findenlik - Her \u00e7a\u011fr\u0131 benzersiz, \u015fa\u015f\u0131rt\u0131c\u0131 ve \u00f6ng\u00f6r\u00fclemezdir.<\/li>\n<li>Taahh\u00fct Yok - Hesap veya kay\u0131t gerekmez; istedi\u011finiz zaman ayr\u0131labilirsiniz.<\/li>\n<li>K\u00fcresel Eri\u015fim - D\u00fcnyan\u0131n d\u00f6rt bir yan\u0131ndan yabanc\u0131larla an\u0131nda tan\u0131\u015f\u0131n.<\/li>\n<li>Arkada\u015fl\u0131k ve Fl\u00f6rt - Baz\u0131 insanlar bunu arkada\u015f edinmek i\u00e7in kullan\u0131rken, di\u011ferleri g\u00f6n\u00fcls\u00fcz, s\u0131radan e\u011flence i\u00e7in kullan\u0131r.<\/li>\n<li>H\u0131zl\u0131 Ka\u00e7\u0131\u015f - S\u0131k\u0131ld\u0131\u011f\u0131n\u0131z veya sosyal bir mola vermek istedi\u011finiz zamanlar i\u00e7in m\u00fckemmeldir.<\/li>\n<\/ul>\n<h2>Yabanc\u0131 G\u00f6r\u00fcnt\u00fcl\u00fc Arama Nas\u0131l \u00c7al\u0131\u015f\u0131r?<\/h2>\n<p>S\u00fcre\u00e7 h\u0131zl\u0131 ve acemi dostu:<\/p>\n<ol>\n<li>Cihaz\u0131n\u0131zdaki platformu (StrangerCam gibi) a\u00e7\u0131n.<\/li>\n<li>Kameran\u0131za ve mikrofonunuza eri\u015fime izin verin.<\/li>\n<li>\"Sohbeti Ba\u015flat \"a t\u0131klay\u0131n. An\u0131nda rastgele bir yabanc\u0131ya ba\u011flanacaks\u0131n\u0131z.<\/li>\n<li>G\u00f6r\u00fcnt\u00fcl\u00fc arama ile canl\u0131 konu\u015fun.<\/li>\n<li>Yeni biriyle tan\u0131\u015fmak istiyorsan\u0131z \"\u0130leri \"ye t\u0131klay\u0131n.<\/li>\n<\/ol>\n<p>Bu basit kurulum, onu d\u00fcnya \u00e7ap\u0131ndaki insanlarla ba\u011flant\u0131 kurman\u0131n en h\u0131zl\u0131 yollar\u0131ndan biri haline getiriyor.<\/p>\n<h2>Aranacak En \u00d6nemli \u00d6zellikler<\/h2>\n<p>Yabanc\u0131larla g\u00f6r\u00fcnt\u00fcl\u00fc arama yaparak konu\u015fmak i\u00e7in en iyi yeri ar\u0131yorsan\u0131z, i\u015fte en \u00f6nemli \u00f6zellikler:<\/p>\n<h3>1. Ger\u00e7ekten \u00dccretsiz Eri\u015fim<\/h3>\n<p>Platform size \u00f6deme duvarlar\u0131 olmadan s\u0131n\u0131rs\u0131z eri\u015fim sa\u011flamal\u0131d\u0131r.<\/p>\n<h3>2. Kay\u0131t Gerekmiyor<\/h3>\n<p>En iyi platformlar hesap, giri\u015f veya ki\u015fisel bilgi gerektirmez.<\/p>\n<h3>3. Cinsiyet ve Konum Filtreleri<\/h3>\n<p>\u0130ster k\u0131zlar, ister erkekler, ister belirli \u00fclkelerden insanlar olsun, kiminle konu\u015fmak istedi\u011finizi se\u00e7in.<\/p>\n<h3>4. G\u00fc\u00e7l\u00fc Il\u0131ml\u0131l\u0131k<\/h3>\n<p>Platformlar raporlama, engelleme ve alan\u0131 g\u00fcvenli tutma ara\u00e7lar\u0131na sahip olmal\u0131d\u0131r.<\/p>\n<h3>5. Mobil Uyumlu Deneyim<\/h3>\n<p>Platformun hem telefonlarda hem de masa\u00fcst\u00fc bilgisayarlarda iyi \u00e7al\u0131\u015ft\u0131\u011f\u0131ndan emin olun.<\/p>\n<h3>6. Y\u00fcksek Kaliteli Video ve Ses<\/h3>\n<p>Net ve p\u00fcr\u00fczs\u00fcz ba\u011flant\u0131lar konu\u015fmay\u0131 daha keyifli hale getirir.<\/p>\n<h2>2025'te Yabanc\u0131larla G\u00f6r\u00fcnt\u00fcl\u00fc G\u00f6r\u00fc\u015fme Yapmak \u0130\u00e7in En \u0130yi Platformlar<\/h2>\n<p>\u0130\u015fte yabanc\u0131 g\u00f6r\u00fcnt\u00fcl\u00fc aramalar i\u00e7in en iyi platformlar\u0131n bir kar\u015f\u0131la\u015ft\u0131rmas\u0131:<\/p>\n<table>\n<thead>\n<tr>\n<th>Platform<\/th>\n<th align=\"center\">\u00dccretsiz Eri\u015fim<\/th>\n<th align=\"center\">Cinsiyet Filtresi<\/th>\n<th align=\"center\">Kay\u0131t Gerekli<\/th>\n<th align=\"center\">Mobil Destek<\/th>\n<th align=\"center\">Moderasyon<\/th>\n<th>Notlar<\/th>\n<\/tr>\n<\/thead>\n<tbody>\n<tr>\n<td>StrangerCam<\/td>\n<td align=\"center\">\u2705<\/td>\n<td align=\"center\">\u2705 (\u00dccretsiz)<\/td>\n<td align=\"center\">\u274c<\/td>\n<td align=\"center\">\u2705<\/td>\n<td align=\"center\">\u2705<\/td>\n<td>En iyi genel se\u00e7im, ger\u00e7ekten \u00fccretsiz<\/td>\n<\/tr>\n<tr>\n<td>Chatroulette<\/td>\n<td align=\"center\">\u2705<\/td>\n<td align=\"center\">\u274c (\u00dccretli)<\/td>\n<td align=\"center\">\u274c<\/td>\n<td align=\"center\">\u2705<\/td>\n<td align=\"center\">\u2705<\/td>\n<td>Klasik, ancak cinsiyet filtreleri kilitli<\/td>\n<\/tr>\n<tr>\n<td>Chatrandom<\/td>\n<td align=\"center\">\u2705<\/td>\n<td align=\"center\">\u274c (\u00dccretli)<\/td>\n<td align=\"center\">\u274c<\/td>\n<td align=\"center\">\u2705<\/td>\n<td align=\"center\">\u2705<\/td>\n<td>Geni\u015f kullan\u0131c\u0131 taban\u0131, premium filtreler<\/td>\n<\/tr>\n<tr>\n<td><a href=\"https:\/\/strangercam.com\/tr\/ometv\/\">OmeTV<\/a><\/td>\n<td align=\"center\">\u2705<\/td>\n<td align=\"center\">\u274c<\/td>\n<td align=\"center\">\u274c<\/td>\n<td align=\"center\">\u2705<\/td>\n<td align=\"center\">\u2705<\/td>\n<td>Sadece rastgele, mobil uygulama mevcut<\/td>\n<\/tr>\n<tr>\n<td>Shagle<\/td>\n<td align=\"center\">\u2705<\/td>\n<td align=\"center\">\u274c (\u00dccretli)<\/td>\n<td align=\"center\">\u274c<\/td>\n<td align=\"center\">\u2705<\/td>\n<td align=\"center\">\u2705<\/td>\n<td>\u00dccretsiz eri\u015fim ancak filtreler i\u00e7in \u00f6deme duvarlar\u0131<\/td>\n<\/tr>\n<tr>\n<td><a href=\"https:\/\/strangercam.com\/tr\/coomeet\/\">CooMeet<\/a><\/td>\n<td align=\"center\">\u274c (Deneme)<\/td>\n<td align=\"center\">\u2705<\/td>\n<td align=\"center\">\u2705<\/td>\n<td align=\"center\">\u2705<\/td>\n<td align=\"center\">\u2705<\/td>\n<td>S\u0131n\u0131rl\u0131 \u00fccretsiz denemeden sonra \u00fccretli<\/td>\n<\/tr>\n<tr>\n<td>LuckyCrush<\/td>\n<td align=\"center\">\u274c<\/td>\n<td align=\"center\">\u2705<\/td>\n<td align=\"center\">\u2705<\/td>\n<td align=\"center\">\u2705<\/td>\n<td align=\"center\">\u2705<\/td>\n<td>Her zaman \u00fccretli, cinsiyete dayal\u0131 sohbetler<\/td>\n<\/tr>\n<\/tbody>\n<\/table>\n<p>Bunlar aras\u0131nda StrangerCam, ger\u00e7ek bir cinsiyet filtresiyle ve kay\u0131t olmadan \u00fccretsiz, s\u0131n\u0131rs\u0131z yabanc\u0131 g\u00f6r\u00fcnt\u00fcl\u00fc g\u00f6r\u00fc\u015fme sunan tek platformlardan biridir.<\/p>\n<h2>StrangerCam Neden En \u0130yi Se\u00e7imdir?<\/h2>\n<p>StrangerCam, 2025 y\u0131l\u0131nda yabanc\u0131larla g\u00f6r\u00fcnt\u00fcl\u00fc konu\u015fman\u0131n en g\u00fcvenilir yollar\u0131ndan biri olarak \u00f6ne \u00e7\u0131k\u0131yor. \u0130\u015fte nedeni:<\/p>\n<h3>1. Tamamen \u00dccretsiz<\/h3>\n<p>Gizli maliyetler, denemeler veya kredi sistemleri yok.<\/p>\n<h3>2. \u00dccretsiz Cinsiyet Filtresi<\/h3>\n<p>\u00c7o\u011fu rakibin aksine StrangerCam, \u00f6deme duvarlar\u0131 olmadan kiminle tan\u0131\u015fmak istedi\u011finizi se\u00e7menize izin verir.<\/p>\n<h3>3. Kay\u0131t veya Kay\u0131t Olma Yok<\/h3>\n<p>Anonim kal\u0131n ve an\u0131nda sohbet etmeye ba\u015flay\u0131n.<\/p>\n<h3>4. G\u00fcvenli ve Moderat\u00f6rl\u00fc<\/h3>\n<p>G\u00fc\u00e7l\u00fc raporlama \u00f6zellikleri ve canl\u0131 moderasyon ortam\u0131 daha g\u00fcvenli hale getirir.<\/p>\n<h3>5. K\u00fcresel Kullan\u0131c\u0131 Taban\u0131<\/h3>\n<p>100'den fazla \u00fclkeden yabanc\u0131lar 7\/24 \u00e7evrimi\u00e7i.<\/p>\n<h3>6. T\u00fcm Cihazlar i\u00e7in Optimize Edildi<\/h3>\n<p>Hem mobil hem de masa\u00fcst\u00fcnde m\u00fckemmel \u00e7al\u0131\u015f\u0131r.<\/p>\n<h2>Ger\u00e7ek Kullan\u0131c\u0131 G\u00f6r\u00fc\u015fleri<\/h2>\n<blockquote><p><em>\"Para \u00f6demeye zorlanmadan yabanc\u0131larla g\u00f6r\u00fcnt\u00fcl\u00fc arama yoluyla konu\u015fabilece\u011fim bir yer istedim. StrangerCam ger\u00e7ekten \u00fccretsiz olan ilk platformdu.\"<\/em><br \/>\n- Jake, 26 ya\u015f\u0131nda.<\/p><\/blockquote>\n<blockquote><p><em>\"Denedi\u011fim di\u011fer sitelere g\u00f6re daha g\u00fcvenli hissettiriyor. Kendimi rahat hissetmezsem insanlar\u0131 an\u0131nda engelleyebiliyor ve atlayabiliyorum.\"<\/em><br \/>\n- Leah, 23 ya\u015f\u0131nda.<\/p><\/blockquote>\n<blockquote><p><em>\"Cinsiyet filtresi ekstra \u00f6deme yapmadan \u00e7al\u0131\u015f\u0131yor ki bu da bug\u00fcnlerde nadir g\u00f6r\u00fclen bir durum.\"<\/em><br \/>\n- Marcus, 29 ya\u015f\u0131nda.<\/p><\/blockquote>\n<blockquote><p><em>\"H\u0131zl\u0131, basit ve e\u011flenceli. \u015eimdiden \u00fc\u00e7 farkl\u0131 \u00fclkeden arkada\u015flar edindim.\"<\/em><br \/>\n- Sophia, 21 ya\u015f\u0131nda.<\/p><\/blockquote>\n<h2>Yabanc\u0131larla G\u00f6r\u00fcnt\u00fcl\u00fc Arama Yoluyla Konu\u015fmak \u0130\u00e7in G\u00fcvenlik \u0130pu\u00e7lar\u0131<\/h2>\n<p>Yabanc\u0131larla g\u00f6r\u00fcnt\u00fcl\u00fc g\u00f6r\u00fc\u015fme yapmak e\u011flenceli olsa da g\u00fcvenlik \u00f6nemlidir:<\/p>\n<ul>\n<li>Ki\u015fisel bilgilerinizi (telefon numaras\u0131, adres, e-posta) asla payla\u015fmay\u0131n.<\/li>\n<li>Yabanc\u0131lar taraf\u0131ndan g\u00f6nderilen ba\u011flant\u0131lara t\u0131klamaktan ka\u00e7\u0131n\u0131n.<\/li>\n<li>Rahats\u0131z oluyorsan\u0131z \"\u0130leri\" d\u00fc\u011fmesini kullan\u0131n.<\/li>\n<li>\u00d6zel ayr\u0131nt\u0131lar\u0131n a\u00e7\u0131\u011fa \u00e7\u0131kmas\u0131n\u0131 \u00f6nlemek i\u00e7in ge\u00e7mi\u015finizi kontrol edin.<\/li>\n<li>Engelleme ve raporlama i\u00e7in platform ara\u00e7lar\u0131na ba\u011fl\u0131 kal\u0131n.<\/li>\n<li>Ya\u015f kurallar\u0131na sayg\u0131 g\u00f6sterin - 18 ya\u015f\u0131n alt\u0131ndaysan\u0131z, yeti\u015fkinlere y\u00f6nelik platformlar\u0131 kullanmay\u0131n.<\/li>\n<\/ul>\n<h2>Nas\u0131l Ba\u015flan\u0131r - Ad\u0131m Ad\u0131m<\/h2>\n<p>Bir yabanc\u0131yla g\u00f6r\u00fcnt\u00fcl\u00fc g\u00f6r\u00fc\u015fme ba\u015flatmak bir dakikadan az s\u00fcrer:<\/p>\n<ol>\n<li>Taray\u0131c\u0131n\u0131zda veya cihaz\u0131n\u0131zda StrangerCam'i a\u00e7\u0131n.<\/li>\n<li>Web kameras\u0131 ve mikrofon eri\u015fimine izin verin.<\/li>\n<li>Tercihleri se\u00e7in (cinsiyet filtreleri gibi).<\/li>\n<li>An\u0131nda ba\u011flanmak i\u00e7in Sohbeti Ba\u015flat'a t\u0131klay\u0131n.<\/li>\n<li>Yabanc\u0131larla y\u00fcz y\u00fcze konu\u015fun ve yeni bir sohbet i\u00e7in istedi\u011finiz zaman \u0130leri'ye t\u0131klay\u0131n.<\/li>\n<\/ol>\n<p>H\u0131zl\u0131, kolay ve tamamen \u00fccretsiz.<\/p>\n<h2>S\u0131k\u00e7a Sorulan Sorular<\/h2>\n<h3>Yabanc\u0131larla g\u00f6r\u00fcnt\u00fcl\u00fc arama yoluyla konu\u015fmak ger\u00e7ekten \u00fccretsiz mi?<\/h3>\n<p>Evet. StrangerCam, hi\u00e7bir gizli maliyet olmadan s\u0131n\u0131rs\u0131z yabanc\u0131 g\u00f6r\u00fcnt\u00fcl\u00fc g\u00f6r\u00fc\u015fme sunar.<\/p>\n<h3>Kay\u0131t yapt\u0131rmam gerekiyor mu?<\/h3>\n<p>Hay\u0131r. StrangerCam kay\u0131t veya hesap gerektirmez.<\/p>\n<h3>\u0130nsanlar ger\u00e7ek mi?<\/h3>\n<p>Evet. Canl\u0131 video, botlarla de\u011fil ger\u00e7ek insanlarla konu\u015fman\u0131z\u0131 sa\u011flar.<\/p>\n<h3>Telefonumda kullanabilir miyim?<\/h3>\n<p>Evet. StrangerCam tamamen mobil uyumludur.<\/p>\n<h3>G\u00fcvenli mi?<\/h3>\n<p>Evet, g\u00fcvenlik ipu\u00e7lar\u0131n\u0131 takip etti\u011finiz ve StrangerCam'in moderasyon ara\u00e7lar\u0131n\u0131 kulland\u0131\u011f\u0131n\u0131z s\u00fcrece.<\/p>\n<h2>Son D\u00fc\u015f\u00fcnceler - \u00dccretsiz Yabanc\u0131 G\u00f6r\u00fcnt\u00fcl\u00fc G\u00f6r\u00fc\u015fmelerini Bug\u00fcn Deneyin<\/h2>\n<p>2025 y\u0131l\u0131nda, yeni insanlarla tan\u0131\u015fman\u0131n en kolay ve e\u011flenceli yollar\u0131ndan biri yabanc\u0131larla g\u00f6r\u00fcnt\u00fcl\u00fc arama yoluyla konu\u015fmakt\u0131r. Spontane, \u00fccretsiz ve saniyeler i\u00e7inde ger\u00e7ek ba\u011flant\u0131lar kurman\u0131z\u0131 sa\u011fl\u0131yor.<\/p>\n<p>Ancak t\u00fcm platformlar bunu sa\u011flayam\u0131yor. Bir\u00e7ok site cinsiyet filtrelerini \u00f6deme duvarlar\u0131n\u0131n arkas\u0131na gizler veya topluluklar\u0131n\u0131 botlarla doldurur. Bu y\u00fczden StrangerCam en iyi se\u00e7imdir: \u00fccretsiz, g\u00fcvenli, anonim ve sizinle tan\u0131\u015fmaya haz\u0131r k\u00fcresel kullan\u0131c\u0131larla doludur.<\/p>\n<p>Ba\u011flant\u0131 kurmaya haz\u0131r m\u0131s\u0131n\u0131z? Bug\u00fcn yabanc\u0131larla \u00fccretsiz bir video g\u00f6r\u00fc\u015fmesi ba\u015flat\u0131n ve s\u0131rada kiminle tan\u0131\u015faca\u011f\u0131n\u0131z\u0131 g\u00f6r\u00fcn.<\/p>","protected":false},"excerpt":{"rendered":"<p>Have you been searching for a way to talk to strangers video call style? You\u2019re not alone. Since the rise of random chat platforms like Omegle, Chatroulette, and their modern successors, millions of people have turned to live video calls with strangers to make new friends, enjoy casual conversations, or simply beat boredom. Today, platforms [&hellip;]<\/p>\n","protected":false},"author":8,"featured_media":0,"parent":0,"menu_order":0,"comment_status":"closed","ping_status":"closed","template":"","meta":{"footnotes":""},"class_list":["post-3918","page","type-page","status-publish","hentry"],"yoast_head":"<!-- This site is optimized with the Yoast SEO plugin v27.4 - https:\/\/yoast.com\/product\/yoast-seo-wordpress\/ -->\n<title>Talk to Strangers Video Call on Strangercam.com<\/title>\n<meta name=\"description\" content=\"Liking Talk to Strangers Video Call? Join millions on StrangerCam.com! Start a random video chat, turn on your cam, and meet strangers instantly.\" \/>\n<meta name=\"robots\" content=\"index, follow, max-snippet:-1, max-image-preview:large, max-video-preview:-1\" \/>\n<link rel=\"canonical\" href=\"https:\/\/strangercam.com\/tr\/yabancilarla-goruntulu-konusma\/\" \/>\n<meta property=\"og:locale\" content=\"tr_TR\" \/>\n<meta property=\"og:type\" content=\"article\" \/>\n<meta property=\"og:title\" content=\"Talk to Strangers Video Call on Strangercam.com\" \/>\n<meta property=\"og:description\" content=\"Liking Talk to Strangers Video Call? Join millions on StrangerCam.com! Start a random video chat, turn on your cam, and meet strangers instantly.\" \/>\n<meta property=\"og:url\" content=\"https:\/\/strangercam.com\/tr\/yabancilarla-goruntulu-konusma\/\" \/>\n<meta property=\"og:site_name\" content=\"Strangercam\" \/>\n<meta property=\"article:publisher\" content=\"https:\/\/www.facebook.com\/strangercam\" \/>\n<meta property=\"article:modified_time\" content=\"2025-09-03T11:31:29+00:00\" \/>\n<meta property=\"og:image\" content=\"https:\/\/strangercam.com\/wp-content\/uploads\/2021\/10\/Untitled-2.png\" \/>\n\t<meta property=\"og:image:width\" content=\"800\" \/>\n\t<meta property=\"og:image:height\" content=\"532\" \/>\n\t<meta property=\"og:image:type\" content=\"image\/png\" \/>\n<meta name=\"twitter:card\" content=\"summary_large_image\" \/>\n<meta name=\"twitter:site\" content=\"@strangercamapp\" \/>\n<meta name=\"twitter:label1\" content=\"Tahmini okuma s\u00fcresi\" \/>\n\t<meta name=\"twitter:data1\" content=\"5 dakika\" \/>\n<script type=\"application\/ld+json\" class=\"yoast-schema-graph\">{\"@context\":\"https:\\\/\\\/schema.org\",\"@graph\":[{\"@type\":\"WebPage\",\"@id\":\"https:\\\/\\\/strangercam.com\\\/talk-to-strangers-video-call\\\/\",\"url\":\"https:\\\/\\\/strangercam.com\\\/talk-to-strangers-video-call\\\/\",\"name\":\"Talk to Strangers Video Call on Strangercam.com\",\"isPartOf\":{\"@id\":\"https:\\\/\\\/strangercam.com\\\/#website\"},\"datePublished\":\"2025-08-28T15:12:57+00:00\",\"dateModified\":\"2025-09-03T11:31:29+00:00\",\"description\":\"Liking Talk to Strangers Video Call? Join millions on StrangerCam.com! Start a random video chat, turn on your cam, and meet strangers instantly.\",\"breadcrumb\":{\"@id\":\"https:\\\/\\\/strangercam.com\\\/talk-to-strangers-video-call\\\/#breadcrumb\"},\"inLanguage\":\"tr\",\"potentialAction\":[{\"@type\":\"ReadAction\",\"target\":[\"https:\\\/\\\/strangercam.com\\\/talk-to-strangers-video-call\\\/\"]}]},{\"@type\":\"BreadcrumbList\",\"@id\":\"https:\\\/\\\/strangercam.com\\\/talk-to-strangers-video-call\\\/#breadcrumb\",\"itemListElement\":[{\"@type\":\"ListItem\",\"position\":1,\"name\":\"Home\",\"item\":\"https:\\\/\\\/strangercam.com\\\/\"},{\"@type\":\"ListItem\",\"position\":2,\"name\":\"Talk to Strangers Video Call\"}]},{\"@type\":\"WebSite\",\"@id\":\"https:\\\/\\\/strangercam.com\\\/#website\",\"url\":\"https:\\\/\\\/strangercam.com\\\/\",\"name\":\"Strangercam\",\"description\":\"Random Video Chat with Strangers\",\"publisher\":{\"@id\":\"https:\\\/\\\/strangercam.com\\\/#organization\"},\"alternateName\":\"Strangercam.com\",\"potentialAction\":[{\"@type\":\"SearchAction\",\"target\":{\"@type\":\"EntryPoint\",\"urlTemplate\":\"https:\\\/\\\/strangercam.com\\\/?s={search_term_string}\"},\"query-input\":{\"@type\":\"PropertyValueSpecification\",\"valueRequired\":true,\"valueName\":\"search_term_string\"}}],\"inLanguage\":\"tr\"},{\"@type\":\"Organization\",\"@id\":\"https:\\\/\\\/strangercam.com\\\/#organization\",\"name\":\"Strangercam\",\"alternateName\":\"Strangercam.com\",\"url\":\"https:\\\/\\\/strangercam.com\\\/\",\"logo\":{\"@type\":\"ImageObject\",\"inLanguage\":\"tr\",\"@id\":\"https:\\\/\\\/strangercam.com\\\/#\\\/schema\\\/logo\\\/image\\\/\",\"url\":\"https:\\\/\\\/strangercam.com\\\/wp-content\\\/uploads\\\/2020\\\/11\\\/cropped-new-favicon-black.png\",\"contentUrl\":\"https:\\\/\\\/strangercam.com\\\/wp-content\\\/uploads\\\/2020\\\/11\\\/cropped-new-favicon-black.png\",\"width\":512,\"height\":512,\"caption\":\"Strangercam\"},\"image\":{\"@id\":\"https:\\\/\\\/strangercam.com\\\/#\\\/schema\\\/logo\\\/image\\\/\"},\"sameAs\":[\"https:\\\/\\\/www.facebook.com\\\/strangercam\",\"https:\\\/\\\/x.com\\\/strangercamapp\"]}]}<\/script>\n<!-- \/ Yoast SEO plugin. -->","yoast_head_json":{"title":"Strangercam.com'da Yabanc\u0131larla G\u00f6r\u00fcnt\u00fcl\u00fc G\u00f6r\u00fc\u015fme","description":"Yabanc\u0131larla G\u00f6r\u00fcnt\u00fcl\u00fc G\u00f6r\u00fc\u015fmeyi Seviyor musunuz? StrangerCam.com'da Join milyonlarca! Rastgele bir g\u00f6r\u00fcnt\u00fcl\u00fc sohbet ba\u015flat\u0131n, kameran\u0131z\u0131 a\u00e7\u0131n ve yabanc\u0131larla an\u0131nda tan\u0131\u015f\u0131n.","robots":{"index":"index","follow":"follow","max-snippet":"max-snippet:-1","max-image-preview":"max-image-preview:large","max-video-preview":"max-video-preview:-1"},"canonical":"https:\/\/strangercam.com\/tr\/yabancilarla-goruntulu-konusma\/","og_locale":"tr_TR","og_type":"article","og_title":"Talk to Strangers Video Call on Strangercam.com","og_description":"Liking Talk to Strangers Video Call? Join millions on StrangerCam.com! Start a random video chat, turn on your cam, and meet strangers instantly.","og_url":"https:\/\/strangercam.com\/tr\/yabancilarla-goruntulu-konusma\/","og_site_name":"Strangercam","article_publisher":"https:\/\/www.facebook.com\/strangercam","article_modified_time":"2025-09-03T11:31:29+00:00","og_image":[{"width":800,"height":532,"url":"https:\/\/strangercam.com\/wp-content\/uploads\/2021\/10\/Untitled-2.png","type":"image\/png"}],"twitter_card":"summary_large_image","twitter_site":"@strangercamapp","twitter_misc":{"Tahmini okuma s\u00fcresi":"5 dakika"},"schema":{"@context":"https:\/\/schema.org","@graph":[{"@type":"WebPage","@id":"https:\/\/strangercam.com\/talk-to-strangers-video-call\/","url":"https:\/\/strangercam.com\/talk-to-strangers-video-call\/","name":"Strangercam.com'da Yabanc\u0131larla G\u00f6r\u00fcnt\u00fcl\u00fc G\u00f6r\u00fc\u015fme","isPartOf":{"@id":"https:\/\/strangercam.com\/#website"},"datePublished":"2025-08-28T15:12:57+00:00","dateModified":"2025-09-03T11:31:29+00:00","description":"Yabanc\u0131larla G\u00f6r\u00fcnt\u00fcl\u00fc G\u00f6r\u00fc\u015fmeyi Seviyor musunuz? StrangerCam.com'da Join milyonlarca! Rastgele bir g\u00f6r\u00fcnt\u00fcl\u00fc sohbet ba\u015flat\u0131n, kameran\u0131z\u0131 a\u00e7\u0131n ve yabanc\u0131larla an\u0131nda tan\u0131\u015f\u0131n.","breadcrumb":{"@id":"https:\/\/strangercam.com\/talk-to-strangers-video-call\/#breadcrumb"},"inLanguage":"tr","potentialAction":[{"@type":"ReadAction","target":["https:\/\/strangercam.com\/talk-to-strangers-video-call\/"]}]},{"@type":"BreadcrumbList","@id":"https:\/\/strangercam.com\/talk-to-strangers-video-call\/#breadcrumb","itemListElement":[{"@type":"ListItem","position":1,"name":"Home","item":"https:\/\/strangercam.com\/"},{"@type":"ListItem","position":2,"name":"Talk to Strangers Video Call"}]},{"@type":"WebSite","@id":"https:\/\/strangercam.com\/#website","url":"https:\/\/strangercam.com\/","name":"Strangercam","description":"Yabanc\u0131larla Rastgele G\u00f6r\u00fcnt\u00fcl\u00fc Sohbet","publisher":{"@id":"https:\/\/strangercam.com\/#organization"},"alternateName":"Strangercam.com","potentialAction":[{"@type":"SearchAction","target":{"@type":"EntryPoint","urlTemplate":"https:\/\/strangercam.com\/?s={search_term_string}"},"query-input":{"@type":"PropertyValueSpecification","valueRequired":true,"valueName":"search_term_string"}}],"inLanguage":"tr"},{"@type":"Organization","@id":"https:\/\/strangercam.com\/#organization","name":"Strangercam","alternateName":"Strangercam.com","url":"https:\/\/strangercam.com\/","logo":{"@type":"ImageObject","inLanguage":"tr","@id":"https:\/\/strangercam.com\/#\/schema\/logo\/image\/","url":"https:\/\/strangercam.com\/wp-content\/uploads\/2020\/11\/cropped-new-favicon-black.png","contentUrl":"https:\/\/strangercam.com\/wp-content\/uploads\/2020\/11\/cropped-new-favicon-black.png","width":512,"height":512,"caption":"Strangercam"},"image":{"@id":"https:\/\/strangercam.com\/#\/schema\/logo\/image\/"},"sameAs":["https:\/\/www.facebook.com\/strangercam","https:\/\/x.com\/strangercamapp"]}]}},"_links":{"self":[{"href":"https:\/\/strangercam.com\/tr\/wp-json\/wp\/v2\/pages\/3918","targetHints":{"allow":["GET"]}}],"collection":[{"href":"https:\/\/strangercam.com\/tr\/wp-json\/wp\/v2\/pages"}],"about":[{"href":"https:\/\/strangercam.com\/tr\/wp-json\/wp\/v2\/types\/page"}],"author":[{"embeddable":true,"href":"https:\/\/strangercam.com\/tr\/wp-json\/wp\/v2\/users\/8"}],"replies":[{"embeddable":true,"href":"https:\/\/strangercam.com\/tr\/wp-json\/wp\/v2\/comments?post=3918"}],"version-history":[{"count":2,"href":"https:\/\/strangercam.com\/tr\/wp-json\/wp\/v2\/pages\/3918\/revisions"}],"predecessor-version":[{"id":12977,"href":"https:\/\/strangercam.com\/tr\/wp-json\/wp\/v2\/pages\/3918\/revisions\/12977"}],"wp:attachment":[{"href":"https:\/\/strangercam.com\/tr\/wp-json\/wp\/v2\/media?parent=3918"}],"curies":[{"name":"wp","href":"https:\/\/api.w.org\/{rel}","templated":true}]}}