{"id":3634,"date":"2025-08-18T13:16:01","date_gmt":"2025-08-18T11:16:01","guid":{"rendered":"https:\/\/strangercam.com\/?page_id=3634"},"modified":"2025-08-18T14:15:47","modified_gmt":"2025-08-18T12:15:47","slug":"rastgele-goruntulu-arama","status":"publish","type":"page","link":"https:\/\/strangercam.com\/tr\/random-video-call\/","title":{"rendered":"Rastgele G\u00f6r\u00fcnt\u00fcl\u00fc Arama"},"content":{"rendered":"<p>Rastgele bir video g\u00f6r\u00fc\u015fmesinin keyfini \u00e7\u0131karman\u0131n en iyi yolunu mu ar\u0131yordunuz? Yaln\u0131z de\u011filsiniz. D\u00fcnya genelinde milyonlarca insan her g\u00fcn yabanc\u0131larla tan\u0131\u015fmak, yeni arkada\u015flar edinmek, fl\u00f6rt etmek veya sadece zaman ge\u00e7irmek i\u00e7in rastgele g\u00f6r\u00fcnt\u00fcl\u00fc arama platformlar\u0131n\u0131 kullan\u0131yor. Konu\u015fmalar\u0131n zorlama veya yava\u015f hissedilebildi\u011fi sosyal medya veya arkada\u015fl\u0131k uygulamalar\u0131n\u0131n aksine, rastgele g\u00f6r\u00fcnt\u00fcl\u00fc aramalar anl\u0131k, spontane ve ger\u00e7ektir.<\/p>\n<p>StrangerCam gibi platformlarla hemen \u015fimdi \u00fccretsiz rastgele g\u00f6r\u00fcnt\u00fcl\u00fc arama ba\u015flatabilirsiniz - kay\u0131t yok, indirme yok ve gizli \u00fccret yok. Bu, d\u00fcnyan\u0131n herhangi bir yerinden, herhangi bir zamanda insanlarla y\u00fcz y\u00fcze ba\u011flant\u0131 kurman\u0131n en kolay yollar\u0131ndan biridir.<\/p>\n<p>Bu k\u0131lavuz, rastgele g\u00f6r\u00fcnt\u00fcl\u00fc aramalar hakk\u0131nda bilmeniz gereken her \u015feyi a\u00e7\u0131klayacakt\u0131r: nas\u0131l \u00e7al\u0131\u015ft\u0131klar\u0131, neden bu kadar pop\u00fcler hale geldikleri, aranacak en iyi \u00f6zellikler, en iyi platformlar\u0131n kar\u015f\u0131la\u015ft\u0131rmalar\u0131, g\u00fcvenlik ipu\u00e7lar\u0131 ve StrangerCam'in neden 2025'teki en iyi se\u00e7eneklerden biri olarak \u00f6ne \u00e7\u0131kt\u0131\u011f\u0131.<\/p>\n<h2>Rastgele G\u00f6r\u00fcnt\u00fcl\u00fc Arama Nedir?<\/h2>\n<p>Rastgele g\u00f6r\u00fcnt\u00fcl\u00fc arama, sizi canl\u0131 web kameras\u0131 ve ses arac\u0131l\u0131\u011f\u0131yla an\u0131nda bir yabanc\u0131ya ba\u011flayan \u00e7evrimi\u00e7i bir \u00f6zelliktir. Ba\u011flanana kadar kiminle tan\u0131\u015faca\u011f\u0131n\u0131z\u0131 bilemezsiniz; bu ki\u015fi yak\u0131n\u0131n\u0131zdaki biri de olabilir, binlerce kilometre uzaktaki biri de.<\/p>\n<p>Rastgele g\u00f6r\u00fcnt\u00fcl\u00fc aramalar\u0131n g\u00fczelli\u011fi \u00f6ng\u00f6r\u00fclemez olmalar\u0131nda yatar. Her <a href=\"https:\/\/strangercam.com\/tr\/chathub\/\">sohbet<\/a> benzersizdir. Yeni bir arkada\u015fla tan\u0131\u015fabilir, d\u00fcnyan\u0131n \u00f6b\u00fcr ucundan biriyle kahkahalar\u0131n\u0131z\u0131 payla\u015fabilir ya da tekrar denemek i\u00e7in \u201c\u0130leri \u201dye t\u0131klamadan \u00f6nce sadece iki dakikal\u0131k e\u011flenceli bir sohbet yapabilirsiniz.<\/p>\n<h2>\u0130nsanlar \u00dccretsiz Rastgele G\u00f6r\u00fcnt\u00fcl\u00fc G\u00f6r\u00fc\u015fmeleri Neden Seviyor?<\/h2>\n<p>\u00dccretsiz rastgele g\u00f6r\u00fcnt\u00fcl\u00fc aramalar\u0131n pop\u00fclaritesi son on y\u0131lda b\u00fcy\u00fck \u00f6l\u00e7\u00fcde artt\u0131. \u0130\u015fte nedeni:<\/p>\n<ul>\n<li>Spontane E\u011flence - Her arama bir s\u00fcrprizdir ve deneyimi heyecanl\u0131 k\u0131lar.<\/li>\n<li>Ger\u00e7ek Ba\u011flant\u0131lar - Metin sohbetinin aksine, canl\u0131 video, se\u00e7ilmi\u015f bir profili veya sahte hesab\u0131 de\u011fil, ger\u00e7ek ki\u015fiyi g\u00f6sterir.<\/li>\n<li>Taahh\u00fct Yok - Kay\u0131t, uzun kay\u0131tlar veya ayr\u0131nt\u0131l\u0131 biyografilere gerek yok. Sadece t\u0131klay\u0131n ve gidin.<\/li>\n<li>D\u00fcnya \u00c7ap\u0131nda Eri\u015fim - Farkl\u0131 k\u00fclt\u00fcrlerden ve ge\u00e7mi\u015flerden insanlarla an\u0131nda tan\u0131\u015f\u0131n.<\/li>\n<li>Can S\u0131k\u0131nt\u0131s\u0131 \u0130\u00e7in M\u00fckemmel - Rutinden ka\u00e7man\u0131n ve yeni sohbetler ba\u015flatman\u0131n h\u0131zl\u0131 bir yolu.<\/li>\n<li>Arkada\u015fl\u0131k veya Fl\u00f6rt - Baz\u0131 insanlar bunu yeni arkada\u015flar edinmek i\u00e7in kullan\u0131r; di\u011ferleri ise g\u00f6n\u00fcls\u00fcz, s\u0131radan fl\u00f6rtlerden ho\u015flan\u0131r.<\/li>\n<\/ul>\n<h2>Rastgele G\u00f6r\u00fcnt\u00fcl\u00fc Aramalar Nas\u0131l \u00c7al\u0131\u015f\u0131r?<\/h2>\n<p>Rastgele bir g\u00f6r\u00fcnt\u00fcl\u00fc arama hizmeti kullanmak h\u0131zl\u0131 ve basittir:<\/p>\n<ol>\n<li>Platformu a\u00e7\u0131n (masa\u00fcst\u00fc veya mobil taray\u0131c\u0131).<\/li>\n<li>\u0130stendi\u011finde kamera ve mikrofon eri\u015fimine izin verin.<\/li>\n<li>\"Aramay\u0131 Ba\u015flat \"a t\u0131klay\u0131n. An\u0131nda rastgele bir yabanc\u0131yla ba\u011flant\u0131 kuracaks\u0131n\u0131z.<\/li>\n<li>Y\u00fcz y\u00fcze sohbet edin. Sohbetten ho\u015flanmazsan\u0131z, devam etmek i\u00e7in \"\u0130leri\" d\u00fc\u011fmesine bas\u0131n.<\/li>\n<li>\u0130stedi\u011finiz kadar tekrarlay\u0131n. \u00c7o\u011fu hizmet \u00fccretsiz ve s\u0131n\u0131rs\u0131zd\u0131r.<\/li>\n<\/ol>\n<p>Baz\u0131 platformlar cinsiyet filtreleri, konum tercihleri ve hatta uluslararas\u0131 konu\u015fmalar i\u00e7in otomatik \u00e7eviri ara\u00e7lar\u0131 da sunuyor.<\/p>\n<h2>Rastgele G\u00f6r\u00fcnt\u00fcl\u00fc Arama Platformunda Aranacak En \u00d6nemli \u00d6zellikler<\/h2>\n<p>Her rastgele g\u00f6r\u00fcnt\u00fcl\u00fc arama sitesi ayn\u0131 de\u011fildir. \u0130\u015fte araman\u0131z gerekenler:<\/p>\n<h3>1. Ger\u00e7ekten \u00dccretsiz Eri\u015fim<\/h3>\n<p>Bir\u00e7ok site \u00fccretsiz oldu\u011funu iddia eder ancak sizi h\u0131zla \u00f6deme duvarlar\u0131na iter. En iyi platformlar ger\u00e7ekten \u00fccretsizdir.<\/p>\n<h3>2. Kay\u0131t Gerektirmez<\/h3>\n<p>Sizi kay\u0131t olmaya veya ki\u015fisel bilgilerinizi payla\u015fmaya zorlayan platformlardan ka\u00e7\u0131n\u0131n.<\/p>\n<h3>3. Cinsiyet ve Konum Filtreleri<\/h3>\n<p>Kiminle konu\u015ftu\u011funuz \u00fczerinde daha fazla kontrol sahibi olmak istiyorsan\u0131z, filtreler bu deneyimi daha sorunsuz hale getirir.<\/p>\n<h3>4. G\u00fcvenli Moderasyon<\/h3>\n<p>G\u00fc\u00e7l\u00fc raporlama ara\u00e7lar\u0131 ve moderasyon sizi spam, bot ve uygunsuz davran\u0131\u015flardan korur.<\/p>\n<h3>5. Mobil Uyumlu Tasar\u0131m<\/h3>\n<p>\u0130yi bir platform, telefonunuzda da bilgisayar\u0131n\u0131zda oldu\u011fu kadar iyi \u00e7al\u0131\u015fmal\u0131d\u0131r.<\/p>\n<h3>6. Y\u00fcksek Kaliteli Video ve Ses<\/h3>\n<p>Net, gecikmesiz video, keyifli bir sohbet i\u00e7in \u00e7ok \u00f6nemlidir.<\/p>\n<h2>2025'in En \u0130yi Rastgele G\u00f6r\u00fcnt\u00fcl\u00fc Arama Platformlar\u0131<\/h2>\n<p>\u0130\u015fte rastgele g\u00f6r\u00fcnt\u00fcl\u00fc aramalar i\u00e7in en pop\u00fcler sitelerden baz\u0131lar\u0131n\u0131n kar\u015f\u0131la\u015ft\u0131rmas\u0131:<\/p>\n<table>\n<thead>\n<tr>\n<th>Platform<\/th>\n<th align=\"center\">\u00dccretsiz Eri\u015fim<\/th>\n<th align=\"center\">Cinsiyet Filtresi<\/th>\n<th align=\"center\">Kay\u0131t Gerekli<\/th>\n<th align=\"center\">Mobil Destek<\/th>\n<th align=\"center\">Moderasyon<\/th>\n<th>Notlar<\/th>\n<\/tr>\n<\/thead>\n<tbody>\n<tr>\n<td>StrangerCam<\/td>\n<td align=\"center\">\u2705<\/td>\n<td align=\"center\">\u2705 (\u00dccretsiz)<\/td>\n<td align=\"center\">\u274c<\/td>\n<td align=\"center\">\u2705<\/td>\n<td align=\"center\">\u2705<\/td>\n<td>En iyi genel se\u00e7im, ger\u00e7ekten \u00fccretsiz<\/td>\n<\/tr>\n<tr>\n<td><a href=\"https:\/\/strangercam.com\/tr\/chatroulette\/\">Chatroulette<\/a><\/td>\n<td align=\"center\">\u2705<\/td>\n<td align=\"center\">\u274c (\u00dccretli)<\/td>\n<td align=\"center\">\u274c<\/td>\n<td align=\"center\">\u2705<\/td>\n<td align=\"center\">\u2705<\/td>\n<td>Klasik se\u00e7enek, ancak filtreler i\u00e7in \u00f6deme duvarlar\u0131<\/td>\n<\/tr>\n<tr>\n<td>Chatrandom<\/td>\n<td align=\"center\">\u2705<\/td>\n<td align=\"center\">\u274c (\u00dccretli)<\/td>\n<td align=\"center\">\u274c<\/td>\n<td align=\"center\">\u2705<\/td>\n<td align=\"center\">\u2705<\/td>\n<td>Pop\u00fcler, ancak filtreler \u00f6demenin arkas\u0131nda kilitli<\/td>\n<\/tr>\n<tr>\n<td><a href=\"https:\/\/strangercam.com\/tr\/ometv\/\">OmeTV<\/a><\/td>\n<td align=\"center\">\u2705<\/td>\n<td align=\"center\">\u274c<\/td>\n<td align=\"center\">\u274c<\/td>\n<td align=\"center\">\u2705<\/td>\n<td align=\"center\">\u2705<\/td>\n<td>Mobil uygulama, sadece rastgele e\u015fle\u015ftirme<\/td>\n<\/tr>\n<tr>\n<td>Shagle<\/td>\n<td align=\"center\">\u2705<\/td>\n<td align=\"center\">\u274c (\u00dccretli)<\/td>\n<td align=\"center\">\u274c<\/td>\n<td align=\"center\">\u2705<\/td>\n<td align=\"center\">\u2705<\/td>\n<td>Bir\u00e7ok \u00f6zellik premium s\u00fcr\u00fcmde kilitli<\/td>\n<\/tr>\n<tr>\n<td><a href=\"https:\/\/strangercam.com\/tr\/coomeet\/\">CooMeet<\/a><\/td>\n<td align=\"center\">\u274c (Deneme)<\/td>\n<td align=\"center\">\u2705<\/td>\n<td align=\"center\">\u2705<\/td>\n<td align=\"center\">\u2705<\/td>\n<td align=\"center\">\u2705<\/td>\n<td>S\u0131n\u0131rl\u0131 \u00fccretsiz denemeden sonra \u00fccretli<\/td>\n<\/tr>\n<tr>\n<td>LuckyCrush<\/td>\n<td align=\"center\">\u274c<\/td>\n<td align=\"center\">\u2705<\/td>\n<td align=\"center\">\u2705<\/td>\n<td align=\"center\">\u2705<\/td>\n<td align=\"center\">\u2705<\/td>\n<td>Her zaman \u00fccretli, yaln\u0131zca cinsiyete dayal\u0131 sohbet<\/td>\n<\/tr>\n<\/tbody>\n<\/table>\n<p>StrangerCam, \u00e7al\u0131\u015fan bir cinsiyet filtresi, kay\u0131t olmadan ve s\u0131n\u0131rs\u0131z kullan\u0131mla \u00fccretsiz rastgele video g\u00f6r\u00fc\u015fmeleri sa\u011flayan birka\u00e7 platformdan biridir.<\/p>\n<h2>StrangerCam Neden Rastgele G\u00f6r\u00fcnt\u00fcl\u00fc Aramalar \u0130\u00e7in En \u0130yi Yer<\/h2>\n<p>StrangerCam k\u0131sa s\u00fcrede rastgele g\u00f6r\u00fcnt\u00fcl\u00fc arama yapmak isteyenler i\u00e7in en g\u00fcvenilir se\u00e7eneklerden biri haline geldi. \u0130\u015fte nedeni:<\/p>\n<h3>1. Tamamen \u00dccretsiz<\/h3>\n<p>Gizli maliyetler olmadan s\u0131n\u0131rs\u0131z rastgele video g\u00f6r\u00fc\u015fmeleri.<\/p>\n<h3>2. \u00dccretsiz Cinsiyet Filtresi<\/h3>\n<p>Kiminle tan\u0131\u015fmak istedi\u011finizi se\u00e7in-erkek, kad\u0131n veya her ikisi-\u00f6demeden.<\/p>\n<h3>3. Kay\u0131t veya Kay\u0131t Olma Yok<\/h3>\n<p>Anonim kal\u0131n. Sadece t\u0131klay\u0131n ve an\u0131nda sohbet edin.<\/p>\n<h3>4. G\u00fcvenli ve Moderat\u00f6rl\u00fc<\/h3>\n<p>Aktif raporlama ara\u00e7lar\u0131 ve moderasyon sistemleri botlar\u0131 ve uygunsuz kullan\u0131c\u0131lar\u0131 uzak tutar.<\/p>\n<h3>5. K\u00fcresel Kullan\u0131c\u0131 Taban\u0131<\/h3>\n<p>D\u00fcnyan\u0131n her yerinden insanlar 7\/24 \u00e7evrimi\u00e7idir ve her seferinde yeni bir deneyim sa\u011flar.<\/p>\n<h3>6. Mobil Uyumluluk<\/h3>\n<p>Her yerde sorunsuz video g\u00f6r\u00fc\u015fmeleri i\u00e7in telefonlar, tabletler ve bilgisayarlar i\u00e7in optimize edilmi\u015ftir.<\/p>\n<h2>Ger\u00e7ek Kullan\u0131c\u0131 G\u00f6r\u00fc\u015fleri<\/h2>\n<blockquote><p><em>\"Ba\u015fka siteleri de denedim ama StrangerCam rastgele g\u00f6r\u00fcnt\u00fcl\u00fc aramalar\u0131n gizli \u00fccret olmadan \u00fccretsiz oldu\u011fu tek site.\"<\/em><br \/>\n- Jason, 26 ya\u015f\u0131nda.<\/p><\/blockquote>\n<blockquote><p><em>\"Cinsiyet filtresi \u00e7al\u0131\u015f\u0131yor ve bunun i\u00e7in para \u00f6demek zorunda kalmad\u0131m. Sonunda, s\u00f6yledi\u011fini yapan bir platform!\"<\/em><br \/>\n- Emily, 23 ya\u015f\u0131nda.<\/p><\/blockquote>\n<blockquote><p><em>\"Bir saatten k\u0131sa bir s\u00fcre i\u00e7inde be\u015f farkl\u0131 \u00fclkeden insanlarla ba\u011flant\u0131 kurdum. Ba\u011f\u0131ml\u0131l\u0131k yap\u0131yor.\"<\/em><br \/>\n- Ryan, 29 ya\u015f\u0131nda.<\/p><\/blockquote>\n<blockquote><p><em>\u201cStrangerCam, en iyi alternatiftir <a href=\"https:\/\/strangercam.com\/tr\/omegle\/\">Omegle<\/a> Ben buldum. \u00dccretsiz, g\u00fcvenli ve \u00e7evrimi\u00e7i insanlarla her zaman me\u015fgul.\u201d<\/em><br \/>\n- Megan, 21 ya\u015f\u0131nda.<\/p><\/blockquote>\n<h2>Rastgele G\u00f6r\u00fcnt\u00fcl\u00fc G\u00f6r\u00fc\u015fmeler i\u00e7in G\u00fcvenlik \u0130pu\u00e7lar\u0131<\/h2>\n<p>Rastgele g\u00f6r\u00fcnt\u00fcl\u00fc aramalar e\u011flenceli olsa da, g\u00fcvende kalmak \u00f6nemlidir:<\/p>\n<ul>\n<li>Adresiniz, telefon numaran\u0131z veya tam ad\u0131n\u0131z gibi ki\u015fisel bilgileri asla payla\u015fmay\u0131n.<\/li>\n<li>Yabanc\u0131lar taraf\u0131ndan payla\u015f\u0131lan ba\u011flant\u0131lara t\u0131klamay\u0131n.<\/li>\n<li>Kendinizi rahats\u0131z hissediyorsan\u0131z \"\u0130leri\" d\u00fc\u011fmesini serbest\u00e7e kullan\u0131n.<\/li>\n<li>\u00d6zel ayr\u0131nt\u0131lar\u0131n a\u00e7\u0131\u011fa \u00e7\u0131kmas\u0131n\u0131 \u00f6nlemek i\u00e7in ge\u00e7mi\u015finizi kontrol edin.<\/li>\n<li>Toplulu\u011fu g\u00fcvende tutmak i\u00e7in uygunsuz kullan\u0131c\u0131lar\u0131 bildirin.<\/li>\n<li>18 ya\u015f\u0131ndan k\u00fc\u00e7\u00fckseniz, yeti\u015fkinlere y\u00f6nelik rastgele g\u00f6r\u00fcnt\u00fcl\u00fc arama platformlar\u0131n\u0131 kullanmay\u0131n.<\/li>\n<\/ul>\n<h2>Nas\u0131l Ba\u015flan\u0131r - Ad\u0131m Ad\u0131m<\/h2>\n<p>Rastgele bir video g\u00f6r\u00fc\u015fmesi ba\u015flatmak bir dakikadan az s\u00fcrer:<\/p>\n<ol>\n<li>Taray\u0131c\u0131n\u0131zda veya cihaz\u0131n\u0131zda StrangerCam'i a\u00e7\u0131n.<\/li>\n<li>Kamera ve mikrofon eri\u015fiminize izin verin.<\/li>\n<li>Tercihleri se\u00e7in (istenirse cinsiyet filtresi).<\/li>\n<li>An\u0131nda ba\u011flanmak i\u00e7in Aramay\u0131 Ba\u015flat'a t\u0131klay\u0131n.<\/li>\n<li>Y\u00fcz y\u00fcze sohbet edin. Yeni biriyle tan\u0131\u015fmak i\u00e7in istedi\u011finiz zaman \u0130leri'ye t\u0131klay\u0131n.<\/li>\n<\/ol>\n<p>\u0130\u015fte bu kadar - basit, h\u0131zl\u0131 ve \u00fccretsiz.<\/p>\n<h2>Son D\u00fc\u015f\u00fcnceler - \u00dccretsiz Rastgele G\u00f6r\u00fcnt\u00fcl\u00fc G\u00f6r\u00fc\u015fmeleri \u015eimdi Deneyin<\/h2>\n<p>2025 y\u0131l\u0131nda, rastgele video g\u00f6r\u00fc\u015fmeleri yeni insanlarla \u00e7evrimi\u00e7i ba\u011flant\u0131 kurman\u0131n en heyecan verici yollar\u0131ndan biridir. H\u0131zl\u0131, \u00fccretsiz, spontane ve tek bir d\u00fc\u011fmeye t\u0131klayarak size ger\u00e7ek insan etkile\u015fimi sa\u011fl\u0131yorlar.<\/p>\n<p>Ancak t\u00fcm platformlar bunu sa\u011flayam\u0131yor. Bir\u00e7o\u011fu cinsiyet filtreleri gibi temel \u00f6zellikleri \u00f6deme duvarlar\u0131n\u0131n arkas\u0131na gizliyor veya sitelerini botlarla dolduruyor. Bu y\u00fczden StrangerCam en iyi se\u00e7imdir: \u00fccretsiz, g\u00fcvenli, anonimdir ve sizi d\u00fcnya \u00e7ap\u0131nda ger\u00e7ek insanlarla bulu\u015fturur.<\/p>\n<p>Bunu deneyimlemeye haz\u0131r m\u0131s\u0131n\u0131z? Bug\u00fcn \u00fccretsiz rastgele bir video g\u00f6r\u00fc\u015fmesi deneyin ve bir sonraki g\u00f6r\u00fc\u015fmenizin kimle olaca\u011f\u0131n\u0131 g\u00f6r\u00fcn.<\/p>","protected":false},"excerpt":{"rendered":"<p>Have you been searching for the best way to enjoy a random video call? You\u2019re not alone. Millions of people across the globe use random video call platforms every day to meet strangers, make new friends, flirt, or simply pass the time. Unlike social media or dating apps, where conversations can feel forced or slow, [&hellip;]<\/p>\n","protected":false},"author":8,"featured_media":0,"parent":0,"menu_order":0,"comment_status":"closed","ping_status":"closed","template":"","meta":{"footnotes":""},"class_list":["post-3634","page","type-page","status-publish","hentry"],"yoast_head":"<!-- This site is optimized with the Yoast SEO plugin v27.4 - https:\/\/yoast.com\/product\/yoast-seo-wordpress\/ -->\n<title>Random Video Call with Random Chat on Strangercam.com<\/title>\n<meta name=\"description\" content=\"Liking Random Video Call? Join millions on StrangerCam.com! Start a random video chat, turn on your cam, and meet strangers instantly.\" \/>\n<meta name=\"robots\" content=\"index, follow, max-snippet:-1, max-image-preview:large, max-video-preview:-1\" \/>\n<link rel=\"canonical\" href=\"https:\/\/strangercam.com\/tr\/rastgele-goruntulu-arama\/\" \/>\n<meta property=\"og:locale\" content=\"tr_TR\" \/>\n<meta property=\"og:type\" content=\"article\" \/>\n<meta property=\"og:title\" content=\"Random Video Call with Random Chat on Strangercam.com\" \/>\n<meta property=\"og:description\" content=\"Liking Random Video Call? Join millions on StrangerCam.com! Start a random video chat, turn on your cam, and meet strangers instantly.\" \/>\n<meta property=\"og:url\" content=\"https:\/\/strangercam.com\/tr\/rastgele-goruntulu-arama\/\" \/>\n<meta property=\"og:site_name\" content=\"Strangercam\" \/>\n<meta property=\"article:publisher\" content=\"https:\/\/www.facebook.com\/strangercam\" \/>\n<meta property=\"article:modified_time\" content=\"2025-08-18T12:15:47+00:00\" \/>\n<meta property=\"og:image\" content=\"https:\/\/strangercam.com\/wp-content\/uploads\/2021\/10\/Untitled-2.png\" \/>\n\t<meta property=\"og:image:width\" content=\"800\" \/>\n\t<meta property=\"og:image:height\" content=\"532\" \/>\n\t<meta property=\"og:image:type\" content=\"image\/png\" \/>\n<meta name=\"twitter:card\" content=\"summary_large_image\" \/>\n<meta name=\"twitter:site\" content=\"@strangercamapp\" \/>\n<meta name=\"twitter:label1\" content=\"Tahmini okuma s\u00fcresi\" \/>\n\t<meta name=\"twitter:data1\" content=\"5 dakika\" \/>\n<script type=\"application\/ld+json\" class=\"yoast-schema-graph\">{\"@context\":\"https:\\\/\\\/schema.org\",\"@graph\":[{\"@type\":\"WebPage\",\"@id\":\"https:\\\/\\\/strangercam.com\\\/random-video-call\\\/\",\"url\":\"https:\\\/\\\/strangercam.com\\\/random-video-call\\\/\",\"name\":\"Random Video Call with Random Chat on Strangercam.com\",\"isPartOf\":{\"@id\":\"https:\\\/\\\/strangercam.com\\\/#website\"},\"datePublished\":\"2025-08-18T11:16:01+00:00\",\"dateModified\":\"2025-08-18T12:15:47+00:00\",\"description\":\"Liking Random Video Call? Join millions on StrangerCam.com! Start a random video chat, turn on your cam, and meet strangers instantly.\",\"breadcrumb\":{\"@id\":\"https:\\\/\\\/strangercam.com\\\/random-video-call\\\/#breadcrumb\"},\"inLanguage\":\"tr\",\"potentialAction\":[{\"@type\":\"ReadAction\",\"target\":[\"https:\\\/\\\/strangercam.com\\\/random-video-call\\\/\"]}]},{\"@type\":\"BreadcrumbList\",\"@id\":\"https:\\\/\\\/strangercam.com\\\/random-video-call\\\/#breadcrumb\",\"itemListElement\":[{\"@type\":\"ListItem\",\"position\":1,\"name\":\"Home\",\"item\":\"https:\\\/\\\/strangercam.com\\\/\"},{\"@type\":\"ListItem\",\"position\":2,\"name\":\"Random Video Call\"}]},{\"@type\":\"WebSite\",\"@id\":\"https:\\\/\\\/strangercam.com\\\/#website\",\"url\":\"https:\\\/\\\/strangercam.com\\\/\",\"name\":\"Strangercam\",\"description\":\"Random Video Chat with Strangers\",\"publisher\":{\"@id\":\"https:\\\/\\\/strangercam.com\\\/#organization\"},\"alternateName\":\"Strangercam.com\",\"potentialAction\":[{\"@type\":\"SearchAction\",\"target\":{\"@type\":\"EntryPoint\",\"urlTemplate\":\"https:\\\/\\\/strangercam.com\\\/?s={search_term_string}\"},\"query-input\":{\"@type\":\"PropertyValueSpecification\",\"valueRequired\":true,\"valueName\":\"search_term_string\"}}],\"inLanguage\":\"tr\"},{\"@type\":\"Organization\",\"@id\":\"https:\\\/\\\/strangercam.com\\\/#organization\",\"name\":\"Strangercam\",\"alternateName\":\"Strangercam.com\",\"url\":\"https:\\\/\\\/strangercam.com\\\/\",\"logo\":{\"@type\":\"ImageObject\",\"inLanguage\":\"tr\",\"@id\":\"https:\\\/\\\/strangercam.com\\\/#\\\/schema\\\/logo\\\/image\\\/\",\"url\":\"https:\\\/\\\/strangercam.com\\\/wp-content\\\/uploads\\\/2020\\\/11\\\/cropped-new-favicon-black.png\",\"contentUrl\":\"https:\\\/\\\/strangercam.com\\\/wp-content\\\/uploads\\\/2020\\\/11\\\/cropped-new-favicon-black.png\",\"width\":512,\"height\":512,\"caption\":\"Strangercam\"},\"image\":{\"@id\":\"https:\\\/\\\/strangercam.com\\\/#\\\/schema\\\/logo\\\/image\\\/\"},\"sameAs\":[\"https:\\\/\\\/www.facebook.com\\\/strangercam\",\"https:\\\/\\\/x.com\\\/strangercamapp\"]}]}<\/script>\n<!-- \/ Yoast SEO plugin. -->","yoast_head_json":{"title":"Strangercam.com'da Rastgele Sohbet ile Rastgele G\u00f6r\u00fcnt\u00fcl\u00fc Arama","description":"Rastgele G\u00f6r\u00fcnt\u00fcl\u00fc G\u00f6r\u00fc\u015fmeyi Seviyor musunuz? StrangerCam.com'da Join milyonlarca! Rastgele bir g\u00f6r\u00fcnt\u00fcl\u00fc sohbet ba\u015flat\u0131n, kameran\u0131z\u0131 a\u00e7\u0131n ve yabanc\u0131larla an\u0131nda tan\u0131\u015f\u0131n.","robots":{"index":"index","follow":"follow","max-snippet":"max-snippet:-1","max-image-preview":"max-image-preview:large","max-video-preview":"max-video-preview:-1"},"canonical":"https:\/\/strangercam.com\/tr\/rastgele-goruntulu-arama\/","og_locale":"tr_TR","og_type":"article","og_title":"Random Video Call with Random Chat on Strangercam.com","og_description":"Liking Random Video Call? Join millions on StrangerCam.com! Start a random video chat, turn on your cam, and meet strangers instantly.","og_url":"https:\/\/strangercam.com\/tr\/rastgele-goruntulu-arama\/","og_site_name":"Strangercam","article_publisher":"https:\/\/www.facebook.com\/strangercam","article_modified_time":"2025-08-18T12:15:47+00:00","og_image":[{"width":800,"height":532,"url":"https:\/\/strangercam.com\/wp-content\/uploads\/2021\/10\/Untitled-2.png","type":"image\/png"}],"twitter_card":"summary_large_image","twitter_site":"@strangercamapp","twitter_misc":{"Tahmini okuma s\u00fcresi":"5 dakika"},"schema":{"@context":"https:\/\/schema.org","@graph":[{"@type":"WebPage","@id":"https:\/\/strangercam.com\/random-video-call\/","url":"https:\/\/strangercam.com\/random-video-call\/","name":"Strangercam.com'da Rastgele Sohbet ile Rastgele G\u00f6r\u00fcnt\u00fcl\u00fc Arama","isPartOf":{"@id":"https:\/\/strangercam.com\/#website"},"datePublished":"2025-08-18T11:16:01+00:00","dateModified":"2025-08-18T12:15:47+00:00","description":"Rastgele G\u00f6r\u00fcnt\u00fcl\u00fc G\u00f6r\u00fc\u015fmeyi Seviyor musunuz? StrangerCam.com'da Join milyonlarca! Rastgele bir g\u00f6r\u00fcnt\u00fcl\u00fc sohbet ba\u015flat\u0131n, kameran\u0131z\u0131 a\u00e7\u0131n ve yabanc\u0131larla an\u0131nda tan\u0131\u015f\u0131n.","breadcrumb":{"@id":"https:\/\/strangercam.com\/random-video-call\/#breadcrumb"},"inLanguage":"tr","potentialAction":[{"@type":"ReadAction","target":["https:\/\/strangercam.com\/random-video-call\/"]}]},{"@type":"BreadcrumbList","@id":"https:\/\/strangercam.com\/random-video-call\/#breadcrumb","itemListElement":[{"@type":"ListItem","position":1,"name":"Home","item":"https:\/\/strangercam.com\/"},{"@type":"ListItem","position":2,"name":"Random Video Call"}]},{"@type":"WebSite","@id":"https:\/\/strangercam.com\/#website","url":"https:\/\/strangercam.com\/","name":"Strangercam","description":"Yabanc\u0131larla Rastgele G\u00f6r\u00fcnt\u00fcl\u00fc Sohbet","publisher":{"@id":"https:\/\/strangercam.com\/#organization"},"alternateName":"Strangercam.com","potentialAction":[{"@type":"SearchAction","target":{"@type":"EntryPoint","urlTemplate":"https:\/\/strangercam.com\/?s={search_term_string}"},"query-input":{"@type":"PropertyValueSpecification","valueRequired":true,"valueName":"search_term_string"}}],"inLanguage":"tr"},{"@type":"Organization","@id":"https:\/\/strangercam.com\/#organization","name":"Strangercam","alternateName":"Strangercam.com","url":"https:\/\/strangercam.com\/","logo":{"@type":"ImageObject","inLanguage":"tr","@id":"https:\/\/strangercam.com\/#\/schema\/logo\/image\/","url":"https:\/\/strangercam.com\/wp-content\/uploads\/2020\/11\/cropped-new-favicon-black.png","contentUrl":"https:\/\/strangercam.com\/wp-content\/uploads\/2020\/11\/cropped-new-favicon-black.png","width":512,"height":512,"caption":"Strangercam"},"image":{"@id":"https:\/\/strangercam.com\/#\/schema\/logo\/image\/"},"sameAs":["https:\/\/www.facebook.com\/strangercam","https:\/\/x.com\/strangercamapp"]}]}},"_links":{"self":[{"href":"https:\/\/strangercam.com\/tr\/wp-json\/wp\/v2\/pages\/3634","targetHints":{"allow":["GET"]}}],"collection":[{"href":"https:\/\/strangercam.com\/tr\/wp-json\/wp\/v2\/pages"}],"about":[{"href":"https:\/\/strangercam.com\/tr\/wp-json\/wp\/v2\/types\/page"}],"author":[{"embeddable":true,"href":"https:\/\/strangercam.com\/tr\/wp-json\/wp\/v2\/users\/8"}],"replies":[{"embeddable":true,"href":"https:\/\/strangercam.com\/tr\/wp-json\/wp\/v2\/comments?post=3634"}],"version-history":[{"count":2,"href":"https:\/\/strangercam.com\/tr\/wp-json\/wp\/v2\/pages\/3634\/revisions"}],"predecessor-version":[{"id":12970,"href":"https:\/\/strangercam.com\/tr\/wp-json\/wp\/v2\/pages\/3634\/revisions\/12970"}],"wp:attachment":[{"href":"https:\/\/strangercam.com\/tr\/wp-json\/wp\/v2\/media?parent=3634"}],"curies":[{"name":"wp","href":"https:\/\/api.w.org\/{rel}","templated":true}]}}