{"id":3300,"date":"2021-05-09T21:47:49","date_gmt":"2021-05-09T19:47:49","guid":{"rendered":"https:\/\/strangercam.com\/?page_id=3300"},"modified":"2023-08-21T12:24:41","modified_gmt":"2023-08-21T10:24:41","slug":"chatpig","status":"publish","type":"page","link":"https:\/\/strangercam.com\/tr\/chatpig\/","title":{"rendered":"Chatpig"},"content":{"rendered":"<p>Teknolojiler her ge\u00e7en g\u00fcn geli\u015fmekte ve insanlar\u0131n ba\u015fkalar\u0131yla m\u00fcmk\u00fcn olan en k\u0131sa s\u00fcrede ba\u011flant\u0131 kurmas\u0131na olanak sa\u011flamaktad\u0131r. Ayr\u0131ca arkada\u015fl\u0131k siteleri ve uygulamalar\u0131 arac\u0131l\u0131\u011f\u0131yla uzun mesafeli ili\u015fkiler geli\u015ftirmenin ve yeni arkada\u015flar edinmenin yollar\u0131n\u0131 da sa\u011fl\u0131yorlar. Chatpig arkada\u015fl\u0131k sitesi, \u00fcyelerin bir hesap olu\u015fturduktan sonra e\u011flence ve heyecan sa\u011flamas\u0131na olanak tan\u0131r. Kullan\u0131c\u0131lar\u0131n hayat\u0131n farkl\u0131 kesimlerinden kolayl\u0131kla yeni arkada\u015flar bulmalar\u0131n\u0131 sa\u011flar. Bir konumdaki bekarlar\u0131 tan\u0131mlamak isteyenler, web sitesinden \u00e7ok faydalanabilirler \u00e7\u00fcnk\u00fc onlar i\u00e7in m\u00fckemmel \u00f6zellikleri kapsar. Ayr\u0131ca, web sitesi a\u015fa\u011f\u0131dakiler i\u00e7in en iyi se\u00e7enektir <a href=\"https:\/\/strangercam.com\/tr\/shagle\/\">yeti\u015fkin<\/a> Kullan\u0131c\u0131lar\u0131n ihtiya\u00e7lar\u0131n\u0131 kar\u015f\u0131layan bulu\u015fma ama\u00e7lar\u0131.<\/p>\n<h2>Chatpig arkada\u015fl\u0131k sitesinde nas\u0131l hesap olu\u015fturulur?<\/h2>\n<p>Kay\u0131t i\u015flemi \u00e7ok basittir ve yeni \u00fcyeler web sitesinde misafir olarak veya bir hesap olu\u015fturarak devam edebilir. \u00d6te yandan misafir se\u00e7ene\u011fini se\u00e7erken cinsiyetin se\u00e7ilmesi ve sitedeki h\u00fck\u00fcm ve ko\u015fullar\u0131n kabul edilmesi gerekmektedir. Hesap olu\u015fturmak isteyen yeni kullan\u0131c\u0131lar ge\u00e7erli bir e-postaya sahip olmal\u0131 ve g\u00fc\u00e7l\u00fc bir \u015fifre ile bir takma ad sa\u011flamal\u0131d\u0131r. E-posta ile ald\u0131ktan sonra hesab\u0131 do\u011frulamak i\u00e7in aktivasyon kodunu girmelisiniz.<\/p>\n<h3>Yeti\u015fkin kameral\u0131 sohbet hakk\u0131nda daha fazla bilgi edinme<\/h3>\n<p>Arkada\u015fl\u0131k sitesi yeti\u015fkinlere y\u00f6nelik <a href=\"https:\/\/strangercam.com\/tr\/bazoocam\/\">cam<\/a> <a href=\"https:\/\/strangercam.com\/tr\/chatroulette\/\">sohbet<\/a> kullan\u0131c\u0131lar\u0131n modellerle ve di\u011ferleriyle uygun \u015fekilde sohbet etmeleri i\u00e7in hizmetler. Bir ki\u015fi, ba\u015fkalar\u0131yla sohbet etmeye ba\u015flamak i\u00e7in takma ad\u0131n\u0131 ve \u015fifresini kullanarak siteye giri\u015f yapabilir. Ayr\u0131ca \u00fcyeler, kategorileri ayr\u0131nt\u0131l\u0131 olarak de\u011ferlendirdikten sonra istedikleri kamera t\u00fcr\u00fcn\u00fc bile se\u00e7ebilirler. Kullan\u0131c\u0131lar\u0131n erkeklerle, kad\u0131nlarla, \u00e7iftlerle ve di\u011ferleriyle konu\u015fabilece\u011fi tek web kameras\u0131 sohbet platformudur. Bunun d\u0131\u015f\u0131nda, cinsiyet filtresi kullanmadan herhangi bir cinsiyetle sohbet edilebilir. Ancak, kullan\u0131c\u0131lar sohbet ederken kurallara ve d\u00fczenlemelere ayr\u0131nt\u0131l\u0131 olarak uymal\u0131d\u0131r. <a href=\"https:\/\/strangercam.com\/tr\/kizlarla-goruntulu-sohbet\/\">K\u0131zlar<\/a>.<\/p>\n<h3>Chatpig'nin \u00f6zellikleri nelerdir?<\/h3>\n<p>Web sitesinde \u00e7ok say\u0131da ate\u015fli erkek ve k\u0131z\u0131 kolayca bulabilece\u011finiz \u00e7e\u015fitli sohbet odalar\u0131 mevcuttur. Ortak ilgi alanlar\u0131n\u0131 payla\u015fan ki\u015fileri tan\u0131mlamaya yard\u0131mc\u0131 olacak ba\u015fkalar\u0131na metin mesajlar\u0131, resimler ve emojiler g\u00f6ndermenin yollar\u0131n\u0131 sunar. Kullan\u0131c\u0131lar \u00fcye olmak i\u00e7in web sitesinden bir jeton bile sat\u0131n alabilirler. Web sitesi taraf\u0131ndan sunulan di\u011fer baz\u0131 \u00f6zellikler aras\u0131nda kaliteli bir aray\u00fcz, izleyici kalitesi, g\u00fcvenlik ve gizlilik yer al\u0131r ve b\u00f6ylece iyi bir deneyim sa\u011flaman\u0131n yollar\u0131n\u0131 g\u00f6sterir. Ayn\u0131 zamanda, a\u015fa\u011f\u0131dakilere yard\u0131mc\u0131 olan web sitesinde bir hesap olu\u015fturmadan \u00f6nce h\u00fck\u00fcm ve ko\u015fullar\u0131 do\u011fru bir \u015fekilde takip etmek ak\u0131ll\u0131ca olacakt\u0131r <a href=\"https:\/\/strangercam.com\/tr\/coomeet\/\">tan\u0131\u015fmak<\/a> temel ihtiya\u00e7lar.<\/p>","protected":false},"excerpt":{"rendered":"<p>Technologies are improving day by day allowing people to connect with others as soon as possible. They also provide ways to develop long-distance relationships and make new friends through dating sites and apps. Chatpig dating website enables members to ensure fun and excitement after creating an account. It enables users to find new friends from [&hellip;]<\/p>\n","protected":false},"author":6,"featured_media":559,"parent":0,"menu_order":0,"comment_status":"closed","ping_status":"closed","template":"","meta":{"footnotes":""},"class_list":["post-3300","page","type-page","status-publish","has-post-thumbnail","hentry"],"yoast_head":"<!-- This site is optimized with the Yoast SEO plugin v26.9 - https:\/\/yoast.com\/product\/yoast-seo-wordpress\/ -->\n<title>Chatpig - Most Popular Video Chats - Cam on StrangerCam.com<\/title>\n<meta name=\"description\" content=\"Like Chatpig? Come chat with more than 5.000.000 strangers on Stranger Cam for Free! Turn on your cam and find new friends &amp; maby a match!\" \/>\n<meta name=\"robots\" content=\"index, follow, max-snippet:-1, max-image-preview:large, max-video-preview:-1\" \/>\n<link rel=\"canonical\" href=\"https:\/\/strangercam.com\/tr\/chatpig\/\" \/>\n<meta property=\"og:locale\" content=\"tr_TR\" \/>\n<meta property=\"og:type\" content=\"article\" \/>\n<meta property=\"og:title\" content=\"Chatpig - Most Popular Video Chats - Cam on StrangerCam.com\" \/>\n<meta property=\"og:description\" content=\"Like Chatpig? Come chat with more than 5.000.000 strangers on Stranger Cam for Free! Turn on your cam and find new friends &amp; maby a match!\" \/>\n<meta property=\"og:url\" content=\"https:\/\/strangercam.com\/tr\/chatpig\/\" \/>\n<meta property=\"og:site_name\" content=\"Strangercam\" \/>\n<meta property=\"article:publisher\" content=\"https:\/\/www.facebook.com\/strangercam\" \/>\n<meta property=\"article:modified_time\" content=\"2023-08-21T10:24:41+00:00\" \/>\n<meta property=\"og:image\" content=\"https:\/\/strangercam.com\/wp-content\/uploads\/2020\/11\/stranger-cam-1.png\" \/>\n\t<meta property=\"og:image:width\" content=\"800\" \/>\n\t<meta property=\"og:image:height\" content=\"800\" \/>\n\t<meta property=\"og:image:type\" content=\"image\/png\" \/>\n<meta name=\"twitter:card\" content=\"summary_large_image\" \/>\n<meta name=\"twitter:site\" content=\"@strangercamapp\" \/>\n<meta name=\"twitter:label1\" content=\"Tahmini okuma s\u00fcresi\" \/>\n\t<meta name=\"twitter:data1\" content=\"2 dakika\" \/>\n<script type=\"application\/ld+json\" class=\"yoast-schema-graph\">{\"@context\":\"https:\/\/schema.org\",\"@graph\":[{\"@type\":\"WebPage\",\"@id\":\"https:\/\/strangercam.com\/chatpig\/\",\"url\":\"https:\/\/strangercam.com\/chatpig\/\",\"name\":\"Chatpig - Most Popular Video Chats - Cam on StrangerCam.com\",\"isPartOf\":{\"@id\":\"https:\/\/strangercam.com\/#website\"},\"primaryImageOfPage\":{\"@id\":\"https:\/\/strangercam.com\/chatpig\/#primaryimage\"},\"image\":{\"@id\":\"https:\/\/strangercam.com\/chatpig\/#primaryimage\"},\"thumbnailUrl\":\"https:\/\/strangercam.com\/wp-content\/uploads\/2020\/11\/stranger-cam-1.png\",\"datePublished\":\"2021-05-09T19:47:49+00:00\",\"dateModified\":\"2023-08-21T10:24:41+00:00\",\"description\":\"Like Chatpig? Come chat with more than 5.000.000 strangers on Stranger Cam for Free! Turn on your cam and find new friends & maby a match!\",\"breadcrumb\":{\"@id\":\"https:\/\/strangercam.com\/chatpig\/#breadcrumb\"},\"inLanguage\":\"tr\",\"potentialAction\":[{\"@type\":\"ReadAction\",\"target\":[\"https:\/\/strangercam.com\/chatpig\/\"]}]},{\"@type\":\"ImageObject\",\"inLanguage\":\"tr\",\"@id\":\"https:\/\/strangercam.com\/chatpig\/#primaryimage\",\"url\":\"https:\/\/strangercam.com\/wp-content\/uploads\/2020\/11\/stranger-cam-1.png\",\"contentUrl\":\"https:\/\/strangercam.com\/wp-content\/uploads\/2020\/11\/stranger-cam-1.png\",\"width\":800,\"height\":800,\"caption\":\"stranger cam random video chat\"},{\"@type\":\"BreadcrumbList\",\"@id\":\"https:\/\/strangercam.com\/chatpig\/#breadcrumb\",\"itemListElement\":[{\"@type\":\"ListItem\",\"position\":1,\"name\":\"Home\",\"item\":\"https:\/\/strangercam.com\/\"},{\"@type\":\"ListItem\",\"position\":2,\"name\":\"Chatpig\"}]},{\"@type\":\"WebSite\",\"@id\":\"https:\/\/strangercam.com\/#website\",\"url\":\"https:\/\/strangercam.com\/\",\"name\":\"Strangercam\",\"description\":\"Random Video Chat with Strangers\",\"publisher\":{\"@id\":\"https:\/\/strangercam.com\/#organization\"},\"alternateName\":\"Strangercam.com\",\"potentialAction\":[{\"@type\":\"SearchAction\",\"target\":{\"@type\":\"EntryPoint\",\"urlTemplate\":\"https:\/\/strangercam.com\/?s={search_term_string}\"},\"query-input\":{\"@type\":\"PropertyValueSpecification\",\"valueRequired\":true,\"valueName\":\"search_term_string\"}}],\"inLanguage\":\"tr\"},{\"@type\":\"Organization\",\"@id\":\"https:\/\/strangercam.com\/#organization\",\"name\":\"Strangercam\",\"alternateName\":\"Strangercam.com\",\"url\":\"https:\/\/strangercam.com\/\",\"logo\":{\"@type\":\"ImageObject\",\"inLanguage\":\"tr\",\"@id\":\"https:\/\/strangercam.com\/#\/schema\/logo\/image\/\",\"url\":\"https:\/\/strangercam.com\/wp-content\/uploads\/2020\/11\/cropped-new-favicon-black.png\",\"contentUrl\":\"https:\/\/strangercam.com\/wp-content\/uploads\/2020\/11\/cropped-new-favicon-black.png\",\"width\":512,\"height\":512,\"caption\":\"Strangercam\"},\"image\":{\"@id\":\"https:\/\/strangercam.com\/#\/schema\/logo\/image\/\"},\"sameAs\":[\"https:\/\/www.facebook.com\/strangercam\",\"https:\/\/x.com\/strangercamapp\"]}]}<\/script>\n<!-- \/ Yoast SEO plugin. -->","yoast_head_json":{"title":"Chatpig - En Pop\u00fcler G\u00f6r\u00fcnt\u00fcl\u00fc Sohbetler - StrangerCam.com'da Kamera","description":"Chatpig'yi be\u011fendiniz mi? Gelin Stranger Cam'de 5.000.000'dan fazla yabanc\u0131yla \u00dccretsiz sohbet edin! Kameran\u0131z\u0131 a\u00e7\u0131n ve yeni arkada\u015flar ve belki bir e\u015fle\u015fme bulun!","robots":{"index":"index","follow":"follow","max-snippet":"max-snippet:-1","max-image-preview":"max-image-preview:large","max-video-preview":"max-video-preview:-1"},"canonical":"https:\/\/strangercam.com\/tr\/chatpig\/","og_locale":"tr_TR","og_type":"article","og_title":"Chatpig - Most Popular Video Chats - Cam on StrangerCam.com","og_description":"Like Chatpig? Come chat with more than 5.000.000 strangers on Stranger Cam for Free! Turn on your cam and find new friends & maby a match!","og_url":"https:\/\/strangercam.com\/tr\/chatpig\/","og_site_name":"Strangercam","article_publisher":"https:\/\/www.facebook.com\/strangercam","article_modified_time":"2023-08-21T10:24:41+00:00","og_image":[{"width":800,"height":800,"url":"https:\/\/strangercam.com\/wp-content\/uploads\/2020\/11\/stranger-cam-1.png","type":"image\/png"}],"twitter_card":"summary_large_image","twitter_site":"@strangercamapp","twitter_misc":{"Tahmini okuma s\u00fcresi":"2 dakika"},"schema":{"@context":"https:\/\/schema.org","@graph":[{"@type":"WebPage","@id":"https:\/\/strangercam.com\/chatpig\/","url":"https:\/\/strangercam.com\/chatpig\/","name":"Chatpig - En Pop\u00fcler G\u00f6r\u00fcnt\u00fcl\u00fc Sohbetler - StrangerCam.com'da Kamera","isPartOf":{"@id":"https:\/\/strangercam.com\/#website"},"primaryImageOfPage":{"@id":"https:\/\/strangercam.com\/chatpig\/#primaryimage"},"image":{"@id":"https:\/\/strangercam.com\/chatpig\/#primaryimage"},"thumbnailUrl":"https:\/\/strangercam.com\/wp-content\/uploads\/2020\/11\/stranger-cam-1.png","datePublished":"2021-05-09T19:47:49+00:00","dateModified":"2023-08-21T10:24:41+00:00","description":"Chatpig'yi be\u011fendiniz mi? Gelin Stranger Cam'de 5.000.000'dan fazla yabanc\u0131yla \u00dccretsiz sohbet edin! Kameran\u0131z\u0131 a\u00e7\u0131n ve yeni arkada\u015flar ve belki bir e\u015fle\u015fme bulun!","breadcrumb":{"@id":"https:\/\/strangercam.com\/chatpig\/#breadcrumb"},"inLanguage":"tr","potentialAction":[{"@type":"ReadAction","target":["https:\/\/strangercam.com\/chatpig\/"]}]},{"@type":"ImageObject","inLanguage":"tr","@id":"https:\/\/strangercam.com\/chatpig\/#primaryimage","url":"https:\/\/strangercam.com\/wp-content\/uploads\/2020\/11\/stranger-cam-1.png","contentUrl":"https:\/\/strangercam.com\/wp-content\/uploads\/2020\/11\/stranger-cam-1.png","width":800,"height":800,"caption":"stranger cam random video chat"},{"@type":"BreadcrumbList","@id":"https:\/\/strangercam.com\/chatpig\/#breadcrumb","itemListElement":[{"@type":"ListItem","position":1,"name":"Home","item":"https:\/\/strangercam.com\/"},{"@type":"ListItem","position":2,"name":"Chatpig"}]},{"@type":"WebSite","@id":"https:\/\/strangercam.com\/#website","url":"https:\/\/strangercam.com\/","name":"Strangercam","description":"Yabanc\u0131larla Rastgele G\u00f6r\u00fcnt\u00fcl\u00fc Sohbet","publisher":{"@id":"https:\/\/strangercam.com\/#organization"},"alternateName":"Strangercam.com","potentialAction":[{"@type":"SearchAction","target":{"@type":"EntryPoint","urlTemplate":"https:\/\/strangercam.com\/?s={search_term_string}"},"query-input":{"@type":"PropertyValueSpecification","valueRequired":true,"valueName":"search_term_string"}}],"inLanguage":"tr"},{"@type":"Organization","@id":"https:\/\/strangercam.com\/#organization","name":"Strangercam","alternateName":"Strangercam.com","url":"https:\/\/strangercam.com\/","logo":{"@type":"ImageObject","inLanguage":"tr","@id":"https:\/\/strangercam.com\/#\/schema\/logo\/image\/","url":"https:\/\/strangercam.com\/wp-content\/uploads\/2020\/11\/cropped-new-favicon-black.png","contentUrl":"https:\/\/strangercam.com\/wp-content\/uploads\/2020\/11\/cropped-new-favicon-black.png","width":512,"height":512,"caption":"Strangercam"},"image":{"@id":"https:\/\/strangercam.com\/#\/schema\/logo\/image\/"},"sameAs":["https:\/\/www.facebook.com\/strangercam","https:\/\/x.com\/strangercamapp"]}]}},"_links":{"self":[{"href":"https:\/\/strangercam.com\/tr\/wp-json\/wp\/v2\/pages\/3300","targetHints":{"allow":["GET"]}}],"collection":[{"href":"https:\/\/strangercam.com\/tr\/wp-json\/wp\/v2\/pages"}],"about":[{"href":"https:\/\/strangercam.com\/tr\/wp-json\/wp\/v2\/types\/page"}],"author":[{"embeddable":true,"href":"https:\/\/strangercam.com\/tr\/wp-json\/wp\/v2\/users\/6"}],"replies":[{"embeddable":true,"href":"https:\/\/strangercam.com\/tr\/wp-json\/wp\/v2\/comments?post=3300"}],"version-history":[{"count":0,"href":"https:\/\/strangercam.com\/tr\/wp-json\/wp\/v2\/pages\/3300\/revisions"}],"wp:featuredmedia":[{"embeddable":true,"href":"https:\/\/strangercam.com\/tr\/wp-json\/wp\/v2\/media\/559"}],"wp:attachment":[{"href":"https:\/\/strangercam.com\/tr\/wp-json\/wp\/v2\/media?parent=3300"}],"curies":[{"name":"wp","href":"https:\/\/api.w.org\/{rel}","templated":true}]}}