{"id":3283,"date":"2021-05-09T21:43:36","date_gmt":"2021-05-09T19:43:36","guid":{"rendered":"https:\/\/strangercam.com\/?page_id=3283"},"modified":"2023-08-21T11:40:07","modified_gmt":"2023-08-21T09:40:07","slug":"allotalk","status":"publish","type":"page","link":"https:\/\/strangercam.com\/tr\/allotalk\/","title":{"rendered":"Allotalk"},"content":{"rendered":"<p>Bir tan\u0131\u015fma sitesi, kullan\u0131c\u0131lar\u0131n bekarlar\u0131n yan\u0131 s\u0131ra bir yerde kolayca yeni arkada\u015flar bulmalar\u0131n\u0131 sa\u011flar. \u00d6te yandan, yeni \u00fcyeler ihtiya\u00e7lar\u0131na ve di\u011fer \u015feylere g\u00f6re uyarlanan do\u011fru web sitesini se\u00e7melidir. Allotalk, gen\u00e7ler, bekarlar ve yeni arkada\u015flar edinmek isteyen yabanc\u0131lar i\u00e7in tasarlanm\u0131\u015f bir arkada\u015fl\u0131k sitesidir. <a href=\"https:\/\/strangercam.com\/tr\/chatroulette\/\">sohbet<\/a> ile <a href=\"https:\/\/strangercam.com\/tr\/chatrandom\/\">rastgele<\/a> sohbet odalar\u0131 arac\u0131l\u0131\u011f\u0131yla insanlar. Bu <a href=\"https:\/\/strangercam.com\/tr\/1v1-chat\/\">bir<\/a> Gen\u00e7ler i\u00e7in en g\u00fcvenli \u00e7evrimi\u00e7i sohbet platformlar\u0131ndan biri, ger\u00e7ek arkada\u015flar\u0131n\u0131 kolayl\u0131kla tan\u0131mlamalar\u0131n\u0131 sa\u011flar. Platform, a\u015fa\u011f\u0131dakileri yapmak isteyenler i\u00e7in do\u011fru se\u00e7enektir <a href=\"https:\/\/strangercam.com\/tr\/coomeet\/\">tan\u0131\u015fmak<\/a> farkl\u0131 k\u00fclt\u00fcrlere sahip bekarlar.<\/p>\n<h2>Allotalk arkada\u015fl\u0131k sitesi nas\u0131l kullan\u0131l\u0131r?<\/h2>\n<p>Arkada\u015fl\u0131k sitesi, sohbet odalar\u0131 ve \u00f6zel sohbet yoluyla ba\u015fkalar\u0131yla sohbet etmenin yollar\u0131n\u0131 sunar. Gen\u00e7ler i\u00e7in d\u00fcnyan\u0131n \u00e7e\u015fitli yerlerinden arkada\u015f edinmelerini sa\u011flayan sekiz sohbet odas\u0131n\u0131 kapsar. Bu web sitesine kaydolmak isteyen herkes Facebook veya Twitter hesaplar\u0131n\u0131 kullanabilir. \u00d6te yandan, hedeflere ula\u015fmaya yard\u0131mc\u0131 olacak kay\u0131t i\u015flemi s\u0131ras\u0131nda ayn\u0131 kullan\u0131c\u0131 ad\u0131 ve \u015fifreyi kullanmalar\u0131 gerekir. Ayr\u0131ca, platform yeni kullan\u0131c\u0131lar i\u00e7in bir misafir se\u00e7ene\u011fi sunar ve yaln\u0131zca bir kullan\u0131c\u0131 ad\u0131 sa\u011flamalar\u0131 ve onay i\u00e7in captcha kutusuna girmeleri gerekir.<\/p>\n<h2>Art\u0131lar\u0131 ve eksileri nelerdir?<\/h2>\n<p>Web sitesi basit tasar\u0131mlara ve \u00fcyelerin ba\u015fkalar\u0131yla kolayca ileti\u015fim kurmas\u0131n\u0131 sa\u011flayan bir kullan\u0131c\u0131 aray\u00fcz\u00fcne sahiptir. Bunun d\u0131\u015f\u0131nda, ba\u015fkalar\u0131na kolayl\u0131kla arkada\u015fl\u0131k kurmaya yard\u0131mc\u0131 olacak \u00f6zel mesajlar g\u00f6nderme y\u00f6ntemleri sunar. Kullan\u0131c\u0131lar, daha fazla arkada\u015f davet etmek i\u00e7in bir grup sohbetinde hediyeler ve YouTube videolar\u0131 bile g\u00f6nderebilir. Web sitesi ile ilgili bir ba\u015fka \u015fey de, se\u00e7imlere ve tercihlere g\u00f6re kendi sohbet odas\u0131n\u0131 olu\u015fturmak i\u00e7in y\u00f6ntemler sa\u011flamas\u0131d\u0131r. T\u00fcm sohbet odalar\u0131 h\u0131zl\u0131 \u00e7al\u0131\u015ft\u0131\u011f\u0131 i\u00e7in herhangi bir eklenti gerektirmez. Uygulama s\u00fcr\u00fcm\u00fcn\u00fcn kullan\u0131m\u0131 uygun olsa da, yaln\u0131zca android telefonlar i\u00e7in kullan\u0131labilir.<\/p>\n<h2>Fiyatland\u0131rma planlar\u0131 nelerdir?<\/h2>\n<p>Bir hesap olu\u015fturmadan \u00f6nce, do\u011fru karar\u0131 vermeye yard\u0131mc\u0131 olacak fiyatland\u0131rma planlar\u0131n\u0131 ayr\u0131nt\u0131l\u0131 olarak bilmek gerekir. Allotalk her ikisini de sunar <a href=\"https:\/\/strangercam.com\/tr\/chat4free\/\">\u00fccretsiz<\/a> Kullan\u0131c\u0131lar i\u00e7in hizmetler ve \u00fccretli hizmetler ve ara\u015ft\u0131rma yapt\u0131ktan sonra en iyisini se\u00e7ebilirler. Yeni \u00fcyeler i\u00e7in ayl\u0131k, \u00fc\u00e7 ayl\u0131k ve y\u0131ll\u0131k planlar sa\u011flar ve b\u00f6ylece m\u00fckemmel avantajlar elde etmenin yollar\u0131n\u0131 g\u00f6sterir. \u00dccretli hizmetler, kullan\u0131c\u0131lar\u0131n resimlerini y\u00fcklemelerine, sohbet mesajlar\u0131n\u0131 g\u00f6r\u00fcnt\u00fclemelerine ve sesli mesajlar g\u00f6ndermelerine olanak tan\u0131r. Ancak, bir hesap olu\u015ftururken h\u00fck\u00fcm ve ko\u015fullar\u0131 ayr\u0131nt\u0131l\u0131 olarak okumak gerekir. Web sitesi, hayat\u0131n farkl\u0131 kesimlerinden benzer d\u00fc\u015f\u00fcnen insanlar\u0131 herhangi bir g\u00fc\u00e7l\u00fck \u00e7ekmeden tan\u0131mlamak i\u00e7in en iyi se\u00e7imdir.<\/p>","protected":false},"excerpt":{"rendered":"<p>A dating website allows users to find singles as well as new friends in a location easily. On the other hand, new members should choose the right website which tailors to their needs and other things. Allotalk is a dating website meant for teenagers, singles, and strangers who want to chat with random people through [&hellip;]<\/p>\n","protected":false},"author":6,"featured_media":559,"parent":0,"menu_order":0,"comment_status":"closed","ping_status":"closed","template":"","meta":{"footnotes":""},"class_list":["post-3283","page","type-page","status-publish","has-post-thumbnail","hentry"],"yoast_head":"<!-- This site is optimized with the Yoast SEO plugin v27.4 - https:\/\/yoast.com\/product\/yoast-seo-wordpress\/ -->\n<title>Allotalk - Most Popular Video Chats - Cam on StrangerCam.com<\/title>\n<meta name=\"description\" content=\"Like Allotalk? Come chat with more than 5.000.000 strangers on Stranger Cam for Free! Turn on your cam and find new friends &amp; maby a match!\" \/>\n<meta name=\"robots\" content=\"index, follow, max-snippet:-1, max-image-preview:large, max-video-preview:-1\" \/>\n<link rel=\"canonical\" href=\"https:\/\/strangercam.com\/tr\/allotalk\/\" \/>\n<meta property=\"og:locale\" content=\"tr_TR\" \/>\n<meta property=\"og:type\" content=\"article\" \/>\n<meta property=\"og:title\" content=\"Allotalk - Most Popular Video Chats - Cam on StrangerCam.com\" \/>\n<meta property=\"og:description\" content=\"Like Allotalk? Come chat with more than 5.000.000 strangers on Stranger Cam for Free! Turn on your cam and find new friends &amp; maby a match!\" \/>\n<meta property=\"og:url\" content=\"https:\/\/strangercam.com\/tr\/allotalk\/\" \/>\n<meta property=\"og:site_name\" content=\"Strangercam\" \/>\n<meta property=\"article:publisher\" content=\"https:\/\/www.facebook.com\/strangercam\" \/>\n<meta property=\"article:modified_time\" content=\"2023-08-21T09:40:07+00:00\" \/>\n<meta property=\"og:image\" content=\"https:\/\/strangercam.com\/wp-content\/uploads\/2020\/11\/stranger-cam-1.png\" \/>\n\t<meta property=\"og:image:width\" content=\"800\" \/>\n\t<meta property=\"og:image:height\" content=\"800\" \/>\n\t<meta property=\"og:image:type\" content=\"image\/png\" \/>\n<meta name=\"twitter:card\" content=\"summary_large_image\" \/>\n<meta name=\"twitter:site\" content=\"@strangercamapp\" \/>\n<meta name=\"twitter:label1\" content=\"Tahmini okuma s\u00fcresi\" \/>\n\t<meta name=\"twitter:data1\" content=\"2 dakika\" \/>\n<script type=\"application\/ld+json\" class=\"yoast-schema-graph\">{\"@context\":\"https:\\\/\\\/schema.org\",\"@graph\":[{\"@type\":\"WebPage\",\"@id\":\"https:\\\/\\\/strangercam.com\\\/allotalk\\\/\",\"url\":\"https:\\\/\\\/strangercam.com\\\/allotalk\\\/\",\"name\":\"Allotalk - Most Popular Video Chats - Cam on StrangerCam.com\",\"isPartOf\":{\"@id\":\"https:\\\/\\\/strangercam.com\\\/#website\"},\"primaryImageOfPage\":{\"@id\":\"https:\\\/\\\/strangercam.com\\\/allotalk\\\/#primaryimage\"},\"image\":{\"@id\":\"https:\\\/\\\/strangercam.com\\\/allotalk\\\/#primaryimage\"},\"thumbnailUrl\":\"https:\\\/\\\/strangercam.com\\\/wp-content\\\/uploads\\\/2020\\\/11\\\/stranger-cam-1.png\",\"datePublished\":\"2021-05-09T19:43:36+00:00\",\"dateModified\":\"2023-08-21T09:40:07+00:00\",\"description\":\"Like Allotalk? Come chat with more than 5.000.000 strangers on Stranger Cam for Free! Turn on your cam and find new friends & maby a match!\",\"breadcrumb\":{\"@id\":\"https:\\\/\\\/strangercam.com\\\/allotalk\\\/#breadcrumb\"},\"inLanguage\":\"tr\",\"potentialAction\":[{\"@type\":\"ReadAction\",\"target\":[\"https:\\\/\\\/strangercam.com\\\/allotalk\\\/\"]}]},{\"@type\":\"ImageObject\",\"inLanguage\":\"tr\",\"@id\":\"https:\\\/\\\/strangercam.com\\\/allotalk\\\/#primaryimage\",\"url\":\"https:\\\/\\\/strangercam.com\\\/wp-content\\\/uploads\\\/2020\\\/11\\\/stranger-cam-1.png\",\"contentUrl\":\"https:\\\/\\\/strangercam.com\\\/wp-content\\\/uploads\\\/2020\\\/11\\\/stranger-cam-1.png\",\"width\":800,\"height\":800,\"caption\":\"stranger cam random video chat\"},{\"@type\":\"BreadcrumbList\",\"@id\":\"https:\\\/\\\/strangercam.com\\\/allotalk\\\/#breadcrumb\",\"itemListElement\":[{\"@type\":\"ListItem\",\"position\":1,\"name\":\"Home\",\"item\":\"https:\\\/\\\/strangercam.com\\\/\"},{\"@type\":\"ListItem\",\"position\":2,\"name\":\"Allotalk\"}]},{\"@type\":\"WebSite\",\"@id\":\"https:\\\/\\\/strangercam.com\\\/#website\",\"url\":\"https:\\\/\\\/strangercam.com\\\/\",\"name\":\"Strangercam\",\"description\":\"Random Video Chat with Strangers\",\"publisher\":{\"@id\":\"https:\\\/\\\/strangercam.com\\\/#organization\"},\"alternateName\":\"Strangercam.com\",\"potentialAction\":[{\"@type\":\"SearchAction\",\"target\":{\"@type\":\"EntryPoint\",\"urlTemplate\":\"https:\\\/\\\/strangercam.com\\\/?s={search_term_string}\"},\"query-input\":{\"@type\":\"PropertyValueSpecification\",\"valueRequired\":true,\"valueName\":\"search_term_string\"}}],\"inLanguage\":\"tr\"},{\"@type\":\"Organization\",\"@id\":\"https:\\\/\\\/strangercam.com\\\/#organization\",\"name\":\"Strangercam\",\"alternateName\":\"Strangercam.com\",\"url\":\"https:\\\/\\\/strangercam.com\\\/\",\"logo\":{\"@type\":\"ImageObject\",\"inLanguage\":\"tr\",\"@id\":\"https:\\\/\\\/strangercam.com\\\/#\\\/schema\\\/logo\\\/image\\\/\",\"url\":\"https:\\\/\\\/strangercam.com\\\/wp-content\\\/uploads\\\/2020\\\/11\\\/cropped-new-favicon-black.png\",\"contentUrl\":\"https:\\\/\\\/strangercam.com\\\/wp-content\\\/uploads\\\/2020\\\/11\\\/cropped-new-favicon-black.png\",\"width\":512,\"height\":512,\"caption\":\"Strangercam\"},\"image\":{\"@id\":\"https:\\\/\\\/strangercam.com\\\/#\\\/schema\\\/logo\\\/image\\\/\"},\"sameAs\":[\"https:\\\/\\\/www.facebook.com\\\/strangercam\",\"https:\\\/\\\/x.com\\\/strangercamapp\"]}]}<\/script>\n<!-- \/ Yoast SEO plugin. -->","yoast_head_json":{"title":"Allotalk - En Pop\u00fcler G\u00f6r\u00fcnt\u00fcl\u00fc Sohbetler - StrangerCam.com'da Kamera","description":"Allotalk'yi be\u011fendiniz mi? Gelin Stranger Cam'de 5.000.000'dan fazla yabanc\u0131yla \u00dccretsiz sohbet edin! Kameran\u0131z\u0131 a\u00e7\u0131n ve yeni arkada\u015flar ve belki bir e\u015fle\u015fme bulun!","robots":{"index":"index","follow":"follow","max-snippet":"max-snippet:-1","max-image-preview":"max-image-preview:large","max-video-preview":"max-video-preview:-1"},"canonical":"https:\/\/strangercam.com\/tr\/allotalk\/","og_locale":"tr_TR","og_type":"article","og_title":"Allotalk - Most Popular Video Chats - Cam on StrangerCam.com","og_description":"Like Allotalk? Come chat with more than 5.000.000 strangers on Stranger Cam for Free! Turn on your cam and find new friends & maby a match!","og_url":"https:\/\/strangercam.com\/tr\/allotalk\/","og_site_name":"Strangercam","article_publisher":"https:\/\/www.facebook.com\/strangercam","article_modified_time":"2023-08-21T09:40:07+00:00","og_image":[{"width":800,"height":800,"url":"https:\/\/strangercam.com\/wp-content\/uploads\/2020\/11\/stranger-cam-1.png","type":"image\/png"}],"twitter_card":"summary_large_image","twitter_site":"@strangercamapp","twitter_misc":{"Tahmini okuma s\u00fcresi":"2 dakika"},"schema":{"@context":"https:\/\/schema.org","@graph":[{"@type":"WebPage","@id":"https:\/\/strangercam.com\/allotalk\/","url":"https:\/\/strangercam.com\/allotalk\/","name":"Allotalk - En Pop\u00fcler G\u00f6r\u00fcnt\u00fcl\u00fc Sohbetler - StrangerCam.com'da Kamera","isPartOf":{"@id":"https:\/\/strangercam.com\/#website"},"primaryImageOfPage":{"@id":"https:\/\/strangercam.com\/allotalk\/#primaryimage"},"image":{"@id":"https:\/\/strangercam.com\/allotalk\/#primaryimage"},"thumbnailUrl":"https:\/\/strangercam.com\/wp-content\/uploads\/2020\/11\/stranger-cam-1.png","datePublished":"2021-05-09T19:43:36+00:00","dateModified":"2023-08-21T09:40:07+00:00","description":"Allotalk'yi be\u011fendiniz mi? Gelin Stranger Cam'de 5.000.000'dan fazla yabanc\u0131yla \u00dccretsiz sohbet edin! Kameran\u0131z\u0131 a\u00e7\u0131n ve yeni arkada\u015flar ve belki bir e\u015fle\u015fme bulun!","breadcrumb":{"@id":"https:\/\/strangercam.com\/allotalk\/#breadcrumb"},"inLanguage":"tr","potentialAction":[{"@type":"ReadAction","target":["https:\/\/strangercam.com\/allotalk\/"]}]},{"@type":"ImageObject","inLanguage":"tr","@id":"https:\/\/strangercam.com\/allotalk\/#primaryimage","url":"https:\/\/strangercam.com\/wp-content\/uploads\/2020\/11\/stranger-cam-1.png","contentUrl":"https:\/\/strangercam.com\/wp-content\/uploads\/2020\/11\/stranger-cam-1.png","width":800,"height":800,"caption":"stranger cam random video chat"},{"@type":"BreadcrumbList","@id":"https:\/\/strangercam.com\/allotalk\/#breadcrumb","itemListElement":[{"@type":"ListItem","position":1,"name":"Home","item":"https:\/\/strangercam.com\/"},{"@type":"ListItem","position":2,"name":"Allotalk"}]},{"@type":"WebSite","@id":"https:\/\/strangercam.com\/#website","url":"https:\/\/strangercam.com\/","name":"Strangercam","description":"Yabanc\u0131larla Rastgele G\u00f6r\u00fcnt\u00fcl\u00fc Sohbet","publisher":{"@id":"https:\/\/strangercam.com\/#organization"},"alternateName":"Strangercam.com","potentialAction":[{"@type":"SearchAction","target":{"@type":"EntryPoint","urlTemplate":"https:\/\/strangercam.com\/?s={search_term_string}"},"query-input":{"@type":"PropertyValueSpecification","valueRequired":true,"valueName":"search_term_string"}}],"inLanguage":"tr"},{"@type":"Organization","@id":"https:\/\/strangercam.com\/#organization","name":"Strangercam","alternateName":"Strangercam.com","url":"https:\/\/strangercam.com\/","logo":{"@type":"ImageObject","inLanguage":"tr","@id":"https:\/\/strangercam.com\/#\/schema\/logo\/image\/","url":"https:\/\/strangercam.com\/wp-content\/uploads\/2020\/11\/cropped-new-favicon-black.png","contentUrl":"https:\/\/strangercam.com\/wp-content\/uploads\/2020\/11\/cropped-new-favicon-black.png","width":512,"height":512,"caption":"Strangercam"},"image":{"@id":"https:\/\/strangercam.com\/#\/schema\/logo\/image\/"},"sameAs":["https:\/\/www.facebook.com\/strangercam","https:\/\/x.com\/strangercamapp"]}]}},"_links":{"self":[{"href":"https:\/\/strangercam.com\/tr\/wp-json\/wp\/v2\/pages\/3283","targetHints":{"allow":["GET"]}}],"collection":[{"href":"https:\/\/strangercam.com\/tr\/wp-json\/wp\/v2\/pages"}],"about":[{"href":"https:\/\/strangercam.com\/tr\/wp-json\/wp\/v2\/types\/page"}],"author":[{"embeddable":true,"href":"https:\/\/strangercam.com\/tr\/wp-json\/wp\/v2\/users\/6"}],"replies":[{"embeddable":true,"href":"https:\/\/strangercam.com\/tr\/wp-json\/wp\/v2\/comments?post=3283"}],"version-history":[{"count":0,"href":"https:\/\/strangercam.com\/tr\/wp-json\/wp\/v2\/pages\/3283\/revisions"}],"wp:featuredmedia":[{"embeddable":true,"href":"https:\/\/strangercam.com\/tr\/wp-json\/wp\/v2\/media\/559"}],"wp:attachment":[{"href":"https:\/\/strangercam.com\/tr\/wp-json\/wp\/v2\/media?parent=3283"}],"curies":[{"name":"wp","href":"https:\/\/api.w.org\/{rel}","templated":true}]}}