{"id":3232,"date":"2021-05-09T21:30:30","date_gmt":"2021-05-09T19:30:30","guid":{"rendered":"https:\/\/strangercam.com\/?page_id=3232"},"modified":"2023-08-21T12:24:41","modified_gmt":"2023-08-21T10:24:41","slug":"faceflow","status":"publish","type":"page","link":"https:\/\/strangercam.com\/tr\/faceflow\/","title":{"rendered":"FaceFlow"},"content":{"rendered":"<p>Bir arkada\u015fl\u0131k sitesi se\u00e7mek kolay bir i\u015f de\u011fildir \u00e7\u00fcnk\u00fc <a href=\"https:\/\/strangercam.com\/tr\/coomeet\/\">tan\u0131\u015fmak<\/a> kullan\u0131c\u0131lar\u0131n beklentilerini do\u011fru bir \u015fekilde kar\u015f\u0131lar. FaceFlow web sitesi, ortak ilgi alanlar\u0131n\u0131 payla\u015fan yeni arkada\u015flar ve ruh e\u015fleri ke\u015ffetmek i\u00e7in y\u00f6ntemler sunar. Kullan\u0131c\u0131lar\u0131n yapmas\u0131na izin verir <a href=\"https:\/\/strangercam.com\/tr\/chat4free\/\">\u00fccretsiz<\/a> <a href=\"https:\/\/strangercam.com\/tr\/rabbit-video-chat\/\">Video<\/a> konferans g\u00f6r\u00fc\u015fmeleri, b\u00f6ylece h\u0131zl\u0131 bir geri d\u00f6n\u00fc\u015f s\u00fcresinde ba\u015fkalar\u0131yla ba\u011flant\u0131 kurman\u0131n yollar\u0131n\u0131 g\u00f6sterir. Kay\u0131t i\u015flemi \u00e7ok kolayd\u0131r ve yeni kullan\u0131c\u0131lar\u0131n yaln\u0131zca baz\u0131 \u00f6nemli ayr\u0131nt\u0131lar\u0131 sa\u011flamalar\u0131 gerekir. Bunun yan\u0131 s\u0131ra, web platformu, \u00fcyelerin se\u00e7imlerine g\u00f6re konu\u015fmalar yapmalar\u0131n\u0131 sa\u011flayan geni\u015f bir kullan\u0131c\u0131 veritaban\u0131na sahiptir.<\/p>\n<h2>FaceFlow nas\u0131l \u00e7al\u0131\u015f\u0131r?<\/h2>\n<p>FaceFlow arkada\u015fl\u0131k sitesi bir\u00e7ok sohbet odas\u0131n\u0131 kapsar ve kullan\u0131c\u0131lar bir hesap olu\u015fturduktan sonra bunlara girebilir. Kolayl\u0131kla rastgele bir e\u015fle\u015fme bulmalar\u0131n\u0131 sa\u011flayacak \"rastgele ortak bul\" d\u00fc\u011fmesini t\u0131klayabilirler. Sohbet odalar\u0131, kullan\u0131c\u0131lar\u0131n uygun e\u015fle\u015fmeleri bulmak i\u00e7in ayn\u0131 anda birka\u00e7 ki\u015fiyle ileti\u015fim kurmas\u0131n\u0131 sa\u011flar. \u00d6te yandan, kullan\u0131c\u0131lar\u0131n yaln\u0131zca mahalleden insanlar\u0131 se\u00e7melerine izin verecekler. Rastgele bir <a href=\"https:\/\/strangercam.com\/tr\/chatroulette\/\">sohbet<\/a> se\u00e7ene\u011fi, yabanc\u0131larla m\u00fcmk\u00fcn olan en k\u0131sa s\u00fcrede ba\u011flant\u0131 kurmak isteyenler i\u00e7in mevcuttur. Arama se\u00e7enekleri ve filtreler, web sitesi taraf\u0131ndan sunulan ve kullan\u0131c\u0131lar\u0131n ge\u00e7mi\u015flerine ba\u011fl\u0131 olarak insanlarla tan\u0131\u015fmalar\u0131na olanak tan\u0131yan di\u011fer baz\u0131 \u00f6zelliklerdir.<\/p>\n<h3>FaceFlow'nin \u00f6zellikleri nelerdir?<\/h3>\n<p>FaceFlow arkada\u015fl\u0131k sitesi, kullan\u0131c\u0131lara daha iyi bir deneyim sa\u011flamalar\u0131n\u0131 sa\u011flayan benzersiz \u00f6zellikler sunar. Bunlardan baz\u0131lar\u0131 zengin metin sohbeti, sesli mesajlar, kullan\u0131c\u0131 profilleri, genel sohbet odalar\u0131, dosya payla\u015f\u0131m\u0131, grup video g\u00f6r\u00fc\u015fmeleri, 1'e 1 video g\u00f6r\u00fc\u015fmeleri vb. Ba\u015fkalar\u0131yla m\u00fcmk\u00fcn olan en k\u0131sa s\u00fcrede ba\u011flant\u0131 kurmak i\u00e7in cep telefonlar\u0131 dahil t\u00fcm cihazlarda \u00e7al\u0131\u015f\u0131r. Web sitesi, kullan\u0131c\u0131lar\u0131n temel ihtiya\u00e7lar\u0131n\u0131 kar\u015f\u0131layarak anla\u015f\u0131lmas\u0131 ve gezinmesi kolayd\u0131r. \u00dcyeler, ba\u015fkalar\u0131 \u00fczerinde b\u00fcy\u00fck \u00f6l\u00e7\u00fcde etki yaratmak i\u00e7in foto\u011fraflar\u0131n\u0131 ve di\u011fer ayr\u0131nt\u0131lar\u0131n\u0131 web sitesine y\u00fckleyebilir.<\/p>\n<h3>FaceFlow web sitesini se\u00e7mek i\u00e7in nedenler<\/h3>\n<p>Arkada\u015fl\u0131k web sitesinin kullan\u0131m\u0131 \u00fccretsizdir ve \u00fcyelerin y\u00fcksek kaliteli video g\u00f6r\u00fc\u015fmeleri yapmas\u0131na olanak tan\u0131r. Bunun d\u0131\u015f\u0131nda, kitleyi co\u011frafya, cinsiyet, ilgi alanlar\u0131 ve di\u011fer fakt\u00f6rlere g\u00f6re de\u011ferlendirmenin yollar\u0131n\u0131 sunar. Kullan\u0131c\u0131lar i\u00e7in \u00f6zel bir mobil s\u00fcr\u00fcm mevcut de\u011fildir ve fl\u00f6rt s\u00f6z konusu oldu\u011funda yaln\u0131zca masa\u00fcstlerini se\u00e7meleri gerekir. <a href=\"https:\/\/strangercam.com\/tr\/1v1-chat\/\">Bir<\/a> ayr\u0131nt\u0131lar hakk\u0131nda daha fazla bilgi edinmek i\u00e7in e-posta yoluyla m\u00fc\u015fteri deste\u011fiyle ileti\u015fime ge\u00e7ebilir. Web sitesi, kullan\u0131c\u0131lar\u0131n ba\u015fkalar\u0131yla etkili ileti\u015fim kurmalar\u0131 i\u00e7in farkl\u0131 ileti\u015fim teknikleri sunar. Web sitesini kullan\u0131rken hi\u00e7bir \u015fey indirmenize gerek yoktur ve \u00fcyeler uzun mesafeli ili\u015fkiler kurmak istediklerinde potansiyel e\u015fle\u015fmeleri bulabilirler.<\/p>","protected":false},"excerpt":{"rendered":"<p>Choosing a dating website is not an easy-going job because it should meet the expectations of users properly. FaceFlow website provides methods to discover new friends and soulmates who share common interests. It allows users to make free video conference calls thereby showing ways to connect with others in a quick turnaround time. The registration [&hellip;]<\/p>\n","protected":false},"author":6,"featured_media":559,"parent":0,"menu_order":0,"comment_status":"closed","ping_status":"closed","template":"","meta":{"footnotes":""},"class_list":["post-3232","page","type-page","status-publish","has-post-thumbnail","hentry"],"yoast_head":"<!-- This site is optimized with the Yoast SEO plugin v27.4 - https:\/\/yoast.com\/product\/yoast-seo-wordpress\/ -->\n<title>FaceFlow - Most Popular Video Chats - Cam on StrangerCam.com<\/title>\n<meta name=\"description\" content=\"Like FaceFlow? Come chat with more than 5.000.000 strangers on Stranger Cam for Free! Turn on your cam and find new friends &amp; maby a match!\" \/>\n<meta name=\"robots\" content=\"index, follow, max-snippet:-1, max-image-preview:large, max-video-preview:-1\" \/>\n<link rel=\"canonical\" href=\"https:\/\/strangercam.com\/tr\/faceflow\/\" \/>\n<meta property=\"og:locale\" content=\"tr_TR\" \/>\n<meta property=\"og:type\" content=\"article\" \/>\n<meta property=\"og:title\" content=\"FaceFlow - Most Popular Video Chats - Cam on StrangerCam.com\" \/>\n<meta property=\"og:description\" content=\"Like FaceFlow? Come chat with more than 5.000.000 strangers on Stranger Cam for Free! Turn on your cam and find new friends &amp; maby a match!\" \/>\n<meta property=\"og:url\" content=\"https:\/\/strangercam.com\/tr\/faceflow\/\" \/>\n<meta property=\"og:site_name\" content=\"Strangercam\" \/>\n<meta property=\"article:publisher\" content=\"https:\/\/www.facebook.com\/strangercam\" \/>\n<meta property=\"article:modified_time\" content=\"2023-08-21T10:24:41+00:00\" \/>\n<meta property=\"og:image\" content=\"https:\/\/strangercam.com\/wp-content\/uploads\/2020\/11\/stranger-cam-1.png\" \/>\n\t<meta property=\"og:image:width\" content=\"800\" \/>\n\t<meta property=\"og:image:height\" content=\"800\" \/>\n\t<meta property=\"og:image:type\" content=\"image\/png\" \/>\n<meta name=\"twitter:card\" content=\"summary_large_image\" \/>\n<meta name=\"twitter:site\" content=\"@strangercamapp\" \/>\n<meta name=\"twitter:label1\" content=\"Tahmini okuma s\u00fcresi\" \/>\n\t<meta name=\"twitter:data1\" content=\"2 dakika\" \/>\n<script type=\"application\/ld+json\" class=\"yoast-schema-graph\">{\"@context\":\"https:\\\/\\\/schema.org\",\"@graph\":[{\"@type\":\"WebPage\",\"@id\":\"https:\\\/\\\/strangercam.com\\\/faceflow\\\/\",\"url\":\"https:\\\/\\\/strangercam.com\\\/faceflow\\\/\",\"name\":\"FaceFlow - Most Popular Video Chats - Cam on StrangerCam.com\",\"isPartOf\":{\"@id\":\"https:\\\/\\\/strangercam.com\\\/#website\"},\"primaryImageOfPage\":{\"@id\":\"https:\\\/\\\/strangercam.com\\\/faceflow\\\/#primaryimage\"},\"image\":{\"@id\":\"https:\\\/\\\/strangercam.com\\\/faceflow\\\/#primaryimage\"},\"thumbnailUrl\":\"https:\\\/\\\/strangercam.com\\\/wp-content\\\/uploads\\\/2020\\\/11\\\/stranger-cam-1.png\",\"datePublished\":\"2021-05-09T19:30:30+00:00\",\"dateModified\":\"2023-08-21T10:24:41+00:00\",\"description\":\"Like FaceFlow? Come chat with more than 5.000.000 strangers on Stranger Cam for Free! Turn on your cam and find new friends & maby a match!\",\"breadcrumb\":{\"@id\":\"https:\\\/\\\/strangercam.com\\\/faceflow\\\/#breadcrumb\"},\"inLanguage\":\"tr\",\"potentialAction\":[{\"@type\":\"ReadAction\",\"target\":[\"https:\\\/\\\/strangercam.com\\\/faceflow\\\/\"]}]},{\"@type\":\"ImageObject\",\"inLanguage\":\"tr\",\"@id\":\"https:\\\/\\\/strangercam.com\\\/faceflow\\\/#primaryimage\",\"url\":\"https:\\\/\\\/strangercam.com\\\/wp-content\\\/uploads\\\/2020\\\/11\\\/stranger-cam-1.png\",\"contentUrl\":\"https:\\\/\\\/strangercam.com\\\/wp-content\\\/uploads\\\/2020\\\/11\\\/stranger-cam-1.png\",\"width\":800,\"height\":800,\"caption\":\"stranger cam random video chat\"},{\"@type\":\"BreadcrumbList\",\"@id\":\"https:\\\/\\\/strangercam.com\\\/faceflow\\\/#breadcrumb\",\"itemListElement\":[{\"@type\":\"ListItem\",\"position\":1,\"name\":\"Home\",\"item\":\"https:\\\/\\\/strangercam.com\\\/\"},{\"@type\":\"ListItem\",\"position\":2,\"name\":\"FaceFlow\"}]},{\"@type\":\"WebSite\",\"@id\":\"https:\\\/\\\/strangercam.com\\\/#website\",\"url\":\"https:\\\/\\\/strangercam.com\\\/\",\"name\":\"Strangercam\",\"description\":\"Random Video Chat with Strangers\",\"publisher\":{\"@id\":\"https:\\\/\\\/strangercam.com\\\/#organization\"},\"alternateName\":\"Strangercam.com\",\"potentialAction\":[{\"@type\":\"SearchAction\",\"target\":{\"@type\":\"EntryPoint\",\"urlTemplate\":\"https:\\\/\\\/strangercam.com\\\/?s={search_term_string}\"},\"query-input\":{\"@type\":\"PropertyValueSpecification\",\"valueRequired\":true,\"valueName\":\"search_term_string\"}}],\"inLanguage\":\"tr\"},{\"@type\":\"Organization\",\"@id\":\"https:\\\/\\\/strangercam.com\\\/#organization\",\"name\":\"Strangercam\",\"alternateName\":\"Strangercam.com\",\"url\":\"https:\\\/\\\/strangercam.com\\\/\",\"logo\":{\"@type\":\"ImageObject\",\"inLanguage\":\"tr\",\"@id\":\"https:\\\/\\\/strangercam.com\\\/#\\\/schema\\\/logo\\\/image\\\/\",\"url\":\"https:\\\/\\\/strangercam.com\\\/wp-content\\\/uploads\\\/2020\\\/11\\\/cropped-new-favicon-black.png\",\"contentUrl\":\"https:\\\/\\\/strangercam.com\\\/wp-content\\\/uploads\\\/2020\\\/11\\\/cropped-new-favicon-black.png\",\"width\":512,\"height\":512,\"caption\":\"Strangercam\"},\"image\":{\"@id\":\"https:\\\/\\\/strangercam.com\\\/#\\\/schema\\\/logo\\\/image\\\/\"},\"sameAs\":[\"https:\\\/\\\/www.facebook.com\\\/strangercam\",\"https:\\\/\\\/x.com\\\/strangercamapp\"]}]}<\/script>\n<!-- \/ Yoast SEO plugin. -->","yoast_head_json":{"title":"FaceFlow - En Pop\u00fcler G\u00f6r\u00fcnt\u00fcl\u00fc Sohbetler - StrangerCam.com'da Kamera","description":"FaceFlow'yi be\u011fendiniz mi? Gelin Stranger Cam'de 5.000.000'dan fazla yabanc\u0131yla \u00dccretsiz sohbet edin! Kameran\u0131z\u0131 a\u00e7\u0131n ve yeni arkada\u015flar ve belki bir e\u015fle\u015fme bulun!","robots":{"index":"index","follow":"follow","max-snippet":"max-snippet:-1","max-image-preview":"max-image-preview:large","max-video-preview":"max-video-preview:-1"},"canonical":"https:\/\/strangercam.com\/tr\/faceflow\/","og_locale":"tr_TR","og_type":"article","og_title":"FaceFlow - Most Popular Video Chats - Cam on StrangerCam.com","og_description":"Like FaceFlow? Come chat with more than 5.000.000 strangers on Stranger Cam for Free! Turn on your cam and find new friends & maby a match!","og_url":"https:\/\/strangercam.com\/tr\/faceflow\/","og_site_name":"Strangercam","article_publisher":"https:\/\/www.facebook.com\/strangercam","article_modified_time":"2023-08-21T10:24:41+00:00","og_image":[{"width":800,"height":800,"url":"https:\/\/strangercam.com\/wp-content\/uploads\/2020\/11\/stranger-cam-1.png","type":"image\/png"}],"twitter_card":"summary_large_image","twitter_site":"@strangercamapp","twitter_misc":{"Tahmini okuma s\u00fcresi":"2 dakika"},"schema":{"@context":"https:\/\/schema.org","@graph":[{"@type":"WebPage","@id":"https:\/\/strangercam.com\/faceflow\/","url":"https:\/\/strangercam.com\/faceflow\/","name":"FaceFlow - En Pop\u00fcler G\u00f6r\u00fcnt\u00fcl\u00fc Sohbetler - StrangerCam.com'da Kamera","isPartOf":{"@id":"https:\/\/strangercam.com\/#website"},"primaryImageOfPage":{"@id":"https:\/\/strangercam.com\/faceflow\/#primaryimage"},"image":{"@id":"https:\/\/strangercam.com\/faceflow\/#primaryimage"},"thumbnailUrl":"https:\/\/strangercam.com\/wp-content\/uploads\/2020\/11\/stranger-cam-1.png","datePublished":"2021-05-09T19:30:30+00:00","dateModified":"2023-08-21T10:24:41+00:00","description":"FaceFlow'yi be\u011fendiniz mi? Gelin Stranger Cam'de 5.000.000'dan fazla yabanc\u0131yla \u00dccretsiz sohbet edin! Kameran\u0131z\u0131 a\u00e7\u0131n ve yeni arkada\u015flar ve belki bir e\u015fle\u015fme bulun!","breadcrumb":{"@id":"https:\/\/strangercam.com\/faceflow\/#breadcrumb"},"inLanguage":"tr","potentialAction":[{"@type":"ReadAction","target":["https:\/\/strangercam.com\/faceflow\/"]}]},{"@type":"ImageObject","inLanguage":"tr","@id":"https:\/\/strangercam.com\/faceflow\/#primaryimage","url":"https:\/\/strangercam.com\/wp-content\/uploads\/2020\/11\/stranger-cam-1.png","contentUrl":"https:\/\/strangercam.com\/wp-content\/uploads\/2020\/11\/stranger-cam-1.png","width":800,"height":800,"caption":"stranger cam random video chat"},{"@type":"BreadcrumbList","@id":"https:\/\/strangercam.com\/faceflow\/#breadcrumb","itemListElement":[{"@type":"ListItem","position":1,"name":"Home","item":"https:\/\/strangercam.com\/"},{"@type":"ListItem","position":2,"name":"FaceFlow"}]},{"@type":"WebSite","@id":"https:\/\/strangercam.com\/#website","url":"https:\/\/strangercam.com\/","name":"Strangercam","description":"Yabanc\u0131larla Rastgele G\u00f6r\u00fcnt\u00fcl\u00fc Sohbet","publisher":{"@id":"https:\/\/strangercam.com\/#organization"},"alternateName":"Strangercam.com","potentialAction":[{"@type":"SearchAction","target":{"@type":"EntryPoint","urlTemplate":"https:\/\/strangercam.com\/?s={search_term_string}"},"query-input":{"@type":"PropertyValueSpecification","valueRequired":true,"valueName":"search_term_string"}}],"inLanguage":"tr"},{"@type":"Organization","@id":"https:\/\/strangercam.com\/#organization","name":"Strangercam","alternateName":"Strangercam.com","url":"https:\/\/strangercam.com\/","logo":{"@type":"ImageObject","inLanguage":"tr","@id":"https:\/\/strangercam.com\/#\/schema\/logo\/image\/","url":"https:\/\/strangercam.com\/wp-content\/uploads\/2020\/11\/cropped-new-favicon-black.png","contentUrl":"https:\/\/strangercam.com\/wp-content\/uploads\/2020\/11\/cropped-new-favicon-black.png","width":512,"height":512,"caption":"Strangercam"},"image":{"@id":"https:\/\/strangercam.com\/#\/schema\/logo\/image\/"},"sameAs":["https:\/\/www.facebook.com\/strangercam","https:\/\/x.com\/strangercamapp"]}]}},"_links":{"self":[{"href":"https:\/\/strangercam.com\/tr\/wp-json\/wp\/v2\/pages\/3232","targetHints":{"allow":["GET"]}}],"collection":[{"href":"https:\/\/strangercam.com\/tr\/wp-json\/wp\/v2\/pages"}],"about":[{"href":"https:\/\/strangercam.com\/tr\/wp-json\/wp\/v2\/types\/page"}],"author":[{"embeddable":true,"href":"https:\/\/strangercam.com\/tr\/wp-json\/wp\/v2\/users\/6"}],"replies":[{"embeddable":true,"href":"https:\/\/strangercam.com\/tr\/wp-json\/wp\/v2\/comments?post=3232"}],"version-history":[{"count":0,"href":"https:\/\/strangercam.com\/tr\/wp-json\/wp\/v2\/pages\/3232\/revisions"}],"wp:featuredmedia":[{"embeddable":true,"href":"https:\/\/strangercam.com\/tr\/wp-json\/wp\/v2\/media\/559"}],"wp:attachment":[{"href":"https:\/\/strangercam.com\/tr\/wp-json\/wp\/v2\/media?parent=3232"}],"curies":[{"name":"wp","href":"https:\/\/api.w.org\/{rel}","templated":true}]}}