{"id":3215,"date":"2021-05-09T21:26:42","date_gmt":"2021-05-09T19:26:42","guid":{"rendered":"https:\/\/strangercam.com\/?page_id=3215"},"modified":"2023-08-21T12:24:41","modified_gmt":"2023-08-21T10:24:41","slug":"chatville","status":"publish","type":"page","link":"https:\/\/strangercam.com\/tr\/chatville\/","title":{"rendered":"Chatville"},"content":{"rendered":"<p>Bir tan\u0131\u015fma sitesi, kullan\u0131c\u0131lar\u0131n yaln\u0131zca arkada\u015f bulmas\u0131na de\u011fil, ayn\u0131 zamanda ba\u015fkalar\u0131yla uzun mesafeli ili\u015fkiler kurmas\u0131na da yard\u0131mc\u0131 olur. Chatville, a\u015fa\u011f\u0131dakileri yapmak isteyenler i\u00e7in tasarlanm\u0131\u015f bir web kameras\u0131 uygulamas\u0131d\u0131r <a href=\"https:\/\/strangercam.com\/tr\/coomeet\/\">tan\u0131\u015fmak<\/a> d\u00fcnyan\u0131n farkl\u0131 yerlerinde ilgin\u00e7 ki\u015filer kolayl\u0131kla. Web sitesi, en son \u00f6zelliklerle hayat\u0131n farkl\u0131 kesimlerinden yeni arkada\u015flar edinmenin yollar\u0131n\u0131 sunar. Ayr\u0131ca insanlar\u0131n se\u00e7imlerine g\u00f6re en iyi hayat arkada\u015flar\u0131n\u0131 veya ortaklar\u0131n\u0131 bulmalar\u0131n\u0131 sa\u011flar. Ba\u015fkalar\u0131yla h\u0131zl\u0131 bir \u015fekilde ba\u011flant\u0131 kurmak isteyenler, a\u015fk, romantizm ve arkada\u015fl\u0131k kurmaya yard\u0131mc\u0131 olacak web sitesini se\u00e7ebilirler.<\/p>\n<h2>Chatville nas\u0131l kullan\u0131l\u0131r?<\/h2>\n<p>Chatville'yi kullanmak isteyen yeni \u00fcyeler, m\u00fcmk\u00fcn olan en k\u0131sa s\u00fcrede bir hesap olu\u015fturmak i\u00e7in web sitesini ziyaret etmelidir. Hatta profillerini \u00f6zelle\u015ftirebilir ve ba\u015fkalar\u0131 \u00fczerinde etki yaratmak i\u00e7in kendileri hakk\u0131nda ayr\u0131nt\u0131lar ekleyebilirler. Web platformu, kullan\u0131c\u0131lar\u0131n benzer d\u00fc\u015f\u00fcnen ki\u015fileri kolayl\u0131kla bulmalar\u0131na yard\u0131mc\u0131 olan ki\u015fi listelerinden veya sosyal medyadan arkada\u015flar\u0131n\u0131 davet etmelerine olanak tan\u0131r. Kullan\u0131c\u0131lar bir giri\u015f yapt\u0131ktan sonra ba\u015fkalar\u0131yla sohbet ba\u015flatabilir. <a href=\"https:\/\/strangercam.com\/tr\/chatroulette\/\">sohbet<\/a> oda. Dahas\u0131, kullanabilirler <a href=\"https:\/\/strangercam.com\/tr\/rabbit-video-chat\/\">Video<\/a> fikirlerini ve di\u011fer \u015feyleri buna g\u00f6re payla\u015fmak i\u00e7in ba\u015fkalar\u0131yla g\u00f6r\u00fc\u015f\u00fcr. Web sitesiyle ilgili bir ba\u015fka \u015fey de, arkada\u015flar\u0131n\u0131z\u0131 belirledikten sonra bir yerde kolayca bulu\u015fman\u0131n yollar\u0131n\u0131 sunmas\u0131d\u0131r.<\/p>\n<h3>Chatville'nin \u00f6zellikleri nelerdir?<\/h3>\n<p>Arkada\u015fl\u0131k sitesi, kullan\u0131c\u0131lara sohbet konusunda daha iyi bir deneyim elde etmelerini sa\u011flayan benzersiz \u00f6zellikler sunar. Bunlardan baz\u0131lar\u0131 d\u00fcnya \u00e7ap\u0131nda eri\u015fimi i\u00e7erir, <a href=\"https:\/\/strangercam.com\/tr\/chat4free\/\">\u00fccretsiz<\/a> kay\u0131t, g\u00fcvenlik, gizlilik, emojiler, metin mesajlar\u0131 vb. \u00c7ok say\u0131da ate\u015fli erkekle sohbet edebilece\u011finiz \u00e7e\u015fitli sohbet odalar\u0131 vard\u0131r ve <a href=\"https:\/\/strangercam.com\/tr\/video-chat-with-girls\/\">K\u0131zlar<\/a>. Ayr\u0131ca, kullan\u0131c\u0131lar \u00fcye olmak i\u00e7in web sitesinin kendisinden jeton sat\u0131n alabilirler. VIP \u00fcye olmak isteyen herkes en az 270 jeton sat\u0131n almal\u0131d\u0131r. Yeni kullan\u0131c\u0131lar herhangi bir odaya \u00f6zg\u00fcrce girebilir, ancak bir \u00fcye sohbet odas\u0131n\u0131 ziyaret etmeden \u00f6nce k\u0131s\u0131tlamalar\u0131 bilmelidirler.<\/p>\n<h3>Chatville g\u00fcvenli mi?<\/h3>\n<p>G\u00fcvenlik, bir tan\u0131\u015fma sitesi se\u00e7erken g\u00f6z \u00f6n\u00fcnde bulundurulmas\u0131 gereken en \u00f6nemli \u00f6zelliktir. Chatville, ba\u015fkalar\u0131yla sohbet etmek istediklerinde kullan\u0131c\u0131lar i\u00e7in y\u00fcksek koruma sunar. Bunun d\u0131\u015f\u0131nda, birisi kaba davrand\u0131\u011f\u0131nda m\u00fc\u015fteri destek ekibine rapor verebilirler. Web sitesi, en iyi sonu\u00e7lar\u0131 elde etmenin yollar\u0131n\u0131 veren insanlar\u0131 \u00f6nemli \u00f6l\u00e7\u00fcde kontrol alt\u0131nda tutmaya yard\u0131mc\u0131 olur. Birden fazla hesab\u0131 olan ki\u015fileri yasaklar ve b\u00f6ylece daha fazla g\u00fcvenlik sa\u011flamaya yard\u0131mc\u0131 olur. Kullan\u0131c\u0131lar, e-posta g\u00f6ndererek ba\u015fkalar\u0131n\u0131 odalar\u0131na kat\u0131lmaya davet edebilir. Web sitesinde bulunan filtre se\u00e7ene\u011fi, kullan\u0131c\u0131lar\u0131n se\u00e7imlerine g\u00f6re cinsiyet veya ya\u015f grubunu se\u00e7melerine olanak tan\u0131r.<\/p>","protected":false},"excerpt":{"rendered":"<p>A dating website allows users not only to find friends but also helps to build long-distance relationships with others. Chatville is a webcam application meant for those who want to meet interesting persons in different parts of the world with ease. The website gives ways to make new friends from different walks of life with [&hellip;]<\/p>\n","protected":false},"author":6,"featured_media":559,"parent":0,"menu_order":0,"comment_status":"closed","ping_status":"closed","template":"","meta":{"footnotes":""},"class_list":["post-3215","page","type-page","status-publish","has-post-thumbnail","hentry"],"yoast_head":"<!-- This site is optimized with the Yoast SEO plugin v27.4 - https:\/\/yoast.com\/product\/yoast-seo-wordpress\/ -->\n<title>Chatville - Most Popular Video Chats - Cam on StrangerCam.com<\/title>\n<meta name=\"description\" content=\"Like Chatville? Come chat with more than 5.000.000 strangers on Stranger Cam for Free! Turn on your cam and find new friends &amp; maby a match!\" \/>\n<meta name=\"robots\" content=\"index, follow, max-snippet:-1, max-image-preview:large, max-video-preview:-1\" \/>\n<link rel=\"canonical\" href=\"https:\/\/strangercam.com\/tr\/chatville\/\" \/>\n<meta property=\"og:locale\" content=\"tr_TR\" \/>\n<meta property=\"og:type\" content=\"article\" \/>\n<meta property=\"og:title\" content=\"Chatville - Most Popular Video Chats - Cam on StrangerCam.com\" \/>\n<meta property=\"og:description\" content=\"Like Chatville? Come chat with more than 5.000.000 strangers on Stranger Cam for Free! Turn on your cam and find new friends &amp; maby a match!\" \/>\n<meta property=\"og:url\" content=\"https:\/\/strangercam.com\/tr\/chatville\/\" \/>\n<meta property=\"og:site_name\" content=\"Strangercam\" \/>\n<meta property=\"article:publisher\" content=\"https:\/\/www.facebook.com\/strangercam\" \/>\n<meta property=\"article:modified_time\" content=\"2023-08-21T10:24:41+00:00\" \/>\n<meta property=\"og:image\" content=\"https:\/\/strangercam.com\/wp-content\/uploads\/2020\/11\/stranger-cam-1.png\" \/>\n\t<meta property=\"og:image:width\" content=\"800\" \/>\n\t<meta property=\"og:image:height\" content=\"800\" \/>\n\t<meta property=\"og:image:type\" content=\"image\/png\" \/>\n<meta name=\"twitter:card\" content=\"summary_large_image\" \/>\n<meta name=\"twitter:site\" content=\"@strangercamapp\" \/>\n<meta name=\"twitter:label1\" content=\"Tahmini okuma s\u00fcresi\" \/>\n\t<meta name=\"twitter:data1\" content=\"2 dakika\" \/>\n<script type=\"application\/ld+json\" class=\"yoast-schema-graph\">{\"@context\":\"https:\\\/\\\/schema.org\",\"@graph\":[{\"@type\":\"WebPage\",\"@id\":\"https:\\\/\\\/strangercam.com\\\/chatville\\\/\",\"url\":\"https:\\\/\\\/strangercam.com\\\/chatville\\\/\",\"name\":\"Chatville - Most Popular Video Chats - Cam on StrangerCam.com\",\"isPartOf\":{\"@id\":\"https:\\\/\\\/strangercam.com\\\/#website\"},\"primaryImageOfPage\":{\"@id\":\"https:\\\/\\\/strangercam.com\\\/chatville\\\/#primaryimage\"},\"image\":{\"@id\":\"https:\\\/\\\/strangercam.com\\\/chatville\\\/#primaryimage\"},\"thumbnailUrl\":\"https:\\\/\\\/strangercam.com\\\/wp-content\\\/uploads\\\/2020\\\/11\\\/stranger-cam-1.png\",\"datePublished\":\"2021-05-09T19:26:42+00:00\",\"dateModified\":\"2023-08-21T10:24:41+00:00\",\"description\":\"Like Chatville? Come chat with more than 5.000.000 strangers on Stranger Cam for Free! Turn on your cam and find new friends & maby a match!\",\"breadcrumb\":{\"@id\":\"https:\\\/\\\/strangercam.com\\\/chatville\\\/#breadcrumb\"},\"inLanguage\":\"tr\",\"potentialAction\":[{\"@type\":\"ReadAction\",\"target\":[\"https:\\\/\\\/strangercam.com\\\/chatville\\\/\"]}]},{\"@type\":\"ImageObject\",\"inLanguage\":\"tr\",\"@id\":\"https:\\\/\\\/strangercam.com\\\/chatville\\\/#primaryimage\",\"url\":\"https:\\\/\\\/strangercam.com\\\/wp-content\\\/uploads\\\/2020\\\/11\\\/stranger-cam-1.png\",\"contentUrl\":\"https:\\\/\\\/strangercam.com\\\/wp-content\\\/uploads\\\/2020\\\/11\\\/stranger-cam-1.png\",\"width\":800,\"height\":800,\"caption\":\"stranger cam random video chat\"},{\"@type\":\"BreadcrumbList\",\"@id\":\"https:\\\/\\\/strangercam.com\\\/chatville\\\/#breadcrumb\",\"itemListElement\":[{\"@type\":\"ListItem\",\"position\":1,\"name\":\"Home\",\"item\":\"https:\\\/\\\/strangercam.com\\\/\"},{\"@type\":\"ListItem\",\"position\":2,\"name\":\"Chatville\"}]},{\"@type\":\"WebSite\",\"@id\":\"https:\\\/\\\/strangercam.com\\\/#website\",\"url\":\"https:\\\/\\\/strangercam.com\\\/\",\"name\":\"Strangercam\",\"description\":\"Random Video Chat with Strangers\",\"publisher\":{\"@id\":\"https:\\\/\\\/strangercam.com\\\/#organization\"},\"alternateName\":\"Strangercam.com\",\"potentialAction\":[{\"@type\":\"SearchAction\",\"target\":{\"@type\":\"EntryPoint\",\"urlTemplate\":\"https:\\\/\\\/strangercam.com\\\/?s={search_term_string}\"},\"query-input\":{\"@type\":\"PropertyValueSpecification\",\"valueRequired\":true,\"valueName\":\"search_term_string\"}}],\"inLanguage\":\"tr\"},{\"@type\":\"Organization\",\"@id\":\"https:\\\/\\\/strangercam.com\\\/#organization\",\"name\":\"Strangercam\",\"alternateName\":\"Strangercam.com\",\"url\":\"https:\\\/\\\/strangercam.com\\\/\",\"logo\":{\"@type\":\"ImageObject\",\"inLanguage\":\"tr\",\"@id\":\"https:\\\/\\\/strangercam.com\\\/#\\\/schema\\\/logo\\\/image\\\/\",\"url\":\"https:\\\/\\\/strangercam.com\\\/wp-content\\\/uploads\\\/2020\\\/11\\\/cropped-new-favicon-black.png\",\"contentUrl\":\"https:\\\/\\\/strangercam.com\\\/wp-content\\\/uploads\\\/2020\\\/11\\\/cropped-new-favicon-black.png\",\"width\":512,\"height\":512,\"caption\":\"Strangercam\"},\"image\":{\"@id\":\"https:\\\/\\\/strangercam.com\\\/#\\\/schema\\\/logo\\\/image\\\/\"},\"sameAs\":[\"https:\\\/\\\/www.facebook.com\\\/strangercam\",\"https:\\\/\\\/x.com\\\/strangercamapp\"]}]}<\/script>\n<!-- \/ Yoast SEO plugin. -->","yoast_head_json":{"title":"Chatville - En Pop\u00fcler G\u00f6r\u00fcnt\u00fcl\u00fc Sohbetler - StrangerCam.com'da Kamera","description":"Chatville'yi be\u011fendiniz mi? Gelin Stranger Cam'de 5.000.000'dan fazla yabanc\u0131yla \u00dccretsiz sohbet edin! Kameran\u0131z\u0131 a\u00e7\u0131n ve yeni arkada\u015flar ve belki bir e\u015fle\u015fme bulun!","robots":{"index":"index","follow":"follow","max-snippet":"max-snippet:-1","max-image-preview":"max-image-preview:large","max-video-preview":"max-video-preview:-1"},"canonical":"https:\/\/strangercam.com\/tr\/chatville\/","og_locale":"tr_TR","og_type":"article","og_title":"Chatville - Most Popular Video Chats - Cam on StrangerCam.com","og_description":"Like Chatville? Come chat with more than 5.000.000 strangers on Stranger Cam for Free! Turn on your cam and find new friends & maby a match!","og_url":"https:\/\/strangercam.com\/tr\/chatville\/","og_site_name":"Strangercam","article_publisher":"https:\/\/www.facebook.com\/strangercam","article_modified_time":"2023-08-21T10:24:41+00:00","og_image":[{"width":800,"height":800,"url":"https:\/\/strangercam.com\/wp-content\/uploads\/2020\/11\/stranger-cam-1.png","type":"image\/png"}],"twitter_card":"summary_large_image","twitter_site":"@strangercamapp","twitter_misc":{"Tahmini okuma s\u00fcresi":"2 dakika"},"schema":{"@context":"https:\/\/schema.org","@graph":[{"@type":"WebPage","@id":"https:\/\/strangercam.com\/chatville\/","url":"https:\/\/strangercam.com\/chatville\/","name":"Chatville - En Pop\u00fcler G\u00f6r\u00fcnt\u00fcl\u00fc Sohbetler - StrangerCam.com'da Kamera","isPartOf":{"@id":"https:\/\/strangercam.com\/#website"},"primaryImageOfPage":{"@id":"https:\/\/strangercam.com\/chatville\/#primaryimage"},"image":{"@id":"https:\/\/strangercam.com\/chatville\/#primaryimage"},"thumbnailUrl":"https:\/\/strangercam.com\/wp-content\/uploads\/2020\/11\/stranger-cam-1.png","datePublished":"2021-05-09T19:26:42+00:00","dateModified":"2023-08-21T10:24:41+00:00","description":"Chatville'yi be\u011fendiniz mi? Gelin Stranger Cam'de 5.000.000'dan fazla yabanc\u0131yla \u00dccretsiz sohbet edin! Kameran\u0131z\u0131 a\u00e7\u0131n ve yeni arkada\u015flar ve belki bir e\u015fle\u015fme bulun!","breadcrumb":{"@id":"https:\/\/strangercam.com\/chatville\/#breadcrumb"},"inLanguage":"tr","potentialAction":[{"@type":"ReadAction","target":["https:\/\/strangercam.com\/chatville\/"]}]},{"@type":"ImageObject","inLanguage":"tr","@id":"https:\/\/strangercam.com\/chatville\/#primaryimage","url":"https:\/\/strangercam.com\/wp-content\/uploads\/2020\/11\/stranger-cam-1.png","contentUrl":"https:\/\/strangercam.com\/wp-content\/uploads\/2020\/11\/stranger-cam-1.png","width":800,"height":800,"caption":"stranger cam random video chat"},{"@type":"BreadcrumbList","@id":"https:\/\/strangercam.com\/chatville\/#breadcrumb","itemListElement":[{"@type":"ListItem","position":1,"name":"Home","item":"https:\/\/strangercam.com\/"},{"@type":"ListItem","position":2,"name":"Chatville"}]},{"@type":"WebSite","@id":"https:\/\/strangercam.com\/#website","url":"https:\/\/strangercam.com\/","name":"Strangercam","description":"Yabanc\u0131larla Rastgele G\u00f6r\u00fcnt\u00fcl\u00fc Sohbet","publisher":{"@id":"https:\/\/strangercam.com\/#organization"},"alternateName":"Strangercam.com","potentialAction":[{"@type":"SearchAction","target":{"@type":"EntryPoint","urlTemplate":"https:\/\/strangercam.com\/?s={search_term_string}"},"query-input":{"@type":"PropertyValueSpecification","valueRequired":true,"valueName":"search_term_string"}}],"inLanguage":"tr"},{"@type":"Organization","@id":"https:\/\/strangercam.com\/#organization","name":"Strangercam","alternateName":"Strangercam.com","url":"https:\/\/strangercam.com\/","logo":{"@type":"ImageObject","inLanguage":"tr","@id":"https:\/\/strangercam.com\/#\/schema\/logo\/image\/","url":"https:\/\/strangercam.com\/wp-content\/uploads\/2020\/11\/cropped-new-favicon-black.png","contentUrl":"https:\/\/strangercam.com\/wp-content\/uploads\/2020\/11\/cropped-new-favicon-black.png","width":512,"height":512,"caption":"Strangercam"},"image":{"@id":"https:\/\/strangercam.com\/#\/schema\/logo\/image\/"},"sameAs":["https:\/\/www.facebook.com\/strangercam","https:\/\/x.com\/strangercamapp"]}]}},"_links":{"self":[{"href":"https:\/\/strangercam.com\/tr\/wp-json\/wp\/v2\/pages\/3215","targetHints":{"allow":["GET"]}}],"collection":[{"href":"https:\/\/strangercam.com\/tr\/wp-json\/wp\/v2\/pages"}],"about":[{"href":"https:\/\/strangercam.com\/tr\/wp-json\/wp\/v2\/types\/page"}],"author":[{"embeddable":true,"href":"https:\/\/strangercam.com\/tr\/wp-json\/wp\/v2\/users\/6"}],"replies":[{"embeddable":true,"href":"https:\/\/strangercam.com\/tr\/wp-json\/wp\/v2\/comments?post=3215"}],"version-history":[{"count":0,"href":"https:\/\/strangercam.com\/tr\/wp-json\/wp\/v2\/pages\/3215\/revisions"}],"wp:featuredmedia":[{"embeddable":true,"href":"https:\/\/strangercam.com\/tr\/wp-json\/wp\/v2\/media\/559"}],"wp:attachment":[{"href":"https:\/\/strangercam.com\/tr\/wp-json\/wp\/v2\/media?parent=3215"}],"curies":[{"name":"wp","href":"https:\/\/api.w.org\/{rel}","templated":true}]}}