{"id":3197,"date":"2021-05-09T21:20:36","date_gmt":"2021-05-09T19:20:36","guid":{"rendered":"https:\/\/strangercam.com\/?page_id=3197"},"modified":"2023-08-21T12:24:41","modified_gmt":"2023-08-21T10:24:41","slug":"chatous","status":"publish","type":"page","link":"https:\/\/strangercam.com\/tr\/chatous\/","title":{"rendered":"Chatous"},"content":{"rendered":"<p>Bir tan\u0131\u015fma sitesi, a\u015fa\u011f\u0131dakileri yapmak isteyenler i\u00e7in uygun bir yerdir <a href=\"https:\/\/strangercam.com\/tr\/coomeet\/\">tan\u0131\u015fmak<\/a> uzun mesafeli ili\u015fkiler s\u00f6z konusu oldu\u011funda hayal ettikleri ki\u015filer. Ayn\u0131 zamanda, t\u00fcm tan\u0131\u015fma siteleri ayn\u0131 de\u011fildir ve daha fazla dikkat gerektirir. Do\u011fru arkada\u015fl\u0131k sitesini se\u00e7mek, kullan\u0131c\u0131lar\u0131n \u00e7e\u015fitli ya\u015fam ak\u0131\u015flar\u0131ndan yeni arkada\u015flar ve yolda\u015flar edinmelerine olanak tan\u0131r.<\/p>\n<p>\u0130nsan do\u011fas\u0131nda yabanc\u0131larla konu\u015fmak ve birbirleriyle deneyimlerini payla\u015fmak i\u00e7in do\u011fal bir d\u00fcrt\u00fc vard\u0131r. \u0130nsan bunu daha uzun s\u00fcre saklayamaz. Eninde sonunda bu y\u00f6ne gitmek zorundas\u0131n\u0131z. Dijitalle\u015fen bu d\u00fcnyada, bu her zamankinden daha eri\u015filebilir. Chatous, yabanc\u0131larla konu\u015fma hayallerinizi ger\u00e7ekle\u015ftirmenize yard\u0131mc\u0131 olmak i\u00e7in yapay zeka ile birle\u015ftirilmi\u015f g\u00fc\u00e7l\u00fc bir sistem getirdi.<\/p>\n<p>Chatous arkada\u015fl\u0131k sitesi erkekler i\u00e7in m\u00fckemmel \u00f6zellikler sunar,\u00a0<a href=\"https:\/\/strangercam.com\/tr\/kizlarla-goruntulu-sohbet\/\">K\u0131zlar<\/a>Arkada\u015fl\u0131k, e\u011flence veya a\u015fk arayan insanlar\u0131 h\u0131zl\u0131 bir \u015fekilde tan\u0131mlamak i\u00e7in erkekler ve kad\u0131nlar. Web sitesi, ilgi alanlar\u0131n\u0131 ve di\u011fer ayr\u0131nt\u0131lar\u0131 bilmek i\u00e7in ba\u015fkalar\u0131yla etkile\u015fim kurman\u0131n yollar\u0131n\u0131 sunar.<\/p>\n<h2>Gizlilik ve kontrol<\/h2>\n<p>\u00c7evrimi\u00e7i sohbet i\u00e7in \u00e7evrimi\u00e7i sohbet platformunu kullanmak isteyen kullan\u0131c\u0131lar\u0131n temel endi\u015fesi gizlilik ve g\u00fcvenliktir. \u0130f\u015fa olma konusunda endi\u015feleniyorlar. Kimse burada g\u00fcvende oldu\u011funu bilmeden hi\u00e7bir \u015feye atlamak istemez.<\/p>\n<p>Chatous tan\u0131\u015fma siteleri, kullan\u0131c\u0131lar\u0131n bu endi\u015fesine kal\u0131c\u0131 \u00e7\u00f6z\u00fcmler \u00f6nermektedir. G\u00fc\u00e7l\u00fc gizlilik ve kontrol sistemlerine sahiptirler. Kiminle konu\u015fmak istedi\u011finizi ve kimi g\u00f6rmezden gelmek istedi\u011finizi se\u00e7ebilirsiniz. Bir ki\u015fi cinsel olarak a\u00e7\u0131ksa ve hareketlerini be\u011fenmiyorsan\u0131z, bu ki\u015fiyi do\u011frudan yetkililere bildirebilirsiniz. Daha sonra ki\u015fiye kar\u015f\u0131 gerekli \u00f6nlemleri alacaklard\u0131r.<\/p>\n<p>Chatous, ziyaret\u00e7ilerin bilgilerini toplama konusunda \u00e7ok kat\u0131 de\u011fildir. Gizlilik politikalar\u0131nda a\u00e7\u0131k\u00e7a \"Chatous'yi kullanarak, bu Gizlilik Politikas\u0131nda a\u00e7\u0131klanan bilgi i\u015fleme uygulamalar\u0131n\u0131 a\u00e7\u0131k\u00e7a kabul etmi\u015f olursunuz\" denilmektedir. Chatous'nin gizlilik ve veri payla\u015f\u0131m politikas\u0131nda baz\u0131 bo\u015fluklar vard\u0131r. Web sitesinde \"Bununla birlikte, Verilerinizi size daha fazla bildirimde bulunmaks\u0131z\u0131n belirli \u00fc\u00e7\u00fcnc\u00fc taraflarla payla\u015fabilece\u011fimiz belirli durumlar vard\u0131r.\"<\/p>\n<h2>Giri\u015f ve kullan\u0131m<\/h2>\n<p>Chatous basit bir giri\u015f i\u015flemi sunar. \u00d6nce bir hesap olu\u015fturmal\u0131s\u0131n\u0131z. Sohbete ba\u015flamak i\u00e7in hesab\u0131n\u0131za giri\u015f yapman\u0131z gerekir. Hesab\u0131n\u0131z\u0131n g\u00fcvenli\u011fini sa\u011flamak i\u00e7in bir kullan\u0131c\u0131 ad\u0131 ve ard\u0131ndan bir \u015fifre se\u00e7meniz gerekir.<\/p>\n<p>Giri\u015f yapt\u0131ktan sonra \u00f6zellikleri do\u011frudan kullanabilirsiniz. Web sitesi size aralar\u0131ndan se\u00e7im yapabilece\u011finiz cinsiyet se\u00e7enekleri sunacakt\u0131r. Zevkinize g\u00f6re erkek veya kad\u0131n cinsiyetini se\u00e7ebilirsiniz. Ya\u015f\u0131n\u0131z\u0131 belirtmeniz gerekiyor. Ya\u015f sorulur, b\u00f6ylece di\u011fer u\u00e7ta oturan kullan\u0131c\u0131 ya\u015f\u0131n\u0131z\u0131 g\u00f6rebilir ve buna g\u00f6re karar verebilir.<\/p>\n<h2>Yeni arkada\u015flar edinin<\/h2>\n<p>Yeni arkada\u015flar edinmek her zaman e\u011flencelidir. D\u00fcnyan\u0131n her yerinden web sitesini kullanarak yabanc\u0131larla konu\u015fabilirsiniz. Di\u011fer \u00fclkelerde neler oldu\u011funu ve di\u011fer insanlar\u0131n hangi k\u00fclt\u00fcrleri sevdi\u011fini ve zevk ald\u0131\u011f\u0131n\u0131 bilmekle ilgileniyorsan\u0131z, insanlarla konu\u015fmak i\u00e7in web sitesini kullanmal\u0131s\u0131n\u0131z.<\/p>\n<p>Web sitesi, verilen bilgileri kullanarak sizi en uygun ki\u015fiye y\u00f6nlendirecektir. Daha sonra onlarla konu\u015fabilir veya ilkini be\u011fenmezseniz bir sonrakine ge\u00e7ebilirsiniz.<\/p>\n<h2>Grup veya rastgele<\/h2>\n<p>Ayr\u0131ca \u015funlar\u0131 da se\u00e7ebilirsiniz <a href=\"https:\/\/strangercam.com\/tr\/chatroulette\/\">sohbet<\/a> veya web sitesinin yapay zeka sisteminin sizin i\u00e7in rastgele bir ki\u015fi se\u00e7mesine izin verin. Her ikisi de e\u011flenceli \u00f6zelliklerdir ve potansiyel e\u015fle\u015fme \u015fans\u0131n\u0131 art\u0131r\u0131r.<\/p>\n<p>D\u0131\u015fa d\u00f6n\u00fck biriyseniz ve insanlar\u0131n etraf\u0131nda olmay\u0131 seviyorsan\u0131z, grup sohbeti tam size g\u00f6re. Rastgele se\u00e7im daha \u00e7ok e\u011flence ve s\u00fcrprizle ilgilidir.<br \/>\nChatous arkada\u015fl\u0131k sitesinin \u00f6zellikleri nelerdir?<\/p>\n<p>Arkada\u015fl\u0131k sitesi, kullan\u0131c\u0131lar i\u00e7in benzersiz \u00f6zellikleri kapsar, b\u00f6ylece g\u00fcnl\u00fck \u015feyleri payla\u015fan benzer d\u00fc\u015f\u00fcnen ki\u015fileri tan\u0131mlaman\u0131n yollar\u0131n\u0131 g\u00f6sterir. Bir \u00e7\u00f6p\u00e7atanl\u0131k sistemi, rastgele insanlarla veya yeni tan\u0131d\u0131klarla sohbet etme y\u00f6ntemleri sa\u011flar. Ayr\u0131ca web sitesi, \u00fcyelerin bir web kameras\u0131 kullanarak bir sohbet arkada\u015f\u0131na y\u00fcksek kaliteli resimler g\u00f6ndermesine olanak tan\u0131r. Siteyle ilgili bir ba\u015fka \u015fey de, profilleri konumlar\u0131na, ya\u015flar\u0131na, cinsiyetlerine ve di\u011fer \u015feylere g\u00f6re \u00f6nemli \u00f6l\u00e7\u00fcde filtrelemenin yollar\u0131n\u0131 a\u00e7mas\u0131d\u0131r. Kullan\u0131c\u0131lar, ili\u015fkilerin b\u00fcy\u00fcmesine yard\u0131mc\u0131 olacak bir konuyu ba\u015fkalar\u0131yla tart\u0131\u015fmak i\u00e7in bir hashtag bile se\u00e7ebilirler.<\/p>\n<h2>Chatous bulu\u015fma web sitesinde bulunan ek olanaklar<\/h2>\n<p>Yeni \u00fcyeler bir\u00a0<a href=\"https:\/\/strangercam.com\/tr\/chathub\/\">rastgele g\u00f6r\u00fcnt\u00fcl\u00fc sohbet<\/a> mikrofon ve kamera \u00f6zelli\u011fine sahiptir. Web sitesi ayr\u0131ca kullan\u0131c\u0131lar\u0131n uygun \u015fekilde k\u0131sa listeye ald\u0131ktan sonra ba\u015fkalar\u0131na metin mesajlar\u0131 g\u00f6ndermelerini sa\u011flar. Metin sohbeti \u00f6zelli\u011fi, ba\u015fkalar\u0131na k\u0131sa videolar, resimler ve sesli mesajlar g\u00f6ndermek i\u00e7in uygun y\u00f6ntemler sunar. Kullan\u0131c\u0131lar\u0131n masa\u00fcst\u00fc bilgisayarlarda ve di\u011fer cihazlarda kolayl\u0131kla gezinmesine olanak tan\u0131yan yenilik\u00e7i, kullan\u0131c\u0131 dostu bir aray\u00fczle birlikte gelir. Ayr\u0131ca, \u00fcyeler basit ad\u0131mlarla bir hesap olu\u015fturduktan sonra ger\u00e7ek zamanl\u0131 bildirimler alacaklar. Web sitesi, istenmeyen sorunlar\u0131 en aza indirmek i\u00e7in kullan\u0131c\u0131lara korumal\u0131 bir kimlik ve anonimlik sunar.<\/p>\n<h2>Chatous arkada\u015fl\u0131k sitesinin eksileri nelerdir?<\/h2>\n<p>Chatous tan\u0131\u015fma siteleri kullan\u0131c\u0131lara \u00e7e\u015fitli avantajlar sunsa da, eksilerini de ayr\u0131nt\u0131l\u0131 olarak bilmeleri gerekir. Uygulamada kullan\u0131c\u0131lar\u0131 baz\u0131lar\u0131na g\u00f6t\u00fcrecek birka\u00e7 kad\u0131n botu var <a href=\"https:\/\/strangercam.com\/tr\/rabbit-video-chat\/\">g\u00f6r\u00fcnt\u00fcl\u00fc sohbet<\/a> platformlar veya web siteleri. Bunun yan\u0131 s\u0131ra, kullan\u0131c\u0131lar web sitesini masa\u00fcst\u00fc ve mobil cihazlarda kullan\u0131rken g\u00fcvenli\u011fe daha fazla \u00f6nem vermelidir. Yeni \u00fcyeler bir hesap olu\u015fturmadan \u00f6nce yorumlar\u0131 okumal\u0131d\u0131r. Hashtag \u00f6zelli\u011finin birka\u00e7 eksikli\u011fi vard\u0131r ve kullan\u0131c\u0131lar ba\u015fkalar\u0131yla sohbet etmek istediklerinde bunlar\u0131n fark\u0131nda olmal\u0131d\u0131r. Ba\u011flar ve ili\u015fkiler kuracak uyumlu insanlarla daha fazla konuyu tart\u0131\u015fmak i\u00e7in web sitesi se\u00e7ilebilir.<\/p>","protected":false},"excerpt":{"rendered":"<p>A dating website is a suitable place for those who want to meet their dream persons when it comes to long-distance relationships. At the same time, not all dating websites are the same that require more attention. Choosing the right dating website allows users to make new friends and companions from several streams of life. [&hellip;]<\/p>\n","protected":false},"author":6,"featured_media":559,"parent":0,"menu_order":0,"comment_status":"closed","ping_status":"closed","template":"","meta":{"footnotes":""},"class_list":["post-3197","page","type-page","status-publish","has-post-thumbnail","hentry"],"yoast_head":"<!-- This site is optimized with the Yoast SEO plugin v26.9 - https:\/\/yoast.com\/product\/yoast-seo-wordpress\/ -->\n<title>Chatous - Most Popular Video Chats - Cam on StrangerCam.com<\/title>\n<meta name=\"description\" content=\"Like Chatous? Come chat with more than 5.000.000 strangers on Stranger Cam for Free! Turn on your cam and find new friends &amp; maby a match!\" \/>\n<meta name=\"robots\" content=\"index, follow, max-snippet:-1, max-image-preview:large, max-video-preview:-1\" \/>\n<link rel=\"canonical\" href=\"https:\/\/strangercam.com\/tr\/chatous\/\" \/>\n<meta property=\"og:locale\" content=\"tr_TR\" \/>\n<meta property=\"og:type\" content=\"article\" \/>\n<meta property=\"og:title\" content=\"Chatous - Most Popular Video Chats - Cam on StrangerCam.com\" \/>\n<meta property=\"og:description\" content=\"Like Chatous? Come chat with more than 5.000.000 strangers on Stranger Cam for Free! Turn on your cam and find new friends &amp; maby a match!\" \/>\n<meta property=\"og:url\" content=\"https:\/\/strangercam.com\/tr\/chatous\/\" \/>\n<meta property=\"og:site_name\" content=\"Strangercam\" \/>\n<meta property=\"article:publisher\" content=\"https:\/\/www.facebook.com\/strangercam\" \/>\n<meta property=\"article:modified_time\" content=\"2023-08-21T10:24:41+00:00\" \/>\n<meta property=\"og:image\" content=\"https:\/\/strangercam.com\/wp-content\/uploads\/2020\/11\/stranger-cam-1.png\" \/>\n\t<meta property=\"og:image:width\" content=\"800\" \/>\n\t<meta property=\"og:image:height\" content=\"800\" \/>\n\t<meta property=\"og:image:type\" content=\"image\/png\" \/>\n<meta name=\"twitter:card\" content=\"summary_large_image\" \/>\n<meta name=\"twitter:site\" content=\"@strangercamapp\" \/>\n<meta name=\"twitter:label1\" content=\"Tahmini okuma s\u00fcresi\" \/>\n\t<meta name=\"twitter:data1\" content=\"4 dakika\" \/>\n<script type=\"application\/ld+json\" class=\"yoast-schema-graph\">{\"@context\":\"https:\/\/schema.org\",\"@graph\":[{\"@type\":\"WebPage\",\"@id\":\"https:\/\/strangercam.com\/chatous\/\",\"url\":\"https:\/\/strangercam.com\/chatous\/\",\"name\":\"Chatous - Most Popular Video Chats - Cam on StrangerCam.com\",\"isPartOf\":{\"@id\":\"https:\/\/strangercam.com\/#website\"},\"primaryImageOfPage\":{\"@id\":\"https:\/\/strangercam.com\/chatous\/#primaryimage\"},\"image\":{\"@id\":\"https:\/\/strangercam.com\/chatous\/#primaryimage\"},\"thumbnailUrl\":\"https:\/\/strangercam.com\/wp-content\/uploads\/2020\/11\/stranger-cam-1.png\",\"datePublished\":\"2021-05-09T19:20:36+00:00\",\"dateModified\":\"2023-08-21T10:24:41+00:00\",\"description\":\"Like Chatous? Come chat with more than 5.000.000 strangers on Stranger Cam for Free! Turn on your cam and find new friends & maby a match!\",\"breadcrumb\":{\"@id\":\"https:\/\/strangercam.com\/chatous\/#breadcrumb\"},\"inLanguage\":\"tr\",\"potentialAction\":[{\"@type\":\"ReadAction\",\"target\":[\"https:\/\/strangercam.com\/chatous\/\"]}]},{\"@type\":\"ImageObject\",\"inLanguage\":\"tr\",\"@id\":\"https:\/\/strangercam.com\/chatous\/#primaryimage\",\"url\":\"https:\/\/strangercam.com\/wp-content\/uploads\/2020\/11\/stranger-cam-1.png\",\"contentUrl\":\"https:\/\/strangercam.com\/wp-content\/uploads\/2020\/11\/stranger-cam-1.png\",\"width\":800,\"height\":800,\"caption\":\"stranger cam random video chat\"},{\"@type\":\"BreadcrumbList\",\"@id\":\"https:\/\/strangercam.com\/chatous\/#breadcrumb\",\"itemListElement\":[{\"@type\":\"ListItem\",\"position\":1,\"name\":\"Home\",\"item\":\"https:\/\/strangercam.com\/\"},{\"@type\":\"ListItem\",\"position\":2,\"name\":\"Chatous\"}]},{\"@type\":\"WebSite\",\"@id\":\"https:\/\/strangercam.com\/#website\",\"url\":\"https:\/\/strangercam.com\/\",\"name\":\"Strangercam\",\"description\":\"Random Video Chat with Strangers\",\"publisher\":{\"@id\":\"https:\/\/strangercam.com\/#organization\"},\"alternateName\":\"Strangercam.com\",\"potentialAction\":[{\"@type\":\"SearchAction\",\"target\":{\"@type\":\"EntryPoint\",\"urlTemplate\":\"https:\/\/strangercam.com\/?s={search_term_string}\"},\"query-input\":{\"@type\":\"PropertyValueSpecification\",\"valueRequired\":true,\"valueName\":\"search_term_string\"}}],\"inLanguage\":\"tr\"},{\"@type\":\"Organization\",\"@id\":\"https:\/\/strangercam.com\/#organization\",\"name\":\"Strangercam\",\"alternateName\":\"Strangercam.com\",\"url\":\"https:\/\/strangercam.com\/\",\"logo\":{\"@type\":\"ImageObject\",\"inLanguage\":\"tr\",\"@id\":\"https:\/\/strangercam.com\/#\/schema\/logo\/image\/\",\"url\":\"https:\/\/strangercam.com\/wp-content\/uploads\/2020\/11\/cropped-new-favicon-black.png\",\"contentUrl\":\"https:\/\/strangercam.com\/wp-content\/uploads\/2020\/11\/cropped-new-favicon-black.png\",\"width\":512,\"height\":512,\"caption\":\"Strangercam\"},\"image\":{\"@id\":\"https:\/\/strangercam.com\/#\/schema\/logo\/image\/\"},\"sameAs\":[\"https:\/\/www.facebook.com\/strangercam\",\"https:\/\/x.com\/strangercamapp\"]}]}<\/script>\n<!-- \/ Yoast SEO plugin. -->","yoast_head_json":{"title":"Chatous - En Pop\u00fcler G\u00f6r\u00fcnt\u00fcl\u00fc Sohbetler - StrangerCam.com'da Kamera","description":"Chatous'yi be\u011fendiniz mi? Gelin Stranger Cam'de 5.000.000'dan fazla yabanc\u0131yla \u00dccretsiz sohbet edin! Kameran\u0131z\u0131 a\u00e7\u0131n ve yeni arkada\u015flar ve belki bir e\u015fle\u015fme bulun!","robots":{"index":"index","follow":"follow","max-snippet":"max-snippet:-1","max-image-preview":"max-image-preview:large","max-video-preview":"max-video-preview:-1"},"canonical":"https:\/\/strangercam.com\/tr\/chatous\/","og_locale":"tr_TR","og_type":"article","og_title":"Chatous - Most Popular Video Chats - Cam on StrangerCam.com","og_description":"Like Chatous? Come chat with more than 5.000.000 strangers on Stranger Cam for Free! Turn on your cam and find new friends & maby a match!","og_url":"https:\/\/strangercam.com\/tr\/chatous\/","og_site_name":"Strangercam","article_publisher":"https:\/\/www.facebook.com\/strangercam","article_modified_time":"2023-08-21T10:24:41+00:00","og_image":[{"width":800,"height":800,"url":"https:\/\/strangercam.com\/wp-content\/uploads\/2020\/11\/stranger-cam-1.png","type":"image\/png"}],"twitter_card":"summary_large_image","twitter_site":"@strangercamapp","twitter_misc":{"Tahmini okuma s\u00fcresi":"4 dakika"},"schema":{"@context":"https:\/\/schema.org","@graph":[{"@type":"WebPage","@id":"https:\/\/strangercam.com\/chatous\/","url":"https:\/\/strangercam.com\/chatous\/","name":"Chatous - En Pop\u00fcler G\u00f6r\u00fcnt\u00fcl\u00fc Sohbetler - StrangerCam.com'da Kamera","isPartOf":{"@id":"https:\/\/strangercam.com\/#website"},"primaryImageOfPage":{"@id":"https:\/\/strangercam.com\/chatous\/#primaryimage"},"image":{"@id":"https:\/\/strangercam.com\/chatous\/#primaryimage"},"thumbnailUrl":"https:\/\/strangercam.com\/wp-content\/uploads\/2020\/11\/stranger-cam-1.png","datePublished":"2021-05-09T19:20:36+00:00","dateModified":"2023-08-21T10:24:41+00:00","description":"Chatous'yi be\u011fendiniz mi? Gelin Stranger Cam'de 5.000.000'dan fazla yabanc\u0131yla \u00dccretsiz sohbet edin! Kameran\u0131z\u0131 a\u00e7\u0131n ve yeni arkada\u015flar ve belki bir e\u015fle\u015fme bulun!","breadcrumb":{"@id":"https:\/\/strangercam.com\/chatous\/#breadcrumb"},"inLanguage":"tr","potentialAction":[{"@type":"ReadAction","target":["https:\/\/strangercam.com\/chatous\/"]}]},{"@type":"ImageObject","inLanguage":"tr","@id":"https:\/\/strangercam.com\/chatous\/#primaryimage","url":"https:\/\/strangercam.com\/wp-content\/uploads\/2020\/11\/stranger-cam-1.png","contentUrl":"https:\/\/strangercam.com\/wp-content\/uploads\/2020\/11\/stranger-cam-1.png","width":800,"height":800,"caption":"stranger cam random video chat"},{"@type":"BreadcrumbList","@id":"https:\/\/strangercam.com\/chatous\/#breadcrumb","itemListElement":[{"@type":"ListItem","position":1,"name":"Home","item":"https:\/\/strangercam.com\/"},{"@type":"ListItem","position":2,"name":"Chatous"}]},{"@type":"WebSite","@id":"https:\/\/strangercam.com\/#website","url":"https:\/\/strangercam.com\/","name":"Strangercam","description":"Yabanc\u0131larla Rastgele G\u00f6r\u00fcnt\u00fcl\u00fc Sohbet","publisher":{"@id":"https:\/\/strangercam.com\/#organization"},"alternateName":"Strangercam.com","potentialAction":[{"@type":"SearchAction","target":{"@type":"EntryPoint","urlTemplate":"https:\/\/strangercam.com\/?s={search_term_string}"},"query-input":{"@type":"PropertyValueSpecification","valueRequired":true,"valueName":"search_term_string"}}],"inLanguage":"tr"},{"@type":"Organization","@id":"https:\/\/strangercam.com\/#organization","name":"Strangercam","alternateName":"Strangercam.com","url":"https:\/\/strangercam.com\/","logo":{"@type":"ImageObject","inLanguage":"tr","@id":"https:\/\/strangercam.com\/#\/schema\/logo\/image\/","url":"https:\/\/strangercam.com\/wp-content\/uploads\/2020\/11\/cropped-new-favicon-black.png","contentUrl":"https:\/\/strangercam.com\/wp-content\/uploads\/2020\/11\/cropped-new-favicon-black.png","width":512,"height":512,"caption":"Strangercam"},"image":{"@id":"https:\/\/strangercam.com\/#\/schema\/logo\/image\/"},"sameAs":["https:\/\/www.facebook.com\/strangercam","https:\/\/x.com\/strangercamapp"]}]}},"_links":{"self":[{"href":"https:\/\/strangercam.com\/tr\/wp-json\/wp\/v2\/pages\/3197","targetHints":{"allow":["GET"]}}],"collection":[{"href":"https:\/\/strangercam.com\/tr\/wp-json\/wp\/v2\/pages"}],"about":[{"href":"https:\/\/strangercam.com\/tr\/wp-json\/wp\/v2\/types\/page"}],"author":[{"embeddable":true,"href":"https:\/\/strangercam.com\/tr\/wp-json\/wp\/v2\/users\/6"}],"replies":[{"embeddable":true,"href":"https:\/\/strangercam.com\/tr\/wp-json\/wp\/v2\/comments?post=3197"}],"version-history":[{"count":0,"href":"https:\/\/strangercam.com\/tr\/wp-json\/wp\/v2\/pages\/3197\/revisions"}],"wp:featuredmedia":[{"embeddable":true,"href":"https:\/\/strangercam.com\/tr\/wp-json\/wp\/v2\/media\/559"}],"wp:attachment":[{"href":"https:\/\/strangercam.com\/tr\/wp-json\/wp\/v2\/media?parent=3197"}],"curies":[{"name":"wp","href":"https:\/\/api.w.org\/{rel}","templated":true}]}}