{"id":3171,"date":"2021-05-09T21:14:34","date_gmt":"2021-05-09T19:14:34","guid":{"rendered":"https:\/\/strangercam.com\/?page_id=3171"},"modified":"2023-08-21T11:40:39","modified_gmt":"2023-08-21T09:40:39","slug":"chatblink","status":"publish","type":"page","link":"https:\/\/strangercam.com\/tr\/chatblink\/","title":{"rendered":"Chatblink"},"content":{"rendered":"<p>Bug\u00fcnlerde \u00e7o\u011fu insan bir yerde kolayca yeni arkada\u015flar bulmay\u0131 seviyor. Sonu\u00e7 olarak, arkada\u015fl\u0131k siteleri d\u00fcnyan\u0131n farkl\u0131 yerlerinde pop\u00fclerlik kazan\u0131yor \u00e7\u00fcnk\u00fc ba\u015fkalar\u0131yla sevgi ve arkada\u015fl\u0131k kurma y\u00f6ntemleri sa\u011fl\u0131yorlar. Ancak, bunlar\u0131 do\u011fru olan\u0131 se\u00e7meye yard\u0131mc\u0131 olacak \u015fekilde ayr\u0131nt\u0131l\u0131 olarak de\u011ferlendirmek gerekir. Chatblink arkada\u015fl\u0131k sitesi, ba\u015fkalar\u0131yla \u015fu yollarla etkile\u015fim kurmak isteyenler i\u00e7in do\u011fru yerdir <a href=\"https:\/\/strangercam.com\/tr\/chatroulette\/\">sohbet<\/a> Odalar. Bu bir <a href=\"https:\/\/strangercam.com\/tr\/chat4free\/\">\u00fccretsiz<\/a> bulmalar\u0131n\u0131 sa\u011flayan arkada\u015fl\u0131k sitesi <a href=\"https:\/\/strangercam.com\/tr\/coomeet\/\">tan\u0131\u015fmak<\/a> kolayl\u0131kla yeni arkada\u015flar edinebilirsiniz.<\/p>\n<h2>Chatblink arkada\u015fl\u0131k sitesinin en \u00f6nemli \u00f6zellikleri nelerdir?<\/h2>\n<p>Bir kullan\u0131c\u0131, bir hesap olu\u015fturduktan sonra bu web sitesinde \u00e7ok \u00e7e\u015fitli sohbet odalar\u0131 bulabilir. En iyi yan\u0131, kullan\u0131c\u0131lar\u0131n ilgi alanlar\u0131na uygun bir odaya h\u0131zl\u0131 bir \u015fekilde kat\u0131lmalar\u0131na izin vermesidir. \u00dcyeler d\u00fcnyan\u0131n farkl\u0131 yerlerinden \u00e7ekici erkek ve kad\u0131nlarla tan\u0131\u015fabilir<a href=\"https:\/\/cashpotresulttoday.com\/\">.<\/a> Metin sohbeti, web sitesi taraf\u0131ndan sunulan ve rastgele kullan\u0131c\u0131larla \u00e7evrimi\u00e7i sohbet etmenin yollar\u0131n\u0131 sunan ba\u015fka bir \u00fcst d\u00fczeydir. Chatblink web sitesinin kullan\u0131c\u0131 aray\u00fcz\u00fc, kullan\u0131c\u0131lar\u0131n m\u00fcmk\u00fcn olan en k\u0131sa s\u00fcrede ba\u015flamas\u0131n\u0131 sa\u011flayan basittir. Bunun yan\u0131 s\u0131ra, istenmeyen sorunlar\u0131 en aza indirmek i\u00e7in m\u00fc\u015fterilerin ayr\u0131nt\u0131lar\u0131n\u0131 korumaya daha fazla katk\u0131da bulunur.<\/p>\n<h3>Web sitesinde nas\u0131l hesap olu\u015fturulur?<\/h3>\n<p>Yeni kullan\u0131c\u0131lar, \u015fifreleriyle birlikte e-postalar\u0131n\u0131 girerek web sitesinde bir hesap olu\u015fturabilirler. Cinsiyetlerini ve ya\u015flar\u0131n\u0131 belirttikten sonra bir kullan\u0131c\u0131 ad\u0131 se\u00e7melidirler. Facebook hesab\u0131 olan herkes bir kullan\u0131c\u0131 ad\u0131 girebilir. <a href=\"https:\/\/strangercam.com\/tr\/chatroom2000\/\">sohbet odas\u0131<\/a> m\u00fcmk\u00fcn olan en k\u0131sa s\u00fcrede do\u011frudan<a href=\"https:\/\/nlcbplaywheresults.com\/\">.<\/a> Ba\u015fkalar\u0131yla etkile\u015fime girdikten sonra dil becerilerini ve di\u011fer \u015feyleri \u00f6nemli \u00f6l\u00e7\u00fcde geli\u015ftirmenin uygun yollar\u0131n\u0131 yapar. \u00d6te yandan, bir hesap olu\u015fturmadan \u00f6nce talimatlar\u0131 ayr\u0131nt\u0131l\u0131 olarak takip etmek gerekir. Web sitesi, yaln\u0131zl\u0131ktan ve hayattaki di\u011fer sorunlardan ka\u00e7\u0131nmak isteyenler i\u00e7in do\u011fru se\u00e7enektir.<\/p>\n<h3>Chatblink kullan\u0131c\u0131lar i\u00e7in neden en iyi se\u00e7imdir?<\/h3>\n<p>Web sitesi, kullan\u0131c\u0131lar\u0131n d\u00fcnyan\u0131n farkl\u0131 yerlerinden yabanc\u0131larla sohbet etmek istediklerinde rastgele sohbetler se\u00e7melerine olanak tan\u0131r. Hayat\u0131n \u00e7e\u015fitli kesimlerinden ger\u00e7ek arkada\u015flar ve yolda\u015flar bulman\u0131n yollar\u0131n\u0131 kolayl\u0131kla sa\u011flar. Web sitesi ayr\u0131ca \u015funlar\u0131 sunar <a href=\"https:\/\/strangercam.com\/tr\/shagle\/\">yeti\u015fkin<\/a> duygular\u0131n\u0131 onlarla payla\u015fmak isteyen erkekler ve kad\u0131nlar i\u00e7in fl\u00f6rt hizmetleri. Kay\u0131t i\u015flemi \u00e7ok basit oldu\u011fu i\u00e7in kullan\u0131c\u0131lar daha fazla zaman kazanabilir. Ayr\u0131ca, kullan\u0131c\u0131lar\u0131n farkl\u0131 kategoriler alt\u0131nda yolda\u015flar bulmas\u0131na ve b\u00f6ylece ba\u011flar\u0131 b\u00fcy\u00fctmenin yollar\u0131n\u0131 g\u00f6stermesine olanak tan\u0131r. Yeni \u00fcyeler, web sitesinde bir sohbet odas\u0131na girmeden \u00f6nce h\u00fck\u00fcm ve ko\u015fullar\u0131 anlamal\u0131d\u0131r.<\/p>","protected":false},"excerpt":{"rendered":"<p>Most people these days like to find new friends in a location easily. As a result, dating websites are gaining popularity in different parts of the world because they provide methods to grow love and friendship with others. However, it is necessary to evaluate them in detail that will help select the right one accordingly. [&hellip;]<\/p>\n","protected":false},"author":6,"featured_media":559,"parent":0,"menu_order":0,"comment_status":"closed","ping_status":"closed","template":"","meta":{"footnotes":""},"class_list":["post-3171","page","type-page","status-publish","has-post-thumbnail","hentry"],"yoast_head":"<!-- This site is optimized with the Yoast SEO plugin v26.9 - https:\/\/yoast.com\/product\/yoast-seo-wordpress\/ -->\n<title>Chatblink - Most Popular Video Chats - Cam on StrangerCam.com<\/title>\n<meta name=\"description\" content=\"Like Chatblink? Come chat with more than 5.000.000 strangers on Stranger Cam for Free! Turn on your cam and find new friends &amp; maby a match!\" \/>\n<meta name=\"robots\" content=\"index, follow, max-snippet:-1, max-image-preview:large, max-video-preview:-1\" \/>\n<link rel=\"canonical\" href=\"https:\/\/strangercam.com\/tr\/chatblink\/\" \/>\n<meta property=\"og:locale\" content=\"tr_TR\" \/>\n<meta property=\"og:type\" content=\"article\" \/>\n<meta property=\"og:title\" content=\"Chatblink - Most Popular Video Chats - Cam on StrangerCam.com\" \/>\n<meta property=\"og:description\" content=\"Like Chatblink? Come chat with more than 5.000.000 strangers on Stranger Cam for Free! Turn on your cam and find new friends &amp; maby a match!\" \/>\n<meta property=\"og:url\" content=\"https:\/\/strangercam.com\/tr\/chatblink\/\" \/>\n<meta property=\"og:site_name\" content=\"Strangercam\" \/>\n<meta property=\"article:publisher\" content=\"https:\/\/www.facebook.com\/strangercam\" \/>\n<meta property=\"article:modified_time\" content=\"2023-08-21T09:40:39+00:00\" \/>\n<meta property=\"og:image\" content=\"https:\/\/strangercam.com\/wp-content\/uploads\/2020\/11\/stranger-cam-1.png\" \/>\n\t<meta property=\"og:image:width\" content=\"800\" \/>\n\t<meta property=\"og:image:height\" content=\"800\" \/>\n\t<meta property=\"og:image:type\" content=\"image\/png\" \/>\n<meta name=\"twitter:card\" content=\"summary_large_image\" \/>\n<meta name=\"twitter:site\" content=\"@strangercamapp\" \/>\n<meta name=\"twitter:label1\" content=\"Tahmini okuma s\u00fcresi\" \/>\n\t<meta name=\"twitter:data1\" content=\"2 dakika\" \/>\n<script type=\"application\/ld+json\" class=\"yoast-schema-graph\">{\"@context\":\"https:\/\/schema.org\",\"@graph\":[{\"@type\":\"WebPage\",\"@id\":\"https:\/\/strangercam.com\/chatblink\/\",\"url\":\"https:\/\/strangercam.com\/chatblink\/\",\"name\":\"Chatblink - Most Popular Video Chats - Cam on StrangerCam.com\",\"isPartOf\":{\"@id\":\"https:\/\/strangercam.com\/#website\"},\"primaryImageOfPage\":{\"@id\":\"https:\/\/strangercam.com\/chatblink\/#primaryimage\"},\"image\":{\"@id\":\"https:\/\/strangercam.com\/chatblink\/#primaryimage\"},\"thumbnailUrl\":\"https:\/\/strangercam.com\/wp-content\/uploads\/2020\/11\/stranger-cam-1.png\",\"datePublished\":\"2021-05-09T19:14:34+00:00\",\"dateModified\":\"2023-08-21T09:40:39+00:00\",\"description\":\"Like Chatblink? Come chat with more than 5.000.000 strangers on Stranger Cam for Free! Turn on your cam and find new friends & maby a match!\",\"breadcrumb\":{\"@id\":\"https:\/\/strangercam.com\/chatblink\/#breadcrumb\"},\"inLanguage\":\"tr\",\"potentialAction\":[{\"@type\":\"ReadAction\",\"target\":[\"https:\/\/strangercam.com\/chatblink\/\"]}]},{\"@type\":\"ImageObject\",\"inLanguage\":\"tr\",\"@id\":\"https:\/\/strangercam.com\/chatblink\/#primaryimage\",\"url\":\"https:\/\/strangercam.com\/wp-content\/uploads\/2020\/11\/stranger-cam-1.png\",\"contentUrl\":\"https:\/\/strangercam.com\/wp-content\/uploads\/2020\/11\/stranger-cam-1.png\",\"width\":800,\"height\":800,\"caption\":\"stranger cam random video chat\"},{\"@type\":\"BreadcrumbList\",\"@id\":\"https:\/\/strangercam.com\/chatblink\/#breadcrumb\",\"itemListElement\":[{\"@type\":\"ListItem\",\"position\":1,\"name\":\"Home\",\"item\":\"https:\/\/strangercam.com\/\"},{\"@type\":\"ListItem\",\"position\":2,\"name\":\"Chatblink\"}]},{\"@type\":\"WebSite\",\"@id\":\"https:\/\/strangercam.com\/#website\",\"url\":\"https:\/\/strangercam.com\/\",\"name\":\"Strangercam\",\"description\":\"Random Video Chat with Strangers\",\"publisher\":{\"@id\":\"https:\/\/strangercam.com\/#organization\"},\"alternateName\":\"Strangercam.com\",\"potentialAction\":[{\"@type\":\"SearchAction\",\"target\":{\"@type\":\"EntryPoint\",\"urlTemplate\":\"https:\/\/strangercam.com\/?s={search_term_string}\"},\"query-input\":{\"@type\":\"PropertyValueSpecification\",\"valueRequired\":true,\"valueName\":\"search_term_string\"}}],\"inLanguage\":\"tr\"},{\"@type\":\"Organization\",\"@id\":\"https:\/\/strangercam.com\/#organization\",\"name\":\"Strangercam\",\"alternateName\":\"Strangercam.com\",\"url\":\"https:\/\/strangercam.com\/\",\"logo\":{\"@type\":\"ImageObject\",\"inLanguage\":\"tr\",\"@id\":\"https:\/\/strangercam.com\/#\/schema\/logo\/image\/\",\"url\":\"https:\/\/strangercam.com\/wp-content\/uploads\/2020\/11\/cropped-new-favicon-black.png\",\"contentUrl\":\"https:\/\/strangercam.com\/wp-content\/uploads\/2020\/11\/cropped-new-favicon-black.png\",\"width\":512,\"height\":512,\"caption\":\"Strangercam\"},\"image\":{\"@id\":\"https:\/\/strangercam.com\/#\/schema\/logo\/image\/\"},\"sameAs\":[\"https:\/\/www.facebook.com\/strangercam\",\"https:\/\/x.com\/strangercamapp\"]}]}<\/script>\n<!-- \/ Yoast SEO plugin. -->","yoast_head_json":{"title":"Chatblink - En Pop\u00fcler G\u00f6r\u00fcnt\u00fcl\u00fc Sohbetler - StrangerCam.com'da Kamera","description":"Chatblink'yi be\u011fendiniz mi? Gelin Stranger Cam'de 5.000.000'dan fazla yabanc\u0131yla \u00dccretsiz sohbet edin! Kameran\u0131z\u0131 a\u00e7\u0131n ve yeni arkada\u015flar ve belki bir e\u015fle\u015fme bulun!","robots":{"index":"index","follow":"follow","max-snippet":"max-snippet:-1","max-image-preview":"max-image-preview:large","max-video-preview":"max-video-preview:-1"},"canonical":"https:\/\/strangercam.com\/tr\/chatblink\/","og_locale":"tr_TR","og_type":"article","og_title":"Chatblink - Most Popular Video Chats - Cam on StrangerCam.com","og_description":"Like Chatblink? Come chat with more than 5.000.000 strangers on Stranger Cam for Free! Turn on your cam and find new friends & maby a match!","og_url":"https:\/\/strangercam.com\/tr\/chatblink\/","og_site_name":"Strangercam","article_publisher":"https:\/\/www.facebook.com\/strangercam","article_modified_time":"2023-08-21T09:40:39+00:00","og_image":[{"width":800,"height":800,"url":"https:\/\/strangercam.com\/wp-content\/uploads\/2020\/11\/stranger-cam-1.png","type":"image\/png"}],"twitter_card":"summary_large_image","twitter_site":"@strangercamapp","twitter_misc":{"Tahmini okuma s\u00fcresi":"2 dakika"},"schema":{"@context":"https:\/\/schema.org","@graph":[{"@type":"WebPage","@id":"https:\/\/strangercam.com\/chatblink\/","url":"https:\/\/strangercam.com\/chatblink\/","name":"Chatblink - En Pop\u00fcler G\u00f6r\u00fcnt\u00fcl\u00fc Sohbetler - StrangerCam.com'da Kamera","isPartOf":{"@id":"https:\/\/strangercam.com\/#website"},"primaryImageOfPage":{"@id":"https:\/\/strangercam.com\/chatblink\/#primaryimage"},"image":{"@id":"https:\/\/strangercam.com\/chatblink\/#primaryimage"},"thumbnailUrl":"https:\/\/strangercam.com\/wp-content\/uploads\/2020\/11\/stranger-cam-1.png","datePublished":"2021-05-09T19:14:34+00:00","dateModified":"2023-08-21T09:40:39+00:00","description":"Chatblink'yi be\u011fendiniz mi? Gelin Stranger Cam'de 5.000.000'dan fazla yabanc\u0131yla \u00dccretsiz sohbet edin! Kameran\u0131z\u0131 a\u00e7\u0131n ve yeni arkada\u015flar ve belki bir e\u015fle\u015fme bulun!","breadcrumb":{"@id":"https:\/\/strangercam.com\/chatblink\/#breadcrumb"},"inLanguage":"tr","potentialAction":[{"@type":"ReadAction","target":["https:\/\/strangercam.com\/chatblink\/"]}]},{"@type":"ImageObject","inLanguage":"tr","@id":"https:\/\/strangercam.com\/chatblink\/#primaryimage","url":"https:\/\/strangercam.com\/wp-content\/uploads\/2020\/11\/stranger-cam-1.png","contentUrl":"https:\/\/strangercam.com\/wp-content\/uploads\/2020\/11\/stranger-cam-1.png","width":800,"height":800,"caption":"stranger cam random video chat"},{"@type":"BreadcrumbList","@id":"https:\/\/strangercam.com\/chatblink\/#breadcrumb","itemListElement":[{"@type":"ListItem","position":1,"name":"Home","item":"https:\/\/strangercam.com\/"},{"@type":"ListItem","position":2,"name":"Chatblink"}]},{"@type":"WebSite","@id":"https:\/\/strangercam.com\/#website","url":"https:\/\/strangercam.com\/","name":"Strangercam","description":"Yabanc\u0131larla Rastgele G\u00f6r\u00fcnt\u00fcl\u00fc Sohbet","publisher":{"@id":"https:\/\/strangercam.com\/#organization"},"alternateName":"Strangercam.com","potentialAction":[{"@type":"SearchAction","target":{"@type":"EntryPoint","urlTemplate":"https:\/\/strangercam.com\/?s={search_term_string}"},"query-input":{"@type":"PropertyValueSpecification","valueRequired":true,"valueName":"search_term_string"}}],"inLanguage":"tr"},{"@type":"Organization","@id":"https:\/\/strangercam.com\/#organization","name":"Strangercam","alternateName":"Strangercam.com","url":"https:\/\/strangercam.com\/","logo":{"@type":"ImageObject","inLanguage":"tr","@id":"https:\/\/strangercam.com\/#\/schema\/logo\/image\/","url":"https:\/\/strangercam.com\/wp-content\/uploads\/2020\/11\/cropped-new-favicon-black.png","contentUrl":"https:\/\/strangercam.com\/wp-content\/uploads\/2020\/11\/cropped-new-favicon-black.png","width":512,"height":512,"caption":"Strangercam"},"image":{"@id":"https:\/\/strangercam.com\/#\/schema\/logo\/image\/"},"sameAs":["https:\/\/www.facebook.com\/strangercam","https:\/\/x.com\/strangercamapp"]}]}},"_links":{"self":[{"href":"https:\/\/strangercam.com\/tr\/wp-json\/wp\/v2\/pages\/3171","targetHints":{"allow":["GET"]}}],"collection":[{"href":"https:\/\/strangercam.com\/tr\/wp-json\/wp\/v2\/pages"}],"about":[{"href":"https:\/\/strangercam.com\/tr\/wp-json\/wp\/v2\/types\/page"}],"author":[{"embeddable":true,"href":"https:\/\/strangercam.com\/tr\/wp-json\/wp\/v2\/users\/6"}],"replies":[{"embeddable":true,"href":"https:\/\/strangercam.com\/tr\/wp-json\/wp\/v2\/comments?post=3171"}],"version-history":[{"count":0,"href":"https:\/\/strangercam.com\/tr\/wp-json\/wp\/v2\/pages\/3171\/revisions"}],"wp:featuredmedia":[{"embeddable":true,"href":"https:\/\/strangercam.com\/tr\/wp-json\/wp\/v2\/media\/559"}],"wp:attachment":[{"href":"https:\/\/strangercam.com\/tr\/wp-json\/wp\/v2\/media?parent=3171"}],"curies":[{"name":"wp","href":"https:\/\/api.w.org\/{rel}","templated":true}]}}