{"id":3158,"date":"2021-05-09T21:11:08","date_gmt":"2021-05-09T19:11:08","guid":{"rendered":"https:\/\/strangercam.com\/?page_id=3158"},"modified":"2023-08-21T12:43:25","modified_gmt":"2023-08-21T10:43:25","slug":"tinychat","status":"publish","type":"page","link":"https:\/\/strangercam.com\/tr\/tinychat\/","title":{"rendered":"Tinychat"},"content":{"rendered":"<p>\u00c7evrimi\u00e7i <a href=\"https:\/\/strangercam.com\/tr\/chatroulette\/\">sohbet<\/a> web siteleri, kullan\u0131c\u0131lar\u0131n ba\u015fkalar\u0131yla arkada\u015fl\u0131k kurmak isteyen ki\u015fileri ke\u015ffetmelerine olanak tan\u0131yan farkl\u0131 t\u00fcrler i\u00e7erir. Tinychat, d\u00fcnyan\u0131n farkl\u0131 yerlerinden \u00fcyeleri olan bunlardan biridir. En son \u00f6zelliklerle benzer d\u00fc\u015f\u00fcnen ki\u015filerle ba\u011flant\u0131 kurman\u0131n yollar\u0131n\u0131 sa\u011flar. Bu web sitesi, hayatta yaln\u0131zl\u0131ktan ve can s\u0131k\u0131nt\u0131s\u0131ndan ka\u00e7\u0131nmak isteyenler i\u00e7in uygun bir yerdir. Ayr\u0131ca, platform \u00fcyelerin yapmas\u0131 i\u00e7in sohbet odalar\u0131n\u0131 kapsar. <a href=\"https:\/\/strangercam.com\/tr\/rabbit-video-chat\/\">Video<\/a> geli\u015fmi\u015f \u00f6zelliklere sahip aramalar. Ba\u015fkalar\u0131yla ba\u011flar\u0131n\u0131 kurmak isteyen herkes, en iyi sonu\u00e7lar\u0131 elde etmeye yard\u0131mc\u0131 olacak bu web sitesini se\u00e7ebilir.<\/p>\n<h2>Tinychat'ye nas\u0131l kay\u0131t olunur?<\/h2>\n<p>Tinychat'ye kaydolmak sadece birka\u00e7 dakika s\u00fcrebilir ve yeni \u00fcyeler \u00f6nce bir hesap olu\u015fturmal\u0131d\u0131r. Tercih edilen bir kullan\u0131c\u0131 ad\u0131 ve \u015fifre ile bir hesap olu\u015fturduktan hemen sonra bir URL alacaklar. Yeni kullan\u0131c\u0131lar sadece URL'yi yazarak sohbet odalar\u0131na girebilirler. Web sitesi, Facebook \u00fczerinden bir hesap olu\u015fturman\u0131n yollar\u0131n\u0131 bile veriyor. Kay\u0131t s\u00fcrecini daha h\u0131zl\u0131 hale getirir, b\u00f6ylece gruplarla m\u00fcmk\u00fcn olan en k\u0131sa s\u00fcrede ba\u011flant\u0131 kurman\u0131n yollar\u0131n\u0131 g\u00f6sterir. Web sitesi ile ilgili bir ba\u015fka \u015fey de, kullan\u0131c\u0131lar\u0131n foto\u011fraf y\u00fckleyerek ve di\u011fer ayr\u0131nt\u0131lar\u0131 g\u00f6ndererek profil olu\u015fturmas\u0131na izin vermesidir.<\/p>\n<h3>Tinychat nas\u0131l kullan\u0131l\u0131r?<\/h3>\n<p>Kullan\u0131c\u0131lar, bu platformdaki di\u011fer \u00fcyelere ba\u015fkalar\u0131yla ba\u011f kurmaya yard\u0131mc\u0131 olan hediyeler ve mesajlar g\u00f6nderebilir. Ancak, ba\u015fkalar\u0131n\u0131n profillerini herhangi bir zorluk ya\u015famadan g\u00f6r\u00fcnt\u00fclemek i\u00e7in premium'a y\u00fckseltmeleri gerekir. Web sitesi, kullan\u0131c\u0131lar ger\u00e7ek kimliklerini if\u015fa etmek istemediklerinde anonim kalma y\u00f6ntemlerini bile g\u00f6sterir. \u00dcyelerin kendilerini video, ses ve metin platformlar\u0131 arac\u0131l\u0131\u011f\u0131yla yay\u0131nlamalar\u0131na olanak tan\u0131r. Bunun yan\u0131 s\u0131ra, web sitesi kullan\u0131c\u0131lar\u0131n sohbet odalar\u0131n\u0131 \u00f6ne \u00e7\u0131karmak i\u00e7in tan\u0131tmalar\u0131n\u0131 sa\u011flar. <a href=\"https:\/\/strangercam.com\/tr\/mili\/\">Canl\u0131<\/a> dizin. Tinychat uygulamas\u0131 mobil kullan\u0131c\u0131lar i\u00e7in de mevcuttur ve ayn\u0131 uygulamay\u0131 basit ad\u0131mlarla cihazlar\u0131na indirebilirler.<\/p>\n<h3>Tinychat'nin art\u0131lar\u0131 ve eksileri nelerdir?<\/h3>\n<p>Web kameras\u0131 sorunsuz bir \u015fekilde \u00e7al\u0131\u015farak kullan\u0131c\u0131lar\u0131n daha iyi bir deneyim ya\u015famas\u0131n\u0131 sa\u011flar. Ba\u015flarken <a href=\"https:\/\/strangercam.com\/tr\/amerikan-rastgele-goruntulu-arama\/\">g\u00f6r\u00fcnt\u00fcl\u00fc arama<\/a> web sitesinde ba\u015fkalar\u0131yla h\u0131zl\u0131 bir \u015fekilde ba\u011flant\u0131 kurma y\u00f6ntemleri sunan \u00e7ok kolayd\u0131r. Bir kullan\u0131c\u0131, bir ki\u015fiyle ileti\u015fim kurmaktan ho\u015flanmad\u0131\u011f\u0131nda birini engelleyebilir. Ayr\u0131ca, sohbetinize kat\u0131lan ki\u015fi say\u0131s\u0131n\u0131 kontrol etmenin yollar\u0131n\u0131 a\u00e7ar. Bu tan\u0131\u015fma platformunun ana dezavantaj\u0131, abonelik planlar\u0131n\u0131n oranlar\u0131n\u0131n y\u00fcksek olmas\u0131d\u0131r. 13 ya\u015f\u0131ndan b\u00fcy\u00fck olanlar platforma kat\u0131lmaya hak kazan\u0131r ve yard\u0131mc\u0131 olacak kural ve d\u00fczenlemelere ayr\u0131nt\u0131l\u0131 olarak uymalar\u0131 gerekir. <a href=\"https:\/\/strangercam.com\/tr\/coomeet\/\">tan\u0131\u015fmak<\/a> temel ihtiya\u00e7lar.<\/p>","protected":false},"excerpt":{"rendered":"<p>Online chat websites involve different types allowing users to discover people who want to make friendships with others. Tinychat is one among them that has members from different parts of the world. It provides ways to connect with like-minded persons with the latest features. This website is a suitable place for those who like to [&hellip;]<\/p>\n","protected":false},"author":6,"featured_media":559,"parent":0,"menu_order":0,"comment_status":"closed","ping_status":"closed","template":"","meta":{"footnotes":""},"class_list":["post-3158","page","type-page","status-publish","has-post-thumbnail","hentry"],"yoast_head":"<!-- This site is optimized with the Yoast SEO plugin v26.9 - https:\/\/yoast.com\/product\/yoast-seo-wordpress\/ -->\n<title>Tinychat - Video Chat - Cam on StrangerCam.com<\/title>\n<meta name=\"description\" content=\"Like Tinychat? Come chat with more than 5.000.000 strangers on Stranger Cam for Free! Turn on your cam and find new friends &amp; maby a match!\" \/>\n<meta name=\"robots\" content=\"index, follow, max-snippet:-1, max-image-preview:large, max-video-preview:-1\" \/>\n<link rel=\"canonical\" href=\"https:\/\/strangercam.com\/tr\/tinychat\/\" \/>\n<meta property=\"og:locale\" content=\"tr_TR\" \/>\n<meta property=\"og:type\" content=\"article\" \/>\n<meta property=\"og:title\" content=\"Tinychat - Video Chat - Cam on StrangerCam.com\" \/>\n<meta property=\"og:description\" content=\"Like Tinychat? Come chat with more than 5.000.000 strangers on Stranger Cam for Free! Turn on your cam and find new friends &amp; maby a match!\" \/>\n<meta property=\"og:url\" content=\"https:\/\/strangercam.com\/tr\/tinychat\/\" \/>\n<meta property=\"og:site_name\" content=\"Strangercam\" \/>\n<meta property=\"article:publisher\" content=\"https:\/\/www.facebook.com\/strangercam\" \/>\n<meta property=\"article:modified_time\" content=\"2023-08-21T10:43:25+00:00\" \/>\n<meta property=\"og:image\" content=\"https:\/\/strangercam.com\/wp-content\/uploads\/2020\/11\/stranger-cam-1.png\" \/>\n\t<meta property=\"og:image:width\" content=\"800\" \/>\n\t<meta property=\"og:image:height\" content=\"800\" \/>\n\t<meta property=\"og:image:type\" content=\"image\/png\" \/>\n<meta name=\"twitter:card\" content=\"summary_large_image\" \/>\n<meta name=\"twitter:site\" content=\"@strangercamapp\" \/>\n<meta name=\"twitter:label1\" content=\"Tahmini okuma s\u00fcresi\" \/>\n\t<meta name=\"twitter:data1\" content=\"2 dakika\" \/>\n<script type=\"application\/ld+json\" class=\"yoast-schema-graph\">{\"@context\":\"https:\/\/schema.org\",\"@graph\":[{\"@type\":\"WebPage\",\"@id\":\"https:\/\/strangercam.com\/tinychat\/\",\"url\":\"https:\/\/strangercam.com\/tinychat\/\",\"name\":\"Tinychat - Video Chat - Cam on StrangerCam.com\",\"isPartOf\":{\"@id\":\"https:\/\/strangercam.com\/#website\"},\"primaryImageOfPage\":{\"@id\":\"https:\/\/strangercam.com\/tinychat\/#primaryimage\"},\"image\":{\"@id\":\"https:\/\/strangercam.com\/tinychat\/#primaryimage\"},\"thumbnailUrl\":\"https:\/\/strangercam.com\/wp-content\/uploads\/2020\/11\/stranger-cam-1.png\",\"datePublished\":\"2021-05-09T19:11:08+00:00\",\"dateModified\":\"2023-08-21T10:43:25+00:00\",\"description\":\"Like Tinychat? Come chat with more than 5.000.000 strangers on Stranger Cam for Free! Turn on your cam and find new friends & maby a match!\",\"breadcrumb\":{\"@id\":\"https:\/\/strangercam.com\/tinychat\/#breadcrumb\"},\"inLanguage\":\"tr\",\"potentialAction\":[{\"@type\":\"ReadAction\",\"target\":[\"https:\/\/strangercam.com\/tinychat\/\"]}]},{\"@type\":\"ImageObject\",\"inLanguage\":\"tr\",\"@id\":\"https:\/\/strangercam.com\/tinychat\/#primaryimage\",\"url\":\"https:\/\/strangercam.com\/wp-content\/uploads\/2020\/11\/stranger-cam-1.png\",\"contentUrl\":\"https:\/\/strangercam.com\/wp-content\/uploads\/2020\/11\/stranger-cam-1.png\",\"width\":800,\"height\":800,\"caption\":\"stranger cam random video chat\"},{\"@type\":\"BreadcrumbList\",\"@id\":\"https:\/\/strangercam.com\/tinychat\/#breadcrumb\",\"itemListElement\":[{\"@type\":\"ListItem\",\"position\":1,\"name\":\"Home\",\"item\":\"https:\/\/strangercam.com\/\"},{\"@type\":\"ListItem\",\"position\":2,\"name\":\"Tinychat\"}]},{\"@type\":\"WebSite\",\"@id\":\"https:\/\/strangercam.com\/#website\",\"url\":\"https:\/\/strangercam.com\/\",\"name\":\"Strangercam\",\"description\":\"Random Video Chat with Strangers\",\"publisher\":{\"@id\":\"https:\/\/strangercam.com\/#organization\"},\"alternateName\":\"Strangercam.com\",\"potentialAction\":[{\"@type\":\"SearchAction\",\"target\":{\"@type\":\"EntryPoint\",\"urlTemplate\":\"https:\/\/strangercam.com\/?s={search_term_string}\"},\"query-input\":{\"@type\":\"PropertyValueSpecification\",\"valueRequired\":true,\"valueName\":\"search_term_string\"}}],\"inLanguage\":\"tr\"},{\"@type\":\"Organization\",\"@id\":\"https:\/\/strangercam.com\/#organization\",\"name\":\"Strangercam\",\"alternateName\":\"Strangercam.com\",\"url\":\"https:\/\/strangercam.com\/\",\"logo\":{\"@type\":\"ImageObject\",\"inLanguage\":\"tr\",\"@id\":\"https:\/\/strangercam.com\/#\/schema\/logo\/image\/\",\"url\":\"https:\/\/strangercam.com\/wp-content\/uploads\/2020\/11\/cropped-new-favicon-black.png\",\"contentUrl\":\"https:\/\/strangercam.com\/wp-content\/uploads\/2020\/11\/cropped-new-favicon-black.png\",\"width\":512,\"height\":512,\"caption\":\"Strangercam\"},\"image\":{\"@id\":\"https:\/\/strangercam.com\/#\/schema\/logo\/image\/\"},\"sameAs\":[\"https:\/\/www.facebook.com\/strangercam\",\"https:\/\/x.com\/strangercamapp\"]}]}<\/script>\n<!-- \/ Yoast SEO plugin. -->","yoast_head_json":{"title":"Tinychat - G\u00f6r\u00fcnt\u00fcl\u00fc Sohbet - StrangerCam.com'da Kamera","description":"Tinychat'yi be\u011fendiniz mi? Gelin Stranger Cam'de 5.000.000'dan fazla yabanc\u0131yla \u00dccretsiz sohbet edin! Kameran\u0131z\u0131 a\u00e7\u0131n ve yeni arkada\u015flar ve belki bir e\u015fle\u015fme bulun!","robots":{"index":"index","follow":"follow","max-snippet":"max-snippet:-1","max-image-preview":"max-image-preview:large","max-video-preview":"max-video-preview:-1"},"canonical":"https:\/\/strangercam.com\/tr\/tinychat\/","og_locale":"tr_TR","og_type":"article","og_title":"Tinychat - Video Chat - Cam on StrangerCam.com","og_description":"Like Tinychat? Come chat with more than 5.000.000 strangers on Stranger Cam for Free! Turn on your cam and find new friends & maby a match!","og_url":"https:\/\/strangercam.com\/tr\/tinychat\/","og_site_name":"Strangercam","article_publisher":"https:\/\/www.facebook.com\/strangercam","article_modified_time":"2023-08-21T10:43:25+00:00","og_image":[{"width":800,"height":800,"url":"https:\/\/strangercam.com\/wp-content\/uploads\/2020\/11\/stranger-cam-1.png","type":"image\/png"}],"twitter_card":"summary_large_image","twitter_site":"@strangercamapp","twitter_misc":{"Tahmini okuma s\u00fcresi":"2 dakika"},"schema":{"@context":"https:\/\/schema.org","@graph":[{"@type":"WebPage","@id":"https:\/\/strangercam.com\/tinychat\/","url":"https:\/\/strangercam.com\/tinychat\/","name":"Tinychat - G\u00f6r\u00fcnt\u00fcl\u00fc Sohbet - StrangerCam.com'da Kamera","isPartOf":{"@id":"https:\/\/strangercam.com\/#website"},"primaryImageOfPage":{"@id":"https:\/\/strangercam.com\/tinychat\/#primaryimage"},"image":{"@id":"https:\/\/strangercam.com\/tinychat\/#primaryimage"},"thumbnailUrl":"https:\/\/strangercam.com\/wp-content\/uploads\/2020\/11\/stranger-cam-1.png","datePublished":"2021-05-09T19:11:08+00:00","dateModified":"2023-08-21T10:43:25+00:00","description":"Tinychat'yi be\u011fendiniz mi? Gelin Stranger Cam'de 5.000.000'dan fazla yabanc\u0131yla \u00dccretsiz sohbet edin! Kameran\u0131z\u0131 a\u00e7\u0131n ve yeni arkada\u015flar ve belki bir e\u015fle\u015fme bulun!","breadcrumb":{"@id":"https:\/\/strangercam.com\/tinychat\/#breadcrumb"},"inLanguage":"tr","potentialAction":[{"@type":"ReadAction","target":["https:\/\/strangercam.com\/tinychat\/"]}]},{"@type":"ImageObject","inLanguage":"tr","@id":"https:\/\/strangercam.com\/tinychat\/#primaryimage","url":"https:\/\/strangercam.com\/wp-content\/uploads\/2020\/11\/stranger-cam-1.png","contentUrl":"https:\/\/strangercam.com\/wp-content\/uploads\/2020\/11\/stranger-cam-1.png","width":800,"height":800,"caption":"stranger cam random video chat"},{"@type":"BreadcrumbList","@id":"https:\/\/strangercam.com\/tinychat\/#breadcrumb","itemListElement":[{"@type":"ListItem","position":1,"name":"Home","item":"https:\/\/strangercam.com\/"},{"@type":"ListItem","position":2,"name":"Tinychat"}]},{"@type":"WebSite","@id":"https:\/\/strangercam.com\/#website","url":"https:\/\/strangercam.com\/","name":"Strangercam","description":"Yabanc\u0131larla Rastgele G\u00f6r\u00fcnt\u00fcl\u00fc Sohbet","publisher":{"@id":"https:\/\/strangercam.com\/#organization"},"alternateName":"Strangercam.com","potentialAction":[{"@type":"SearchAction","target":{"@type":"EntryPoint","urlTemplate":"https:\/\/strangercam.com\/?s={search_term_string}"},"query-input":{"@type":"PropertyValueSpecification","valueRequired":true,"valueName":"search_term_string"}}],"inLanguage":"tr"},{"@type":"Organization","@id":"https:\/\/strangercam.com\/#organization","name":"Strangercam","alternateName":"Strangercam.com","url":"https:\/\/strangercam.com\/","logo":{"@type":"ImageObject","inLanguage":"tr","@id":"https:\/\/strangercam.com\/#\/schema\/logo\/image\/","url":"https:\/\/strangercam.com\/wp-content\/uploads\/2020\/11\/cropped-new-favicon-black.png","contentUrl":"https:\/\/strangercam.com\/wp-content\/uploads\/2020\/11\/cropped-new-favicon-black.png","width":512,"height":512,"caption":"Strangercam"},"image":{"@id":"https:\/\/strangercam.com\/#\/schema\/logo\/image\/"},"sameAs":["https:\/\/www.facebook.com\/strangercam","https:\/\/x.com\/strangercamapp"]}]}},"_links":{"self":[{"href":"https:\/\/strangercam.com\/tr\/wp-json\/wp\/v2\/pages\/3158","targetHints":{"allow":["GET"]}}],"collection":[{"href":"https:\/\/strangercam.com\/tr\/wp-json\/wp\/v2\/pages"}],"about":[{"href":"https:\/\/strangercam.com\/tr\/wp-json\/wp\/v2\/types\/page"}],"author":[{"embeddable":true,"href":"https:\/\/strangercam.com\/tr\/wp-json\/wp\/v2\/users\/6"}],"replies":[{"embeddable":true,"href":"https:\/\/strangercam.com\/tr\/wp-json\/wp\/v2\/comments?post=3158"}],"version-history":[{"count":0,"href":"https:\/\/strangercam.com\/tr\/wp-json\/wp\/v2\/pages\/3158\/revisions"}],"wp:featuredmedia":[{"embeddable":true,"href":"https:\/\/strangercam.com\/tr\/wp-json\/wp\/v2\/media\/559"}],"wp:attachment":[{"href":"https:\/\/strangercam.com\/tr\/wp-json\/wp\/v2\/media?parent=3158"}],"curies":[{"name":"wp","href":"https:\/\/api.w.org\/{rel}","templated":true}]}}