{"id":3141,"date":"2021-05-09T21:04:53","date_gmt":"2021-05-09T19:04:53","guid":{"rendered":"https:\/\/strangercam.com\/?page_id=3141"},"modified":"2023-08-21T12:35:30","modified_gmt":"2023-08-21T10:35:30","slug":"paltalk","status":"publish","type":"page","link":"https:\/\/strangercam.com\/tr\/paltalk\/","title":{"rendered":"Paltalk"},"content":{"rendered":"<p>\u0130nternet d\u00fcnyas\u0131, g\u00fcn\u00fcm\u00fczde arkada\u015fl\u0131k sitelerinin ve uygulamalar\u0131n\u0131n ortaya \u00e7\u0131kmas\u0131 nedeniyle insanlar\u0131n ba\u015fkalar\u0131yla kolayca arkada\u015fl\u0131k kurmas\u0131na olanak tan\u0131yarak geni\u015fliyor. Paltalk, cep telefonlar\u0131 da dahil olmak \u00fczere t\u00fcm cihazlarda iyi \u00e7al\u0131\u015fan bir tan\u0131\u015fma sitesidir. Web sitesi bulmak i\u00e7in yollar sa\u011flar ve <a href=\"https:\/\/strangercam.com\/tr\/coomeet\/\">tan\u0131\u015fmak<\/a> en son \u00f6zelliklerle d\u00fcnyan\u0131n farkl\u0131 yerlerinde yeni insanlar. Dahas\u0131, uygulama kullan\u0131c\u0131lar\u0131n ayn\u0131 \u015feyi basit ad\u0131mlarla y\u00fcklemelerine olanak tan\u0131yarak kullan\u0131c\u0131lar\u0131n <a href=\"https:\/\/strangercam.com\/tr\/rabbit-video-chat\/\">Video<\/a> kolayca arar. Hatta ba\u015fkalar\u0131yla ortak ilgi alanlar\u0131n\u0131 payla\u015fan ki\u015fileri bulman\u0131n yollar\u0131n\u0131 sunar.<\/p>\n<h2>Paltalk taraf\u0131ndan sunulan \u00f6zellikler nelerdir?<\/h2>\n<p>Web sitesi, kullan\u0131c\u0131lar i\u00e7in m\u00fcmk\u00fcn olan en k\u0131sa s\u00fcrede ba\u015fkalar\u0131yla ba\u011flant\u0131 kurmalar\u0131na olanak tan\u0131yan birka\u00e7 ola\u011fan\u00fcst\u00fc \u00f6zellik sunar. \u00dcyelerin ayn\u0131 anda daha fazla ki\u015fiyle sohbet etmeleri i\u00e7in canl\u0131 sohbet odalar\u0131n\u0131 kapsar. Biri girebilir veya kat\u0131labilir <a href=\"https:\/\/strangercam.com\/tr\/chatroom2000\/\">sohbet odas\u0131<\/a> h\u0131zl\u0131 bir \u015fekilde d\u00fcnyan\u0131n farkl\u0131 yerlerinden yabanc\u0131lar\u0131 bulmaya \u00e7ok yard\u0131mc\u0131 olacakt\u0131r. Kullan\u0131c\u0131lar sohbet odalar\u0131n\u0131 farkl\u0131 kategoriler alt\u0131nda arayabilir ve uygun olup olmad\u0131\u011f\u0131n\u0131 \u00f6\u011frenmek i\u00e7in oda politikas\u0131n\u0131 kontrol edebilir. Web sitesi taraf\u0131ndan sunulan di\u011fer baz\u0131 \u00f6zellikler aras\u0131nda ses filtreleri, e\u011flenceli video filtreleri, 3D maskeler, yeni arka planlar, hediyeler, \u00e7\u0131kartmalar vb.<\/p>\n<h3>Paltalk'nin art\u0131lar\u0131 ve eksileri<\/h3>\n<p>Web sitesi hem <a href=\"https:\/\/strangercam.com\/tr\/chat4free\/\">\u00fccretsiz<\/a> ve yeni \u00fcyelerin ihtiya\u00e7lar\u0131na g\u00f6re se\u00e7melerine olanak tan\u0131yan \u00fccretli hizmetler. Hem \u00f6zel hem de kamusal hizmetlerin olu\u015fturulmas\u0131n\u0131 m\u00fcmk\u00fcn k\u0131lar. <a href=\"https:\/\/strangercam.com\/tr\/chatroulette\/\">sohbet<\/a> hayat\u0131n farkl\u0131 kesimlerinden yeni arkada\u015flar ke\u015ffetmeye yard\u0131mc\u0131 olacak odalar. Dahas\u0131, platform bir hesap olu\u015ftururken ayr\u0131nt\u0131lar\u0131 dokuz farkl\u0131 dile \u00e7evirmenin yollar\u0131n\u0131 bile g\u00f6steriyor. Ayn\u0131 zamanda, \u00fcyeler baz\u0131 ek \u00f6zelliklerden yararlanmak istediklerinde premium abonelik gerektirir. Reklamlar ve m\u00fc\u015fteri deste\u011fi eksikli\u011fi, Pal talk arkada\u015fl\u0131k platformunun baz\u0131 sorunlara yol a\u00e7acak baz\u0131 eksileridir. Bu nedenle, bir sohbet odas\u0131 kullanmadan \u00f6nce bunlar\u0131 daha dikkatli de\u011ferlendirmek gerekir.<\/p>\n<h3>Paltalk'de nas\u0131l hesap olu\u015fturulur?<\/h3>\n<p>Paltalk'de bir hesap olu\u015fturmak i\u00e7in, kay\u0131t i\u015flemini ba\u015far\u0131l\u0131 k\u0131lmak i\u00e7in ge\u00e7erli bir e-posta adresine sahip olmak gerekir. Kullan\u0131c\u0131lar, bir m\u00fc\u015fteri destek ekibi ile web sitesinde de\u011fi\u015fiklik bile yapabilirler. Bir hesap olu\u015fturduktan sonra ba\u015fkalar\u0131na mesaj g\u00f6ndermeye ba\u015flayabilirler. \u00dccretsiz bir \u00fcye, di\u011fer \u00fcyelerden gelen yay\u0131nlar\u0131 g\u00f6r\u00fcnt\u00fclemek i\u00e7in iki web kameras\u0131 penceresine eri\u015febilir. Bu web sitesinde ba\u015fkalar\u0131yla ili\u015fkiler kurmaya yard\u0131mc\u0131 olacak sanal hediyeler sat\u0131n almak ve g\u00f6ndermek m\u00fcmk\u00fcnd\u00fcr. \u00d6te yandan, bu tan\u0131\u015fma web sitesini kullanmadan \u00f6nce h\u00fck\u00fcm ve ko\u015fullar\u0131 do\u011fru bir \u015fekilde okumak ak\u0131ll\u0131ca olacakt\u0131r.<\/p>","protected":false},"excerpt":{"rendered":"<p>The internet world is expanding today allowing people to make friendships with others easily due to the emergence of dating sites and apps. Paltalk is a dating website that works well on all devices including mobile phones. The website provides ways to find and meet new people in different parts of the world with the [&hellip;]<\/p>\n","protected":false},"author":6,"featured_media":559,"parent":0,"menu_order":0,"comment_status":"closed","ping_status":"closed","template":"","meta":{"footnotes":""},"class_list":["post-3141","page","type-page","status-publish","has-post-thumbnail","hentry"],"yoast_head":"<!-- This site is optimized with the Yoast SEO plugin v26.9 - https:\/\/yoast.com\/product\/yoast-seo-wordpress\/ -->\n<title>Paltalk - Video Chat - Cam on StrangerCam.com<\/title>\n<meta name=\"description\" content=\"Like Paltalk? Come chat with more than 5.000.000 strangers on Stranger Cam for Free! Turn on your cam and find new friends &amp; maby a match!\" \/>\n<meta name=\"robots\" content=\"index, follow, max-snippet:-1, max-image-preview:large, max-video-preview:-1\" \/>\n<link rel=\"canonical\" href=\"https:\/\/strangercam.com\/tr\/paltalk\/\" \/>\n<meta property=\"og:locale\" content=\"tr_TR\" \/>\n<meta property=\"og:type\" content=\"article\" \/>\n<meta property=\"og:title\" content=\"Paltalk - Video Chat - Cam on StrangerCam.com\" \/>\n<meta property=\"og:description\" content=\"Like Paltalk? Come chat with more than 5.000.000 strangers on Stranger Cam for Free! Turn on your cam and find new friends &amp; maby a match!\" \/>\n<meta property=\"og:url\" content=\"https:\/\/strangercam.com\/tr\/paltalk\/\" \/>\n<meta property=\"og:site_name\" content=\"Strangercam\" \/>\n<meta property=\"article:publisher\" content=\"https:\/\/www.facebook.com\/strangercam\" \/>\n<meta property=\"article:modified_time\" content=\"2023-08-21T10:35:30+00:00\" \/>\n<meta property=\"og:image\" content=\"https:\/\/strangercam.com\/wp-content\/uploads\/2020\/11\/stranger-cam-1.png\" \/>\n\t<meta property=\"og:image:width\" content=\"800\" \/>\n\t<meta property=\"og:image:height\" content=\"800\" \/>\n\t<meta property=\"og:image:type\" content=\"image\/png\" \/>\n<meta name=\"twitter:card\" content=\"summary_large_image\" \/>\n<meta name=\"twitter:site\" content=\"@strangercamapp\" \/>\n<meta name=\"twitter:label1\" content=\"Tahmini okuma s\u00fcresi\" \/>\n\t<meta name=\"twitter:data1\" content=\"2 dakika\" \/>\n<script type=\"application\/ld+json\" class=\"yoast-schema-graph\">{\"@context\":\"https:\/\/schema.org\",\"@graph\":[{\"@type\":\"WebPage\",\"@id\":\"https:\/\/strangercam.com\/paltalk\/\",\"url\":\"https:\/\/strangercam.com\/paltalk\/\",\"name\":\"Paltalk - Video Chat - Cam on StrangerCam.com\",\"isPartOf\":{\"@id\":\"https:\/\/strangercam.com\/#website\"},\"primaryImageOfPage\":{\"@id\":\"https:\/\/strangercam.com\/paltalk\/#primaryimage\"},\"image\":{\"@id\":\"https:\/\/strangercam.com\/paltalk\/#primaryimage\"},\"thumbnailUrl\":\"https:\/\/strangercam.com\/wp-content\/uploads\/2020\/11\/stranger-cam-1.png\",\"datePublished\":\"2021-05-09T19:04:53+00:00\",\"dateModified\":\"2023-08-21T10:35:30+00:00\",\"description\":\"Like Paltalk? Come chat with more than 5.000.000 strangers on Stranger Cam for Free! Turn on your cam and find new friends & maby a match!\",\"breadcrumb\":{\"@id\":\"https:\/\/strangercam.com\/paltalk\/#breadcrumb\"},\"inLanguage\":\"tr\",\"potentialAction\":[{\"@type\":\"ReadAction\",\"target\":[\"https:\/\/strangercam.com\/paltalk\/\"]}]},{\"@type\":\"ImageObject\",\"inLanguage\":\"tr\",\"@id\":\"https:\/\/strangercam.com\/paltalk\/#primaryimage\",\"url\":\"https:\/\/strangercam.com\/wp-content\/uploads\/2020\/11\/stranger-cam-1.png\",\"contentUrl\":\"https:\/\/strangercam.com\/wp-content\/uploads\/2020\/11\/stranger-cam-1.png\",\"width\":800,\"height\":800,\"caption\":\"stranger cam random video chat\"},{\"@type\":\"BreadcrumbList\",\"@id\":\"https:\/\/strangercam.com\/paltalk\/#breadcrumb\",\"itemListElement\":[{\"@type\":\"ListItem\",\"position\":1,\"name\":\"Home\",\"item\":\"https:\/\/strangercam.com\/\"},{\"@type\":\"ListItem\",\"position\":2,\"name\":\"Paltalk\"}]},{\"@type\":\"WebSite\",\"@id\":\"https:\/\/strangercam.com\/#website\",\"url\":\"https:\/\/strangercam.com\/\",\"name\":\"Strangercam\",\"description\":\"Random Video Chat with Strangers\",\"publisher\":{\"@id\":\"https:\/\/strangercam.com\/#organization\"},\"alternateName\":\"Strangercam.com\",\"potentialAction\":[{\"@type\":\"SearchAction\",\"target\":{\"@type\":\"EntryPoint\",\"urlTemplate\":\"https:\/\/strangercam.com\/?s={search_term_string}\"},\"query-input\":{\"@type\":\"PropertyValueSpecification\",\"valueRequired\":true,\"valueName\":\"search_term_string\"}}],\"inLanguage\":\"tr\"},{\"@type\":\"Organization\",\"@id\":\"https:\/\/strangercam.com\/#organization\",\"name\":\"Strangercam\",\"alternateName\":\"Strangercam.com\",\"url\":\"https:\/\/strangercam.com\/\",\"logo\":{\"@type\":\"ImageObject\",\"inLanguage\":\"tr\",\"@id\":\"https:\/\/strangercam.com\/#\/schema\/logo\/image\/\",\"url\":\"https:\/\/strangercam.com\/wp-content\/uploads\/2020\/11\/cropped-new-favicon-black.png\",\"contentUrl\":\"https:\/\/strangercam.com\/wp-content\/uploads\/2020\/11\/cropped-new-favicon-black.png\",\"width\":512,\"height\":512,\"caption\":\"Strangercam\"},\"image\":{\"@id\":\"https:\/\/strangercam.com\/#\/schema\/logo\/image\/\"},\"sameAs\":[\"https:\/\/www.facebook.com\/strangercam\",\"https:\/\/x.com\/strangercamapp\"]}]}<\/script>\n<!-- \/ Yoast SEO plugin. -->","yoast_head_json":{"title":"Paltalk - G\u00f6r\u00fcnt\u00fcl\u00fc Sohbet - StrangerCam.com'da Kamera","description":"Paltalk'yi be\u011fendiniz mi? Gelin Stranger Cam'de 5.000.000'dan fazla yabanc\u0131yla \u00dccretsiz sohbet edin! Kameran\u0131z\u0131 a\u00e7\u0131n ve yeni arkada\u015flar ve belki bir e\u015fle\u015fme bulun!","robots":{"index":"index","follow":"follow","max-snippet":"max-snippet:-1","max-image-preview":"max-image-preview:large","max-video-preview":"max-video-preview:-1"},"canonical":"https:\/\/strangercam.com\/tr\/paltalk\/","og_locale":"tr_TR","og_type":"article","og_title":"Paltalk - Video Chat - Cam on StrangerCam.com","og_description":"Like Paltalk? Come chat with more than 5.000.000 strangers on Stranger Cam for Free! Turn on your cam and find new friends & maby a match!","og_url":"https:\/\/strangercam.com\/tr\/paltalk\/","og_site_name":"Strangercam","article_publisher":"https:\/\/www.facebook.com\/strangercam","article_modified_time":"2023-08-21T10:35:30+00:00","og_image":[{"width":800,"height":800,"url":"https:\/\/strangercam.com\/wp-content\/uploads\/2020\/11\/stranger-cam-1.png","type":"image\/png"}],"twitter_card":"summary_large_image","twitter_site":"@strangercamapp","twitter_misc":{"Tahmini okuma s\u00fcresi":"2 dakika"},"schema":{"@context":"https:\/\/schema.org","@graph":[{"@type":"WebPage","@id":"https:\/\/strangercam.com\/paltalk\/","url":"https:\/\/strangercam.com\/paltalk\/","name":"Paltalk - G\u00f6r\u00fcnt\u00fcl\u00fc Sohbet - StrangerCam.com'da Kamera","isPartOf":{"@id":"https:\/\/strangercam.com\/#website"},"primaryImageOfPage":{"@id":"https:\/\/strangercam.com\/paltalk\/#primaryimage"},"image":{"@id":"https:\/\/strangercam.com\/paltalk\/#primaryimage"},"thumbnailUrl":"https:\/\/strangercam.com\/wp-content\/uploads\/2020\/11\/stranger-cam-1.png","datePublished":"2021-05-09T19:04:53+00:00","dateModified":"2023-08-21T10:35:30+00:00","description":"Paltalk'yi be\u011fendiniz mi? Gelin Stranger Cam'de 5.000.000'dan fazla yabanc\u0131yla \u00dccretsiz sohbet edin! Kameran\u0131z\u0131 a\u00e7\u0131n ve yeni arkada\u015flar ve belki bir e\u015fle\u015fme bulun!","breadcrumb":{"@id":"https:\/\/strangercam.com\/paltalk\/#breadcrumb"},"inLanguage":"tr","potentialAction":[{"@type":"ReadAction","target":["https:\/\/strangercam.com\/paltalk\/"]}]},{"@type":"ImageObject","inLanguage":"tr","@id":"https:\/\/strangercam.com\/paltalk\/#primaryimage","url":"https:\/\/strangercam.com\/wp-content\/uploads\/2020\/11\/stranger-cam-1.png","contentUrl":"https:\/\/strangercam.com\/wp-content\/uploads\/2020\/11\/stranger-cam-1.png","width":800,"height":800,"caption":"stranger cam random video chat"},{"@type":"BreadcrumbList","@id":"https:\/\/strangercam.com\/paltalk\/#breadcrumb","itemListElement":[{"@type":"ListItem","position":1,"name":"Home","item":"https:\/\/strangercam.com\/"},{"@type":"ListItem","position":2,"name":"Paltalk"}]},{"@type":"WebSite","@id":"https:\/\/strangercam.com\/#website","url":"https:\/\/strangercam.com\/","name":"Strangercam","description":"Yabanc\u0131larla Rastgele G\u00f6r\u00fcnt\u00fcl\u00fc Sohbet","publisher":{"@id":"https:\/\/strangercam.com\/#organization"},"alternateName":"Strangercam.com","potentialAction":[{"@type":"SearchAction","target":{"@type":"EntryPoint","urlTemplate":"https:\/\/strangercam.com\/?s={search_term_string}"},"query-input":{"@type":"PropertyValueSpecification","valueRequired":true,"valueName":"search_term_string"}}],"inLanguage":"tr"},{"@type":"Organization","@id":"https:\/\/strangercam.com\/#organization","name":"Strangercam","alternateName":"Strangercam.com","url":"https:\/\/strangercam.com\/","logo":{"@type":"ImageObject","inLanguage":"tr","@id":"https:\/\/strangercam.com\/#\/schema\/logo\/image\/","url":"https:\/\/strangercam.com\/wp-content\/uploads\/2020\/11\/cropped-new-favicon-black.png","contentUrl":"https:\/\/strangercam.com\/wp-content\/uploads\/2020\/11\/cropped-new-favicon-black.png","width":512,"height":512,"caption":"Strangercam"},"image":{"@id":"https:\/\/strangercam.com\/#\/schema\/logo\/image\/"},"sameAs":["https:\/\/www.facebook.com\/strangercam","https:\/\/x.com\/strangercamapp"]}]}},"_links":{"self":[{"href":"https:\/\/strangercam.com\/tr\/wp-json\/wp\/v2\/pages\/3141","targetHints":{"allow":["GET"]}}],"collection":[{"href":"https:\/\/strangercam.com\/tr\/wp-json\/wp\/v2\/pages"}],"about":[{"href":"https:\/\/strangercam.com\/tr\/wp-json\/wp\/v2\/types\/page"}],"author":[{"embeddable":true,"href":"https:\/\/strangercam.com\/tr\/wp-json\/wp\/v2\/users\/6"}],"replies":[{"embeddable":true,"href":"https:\/\/strangercam.com\/tr\/wp-json\/wp\/v2\/comments?post=3141"}],"version-history":[{"count":0,"href":"https:\/\/strangercam.com\/tr\/wp-json\/wp\/v2\/pages\/3141\/revisions"}],"wp:featuredmedia":[{"embeddable":true,"href":"https:\/\/strangercam.com\/tr\/wp-json\/wp\/v2\/media\/559"}],"wp:attachment":[{"href":"https:\/\/strangercam.com\/tr\/wp-json\/wp\/v2\/media?parent=3141"}],"curies":[{"name":"wp","href":"https:\/\/api.w.org\/{rel}","templated":true}]}}