{"id":3104,"date":"2021-05-09T14:52:40","date_gmt":"2021-05-09T12:52:40","guid":{"rendered":"https:\/\/strangercam.com\/?page_id=3104"},"modified":"2023-08-21T12:24:42","modified_gmt":"2023-08-21T10:24:42","slug":"mnogochat","status":"publish","type":"page","link":"https:\/\/strangercam.com\/tr\/mnogochat\/","title":{"rendered":"Mnogochat"},"content":{"rendered":"<p>G\u00fcn\u00fcm\u00fczde, m\u00fcmk\u00fcn olan en k\u0131sa s\u00fcrede yeni arkada\u015flarla ba\u011flant\u0131 kurmak i\u00e7in \u00e7e\u015fitli tan\u0131\u015fma siteleri mevcuttur. \u00d6te yandan, hepsi uygun ara\u015ft\u0131rma gerektiren ayn\u0131 de\u011fildir. Bu, kullan\u0131c\u0131lar\u0131n beklentilerini tam olarak kar\u015f\u0131layan do\u011fru web sitesini se\u00e7meye \u00e7ok yard\u0131mc\u0131 olacakt\u0131r. Ba\u015fka bir \u015fey de, ili\u015fki kurmak i\u00e7in rastgele insanlar\u0131 se\u00e7meye daha fazla katk\u0131da bulunmas\u0131d\u0131r. Mnogochat \u00e7evrimi\u00e7i bir videodur <a href=\"https:\/\/strangercam.com\/tr\/chathub\/\">sohbet<\/a> en geli\u015fmi\u015f \u00f6zelliklere sahip yabanc\u0131lar\u0131 bulman\u0131n yollar\u0131n\u0131 sa\u011flayan ve b\u00f6ylece <a href=\"https:\/\/strangercam.com\/tr\/coomeet\/\">tan\u0131\u015fmak<\/a> temel ihtiya\u00e7lar. Kullan\u0131c\u0131lar\u0131n pop\u00fcler \u00e7evrimi\u00e7i tan\u0131\u015fma sitelerinin bir koleksiyonunu tek bir yerde bulabilecekleri bir sitedir.<\/p>\n<h2>Mnogochat'ye arkada\u015flar nas\u0131l davet edilir?<\/h2>\n<p>Web sitesi, kullan\u0131c\u0131lar\u0131n herhangi bir kay\u0131t olmadan bir sohbet odas\u0131 olu\u015fturmas\u0131na olanak tan\u0131r. Kullan\u0131c\u0131lar bir odaya girdikten sonra alfan\u00fcmerik kodu yazmal\u0131d\u0131r. Ba\u015fkalar\u0131na hemen ula\u015fmak i\u00e7in oda ba\u011flant\u0131s\u0131n\u0131 kopyalayabilir ve bir ki\u015fiyle payla\u015fabilirler. Kullan\u0131c\u0131lar\u0131n bir konumdaki yeni arkada\u015flar\u0131 kolayl\u0131kla tan\u0131mlamas\u0131na olanak tan\u0131yan bir tan\u0131\u015fma web sitesi platformu de\u011fildir. Dahas\u0131, web sitesi ayn\u0131 ilgi alanlar\u0131n\u0131 payla\u015fan bir arkada\u015f araman\u0131n yollar\u0131n\u0131 sa\u011flayan \u00fccretsiz sohbet odalar\u0131n\u0131 kapsar. Erkeklerle tan\u0131\u015fmak isteyen herkes, <a href=\"https:\/\/strangercam.com\/tr\/kizlarla-goruntulu-sohbet\/\">K\u0131zlar<\/a>erkekler ve kad\u0131nlar hedeflere ula\u015fmaya yard\u0131mc\u0131 olan web sitesini se\u00e7ebilirler.<\/p>\n<h3>Mnogochat taraf\u0131ndan sunulan \u00f6zellikler nelerdir?<\/h3>\n<p>Mnogochat a\u015fa\u011f\u0131daki gibi \u00fccretsiz sohbet odalar\u0131 sunar <a href=\"https:\/\/strangercam.com\/tr\/chatroulette\/\">Chatroulette<\/a>, <a href=\"https:\/\/strangercam.com\/tr\/omegle\/\">Omegle<\/a> sohbet, \u00fccretsiz g\u00f6r\u00fcnt\u00fcl\u00fc sohbet, \u015fi\u015fe oyunu, Rus sohbeti, Gen\u00e7 sohbet, Mnogocams, web kameras\u0131 sohbeti, \u00e7evrimi\u00e7i sohbet vb. Ayr\u0131ca, kullan\u0131c\u0131lar\u0131n k\u0131s\u0131tlama olmaks\u0131z\u0131n bir \u00fclkede yeni arkada\u015flar bulmalar\u0131n\u0131 sa\u011flayan metin, sesli ve g\u00f6r\u00fcnt\u00fcl\u00fc sohbet gibi di\u011fer baz\u0131 \u00f6zellikleri de kapsar. Web sitesi taraf\u0131ndan kapsanan web kameras\u0131, kullan\u0131c\u0131lar\u0131n tam olarak arad\u0131klar\u0131 ki\u015fileri tan\u0131mlamalar\u0131na yard\u0131mc\u0131 olur. Bunun d\u0131\u015f\u0131nda, uzun mesafeli ili\u015fkiler kurmak i\u00e7in bir konumdaki bekarlar\u0131 h\u0131zl\u0131 bir \u015fekilde tan\u0131man\u0131n yollar\u0131n\u0131 verir.<\/p>\n<h3>Mnogochat arkada\u015fl\u0131k sitesini kullanmak i\u00e7in nedenler<\/h3>\n<p>G\u00fcvenlik, bir tan\u0131\u015fma sitesi se\u00e7erken g\u00f6z \u00f6n\u00fcnde bulundurulmas\u0131 gereken ana nedendir. Mnogochat, kullan\u0131c\u0131lar\u0131n \u015fifreleme teknolojileri ile y\u00fcksek koruma sa\u011flamas\u0131na olanak tan\u0131r. Ayr\u0131ca, platform, kullan\u0131c\u0131lar\u0131n tam gereksinimleri kar\u015f\u0131layarak ba\u015fkalar\u0131yla anonim olarak sohbet etmelerini sa\u011flar. Bir sohbet odas\u0131na girmeden \u00f6nce h\u00fck\u00fcm ve ko\u015fullar\u0131 okumak gerekir. Web platformu t\u00fcm cihazlarda ve t\u00fcm taray\u0131c\u0131 platformlar\u0131nda \u00e7al\u0131\u015f\u0131r. Pop\u00fcler sohbet odalar\u0131n\u0131 kapsad\u0131\u011f\u0131ndan, kullan\u0131c\u0131lar \u00e7e\u015fitli konulardaki fikirlerini ba\u015fkalar\u0131yla payla\u015fabilirler. Etkili ileti\u015fim kurmak, bu web sitesi arac\u0131l\u0131\u011f\u0131yla basit bir hale gelir ve kullan\u0131c\u0131lar\u0131n hayatta can s\u0131k\u0131nt\u0131s\u0131 ve yaln\u0131zl\u0131ktan ka\u00e7\u0131nmas\u0131n\u0131 sa\u011flar. Ayr\u0131ca platform, m\u00fcmk\u00fcn olan en k\u0131sa s\u00fcrede rastgele daha fazla arkada\u015f edinmenin uygulanabilir yollar\u0131n\u0131 sunar.<\/p>","protected":false},"excerpt":{"rendered":"<p>Nowadays, several dating sites are available for connecting with new friends as soon as possible. On the other hand, not all of them are the same that need proper research. This will help a lot to select the right website which exactly satisfies the expectations of users. Another thing is that it contributes more to [&hellip;]<\/p>\n","protected":false},"author":6,"featured_media":559,"parent":0,"menu_order":0,"comment_status":"closed","ping_status":"closed","template":"","meta":{"footnotes":""},"class_list":["post-3104","page","type-page","status-publish","has-post-thumbnail","hentry"],"yoast_head":"<!-- This site is optimized with the Yoast SEO plugin v26.9 - https:\/\/yoast.com\/product\/yoast-seo-wordpress\/ -->\n<title>Mnogochat - Most Popular Video Chats - Cam on StrangerCam.com<\/title>\n<meta name=\"description\" content=\"Like Mnogochat? Come chat with more than 5.000.000 strangers on Stranger Cam for Free! Turn on your cam and find new friends &amp; maby a match!\" \/>\n<meta name=\"robots\" content=\"index, follow, max-snippet:-1, max-image-preview:large, max-video-preview:-1\" \/>\n<link rel=\"canonical\" href=\"https:\/\/strangercam.com\/tr\/mnogochat\/\" \/>\n<meta property=\"og:locale\" content=\"tr_TR\" \/>\n<meta property=\"og:type\" content=\"article\" \/>\n<meta property=\"og:title\" content=\"Mnogochat - Most Popular Video Chats - Cam on StrangerCam.com\" \/>\n<meta property=\"og:description\" content=\"Like Mnogochat? Come chat with more than 5.000.000 strangers on Stranger Cam for Free! Turn on your cam and find new friends &amp; maby a match!\" \/>\n<meta property=\"og:url\" content=\"https:\/\/strangercam.com\/tr\/mnogochat\/\" \/>\n<meta property=\"og:site_name\" content=\"Strangercam\" \/>\n<meta property=\"article:publisher\" content=\"https:\/\/www.facebook.com\/strangercam\" \/>\n<meta property=\"article:modified_time\" content=\"2023-08-21T10:24:42+00:00\" \/>\n<meta property=\"og:image\" content=\"https:\/\/strangercam.com\/wp-content\/uploads\/2020\/11\/stranger-cam-1.png\" \/>\n\t<meta property=\"og:image:width\" content=\"800\" \/>\n\t<meta property=\"og:image:height\" content=\"800\" \/>\n\t<meta property=\"og:image:type\" content=\"image\/png\" \/>\n<meta name=\"twitter:card\" content=\"summary_large_image\" \/>\n<meta name=\"twitter:site\" content=\"@strangercamapp\" \/>\n<meta name=\"twitter:label1\" content=\"Tahmini okuma s\u00fcresi\" \/>\n\t<meta name=\"twitter:data1\" content=\"2 dakika\" \/>\n<script type=\"application\/ld+json\" class=\"yoast-schema-graph\">{\"@context\":\"https:\/\/schema.org\",\"@graph\":[{\"@type\":\"WebPage\",\"@id\":\"https:\/\/strangercam.com\/mnogochat\/\",\"url\":\"https:\/\/strangercam.com\/mnogochat\/\",\"name\":\"Mnogochat - Most Popular Video Chats - Cam on StrangerCam.com\",\"isPartOf\":{\"@id\":\"https:\/\/strangercam.com\/#website\"},\"primaryImageOfPage\":{\"@id\":\"https:\/\/strangercam.com\/mnogochat\/#primaryimage\"},\"image\":{\"@id\":\"https:\/\/strangercam.com\/mnogochat\/#primaryimage\"},\"thumbnailUrl\":\"https:\/\/strangercam.com\/wp-content\/uploads\/2020\/11\/stranger-cam-1.png\",\"datePublished\":\"2021-05-09T12:52:40+00:00\",\"dateModified\":\"2023-08-21T10:24:42+00:00\",\"description\":\"Like Mnogochat? Come chat with more than 5.000.000 strangers on Stranger Cam for Free! Turn on your cam and find new friends & maby a match!\",\"breadcrumb\":{\"@id\":\"https:\/\/strangercam.com\/mnogochat\/#breadcrumb\"},\"inLanguage\":\"tr\",\"potentialAction\":[{\"@type\":\"ReadAction\",\"target\":[\"https:\/\/strangercam.com\/mnogochat\/\"]}]},{\"@type\":\"ImageObject\",\"inLanguage\":\"tr\",\"@id\":\"https:\/\/strangercam.com\/mnogochat\/#primaryimage\",\"url\":\"https:\/\/strangercam.com\/wp-content\/uploads\/2020\/11\/stranger-cam-1.png\",\"contentUrl\":\"https:\/\/strangercam.com\/wp-content\/uploads\/2020\/11\/stranger-cam-1.png\",\"width\":800,\"height\":800,\"caption\":\"stranger cam random video chat\"},{\"@type\":\"BreadcrumbList\",\"@id\":\"https:\/\/strangercam.com\/mnogochat\/#breadcrumb\",\"itemListElement\":[{\"@type\":\"ListItem\",\"position\":1,\"name\":\"Home\",\"item\":\"https:\/\/strangercam.com\/\"},{\"@type\":\"ListItem\",\"position\":2,\"name\":\"Mnogochat\"}]},{\"@type\":\"WebSite\",\"@id\":\"https:\/\/strangercam.com\/#website\",\"url\":\"https:\/\/strangercam.com\/\",\"name\":\"Strangercam\",\"description\":\"Random Video Chat with Strangers\",\"publisher\":{\"@id\":\"https:\/\/strangercam.com\/#organization\"},\"alternateName\":\"Strangercam.com\",\"potentialAction\":[{\"@type\":\"SearchAction\",\"target\":{\"@type\":\"EntryPoint\",\"urlTemplate\":\"https:\/\/strangercam.com\/?s={search_term_string}\"},\"query-input\":{\"@type\":\"PropertyValueSpecification\",\"valueRequired\":true,\"valueName\":\"search_term_string\"}}],\"inLanguage\":\"tr\"},{\"@type\":\"Organization\",\"@id\":\"https:\/\/strangercam.com\/#organization\",\"name\":\"Strangercam\",\"alternateName\":\"Strangercam.com\",\"url\":\"https:\/\/strangercam.com\/\",\"logo\":{\"@type\":\"ImageObject\",\"inLanguage\":\"tr\",\"@id\":\"https:\/\/strangercam.com\/#\/schema\/logo\/image\/\",\"url\":\"https:\/\/strangercam.com\/wp-content\/uploads\/2020\/11\/cropped-new-favicon-black.png\",\"contentUrl\":\"https:\/\/strangercam.com\/wp-content\/uploads\/2020\/11\/cropped-new-favicon-black.png\",\"width\":512,\"height\":512,\"caption\":\"Strangercam\"},\"image\":{\"@id\":\"https:\/\/strangercam.com\/#\/schema\/logo\/image\/\"},\"sameAs\":[\"https:\/\/www.facebook.com\/strangercam\",\"https:\/\/x.com\/strangercamapp\"]}]}<\/script>\n<!-- \/ Yoast SEO plugin. -->","yoast_head_json":{"title":"Mnogochat - En Pop\u00fcler G\u00f6r\u00fcnt\u00fcl\u00fc Sohbetler - StrangerCam.com'da Kamera","description":"Mnogochat'yi be\u011fendiniz mi? Gelin Stranger Cam'de 5.000.000'dan fazla yabanc\u0131yla \u00dccretsiz sohbet edin! Kameran\u0131z\u0131 a\u00e7\u0131n ve yeni arkada\u015flar ve belki bir e\u015fle\u015fme bulun!","robots":{"index":"index","follow":"follow","max-snippet":"max-snippet:-1","max-image-preview":"max-image-preview:large","max-video-preview":"max-video-preview:-1"},"canonical":"https:\/\/strangercam.com\/tr\/mnogochat\/","og_locale":"tr_TR","og_type":"article","og_title":"Mnogochat - Most Popular Video Chats - Cam on StrangerCam.com","og_description":"Like Mnogochat? Come chat with more than 5.000.000 strangers on Stranger Cam for Free! Turn on your cam and find new friends & maby a match!","og_url":"https:\/\/strangercam.com\/tr\/mnogochat\/","og_site_name":"Strangercam","article_publisher":"https:\/\/www.facebook.com\/strangercam","article_modified_time":"2023-08-21T10:24:42+00:00","og_image":[{"width":800,"height":800,"url":"https:\/\/strangercam.com\/wp-content\/uploads\/2020\/11\/stranger-cam-1.png","type":"image\/png"}],"twitter_card":"summary_large_image","twitter_site":"@strangercamapp","twitter_misc":{"Tahmini okuma s\u00fcresi":"2 dakika"},"schema":{"@context":"https:\/\/schema.org","@graph":[{"@type":"WebPage","@id":"https:\/\/strangercam.com\/mnogochat\/","url":"https:\/\/strangercam.com\/mnogochat\/","name":"Mnogochat - En Pop\u00fcler G\u00f6r\u00fcnt\u00fcl\u00fc Sohbetler - StrangerCam.com'da Kamera","isPartOf":{"@id":"https:\/\/strangercam.com\/#website"},"primaryImageOfPage":{"@id":"https:\/\/strangercam.com\/mnogochat\/#primaryimage"},"image":{"@id":"https:\/\/strangercam.com\/mnogochat\/#primaryimage"},"thumbnailUrl":"https:\/\/strangercam.com\/wp-content\/uploads\/2020\/11\/stranger-cam-1.png","datePublished":"2021-05-09T12:52:40+00:00","dateModified":"2023-08-21T10:24:42+00:00","description":"Mnogochat'yi be\u011fendiniz mi? Gelin Stranger Cam'de 5.000.000'dan fazla yabanc\u0131yla \u00dccretsiz sohbet edin! Kameran\u0131z\u0131 a\u00e7\u0131n ve yeni arkada\u015flar ve belki bir e\u015fle\u015fme bulun!","breadcrumb":{"@id":"https:\/\/strangercam.com\/mnogochat\/#breadcrumb"},"inLanguage":"tr","potentialAction":[{"@type":"ReadAction","target":["https:\/\/strangercam.com\/mnogochat\/"]}]},{"@type":"ImageObject","inLanguage":"tr","@id":"https:\/\/strangercam.com\/mnogochat\/#primaryimage","url":"https:\/\/strangercam.com\/wp-content\/uploads\/2020\/11\/stranger-cam-1.png","contentUrl":"https:\/\/strangercam.com\/wp-content\/uploads\/2020\/11\/stranger-cam-1.png","width":800,"height":800,"caption":"stranger cam random video chat"},{"@type":"BreadcrumbList","@id":"https:\/\/strangercam.com\/mnogochat\/#breadcrumb","itemListElement":[{"@type":"ListItem","position":1,"name":"Home","item":"https:\/\/strangercam.com\/"},{"@type":"ListItem","position":2,"name":"Mnogochat"}]},{"@type":"WebSite","@id":"https:\/\/strangercam.com\/#website","url":"https:\/\/strangercam.com\/","name":"Strangercam","description":"Yabanc\u0131larla Rastgele G\u00f6r\u00fcnt\u00fcl\u00fc Sohbet","publisher":{"@id":"https:\/\/strangercam.com\/#organization"},"alternateName":"Strangercam.com","potentialAction":[{"@type":"SearchAction","target":{"@type":"EntryPoint","urlTemplate":"https:\/\/strangercam.com\/?s={search_term_string}"},"query-input":{"@type":"PropertyValueSpecification","valueRequired":true,"valueName":"search_term_string"}}],"inLanguage":"tr"},{"@type":"Organization","@id":"https:\/\/strangercam.com\/#organization","name":"Strangercam","alternateName":"Strangercam.com","url":"https:\/\/strangercam.com\/","logo":{"@type":"ImageObject","inLanguage":"tr","@id":"https:\/\/strangercam.com\/#\/schema\/logo\/image\/","url":"https:\/\/strangercam.com\/wp-content\/uploads\/2020\/11\/cropped-new-favicon-black.png","contentUrl":"https:\/\/strangercam.com\/wp-content\/uploads\/2020\/11\/cropped-new-favicon-black.png","width":512,"height":512,"caption":"Strangercam"},"image":{"@id":"https:\/\/strangercam.com\/#\/schema\/logo\/image\/"},"sameAs":["https:\/\/www.facebook.com\/strangercam","https:\/\/x.com\/strangercamapp"]}]}},"_links":{"self":[{"href":"https:\/\/strangercam.com\/tr\/wp-json\/wp\/v2\/pages\/3104","targetHints":{"allow":["GET"]}}],"collection":[{"href":"https:\/\/strangercam.com\/tr\/wp-json\/wp\/v2\/pages"}],"about":[{"href":"https:\/\/strangercam.com\/tr\/wp-json\/wp\/v2\/types\/page"}],"author":[{"embeddable":true,"href":"https:\/\/strangercam.com\/tr\/wp-json\/wp\/v2\/users\/6"}],"replies":[{"embeddable":true,"href":"https:\/\/strangercam.com\/tr\/wp-json\/wp\/v2\/comments?post=3104"}],"version-history":[{"count":0,"href":"https:\/\/strangercam.com\/tr\/wp-json\/wp\/v2\/pages\/3104\/revisions"}],"wp:featuredmedia":[{"embeddable":true,"href":"https:\/\/strangercam.com\/tr\/wp-json\/wp\/v2\/media\/559"}],"wp:attachment":[{"href":"https:\/\/strangercam.com\/tr\/wp-json\/wp\/v2\/media?parent=3104"}],"curies":[{"name":"wp","href":"https:\/\/api.w.org\/{rel}","templated":true}]}}